{"id":1054,"date":"2026-01-24T22:24:10","date_gmt":"2026-01-24T20:24:10","guid":{"rendered":"https:\/\/www.transtoyou.com\/pl\/product\/invicorp\/"},"modified":"2026-02-12T16:06:32","modified_gmt":"2026-02-12T14:06:32","slug":"invicorp","status":"publish","type":"product","link":"https:\/\/www.transtoyou.com\/pl\/product\/invicorp\/","title":{"rendered":"Invicorp"},"content":{"rendered":"<p>Invicorp to lek stosowany w leczeniu zaburze\u0144 erekcji (ED). Zawiera dwie substancje czynne: awiptadil i fentolamin\u0119, kt\u00f3re wsp\u00f3\u0142dzia\u0142aj\u0105, aby poprawi\u0107 przep\u0142yw krwi do penisa i zmniejszy\u0107 odp\u0142yw krwi. To podw\u00f3jne dzia\u0142anie umo\u017cliwia uzyskanie twardej erekcji odpowiedniej do aktywno\u015bci seksualnej.<\/p>\n<p>Awiptadil to syntetyczna wersja peptydu jelitowego o dzia\u0142aniu naczyniorozszerzaj\u0105cym (VIP), kt\u00f3ry pomaga rozlu\u017ani\u0107 mi\u0119\u015bnie g\u0142adkie i zmniejszy\u0107 odp\u0142yw krwi z penisa. Fentolamina to alfa-bloker, kt\u00f3ry zwi\u0119ksza przep\u0142yw krwi do tkanki pr\u0105cia poprzez rozszerzenie naczy\u0144 krwiono\u015bnych. Razem pomagaj\u0105 osi\u0105gn\u0105\u0107 i utrzyma\u0107 erekcj\u0119, przywracaj\u0105c naturaln\u0105 r\u00f3wnowag\u0119 przep\u0142ywu krwi do i z penisa.<\/p>\n<p>Invicorp jest stosowany u m\u0119\u017cczyzn z zaburzeniami erekcji, szczeg\u00f3lnie u tych, dla kt\u00f3rych inne terapie, takie jak leki doustne, s\u0105 nieskuteczne lub niezalecane. Jest wstrzykiwany bezpo\u015brednio do cia\u0142 jamistych (mi\u0119kka tkanka po obu stronach trzonu penisa). Efekty zazwyczaj zaczynaj\u0105 si\u0119 kr\u00f3tko po wstrzykni\u0119ciu i zazwyczaj trwaj\u0105 nie d\u0142u\u017cej ni\u017c godzin\u0119.<\/p>\n","protected":false},"excerpt":{"rendered":"<ul>\n<li>Szybkie i niezawodne wsparcie erekcji<\/li>\n<li>Dzia\u0142a, gdy doustne leki na ED zawodz\u0105<\/li>\n<li>Wstrzykiwane bezpo\u015brednio do penisa<\/li>\n<\/ul>\n","protected":false},"featured_media":1056,"comment_status":"open","ping_status":"closed","template":"","meta":[],"product_brand":[],"product_cat":[114],"product_tag":[],"expert":[17],"class_list":{"0":"post-1054","1":"product","2":"type-product","3":"status-publish","4":"has-post-thumbnail","6":"product_cat-leczenie-zaburzen-erekcji","7":"expert-dr-c-munoz-parada","9":"first","10":"instock","11":"shipping-taxable","12":"purchasable","13":"product-type-variable"},"yoast_head":"<!-- This site is optimized with the Yoast SEO plugin v27.0 - https:\/\/yoast.com\/product\/yoast-seo-wordpress\/ -->\n<title>Invicorp | Zwi\u0119ksz przep\u0142yw krwi dla ulgi w ED - Transtoyou<\/title>\n<meta name=\"description\" content=\"Odkryj Invicorp na Transtoyou, poprawiaj\u0105c wydajno\u015b\u0107 i pewno\u015b\u0107 siebie. Kup teraz skuteczne rozwi\u0105zanie wspieraj\u0105ce Twoje cele zdrowotne.\" \/>\n<meta name=\"robots\" content=\"noindex, follow, max-snippet:-1, max-image-preview:large, max-video-preview:-1\" \/>\n<meta property=\"og:locale\" content=\"pl_PL\" \/>\n<meta property=\"og:type\" content=\"article\" \/>\n<meta property=\"og:title\" content=\"Invicorp | Zwi\u0119ksz przep\u0142yw krwi dla ulgi w ED - Transtoyou\" \/>\n<meta property=\"og:description\" content=\"Odkryj Invicorp na Transtoyou, poprawiaj\u0105c wydajno\u015b\u0107 i pewno\u015b\u0107 siebie. Kup teraz skuteczne rozwi\u0105zanie wspieraj\u0105ce Twoje cele zdrowotne.\" \/>\n<meta property=\"og:url\" content=\"https:\/\/www.transtoyou.com\/pl\/product\/invicorp\/\" \/>\n<meta property=\"og:site_name\" content=\"Transtoyou - PL\" \/>\n<meta property=\"article:modified_time\" content=\"2026-02-12T14:06:32+00:00\" \/>\n<meta name=\"twitter:card\" content=\"summary_large_image\" \/>\n<meta name=\"twitter:label1\" content=\"Szacowany czas czytania\" \/>\n\t<meta name=\"twitter:data1\" content=\"1 minuta\" \/>\n<script type=\"application\/ld+json\" class=\"yoast-schema-graph\">{\"@context\":\"https:\/\/schema.org\",\"@graph\":[{\"@type\":\"WebPage\",\"@id\":\"https:\/\/www.transtoyou.com\/pl\/product\/invicorp\/\",\"url\":\"https:\/\/www.transtoyou.com\/pl\/product\/invicorp\/\",\"name\":\"Invicorp | Zwi\u0119ksz przep\u0142yw krwi dla ulgi w ED - Transtoyou\",\"isPartOf\":{\"@id\":\"https:\/\/www.transtoyou.com\/pl\/#website\"},\"primaryImageOfPage\":{\"@id\":\"https:\/\/www.transtoyou.com\/pl\/product\/invicorp\/#primaryimage\"},\"image\":{\"@id\":\"https:\/\/www.transtoyou.com\/pl\/product\/invicorp\/#primaryimage\"},\"thumbnailUrl\":\"https:\/\/www.transtoyou.com\/pl\/wp-content\/uploads\/sites\/11\/2026\/01\/tty-no-product-image-115.webp\",\"datePublished\":\"2026-01-24T20:24:10+00:00\",\"dateModified\":\"2026-02-12T14:06:32+00:00\",\"description\":\"Odkryj Invicorp na Transtoyou, poprawiaj\u0105c wydajno\u015b\u0107 i pewno\u015b\u0107 siebie. Kup teraz skuteczne rozwi\u0105zanie wspieraj\u0105ce Twoje cele zdrowotne.\",\"breadcrumb\":{\"@id\":\"https:\/\/www.transtoyou.com\/pl\/product\/invicorp\/#breadcrumb\"},\"inLanguage\":\"pl-PL\",\"potentialAction\":[{\"@type\":\"ReadAction\",\"target\":[\"https:\/\/www.transtoyou.com\/pl\/product\/invicorp\/\"]}]},{\"@type\":\"ImageObject\",\"inLanguage\":\"pl-PL\",\"@id\":\"https:\/\/www.transtoyou.com\/pl\/product\/invicorp\/#primaryimage\",\"url\":\"https:\/\/www.transtoyou.com\/pl\/wp-content\/uploads\/sites\/11\/2026\/01\/tty-no-product-image-115.webp\",\"contentUrl\":\"https:\/\/www.transtoyou.com\/pl\/wp-content\/uploads\/sites\/11\/2026\/01\/tty-no-product-image-115.webp\",\"width\":1000,\"height\":1000,\"caption\":\"Domy\u015blny obraz produktu\"},{\"@type\":\"WebSite\",\"@id\":\"https:\/\/www.transtoyou.com\/pl\/#website\",\"url\":\"https:\/\/www.transtoyou.com\/pl\/\",\"name\":\"Transtoyou - PL\",\"description\":\"\",\"publisher\":{\"@id\":\"https:\/\/www.transtoyou.com\/pl\/#organization\"},\"potentialAction\":[{\"@type\":\"SearchAction\",\"target\":{\"@type\":\"EntryPoint\",\"urlTemplate\":\"https:\/\/www.transtoyou.com\/pl\/?s={search_term_string}\"},\"query-input\":{\"@type\":\"PropertyValueSpecification\",\"valueRequired\":true,\"valueName\":\"search_term_string\"}}],\"inLanguage\":\"pl-PL\"},{\"@type\":\"Organization\",\"@id\":\"https:\/\/www.transtoyou.com\/pl\/#organization\",\"name\":\"Transtoyou - PL\",\"url\":\"https:\/\/www.transtoyou.com\/pl\/\",\"logo\":{\"@type\":\"ImageObject\",\"inLanguage\":\"pl-PL\",\"@id\":\"https:\/\/www.transtoyou.com\/pl\/#\/schema\/logo\/image\/\",\"url\":\"https:\/\/www.transtoyou.com\/pl\/wp-content\/uploads\/sites\/11\/2026\/01\/logo-tty-menu-bar-300x87-1.webp\",\"contentUrl\":\"https:\/\/www.transtoyou.com\/pl\/wp-content\/uploads\/sites\/11\/2026\/01\/logo-tty-menu-bar-300x87-1.webp\",\"width\":300,\"height\":87,\"caption\":\"Transtoyou - PL\"},\"image\":{\"@id\":\"https:\/\/www.transtoyou.com\/pl\/#\/schema\/logo\/image\/\"}}]}<\/script>\n<!-- \/ Yoast SEO plugin. -->","yoast_head_json":{"title":"Invicorp | Zwi\u0119ksz przep\u0142yw krwi dla ulgi w ED - Transtoyou","description":"Odkryj Invicorp na Transtoyou, poprawiaj\u0105c wydajno\u015b\u0107 i pewno\u015b\u0107 siebie. Kup teraz skuteczne rozwi\u0105zanie wspieraj\u0105ce Twoje cele zdrowotne.","robots":{"index":"noindex","follow":"follow","max-snippet":"max-snippet:-1","max-image-preview":"max-image-preview:large","max-video-preview":"max-video-preview:-1"},"og_locale":"pl_PL","og_type":"article","og_title":"Invicorp | Zwi\u0119ksz przep\u0142yw krwi dla ulgi w ED - Transtoyou","og_description":"Odkryj Invicorp na Transtoyou, poprawiaj\u0105c wydajno\u015b\u0107 i pewno\u015b\u0107 siebie. Kup teraz skuteczne rozwi\u0105zanie wspieraj\u0105ce Twoje cele zdrowotne.","og_url":"https:\/\/www.transtoyou.com\/pl\/product\/invicorp\/","og_site_name":"Transtoyou - PL","article_modified_time":"2026-02-12T14:06:32+00:00","twitter_card":"summary_large_image","twitter_misc":{"Szacowany czas czytania":"1 minuta"},"schema":{"@context":"https:\/\/schema.org","@graph":[{"@type":"WebPage","@id":"https:\/\/www.transtoyou.com\/pl\/product\/invicorp\/","url":"https:\/\/www.transtoyou.com\/pl\/product\/invicorp\/","name":"Invicorp | Zwi\u0119ksz przep\u0142yw krwi dla ulgi w ED - Transtoyou","isPartOf":{"@id":"https:\/\/www.transtoyou.com\/pl\/#website"},"primaryImageOfPage":{"@id":"https:\/\/www.transtoyou.com\/pl\/product\/invicorp\/#primaryimage"},"image":{"@id":"https:\/\/www.transtoyou.com\/pl\/product\/invicorp\/#primaryimage"},"thumbnailUrl":"https:\/\/www.transtoyou.com\/pl\/wp-content\/uploads\/sites\/11\/2026\/01\/tty-no-product-image-115.webp","datePublished":"2026-01-24T20:24:10+00:00","dateModified":"2026-02-12T14:06:32+00:00","description":"Odkryj Invicorp na Transtoyou, poprawiaj\u0105c wydajno\u015b\u0107 i pewno\u015b\u0107 siebie. Kup teraz skuteczne rozwi\u0105zanie wspieraj\u0105ce Twoje cele zdrowotne.","breadcrumb":{"@id":"https:\/\/www.transtoyou.com\/pl\/product\/invicorp\/#breadcrumb"},"inLanguage":"pl-PL","potentialAction":[{"@type":"ReadAction","target":["https:\/\/www.transtoyou.com\/pl\/product\/invicorp\/"]}]},{"@type":"ImageObject","inLanguage":"pl-PL","@id":"https:\/\/www.transtoyou.com\/pl\/product\/invicorp\/#primaryimage","url":"https:\/\/www.transtoyou.com\/pl\/wp-content\/uploads\/sites\/11\/2026\/01\/tty-no-product-image-115.webp","contentUrl":"https:\/\/www.transtoyou.com\/pl\/wp-content\/uploads\/sites\/11\/2026\/01\/tty-no-product-image-115.webp","width":1000,"height":1000,"caption":"Domy\u015blny obraz produktu"},{"@type":"WebSite","@id":"https:\/\/www.transtoyou.com\/pl\/#website","url":"https:\/\/www.transtoyou.com\/pl\/","name":"Transtoyou - PL","description":"","publisher":{"@id":"https:\/\/www.transtoyou.com\/pl\/#organization"},"potentialAction":[{"@type":"SearchAction","target":{"@type":"EntryPoint","urlTemplate":"https:\/\/www.transtoyou.com\/pl\/?s={search_term_string}"},"query-input":{"@type":"PropertyValueSpecification","valueRequired":true,"valueName":"search_term_string"}}],"inLanguage":"pl-PL"},{"@type":"Organization","@id":"https:\/\/www.transtoyou.com\/pl\/#organization","name":"Transtoyou - PL","url":"https:\/\/www.transtoyou.com\/pl\/","logo":{"@type":"ImageObject","inLanguage":"pl-PL","@id":"https:\/\/www.transtoyou.com\/pl\/#\/schema\/logo\/image\/","url":"https:\/\/www.transtoyou.com\/pl\/wp-content\/uploads\/sites\/11\/2026\/01\/logo-tty-menu-bar-300x87-1.webp","contentUrl":"https:\/\/www.transtoyou.com\/pl\/wp-content\/uploads\/sites\/11\/2026\/01\/logo-tty-menu-bar-300x87-1.webp","width":300,"height":87,"caption":"Transtoyou - PL"},"image":{"@id":"https:\/\/www.transtoyou.com\/pl\/#\/schema\/logo\/image\/"}}]}},"_links":{"self":[{"href":"https:\/\/www.transtoyou.com\/pl\/wp-json\/wp\/v2\/product\/1054","targetHints":{"allow":["GET"]}}],"collection":[{"href":"https:\/\/www.transtoyou.com\/pl\/wp-json\/wp\/v2\/product"}],"about":[{"href":"https:\/\/www.transtoyou.com\/pl\/wp-json\/wp\/v2\/types\/product"}],"replies":[{"embeddable":true,"href":"https:\/\/www.transtoyou.com\/pl\/wp-json\/wp\/v2\/comments?post=1054"}],"wp:featuredmedia":[{"embeddable":true,"href":"https:\/\/www.transtoyou.com\/pl\/wp-json\/wp\/v2\/media\/1056"}],"wp:attachment":[{"href":"https:\/\/www.transtoyou.com\/pl\/wp-json\/wp\/v2\/media?parent=1054"}],"wp:term":[{"taxonomy":"product_brand","embeddable":true,"href":"https:\/\/www.transtoyou.com\/pl\/wp-json\/wp\/v2\/product_brand?post=1054"},{"taxonomy":"product_cat","embeddable":true,"href":"https:\/\/www.transtoyou.com\/pl\/wp-json\/wp\/v2\/product_cat?post=1054"},{"taxonomy":"product_tag","embeddable":true,"href":"https:\/\/www.transtoyou.com\/pl\/wp-json\/wp\/v2\/product_tag?post=1054"},{"taxonomy":"expert","embeddable":true,"href":"https:\/\/www.transtoyou.com\/pl\/wp-json\/wp\/v2\/expert?post=1054"}],"curies":[{"name":"wp","href":"https:\/\/api.w.org\/{rel}","templated":true}]}}