{"id":1057,"date":"2026-01-24T22:40:03","date_gmt":"2026-01-24T20:40:03","guid":{"rendered":"https:\/\/www.transtoyou.com\/pl\/product\/fortacin\/"},"modified":"2026-01-24T22:41:00","modified_gmt":"2026-01-24T20:41:00","slug":"fortacin","status":"publish","type":"product","link":"https:\/\/www.transtoyou.com\/pl\/product\/fortacin\/","title":{"rendered":"Fortacin"},"content":{"rendered":"<p>Fortacin to spray na recept\u0119 opracowany w celu leczenia przedwczesnego wytrysku u doros\u0142ych m\u0119\u017cczyzn. Zawiera dwa \u015brodki znieczulaj\u0105ce miejscowo, lidokain\u0119 i prylokain\u0119, kt\u00f3re wsp\u00f3\u0142dzia\u0142aj\u0105, aby tymczasowo zmniejszy\u0107 wra\u017cliwo\u015b\u0107 na penisie. Znieczulaj\u0105c powierzchni\u0119, produkt pomaga op\u00f3\u017ani\u0107 wytrysk i poprawi\u0107 kontrol\u0119 podczas aktywno\u015bci seksualnej.<\/p>\n<p>Ten spray aplikuje si\u0119 bezpo\u015brednio na \u017co\u0142\u0105d\u017a penisa przed stosunkiem seksualnym. Szybko si\u0119 wch\u0142ania i zaczyna dzia\u0142a\u0107 w ci\u0105gu kilku minut, oferuj\u0105c \u0142atwe i nieinwazyjne rozwi\u0105zanie dla stanu, kt\u00f3ry mo\u017ce powodowa\u0107 stres emocjonalny i trudno\u015bci w relacjach. Fortacin zosta\u0142 zaprojektowany, aby zachowa\u0107 uczucie przyjemno\u015bci, jednocze\u015bnie wyd\u0142u\u017caj\u0105c czas przed wyst\u0105pieniem wytrysku.<\/p>\n<p>W przeciwie\u0144stwie do lek\u00f3w doustnych, Fortacin dzia\u0142a miejscowo i nie wymaga wch\u0142aniania og\u00f3lnoustrojowego. Czyni to go u\u017cyteczn\u0105 opcj\u0105 dla m\u0119\u017cczyzn, kt\u00f3rzy wol\u0105 unika\u0107 tabletek lub kt\u00f3rzy mog\u0105 nie by\u0107 odpowiednimi kandydatami do leczenia doustnego. Dzi\u0119ki swojemu ukierunkowanemu dzia\u0142aniu i szybkiemu pocz\u0105tku mo\u017ce by\u0107 stosowany w razie potrzeby, oferuj\u0105c elastyczno\u015b\u0107 w zarz\u0105dzaniu objawami.<\/p>\n<p>Wi\u0119kszo\u015b\u0107 m\u0119\u017cczyzn dobrze toleruje spray, chocia\u017c niekt\u00f3rzy mog\u0105 do\u015bwiadczy\u0107 \u0142agodnego podra\u017cnienia sk\u00f3ry, tymczasowego znieczulenia lub zmniejszonej wra\u017cliwo\u015bci. Efekty te zazwyczaj s\u0105 kr\u00f3tkotrwa\u0142e i zmniejszaj\u0105 si\u0119 przy dalszym stosowaniu. Fortacin nie jest \u015brodkiem antykoncepcyjnym i nie chroni przed chorobami przenoszonymi drog\u0105 p\u0142ciow\u0105, dlatego w razie potrzeby nale\u017cy stosowa\u0107 odpowiedni\u0105 ochron\u0119.<\/p>\n","protected":false},"excerpt":{"rendered":"<ul>\n<li>Spray do leczenia przedwczesnego wytrysku<\/li>\n<li>Zawiera lidokain\u0119 i prlokain\u0119<\/li>\n<li>Dzia\u0142anie szybkie z lokalnym efektem<\/li>\n<\/ul>\n","protected":false},"featured_media":1059,"comment_status":"open","ping_status":"closed","template":"","meta":[],"product_brand":[],"product_cat":[155],"product_tag":[],"expert":[16],"class_list":{"0":"post-1057","1":"product","2":"type-product","3":"status-publish","4":"has-post-thumbnail","6":"product_cat-rozwiazania-na-przedwczesny-wytrysk","7":"expert-dr-c-alexandru","9":"first","10":"instock","11":"shipping-taxable","12":"product-type-variable"},"yoast_head":"<!-- This site is optimized with the Yoast SEO plugin v27.0 - https:\/\/yoast.com\/product\/yoast-seo-wordpress\/ -->\n<title>Fortacin | Szybka ulga w przedwczesnym wytrysku - Transtoyou<\/title>\n<meta name=\"description\" content=\"Fortacin dost\u0119pny teraz na Transtoyou, oferuj\u0105cy szybkie ulgi na przedwczesny wytrysk. Odkryj skuteczne rozwi\u0105zania i kupuj z pewno\u015bci\u0105 ju\u017c dzi\u015b.\" \/>\n<meta name=\"robots\" content=\"noindex, follow, max-snippet:-1, max-image-preview:large, max-video-preview:-1\" \/>\n<meta property=\"og:locale\" content=\"pl_PL\" \/>\n<meta property=\"og:type\" content=\"article\" \/>\n<meta property=\"og:title\" content=\"Fortacin | Szybka ulga w przedwczesnym wytrysku - Transtoyou\" \/>\n<meta property=\"og:description\" content=\"Fortacin dost\u0119pny teraz na Transtoyou, oferuj\u0105cy szybkie ulgi na przedwczesny wytrysk. Odkryj skuteczne rozwi\u0105zania i kupuj z pewno\u015bci\u0105 ju\u017c dzi\u015b.\" \/>\n<meta property=\"og:url\" content=\"https:\/\/www.transtoyou.com\/pl\/product\/fortacin\/\" \/>\n<meta property=\"og:site_name\" content=\"Transtoyou - PL\" \/>\n<meta property=\"article:modified_time\" content=\"2026-01-24T20:41:00+00:00\" \/>\n<meta name=\"twitter:card\" content=\"summary_large_image\" \/>\n<meta name=\"twitter:label1\" content=\"Szacowany czas czytania\" \/>\n\t<meta name=\"twitter:data1\" content=\"1 minuta\" \/>\n<script type=\"application\/ld+json\" class=\"yoast-schema-graph\">{\"@context\":\"https:\/\/schema.org\",\"@graph\":[{\"@type\":\"WebPage\",\"@id\":\"https:\/\/www.transtoyou.com\/pl\/product\/fortacin\/\",\"url\":\"https:\/\/www.transtoyou.com\/pl\/product\/fortacin\/\",\"name\":\"Fortacin | Szybka ulga w przedwczesnym wytrysku - Transtoyou\",\"isPartOf\":{\"@id\":\"https:\/\/www.transtoyou.com\/pl\/#website\"},\"primaryImageOfPage\":{\"@id\":\"https:\/\/www.transtoyou.com\/pl\/product\/fortacin\/#primaryimage\"},\"image\":{\"@id\":\"https:\/\/www.transtoyou.com\/pl\/product\/fortacin\/#primaryimage\"},\"thumbnailUrl\":\"https:\/\/www.transtoyou.com\/pl\/wp-content\/uploads\/sites\/11\/2026\/01\/tty-no-product-image-116.webp\",\"datePublished\":\"2026-01-24T20:40:03+00:00\",\"dateModified\":\"2026-01-24T20:41:00+00:00\",\"description\":\"Fortacin dost\u0119pny teraz na Transtoyou, oferuj\u0105cy szybkie ulgi na przedwczesny wytrysk. Odkryj skuteczne rozwi\u0105zania i kupuj z pewno\u015bci\u0105 ju\u017c dzi\u015b.\",\"breadcrumb\":{\"@id\":\"https:\/\/www.transtoyou.com\/pl\/product\/fortacin\/#breadcrumb\"},\"inLanguage\":\"pl-PL\",\"potentialAction\":[{\"@type\":\"ReadAction\",\"target\":[\"https:\/\/www.transtoyou.com\/pl\/product\/fortacin\/\"]}]},{\"@type\":\"ImageObject\",\"inLanguage\":\"pl-PL\",\"@id\":\"https:\/\/www.transtoyou.com\/pl\/product\/fortacin\/#primaryimage\",\"url\":\"https:\/\/www.transtoyou.com\/pl\/wp-content\/uploads\/sites\/11\/2026\/01\/tty-no-product-image-116.webp\",\"contentUrl\":\"https:\/\/www.transtoyou.com\/pl\/wp-content\/uploads\/sites\/11\/2026\/01\/tty-no-product-image-116.webp\",\"width\":1000,\"height\":1000,\"caption\":\"Domy\u015blny obraz produktu\"},{\"@type\":\"WebSite\",\"@id\":\"https:\/\/www.transtoyou.com\/pl\/#website\",\"url\":\"https:\/\/www.transtoyou.com\/pl\/\",\"name\":\"Transtoyou - PL\",\"description\":\"\",\"publisher\":{\"@id\":\"https:\/\/www.transtoyou.com\/pl\/#organization\"},\"potentialAction\":[{\"@type\":\"SearchAction\",\"target\":{\"@type\":\"EntryPoint\",\"urlTemplate\":\"https:\/\/www.transtoyou.com\/pl\/?s={search_term_string}\"},\"query-input\":{\"@type\":\"PropertyValueSpecification\",\"valueRequired\":true,\"valueName\":\"search_term_string\"}}],\"inLanguage\":\"pl-PL\"},{\"@type\":\"Organization\",\"@id\":\"https:\/\/www.transtoyou.com\/pl\/#organization\",\"name\":\"Transtoyou - PL\",\"url\":\"https:\/\/www.transtoyou.com\/pl\/\",\"logo\":{\"@type\":\"ImageObject\",\"inLanguage\":\"pl-PL\",\"@id\":\"https:\/\/www.transtoyou.com\/pl\/#\/schema\/logo\/image\/\",\"url\":\"https:\/\/www.transtoyou.com\/pl\/wp-content\/uploads\/sites\/11\/2026\/01\/logo-tty-menu-bar-300x87-1.webp\",\"contentUrl\":\"https:\/\/www.transtoyou.com\/pl\/wp-content\/uploads\/sites\/11\/2026\/01\/logo-tty-menu-bar-300x87-1.webp\",\"width\":300,\"height\":87,\"caption\":\"Transtoyou - PL\"},\"image\":{\"@id\":\"https:\/\/www.transtoyou.com\/pl\/#\/schema\/logo\/image\/\"}}]}<\/script>\n<!-- \/ Yoast SEO plugin. -->","yoast_head_json":{"title":"Fortacin | Szybka ulga w przedwczesnym wytrysku - Transtoyou","description":"Fortacin dost\u0119pny teraz na Transtoyou, oferuj\u0105cy szybkie ulgi na przedwczesny wytrysk. Odkryj skuteczne rozwi\u0105zania i kupuj z pewno\u015bci\u0105 ju\u017c dzi\u015b.","robots":{"index":"noindex","follow":"follow","max-snippet":"max-snippet:-1","max-image-preview":"max-image-preview:large","max-video-preview":"max-video-preview:-1"},"og_locale":"pl_PL","og_type":"article","og_title":"Fortacin | Szybka ulga w przedwczesnym wytrysku - Transtoyou","og_description":"Fortacin dost\u0119pny teraz na Transtoyou, oferuj\u0105cy szybkie ulgi na przedwczesny wytrysk. Odkryj skuteczne rozwi\u0105zania i kupuj z pewno\u015bci\u0105 ju\u017c dzi\u015b.","og_url":"https:\/\/www.transtoyou.com\/pl\/product\/fortacin\/","og_site_name":"Transtoyou - PL","article_modified_time":"2026-01-24T20:41:00+00:00","twitter_card":"summary_large_image","twitter_misc":{"Szacowany czas czytania":"1 minuta"},"schema":{"@context":"https:\/\/schema.org","@graph":[{"@type":"WebPage","@id":"https:\/\/www.transtoyou.com\/pl\/product\/fortacin\/","url":"https:\/\/www.transtoyou.com\/pl\/product\/fortacin\/","name":"Fortacin | Szybka ulga w przedwczesnym wytrysku - Transtoyou","isPartOf":{"@id":"https:\/\/www.transtoyou.com\/pl\/#website"},"primaryImageOfPage":{"@id":"https:\/\/www.transtoyou.com\/pl\/product\/fortacin\/#primaryimage"},"image":{"@id":"https:\/\/www.transtoyou.com\/pl\/product\/fortacin\/#primaryimage"},"thumbnailUrl":"https:\/\/www.transtoyou.com\/pl\/wp-content\/uploads\/sites\/11\/2026\/01\/tty-no-product-image-116.webp","datePublished":"2026-01-24T20:40:03+00:00","dateModified":"2026-01-24T20:41:00+00:00","description":"Fortacin dost\u0119pny teraz na Transtoyou, oferuj\u0105cy szybkie ulgi na przedwczesny wytrysk. Odkryj skuteczne rozwi\u0105zania i kupuj z pewno\u015bci\u0105 ju\u017c dzi\u015b.","breadcrumb":{"@id":"https:\/\/www.transtoyou.com\/pl\/product\/fortacin\/#breadcrumb"},"inLanguage":"pl-PL","potentialAction":[{"@type":"ReadAction","target":["https:\/\/www.transtoyou.com\/pl\/product\/fortacin\/"]}]},{"@type":"ImageObject","inLanguage":"pl-PL","@id":"https:\/\/www.transtoyou.com\/pl\/product\/fortacin\/#primaryimage","url":"https:\/\/www.transtoyou.com\/pl\/wp-content\/uploads\/sites\/11\/2026\/01\/tty-no-product-image-116.webp","contentUrl":"https:\/\/www.transtoyou.com\/pl\/wp-content\/uploads\/sites\/11\/2026\/01\/tty-no-product-image-116.webp","width":1000,"height":1000,"caption":"Domy\u015blny obraz produktu"},{"@type":"WebSite","@id":"https:\/\/www.transtoyou.com\/pl\/#website","url":"https:\/\/www.transtoyou.com\/pl\/","name":"Transtoyou - PL","description":"","publisher":{"@id":"https:\/\/www.transtoyou.com\/pl\/#organization"},"potentialAction":[{"@type":"SearchAction","target":{"@type":"EntryPoint","urlTemplate":"https:\/\/www.transtoyou.com\/pl\/?s={search_term_string}"},"query-input":{"@type":"PropertyValueSpecification","valueRequired":true,"valueName":"search_term_string"}}],"inLanguage":"pl-PL"},{"@type":"Organization","@id":"https:\/\/www.transtoyou.com\/pl\/#organization","name":"Transtoyou - PL","url":"https:\/\/www.transtoyou.com\/pl\/","logo":{"@type":"ImageObject","inLanguage":"pl-PL","@id":"https:\/\/www.transtoyou.com\/pl\/#\/schema\/logo\/image\/","url":"https:\/\/www.transtoyou.com\/pl\/wp-content\/uploads\/sites\/11\/2026\/01\/logo-tty-menu-bar-300x87-1.webp","contentUrl":"https:\/\/www.transtoyou.com\/pl\/wp-content\/uploads\/sites\/11\/2026\/01\/logo-tty-menu-bar-300x87-1.webp","width":300,"height":87,"caption":"Transtoyou - PL"},"image":{"@id":"https:\/\/www.transtoyou.com\/pl\/#\/schema\/logo\/image\/"}}]}},"_links":{"self":[{"href":"https:\/\/www.transtoyou.com\/pl\/wp-json\/wp\/v2\/product\/1057","targetHints":{"allow":["GET"]}}],"collection":[{"href":"https:\/\/www.transtoyou.com\/pl\/wp-json\/wp\/v2\/product"}],"about":[{"href":"https:\/\/www.transtoyou.com\/pl\/wp-json\/wp\/v2\/types\/product"}],"replies":[{"embeddable":true,"href":"https:\/\/www.transtoyou.com\/pl\/wp-json\/wp\/v2\/comments?post=1057"}],"wp:featuredmedia":[{"embeddable":true,"href":"https:\/\/www.transtoyou.com\/pl\/wp-json\/wp\/v2\/media\/1059"}],"wp:attachment":[{"href":"https:\/\/www.transtoyou.com\/pl\/wp-json\/wp\/v2\/media?parent=1057"}],"wp:term":[{"taxonomy":"product_brand","embeddable":true,"href":"https:\/\/www.transtoyou.com\/pl\/wp-json\/wp\/v2\/product_brand?post=1057"},{"taxonomy":"product_cat","embeddable":true,"href":"https:\/\/www.transtoyou.com\/pl\/wp-json\/wp\/v2\/product_cat?post=1057"},{"taxonomy":"product_tag","embeddable":true,"href":"https:\/\/www.transtoyou.com\/pl\/wp-json\/wp\/v2\/product_tag?post=1057"},{"taxonomy":"expert","embeddable":true,"href":"https:\/\/www.transtoyou.com\/pl\/wp-json\/wp\/v2\/expert?post=1057"}],"curies":[{"name":"wp","href":"https:\/\/api.w.org\/{rel}","templated":true}]}}