{"id":1066,"date":"2026-01-24T23:30:04","date_gmt":"2026-01-24T21:30:04","guid":{"rendered":"https:\/\/www.transtoyou.com\/pl\/product\/diamicron\/"},"modified":"2026-01-24T23:31:20","modified_gmt":"2026-01-24T21:31:20","slug":"diamicron","status":"publish","type":"product","link":"https:\/\/www.transtoyou.com\/pl\/product\/diamicron\/","title":{"rendered":"Diamicron"},"content":{"rendered":"<p>Diamicron to doustny lek nale\u017c\u0105cy do klasy lek\u00f3w sulfonylomocznika. Pomaga w zarz\u0105dzaniu poziomem cukru we krwi u os\u00f3b z cukrzyc\u0105 typu 2. Diamicron dzia\u0142a poprzez stymulacj\u0119 trzustki do uwalniania wi\u0119kszej ilo\u015bci insuliny, hormonu, kt\u00f3ry pomaga obni\u017cy\u0107 poziom glukozy we krwi. To sprawia, \u017ce jest szczeg\u00f3lnie przydatny dla os\u00f3b, kt\u00f3rych organizmy wci\u0105\u017c produkuj\u0105 insulin\u0119, ale nie reaguj\u0105 na ni\u0105 skutecznie.<\/p>\n<p>W cukrzycy typu 2 organizm staje si\u0119 oporny na insulin\u0119 lub nie produkuje jej wystarczaj\u0105co, aby utrzyma\u0107 poziom cukru we krwi pod kontrol\u0105. Diamicron rozwi\u0105zuje ten problem, zach\u0119caj\u0105c do bardziej naturalnego uwalniania insuliny w odpowiedzi na posi\u0142ki, co pomaga zmniejszy\u0107 skoki poziomu cukru we krwi po jedzeniu. W rezultacie odgrywa rol\u0119 w utrzymywaniu stabilnych poziom\u00f3w glukozy we krwi przez ca\u0142y dzie\u0144.<\/p>\n<p>Diamicron zazwyczaj przyjmuje si\u0119 raz dziennie, cz\u0119sto podczas \u015bniadania. Chocia\u017c jest skuteczny, Diamicron mo\u017ce czasami powodowa\u0107 niski poziom cukru we krwi (hipoglikemi\u0119), szczeg\u00f3lnie je\u015bli pomini\u0119to posi\u0142ki lub nagle zwi\u0119kszy\u0142a si\u0119 aktywno\u015b\u0107 fizyczna. Z tego powodu wa\u017cne jest regularne monitorowanie poziomu glukozy i zwracanie uwagi na objawy takie jak dr\u017cenie, pocenie si\u0119, zawroty g\u0142owy czy dezorientacja. Inne mo\u017cliwe skutki uboczne to \u0142agodne dolegliwo\u015bci \u017co\u0142\u0105dkowo-jelitowe lub przyrost masy cia\u0142a.<\/p>\n","protected":false},"excerpt":{"rendered":"<ul>\n<li>Gliklazyda o modyfikowanym uwalnianiu przyjmowana raz dziennie dla stabilnej kontroli cukru<\/li>\n<li>Obni\u017ca HbA1c i chroni nerwy, oczy oraz nerki<\/li>\n<li>Udowodniony profil bezpiecze\u0144stwa z ponad 30-letnim do\u015bwiadczeniem<\/li>\n<\/ul>\n","protected":false},"featured_media":1068,"comment_status":"open","ping_status":"closed","template":"","meta":[],"product_brand":[],"product_cat":[102],"product_tag":[],"expert":[21],"class_list":{"0":"post-1066","1":"product","2":"type-product","3":"status-publish","4":"has-post-thumbnail","6":"product_cat-cukrzyca","7":"expert-dr-m-sharoyko","9":"first","10":"instock","11":"shipping-taxable","12":"product-type-variable"},"yoast_head":"<!-- This site is optimized with the Yoast SEO plugin v27.0 - https:\/\/yoast.com\/product\/yoast-seo-wordpress\/ -->\n<title>Diamicron | Skuteczne zarz\u0105dzanie poziomem cukru we krwi - Transtoyou<\/title>\n<meta name=\"description\" content=\"Zarz\u0105dzaj cukrzyc\u0105 typu 2 z Diamicronem, dost\u0119pnym w Transtoyou. Wspiera wydzielanie insuliny dla stabilnego poziomu cukru. Kup teraz, aby skutecznie kontrolowa\u0107.\" \/>\n<meta name=\"robots\" content=\"noindex, follow, max-snippet:-1, max-image-preview:large, max-video-preview:-1\" \/>\n<meta property=\"og:locale\" content=\"pl_PL\" \/>\n<meta property=\"og:type\" content=\"article\" \/>\n<meta property=\"og:title\" content=\"Diamicron | Skuteczne zarz\u0105dzanie poziomem cukru we krwi - Transtoyou\" \/>\n<meta property=\"og:description\" content=\"Zarz\u0105dzaj cukrzyc\u0105 typu 2 z Diamicronem, dost\u0119pnym w Transtoyou. Wspiera wydzielanie insuliny dla stabilnego poziomu cukru. Kup teraz, aby skutecznie kontrolowa\u0107.\" \/>\n<meta property=\"og:url\" content=\"https:\/\/www.transtoyou.com\/pl\/product\/diamicron\/\" \/>\n<meta property=\"og:site_name\" content=\"Transtoyou - PL\" \/>\n<meta property=\"article:modified_time\" content=\"2026-01-24T21:31:20+00:00\" \/>\n<meta name=\"twitter:card\" content=\"summary_large_image\" \/>\n<meta name=\"twitter:label1\" content=\"Szacowany czas czytania\" \/>\n\t<meta name=\"twitter:data1\" content=\"1 minuta\" \/>\n<script type=\"application\/ld+json\" class=\"yoast-schema-graph\">{\"@context\":\"https:\/\/schema.org\",\"@graph\":[{\"@type\":\"WebPage\",\"@id\":\"https:\/\/www.transtoyou.com\/pl\/product\/diamicron\/\",\"url\":\"https:\/\/www.transtoyou.com\/pl\/product\/diamicron\/\",\"name\":\"Diamicron | Skuteczne zarz\u0105dzanie poziomem cukru we krwi - Transtoyou\",\"isPartOf\":{\"@id\":\"https:\/\/www.transtoyou.com\/pl\/#website\"},\"primaryImageOfPage\":{\"@id\":\"https:\/\/www.transtoyou.com\/pl\/product\/diamicron\/#primaryimage\"},\"image\":{\"@id\":\"https:\/\/www.transtoyou.com\/pl\/product\/diamicron\/#primaryimage\"},\"thumbnailUrl\":\"https:\/\/www.transtoyou.com\/pl\/wp-content\/uploads\/sites\/11\/2026\/01\/tty-no-product-image-119.webp\",\"datePublished\":\"2026-01-24T21:30:04+00:00\",\"dateModified\":\"2026-01-24T21:31:20+00:00\",\"description\":\"Zarz\u0105dzaj cukrzyc\u0105 typu 2 z Diamicronem, dost\u0119pnym w Transtoyou. Wspiera wydzielanie insuliny dla stabilnego poziomu cukru. Kup teraz, aby skutecznie kontrolowa\u0107.\",\"breadcrumb\":{\"@id\":\"https:\/\/www.transtoyou.com\/pl\/product\/diamicron\/#breadcrumb\"},\"inLanguage\":\"pl-PL\",\"potentialAction\":[{\"@type\":\"ReadAction\",\"target\":[\"https:\/\/www.transtoyou.com\/pl\/product\/diamicron\/\"]}]},{\"@type\":\"ImageObject\",\"inLanguage\":\"pl-PL\",\"@id\":\"https:\/\/www.transtoyou.com\/pl\/product\/diamicron\/#primaryimage\",\"url\":\"https:\/\/www.transtoyou.com\/pl\/wp-content\/uploads\/sites\/11\/2026\/01\/tty-no-product-image-119.webp\",\"contentUrl\":\"https:\/\/www.transtoyou.com\/pl\/wp-content\/uploads\/sites\/11\/2026\/01\/tty-no-product-image-119.webp\",\"width\":1000,\"height\":1000,\"caption\":\"Domy\u015blny obraz produktu\"},{\"@type\":\"WebSite\",\"@id\":\"https:\/\/www.transtoyou.com\/pl\/#website\",\"url\":\"https:\/\/www.transtoyou.com\/pl\/\",\"name\":\"Transtoyou - PL\",\"description\":\"\",\"publisher\":{\"@id\":\"https:\/\/www.transtoyou.com\/pl\/#organization\"},\"potentialAction\":[{\"@type\":\"SearchAction\",\"target\":{\"@type\":\"EntryPoint\",\"urlTemplate\":\"https:\/\/www.transtoyou.com\/pl\/?s={search_term_string}\"},\"query-input\":{\"@type\":\"PropertyValueSpecification\",\"valueRequired\":true,\"valueName\":\"search_term_string\"}}],\"inLanguage\":\"pl-PL\"},{\"@type\":\"Organization\",\"@id\":\"https:\/\/www.transtoyou.com\/pl\/#organization\",\"name\":\"Transtoyou - PL\",\"url\":\"https:\/\/www.transtoyou.com\/pl\/\",\"logo\":{\"@type\":\"ImageObject\",\"inLanguage\":\"pl-PL\",\"@id\":\"https:\/\/www.transtoyou.com\/pl\/#\/schema\/logo\/image\/\",\"url\":\"https:\/\/www.transtoyou.com\/pl\/wp-content\/uploads\/sites\/11\/2026\/01\/logo-tty-menu-bar-300x87-1.webp\",\"contentUrl\":\"https:\/\/www.transtoyou.com\/pl\/wp-content\/uploads\/sites\/11\/2026\/01\/logo-tty-menu-bar-300x87-1.webp\",\"width\":300,\"height\":87,\"caption\":\"Transtoyou - PL\"},\"image\":{\"@id\":\"https:\/\/www.transtoyou.com\/pl\/#\/schema\/logo\/image\/\"}}]}<\/script>\n<!-- \/ Yoast SEO plugin. -->","yoast_head_json":{"title":"Diamicron | Skuteczne zarz\u0105dzanie poziomem cukru we krwi - Transtoyou","description":"Zarz\u0105dzaj cukrzyc\u0105 typu 2 z Diamicronem, dost\u0119pnym w Transtoyou. Wspiera wydzielanie insuliny dla stabilnego poziomu cukru. Kup teraz, aby skutecznie kontrolowa\u0107.","robots":{"index":"noindex","follow":"follow","max-snippet":"max-snippet:-1","max-image-preview":"max-image-preview:large","max-video-preview":"max-video-preview:-1"},"og_locale":"pl_PL","og_type":"article","og_title":"Diamicron | Skuteczne zarz\u0105dzanie poziomem cukru we krwi - Transtoyou","og_description":"Zarz\u0105dzaj cukrzyc\u0105 typu 2 z Diamicronem, dost\u0119pnym w Transtoyou. Wspiera wydzielanie insuliny dla stabilnego poziomu cukru. Kup teraz, aby skutecznie kontrolowa\u0107.","og_url":"https:\/\/www.transtoyou.com\/pl\/product\/diamicron\/","og_site_name":"Transtoyou - PL","article_modified_time":"2026-01-24T21:31:20+00:00","twitter_card":"summary_large_image","twitter_misc":{"Szacowany czas czytania":"1 minuta"},"schema":{"@context":"https:\/\/schema.org","@graph":[{"@type":"WebPage","@id":"https:\/\/www.transtoyou.com\/pl\/product\/diamicron\/","url":"https:\/\/www.transtoyou.com\/pl\/product\/diamicron\/","name":"Diamicron | Skuteczne zarz\u0105dzanie poziomem cukru we krwi - Transtoyou","isPartOf":{"@id":"https:\/\/www.transtoyou.com\/pl\/#website"},"primaryImageOfPage":{"@id":"https:\/\/www.transtoyou.com\/pl\/product\/diamicron\/#primaryimage"},"image":{"@id":"https:\/\/www.transtoyou.com\/pl\/product\/diamicron\/#primaryimage"},"thumbnailUrl":"https:\/\/www.transtoyou.com\/pl\/wp-content\/uploads\/sites\/11\/2026\/01\/tty-no-product-image-119.webp","datePublished":"2026-01-24T21:30:04+00:00","dateModified":"2026-01-24T21:31:20+00:00","description":"Zarz\u0105dzaj cukrzyc\u0105 typu 2 z Diamicronem, dost\u0119pnym w Transtoyou. Wspiera wydzielanie insuliny dla stabilnego poziomu cukru. Kup teraz, aby skutecznie kontrolowa\u0107.","breadcrumb":{"@id":"https:\/\/www.transtoyou.com\/pl\/product\/diamicron\/#breadcrumb"},"inLanguage":"pl-PL","potentialAction":[{"@type":"ReadAction","target":["https:\/\/www.transtoyou.com\/pl\/product\/diamicron\/"]}]},{"@type":"ImageObject","inLanguage":"pl-PL","@id":"https:\/\/www.transtoyou.com\/pl\/product\/diamicron\/#primaryimage","url":"https:\/\/www.transtoyou.com\/pl\/wp-content\/uploads\/sites\/11\/2026\/01\/tty-no-product-image-119.webp","contentUrl":"https:\/\/www.transtoyou.com\/pl\/wp-content\/uploads\/sites\/11\/2026\/01\/tty-no-product-image-119.webp","width":1000,"height":1000,"caption":"Domy\u015blny obraz produktu"},{"@type":"WebSite","@id":"https:\/\/www.transtoyou.com\/pl\/#website","url":"https:\/\/www.transtoyou.com\/pl\/","name":"Transtoyou - PL","description":"","publisher":{"@id":"https:\/\/www.transtoyou.com\/pl\/#organization"},"potentialAction":[{"@type":"SearchAction","target":{"@type":"EntryPoint","urlTemplate":"https:\/\/www.transtoyou.com\/pl\/?s={search_term_string}"},"query-input":{"@type":"PropertyValueSpecification","valueRequired":true,"valueName":"search_term_string"}}],"inLanguage":"pl-PL"},{"@type":"Organization","@id":"https:\/\/www.transtoyou.com\/pl\/#organization","name":"Transtoyou - PL","url":"https:\/\/www.transtoyou.com\/pl\/","logo":{"@type":"ImageObject","inLanguage":"pl-PL","@id":"https:\/\/www.transtoyou.com\/pl\/#\/schema\/logo\/image\/","url":"https:\/\/www.transtoyou.com\/pl\/wp-content\/uploads\/sites\/11\/2026\/01\/logo-tty-menu-bar-300x87-1.webp","contentUrl":"https:\/\/www.transtoyou.com\/pl\/wp-content\/uploads\/sites\/11\/2026\/01\/logo-tty-menu-bar-300x87-1.webp","width":300,"height":87,"caption":"Transtoyou - PL"},"image":{"@id":"https:\/\/www.transtoyou.com\/pl\/#\/schema\/logo\/image\/"}}]}},"_links":{"self":[{"href":"https:\/\/www.transtoyou.com\/pl\/wp-json\/wp\/v2\/product\/1066","targetHints":{"allow":["GET"]}}],"collection":[{"href":"https:\/\/www.transtoyou.com\/pl\/wp-json\/wp\/v2\/product"}],"about":[{"href":"https:\/\/www.transtoyou.com\/pl\/wp-json\/wp\/v2\/types\/product"}],"replies":[{"embeddable":true,"href":"https:\/\/www.transtoyou.com\/pl\/wp-json\/wp\/v2\/comments?post=1066"}],"wp:featuredmedia":[{"embeddable":true,"href":"https:\/\/www.transtoyou.com\/pl\/wp-json\/wp\/v2\/media\/1068"}],"wp:attachment":[{"href":"https:\/\/www.transtoyou.com\/pl\/wp-json\/wp\/v2\/media?parent=1066"}],"wp:term":[{"taxonomy":"product_brand","embeddable":true,"href":"https:\/\/www.transtoyou.com\/pl\/wp-json\/wp\/v2\/product_brand?post=1066"},{"taxonomy":"product_cat","embeddable":true,"href":"https:\/\/www.transtoyou.com\/pl\/wp-json\/wp\/v2\/product_cat?post=1066"},{"taxonomy":"product_tag","embeddable":true,"href":"https:\/\/www.transtoyou.com\/pl\/wp-json\/wp\/v2\/product_tag?post=1066"},{"taxonomy":"expert","embeddable":true,"href":"https:\/\/www.transtoyou.com\/pl\/wp-json\/wp\/v2\/expert?post=1066"}],"curies":[{"name":"wp","href":"https:\/\/api.w.org\/{rel}","templated":true}]}}