{"id":1078,"date":"2026-01-25T00:45:27","date_gmt":"2026-01-24T22:45:27","guid":{"rendered":"https:\/\/www.transtoyou.com\/pl\/product\/rifaximin-xifaxan\/"},"modified":"2026-03-02T17:40:57","modified_gmt":"2026-03-02T15:40:57","slug":"rifaksymina-xifaxan","status":"publish","type":"product","link":"https:\/\/www.transtoyou.com\/pl\/product\/rifaksymina-xifaxan\/","title":{"rendered":"Rifaximina (Xifaxan)"},"content":{"rendered":"<p>Rifaximina, powszechnie znana pod nazw\u0105 handlow\u0105 Xifaxan, to antybiotyk stosowany w leczeniu r\u00f3\u017cnych infekcji przewodu pokarmowego, szczeg\u00f3lnie biegunki podr\u00f3\u017cnych spowodowanej przez okre\u015blone bakterie. To, co wyr\u00f3\u017cnia rifaksymn\u0119, to fakt, \u017ce dzia\u0142a niemal wy\u0142\u0105cznie w przewodzie pokarmowym, co oznacza, \u017ce bardzo ma\u0142o leku wch\u0142ania si\u0119 do krwiobiegu. Ta zlokalizowana akcja pomaga celowa\u0107 w infekcj\u0119 u \u017ar\u00f3d\u0142a, minimalizuj\u0105c jednocze\u015bnie skutki w innych cz\u0119\u015bciach cia\u0142a.<\/p>\n<p>Lek jest szczeg\u00f3lnie przydatny w kr\u00f3tkoterminowym \u0142agodzeniu biegunki spowodowanej przez Escherichia Coli, powszechn\u0105 bakteri\u0119 odpowiedzialn\u0105 za biegunk\u0119 podr\u00f3\u017cnych. W przeciwie\u0144stwie do niekt\u00f3rych antybiotyk\u00f3w o szerszym spektrum dzia\u0142ania, rifaksymna jest mniej prawdopodobna, aby zak\u0142\u00f3ca\u0107 r\u00f3wnowag\u0119 flory jelitowej, co mo\u017ce pom\u00f3c w zmniejszeniu ryzyka dalszych problem\u00f3w trawiennych. Zwykle przyjmuje si\u0119 j\u0105 przez kilka dni, zazwyczaj w postaci tabletek, a u\u017cytkownicy mog\u0105 zauwa\u017cy\u0107 popraw\u0119 w ci\u0105gu 24 do 48 godzin po rozpocz\u0119ciu leczenia.<\/p>\n<p>Zwykle jest dobrze tolerowana, chocia\u017c mog\u0105 wyst\u0105pi\u0107 \u0142agodne dzia\u0142ania niepo\u017c\u0105dane, takie jak b\u00f3l g\u0142owy, nudno\u015bci lub skurcze brzucha. Rifaximina jest r\u00f3wnie\u017c stosowana w innych schorzeniach, takich jak zesp\u00f3\u0142 jelita dra\u017cliwego z biegunk\u0105 (IBS-D) oraz w niekt\u00f3rych przypadkach w celu zmniejszenia ryzyka powik\u0142a\u0144 w chorobach w\u0105troby, chocia\u017c te zastosowania s\u0105 bardziej wyspecjalizowane.<\/p>\n","protected":false},"excerpt":{"rendered":"<ul>\n<li>Celuje w biegunk\u0119 bakteryjn\u0105 u \u017ar\u00f3d\u0142a<\/li>\n<li>Minimalne wch\u0142anianie w organizmie<\/li>\n<li>Szybka ulga w przypadku biegunki podr\u00f3\u017cnych<\/li>\n<\/ul>\n","protected":false},"featured_media":1080,"comment_status":"open","ping_status":"closed","template":"","meta":[],"product_brand":[],"product_cat":[106],"product_tag":[],"expert":[16],"class_list":{"0":"post-1078","1":"product","2":"type-product","3":"status-publish","4":"has-post-thumbnail","6":"product_cat-biegunka","7":"expert-dr-c-alexandru","9":"first","10":"instock","11":"shipping-taxable","12":"product-type-variable"},"yoast_head":"<!-- This site is optimized with the Yoast SEO plugin v27.0 - https:\/\/yoast.com\/product\/yoast-seo-wordpress\/ -->\n<title>Rifaximina (Xifaxan) | Celowane Ulg\u0119 w Jelitach - Transtoyou<\/title>\n<meta name=\"description\" content=\"Rifaximina (Xifaxan) dzia\u0142a na bakterie jelitowe, skutecznie \u0142agodz\u0105c objawy biegunki. Znajdziesz j\u0105 tutaj jako wygodne rozwi\u0105zanie problem\u00f3w trawiennych.\" \/>\n<meta name=\"robots\" content=\"noindex, follow, max-snippet:-1, max-image-preview:large, max-video-preview:-1\" \/>\n<meta property=\"og:locale\" content=\"pl_PL\" \/>\n<meta property=\"og:type\" content=\"article\" \/>\n<meta property=\"og:title\" content=\"Rifaximina (Xifaxan) | Celowane Ulg\u0119 w Jelitach - Transtoyou\" \/>\n<meta property=\"og:description\" content=\"Rifaximina (Xifaxan) dzia\u0142a na bakterie jelitowe, skutecznie \u0142agodz\u0105c objawy biegunki. Znajdziesz j\u0105 tutaj jako wygodne rozwi\u0105zanie problem\u00f3w trawiennych.\" \/>\n<meta property=\"og:url\" content=\"https:\/\/www.transtoyou.com\/pl\/product\/rifaximin-xifaxan\/\" \/>\n<meta property=\"og:site_name\" content=\"Transtoyou - PL\" \/>\n<meta property=\"article:modified_time\" content=\"2026-03-02T15:40:57+00:00\" \/>\n<meta name=\"twitter:card\" content=\"summary_large_image\" \/>\n<meta name=\"twitter:label1\" content=\"Szacowany czas czytania\" \/>\n\t<meta name=\"twitter:data1\" content=\"1 minuta\" \/>\n<script type=\"application\/ld+json\" class=\"yoast-schema-graph\">{\"@context\":\"https:\/\/schema.org\",\"@graph\":[{\"@type\":\"WebPage\",\"@id\":\"https:\/\/www.transtoyou.com\/pl\/product\/rifaximin-xifaxan\/\",\"url\":\"https:\/\/www.transtoyou.com\/pl\/product\/rifaximin-xifaxan\/\",\"name\":\"Rifaximina (Xifaxan) | Celowane Ulg\u0119 w Jelitach - Transtoyou\",\"isPartOf\":{\"@id\":\"https:\/\/www.transtoyou.com\/pl\/#website\"},\"primaryImageOfPage\":{\"@id\":\"https:\/\/www.transtoyou.com\/pl\/product\/rifaximin-xifaxan\/#primaryimage\"},\"image\":{\"@id\":\"https:\/\/www.transtoyou.com\/pl\/product\/rifaximin-xifaxan\/#primaryimage\"},\"thumbnailUrl\":\"https:\/\/www.transtoyou.com\/pl\/wp-content\/uploads\/sites\/11\/2026\/01\/tty-no-product-image-123.webp\",\"datePublished\":\"2026-01-24T22:45:27+00:00\",\"dateModified\":\"2026-03-02T15:40:57+00:00\",\"description\":\"Rifaximina (Xifaxan) dzia\u0142a na bakterie jelitowe, skutecznie \u0142agodz\u0105c objawy biegunki. Znajdziesz j\u0105 tutaj jako wygodne rozwi\u0105zanie problem\u00f3w trawiennych.\",\"breadcrumb\":{\"@id\":\"https:\/\/www.transtoyou.com\/pl\/product\/rifaximin-xifaxan\/#breadcrumb\"},\"inLanguage\":\"pl-PL\",\"potentialAction\":[{\"@type\":\"ReadAction\",\"target\":[\"https:\/\/www.transtoyou.com\/pl\/product\/rifaximin-xifaxan\/\"]}]},{\"@type\":\"ImageObject\",\"inLanguage\":\"pl-PL\",\"@id\":\"https:\/\/www.transtoyou.com\/pl\/product\/rifaximin-xifaxan\/#primaryimage\",\"url\":\"https:\/\/www.transtoyou.com\/pl\/wp-content\/uploads\/sites\/11\/2026\/01\/tty-no-product-image-123.webp\",\"contentUrl\":\"https:\/\/www.transtoyou.com\/pl\/wp-content\/uploads\/sites\/11\/2026\/01\/tty-no-product-image-123.webp\",\"width\":1000,\"height\":1000,\"caption\":\"Domy\u015blny obraz produktu\"},{\"@type\":\"WebSite\",\"@id\":\"https:\/\/www.transtoyou.com\/pl\/#website\",\"url\":\"https:\/\/www.transtoyou.com\/pl\/\",\"name\":\"Transtoyou - PL\",\"description\":\"\",\"publisher\":{\"@id\":\"https:\/\/www.transtoyou.com\/pl\/#organization\"},\"potentialAction\":[{\"@type\":\"SearchAction\",\"target\":{\"@type\":\"EntryPoint\",\"urlTemplate\":\"https:\/\/www.transtoyou.com\/pl\/?s={search_term_string}\"},\"query-input\":{\"@type\":\"PropertyValueSpecification\",\"valueRequired\":true,\"valueName\":\"search_term_string\"}}],\"inLanguage\":\"pl-PL\"},{\"@type\":\"Organization\",\"@id\":\"https:\/\/www.transtoyou.com\/pl\/#organization\",\"name\":\"Transtoyou - PL\",\"url\":\"https:\/\/www.transtoyou.com\/pl\/\",\"logo\":{\"@type\":\"ImageObject\",\"inLanguage\":\"pl-PL\",\"@id\":\"https:\/\/www.transtoyou.com\/pl\/#\/schema\/logo\/image\/\",\"url\":\"https:\/\/www.transtoyou.com\/pl\/wp-content\/uploads\/sites\/11\/2026\/01\/logo-tty-menu-bar-300x87-1.webp\",\"contentUrl\":\"https:\/\/www.transtoyou.com\/pl\/wp-content\/uploads\/sites\/11\/2026\/01\/logo-tty-menu-bar-300x87-1.webp\",\"width\":300,\"height\":87,\"caption\":\"Transtoyou - PL\"},\"image\":{\"@id\":\"https:\/\/www.transtoyou.com\/pl\/#\/schema\/logo\/image\/\"}}]}<\/script>\n<!-- \/ Yoast SEO plugin. -->","yoast_head_json":{"title":"Rifaximina (Xifaxan) | Celowane Ulg\u0119 w Jelitach - Transtoyou","description":"Rifaximina (Xifaxan) dzia\u0142a na bakterie jelitowe, skutecznie \u0142agodz\u0105c objawy biegunki. Znajdziesz j\u0105 tutaj jako wygodne rozwi\u0105zanie problem\u00f3w trawiennych.","robots":{"index":"noindex","follow":"follow","max-snippet":"max-snippet:-1","max-image-preview":"max-image-preview:large","max-video-preview":"max-video-preview:-1"},"og_locale":"pl_PL","og_type":"article","og_title":"Rifaximina (Xifaxan) | Celowane Ulg\u0119 w Jelitach - Transtoyou","og_description":"Rifaximina (Xifaxan) dzia\u0142a na bakterie jelitowe, skutecznie \u0142agodz\u0105c objawy biegunki. Znajdziesz j\u0105 tutaj jako wygodne rozwi\u0105zanie problem\u00f3w trawiennych.","og_url":"https:\/\/www.transtoyou.com\/pl\/product\/rifaximin-xifaxan\/","og_site_name":"Transtoyou - PL","article_modified_time":"2026-03-02T15:40:57+00:00","twitter_card":"summary_large_image","twitter_misc":{"Szacowany czas czytania":"1 minuta"},"schema":{"@context":"https:\/\/schema.org","@graph":[{"@type":"WebPage","@id":"https:\/\/www.transtoyou.com\/pl\/product\/rifaximin-xifaxan\/","url":"https:\/\/www.transtoyou.com\/pl\/product\/rifaximin-xifaxan\/","name":"Rifaximina (Xifaxan) | Celowane Ulg\u0119 w Jelitach - Transtoyou","isPartOf":{"@id":"https:\/\/www.transtoyou.com\/pl\/#website"},"primaryImageOfPage":{"@id":"https:\/\/www.transtoyou.com\/pl\/product\/rifaximin-xifaxan\/#primaryimage"},"image":{"@id":"https:\/\/www.transtoyou.com\/pl\/product\/rifaximin-xifaxan\/#primaryimage"},"thumbnailUrl":"https:\/\/www.transtoyou.com\/pl\/wp-content\/uploads\/sites\/11\/2026\/01\/tty-no-product-image-123.webp","datePublished":"2026-01-24T22:45:27+00:00","dateModified":"2026-03-02T15:40:57+00:00","description":"Rifaximina (Xifaxan) dzia\u0142a na bakterie jelitowe, skutecznie \u0142agodz\u0105c objawy biegunki. Znajdziesz j\u0105 tutaj jako wygodne rozwi\u0105zanie problem\u00f3w trawiennych.","breadcrumb":{"@id":"https:\/\/www.transtoyou.com\/pl\/product\/rifaximin-xifaxan\/#breadcrumb"},"inLanguage":"pl-PL","potentialAction":[{"@type":"ReadAction","target":["https:\/\/www.transtoyou.com\/pl\/product\/rifaximin-xifaxan\/"]}]},{"@type":"ImageObject","inLanguage":"pl-PL","@id":"https:\/\/www.transtoyou.com\/pl\/product\/rifaximin-xifaxan\/#primaryimage","url":"https:\/\/www.transtoyou.com\/pl\/wp-content\/uploads\/sites\/11\/2026\/01\/tty-no-product-image-123.webp","contentUrl":"https:\/\/www.transtoyou.com\/pl\/wp-content\/uploads\/sites\/11\/2026\/01\/tty-no-product-image-123.webp","width":1000,"height":1000,"caption":"Domy\u015blny obraz produktu"},{"@type":"WebSite","@id":"https:\/\/www.transtoyou.com\/pl\/#website","url":"https:\/\/www.transtoyou.com\/pl\/","name":"Transtoyou - PL","description":"","publisher":{"@id":"https:\/\/www.transtoyou.com\/pl\/#organization"},"potentialAction":[{"@type":"SearchAction","target":{"@type":"EntryPoint","urlTemplate":"https:\/\/www.transtoyou.com\/pl\/?s={search_term_string}"},"query-input":{"@type":"PropertyValueSpecification","valueRequired":true,"valueName":"search_term_string"}}],"inLanguage":"pl-PL"},{"@type":"Organization","@id":"https:\/\/www.transtoyou.com\/pl\/#organization","name":"Transtoyou - PL","url":"https:\/\/www.transtoyou.com\/pl\/","logo":{"@type":"ImageObject","inLanguage":"pl-PL","@id":"https:\/\/www.transtoyou.com\/pl\/#\/schema\/logo\/image\/","url":"https:\/\/www.transtoyou.com\/pl\/wp-content\/uploads\/sites\/11\/2026\/01\/logo-tty-menu-bar-300x87-1.webp","contentUrl":"https:\/\/www.transtoyou.com\/pl\/wp-content\/uploads\/sites\/11\/2026\/01\/logo-tty-menu-bar-300x87-1.webp","width":300,"height":87,"caption":"Transtoyou - PL"},"image":{"@id":"https:\/\/www.transtoyou.com\/pl\/#\/schema\/logo\/image\/"}}]}},"_links":{"self":[{"href":"https:\/\/www.transtoyou.com\/pl\/wp-json\/wp\/v2\/product\/1078","targetHints":{"allow":["GET"]}}],"collection":[{"href":"https:\/\/www.transtoyou.com\/pl\/wp-json\/wp\/v2\/product"}],"about":[{"href":"https:\/\/www.transtoyou.com\/pl\/wp-json\/wp\/v2\/types\/product"}],"replies":[{"embeddable":true,"href":"https:\/\/www.transtoyou.com\/pl\/wp-json\/wp\/v2\/comments?post=1078"}],"wp:featuredmedia":[{"embeddable":true,"href":"https:\/\/www.transtoyou.com\/pl\/wp-json\/wp\/v2\/media\/1080"}],"wp:attachment":[{"href":"https:\/\/www.transtoyou.com\/pl\/wp-json\/wp\/v2\/media?parent=1078"}],"wp:term":[{"taxonomy":"product_brand","embeddable":true,"href":"https:\/\/www.transtoyou.com\/pl\/wp-json\/wp\/v2\/product_brand?post=1078"},{"taxonomy":"product_cat","embeddable":true,"href":"https:\/\/www.transtoyou.com\/pl\/wp-json\/wp\/v2\/product_cat?post=1078"},{"taxonomy":"product_tag","embeddable":true,"href":"https:\/\/www.transtoyou.com\/pl\/wp-json\/wp\/v2\/product_tag?post=1078"},{"taxonomy":"expert","embeddable":true,"href":"https:\/\/www.transtoyou.com\/pl\/wp-json\/wp\/v2\/expert?post=1078"}],"curies":[{"name":"wp","href":"https:\/\/api.w.org\/{rel}","templated":true}]}}