{"id":1081,"date":"2026-01-25T01:02:13","date_gmt":"2026-01-24T23:02:13","guid":{"rendered":"https:\/\/www.transtoyou.com\/pl\/product\/norlevo-levonelle\/"},"modified":"2026-01-25T01:03:23","modified_gmt":"2026-01-24T23:03:23","slug":"norlevo-levonelle","status":"publish","type":"product","link":"https:\/\/www.transtoyou.com\/pl\/product\/norlevo-levonelle\/","title":{"rendered":"Norlevo (Levonelle)"},"content":{"rendered":"<p>Norlevo, znane r\u00f3wnie\u017c jako Levonelle, to awaryjna pigu\u0142ka antykoncepcyjna (ECP) zaprojektowana w celu zapobiegania ci\u0105\u017cy po niezabezpieczonym stosunku seksualnym lub awarii antykoncepcyjnej (np. p\u0119kni\u0119ta prezerwatywa lub pomini\u0119ta pigu\u0142ka). Zawiera lewonorgestrel, syntetyczny hormon progestagenowy, kt\u00f3ry na\u015bladuje naturalny progesteron w organizmie.<\/p>\n<p>Norlevo dzia\u0142a g\u0142\u00f3wnie poprzez op\u00f3\u017anienie lub zahamowanie owulacji, co oznacza, \u017ce zapobiega uwolnieniu kom\u00f3rki jajowej z jajnika. Bez kom\u00f3rki jajowej zap\u0142odnienie nie mo\u017ce wyst\u0105pi\u0107. Mo\u017ce r\u00f3wnie\u017c zmienia\u0107 \u015bluz szyjkowy i b\u0142on\u0119 \u015bluzow\u0105 macicy, co utrudnia dotarcie plemnik\u00f3w do kom\u00f3rki jajowej lub zagnie\u017cd\u017cenie zap\u0142odnionej kom\u00f3rki jajowej, chocia\u017c jest to mechanizm wt\u00f3rny i mniej dobrze udokumentowany.<\/p>\n<p>Jest najskuteczniejsza, gdy zostanie przyj\u0119ta jak najszybciej, najlepiej w ci\u0105gu 12 godzin, ale mo\u017cna j\u0105 przyj\u0105\u0107 do 72 godzin (3 dni) po niezabezpieczonym seksie. Jej skuteczno\u015b\u0107 maleje im d\u0142u\u017cej trwa op\u00f3\u017anienie.<\/p>\n<p>Norlevo nie przerywa istniej\u0105cej ci\u0105\u017cy i nie jest przeznaczone do regularnego stosowania jako \u015brodek antykoncepcyjny. Nie jest skuteczne, je\u015bli owulacja ju\u017c wyst\u0105pi\u0142a. Nie chroni r\u00f3wnie\u017c przed chorobami przenoszonymi drog\u0105 p\u0142ciow\u0105.<\/p>\n<p>Korzy\u015bci obejmuj\u0105 szerok\u0105 dost\u0119pno\u015b\u0107, \u0142atwo\u015b\u0107 u\u017cycia i dobr\u0105 tolerancj\u0119, szczeg\u00f3lnie gdy jest przyjmowane niezw\u0142ocznie. Dzia\u0142ania niepo\u017c\u0105dane s\u0105 zazwyczaj \u0142agodne i przej\u015bciowe, takie jak nudno\u015bci, b\u00f3l g\u0142owy, wra\u017cliwo\u015b\u0107 piersi, zawroty g\u0142owy lub zmiany w cyklu menstruacyjnym.<\/p>\n","protected":false},"excerpt":{"rendered":"<ul>\n<li>Za\u017cyj w ci\u0105gu 72 godzin<\/li>\n<li>Op\u00f3\u017ania owulacj\u0119<\/li>\n<li>Antykoncepcja awaryjna<\/li>\n<\/ul>\n","protected":false},"featured_media":1082,"comment_status":"open","ping_status":"closed","template":"","meta":[],"product_brand":[],"product_cat":[109],"product_tag":[],"expert":[19],"class_list":{"0":"post-1081","1":"product","2":"type-product","3":"status-publish","4":"has-post-thumbnail","6":"product_cat-antykoncepcja-awaryjna","7":"expert-dr-j-vazquez","9":"first","10":"instock","11":"shipping-taxable","12":"product-type-simple"},"yoast_head":"<!-- This site is optimized with the Yoast SEO plugin v27.0 - https:\/\/yoast.com\/product\/yoast-seo-wordpress\/ -->\n<title>Norlevo (Levonelle) | Szybko dzia\u0142aj\u0105cy ECP - Transtoyou<\/title>\n<meta name=\"description\" content=\"Norlevo (Levonelle) ECP zapobiega ci\u0105\u017cy po niezabezpieczonym seksie. Dost\u0119pne tutaj. Skuteczne do 72 godzin. Kup teraz na Transtoyou.\" \/>\n<meta name=\"robots\" content=\"noindex, follow, max-snippet:-1, max-image-preview:large, max-video-preview:-1\" \/>\n<meta property=\"og:locale\" content=\"pl_PL\" \/>\n<meta property=\"og:type\" content=\"article\" \/>\n<meta property=\"og:title\" content=\"Norlevo (Levonelle) | Szybko dzia\u0142aj\u0105cy ECP - Transtoyou\" \/>\n<meta property=\"og:description\" content=\"Norlevo (Levonelle) ECP zapobiega ci\u0105\u017cy po niezabezpieczonym seksie. Dost\u0119pne tutaj. Skuteczne do 72 godzin. Kup teraz na Transtoyou.\" \/>\n<meta property=\"og:url\" content=\"https:\/\/www.transtoyou.com\/pl\/product\/norlevo-levonelle\/\" \/>\n<meta property=\"og:site_name\" content=\"Transtoyou - PL\" \/>\n<meta property=\"article:modified_time\" content=\"2026-01-24T23:03:23+00:00\" \/>\n<meta name=\"twitter:card\" content=\"summary_large_image\" \/>\n<meta name=\"twitter:label1\" content=\"Szacowany czas czytania\" \/>\n\t<meta name=\"twitter:data1\" content=\"1 minuta\" \/>\n<script type=\"application\/ld+json\" class=\"yoast-schema-graph\">{\"@context\":\"https:\/\/schema.org\",\"@graph\":[{\"@type\":\"WebPage\",\"@id\":\"https:\/\/www.transtoyou.com\/pl\/product\/norlevo-levonelle\/\",\"url\":\"https:\/\/www.transtoyou.com\/pl\/product\/norlevo-levonelle\/\",\"name\":\"Norlevo (Levonelle) | Szybko dzia\u0142aj\u0105cy ECP - Transtoyou\",\"isPartOf\":{\"@id\":\"https:\/\/www.transtoyou.com\/pl\/#website\"},\"primaryImageOfPage\":{\"@id\":\"https:\/\/www.transtoyou.com\/pl\/product\/norlevo-levonelle\/#primaryimage\"},\"image\":{\"@id\":\"https:\/\/www.transtoyou.com\/pl\/product\/norlevo-levonelle\/#primaryimage\"},\"thumbnailUrl\":\"https:\/\/www.transtoyou.com\/pl\/wp-content\/uploads\/sites\/11\/2026\/01\/tty-no-product-image-124.webp\",\"datePublished\":\"2026-01-24T23:02:13+00:00\",\"dateModified\":\"2026-01-24T23:03:23+00:00\",\"description\":\"Norlevo (Levonelle) ECP zapobiega ci\u0105\u017cy po niezabezpieczonym seksie. Dost\u0119pne tutaj. Skuteczne do 72 godzin. Kup teraz na Transtoyou.\",\"breadcrumb\":{\"@id\":\"https:\/\/www.transtoyou.com\/pl\/product\/norlevo-levonelle\/#breadcrumb\"},\"inLanguage\":\"pl-PL\",\"potentialAction\":[{\"@type\":\"ReadAction\",\"target\":[\"https:\/\/www.transtoyou.com\/pl\/product\/norlevo-levonelle\/\"]}]},{\"@type\":\"ImageObject\",\"inLanguage\":\"pl-PL\",\"@id\":\"https:\/\/www.transtoyou.com\/pl\/product\/norlevo-levonelle\/#primaryimage\",\"url\":\"https:\/\/www.transtoyou.com\/pl\/wp-content\/uploads\/sites\/11\/2026\/01\/tty-no-product-image-124.webp\",\"contentUrl\":\"https:\/\/www.transtoyou.com\/pl\/wp-content\/uploads\/sites\/11\/2026\/01\/tty-no-product-image-124.webp\",\"width\":1000,\"height\":1000,\"caption\":\"Domy\u015blny obraz produktu\"},{\"@type\":\"WebSite\",\"@id\":\"https:\/\/www.transtoyou.com\/pl\/#website\",\"url\":\"https:\/\/www.transtoyou.com\/pl\/\",\"name\":\"Transtoyou - PL\",\"description\":\"\",\"publisher\":{\"@id\":\"https:\/\/www.transtoyou.com\/pl\/#organization\"},\"potentialAction\":[{\"@type\":\"SearchAction\",\"target\":{\"@type\":\"EntryPoint\",\"urlTemplate\":\"https:\/\/www.transtoyou.com\/pl\/?s={search_term_string}\"},\"query-input\":{\"@type\":\"PropertyValueSpecification\",\"valueRequired\":true,\"valueName\":\"search_term_string\"}}],\"inLanguage\":\"pl-PL\"},{\"@type\":\"Organization\",\"@id\":\"https:\/\/www.transtoyou.com\/pl\/#organization\",\"name\":\"Transtoyou - PL\",\"url\":\"https:\/\/www.transtoyou.com\/pl\/\",\"logo\":{\"@type\":\"ImageObject\",\"inLanguage\":\"pl-PL\",\"@id\":\"https:\/\/www.transtoyou.com\/pl\/#\/schema\/logo\/image\/\",\"url\":\"https:\/\/www.transtoyou.com\/pl\/wp-content\/uploads\/sites\/11\/2026\/01\/logo-tty-menu-bar-300x87-1.webp\",\"contentUrl\":\"https:\/\/www.transtoyou.com\/pl\/wp-content\/uploads\/sites\/11\/2026\/01\/logo-tty-menu-bar-300x87-1.webp\",\"width\":300,\"height\":87,\"caption\":\"Transtoyou - PL\"},\"image\":{\"@id\":\"https:\/\/www.transtoyou.com\/pl\/#\/schema\/logo\/image\/\"}}]}<\/script>\n<!-- \/ Yoast SEO plugin. -->","yoast_head_json":{"title":"Norlevo (Levonelle) | Szybko dzia\u0142aj\u0105cy ECP - Transtoyou","description":"Norlevo (Levonelle) ECP zapobiega ci\u0105\u017cy po niezabezpieczonym seksie. Dost\u0119pne tutaj. Skuteczne do 72 godzin. Kup teraz na Transtoyou.","robots":{"index":"noindex","follow":"follow","max-snippet":"max-snippet:-1","max-image-preview":"max-image-preview:large","max-video-preview":"max-video-preview:-1"},"og_locale":"pl_PL","og_type":"article","og_title":"Norlevo (Levonelle) | Szybko dzia\u0142aj\u0105cy ECP - Transtoyou","og_description":"Norlevo (Levonelle) ECP zapobiega ci\u0105\u017cy po niezabezpieczonym seksie. Dost\u0119pne tutaj. Skuteczne do 72 godzin. Kup teraz na Transtoyou.","og_url":"https:\/\/www.transtoyou.com\/pl\/product\/norlevo-levonelle\/","og_site_name":"Transtoyou - PL","article_modified_time":"2026-01-24T23:03:23+00:00","twitter_card":"summary_large_image","twitter_misc":{"Szacowany czas czytania":"1 minuta"},"schema":{"@context":"https:\/\/schema.org","@graph":[{"@type":"WebPage","@id":"https:\/\/www.transtoyou.com\/pl\/product\/norlevo-levonelle\/","url":"https:\/\/www.transtoyou.com\/pl\/product\/norlevo-levonelle\/","name":"Norlevo (Levonelle) | Szybko dzia\u0142aj\u0105cy ECP - Transtoyou","isPartOf":{"@id":"https:\/\/www.transtoyou.com\/pl\/#website"},"primaryImageOfPage":{"@id":"https:\/\/www.transtoyou.com\/pl\/product\/norlevo-levonelle\/#primaryimage"},"image":{"@id":"https:\/\/www.transtoyou.com\/pl\/product\/norlevo-levonelle\/#primaryimage"},"thumbnailUrl":"https:\/\/www.transtoyou.com\/pl\/wp-content\/uploads\/sites\/11\/2026\/01\/tty-no-product-image-124.webp","datePublished":"2026-01-24T23:02:13+00:00","dateModified":"2026-01-24T23:03:23+00:00","description":"Norlevo (Levonelle) ECP zapobiega ci\u0105\u017cy po niezabezpieczonym seksie. Dost\u0119pne tutaj. Skuteczne do 72 godzin. Kup teraz na Transtoyou.","breadcrumb":{"@id":"https:\/\/www.transtoyou.com\/pl\/product\/norlevo-levonelle\/#breadcrumb"},"inLanguage":"pl-PL","potentialAction":[{"@type":"ReadAction","target":["https:\/\/www.transtoyou.com\/pl\/product\/norlevo-levonelle\/"]}]},{"@type":"ImageObject","inLanguage":"pl-PL","@id":"https:\/\/www.transtoyou.com\/pl\/product\/norlevo-levonelle\/#primaryimage","url":"https:\/\/www.transtoyou.com\/pl\/wp-content\/uploads\/sites\/11\/2026\/01\/tty-no-product-image-124.webp","contentUrl":"https:\/\/www.transtoyou.com\/pl\/wp-content\/uploads\/sites\/11\/2026\/01\/tty-no-product-image-124.webp","width":1000,"height":1000,"caption":"Domy\u015blny obraz produktu"},{"@type":"WebSite","@id":"https:\/\/www.transtoyou.com\/pl\/#website","url":"https:\/\/www.transtoyou.com\/pl\/","name":"Transtoyou - PL","description":"","publisher":{"@id":"https:\/\/www.transtoyou.com\/pl\/#organization"},"potentialAction":[{"@type":"SearchAction","target":{"@type":"EntryPoint","urlTemplate":"https:\/\/www.transtoyou.com\/pl\/?s={search_term_string}"},"query-input":{"@type":"PropertyValueSpecification","valueRequired":true,"valueName":"search_term_string"}}],"inLanguage":"pl-PL"},{"@type":"Organization","@id":"https:\/\/www.transtoyou.com\/pl\/#organization","name":"Transtoyou - PL","url":"https:\/\/www.transtoyou.com\/pl\/","logo":{"@type":"ImageObject","inLanguage":"pl-PL","@id":"https:\/\/www.transtoyou.com\/pl\/#\/schema\/logo\/image\/","url":"https:\/\/www.transtoyou.com\/pl\/wp-content\/uploads\/sites\/11\/2026\/01\/logo-tty-menu-bar-300x87-1.webp","contentUrl":"https:\/\/www.transtoyou.com\/pl\/wp-content\/uploads\/sites\/11\/2026\/01\/logo-tty-menu-bar-300x87-1.webp","width":300,"height":87,"caption":"Transtoyou - PL"},"image":{"@id":"https:\/\/www.transtoyou.com\/pl\/#\/schema\/logo\/image\/"}}]}},"_links":{"self":[{"href":"https:\/\/www.transtoyou.com\/pl\/wp-json\/wp\/v2\/product\/1081","targetHints":{"allow":["GET"]}}],"collection":[{"href":"https:\/\/www.transtoyou.com\/pl\/wp-json\/wp\/v2\/product"}],"about":[{"href":"https:\/\/www.transtoyou.com\/pl\/wp-json\/wp\/v2\/types\/product"}],"replies":[{"embeddable":true,"href":"https:\/\/www.transtoyou.com\/pl\/wp-json\/wp\/v2\/comments?post=1081"}],"wp:featuredmedia":[{"embeddable":true,"href":"https:\/\/www.transtoyou.com\/pl\/wp-json\/wp\/v2\/media\/1082"}],"wp:attachment":[{"href":"https:\/\/www.transtoyou.com\/pl\/wp-json\/wp\/v2\/media?parent=1081"}],"wp:term":[{"taxonomy":"product_brand","embeddable":true,"href":"https:\/\/www.transtoyou.com\/pl\/wp-json\/wp\/v2\/product_brand?post=1081"},{"taxonomy":"product_cat","embeddable":true,"href":"https:\/\/www.transtoyou.com\/pl\/wp-json\/wp\/v2\/product_cat?post=1081"},{"taxonomy":"product_tag","embeddable":true,"href":"https:\/\/www.transtoyou.com\/pl\/wp-json\/wp\/v2\/product_tag?post=1081"},{"taxonomy":"expert","embeddable":true,"href":"https:\/\/www.transtoyou.com\/pl\/wp-json\/wp\/v2\/expert?post=1081"}],"curies":[{"name":"wp","href":"https:\/\/api.w.org\/{rel}","templated":true}]}}