{"id":1083,"date":"2026-01-25T01:18:51","date_gmt":"2026-01-24T23:18:51","guid":{"rendered":"https:\/\/www.transtoyou.com\/pl\/product\/ellaone\/"},"modified":"2026-01-25T01:19:50","modified_gmt":"2026-01-24T23:19:50","slug":"ellaone","status":"publish","type":"product","link":"https:\/\/www.transtoyou.com\/pl\/product\/ellaone\/","title":{"rendered":"EllaOne"},"content":{"rendered":"<p>EllaOne to hormonalna awaryjna antykoncepcja stosowana w celu zapobiegania niezamierzonym ci\u0105\u017com po niezabezpieczonym stosunku seksualnym lub niepowodzeniu antykoncepcyjnym (np. p\u0119kni\u0119cie prezerwatywy lub pomini\u0119cie tabletek antykoncepcyjnych). Zawiera octan uliprystalu, selektywny modulator receptora progesteronowego (SPRM).<\/p>\n<p>EllaOne dzia\u0142a g\u0142\u00f3wnie poprzez op\u00f3\u017anienie lub zahamowanie owulacji, uwolnienia kom\u00f3rki jajowej z jajnika. Je\u015bli owulacja ju\u017c wyst\u0105pi\u0142a, mo\u017ce by\u0107 nieskuteczna i nie przerywa istniej\u0105cej ci\u0105\u017cy. Ulipristal wi\u0105\u017ce si\u0119 z receptorami progesteronowymi, blokuj\u0105c naturalny hormon progesteron, kt\u00f3ry jest potrzebny do wyst\u0105pienia owulacji.<\/p>\n<p>EllaOne jest najskuteczniejsza, gdy jest przyjmowana jak najszybciej po niezabezpieczonym stosunku, najlepiej w ci\u0105gu 24 godzin, ale mo\u017cna j\u0105 przyj\u0105\u0107 do 120 godzin (5 dni) po. Badania kliniczne pokazuj\u0105, \u017ce pozostaje bardziej skuteczna w ci\u0105gu 5-dniowego okna ni\u017c awaryjne \u015brodki antykoncepcyjne oparte na lewonorgestrelu.<\/p>\n<p>EllaOne nie jest przeznaczona do regularnego stosowania jako antykoncepcja i nie powinna by\u0107 stosowana wi\u0119cej ni\u017c raz w tym samym cyklu menstruacyjnym. Nie chroni przed zaka\u017ceniami przenoszonymi drog\u0105 p\u0142ciow\u0105 (STI). Korzy\u015bci z EllaOne obejmuj\u0105 d\u0142u\u017csze okno skuteczno\u015bci ni\u017c inne awaryjne \u015brodki antykoncepcyjne, wysok\u0105 skuteczno\u015b\u0107 przy szybkim przyj\u0119ciu oraz dobrze tolerowany profil bezpiecze\u0144stwa.<\/p>\n<p>Typowe dzia\u0142ania niepo\u017c\u0105dane mog\u0105 obejmowa\u0107 b\u00f3l g\u0142owy, nudno\u015bci, b\u00f3l brzucha, nieregularno\u015bci menstruacyjne i zm\u0119czenie. Nie powinny jej stosowa\u0107 kobiety, kt\u00f3re s\u0105 ju\u017c w ci\u0105\u017cy, a ostro\u017cno\u015b\u0107 zaleca si\u0119 u os\u00f3b stosuj\u0105cych hormonalne \u015brodki antykoncepcyjne, poniewa\u017c ich skuteczno\u015b\u0107 mo\u017ce by\u0107 tymczasowo zmniejszona po przyj\u0119ciu EllaOne.<\/p>\n","protected":false},"excerpt":{"rendered":"<ul>\n<li>Skuteczny do 5 dni<\/li>\n<li>Op\u00f3\u017ania owulacj\u0119<\/li>\n<li>Do antykoncepcji awaryjnej<\/li>\n<\/ul>\n","protected":false},"featured_media":1084,"comment_status":"open","ping_status":"closed","template":"","meta":[],"product_brand":[],"product_cat":[109],"product_tag":[],"expert":[19],"class_list":{"0":"post-1083","1":"product","2":"type-product","3":"status-publish","4":"has-post-thumbnail","6":"product_cat-antykoncepcja-awaryjna","7":"expert-dr-j-vazquez","9":"first","10":"instock","11":"shipping-taxable","12":"product-type-simple"},"yoast_head":"<!-- This site is optimized with the Yoast SEO plugin v27.0 - https:\/\/yoast.com\/product\/yoast-seo-wordpress\/ -->\n<title>EllaOne | Szybko dzia\u0142aj\u0105cy \u015brodek antykoncepcyjny awaryjny - Transtoyou<\/title>\n<meta name=\"description\" content=\"Kup EllaOne, hormonaln\u0105 antykoncepcj\u0119 awaryjn\u0105 zapobiegaj\u0105c\u0105 nieplanowanej ci\u0105\u017cy. Skuteczna w ci\u0105gu 5 dni po stosunku. Dost\u0119pna teraz.\" \/>\n<meta name=\"robots\" content=\"noindex, follow, max-snippet:-1, max-image-preview:large, max-video-preview:-1\" \/>\n<meta property=\"og:locale\" content=\"pl_PL\" \/>\n<meta property=\"og:type\" content=\"article\" \/>\n<meta property=\"og:title\" content=\"EllaOne | Szybko dzia\u0142aj\u0105cy \u015brodek antykoncepcyjny awaryjny - Transtoyou\" \/>\n<meta property=\"og:description\" content=\"Kup EllaOne, hormonaln\u0105 antykoncepcj\u0119 awaryjn\u0105 zapobiegaj\u0105c\u0105 nieplanowanej ci\u0105\u017cy. Skuteczna w ci\u0105gu 5 dni po stosunku. Dost\u0119pna teraz.\" \/>\n<meta property=\"og:url\" content=\"https:\/\/www.transtoyou.com\/pl\/product\/ellaone\/\" \/>\n<meta property=\"og:site_name\" content=\"Transtoyou - PL\" \/>\n<meta property=\"article:modified_time\" content=\"2026-01-24T23:19:50+00:00\" \/>\n<meta name=\"twitter:card\" content=\"summary_large_image\" \/>\n<meta name=\"twitter:label1\" content=\"Szacowany czas czytania\" \/>\n\t<meta name=\"twitter:data1\" content=\"1 minuta\" \/>\n<script type=\"application\/ld+json\" class=\"yoast-schema-graph\">{\"@context\":\"https:\/\/schema.org\",\"@graph\":[{\"@type\":\"WebPage\",\"@id\":\"https:\/\/www.transtoyou.com\/pl\/product\/ellaone\/\",\"url\":\"https:\/\/www.transtoyou.com\/pl\/product\/ellaone\/\",\"name\":\"EllaOne | Szybko dzia\u0142aj\u0105cy \u015brodek antykoncepcyjny awaryjny - Transtoyou\",\"isPartOf\":{\"@id\":\"https:\/\/www.transtoyou.com\/pl\/#website\"},\"primaryImageOfPage\":{\"@id\":\"https:\/\/www.transtoyou.com\/pl\/product\/ellaone\/#primaryimage\"},\"image\":{\"@id\":\"https:\/\/www.transtoyou.com\/pl\/product\/ellaone\/#primaryimage\"},\"thumbnailUrl\":\"https:\/\/www.transtoyou.com\/pl\/wp-content\/uploads\/sites\/11\/2026\/01\/tty-no-product-image-125.webp\",\"datePublished\":\"2026-01-24T23:18:51+00:00\",\"dateModified\":\"2026-01-24T23:19:50+00:00\",\"description\":\"Kup EllaOne, hormonaln\u0105 antykoncepcj\u0119 awaryjn\u0105 zapobiegaj\u0105c\u0105 nieplanowanej ci\u0105\u017cy. Skuteczna w ci\u0105gu 5 dni po stosunku. Dost\u0119pna teraz.\",\"breadcrumb\":{\"@id\":\"https:\/\/www.transtoyou.com\/pl\/product\/ellaone\/#breadcrumb\"},\"inLanguage\":\"pl-PL\",\"potentialAction\":[{\"@type\":\"ReadAction\",\"target\":[\"https:\/\/www.transtoyou.com\/pl\/product\/ellaone\/\"]}]},{\"@type\":\"ImageObject\",\"inLanguage\":\"pl-PL\",\"@id\":\"https:\/\/www.transtoyou.com\/pl\/product\/ellaone\/#primaryimage\",\"url\":\"https:\/\/www.transtoyou.com\/pl\/wp-content\/uploads\/sites\/11\/2026\/01\/tty-no-product-image-125.webp\",\"contentUrl\":\"https:\/\/www.transtoyou.com\/pl\/wp-content\/uploads\/sites\/11\/2026\/01\/tty-no-product-image-125.webp\",\"width\":1000,\"height\":1000,\"caption\":\"Domy\u015blny obraz produktu\"},{\"@type\":\"WebSite\",\"@id\":\"https:\/\/www.transtoyou.com\/pl\/#website\",\"url\":\"https:\/\/www.transtoyou.com\/pl\/\",\"name\":\"Transtoyou - PL\",\"description\":\"\",\"publisher\":{\"@id\":\"https:\/\/www.transtoyou.com\/pl\/#organization\"},\"potentialAction\":[{\"@type\":\"SearchAction\",\"target\":{\"@type\":\"EntryPoint\",\"urlTemplate\":\"https:\/\/www.transtoyou.com\/pl\/?s={search_term_string}\"},\"query-input\":{\"@type\":\"PropertyValueSpecification\",\"valueRequired\":true,\"valueName\":\"search_term_string\"}}],\"inLanguage\":\"pl-PL\"},{\"@type\":\"Organization\",\"@id\":\"https:\/\/www.transtoyou.com\/pl\/#organization\",\"name\":\"Transtoyou - PL\",\"url\":\"https:\/\/www.transtoyou.com\/pl\/\",\"logo\":{\"@type\":\"ImageObject\",\"inLanguage\":\"pl-PL\",\"@id\":\"https:\/\/www.transtoyou.com\/pl\/#\/schema\/logo\/image\/\",\"url\":\"https:\/\/www.transtoyou.com\/pl\/wp-content\/uploads\/sites\/11\/2026\/01\/logo-tty-menu-bar-300x87-1.webp\",\"contentUrl\":\"https:\/\/www.transtoyou.com\/pl\/wp-content\/uploads\/sites\/11\/2026\/01\/logo-tty-menu-bar-300x87-1.webp\",\"width\":300,\"height\":87,\"caption\":\"Transtoyou - PL\"},\"image\":{\"@id\":\"https:\/\/www.transtoyou.com\/pl\/#\/schema\/logo\/image\/\"}}]}<\/script>\n<!-- \/ Yoast SEO plugin. -->","yoast_head_json":{"title":"EllaOne | Szybko dzia\u0142aj\u0105cy \u015brodek antykoncepcyjny awaryjny - Transtoyou","description":"Kup EllaOne, hormonaln\u0105 antykoncepcj\u0119 awaryjn\u0105 zapobiegaj\u0105c\u0105 nieplanowanej ci\u0105\u017cy. Skuteczna w ci\u0105gu 5 dni po stosunku. Dost\u0119pna teraz.","robots":{"index":"noindex","follow":"follow","max-snippet":"max-snippet:-1","max-image-preview":"max-image-preview:large","max-video-preview":"max-video-preview:-1"},"og_locale":"pl_PL","og_type":"article","og_title":"EllaOne | Szybko dzia\u0142aj\u0105cy \u015brodek antykoncepcyjny awaryjny - Transtoyou","og_description":"Kup EllaOne, hormonaln\u0105 antykoncepcj\u0119 awaryjn\u0105 zapobiegaj\u0105c\u0105 nieplanowanej ci\u0105\u017cy. Skuteczna w ci\u0105gu 5 dni po stosunku. Dost\u0119pna teraz.","og_url":"https:\/\/www.transtoyou.com\/pl\/product\/ellaone\/","og_site_name":"Transtoyou - PL","article_modified_time":"2026-01-24T23:19:50+00:00","twitter_card":"summary_large_image","twitter_misc":{"Szacowany czas czytania":"1 minuta"},"schema":{"@context":"https:\/\/schema.org","@graph":[{"@type":"WebPage","@id":"https:\/\/www.transtoyou.com\/pl\/product\/ellaone\/","url":"https:\/\/www.transtoyou.com\/pl\/product\/ellaone\/","name":"EllaOne | Szybko dzia\u0142aj\u0105cy \u015brodek antykoncepcyjny awaryjny - Transtoyou","isPartOf":{"@id":"https:\/\/www.transtoyou.com\/pl\/#website"},"primaryImageOfPage":{"@id":"https:\/\/www.transtoyou.com\/pl\/product\/ellaone\/#primaryimage"},"image":{"@id":"https:\/\/www.transtoyou.com\/pl\/product\/ellaone\/#primaryimage"},"thumbnailUrl":"https:\/\/www.transtoyou.com\/pl\/wp-content\/uploads\/sites\/11\/2026\/01\/tty-no-product-image-125.webp","datePublished":"2026-01-24T23:18:51+00:00","dateModified":"2026-01-24T23:19:50+00:00","description":"Kup EllaOne, hormonaln\u0105 antykoncepcj\u0119 awaryjn\u0105 zapobiegaj\u0105c\u0105 nieplanowanej ci\u0105\u017cy. Skuteczna w ci\u0105gu 5 dni po stosunku. Dost\u0119pna teraz.","breadcrumb":{"@id":"https:\/\/www.transtoyou.com\/pl\/product\/ellaone\/#breadcrumb"},"inLanguage":"pl-PL","potentialAction":[{"@type":"ReadAction","target":["https:\/\/www.transtoyou.com\/pl\/product\/ellaone\/"]}]},{"@type":"ImageObject","inLanguage":"pl-PL","@id":"https:\/\/www.transtoyou.com\/pl\/product\/ellaone\/#primaryimage","url":"https:\/\/www.transtoyou.com\/pl\/wp-content\/uploads\/sites\/11\/2026\/01\/tty-no-product-image-125.webp","contentUrl":"https:\/\/www.transtoyou.com\/pl\/wp-content\/uploads\/sites\/11\/2026\/01\/tty-no-product-image-125.webp","width":1000,"height":1000,"caption":"Domy\u015blny obraz produktu"},{"@type":"WebSite","@id":"https:\/\/www.transtoyou.com\/pl\/#website","url":"https:\/\/www.transtoyou.com\/pl\/","name":"Transtoyou - PL","description":"","publisher":{"@id":"https:\/\/www.transtoyou.com\/pl\/#organization"},"potentialAction":[{"@type":"SearchAction","target":{"@type":"EntryPoint","urlTemplate":"https:\/\/www.transtoyou.com\/pl\/?s={search_term_string}"},"query-input":{"@type":"PropertyValueSpecification","valueRequired":true,"valueName":"search_term_string"}}],"inLanguage":"pl-PL"},{"@type":"Organization","@id":"https:\/\/www.transtoyou.com\/pl\/#organization","name":"Transtoyou - PL","url":"https:\/\/www.transtoyou.com\/pl\/","logo":{"@type":"ImageObject","inLanguage":"pl-PL","@id":"https:\/\/www.transtoyou.com\/pl\/#\/schema\/logo\/image\/","url":"https:\/\/www.transtoyou.com\/pl\/wp-content\/uploads\/sites\/11\/2026\/01\/logo-tty-menu-bar-300x87-1.webp","contentUrl":"https:\/\/www.transtoyou.com\/pl\/wp-content\/uploads\/sites\/11\/2026\/01\/logo-tty-menu-bar-300x87-1.webp","width":300,"height":87,"caption":"Transtoyou - PL"},"image":{"@id":"https:\/\/www.transtoyou.com\/pl\/#\/schema\/logo\/image\/"}}]}},"_links":{"self":[{"href":"https:\/\/www.transtoyou.com\/pl\/wp-json\/wp\/v2\/product\/1083","targetHints":{"allow":["GET"]}}],"collection":[{"href":"https:\/\/www.transtoyou.com\/pl\/wp-json\/wp\/v2\/product"}],"about":[{"href":"https:\/\/www.transtoyou.com\/pl\/wp-json\/wp\/v2\/types\/product"}],"replies":[{"embeddable":true,"href":"https:\/\/www.transtoyou.com\/pl\/wp-json\/wp\/v2\/comments?post=1083"}],"wp:featuredmedia":[{"embeddable":true,"href":"https:\/\/www.transtoyou.com\/pl\/wp-json\/wp\/v2\/media\/1084"}],"wp:attachment":[{"href":"https:\/\/www.transtoyou.com\/pl\/wp-json\/wp\/v2\/media?parent=1083"}],"wp:term":[{"taxonomy":"product_brand","embeddable":true,"href":"https:\/\/www.transtoyou.com\/pl\/wp-json\/wp\/v2\/product_brand?post=1083"},{"taxonomy":"product_cat","embeddable":true,"href":"https:\/\/www.transtoyou.com\/pl\/wp-json\/wp\/v2\/product_cat?post=1083"},{"taxonomy":"product_tag","embeddable":true,"href":"https:\/\/www.transtoyou.com\/pl\/wp-json\/wp\/v2\/product_tag?post=1083"},{"taxonomy":"expert","embeddable":true,"href":"https:\/\/www.transtoyou.com\/pl\/wp-json\/wp\/v2\/expert?post=1083"}],"curies":[{"name":"wp","href":"https:\/\/api.w.org\/{rel}","templated":true}]}}