{"id":1088,"date":"2026-01-25T01:50:30","date_gmt":"2026-01-24T23:50:30","guid":{"rendered":"https:\/\/www.transtoyou.com\/pl\/product\/postinor\/"},"modified":"2026-01-25T01:51:31","modified_gmt":"2026-01-24T23:51:31","slug":"postinor","status":"publish","type":"product","link":"https:\/\/www.transtoyou.com\/pl\/product\/postinor\/","title":{"rendered":"Postinor"},"content":{"rendered":"<p>Postinor to awaryjna pigu\u0142ka antykoncepcyjna stosowana w celu zapobiegania ci\u0105\u017cy po niezabezpieczonym stosunku seksualnym lub niepowodzeniu antykoncepcyjnym (np. pomini\u0119ta tabletka lub p\u0119kni\u0119cie prezerwatywy). Substancj\u0105 czynn\u0105 jest lewonorgestrel, syntetyczny hormon progestagenowy, kt\u00f3ry na\u015bladuje naturalny progesteron.<\/p>\n<p>Podstawowy mechanizm dzia\u0142ania polega na op\u00f3\u017anieniu lub zahamowaniu owulacji, czyli uwolnienia kom\u00f3rki jajowej z jajnika. Dzi\u0119ki temu Postinor zmniejsza prawdopodobie\u0144stwo zap\u0142odnienia. Mo\u017ce r\u00f3wnie\u017c powodowa\u0107 zmiany w \u015bluzie szyjkowym i b\u0142onie \u015bluzowej macicy, co utrudnia dotarcie plemnik\u00f3w do kom\u00f3rki jajowej lub zagnie\u017cd\u017cenie zap\u0142odnionej kom\u00f3rki jajowej w macicy. Nie przerywa jednak istniej\u0105cej ci\u0105\u017cy i nie ma wp\u0142ywu po zagnie\u017cd\u017ceniu.<\/p>\n<p>Postinor nale\u017cy przyj\u0105\u0107 tak szybko, jak to mo\u017cliwe, po niezabezpieczonym stosunku, najlepiej w ci\u0105gu 12 godzin, a nie p\u00f3\u017aniej ni\u017c w ci\u0105gu 72 godzin (3 dni). Im szybciej zostanie przyj\u0119ty, tym skuteczniejszy jest. Nie jest przeznaczony do regularnego stosowania jako metoda antykoncepcyjna i nie powinien zast\u0119powa\u0107 bie\u017c\u0105cych metod kontroli urodze\u0144. Nie chroni r\u00f3wnie\u017c przed zaka\u017ceniami przenoszonymi drog\u0105 p\u0142ciow\u0105 (STI).<\/p>\n<p>Zalety Postinoru to \u0142atwy dost\u0119p, prosta jednorazowa dawka oraz zazwyczaj \u0142agodne skutki uboczne. Niekt\u00f3rzy u\u017cytkownicy mog\u0105 odczuwa\u0107 nudno\u015bci, zmiany w cyklu menstruacyjnym, wra\u017cliwo\u015b\u0107 piersi, zm\u0119czenie lub dyskomfort w brzuchu. Wi\u0119kszo\u015b\u0107 skutk\u00f3w ubocznych ust\u0119puje w ci\u0105gu kilku dni.<\/p>\n","protected":false},"excerpt":{"rendered":"<ul>\n<li>Przyjmij w ci\u0105gu 72 godzin<\/li>\n<li>Op\u00f3\u017ania owulacj\u0119<\/li>\n<li>Jednodawkowa antykoncepcja awaryjna<\/li>\n<\/ul>\n","protected":false},"featured_media":1089,"comment_status":"open","ping_status":"closed","template":"","meta":[],"product_brand":[],"product_cat":[109],"product_tag":[],"expert":[19],"class_list":{"0":"post-1088","1":"product","2":"type-product","3":"status-publish","4":"has-post-thumbnail","6":"product_cat-antykoncepcja-awaryjna","7":"expert-dr-j-vazquez","9":"first","10":"instock","11":"shipping-taxable","12":"product-type-simple"},"yoast_head":"<!-- This site is optimized with the Yoast SEO plugin v27.0 - https:\/\/yoast.com\/product\/yoast-seo-wordpress\/ -->\n<title>Postinor | Awaryjne rozwi\u0105zanie antykoncepcyjne - Transtoyou<\/title>\n<meta name=\"description\" content=\"Zapobiegaj ci\u0105\u017cy po niezabezpieczonym seksie z Postinor, dost\u0119pnym teraz w Transtoyou. Szybkie dzia\u0142anie w ci\u0105gu 72 godzin zwi\u0119ksza skuteczno\u015b\u0107.\" \/>\n<meta name=\"robots\" content=\"noindex, follow, max-snippet:-1, max-image-preview:large, max-video-preview:-1\" \/>\n<meta property=\"og:locale\" content=\"pl_PL\" \/>\n<meta property=\"og:type\" content=\"article\" \/>\n<meta property=\"og:title\" content=\"Postinor | Awaryjne rozwi\u0105zanie antykoncepcyjne - Transtoyou\" \/>\n<meta property=\"og:description\" content=\"Zapobiegaj ci\u0105\u017cy po niezabezpieczonym seksie z Postinor, dost\u0119pnym teraz w Transtoyou. Szybkie dzia\u0142anie w ci\u0105gu 72 godzin zwi\u0119ksza skuteczno\u015b\u0107.\" \/>\n<meta property=\"og:url\" content=\"https:\/\/www.transtoyou.com\/pl\/product\/postinor\/\" \/>\n<meta property=\"og:site_name\" content=\"Transtoyou - PL\" \/>\n<meta property=\"article:modified_time\" content=\"2026-01-24T23:51:31+00:00\" \/>\n<meta name=\"twitter:card\" content=\"summary_large_image\" \/>\n<meta name=\"twitter:label1\" content=\"Szacowany czas czytania\" \/>\n\t<meta name=\"twitter:data1\" content=\"1 minuta\" \/>\n<script type=\"application\/ld+json\" class=\"yoast-schema-graph\">{\"@context\":\"https:\/\/schema.org\",\"@graph\":[{\"@type\":\"WebPage\",\"@id\":\"https:\/\/www.transtoyou.com\/pl\/product\/postinor\/\",\"url\":\"https:\/\/www.transtoyou.com\/pl\/product\/postinor\/\",\"name\":\"Postinor | Awaryjne rozwi\u0105zanie antykoncepcyjne - Transtoyou\",\"isPartOf\":{\"@id\":\"https:\/\/www.transtoyou.com\/pl\/#website\"},\"primaryImageOfPage\":{\"@id\":\"https:\/\/www.transtoyou.com\/pl\/product\/postinor\/#primaryimage\"},\"image\":{\"@id\":\"https:\/\/www.transtoyou.com\/pl\/product\/postinor\/#primaryimage\"},\"thumbnailUrl\":\"https:\/\/www.transtoyou.com\/pl\/wp-content\/uploads\/sites\/11\/2026\/01\/tty-no-product-image-127.webp\",\"datePublished\":\"2026-01-24T23:50:30+00:00\",\"dateModified\":\"2026-01-24T23:51:31+00:00\",\"description\":\"Zapobiegaj ci\u0105\u017cy po niezabezpieczonym seksie z Postinor, dost\u0119pnym teraz w Transtoyou. Szybkie dzia\u0142anie w ci\u0105gu 72 godzin zwi\u0119ksza skuteczno\u015b\u0107.\",\"breadcrumb\":{\"@id\":\"https:\/\/www.transtoyou.com\/pl\/product\/postinor\/#breadcrumb\"},\"inLanguage\":\"pl-PL\",\"potentialAction\":[{\"@type\":\"ReadAction\",\"target\":[\"https:\/\/www.transtoyou.com\/pl\/product\/postinor\/\"]}]},{\"@type\":\"ImageObject\",\"inLanguage\":\"pl-PL\",\"@id\":\"https:\/\/www.transtoyou.com\/pl\/product\/postinor\/#primaryimage\",\"url\":\"https:\/\/www.transtoyou.com\/pl\/wp-content\/uploads\/sites\/11\/2026\/01\/tty-no-product-image-127.webp\",\"contentUrl\":\"https:\/\/www.transtoyou.com\/pl\/wp-content\/uploads\/sites\/11\/2026\/01\/tty-no-product-image-127.webp\",\"width\":1000,\"height\":1000,\"caption\":\"Domy\u015blny obraz produktu\"},{\"@type\":\"WebSite\",\"@id\":\"https:\/\/www.transtoyou.com\/pl\/#website\",\"url\":\"https:\/\/www.transtoyou.com\/pl\/\",\"name\":\"Transtoyou - PL\",\"description\":\"\",\"publisher\":{\"@id\":\"https:\/\/www.transtoyou.com\/pl\/#organization\"},\"potentialAction\":[{\"@type\":\"SearchAction\",\"target\":{\"@type\":\"EntryPoint\",\"urlTemplate\":\"https:\/\/www.transtoyou.com\/pl\/?s={search_term_string}\"},\"query-input\":{\"@type\":\"PropertyValueSpecification\",\"valueRequired\":true,\"valueName\":\"search_term_string\"}}],\"inLanguage\":\"pl-PL\"},{\"@type\":\"Organization\",\"@id\":\"https:\/\/www.transtoyou.com\/pl\/#organization\",\"name\":\"Transtoyou - PL\",\"url\":\"https:\/\/www.transtoyou.com\/pl\/\",\"logo\":{\"@type\":\"ImageObject\",\"inLanguage\":\"pl-PL\",\"@id\":\"https:\/\/www.transtoyou.com\/pl\/#\/schema\/logo\/image\/\",\"url\":\"https:\/\/www.transtoyou.com\/pl\/wp-content\/uploads\/sites\/11\/2026\/01\/logo-tty-menu-bar-300x87-1.webp\",\"contentUrl\":\"https:\/\/www.transtoyou.com\/pl\/wp-content\/uploads\/sites\/11\/2026\/01\/logo-tty-menu-bar-300x87-1.webp\",\"width\":300,\"height\":87,\"caption\":\"Transtoyou - PL\"},\"image\":{\"@id\":\"https:\/\/www.transtoyou.com\/pl\/#\/schema\/logo\/image\/\"}}]}<\/script>\n<!-- \/ Yoast SEO plugin. -->","yoast_head_json":{"title":"Postinor | Awaryjne rozwi\u0105zanie antykoncepcyjne - Transtoyou","description":"Zapobiegaj ci\u0105\u017cy po niezabezpieczonym seksie z Postinor, dost\u0119pnym teraz w Transtoyou. Szybkie dzia\u0142anie w ci\u0105gu 72 godzin zwi\u0119ksza skuteczno\u015b\u0107.","robots":{"index":"noindex","follow":"follow","max-snippet":"max-snippet:-1","max-image-preview":"max-image-preview:large","max-video-preview":"max-video-preview:-1"},"og_locale":"pl_PL","og_type":"article","og_title":"Postinor | Awaryjne rozwi\u0105zanie antykoncepcyjne - Transtoyou","og_description":"Zapobiegaj ci\u0105\u017cy po niezabezpieczonym seksie z Postinor, dost\u0119pnym teraz w Transtoyou. Szybkie dzia\u0142anie w ci\u0105gu 72 godzin zwi\u0119ksza skuteczno\u015b\u0107.","og_url":"https:\/\/www.transtoyou.com\/pl\/product\/postinor\/","og_site_name":"Transtoyou - PL","article_modified_time":"2026-01-24T23:51:31+00:00","twitter_card":"summary_large_image","twitter_misc":{"Szacowany czas czytania":"1 minuta"},"schema":{"@context":"https:\/\/schema.org","@graph":[{"@type":"WebPage","@id":"https:\/\/www.transtoyou.com\/pl\/product\/postinor\/","url":"https:\/\/www.transtoyou.com\/pl\/product\/postinor\/","name":"Postinor | Awaryjne rozwi\u0105zanie antykoncepcyjne - Transtoyou","isPartOf":{"@id":"https:\/\/www.transtoyou.com\/pl\/#website"},"primaryImageOfPage":{"@id":"https:\/\/www.transtoyou.com\/pl\/product\/postinor\/#primaryimage"},"image":{"@id":"https:\/\/www.transtoyou.com\/pl\/product\/postinor\/#primaryimage"},"thumbnailUrl":"https:\/\/www.transtoyou.com\/pl\/wp-content\/uploads\/sites\/11\/2026\/01\/tty-no-product-image-127.webp","datePublished":"2026-01-24T23:50:30+00:00","dateModified":"2026-01-24T23:51:31+00:00","description":"Zapobiegaj ci\u0105\u017cy po niezabezpieczonym seksie z Postinor, dost\u0119pnym teraz w Transtoyou. Szybkie dzia\u0142anie w ci\u0105gu 72 godzin zwi\u0119ksza skuteczno\u015b\u0107.","breadcrumb":{"@id":"https:\/\/www.transtoyou.com\/pl\/product\/postinor\/#breadcrumb"},"inLanguage":"pl-PL","potentialAction":[{"@type":"ReadAction","target":["https:\/\/www.transtoyou.com\/pl\/product\/postinor\/"]}]},{"@type":"ImageObject","inLanguage":"pl-PL","@id":"https:\/\/www.transtoyou.com\/pl\/product\/postinor\/#primaryimage","url":"https:\/\/www.transtoyou.com\/pl\/wp-content\/uploads\/sites\/11\/2026\/01\/tty-no-product-image-127.webp","contentUrl":"https:\/\/www.transtoyou.com\/pl\/wp-content\/uploads\/sites\/11\/2026\/01\/tty-no-product-image-127.webp","width":1000,"height":1000,"caption":"Domy\u015blny obraz produktu"},{"@type":"WebSite","@id":"https:\/\/www.transtoyou.com\/pl\/#website","url":"https:\/\/www.transtoyou.com\/pl\/","name":"Transtoyou - PL","description":"","publisher":{"@id":"https:\/\/www.transtoyou.com\/pl\/#organization"},"potentialAction":[{"@type":"SearchAction","target":{"@type":"EntryPoint","urlTemplate":"https:\/\/www.transtoyou.com\/pl\/?s={search_term_string}"},"query-input":{"@type":"PropertyValueSpecification","valueRequired":true,"valueName":"search_term_string"}}],"inLanguage":"pl-PL"},{"@type":"Organization","@id":"https:\/\/www.transtoyou.com\/pl\/#organization","name":"Transtoyou - PL","url":"https:\/\/www.transtoyou.com\/pl\/","logo":{"@type":"ImageObject","inLanguage":"pl-PL","@id":"https:\/\/www.transtoyou.com\/pl\/#\/schema\/logo\/image\/","url":"https:\/\/www.transtoyou.com\/pl\/wp-content\/uploads\/sites\/11\/2026\/01\/logo-tty-menu-bar-300x87-1.webp","contentUrl":"https:\/\/www.transtoyou.com\/pl\/wp-content\/uploads\/sites\/11\/2026\/01\/logo-tty-menu-bar-300x87-1.webp","width":300,"height":87,"caption":"Transtoyou - PL"},"image":{"@id":"https:\/\/www.transtoyou.com\/pl\/#\/schema\/logo\/image\/"}}]}},"_links":{"self":[{"href":"https:\/\/www.transtoyou.com\/pl\/wp-json\/wp\/v2\/product\/1088","targetHints":{"allow":["GET"]}}],"collection":[{"href":"https:\/\/www.transtoyou.com\/pl\/wp-json\/wp\/v2\/product"}],"about":[{"href":"https:\/\/www.transtoyou.com\/pl\/wp-json\/wp\/v2\/types\/product"}],"replies":[{"embeddable":true,"href":"https:\/\/www.transtoyou.com\/pl\/wp-json\/wp\/v2\/comments?post=1088"}],"wp:featuredmedia":[{"embeddable":true,"href":"https:\/\/www.transtoyou.com\/pl\/wp-json\/wp\/v2\/media\/1089"}],"wp:attachment":[{"href":"https:\/\/www.transtoyou.com\/pl\/wp-json\/wp\/v2\/media?parent=1088"}],"wp:term":[{"taxonomy":"product_brand","embeddable":true,"href":"https:\/\/www.transtoyou.com\/pl\/wp-json\/wp\/v2\/product_brand?post=1088"},{"taxonomy":"product_cat","embeddable":true,"href":"https:\/\/www.transtoyou.com\/pl\/wp-json\/wp\/v2\/product_cat?post=1088"},{"taxonomy":"product_tag","embeddable":true,"href":"https:\/\/www.transtoyou.com\/pl\/wp-json\/wp\/v2\/product_tag?post=1088"},{"taxonomy":"expert","embeddable":true,"href":"https:\/\/www.transtoyou.com\/pl\/wp-json\/wp\/v2\/expert?post=1088"}],"curies":[{"name":"wp","href":"https:\/\/api.w.org\/{rel}","templated":true}]}}