{"id":1125,"date":"2026-01-25T05:28:07","date_gmt":"2026-01-25T03:28:07","guid":{"rendered":"https:\/\/www.transtoyou.com\/pl\/product\/nystan\/"},"modified":"2026-02-28T13:36:16","modified_gmt":"2026-02-28T11:36:16","slug":"nystan","status":"publish","type":"product","link":"https:\/\/www.transtoyou.com\/pl\/product\/nystan\/","title":{"rendered":"Nystan"},"content":{"rendered":"<p>Nystan, zawieraj\u0105cy substancj\u0119 czynn\u0105 nystatyn\u0119, jest lekiem przeciwgrzybiczym stosowanym w leczeniu infekcji wywo\u0142anych przez Candida, rodzaj dro\u017cd\u017cy, kt\u00f3re cz\u0119sto wp\u0142ywaj\u0105 na sk\u00f3r\u0119 i b\u0142ony \u015bluzowe. Jest szczeg\u00f3lnie skuteczny w leczeniu miejscowych infekcji grzybiczych, takich jak ple\u015bniawki, kandydoza jelitowa i infekcje dro\u017cd\u017cakowe pochwy.<\/p>\n<p>Nystatyna dzia\u0142a poprzez wi\u0105zanie si\u0119 z b\u0142on\u0105 kom\u00f3rkow\u0105 dro\u017cd\u017cy, tworz\u0105c otwory, kt\u00f3re powoduj\u0105 wyciek zawarto\u015bci kom\u00f3rkowej. Ta celowana akcja zabija grzyba i zapobiega dalszemu wzrostowi, pozwalaj\u0105c na gojenie si\u0119 dotkni\u0119tych tkanek i ust\u0105pienie objaw\u00f3w. Poniewa\u017c dzia\u0142a tylko w obszarze, w kt\u00f3rym jest stosowana lub przyjmowana, nystatyna jest uwa\u017cana za leczenie miejscowe i nie jest znacz\u0105co wch\u0142aniana do krwiobiegu.<\/p>\n<p>W przypadku infekcji pochwy, Nystan jest stosowany w celu z\u0142agodzenia sw\u0119dzenia, podra\u017cnienia i nieprawid\u0142owego wydzielania zwi\u0105zanego z ple\u015bniawk\u0105 pochwy.<\/p>\n<p>Nystatyna jest r\u00f3wnie\u017c stosowana w postaci zawiesiny doustnej lub pastylek do ssania w leczeniu doustnych infekcji Candida (ple\u015bniawki), szczeg\u00f3lnie u pacjent\u00f3w stosuj\u0105cych steroidy wziewne, nosz\u0105cych protezy z\u0119bowe lub do\u015bwiadczaj\u0105cych os\u0142abionej odporno\u015bci. Gdy jest przepisywana na kandydoz\u0119 jelitow\u0105, pomaga kontrolowa\u0107 nadmierny wzrost dro\u017cd\u017cy w przewodzie pokarmowym.<\/p>\n<p>Nystan jest zazwyczaj dobrze tolerowany, dzia\u0142ania niepo\u017c\u0105dane s\u0105 rzadkie, ale mog\u0105 obejmowa\u0107 \u0142agodne dyskomforty \u017co\u0142\u0105dkowo-jelitowe lub miejscowe podra\u017cnienia.<\/p>\n","protected":false},"excerpt":{"rendered":"<ul>\n<li>Celuje w lokalny przerost Candida<\/li>\n<li>Delikatne, niesystemowe leczenie przeciwgrzybicze<\/li>\n<li>\u0141agodzi ple\u015bniawki i infekcje dro\u017cd\u017cakowe<\/li>\n<\/ul>\n","protected":false},"featured_media":1127,"comment_status":"open","ping_status":"closed","template":"","meta":[],"product_brand":[],"product_cat":[172,89],"product_tag":[],"expert":[16],"class_list":{"0":"post-1125","1":"product","2":"type-product","3":"status-publish","4":"has-post-thumbnail","6":"product_cat-infekcje-pochwy-i-leki-przeciwgrzybicze","7":"product_cat-kandydoza","8":"expert-dr-c-alexandru","10":"first","11":"instock","12":"shipping-taxable","13":"product-type-variable"},"yoast_head":"<!-- This site is optimized with the Yoast SEO plugin v27.0 - https:\/\/yoast.com\/product\/yoast-seo-wordpress\/ -->\n<title>Nystan | Skuteczne rozwi\u0105zanie przeciwgrzybicze - Transtoyou<\/title>\n<meta name=\"description\" content=\"Nystan leczy infekcje Candida, w tym ple\u015bniawki i grzybice pochwy. Kup teraz, aby uzyska\u0107 skuteczn\u0105 ulg\u0119. Dost\u0119pne w Transtoyou.\" \/>\n<meta name=\"robots\" content=\"noindex, follow, max-snippet:-1, max-image-preview:large, max-video-preview:-1\" \/>\n<meta property=\"og:locale\" content=\"pl_PL\" \/>\n<meta property=\"og:type\" content=\"article\" \/>\n<meta property=\"og:title\" content=\"Nystan | Skuteczne rozwi\u0105zanie przeciwgrzybicze - Transtoyou\" \/>\n<meta property=\"og:description\" content=\"Nystan leczy infekcje Candida, w tym ple\u015bniawki i grzybice pochwy. Kup teraz, aby uzyska\u0107 skuteczn\u0105 ulg\u0119. Dost\u0119pne w Transtoyou.\" \/>\n<meta property=\"og:url\" content=\"https:\/\/www.transtoyou.com\/pl\/product\/nystan\/\" \/>\n<meta property=\"og:site_name\" content=\"Transtoyou - PL\" \/>\n<meta property=\"article:modified_time\" content=\"2026-02-28T11:36:16+00:00\" \/>\n<meta name=\"twitter:card\" content=\"summary_large_image\" \/>\n<meta name=\"twitter:label1\" content=\"Szacowany czas czytania\" \/>\n\t<meta name=\"twitter:data1\" content=\"1 minuta\" \/>\n<script type=\"application\/ld+json\" class=\"yoast-schema-graph\">{\"@context\":\"https:\/\/schema.org\",\"@graph\":[{\"@type\":\"WebPage\",\"@id\":\"https:\/\/www.transtoyou.com\/pl\/product\/nystan\/\",\"url\":\"https:\/\/www.transtoyou.com\/pl\/product\/nystan\/\",\"name\":\"Nystan | Skuteczne rozwi\u0105zanie przeciwgrzybicze - Transtoyou\",\"isPartOf\":{\"@id\":\"https:\/\/www.transtoyou.com\/pl\/#website\"},\"primaryImageOfPage\":{\"@id\":\"https:\/\/www.transtoyou.com\/pl\/product\/nystan\/#primaryimage\"},\"image\":{\"@id\":\"https:\/\/www.transtoyou.com\/pl\/product\/nystan\/#primaryimage\"},\"thumbnailUrl\":\"https:\/\/www.transtoyou.com\/pl\/wp-content\/uploads\/sites\/11\/2026\/01\/tty-no-product-image-140.webp\",\"datePublished\":\"2026-01-25T03:28:07+00:00\",\"dateModified\":\"2026-02-28T11:36:16+00:00\",\"description\":\"Nystan leczy infekcje Candida, w tym ple\u015bniawki i grzybice pochwy. Kup teraz, aby uzyska\u0107 skuteczn\u0105 ulg\u0119. Dost\u0119pne w Transtoyou.\",\"breadcrumb\":{\"@id\":\"https:\/\/www.transtoyou.com\/pl\/product\/nystan\/#breadcrumb\"},\"inLanguage\":\"pl-PL\",\"potentialAction\":[{\"@type\":\"ReadAction\",\"target\":[\"https:\/\/www.transtoyou.com\/pl\/product\/nystan\/\"]}]},{\"@type\":\"ImageObject\",\"inLanguage\":\"pl-PL\",\"@id\":\"https:\/\/www.transtoyou.com\/pl\/product\/nystan\/#primaryimage\",\"url\":\"https:\/\/www.transtoyou.com\/pl\/wp-content\/uploads\/sites\/11\/2026\/01\/tty-no-product-image-140.webp\",\"contentUrl\":\"https:\/\/www.transtoyou.com\/pl\/wp-content\/uploads\/sites\/11\/2026\/01\/tty-no-product-image-140.webp\",\"width\":1000,\"height\":1000,\"caption\":\"Domy\u015blny obraz produktu\"},{\"@type\":\"WebSite\",\"@id\":\"https:\/\/www.transtoyou.com\/pl\/#website\",\"url\":\"https:\/\/www.transtoyou.com\/pl\/\",\"name\":\"Transtoyou - PL\",\"description\":\"\",\"publisher\":{\"@id\":\"https:\/\/www.transtoyou.com\/pl\/#organization\"},\"potentialAction\":[{\"@type\":\"SearchAction\",\"target\":{\"@type\":\"EntryPoint\",\"urlTemplate\":\"https:\/\/www.transtoyou.com\/pl\/?s={search_term_string}\"},\"query-input\":{\"@type\":\"PropertyValueSpecification\",\"valueRequired\":true,\"valueName\":\"search_term_string\"}}],\"inLanguage\":\"pl-PL\"},{\"@type\":\"Organization\",\"@id\":\"https:\/\/www.transtoyou.com\/pl\/#organization\",\"name\":\"Transtoyou - PL\",\"url\":\"https:\/\/www.transtoyou.com\/pl\/\",\"logo\":{\"@type\":\"ImageObject\",\"inLanguage\":\"pl-PL\",\"@id\":\"https:\/\/www.transtoyou.com\/pl\/#\/schema\/logo\/image\/\",\"url\":\"https:\/\/www.transtoyou.com\/pl\/wp-content\/uploads\/sites\/11\/2026\/01\/logo-tty-menu-bar-300x87-1.webp\",\"contentUrl\":\"https:\/\/www.transtoyou.com\/pl\/wp-content\/uploads\/sites\/11\/2026\/01\/logo-tty-menu-bar-300x87-1.webp\",\"width\":300,\"height\":87,\"caption\":\"Transtoyou - PL\"},\"image\":{\"@id\":\"https:\/\/www.transtoyou.com\/pl\/#\/schema\/logo\/image\/\"}}]}<\/script>\n<!-- \/ Yoast SEO plugin. -->","yoast_head_json":{"title":"Nystan | Skuteczne rozwi\u0105zanie przeciwgrzybicze - Transtoyou","description":"Nystan leczy infekcje Candida, w tym ple\u015bniawki i grzybice pochwy. Kup teraz, aby uzyska\u0107 skuteczn\u0105 ulg\u0119. Dost\u0119pne w Transtoyou.","robots":{"index":"noindex","follow":"follow","max-snippet":"max-snippet:-1","max-image-preview":"max-image-preview:large","max-video-preview":"max-video-preview:-1"},"og_locale":"pl_PL","og_type":"article","og_title":"Nystan | Skuteczne rozwi\u0105zanie przeciwgrzybicze - Transtoyou","og_description":"Nystan leczy infekcje Candida, w tym ple\u015bniawki i grzybice pochwy. Kup teraz, aby uzyska\u0107 skuteczn\u0105 ulg\u0119. Dost\u0119pne w Transtoyou.","og_url":"https:\/\/www.transtoyou.com\/pl\/product\/nystan\/","og_site_name":"Transtoyou - PL","article_modified_time":"2026-02-28T11:36:16+00:00","twitter_card":"summary_large_image","twitter_misc":{"Szacowany czas czytania":"1 minuta"},"schema":{"@context":"https:\/\/schema.org","@graph":[{"@type":"WebPage","@id":"https:\/\/www.transtoyou.com\/pl\/product\/nystan\/","url":"https:\/\/www.transtoyou.com\/pl\/product\/nystan\/","name":"Nystan | Skuteczne rozwi\u0105zanie przeciwgrzybicze - Transtoyou","isPartOf":{"@id":"https:\/\/www.transtoyou.com\/pl\/#website"},"primaryImageOfPage":{"@id":"https:\/\/www.transtoyou.com\/pl\/product\/nystan\/#primaryimage"},"image":{"@id":"https:\/\/www.transtoyou.com\/pl\/product\/nystan\/#primaryimage"},"thumbnailUrl":"https:\/\/www.transtoyou.com\/pl\/wp-content\/uploads\/sites\/11\/2026\/01\/tty-no-product-image-140.webp","datePublished":"2026-01-25T03:28:07+00:00","dateModified":"2026-02-28T11:36:16+00:00","description":"Nystan leczy infekcje Candida, w tym ple\u015bniawki i grzybice pochwy. Kup teraz, aby uzyska\u0107 skuteczn\u0105 ulg\u0119. Dost\u0119pne w Transtoyou.","breadcrumb":{"@id":"https:\/\/www.transtoyou.com\/pl\/product\/nystan\/#breadcrumb"},"inLanguage":"pl-PL","potentialAction":[{"@type":"ReadAction","target":["https:\/\/www.transtoyou.com\/pl\/product\/nystan\/"]}]},{"@type":"ImageObject","inLanguage":"pl-PL","@id":"https:\/\/www.transtoyou.com\/pl\/product\/nystan\/#primaryimage","url":"https:\/\/www.transtoyou.com\/pl\/wp-content\/uploads\/sites\/11\/2026\/01\/tty-no-product-image-140.webp","contentUrl":"https:\/\/www.transtoyou.com\/pl\/wp-content\/uploads\/sites\/11\/2026\/01\/tty-no-product-image-140.webp","width":1000,"height":1000,"caption":"Domy\u015blny obraz produktu"},{"@type":"WebSite","@id":"https:\/\/www.transtoyou.com\/pl\/#website","url":"https:\/\/www.transtoyou.com\/pl\/","name":"Transtoyou - PL","description":"","publisher":{"@id":"https:\/\/www.transtoyou.com\/pl\/#organization"},"potentialAction":[{"@type":"SearchAction","target":{"@type":"EntryPoint","urlTemplate":"https:\/\/www.transtoyou.com\/pl\/?s={search_term_string}"},"query-input":{"@type":"PropertyValueSpecification","valueRequired":true,"valueName":"search_term_string"}}],"inLanguage":"pl-PL"},{"@type":"Organization","@id":"https:\/\/www.transtoyou.com\/pl\/#organization","name":"Transtoyou - PL","url":"https:\/\/www.transtoyou.com\/pl\/","logo":{"@type":"ImageObject","inLanguage":"pl-PL","@id":"https:\/\/www.transtoyou.com\/pl\/#\/schema\/logo\/image\/","url":"https:\/\/www.transtoyou.com\/pl\/wp-content\/uploads\/sites\/11\/2026\/01\/logo-tty-menu-bar-300x87-1.webp","contentUrl":"https:\/\/www.transtoyou.com\/pl\/wp-content\/uploads\/sites\/11\/2026\/01\/logo-tty-menu-bar-300x87-1.webp","width":300,"height":87,"caption":"Transtoyou - PL"},"image":{"@id":"https:\/\/www.transtoyou.com\/pl\/#\/schema\/logo\/image\/"}}]}},"_links":{"self":[{"href":"https:\/\/www.transtoyou.com\/pl\/wp-json\/wp\/v2\/product\/1125","targetHints":{"allow":["GET"]}}],"collection":[{"href":"https:\/\/www.transtoyou.com\/pl\/wp-json\/wp\/v2\/product"}],"about":[{"href":"https:\/\/www.transtoyou.com\/pl\/wp-json\/wp\/v2\/types\/product"}],"replies":[{"embeddable":true,"href":"https:\/\/www.transtoyou.com\/pl\/wp-json\/wp\/v2\/comments?post=1125"}],"wp:featuredmedia":[{"embeddable":true,"href":"https:\/\/www.transtoyou.com\/pl\/wp-json\/wp\/v2\/media\/1127"}],"wp:attachment":[{"href":"https:\/\/www.transtoyou.com\/pl\/wp-json\/wp\/v2\/media?parent=1125"}],"wp:term":[{"taxonomy":"product_brand","embeddable":true,"href":"https:\/\/www.transtoyou.com\/pl\/wp-json\/wp\/v2\/product_brand?post=1125"},{"taxonomy":"product_cat","embeddable":true,"href":"https:\/\/www.transtoyou.com\/pl\/wp-json\/wp\/v2\/product_cat?post=1125"},{"taxonomy":"product_tag","embeddable":true,"href":"https:\/\/www.transtoyou.com\/pl\/wp-json\/wp\/v2\/product_tag?post=1125"},{"taxonomy":"expert","embeddable":true,"href":"https:\/\/www.transtoyou.com\/pl\/wp-json\/wp\/v2\/expert?post=1125"}],"curies":[{"name":"wp","href":"https:\/\/api.w.org\/{rel}","templated":true}]}}