{"id":1161,"date":"2026-01-25T09:10:13","date_gmt":"2026-01-25T07:10:13","guid":{"rendered":"https:\/\/www.transtoyou.com\/pl\/product\/clindamycin\/"},"modified":"2026-01-25T09:11:40","modified_gmt":"2026-01-25T07:11:40","slug":"klindamycyna","status":"publish","type":"product","link":"https:\/\/www.transtoyou.com\/pl\/product\/klindamycyna\/","title":{"rendered":"Klindamycyna"},"content":{"rendered":"<p class=\"p1\">Klindamycyna to powszechnie stosowany antybiotyk, kt\u00f3ry leczy infekcje bakteryjne poprzez zatrzymanie wzrostu bakterii. Jest cz\u0119sto przepisywana na infekcje sk\u00f3ry i tkanek mi\u0119kkich, a szczeg\u00f3lnie skuteczna, gdy infekcja wi\u0105\u017ce si\u0119 z zapaleniem, zaczerwienieniem i obrz\u0119kiem. Dzia\u0142aj\u0105c na bakterie odpowiedzialne za infekcj\u0119, klindamycyna wspomaga organizm w powrocie do zdrowia i zapobiega rozprzestrzenianiu si\u0119 szkodliwych mikroorganizm\u00f3w.<\/p>\n<p class=\"p1\">Jednym z jej najcz\u0119stszych zastosowa\u0144 jest leczenie tr\u0105dziku. W tym kontek\u015bcie klindamycyna pomaga zmniejszy\u0107 liczb\u0119 bakterii wywo\u0142uj\u0105cych wypryski oraz \u0142agodzi otaczaj\u0105ce zapalenie, kt\u00f3re powoduje zaczerwienienie i obrz\u0119k. Jest szczeg\u00f3lnie pomocna w przypadku uporczywego lub zapalnego tr\u0105dziku, gdy sk\u00f3ra jest podra\u017cniona lub wra\u017cliwa. Przy regularnym stosowaniu klindamycyna mo\u017ce pom\u00f3c zmniejszy\u0107 zar\u00f3wno cz\u0119stotliwo\u015b\u0107, jak i nasilenie nawrot\u00f3w.<\/p>\n<p class=\"p1\">Klindamycyna jest r\u00f3wnie\u017c stosowana w przypadku bakteryjnych infekcji sk\u00f3ry, takich jak zaka\u017cone rany, czyraki i zapalone mieszki w\u0142osowe. Jej w\u0142a\u015bciwo\u015bci antybakteryjne i przeciwzapalne sprawiaj\u0105, \u017ce jest wiarygodn\u0105 opcj\u0105 leczenia dla szerokiego zakresu \u0142agodnych do umiarkowanych infekcji sk\u00f3rnych. Zmniejszenie obci\u0105\u017cenia bakteryjnego na sk\u00f3rze mo\u017ce r\u00f3wnie\u017c pom\u00f3c innym zabiegom sk\u00f3rnym dzia\u0142a\u0107 skuteczniej.<\/p>\n<p class=\"p1\">Leczenie zazwyczaj zaczyna przynosi\u0107 rezultaty w ci\u0105gu kilku dni do kilku tygodni, w zale\u017cno\u015bci od nasilenia infekcji. Wa\u017cne jest, aby kontynuowa\u0107 pe\u0142ny kurs zgodnie z zaleceniami, nawet je\u015bli objawy poprawi\u0105 si\u0119 wcze\u015bniej, aby zapobiec oporno\u015bci bakterii lub nawrotom.<\/p>\n<p class=\"p1\">\u0141agodne skutki uboczne, takie jak podra\u017cnienie sk\u00f3ry czy dyskomfort trawienny, mog\u0105 wyst\u0105pi\u0107, ale zazwyczaj s\u0105 tymczasowe. Klindamycyna nie jest odpowiednia dla wszystkich, szczeg\u00f3lnie dla os\u00f3b z histori\u0105 problem\u00f3w jelitowych zwi\u0105zanych z antybiotykami.<\/p>\n","protected":false},"excerpt":{"rendered":"<ul>\n<li>Szerokie dzia\u0142anie przeciwko wielu bakteriom<\/li>\n<li>Dost\u0119pny w formach doustnych, miejscowych i dopochwowych<\/li>\n<li>Pomaga zmniejszy\u0107 stan zapalny w tr\u0105dziku<\/li>\n<\/ul>\n","protected":false},"featured_media":1163,"comment_status":"open","ping_status":"closed","template":"","meta":[],"product_brand":[],"product_cat":[79,73],"product_tag":[],"expert":[18],"class_list":{"0":"post-1161","1":"product","2":"type-product","3":"status-publish","4":"has-post-thumbnail","6":"product_cat-antybiotyki-i-infekcje","7":"product_cat-tradzik","8":"expert-dr-g-varbanov","10":"first","11":"instock","12":"shipping-taxable","13":"purchasable","14":"product-type-variable"},"yoast_head":"<!-- This site is optimized with the Yoast SEO plugin v27.0 - https:\/\/yoast.com\/product\/yoast-seo-wordpress\/ -->\n<title>Clindamycin | Clear Skin, Confident You - Transtoyou<\/title>\n<meta name=\"description\" content=\"Explore Clindamycin for effective acne treatment. Shop now at Transtoyou for reliable relief from bacterial skin infections.\" \/>\n<meta name=\"robots\" content=\"noindex, follow, max-snippet:-1, max-image-preview:large, max-video-preview:-1\" \/>\n<meta property=\"og:locale\" content=\"pl_PL\" \/>\n<meta property=\"og:type\" content=\"article\" \/>\n<meta property=\"og:title\" content=\"Clindamycin | Clear Skin, Confident You - Transtoyou\" \/>\n<meta property=\"og:description\" content=\"Explore Clindamycin for effective acne treatment. Shop now at Transtoyou for reliable relief from bacterial skin infections.\" \/>\n<meta property=\"og:url\" content=\"https:\/\/www.transtoyou.com\/pl\/product\/clindamycin\/\" \/>\n<meta property=\"og:site_name\" content=\"Transtoyou - PL\" \/>\n<meta property=\"article:modified_time\" content=\"2026-01-25T07:11:40+00:00\" \/>\n<meta name=\"twitter:card\" content=\"summary_large_image\" \/>\n<meta name=\"twitter:label1\" content=\"Szacowany czas czytania\" \/>\n\t<meta name=\"twitter:data1\" content=\"1 minuta\" \/>\n<script type=\"application\/ld+json\" class=\"yoast-schema-graph\">{\"@context\":\"https:\/\/schema.org\",\"@graph\":[{\"@type\":\"WebPage\",\"@id\":\"https:\/\/www.transtoyou.com\/pl\/product\/clindamycin\/\",\"url\":\"https:\/\/www.transtoyou.com\/pl\/product\/clindamycin\/\",\"name\":\"Clindamycin | Clear Skin, Confident You - Transtoyou\",\"isPartOf\":{\"@id\":\"https:\/\/www.transtoyou.com\/pl\/#website\"},\"primaryImageOfPage\":{\"@id\":\"https:\/\/www.transtoyou.com\/pl\/product\/clindamycin\/#primaryimage\"},\"image\":{\"@id\":\"https:\/\/www.transtoyou.com\/pl\/product\/clindamycin\/#primaryimage\"},\"thumbnailUrl\":\"https:\/\/www.transtoyou.com\/pl\/wp-content\/uploads\/sites\/11\/2026\/01\/tty-no-product-image-152.webp\",\"datePublished\":\"2026-01-25T07:10:13+00:00\",\"dateModified\":\"2026-01-25T07:11:40+00:00\",\"description\":\"Explore Clindamycin for effective acne treatment. Shop now at Transtoyou for reliable relief from bacterial skin infections.\",\"breadcrumb\":{\"@id\":\"https:\/\/www.transtoyou.com\/pl\/product\/clindamycin\/#breadcrumb\"},\"inLanguage\":\"pl-PL\",\"potentialAction\":[{\"@type\":\"ReadAction\",\"target\":[\"https:\/\/www.transtoyou.com\/pl\/product\/clindamycin\/\"]}]},{\"@type\":\"ImageObject\",\"inLanguage\":\"pl-PL\",\"@id\":\"https:\/\/www.transtoyou.com\/pl\/product\/clindamycin\/#primaryimage\",\"url\":\"https:\/\/www.transtoyou.com\/pl\/wp-content\/uploads\/sites\/11\/2026\/01\/tty-no-product-image-152.webp\",\"contentUrl\":\"https:\/\/www.transtoyou.com\/pl\/wp-content\/uploads\/sites\/11\/2026\/01\/tty-no-product-image-152.webp\",\"width\":1000,\"height\":1000,\"caption\":\"Domy\u015blny obraz produktu\"},{\"@type\":\"WebSite\",\"@id\":\"https:\/\/www.transtoyou.com\/pl\/#website\",\"url\":\"https:\/\/www.transtoyou.com\/pl\/\",\"name\":\"Transtoyou - PL\",\"description\":\"\",\"publisher\":{\"@id\":\"https:\/\/www.transtoyou.com\/pl\/#organization\"},\"potentialAction\":[{\"@type\":\"SearchAction\",\"target\":{\"@type\":\"EntryPoint\",\"urlTemplate\":\"https:\/\/www.transtoyou.com\/pl\/?s={search_term_string}\"},\"query-input\":{\"@type\":\"PropertyValueSpecification\",\"valueRequired\":true,\"valueName\":\"search_term_string\"}}],\"inLanguage\":\"pl-PL\"},{\"@type\":\"Organization\",\"@id\":\"https:\/\/www.transtoyou.com\/pl\/#organization\",\"name\":\"Transtoyou - PL\",\"url\":\"https:\/\/www.transtoyou.com\/pl\/\",\"logo\":{\"@type\":\"ImageObject\",\"inLanguage\":\"pl-PL\",\"@id\":\"https:\/\/www.transtoyou.com\/pl\/#\/schema\/logo\/image\/\",\"url\":\"https:\/\/www.transtoyou.com\/pl\/wp-content\/uploads\/sites\/11\/2026\/01\/logo-tty-menu-bar-300x87-1.webp\",\"contentUrl\":\"https:\/\/www.transtoyou.com\/pl\/wp-content\/uploads\/sites\/11\/2026\/01\/logo-tty-menu-bar-300x87-1.webp\",\"width\":300,\"height\":87,\"caption\":\"Transtoyou - PL\"},\"image\":{\"@id\":\"https:\/\/www.transtoyou.com\/pl\/#\/schema\/logo\/image\/\"}}]}<\/script>\n<!-- \/ Yoast SEO plugin. -->","yoast_head_json":{"title":"Clindamycin | Clear Skin, Confident You - Transtoyou","description":"Explore Clindamycin for effective acne treatment. Shop now at Transtoyou for reliable relief from bacterial skin infections.","robots":{"index":"noindex","follow":"follow","max-snippet":"max-snippet:-1","max-image-preview":"max-image-preview:large","max-video-preview":"max-video-preview:-1"},"og_locale":"pl_PL","og_type":"article","og_title":"Clindamycin | Clear Skin, Confident You - Transtoyou","og_description":"Explore Clindamycin for effective acne treatment. Shop now at Transtoyou for reliable relief from bacterial skin infections.","og_url":"https:\/\/www.transtoyou.com\/pl\/product\/clindamycin\/","og_site_name":"Transtoyou - PL","article_modified_time":"2026-01-25T07:11:40+00:00","twitter_card":"summary_large_image","twitter_misc":{"Szacowany czas czytania":"1 minuta"},"schema":{"@context":"https:\/\/schema.org","@graph":[{"@type":"WebPage","@id":"https:\/\/www.transtoyou.com\/pl\/product\/clindamycin\/","url":"https:\/\/www.transtoyou.com\/pl\/product\/clindamycin\/","name":"Clindamycin | Clear Skin, Confident You - Transtoyou","isPartOf":{"@id":"https:\/\/www.transtoyou.com\/pl\/#website"},"primaryImageOfPage":{"@id":"https:\/\/www.transtoyou.com\/pl\/product\/clindamycin\/#primaryimage"},"image":{"@id":"https:\/\/www.transtoyou.com\/pl\/product\/clindamycin\/#primaryimage"},"thumbnailUrl":"https:\/\/www.transtoyou.com\/pl\/wp-content\/uploads\/sites\/11\/2026\/01\/tty-no-product-image-152.webp","datePublished":"2026-01-25T07:10:13+00:00","dateModified":"2026-01-25T07:11:40+00:00","description":"Explore Clindamycin for effective acne treatment. Shop now at Transtoyou for reliable relief from bacterial skin infections.","breadcrumb":{"@id":"https:\/\/www.transtoyou.com\/pl\/product\/clindamycin\/#breadcrumb"},"inLanguage":"pl-PL","potentialAction":[{"@type":"ReadAction","target":["https:\/\/www.transtoyou.com\/pl\/product\/clindamycin\/"]}]},{"@type":"ImageObject","inLanguage":"pl-PL","@id":"https:\/\/www.transtoyou.com\/pl\/product\/clindamycin\/#primaryimage","url":"https:\/\/www.transtoyou.com\/pl\/wp-content\/uploads\/sites\/11\/2026\/01\/tty-no-product-image-152.webp","contentUrl":"https:\/\/www.transtoyou.com\/pl\/wp-content\/uploads\/sites\/11\/2026\/01\/tty-no-product-image-152.webp","width":1000,"height":1000,"caption":"Domy\u015blny obraz produktu"},{"@type":"WebSite","@id":"https:\/\/www.transtoyou.com\/pl\/#website","url":"https:\/\/www.transtoyou.com\/pl\/","name":"Transtoyou - PL","description":"","publisher":{"@id":"https:\/\/www.transtoyou.com\/pl\/#organization"},"potentialAction":[{"@type":"SearchAction","target":{"@type":"EntryPoint","urlTemplate":"https:\/\/www.transtoyou.com\/pl\/?s={search_term_string}"},"query-input":{"@type":"PropertyValueSpecification","valueRequired":true,"valueName":"search_term_string"}}],"inLanguage":"pl-PL"},{"@type":"Organization","@id":"https:\/\/www.transtoyou.com\/pl\/#organization","name":"Transtoyou - PL","url":"https:\/\/www.transtoyou.com\/pl\/","logo":{"@type":"ImageObject","inLanguage":"pl-PL","@id":"https:\/\/www.transtoyou.com\/pl\/#\/schema\/logo\/image\/","url":"https:\/\/www.transtoyou.com\/pl\/wp-content\/uploads\/sites\/11\/2026\/01\/logo-tty-menu-bar-300x87-1.webp","contentUrl":"https:\/\/www.transtoyou.com\/pl\/wp-content\/uploads\/sites\/11\/2026\/01\/logo-tty-menu-bar-300x87-1.webp","width":300,"height":87,"caption":"Transtoyou - PL"},"image":{"@id":"https:\/\/www.transtoyou.com\/pl\/#\/schema\/logo\/image\/"}}]}},"_links":{"self":[{"href":"https:\/\/www.transtoyou.com\/pl\/wp-json\/wp\/v2\/product\/1161","targetHints":{"allow":["GET"]}}],"collection":[{"href":"https:\/\/www.transtoyou.com\/pl\/wp-json\/wp\/v2\/product"}],"about":[{"href":"https:\/\/www.transtoyou.com\/pl\/wp-json\/wp\/v2\/types\/product"}],"replies":[{"embeddable":true,"href":"https:\/\/www.transtoyou.com\/pl\/wp-json\/wp\/v2\/comments?post=1161"}],"wp:featuredmedia":[{"embeddable":true,"href":"https:\/\/www.transtoyou.com\/pl\/wp-json\/wp\/v2\/media\/1163"}],"wp:attachment":[{"href":"https:\/\/www.transtoyou.com\/pl\/wp-json\/wp\/v2\/media?parent=1161"}],"wp:term":[{"taxonomy":"product_brand","embeddable":true,"href":"https:\/\/www.transtoyou.com\/pl\/wp-json\/wp\/v2\/product_brand?post=1161"},{"taxonomy":"product_cat","embeddable":true,"href":"https:\/\/www.transtoyou.com\/pl\/wp-json\/wp\/v2\/product_cat?post=1161"},{"taxonomy":"product_tag","embeddable":true,"href":"https:\/\/www.transtoyou.com\/pl\/wp-json\/wp\/v2\/product_tag?post=1161"},{"taxonomy":"expert","embeddable":true,"href":"https:\/\/www.transtoyou.com\/pl\/wp-json\/wp\/v2\/expert?post=1161"}],"curies":[{"name":"wp","href":"https:\/\/api.w.org\/{rel}","templated":true}]}}