{"id":1173,"date":"2026-01-25T20:24:05","date_gmt":"2026-01-25T18:24:05","guid":{"rendered":"https:\/\/www.transtoyou.com\/pl\/product\/antabuse\/"},"modified":"2026-01-25T20:25:11","modified_gmt":"2026-01-25T18:25:11","slug":"antabuse","status":"publish","type":"product","link":"https:\/\/www.transtoyou.com\/pl\/product\/antabuse\/","title":{"rendered":"Antabuse"},"content":{"rendered":"<p>Antabuse (dizulfiram) to recepturowa medykacja zaprojektowana, aby wspiera\u0107 osoby w ich powrocie do zdrowia z uzale\u017cnienia od alkoholu. Dzia\u0142a poprzez wywo\u0142ywanie ostrej wra\u017cliwo\u015bci na alkohol. Gdy alkohol jest spo\u017cywany podczas przyjmowania Antabuse, powoduje nieprzyjemne efekty, takie jak nudno\u015bci, zaczerwienienie i szybkie bicie serca, zniech\u0119caj\u0105c do dalszego spo\u017cywania alkoholu.<\/p>\n<p>Antabuse jest zazwyczaj stosowany jako cz\u0119\u015b\u0107 kompleksowego planu leczenia, kt\u00f3ry obejmuje doradztwo i programy wsparcia. Nie jest to lekarstwo na alkoholizm, ale dzia\u0142a jako zniech\u0119cenie do picia, pomagaj\u0105c osobom utrzyma\u0107 trze\u017awo\u015b\u0107.<\/p>\n<p>Antabuse jest zazwyczaj przepisywany do d\u0142ugoterminowego stosowania pod \u015bcis\u0142\u0105 kontrol\u0105 medyczn\u0105, aby zapewni\u0107 przestrzeganie zalece\u0144 i skuteczno\u015b\u0107. Jest dost\u0119pny w postaci tabletek i przyjmuje si\u0119 go doustnie raz dziennie, najlepiej rano.<\/p>\n<p>Do powszechnych skutk\u00f3w ubocznych nale\u017c\u0105 senno\u015b\u0107, b\u00f3l g\u0142owy i metaliczny posmak w ustach. Rzadkie, ale powa\u017cne skutki uboczne mog\u0105 obejmowa\u0107 toksyczno\u015b\u0107 w\u0105troby, co wymaga regularnego monitorowania funkcji w\u0105troby podczas leczenia. Antabuse nigdy nie powinien by\u0107 przyjmowany z alkoholem ani produktami zawieraj\u0105cymi alkohol, takimi jak niekt\u00f3re syropy na kaszel czy sosy.<\/p>\n","protected":false},"excerpt":{"rendered":"<ul>\n<li>Wspiera powr\u00f3t do zdrowia po uzale\u017cnieniu od alkoholu<\/li>\n<li>Dzia\u0142a jako \u015brodek zniech\u0119caj\u0105cy do picia<\/li>\n<li>Stanowi cz\u0119\u015b\u0107 kompleksowego planu leczenia<\/li>\n<\/ul>\n","protected":false},"featured_media":1175,"comment_status":"open","ping_status":"closed","template":"","meta":[],"product_brand":[],"product_cat":[74],"product_tag":[],"expert":[19],"class_list":{"0":"post-1173","1":"product","2":"type-product","3":"status-publish","4":"has-post-thumbnail","6":"product_cat-srodki-wspomagajace-regeneracje-po-alkoholu","7":"expert-dr-j-vazquez","9":"first","10":"instock","11":"shipping-taxable","12":"product-type-variable"},"yoast_head":"<!-- This site is optimized with the Yoast SEO plugin v27.0 - https:\/\/yoast.com\/product\/yoast-seo-wordpress\/ -->\n<title>Antabuse | Skuteczna pomoc w utrzymaniu trze\u017awo\u015bci - Transtoyou<\/title>\n<meta name=\"description\" content=\"Odkryj Antabuse, lek na recept\u0119 wspomagaj\u0105cy walk\u0119 z uzale\u017cnieniem od alkoholu, dost\u0119pny w Transtoyou. Wspiera trze\u017awo\u015b\u0107 pod opiek\u0105 medyczn\u0105. Dowiedz si\u0119 wi\u0119cej ju\u017c dzi\u015b.\" \/>\n<meta name=\"robots\" content=\"noindex, follow, max-snippet:-1, max-image-preview:large, max-video-preview:-1\" \/>\n<meta property=\"og:locale\" content=\"pl_PL\" \/>\n<meta property=\"og:type\" content=\"article\" \/>\n<meta property=\"og:title\" content=\"Antabuse | Skuteczna pomoc w utrzymaniu trze\u017awo\u015bci - Transtoyou\" \/>\n<meta property=\"og:description\" content=\"Odkryj Antabuse, lek na recept\u0119 wspomagaj\u0105cy walk\u0119 z uzale\u017cnieniem od alkoholu, dost\u0119pny w Transtoyou. Wspiera trze\u017awo\u015b\u0107 pod opiek\u0105 medyczn\u0105. Dowiedz si\u0119 wi\u0119cej ju\u017c dzi\u015b.\" \/>\n<meta property=\"og:url\" content=\"https:\/\/www.transtoyou.com\/pl\/product\/antabuse\/\" \/>\n<meta property=\"og:site_name\" content=\"Transtoyou - PL\" \/>\n<meta property=\"article:modified_time\" content=\"2026-01-25T18:25:11+00:00\" \/>\n<meta name=\"twitter:card\" content=\"summary_large_image\" \/>\n<meta name=\"twitter:label1\" content=\"Szacowany czas czytania\" \/>\n\t<meta name=\"twitter:data1\" content=\"1 minuta\" \/>\n<script type=\"application\/ld+json\" class=\"yoast-schema-graph\">{\"@context\":\"https:\/\/schema.org\",\"@graph\":[{\"@type\":\"WebPage\",\"@id\":\"https:\/\/www.transtoyou.com\/pl\/product\/antabuse\/\",\"url\":\"https:\/\/www.transtoyou.com\/pl\/product\/antabuse\/\",\"name\":\"Antabuse | Skuteczna pomoc w utrzymaniu trze\u017awo\u015bci - Transtoyou\",\"isPartOf\":{\"@id\":\"https:\/\/www.transtoyou.com\/pl\/#website\"},\"primaryImageOfPage\":{\"@id\":\"https:\/\/www.transtoyou.com\/pl\/product\/antabuse\/#primaryimage\"},\"image\":{\"@id\":\"https:\/\/www.transtoyou.com\/pl\/product\/antabuse\/#primaryimage\"},\"thumbnailUrl\":\"https:\/\/www.transtoyou.com\/pl\/wp-content\/uploads\/sites\/11\/2026\/01\/tty-no-product-image-156.webp\",\"datePublished\":\"2026-01-25T18:24:05+00:00\",\"dateModified\":\"2026-01-25T18:25:11+00:00\",\"description\":\"Odkryj Antabuse, lek na recept\u0119 wspomagaj\u0105cy walk\u0119 z uzale\u017cnieniem od alkoholu, dost\u0119pny w Transtoyou. Wspiera trze\u017awo\u015b\u0107 pod opiek\u0105 medyczn\u0105. Dowiedz si\u0119 wi\u0119cej ju\u017c dzi\u015b.\",\"breadcrumb\":{\"@id\":\"https:\/\/www.transtoyou.com\/pl\/product\/antabuse\/#breadcrumb\"},\"inLanguage\":\"pl-PL\",\"potentialAction\":[{\"@type\":\"ReadAction\",\"target\":[\"https:\/\/www.transtoyou.com\/pl\/product\/antabuse\/\"]}]},{\"@type\":\"ImageObject\",\"inLanguage\":\"pl-PL\",\"@id\":\"https:\/\/www.transtoyou.com\/pl\/product\/antabuse\/#primaryimage\",\"url\":\"https:\/\/www.transtoyou.com\/pl\/wp-content\/uploads\/sites\/11\/2026\/01\/tty-no-product-image-156.webp\",\"contentUrl\":\"https:\/\/www.transtoyou.com\/pl\/wp-content\/uploads\/sites\/11\/2026\/01\/tty-no-product-image-156.webp\",\"width\":1000,\"height\":1000,\"caption\":\"Domy\u015blne zdj\u0119cie produktu\"},{\"@type\":\"WebSite\",\"@id\":\"https:\/\/www.transtoyou.com\/pl\/#website\",\"url\":\"https:\/\/www.transtoyou.com\/pl\/\",\"name\":\"Transtoyou - PL\",\"description\":\"\",\"publisher\":{\"@id\":\"https:\/\/www.transtoyou.com\/pl\/#organization\"},\"potentialAction\":[{\"@type\":\"SearchAction\",\"target\":{\"@type\":\"EntryPoint\",\"urlTemplate\":\"https:\/\/www.transtoyou.com\/pl\/?s={search_term_string}\"},\"query-input\":{\"@type\":\"PropertyValueSpecification\",\"valueRequired\":true,\"valueName\":\"search_term_string\"}}],\"inLanguage\":\"pl-PL\"},{\"@type\":\"Organization\",\"@id\":\"https:\/\/www.transtoyou.com\/pl\/#organization\",\"name\":\"Transtoyou - PL\",\"url\":\"https:\/\/www.transtoyou.com\/pl\/\",\"logo\":{\"@type\":\"ImageObject\",\"inLanguage\":\"pl-PL\",\"@id\":\"https:\/\/www.transtoyou.com\/pl\/#\/schema\/logo\/image\/\",\"url\":\"https:\/\/www.transtoyou.com\/pl\/wp-content\/uploads\/sites\/11\/2026\/01\/logo-tty-menu-bar-300x87-1.webp\",\"contentUrl\":\"https:\/\/www.transtoyou.com\/pl\/wp-content\/uploads\/sites\/11\/2026\/01\/logo-tty-menu-bar-300x87-1.webp\",\"width\":300,\"height\":87,\"caption\":\"Transtoyou - PL\"},\"image\":{\"@id\":\"https:\/\/www.transtoyou.com\/pl\/#\/schema\/logo\/image\/\"}}]}<\/script>\n<!-- \/ Yoast SEO plugin. -->","yoast_head_json":{"title":"Antabuse | Skuteczna pomoc w utrzymaniu trze\u017awo\u015bci - Transtoyou","description":"Odkryj Antabuse, lek na recept\u0119 wspomagaj\u0105cy walk\u0119 z uzale\u017cnieniem od alkoholu, dost\u0119pny w Transtoyou. Wspiera trze\u017awo\u015b\u0107 pod opiek\u0105 medyczn\u0105. Dowiedz si\u0119 wi\u0119cej ju\u017c dzi\u015b.","robots":{"index":"noindex","follow":"follow","max-snippet":"max-snippet:-1","max-image-preview":"max-image-preview:large","max-video-preview":"max-video-preview:-1"},"og_locale":"pl_PL","og_type":"article","og_title":"Antabuse | Skuteczna pomoc w utrzymaniu trze\u017awo\u015bci - Transtoyou","og_description":"Odkryj Antabuse, lek na recept\u0119 wspomagaj\u0105cy walk\u0119 z uzale\u017cnieniem od alkoholu, dost\u0119pny w Transtoyou. Wspiera trze\u017awo\u015b\u0107 pod opiek\u0105 medyczn\u0105. Dowiedz si\u0119 wi\u0119cej ju\u017c dzi\u015b.","og_url":"https:\/\/www.transtoyou.com\/pl\/product\/antabuse\/","og_site_name":"Transtoyou - PL","article_modified_time":"2026-01-25T18:25:11+00:00","twitter_card":"summary_large_image","twitter_misc":{"Szacowany czas czytania":"1 minuta"},"schema":{"@context":"https:\/\/schema.org","@graph":[{"@type":"WebPage","@id":"https:\/\/www.transtoyou.com\/pl\/product\/antabuse\/","url":"https:\/\/www.transtoyou.com\/pl\/product\/antabuse\/","name":"Antabuse | Skuteczna pomoc w utrzymaniu trze\u017awo\u015bci - Transtoyou","isPartOf":{"@id":"https:\/\/www.transtoyou.com\/pl\/#website"},"primaryImageOfPage":{"@id":"https:\/\/www.transtoyou.com\/pl\/product\/antabuse\/#primaryimage"},"image":{"@id":"https:\/\/www.transtoyou.com\/pl\/product\/antabuse\/#primaryimage"},"thumbnailUrl":"https:\/\/www.transtoyou.com\/pl\/wp-content\/uploads\/sites\/11\/2026\/01\/tty-no-product-image-156.webp","datePublished":"2026-01-25T18:24:05+00:00","dateModified":"2026-01-25T18:25:11+00:00","description":"Odkryj Antabuse, lek na recept\u0119 wspomagaj\u0105cy walk\u0119 z uzale\u017cnieniem od alkoholu, dost\u0119pny w Transtoyou. Wspiera trze\u017awo\u015b\u0107 pod opiek\u0105 medyczn\u0105. Dowiedz si\u0119 wi\u0119cej ju\u017c dzi\u015b.","breadcrumb":{"@id":"https:\/\/www.transtoyou.com\/pl\/product\/antabuse\/#breadcrumb"},"inLanguage":"pl-PL","potentialAction":[{"@type":"ReadAction","target":["https:\/\/www.transtoyou.com\/pl\/product\/antabuse\/"]}]},{"@type":"ImageObject","inLanguage":"pl-PL","@id":"https:\/\/www.transtoyou.com\/pl\/product\/antabuse\/#primaryimage","url":"https:\/\/www.transtoyou.com\/pl\/wp-content\/uploads\/sites\/11\/2026\/01\/tty-no-product-image-156.webp","contentUrl":"https:\/\/www.transtoyou.com\/pl\/wp-content\/uploads\/sites\/11\/2026\/01\/tty-no-product-image-156.webp","width":1000,"height":1000,"caption":"Domy\u015blne zdj\u0119cie produktu"},{"@type":"WebSite","@id":"https:\/\/www.transtoyou.com\/pl\/#website","url":"https:\/\/www.transtoyou.com\/pl\/","name":"Transtoyou - PL","description":"","publisher":{"@id":"https:\/\/www.transtoyou.com\/pl\/#organization"},"potentialAction":[{"@type":"SearchAction","target":{"@type":"EntryPoint","urlTemplate":"https:\/\/www.transtoyou.com\/pl\/?s={search_term_string}"},"query-input":{"@type":"PropertyValueSpecification","valueRequired":true,"valueName":"search_term_string"}}],"inLanguage":"pl-PL"},{"@type":"Organization","@id":"https:\/\/www.transtoyou.com\/pl\/#organization","name":"Transtoyou - PL","url":"https:\/\/www.transtoyou.com\/pl\/","logo":{"@type":"ImageObject","inLanguage":"pl-PL","@id":"https:\/\/www.transtoyou.com\/pl\/#\/schema\/logo\/image\/","url":"https:\/\/www.transtoyou.com\/pl\/wp-content\/uploads\/sites\/11\/2026\/01\/logo-tty-menu-bar-300x87-1.webp","contentUrl":"https:\/\/www.transtoyou.com\/pl\/wp-content\/uploads\/sites\/11\/2026\/01\/logo-tty-menu-bar-300x87-1.webp","width":300,"height":87,"caption":"Transtoyou - PL"},"image":{"@id":"https:\/\/www.transtoyou.com\/pl\/#\/schema\/logo\/image\/"}}]}},"_links":{"self":[{"href":"https:\/\/www.transtoyou.com\/pl\/wp-json\/wp\/v2\/product\/1173","targetHints":{"allow":["GET"]}}],"collection":[{"href":"https:\/\/www.transtoyou.com\/pl\/wp-json\/wp\/v2\/product"}],"about":[{"href":"https:\/\/www.transtoyou.com\/pl\/wp-json\/wp\/v2\/types\/product"}],"replies":[{"embeddable":true,"href":"https:\/\/www.transtoyou.com\/pl\/wp-json\/wp\/v2\/comments?post=1173"}],"wp:featuredmedia":[{"embeddable":true,"href":"https:\/\/www.transtoyou.com\/pl\/wp-json\/wp\/v2\/media\/1175"}],"wp:attachment":[{"href":"https:\/\/www.transtoyou.com\/pl\/wp-json\/wp\/v2\/media?parent=1173"}],"wp:term":[{"taxonomy":"product_brand","embeddable":true,"href":"https:\/\/www.transtoyou.com\/pl\/wp-json\/wp\/v2\/product_brand?post=1173"},{"taxonomy":"product_cat","embeddable":true,"href":"https:\/\/www.transtoyou.com\/pl\/wp-json\/wp\/v2\/product_cat?post=1173"},{"taxonomy":"product_tag","embeddable":true,"href":"https:\/\/www.transtoyou.com\/pl\/wp-json\/wp\/v2\/product_tag?post=1173"},{"taxonomy":"expert","embeddable":true,"href":"https:\/\/www.transtoyou.com\/pl\/wp-json\/wp\/v2\/expert?post=1173"}],"curies":[{"name":"wp","href":"https:\/\/api.w.org\/{rel}","templated":true}]}}