{"id":1176,"date":"2026-01-25T20:41:23","date_gmt":"2026-01-25T18:41:23","guid":{"rendered":"https:\/\/www.transtoyou.com\/pl\/product\/grazax\/"},"modified":"2026-01-25T20:42:31","modified_gmt":"2026-01-25T18:42:31","slug":"grazax","status":"publish","type":"product","link":"https:\/\/www.transtoyou.com\/pl\/product\/grazax\/","title":{"rendered":"Grazax"},"content":{"rendered":"<p>Grazax to tabletka immunoterapii podj\u0119zykowej (SLIT) zaprojektowana w celu leczenia alergii na py\u0142ki traw poprzez stopniowe odczulanie uk\u0142adu odporno\u015bciowego na alergeny py\u0142k\u00f3w traw. Zawiera standardowy ekstrakt alergenu z py\u0142k\u00f3w trawy timotki, co pomaga zmniejszy\u0107 nasilenie reakcji alergicznych w czasie.<\/p>\n<p>Grazax jest zazwyczaj przepisywany osobom z ci\u0119\u017ckimi alergiami na py\u0142ki traw, kt\u00f3re znacz\u0105co wp\u0142ywaj\u0105 na jako\u015b\u0107 ich \u017cycia. Przyjmuje si\u0119 go raz dziennie, zaczynaj\u0105c kilka miesi\u0119cy przed sezonem py\u0142k\u00f3w traw i kontynuuj\u0105c przez ca\u0142y sezon, aby uzyska\u0107 optymaln\u0105 skuteczno\u015b\u0107.<\/p>\n<p>Leczenie polega na wystawianiu uk\u0142adu odporno\u015bciowego na ma\u0142e, kontrolowane dawki alergen\u00f3w py\u0142k\u00f3w traw, co zmniejsza wra\u017cliwo\u015b\u0107 organizmu i zapewnia d\u0142ugoterminow\u0105 ulg\u0119. Grazax jest najskuteczniejszy, gdy jest stosowany jako cz\u0119\u015b\u0107 kompleksowego planu zarz\u0105dzania alergi\u0105, kt\u00f3ry obejmuje unikanie alergen\u00f3w i stosowanie innych lek\u00f3w w razie potrzeby.<\/p>\n<p>Typowe skutki uboczne to \u0142agodne sw\u0119dzenie lub obrz\u0119k w jamie ustnej, podra\u017cnienie gard\u0142a lub dyskomfort \u017co\u0142\u0105dkowo-jelitowy, kt\u00f3re zazwyczaj ust\u0119puj\u0105, gdy organizm dostosowuje si\u0119 do leczenia.<\/p>\n","protected":false},"excerpt":{"rendered":"<ul>\n<li>Zmniejsza objawy alergii na py\u0142ki traw<\/li>\n<li>Desensybilizuje uk\u0142ad odporno\u015bciowy<\/li>\n<li>Wygodna tabletka podj\u0119zykowa przyjmowana raz dziennie<\/li>\n<\/ul>\n","protected":false},"featured_media":1178,"comment_status":"open","ping_status":"closed","template":"","meta":[],"product_brand":[],"product_cat":[76],"product_tag":[],"expert":[19],"class_list":{"0":"post-1176","1":"product","2":"type-product","3":"status-publish","4":"has-post-thumbnail","6":"product_cat-ulga-w-alergiach-i-katarze-siennym","7":"expert-dr-j-vazquez","9":"first","10":"instock","11":"shipping-taxable","12":"product-type-variable"},"yoast_head":"<!-- This site is optimized with the Yoast SEO plugin v27.0 - https:\/\/yoast.com\/product\/yoast-seo-wordpress\/ -->\n<title>Grazax | Ulga w alergii i wsparcie odporno\u015bci - Transtoyou<\/title>\n<meta name=\"description\" content=\"Odkryj Grazax, tabletki SLIT na alergi\u0119 na py\u0142ki traw. Popraw swoje \u017cycie dzi\u0119ki d\u0142ugoterminowej desensytyzacji. Kup teraz na Transtoyou.\" \/>\n<meta name=\"robots\" content=\"noindex, follow, max-snippet:-1, max-image-preview:large, max-video-preview:-1\" \/>\n<meta property=\"og:locale\" content=\"pl_PL\" \/>\n<meta property=\"og:type\" content=\"article\" \/>\n<meta property=\"og:title\" content=\"Grazax | Ulga w alergii i wsparcie odporno\u015bci - Transtoyou\" \/>\n<meta property=\"og:description\" content=\"Odkryj Grazax, tabletki SLIT na alergi\u0119 na py\u0142ki traw. Popraw swoje \u017cycie dzi\u0119ki d\u0142ugoterminowej desensytyzacji. Kup teraz na Transtoyou.\" \/>\n<meta property=\"og:url\" content=\"https:\/\/www.transtoyou.com\/pl\/product\/grazax\/\" \/>\n<meta property=\"og:site_name\" content=\"Transtoyou - PL\" \/>\n<meta property=\"article:modified_time\" content=\"2026-01-25T18:42:31+00:00\" \/>\n<meta name=\"twitter:card\" content=\"summary_large_image\" \/>\n<meta name=\"twitter:label1\" content=\"Szacowany czas czytania\" \/>\n\t<meta name=\"twitter:data1\" content=\"1 minuta\" \/>\n<script type=\"application\/ld+json\" class=\"yoast-schema-graph\">{\"@context\":\"https:\/\/schema.org\",\"@graph\":[{\"@type\":\"WebPage\",\"@id\":\"https:\/\/www.transtoyou.com\/pl\/product\/grazax\/\",\"url\":\"https:\/\/www.transtoyou.com\/pl\/product\/grazax\/\",\"name\":\"Grazax | Ulga w alergii i wsparcie odporno\u015bci - Transtoyou\",\"isPartOf\":{\"@id\":\"https:\/\/www.transtoyou.com\/pl\/#website\"},\"primaryImageOfPage\":{\"@id\":\"https:\/\/www.transtoyou.com\/pl\/product\/grazax\/#primaryimage\"},\"image\":{\"@id\":\"https:\/\/www.transtoyou.com\/pl\/product\/grazax\/#primaryimage\"},\"thumbnailUrl\":\"https:\/\/www.transtoyou.com\/pl\/wp-content\/uploads\/sites\/11\/2026\/01\/tty-no-product-image-157.webp\",\"datePublished\":\"2026-01-25T18:41:23+00:00\",\"dateModified\":\"2026-01-25T18:42:31+00:00\",\"description\":\"Odkryj Grazax, tabletki SLIT na alergi\u0119 na py\u0142ki traw. Popraw swoje \u017cycie dzi\u0119ki d\u0142ugoterminowej desensytyzacji. Kup teraz na Transtoyou.\",\"breadcrumb\":{\"@id\":\"https:\/\/www.transtoyou.com\/pl\/product\/grazax\/#breadcrumb\"},\"inLanguage\":\"pl-PL\",\"potentialAction\":[{\"@type\":\"ReadAction\",\"target\":[\"https:\/\/www.transtoyou.com\/pl\/product\/grazax\/\"]}]},{\"@type\":\"ImageObject\",\"inLanguage\":\"pl-PL\",\"@id\":\"https:\/\/www.transtoyou.com\/pl\/product\/grazax\/#primaryimage\",\"url\":\"https:\/\/www.transtoyou.com\/pl\/wp-content\/uploads\/sites\/11\/2026\/01\/tty-no-product-image-157.webp\",\"contentUrl\":\"https:\/\/www.transtoyou.com\/pl\/wp-content\/uploads\/sites\/11\/2026\/01\/tty-no-product-image-157.webp\",\"width\":1000,\"height\":1000,\"caption\":\"Domy\u015blny obraz produktu\"},{\"@type\":\"WebSite\",\"@id\":\"https:\/\/www.transtoyou.com\/pl\/#website\",\"url\":\"https:\/\/www.transtoyou.com\/pl\/\",\"name\":\"Transtoyou - PL\",\"description\":\"\",\"publisher\":{\"@id\":\"https:\/\/www.transtoyou.com\/pl\/#organization\"},\"potentialAction\":[{\"@type\":\"SearchAction\",\"target\":{\"@type\":\"EntryPoint\",\"urlTemplate\":\"https:\/\/www.transtoyou.com\/pl\/?s={search_term_string}\"},\"query-input\":{\"@type\":\"PropertyValueSpecification\",\"valueRequired\":true,\"valueName\":\"search_term_string\"}}],\"inLanguage\":\"pl-PL\"},{\"@type\":\"Organization\",\"@id\":\"https:\/\/www.transtoyou.com\/pl\/#organization\",\"name\":\"Transtoyou - PL\",\"url\":\"https:\/\/www.transtoyou.com\/pl\/\",\"logo\":{\"@type\":\"ImageObject\",\"inLanguage\":\"pl-PL\",\"@id\":\"https:\/\/www.transtoyou.com\/pl\/#\/schema\/logo\/image\/\",\"url\":\"https:\/\/www.transtoyou.com\/pl\/wp-content\/uploads\/sites\/11\/2026\/01\/logo-tty-menu-bar-300x87-1.webp\",\"contentUrl\":\"https:\/\/www.transtoyou.com\/pl\/wp-content\/uploads\/sites\/11\/2026\/01\/logo-tty-menu-bar-300x87-1.webp\",\"width\":300,\"height\":87,\"caption\":\"Transtoyou - PL\"},\"image\":{\"@id\":\"https:\/\/www.transtoyou.com\/pl\/#\/schema\/logo\/image\/\"}}]}<\/script>\n<!-- \/ Yoast SEO plugin. -->","yoast_head_json":{"title":"Grazax | Ulga w alergii i wsparcie odporno\u015bci - Transtoyou","description":"Odkryj Grazax, tabletki SLIT na alergi\u0119 na py\u0142ki traw. Popraw swoje \u017cycie dzi\u0119ki d\u0142ugoterminowej desensytyzacji. Kup teraz na Transtoyou.","robots":{"index":"noindex","follow":"follow","max-snippet":"max-snippet:-1","max-image-preview":"max-image-preview:large","max-video-preview":"max-video-preview:-1"},"og_locale":"pl_PL","og_type":"article","og_title":"Grazax | Ulga w alergii i wsparcie odporno\u015bci - Transtoyou","og_description":"Odkryj Grazax, tabletki SLIT na alergi\u0119 na py\u0142ki traw. Popraw swoje \u017cycie dzi\u0119ki d\u0142ugoterminowej desensytyzacji. Kup teraz na Transtoyou.","og_url":"https:\/\/www.transtoyou.com\/pl\/product\/grazax\/","og_site_name":"Transtoyou - PL","article_modified_time":"2026-01-25T18:42:31+00:00","twitter_card":"summary_large_image","twitter_misc":{"Szacowany czas czytania":"1 minuta"},"schema":{"@context":"https:\/\/schema.org","@graph":[{"@type":"WebPage","@id":"https:\/\/www.transtoyou.com\/pl\/product\/grazax\/","url":"https:\/\/www.transtoyou.com\/pl\/product\/grazax\/","name":"Grazax | Ulga w alergii i wsparcie odporno\u015bci - Transtoyou","isPartOf":{"@id":"https:\/\/www.transtoyou.com\/pl\/#website"},"primaryImageOfPage":{"@id":"https:\/\/www.transtoyou.com\/pl\/product\/grazax\/#primaryimage"},"image":{"@id":"https:\/\/www.transtoyou.com\/pl\/product\/grazax\/#primaryimage"},"thumbnailUrl":"https:\/\/www.transtoyou.com\/pl\/wp-content\/uploads\/sites\/11\/2026\/01\/tty-no-product-image-157.webp","datePublished":"2026-01-25T18:41:23+00:00","dateModified":"2026-01-25T18:42:31+00:00","description":"Odkryj Grazax, tabletki SLIT na alergi\u0119 na py\u0142ki traw. Popraw swoje \u017cycie dzi\u0119ki d\u0142ugoterminowej desensytyzacji. Kup teraz na Transtoyou.","breadcrumb":{"@id":"https:\/\/www.transtoyou.com\/pl\/product\/grazax\/#breadcrumb"},"inLanguage":"pl-PL","potentialAction":[{"@type":"ReadAction","target":["https:\/\/www.transtoyou.com\/pl\/product\/grazax\/"]}]},{"@type":"ImageObject","inLanguage":"pl-PL","@id":"https:\/\/www.transtoyou.com\/pl\/product\/grazax\/#primaryimage","url":"https:\/\/www.transtoyou.com\/pl\/wp-content\/uploads\/sites\/11\/2026\/01\/tty-no-product-image-157.webp","contentUrl":"https:\/\/www.transtoyou.com\/pl\/wp-content\/uploads\/sites\/11\/2026\/01\/tty-no-product-image-157.webp","width":1000,"height":1000,"caption":"Domy\u015blny obraz produktu"},{"@type":"WebSite","@id":"https:\/\/www.transtoyou.com\/pl\/#website","url":"https:\/\/www.transtoyou.com\/pl\/","name":"Transtoyou - PL","description":"","publisher":{"@id":"https:\/\/www.transtoyou.com\/pl\/#organization"},"potentialAction":[{"@type":"SearchAction","target":{"@type":"EntryPoint","urlTemplate":"https:\/\/www.transtoyou.com\/pl\/?s={search_term_string}"},"query-input":{"@type":"PropertyValueSpecification","valueRequired":true,"valueName":"search_term_string"}}],"inLanguage":"pl-PL"},{"@type":"Organization","@id":"https:\/\/www.transtoyou.com\/pl\/#organization","name":"Transtoyou - PL","url":"https:\/\/www.transtoyou.com\/pl\/","logo":{"@type":"ImageObject","inLanguage":"pl-PL","@id":"https:\/\/www.transtoyou.com\/pl\/#\/schema\/logo\/image\/","url":"https:\/\/www.transtoyou.com\/pl\/wp-content\/uploads\/sites\/11\/2026\/01\/logo-tty-menu-bar-300x87-1.webp","contentUrl":"https:\/\/www.transtoyou.com\/pl\/wp-content\/uploads\/sites\/11\/2026\/01\/logo-tty-menu-bar-300x87-1.webp","width":300,"height":87,"caption":"Transtoyou - PL"},"image":{"@id":"https:\/\/www.transtoyou.com\/pl\/#\/schema\/logo\/image\/"}}]}},"_links":{"self":[{"href":"https:\/\/www.transtoyou.com\/pl\/wp-json\/wp\/v2\/product\/1176","targetHints":{"allow":["GET"]}}],"collection":[{"href":"https:\/\/www.transtoyou.com\/pl\/wp-json\/wp\/v2\/product"}],"about":[{"href":"https:\/\/www.transtoyou.com\/pl\/wp-json\/wp\/v2\/types\/product"}],"replies":[{"embeddable":true,"href":"https:\/\/www.transtoyou.com\/pl\/wp-json\/wp\/v2\/comments?post=1176"}],"wp:featuredmedia":[{"embeddable":true,"href":"https:\/\/www.transtoyou.com\/pl\/wp-json\/wp\/v2\/media\/1178"}],"wp:attachment":[{"href":"https:\/\/www.transtoyou.com\/pl\/wp-json\/wp\/v2\/media?parent=1176"}],"wp:term":[{"taxonomy":"product_brand","embeddable":true,"href":"https:\/\/www.transtoyou.com\/pl\/wp-json\/wp\/v2\/product_brand?post=1176"},{"taxonomy":"product_cat","embeddable":true,"href":"https:\/\/www.transtoyou.com\/pl\/wp-json\/wp\/v2\/product_cat?post=1176"},{"taxonomy":"product_tag","embeddable":true,"href":"https:\/\/www.transtoyou.com\/pl\/wp-json\/wp\/v2\/product_tag?post=1176"},{"taxonomy":"expert","embeddable":true,"href":"https:\/\/www.transtoyou.com\/pl\/wp-json\/wp\/v2\/expert?post=1176"}],"curies":[{"name":"wp","href":"https:\/\/api.w.org\/{rel}","templated":true}]}}