{"id":1179,"date":"2026-01-25T20:59:01","date_gmt":"2026-01-25T18:59:01","guid":{"rendered":"https:\/\/www.transtoyou.com\/pl\/product\/promethazine\/"},"modified":"2026-03-01T16:21:16","modified_gmt":"2026-03-01T14:21:16","slug":"prometazyna","status":"publish","type":"product","link":"https:\/\/www.transtoyou.com\/pl\/product\/prometazyna\/","title":{"rendered":"Prometazyna"},"content":{"rendered":"<p>Prometazyna to lek przeciwhistaminowy pierwszej generacji, kt\u00f3ry pomaga w \u0142agodzeniu objaw\u00f3w alergii i kataru siennego, w tym kichania, kataru, sw\u0119dz\u0105cych lub \u0142zawi\u0105cych oczu oraz reakcji sk\u00f3rnych, takich jak pokrzywka czy sw\u0119dzenie. Dzia\u0142a poprzez blokowanie efekt\u00f3w histaminy, substancji chemicznej uwalnianej podczas reakcji alergicznych, kt\u00f3ra powoduje stan zapalny i podra\u017cnienie w organizmie.<\/p>\n<p>Ten lek jest szczeg\u00f3lnie przydatny dla os\u00f3b, kt\u00f3re do\u015bwiadczaj\u0105 umiarkowanych do ci\u0119\u017ckich reakcji alergicznych, kt\u00f3re wp\u0142ywaj\u0105 na jako\u015b\u0107 ich \u017cycia lub snu. W przeciwie\u0144stwie do nowszych lek\u00f3w przeciwhistaminowych, prometazyna ma dzia\u0142anie uspokajaj\u0105ce, co czyni j\u0105 pomocn\u0105 opcj\u0105 dla tych, kt\u00f3rych objawy alergii zak\u0142\u00f3caj\u0105 sen. Cz\u0119sto jest r\u00f3wnie\u017c przepisywana, gdy alergiom towarzysz\u0105 problemy sk\u00f3rne, takie jak wysypki czy silne sw\u0119dzenie.<\/p>\n<p>Prometazyn\u0119 zazwyczaj przyjmuje si\u0119 w postaci tabletek raz lub dwa razy dziennie, w zale\u017cno\u015bci od nasilenia objaw\u00f3w. Z powodu jej uspokajaj\u0105cego dzia\u0142ania, cz\u0119sto przyjmuje si\u0119 j\u0105 wieczorem lub przed snem. Dzia\u0142anie uspokajaj\u0105ce nie tylko \u0142agodzi objawy alergii, ale tak\u017ce pomaga organizmowi odpocz\u0105\u0107, co czyni j\u0105 szczeg\u00f3lnie odpowiedni\u0105 do stosowania w nocy.<\/p>\n<p>Efekty zazwyczaj zaczynaj\u0105 si\u0119 w ci\u0105gu 20 do 60 minut po za\u017cyciu dawki i mog\u0105 utrzymywa\u0107 si\u0119 przez kilka godzin. Niekt\u00f3rzy ludzie mog\u0105 odczuwa\u0107 senno\u015b\u0107, zawroty g\u0142owy lub sucho\u015b\u0107 w ustach, szczeg\u00f3lnie w ci\u0105gu pierwszych kilku dni stosowania. Te dzia\u0142ania niepo\u017c\u0105dane cz\u0119sto zmniejszaj\u0105 si\u0119, gdy organizm si\u0119 przyzwyczaja. Wa\u017cne jest, aby nie prowadzi\u0107 pojazd\u00f3w ani nie obs\u0142ugiwa\u0107 maszyn po za\u017cyciu prometazyny, dop\u00f3ki nie dowiesz si\u0119, jak na Ciebie dzia\u0142a.<\/p>\n","protected":false},"excerpt":{"rendered":"<ul>\n<li>\u0141agodzi objawy alergii i nudno\u015bci<\/li>\n<li>Pomaga w radzeniu sobie z chorob\u0105 lokomocyjn\u0105<\/li>\n<li>Mo\u017ce pom\u00f3c w kr\u00f3tkoterminowych problemach ze snem<\/li>\n<\/ul>\n","protected":false},"featured_media":1181,"comment_status":"open","ping_status":"closed","template":"","meta":[],"product_brand":[],"product_cat":[76],"product_tag":[],"expert":[19],"class_list":{"0":"post-1179","1":"product","2":"type-product","3":"status-publish","4":"has-post-thumbnail","6":"product_cat-ulga-w-alergiach-i-katarze-siennym","7":"expert-dr-j-vazquez","9":"first","10":"instock","11":"shipping-taxable","12":"product-type-variable"},"yoast_head":"<!-- This site is optimized with the Yoast SEO plugin v27.0 - https:\/\/yoast.com\/product\/yoast-seo-wordpress\/ -->\n<title>Prometazyna | Szybka ulga w objawach alergii - Transtoyou<\/title>\n<meta name=\"description\" content=\"Prometazyna, pierwszy gen antyhistamin, na ulg\u0119 w alergiach i lepszy sen. Z\u0142agod\u017a objawy, kup teraz na Transtoyou. Bezpieczne i skuteczne.\" \/>\n<meta name=\"robots\" content=\"noindex, follow, max-snippet:-1, max-image-preview:large, max-video-preview:-1\" \/>\n<meta property=\"og:locale\" content=\"pl_PL\" \/>\n<meta property=\"og:type\" content=\"article\" \/>\n<meta property=\"og:title\" content=\"Prometazyna | Szybka ulga w objawach alergii - Transtoyou\" \/>\n<meta property=\"og:description\" content=\"Prometazyna, pierwszy gen antyhistamin, na ulg\u0119 w alergiach i lepszy sen. Z\u0142agod\u017a objawy, kup teraz na Transtoyou. Bezpieczne i skuteczne.\" \/>\n<meta property=\"og:url\" content=\"https:\/\/www.transtoyou.com\/pl\/product\/promethazine\/\" \/>\n<meta property=\"og:site_name\" content=\"Transtoyou - PL\" \/>\n<meta property=\"article:modified_time\" content=\"2026-03-01T14:21:16+00:00\" \/>\n<meta name=\"twitter:card\" content=\"summary_large_image\" \/>\n<meta name=\"twitter:label1\" content=\"Szacowany czas czytania\" \/>\n\t<meta name=\"twitter:data1\" content=\"1 minuta\" \/>\n<script type=\"application\/ld+json\" class=\"yoast-schema-graph\">{\"@context\":\"https:\/\/schema.org\",\"@graph\":[{\"@type\":\"WebPage\",\"@id\":\"https:\/\/www.transtoyou.com\/pl\/product\/promethazine\/\",\"url\":\"https:\/\/www.transtoyou.com\/pl\/product\/promethazine\/\",\"name\":\"Prometazyna | Szybka ulga w objawach alergii - Transtoyou\",\"isPartOf\":{\"@id\":\"https:\/\/www.transtoyou.com\/pl\/#website\"},\"primaryImageOfPage\":{\"@id\":\"https:\/\/www.transtoyou.com\/pl\/product\/promethazine\/#primaryimage\"},\"image\":{\"@id\":\"https:\/\/www.transtoyou.com\/pl\/product\/promethazine\/#primaryimage\"},\"thumbnailUrl\":\"https:\/\/www.transtoyou.com\/pl\/wp-content\/uploads\/sites\/11\/2026\/01\/tty-no-product-image-158.webp\",\"datePublished\":\"2026-01-25T18:59:01+00:00\",\"dateModified\":\"2026-03-01T14:21:16+00:00\",\"description\":\"Prometazyna, pierwszy gen antyhistamin, na ulg\u0119 w alergiach i lepszy sen. Z\u0142agod\u017a objawy, kup teraz na Transtoyou. Bezpieczne i skuteczne.\",\"breadcrumb\":{\"@id\":\"https:\/\/www.transtoyou.com\/pl\/product\/promethazine\/#breadcrumb\"},\"inLanguage\":\"pl-PL\",\"potentialAction\":[{\"@type\":\"ReadAction\",\"target\":[\"https:\/\/www.transtoyou.com\/pl\/product\/promethazine\/\"]}]},{\"@type\":\"ImageObject\",\"inLanguage\":\"pl-PL\",\"@id\":\"https:\/\/www.transtoyou.com\/pl\/product\/promethazine\/#primaryimage\",\"url\":\"https:\/\/www.transtoyou.com\/pl\/wp-content\/uploads\/sites\/11\/2026\/01\/tty-no-product-image-158.webp\",\"contentUrl\":\"https:\/\/www.transtoyou.com\/pl\/wp-content\/uploads\/sites\/11\/2026\/01\/tty-no-product-image-158.webp\",\"width\":1000,\"height\":1000,\"caption\":\"Domy\u015blny obraz produktu\"},{\"@type\":\"WebSite\",\"@id\":\"https:\/\/www.transtoyou.com\/pl\/#website\",\"url\":\"https:\/\/www.transtoyou.com\/pl\/\",\"name\":\"Transtoyou - PL\",\"description\":\"\",\"publisher\":{\"@id\":\"https:\/\/www.transtoyou.com\/pl\/#organization\"},\"potentialAction\":[{\"@type\":\"SearchAction\",\"target\":{\"@type\":\"EntryPoint\",\"urlTemplate\":\"https:\/\/www.transtoyou.com\/pl\/?s={search_term_string}\"},\"query-input\":{\"@type\":\"PropertyValueSpecification\",\"valueRequired\":true,\"valueName\":\"search_term_string\"}}],\"inLanguage\":\"pl-PL\"},{\"@type\":\"Organization\",\"@id\":\"https:\/\/www.transtoyou.com\/pl\/#organization\",\"name\":\"Transtoyou - PL\",\"url\":\"https:\/\/www.transtoyou.com\/pl\/\",\"logo\":{\"@type\":\"ImageObject\",\"inLanguage\":\"pl-PL\",\"@id\":\"https:\/\/www.transtoyou.com\/pl\/#\/schema\/logo\/image\/\",\"url\":\"https:\/\/www.transtoyou.com\/pl\/wp-content\/uploads\/sites\/11\/2026\/01\/logo-tty-menu-bar-300x87-1.webp\",\"contentUrl\":\"https:\/\/www.transtoyou.com\/pl\/wp-content\/uploads\/sites\/11\/2026\/01\/logo-tty-menu-bar-300x87-1.webp\",\"width\":300,\"height\":87,\"caption\":\"Transtoyou - PL\"},\"image\":{\"@id\":\"https:\/\/www.transtoyou.com\/pl\/#\/schema\/logo\/image\/\"}}]}<\/script>\n<!-- \/ Yoast SEO plugin. -->","yoast_head_json":{"title":"Prometazyna | Szybka ulga w objawach alergii - Transtoyou","description":"Prometazyna, pierwszy gen antyhistamin, na ulg\u0119 w alergiach i lepszy sen. Z\u0142agod\u017a objawy, kup teraz na Transtoyou. Bezpieczne i skuteczne.","robots":{"index":"noindex","follow":"follow","max-snippet":"max-snippet:-1","max-image-preview":"max-image-preview:large","max-video-preview":"max-video-preview:-1"},"og_locale":"pl_PL","og_type":"article","og_title":"Prometazyna | Szybka ulga w objawach alergii - Transtoyou","og_description":"Prometazyna, pierwszy gen antyhistamin, na ulg\u0119 w alergiach i lepszy sen. Z\u0142agod\u017a objawy, kup teraz na Transtoyou. Bezpieczne i skuteczne.","og_url":"https:\/\/www.transtoyou.com\/pl\/product\/promethazine\/","og_site_name":"Transtoyou - PL","article_modified_time":"2026-03-01T14:21:16+00:00","twitter_card":"summary_large_image","twitter_misc":{"Szacowany czas czytania":"1 minuta"},"schema":{"@context":"https:\/\/schema.org","@graph":[{"@type":"WebPage","@id":"https:\/\/www.transtoyou.com\/pl\/product\/promethazine\/","url":"https:\/\/www.transtoyou.com\/pl\/product\/promethazine\/","name":"Prometazyna | Szybka ulga w objawach alergii - Transtoyou","isPartOf":{"@id":"https:\/\/www.transtoyou.com\/pl\/#website"},"primaryImageOfPage":{"@id":"https:\/\/www.transtoyou.com\/pl\/product\/promethazine\/#primaryimage"},"image":{"@id":"https:\/\/www.transtoyou.com\/pl\/product\/promethazine\/#primaryimage"},"thumbnailUrl":"https:\/\/www.transtoyou.com\/pl\/wp-content\/uploads\/sites\/11\/2026\/01\/tty-no-product-image-158.webp","datePublished":"2026-01-25T18:59:01+00:00","dateModified":"2026-03-01T14:21:16+00:00","description":"Prometazyna, pierwszy gen antyhistamin, na ulg\u0119 w alergiach i lepszy sen. Z\u0142agod\u017a objawy, kup teraz na Transtoyou. Bezpieczne i skuteczne.","breadcrumb":{"@id":"https:\/\/www.transtoyou.com\/pl\/product\/promethazine\/#breadcrumb"},"inLanguage":"pl-PL","potentialAction":[{"@type":"ReadAction","target":["https:\/\/www.transtoyou.com\/pl\/product\/promethazine\/"]}]},{"@type":"ImageObject","inLanguage":"pl-PL","@id":"https:\/\/www.transtoyou.com\/pl\/product\/promethazine\/#primaryimage","url":"https:\/\/www.transtoyou.com\/pl\/wp-content\/uploads\/sites\/11\/2026\/01\/tty-no-product-image-158.webp","contentUrl":"https:\/\/www.transtoyou.com\/pl\/wp-content\/uploads\/sites\/11\/2026\/01\/tty-no-product-image-158.webp","width":1000,"height":1000,"caption":"Domy\u015blny obraz produktu"},{"@type":"WebSite","@id":"https:\/\/www.transtoyou.com\/pl\/#website","url":"https:\/\/www.transtoyou.com\/pl\/","name":"Transtoyou - PL","description":"","publisher":{"@id":"https:\/\/www.transtoyou.com\/pl\/#organization"},"potentialAction":[{"@type":"SearchAction","target":{"@type":"EntryPoint","urlTemplate":"https:\/\/www.transtoyou.com\/pl\/?s={search_term_string}"},"query-input":{"@type":"PropertyValueSpecification","valueRequired":true,"valueName":"search_term_string"}}],"inLanguage":"pl-PL"},{"@type":"Organization","@id":"https:\/\/www.transtoyou.com\/pl\/#organization","name":"Transtoyou - PL","url":"https:\/\/www.transtoyou.com\/pl\/","logo":{"@type":"ImageObject","inLanguage":"pl-PL","@id":"https:\/\/www.transtoyou.com\/pl\/#\/schema\/logo\/image\/","url":"https:\/\/www.transtoyou.com\/pl\/wp-content\/uploads\/sites\/11\/2026\/01\/logo-tty-menu-bar-300x87-1.webp","contentUrl":"https:\/\/www.transtoyou.com\/pl\/wp-content\/uploads\/sites\/11\/2026\/01\/logo-tty-menu-bar-300x87-1.webp","width":300,"height":87,"caption":"Transtoyou - PL"},"image":{"@id":"https:\/\/www.transtoyou.com\/pl\/#\/schema\/logo\/image\/"}}]}},"_links":{"self":[{"href":"https:\/\/www.transtoyou.com\/pl\/wp-json\/wp\/v2\/product\/1179","targetHints":{"allow":["GET"]}}],"collection":[{"href":"https:\/\/www.transtoyou.com\/pl\/wp-json\/wp\/v2\/product"}],"about":[{"href":"https:\/\/www.transtoyou.com\/pl\/wp-json\/wp\/v2\/types\/product"}],"replies":[{"embeddable":true,"href":"https:\/\/www.transtoyou.com\/pl\/wp-json\/wp\/v2\/comments?post=1179"}],"wp:featuredmedia":[{"embeddable":true,"href":"https:\/\/www.transtoyou.com\/pl\/wp-json\/wp\/v2\/media\/1181"}],"wp:attachment":[{"href":"https:\/\/www.transtoyou.com\/pl\/wp-json\/wp\/v2\/media?parent=1179"}],"wp:term":[{"taxonomy":"product_brand","embeddable":true,"href":"https:\/\/www.transtoyou.com\/pl\/wp-json\/wp\/v2\/product_brand?post=1179"},{"taxonomy":"product_cat","embeddable":true,"href":"https:\/\/www.transtoyou.com\/pl\/wp-json\/wp\/v2\/product_cat?post=1179"},{"taxonomy":"product_tag","embeddable":true,"href":"https:\/\/www.transtoyou.com\/pl\/wp-json\/wp\/v2\/product_tag?post=1179"},{"taxonomy":"expert","embeddable":true,"href":"https:\/\/www.transtoyou.com\/pl\/wp-json\/wp\/v2\/expert?post=1179"}],"curies":[{"name":"wp","href":"https:\/\/api.w.org\/{rel}","templated":true}]}}