{"id":1197,"date":"2026-01-25T22:46:15","date_gmt":"2026-01-25T20:46:15","guid":{"rendered":"https:\/\/www.transtoyou.com\/pl\/product\/diane-35-dianette\/"},"modified":"2026-01-25T22:47:26","modified_gmt":"2026-01-25T20:47:26","slug":"diane-35-dianette","status":"publish","type":"product","link":"https:\/\/www.transtoyou.com\/pl\/product\/diane-35-dianette\/","title":{"rendered":"Diane 35 (Dianette)"},"content":{"rendered":"<p>Diane 35 (znany r\u00f3wnie\u017c jako Dianette) to po\u0142\u0105czony doustny \u015brodek antykoncepcyjny, kt\u00f3ry zawiera zar\u00f3wno estrogen (etynyloestradiol), jak i progestagen o dzia\u0142aniu antyandrogennym (octan cyproteronu). Cz\u0119sto jest przepisywany nie tylko w celu zapobiegania ci\u0105\u017cy, ale tak\u017ce w celu leczenia schorze\u0144 zwi\u0105zanych z androgenami, takich jak tr\u0105dzik, nadmierne ow\u0142osienie na twarzy lub ciele (hirsutyzm) oraz niekt\u00f3re objawy hiperandrogenizmu. T\u0142umi\u0105c dzia\u0142anie androgen\u00f3w, Diane 35 pomaga zmniejszy\u0107 produkcj\u0119 sebum i z\u0142agodzi\u0107 niedoskona\u0142o\u015bci, jednocze\u015bnie pomagaj\u0105c regulowa\u0107 cykle menstruacyjne.<\/p>\n<p>Stosowany prawid\u0142owo, Diane 35 mo\u017ce znacznie poprawi\u0107 wygl\u0105d sk\u00f3ry sk\u0142onnej do tr\u0105dziku, czasami staj\u0105c si\u0119 preferowanym \u015brodkiem antykoncepcyjnym dla os\u00f3b, kt\u00f3re pragn\u0105 zar\u00f3wno zapobiegania ci\u0105\u017cy, jak i ukierunkowanego podej\u015bcia do tr\u0105dziku. Po\u0142\u0105czenie estrogenu i octanu cyproteronu dzia\u0142a w wielu punktach, w tym t\u0142umi\u0105c owulacj\u0119, zmieniaj\u0105c b\u0142on\u0119 \u015bluzow\u0105 macicy i zag\u0119szczaj\u0105c \u015bluz szyjkowy. Te efekty zmniejszaj\u0105 prawdopodobie\u0144stwo ci\u0105\u017cy, jednocze\u015bnie redukuj\u0105c androgenne skutki, kt\u00f3re pogarszaj\u0105 tr\u0105dzik lub niepo\u017c\u0105dany wzrost ow\u0142osienia.<\/p>\n<p>Diane 35 przyjmuje si\u0119 raz dziennie przez 21 dni, po czym nast\u0119puje 7-dniowa przerwa, podczas kt\u00f3rej zazwyczaj wyst\u0119puje krwawienie z odstawienia. Nie jest zalecany do d\u0142ugoterminowej antykoncepcji, chyba \u017ce jest specjalnie przepisywany w przypadku takich schorze\u0144 jak tr\u0105dzik czy hirsutyzm.<\/p>\n","protected":false},"excerpt":{"rendered":"<ul>\n<li>\u015arodek antykoncepcyjny z dodatkowymi korzy\u015bciami przeciwandrogennymi<\/li>\n<li>Redukuje tr\u0105dzik i niechciane ow\u0142osienie<\/li>\n<li>\u0141\u0105czy estrogen i octan cyproteronu<\/li>\n<\/ul>\n","protected":false},"featured_media":1199,"comment_status":"open","ping_status":"closed","template":"","meta":[],"product_brand":[],"product_cat":[111,135,94,73],"product_tag":[],"expert":[21],"class_list":{"0":"post-1197","1":"product","2":"type-product","3":"status-publish","4":"has-post-thumbnail","6":"product_cat-endometrioza","7":"product_cat-hirsutyzm-i-owlosienie-na-twarzy","8":"product_cat-pigulka-laczona","9":"product_cat-tradzik","10":"expert-dr-m-sharoyko","12":"first","13":"instock","14":"shipping-taxable","15":"product-type-variable"},"yoast_head":"<!-- This site is optimized with the Yoast SEO plugin v27.0 - https:\/\/yoast.com\/product\/yoast-seo-wordpress\/ -->\n<title>Diane 35 (Dianette) | Pomoc w tr\u0105dziku i antykoncepcji - Transtoyou<\/title>\n<meta name=\"description\" content=\"Diane 35 (Dianette) dost\u0119pny w Transtoyou, kontroluje tr\u0105dzik i niechciane ow\u0142osienie, reguluje cykle z korzy\u015bciami antykoncepcyjnymi.\" \/>\n<meta name=\"robots\" content=\"noindex, follow, max-snippet:-1, max-image-preview:large, max-video-preview:-1\" \/>\n<meta property=\"og:locale\" content=\"pl_PL\" \/>\n<meta property=\"og:type\" content=\"article\" \/>\n<meta property=\"og:title\" content=\"Diane 35 (Dianette) | Pomoc w tr\u0105dziku i antykoncepcji - Transtoyou\" \/>\n<meta property=\"og:description\" content=\"Diane 35 (Dianette) dost\u0119pny w Transtoyou, kontroluje tr\u0105dzik i niechciane ow\u0142osienie, reguluje cykle z korzy\u015bciami antykoncepcyjnymi.\" \/>\n<meta property=\"og:url\" content=\"https:\/\/www.transtoyou.com\/pl\/product\/diane-35-dianette\/\" \/>\n<meta property=\"og:site_name\" content=\"Transtoyou - PL\" \/>\n<meta property=\"article:modified_time\" content=\"2026-01-25T20:47:26+00:00\" \/>\n<meta name=\"twitter:card\" content=\"summary_large_image\" \/>\n<meta name=\"twitter:label1\" content=\"Szacowany czas czytania\" \/>\n\t<meta name=\"twitter:data1\" content=\"1 minuta\" \/>\n<script type=\"application\/ld+json\" class=\"yoast-schema-graph\">{\"@context\":\"https:\/\/schema.org\",\"@graph\":[{\"@type\":\"WebPage\",\"@id\":\"https:\/\/www.transtoyou.com\/pl\/product\/diane-35-dianette\/\",\"url\":\"https:\/\/www.transtoyou.com\/pl\/product\/diane-35-dianette\/\",\"name\":\"Diane 35 (Dianette) | Pomoc w tr\u0105dziku i antykoncepcji - Transtoyou\",\"isPartOf\":{\"@id\":\"https:\/\/www.transtoyou.com\/pl\/#website\"},\"primaryImageOfPage\":{\"@id\":\"https:\/\/www.transtoyou.com\/pl\/product\/diane-35-dianette\/#primaryimage\"},\"image\":{\"@id\":\"https:\/\/www.transtoyou.com\/pl\/product\/diane-35-dianette\/#primaryimage\"},\"thumbnailUrl\":\"https:\/\/www.transtoyou.com\/pl\/wp-content\/uploads\/sites\/11\/2026\/01\/tty-no-product-image-164.webp\",\"datePublished\":\"2026-01-25T20:46:15+00:00\",\"dateModified\":\"2026-01-25T20:47:26+00:00\",\"description\":\"Diane 35 (Dianette) dost\u0119pny w Transtoyou, kontroluje tr\u0105dzik i niechciane ow\u0142osienie, reguluje cykle z korzy\u015bciami antykoncepcyjnymi.\",\"breadcrumb\":{\"@id\":\"https:\/\/www.transtoyou.com\/pl\/product\/diane-35-dianette\/#breadcrumb\"},\"inLanguage\":\"pl-PL\",\"potentialAction\":[{\"@type\":\"ReadAction\",\"target\":[\"https:\/\/www.transtoyou.com\/pl\/product\/diane-35-dianette\/\"]}]},{\"@type\":\"ImageObject\",\"inLanguage\":\"pl-PL\",\"@id\":\"https:\/\/www.transtoyou.com\/pl\/product\/diane-35-dianette\/#primaryimage\",\"url\":\"https:\/\/www.transtoyou.com\/pl\/wp-content\/uploads\/sites\/11\/2026\/01\/tty-no-product-image-164.webp\",\"contentUrl\":\"https:\/\/www.transtoyou.com\/pl\/wp-content\/uploads\/sites\/11\/2026\/01\/tty-no-product-image-164.webp\",\"width\":1000,\"height\":1000,\"caption\":\"Domy\u015blny obraz produktu\"},{\"@type\":\"WebSite\",\"@id\":\"https:\/\/www.transtoyou.com\/pl\/#website\",\"url\":\"https:\/\/www.transtoyou.com\/pl\/\",\"name\":\"Transtoyou - PL\",\"description\":\"\",\"publisher\":{\"@id\":\"https:\/\/www.transtoyou.com\/pl\/#organization\"},\"potentialAction\":[{\"@type\":\"SearchAction\",\"target\":{\"@type\":\"EntryPoint\",\"urlTemplate\":\"https:\/\/www.transtoyou.com\/pl\/?s={search_term_string}\"},\"query-input\":{\"@type\":\"PropertyValueSpecification\",\"valueRequired\":true,\"valueName\":\"search_term_string\"}}],\"inLanguage\":\"pl-PL\"},{\"@type\":\"Organization\",\"@id\":\"https:\/\/www.transtoyou.com\/pl\/#organization\",\"name\":\"Transtoyou - PL\",\"url\":\"https:\/\/www.transtoyou.com\/pl\/\",\"logo\":{\"@type\":\"ImageObject\",\"inLanguage\":\"pl-PL\",\"@id\":\"https:\/\/www.transtoyou.com\/pl\/#\/schema\/logo\/image\/\",\"url\":\"https:\/\/www.transtoyou.com\/pl\/wp-content\/uploads\/sites\/11\/2026\/01\/logo-tty-menu-bar-300x87-1.webp\",\"contentUrl\":\"https:\/\/www.transtoyou.com\/pl\/wp-content\/uploads\/sites\/11\/2026\/01\/logo-tty-menu-bar-300x87-1.webp\",\"width\":300,\"height\":87,\"caption\":\"Transtoyou - PL\"},\"image\":{\"@id\":\"https:\/\/www.transtoyou.com\/pl\/#\/schema\/logo\/image\/\"}}]}<\/script>\n<!-- \/ Yoast SEO plugin. -->","yoast_head_json":{"title":"Diane 35 (Dianette) | Pomoc w tr\u0105dziku i antykoncepcji - Transtoyou","description":"Diane 35 (Dianette) dost\u0119pny w Transtoyou, kontroluje tr\u0105dzik i niechciane ow\u0142osienie, reguluje cykle z korzy\u015bciami antykoncepcyjnymi.","robots":{"index":"noindex","follow":"follow","max-snippet":"max-snippet:-1","max-image-preview":"max-image-preview:large","max-video-preview":"max-video-preview:-1"},"og_locale":"pl_PL","og_type":"article","og_title":"Diane 35 (Dianette) | Pomoc w tr\u0105dziku i antykoncepcji - Transtoyou","og_description":"Diane 35 (Dianette) dost\u0119pny w Transtoyou, kontroluje tr\u0105dzik i niechciane ow\u0142osienie, reguluje cykle z korzy\u015bciami antykoncepcyjnymi.","og_url":"https:\/\/www.transtoyou.com\/pl\/product\/diane-35-dianette\/","og_site_name":"Transtoyou - PL","article_modified_time":"2026-01-25T20:47:26+00:00","twitter_card":"summary_large_image","twitter_misc":{"Szacowany czas czytania":"1 minuta"},"schema":{"@context":"https:\/\/schema.org","@graph":[{"@type":"WebPage","@id":"https:\/\/www.transtoyou.com\/pl\/product\/diane-35-dianette\/","url":"https:\/\/www.transtoyou.com\/pl\/product\/diane-35-dianette\/","name":"Diane 35 (Dianette) | Pomoc w tr\u0105dziku i antykoncepcji - Transtoyou","isPartOf":{"@id":"https:\/\/www.transtoyou.com\/pl\/#website"},"primaryImageOfPage":{"@id":"https:\/\/www.transtoyou.com\/pl\/product\/diane-35-dianette\/#primaryimage"},"image":{"@id":"https:\/\/www.transtoyou.com\/pl\/product\/diane-35-dianette\/#primaryimage"},"thumbnailUrl":"https:\/\/www.transtoyou.com\/pl\/wp-content\/uploads\/sites\/11\/2026\/01\/tty-no-product-image-164.webp","datePublished":"2026-01-25T20:46:15+00:00","dateModified":"2026-01-25T20:47:26+00:00","description":"Diane 35 (Dianette) dost\u0119pny w Transtoyou, kontroluje tr\u0105dzik i niechciane ow\u0142osienie, reguluje cykle z korzy\u015bciami antykoncepcyjnymi.","breadcrumb":{"@id":"https:\/\/www.transtoyou.com\/pl\/product\/diane-35-dianette\/#breadcrumb"},"inLanguage":"pl-PL","potentialAction":[{"@type":"ReadAction","target":["https:\/\/www.transtoyou.com\/pl\/product\/diane-35-dianette\/"]}]},{"@type":"ImageObject","inLanguage":"pl-PL","@id":"https:\/\/www.transtoyou.com\/pl\/product\/diane-35-dianette\/#primaryimage","url":"https:\/\/www.transtoyou.com\/pl\/wp-content\/uploads\/sites\/11\/2026\/01\/tty-no-product-image-164.webp","contentUrl":"https:\/\/www.transtoyou.com\/pl\/wp-content\/uploads\/sites\/11\/2026\/01\/tty-no-product-image-164.webp","width":1000,"height":1000,"caption":"Domy\u015blny obraz produktu"},{"@type":"WebSite","@id":"https:\/\/www.transtoyou.com\/pl\/#website","url":"https:\/\/www.transtoyou.com\/pl\/","name":"Transtoyou - PL","description":"","publisher":{"@id":"https:\/\/www.transtoyou.com\/pl\/#organization"},"potentialAction":[{"@type":"SearchAction","target":{"@type":"EntryPoint","urlTemplate":"https:\/\/www.transtoyou.com\/pl\/?s={search_term_string}"},"query-input":{"@type":"PropertyValueSpecification","valueRequired":true,"valueName":"search_term_string"}}],"inLanguage":"pl-PL"},{"@type":"Organization","@id":"https:\/\/www.transtoyou.com\/pl\/#organization","name":"Transtoyou - PL","url":"https:\/\/www.transtoyou.com\/pl\/","logo":{"@type":"ImageObject","inLanguage":"pl-PL","@id":"https:\/\/www.transtoyou.com\/pl\/#\/schema\/logo\/image\/","url":"https:\/\/www.transtoyou.com\/pl\/wp-content\/uploads\/sites\/11\/2026\/01\/logo-tty-menu-bar-300x87-1.webp","contentUrl":"https:\/\/www.transtoyou.com\/pl\/wp-content\/uploads\/sites\/11\/2026\/01\/logo-tty-menu-bar-300x87-1.webp","width":300,"height":87,"caption":"Transtoyou - PL"},"image":{"@id":"https:\/\/www.transtoyou.com\/pl\/#\/schema\/logo\/image\/"}}]}},"_links":{"self":[{"href":"https:\/\/www.transtoyou.com\/pl\/wp-json\/wp\/v2\/product\/1197","targetHints":{"allow":["GET"]}}],"collection":[{"href":"https:\/\/www.transtoyou.com\/pl\/wp-json\/wp\/v2\/product"}],"about":[{"href":"https:\/\/www.transtoyou.com\/pl\/wp-json\/wp\/v2\/types\/product"}],"replies":[{"embeddable":true,"href":"https:\/\/www.transtoyou.com\/pl\/wp-json\/wp\/v2\/comments?post=1197"}],"wp:featuredmedia":[{"embeddable":true,"href":"https:\/\/www.transtoyou.com\/pl\/wp-json\/wp\/v2\/media\/1199"}],"wp:attachment":[{"href":"https:\/\/www.transtoyou.com\/pl\/wp-json\/wp\/v2\/media?parent=1197"}],"wp:term":[{"taxonomy":"product_brand","embeddable":true,"href":"https:\/\/www.transtoyou.com\/pl\/wp-json\/wp\/v2\/product_brand?post=1197"},{"taxonomy":"product_cat","embeddable":true,"href":"https:\/\/www.transtoyou.com\/pl\/wp-json\/wp\/v2\/product_cat?post=1197"},{"taxonomy":"product_tag","embeddable":true,"href":"https:\/\/www.transtoyou.com\/pl\/wp-json\/wp\/v2\/product_tag?post=1197"},{"taxonomy":"expert","embeddable":true,"href":"https:\/\/www.transtoyou.com\/pl\/wp-json\/wp\/v2\/expert?post=1197"}],"curies":[{"name":"wp","href":"https:\/\/api.w.org\/{rel}","templated":true}]}}