{"id":1209,"date":"2026-01-25T23:57:27","date_gmt":"2026-01-25T21:57:27","guid":{"rendered":"https:\/\/www.transtoyou.com\/pl\/product\/torasemide\/"},"modified":"2026-03-06T15:38:22","modified_gmt":"2026-03-06T13:38:22","slug":"torasemid","status":"publish","type":"product","link":"https:\/\/www.transtoyou.com\/pl\/product\/torasemid\/","title":{"rendered":"Torasemid"},"content":{"rendered":"<p>Torasemid to lek stosowany g\u0142\u00f3wnie w leczeniu zatrzymania p\u0142yn\u00f3w (nazywanego r\u00f3wnie\u017c obrz\u0119kiem) oraz wysokiego ci\u015bnienia krwi. Pomaga organizmowi pozby\u0107 si\u0119 nadmiaru wody i soli przez mocz. To zmniejsza obrz\u0119ki i odci\u0105\u017ca serce.<\/p>\n<p>Torasemid dzia\u0142a w cz\u0119\u015bci nerki, kt\u00f3ra zazwyczaj wch\u0142ania wod\u0119 i s\u00f3l z powrotem do organizmu. Blokuj\u0105c ten proces, lek pomaga wydala\u0107 wi\u0119cej soli i p\u0142yn\u00f3w z moczem. W rezultacie zmniejsza si\u0119 gromadzenie p\u0142yn\u00f3w w organizmie. W przeciwie\u0144stwie do niekt\u00f3rych innych tabletek moczop\u0119dnych, torasemid dzia\u0142a dobrze nawet je\u015bli nerki nie funkcjonuj\u0105 idealnie.<\/p>\n<p>Lekarze przepisuj\u0105 torasemid osobom, kt\u00f3re zatrzymuj\u0105 zbyt du\u017co p\u0142yn\u00f3w z powodu niewydolno\u015bci serca, problem\u00f3w z nerkami lub chor\u00f3b w\u0105troby. Jest r\u00f3wnie\u017c stosowany w celu obni\u017cenia wysokiego ci\u015bnienia krwi, zar\u00f3wno samodzielnie, jak i w po\u0142\u0105czeniu z innymi lekami. Dla os\u00f3b z niewydolno\u015bci\u0105 serca torasemid mo\u017ce pom\u00f3c w objawach takich jak duszno\u015b\u0107 i mo\u017ce zmniejszy\u0107 potrzeb\u0119 wizyt w szpitalu, czasami skuteczniej ni\u017c starsze diuretyki, takie jak furosemid.<\/p>\n<p>Pomagaj\u0105c organizmowi pozby\u0107 si\u0119 nadmiaru p\u0142yn\u00f3w, torasemid zmniejsza obrz\u0119ki w nogach, brzuchu lub p\u0142ucach. Twoje ci\u015bnienie krwi mo\u017ce spa\u015b\u0107, poniewa\u017c w krwiobiegu jest mniej p\u0142yn\u00f3w, co r\u00f3wnie\u017c u\u0142atwia sercu pompowanie. Z biegiem czasu mo\u017ce wspiera\u0107 zdrowie serca, obni\u017caj\u0105c wp\u0142yw niekt\u00f3rych hormon\u00f3w, kt\u00f3re mog\u0105 usztywnia\u0107 serce.<\/p>\n<p>Torasemid ma kilka korzy\u015bci i zazwyczaj wystarczy przyjmowa\u0107 go raz dziennie. Dzia\u0142a d\u0142u\u017cej ni\u017c podobne leki i powoduje mniejsze straty potasu w por\u00f3wnaniu do niekt\u00f3rych innych tabletek moczop\u0119dnych. Cz\u0119sto jest dobrym wyborem dla os\u00f3b z obni\u017con\u0105 funkcj\u0105 nerek. Wi\u0119kszo\u015b\u0107 os\u00f3b dobrze go toleruje. Mog\u0105 wyst\u0105pi\u0107 skutki uboczne, takie jak \u0142agodne zawroty g\u0142owy lub niewielkie zmiany poziomu soli we krwi, ale rzadko oznaczaj\u0105, \u017ce musisz przesta\u0107 stosowa\u0107 ten lek.<\/p>\n","protected":false},"excerpt":{"rendered":"<ul>\n<li>Skutecznie redukuje zatrzymywanie p\u0142yn\u00f3w<\/li>\n<li>Pomaga kontrolowa\u0107 wysokie ci\u015bnienie krwi<\/li>\n<li>Jedna dawka dziennie, d\u0142ugotrwa\u0142a ulga<\/li>\n<\/ul>\n","protected":false},"featured_media":1211,"comment_status":"open","ping_status":"closed","template":"","meta":[],"product_brand":[],"product_cat":[134],"product_tag":[],"expert":[18],"class_list":{"0":"post-1209","1":"product","2":"type-product","3":"status-publish","4":"has-post-thumbnail","6":"product_cat-nadcisnienie-tetnicze","7":"expert-dr-g-varbanov","9":"first","10":"instock","11":"shipping-taxable","12":"product-type-variable"},"yoast_head":"<!-- This site is optimized with the Yoast SEO plugin v27.0 - https:\/\/yoast.com\/product\/yoast-seo-wordpress\/ -->\n<title>Torasemid | Skuteczna Ulga w P\u0142ynach - Transtoyou<\/title>\n<meta name=\"description\" content=\"Torasemid dost\u0119pny w Transtoyou skutecznie leczy zatrzymanie p\u0142yn\u00f3w i nadci\u015bnienie. Odkryj jego korzy\u015bci i zam\u00f3w teraz dla lepszego zdrowia.\" \/>\n<meta name=\"robots\" content=\"noindex, follow, max-snippet:-1, max-image-preview:large, max-video-preview:-1\" \/>\n<meta property=\"og:locale\" content=\"pl_PL\" \/>\n<meta property=\"og:type\" content=\"article\" \/>\n<meta property=\"og:title\" content=\"Torasemid | Skuteczna Ulga w P\u0142ynach - Transtoyou\" \/>\n<meta property=\"og:description\" content=\"Torasemid dost\u0119pny w Transtoyou skutecznie leczy zatrzymanie p\u0142yn\u00f3w i nadci\u015bnienie. Odkryj jego korzy\u015bci i zam\u00f3w teraz dla lepszego zdrowia.\" \/>\n<meta property=\"og:url\" content=\"https:\/\/www.transtoyou.com\/pl\/product\/torasemide\/\" \/>\n<meta property=\"og:site_name\" content=\"Transtoyou - PL\" \/>\n<meta property=\"article:modified_time\" content=\"2026-03-06T13:38:22+00:00\" \/>\n<meta name=\"twitter:card\" content=\"summary_large_image\" \/>\n<meta name=\"twitter:label1\" content=\"Szacowany czas czytania\" \/>\n\t<meta name=\"twitter:data1\" content=\"2 minuty\" \/>\n<script type=\"application\/ld+json\" class=\"yoast-schema-graph\">{\"@context\":\"https:\/\/schema.org\",\"@graph\":[{\"@type\":\"WebPage\",\"@id\":\"https:\/\/www.transtoyou.com\/pl\/product\/torasemide\/\",\"url\":\"https:\/\/www.transtoyou.com\/pl\/product\/torasemide\/\",\"name\":\"Torasemid | Skuteczna Ulga w P\u0142ynach - Transtoyou\",\"isPartOf\":{\"@id\":\"https:\/\/www.transtoyou.com\/pl\/#website\"},\"primaryImageOfPage\":{\"@id\":\"https:\/\/www.transtoyou.com\/pl\/product\/torasemide\/#primaryimage\"},\"image\":{\"@id\":\"https:\/\/www.transtoyou.com\/pl\/product\/torasemide\/#primaryimage\"},\"thumbnailUrl\":\"https:\/\/www.transtoyou.com\/pl\/wp-content\/uploads\/sites\/11\/2026\/01\/tty-no-product-image-168.webp\",\"datePublished\":\"2026-01-25T21:57:27+00:00\",\"dateModified\":\"2026-03-06T13:38:22+00:00\",\"description\":\"Torasemid dost\u0119pny w Transtoyou skutecznie leczy zatrzymanie p\u0142yn\u00f3w i nadci\u015bnienie. Odkryj jego korzy\u015bci i zam\u00f3w teraz dla lepszego zdrowia.\",\"breadcrumb\":{\"@id\":\"https:\/\/www.transtoyou.com\/pl\/product\/torasemide\/#breadcrumb\"},\"inLanguage\":\"pl-PL\",\"potentialAction\":[{\"@type\":\"ReadAction\",\"target\":[\"https:\/\/www.transtoyou.com\/pl\/product\/torasemide\/\"]}]},{\"@type\":\"ImageObject\",\"inLanguage\":\"pl-PL\",\"@id\":\"https:\/\/www.transtoyou.com\/pl\/product\/torasemide\/#primaryimage\",\"url\":\"https:\/\/www.transtoyou.com\/pl\/wp-content\/uploads\/sites\/11\/2026\/01\/tty-no-product-image-168.webp\",\"contentUrl\":\"https:\/\/www.transtoyou.com\/pl\/wp-content\/uploads\/sites\/11\/2026\/01\/tty-no-product-image-168.webp\",\"width\":1000,\"height\":1000,\"caption\":\"Domy\u015blny obraz produktu\"},{\"@type\":\"WebSite\",\"@id\":\"https:\/\/www.transtoyou.com\/pl\/#website\",\"url\":\"https:\/\/www.transtoyou.com\/pl\/\",\"name\":\"Transtoyou - PL\",\"description\":\"\",\"publisher\":{\"@id\":\"https:\/\/www.transtoyou.com\/pl\/#organization\"},\"potentialAction\":[{\"@type\":\"SearchAction\",\"target\":{\"@type\":\"EntryPoint\",\"urlTemplate\":\"https:\/\/www.transtoyou.com\/pl\/?s={search_term_string}\"},\"query-input\":{\"@type\":\"PropertyValueSpecification\",\"valueRequired\":true,\"valueName\":\"search_term_string\"}}],\"inLanguage\":\"pl-PL\"},{\"@type\":\"Organization\",\"@id\":\"https:\/\/www.transtoyou.com\/pl\/#organization\",\"name\":\"Transtoyou - PL\",\"url\":\"https:\/\/www.transtoyou.com\/pl\/\",\"logo\":{\"@type\":\"ImageObject\",\"inLanguage\":\"pl-PL\",\"@id\":\"https:\/\/www.transtoyou.com\/pl\/#\/schema\/logo\/image\/\",\"url\":\"https:\/\/www.transtoyou.com\/pl\/wp-content\/uploads\/sites\/11\/2026\/01\/logo-tty-menu-bar-300x87-1.webp\",\"contentUrl\":\"https:\/\/www.transtoyou.com\/pl\/wp-content\/uploads\/sites\/11\/2026\/01\/logo-tty-menu-bar-300x87-1.webp\",\"width\":300,\"height\":87,\"caption\":\"Transtoyou - PL\"},\"image\":{\"@id\":\"https:\/\/www.transtoyou.com\/pl\/#\/schema\/logo\/image\/\"}}]}<\/script>\n<!-- \/ Yoast SEO plugin. -->","yoast_head_json":{"title":"Torasemid | Skuteczna Ulga w P\u0142ynach - Transtoyou","description":"Torasemid dost\u0119pny w Transtoyou skutecznie leczy zatrzymanie p\u0142yn\u00f3w i nadci\u015bnienie. Odkryj jego korzy\u015bci i zam\u00f3w teraz dla lepszego zdrowia.","robots":{"index":"noindex","follow":"follow","max-snippet":"max-snippet:-1","max-image-preview":"max-image-preview:large","max-video-preview":"max-video-preview:-1"},"og_locale":"pl_PL","og_type":"article","og_title":"Torasemid | Skuteczna Ulga w P\u0142ynach - Transtoyou","og_description":"Torasemid dost\u0119pny w Transtoyou skutecznie leczy zatrzymanie p\u0142yn\u00f3w i nadci\u015bnienie. Odkryj jego korzy\u015bci i zam\u00f3w teraz dla lepszego zdrowia.","og_url":"https:\/\/www.transtoyou.com\/pl\/product\/torasemide\/","og_site_name":"Transtoyou - PL","article_modified_time":"2026-03-06T13:38:22+00:00","twitter_card":"summary_large_image","twitter_misc":{"Szacowany czas czytania":"2 minuty"},"schema":{"@context":"https:\/\/schema.org","@graph":[{"@type":"WebPage","@id":"https:\/\/www.transtoyou.com\/pl\/product\/torasemide\/","url":"https:\/\/www.transtoyou.com\/pl\/product\/torasemide\/","name":"Torasemid | Skuteczna Ulga w P\u0142ynach - Transtoyou","isPartOf":{"@id":"https:\/\/www.transtoyou.com\/pl\/#website"},"primaryImageOfPage":{"@id":"https:\/\/www.transtoyou.com\/pl\/product\/torasemide\/#primaryimage"},"image":{"@id":"https:\/\/www.transtoyou.com\/pl\/product\/torasemide\/#primaryimage"},"thumbnailUrl":"https:\/\/www.transtoyou.com\/pl\/wp-content\/uploads\/sites\/11\/2026\/01\/tty-no-product-image-168.webp","datePublished":"2026-01-25T21:57:27+00:00","dateModified":"2026-03-06T13:38:22+00:00","description":"Torasemid dost\u0119pny w Transtoyou skutecznie leczy zatrzymanie p\u0142yn\u00f3w i nadci\u015bnienie. Odkryj jego korzy\u015bci i zam\u00f3w teraz dla lepszego zdrowia.","breadcrumb":{"@id":"https:\/\/www.transtoyou.com\/pl\/product\/torasemide\/#breadcrumb"},"inLanguage":"pl-PL","potentialAction":[{"@type":"ReadAction","target":["https:\/\/www.transtoyou.com\/pl\/product\/torasemide\/"]}]},{"@type":"ImageObject","inLanguage":"pl-PL","@id":"https:\/\/www.transtoyou.com\/pl\/product\/torasemide\/#primaryimage","url":"https:\/\/www.transtoyou.com\/pl\/wp-content\/uploads\/sites\/11\/2026\/01\/tty-no-product-image-168.webp","contentUrl":"https:\/\/www.transtoyou.com\/pl\/wp-content\/uploads\/sites\/11\/2026\/01\/tty-no-product-image-168.webp","width":1000,"height":1000,"caption":"Domy\u015blny obraz produktu"},{"@type":"WebSite","@id":"https:\/\/www.transtoyou.com\/pl\/#website","url":"https:\/\/www.transtoyou.com\/pl\/","name":"Transtoyou - PL","description":"","publisher":{"@id":"https:\/\/www.transtoyou.com\/pl\/#organization"},"potentialAction":[{"@type":"SearchAction","target":{"@type":"EntryPoint","urlTemplate":"https:\/\/www.transtoyou.com\/pl\/?s={search_term_string}"},"query-input":{"@type":"PropertyValueSpecification","valueRequired":true,"valueName":"search_term_string"}}],"inLanguage":"pl-PL"},{"@type":"Organization","@id":"https:\/\/www.transtoyou.com\/pl\/#organization","name":"Transtoyou - PL","url":"https:\/\/www.transtoyou.com\/pl\/","logo":{"@type":"ImageObject","inLanguage":"pl-PL","@id":"https:\/\/www.transtoyou.com\/pl\/#\/schema\/logo\/image\/","url":"https:\/\/www.transtoyou.com\/pl\/wp-content\/uploads\/sites\/11\/2026\/01\/logo-tty-menu-bar-300x87-1.webp","contentUrl":"https:\/\/www.transtoyou.com\/pl\/wp-content\/uploads\/sites\/11\/2026\/01\/logo-tty-menu-bar-300x87-1.webp","width":300,"height":87,"caption":"Transtoyou - PL"},"image":{"@id":"https:\/\/www.transtoyou.com\/pl\/#\/schema\/logo\/image\/"}}]}},"_links":{"self":[{"href":"https:\/\/www.transtoyou.com\/pl\/wp-json\/wp\/v2\/product\/1209","targetHints":{"allow":["GET"]}}],"collection":[{"href":"https:\/\/www.transtoyou.com\/pl\/wp-json\/wp\/v2\/product"}],"about":[{"href":"https:\/\/www.transtoyou.com\/pl\/wp-json\/wp\/v2\/types\/product"}],"replies":[{"embeddable":true,"href":"https:\/\/www.transtoyou.com\/pl\/wp-json\/wp\/v2\/comments?post=1209"}],"wp:featuredmedia":[{"embeddable":true,"href":"https:\/\/www.transtoyou.com\/pl\/wp-json\/wp\/v2\/media\/1211"}],"wp:attachment":[{"href":"https:\/\/www.transtoyou.com\/pl\/wp-json\/wp\/v2\/media?parent=1209"}],"wp:term":[{"taxonomy":"product_brand","embeddable":true,"href":"https:\/\/www.transtoyou.com\/pl\/wp-json\/wp\/v2\/product_brand?post=1209"},{"taxonomy":"product_cat","embeddable":true,"href":"https:\/\/www.transtoyou.com\/pl\/wp-json\/wp\/v2\/product_cat?post=1209"},{"taxonomy":"product_tag","embeddable":true,"href":"https:\/\/www.transtoyou.com\/pl\/wp-json\/wp\/v2\/product_tag?post=1209"},{"taxonomy":"expert","embeddable":true,"href":"https:\/\/www.transtoyou.com\/pl\/wp-json\/wp\/v2\/expert?post=1209"}],"curies":[{"name":"wp","href":"https:\/\/api.w.org\/{rel}","templated":true}]}}