{"id":1212,"date":"2026-01-26T00:14:02","date_gmt":"2026-01-25T22:14:02","guid":{"rendered":"https:\/\/www.transtoyou.com\/pl\/product\/propecia\/"},"modified":"2026-03-01T16:30:46","modified_gmt":"2026-03-01T14:30:46","slug":"propecia","status":"publish","type":"product","link":"https:\/\/www.transtoyou.com\/pl\/product\/propecia\/","title":{"rendered":"Propecia"},"content":{"rendered":"<p>Propecia to lek stosowany w leczeniu m\u0119skiego wzorca utraty w\u0142os\u00f3w, znanego r\u00f3wnie\u017c jako androgenowa alopecja, u doros\u0142ych m\u0119\u017cczyzn. Zawiera substancj\u0119 czynn\u0105 finasteryd, kt\u00f3ra nale\u017cy do grupy lek\u00f3w zwanych inhibitorami 5\u03b1-reduktazy.<\/p>\n<p>Propecia dzia\u0142a poprzez celowanie w specyficzny enzym w organizmie zwany 5\u03b1-reduktaz\u0105 typu II. Enzym ten odpowiada za przekszta\u0142canie testosteronu w dihydrotestosteron (DHT), hormon zwi\u0105zany z utrat\u0105 w\u0142os\u00f3w u m\u0119\u017cczyzn genetycznie podatnych. Blokuj\u0105c ten enzym, Propecia obni\u017ca poziomy DHT w sk\u00f3rze g\u0142owy i krwi, co pomaga spowolni\u0107 utrat\u0119 w\u0142os\u00f3w, a nawet mo\u017ce zach\u0119ca\u0107 do wzrostu nowych w\u0142os\u00f3w u niekt\u00f3rych m\u0119\u017cczyzn.<\/p>\n<p>Propecia jest stosowana specjalnie w leczeniu m\u0119skiego wzorca utraty w\u0142os\u00f3w, szczeg\u00f3lnie na czubku (g\u00f3rze) i w \u015brodkowej cz\u0119\u015bci czo\u0142a sk\u00f3ry g\u0142owy. Nie jest przeznaczona do stosowania u kobiet ani dzieci i nie jest skuteczna w przypadku innych typ\u00f3w utraty w\u0142os\u00f3w.<\/p>\n<p>Poprzez redukcj\u0119 poziomu DHT, Propecia pomaga zapobiega\u0107 kurczeniu si\u0119 (miniaturyzacji) mieszk\u00f3w w\u0142osowych, co jest g\u0142\u00f3wn\u0105 przyczyn\u0105 przerzedzania si\u0119 w\u0142os\u00f3w i \u0142ysienia w m\u0119skim wzorcu utraty w\u0142os\u00f3w. Dzia\u0142anie to pozwala mieszkom w\u0142osowym pozosta\u0107 zdrowymi przez d\u0142u\u017cszy czas, utrzymuj\u0105c g\u0119sto\u015b\u0107 w\u0142os\u00f3w, a czasami promuj\u0105c odrost w\u0142os\u00f3w, kt\u00f3re zosta\u0142y niedawno utracone.<\/p>\n<p>G\u0142\u00f3wn\u0105 korzy\u015bci\u0105 stosowania Propecii jest jej zdolno\u015b\u0107 do spowolnienia lub zatrzymania utraty w\u0142os\u00f3w u m\u0119\u017cczyzn z m\u0119skim wzorcem \u0142ysienia. Wielu m\u0119\u017cczyzn zauwa\u017ca, \u017ce ich utrata w\u0142os\u00f3w spowalnia po oko\u0142o trzech miesi\u0105cach regularnego stosowania, a niekt\u00f3rzy do\u015bwiadczaj\u0105 g\u0119stszych w\u0142os\u00f3w lub odrostu, szczeg\u00f3lnie na czubku g\u0142owy. Efekty utrzymuj\u0105 si\u0119 tak d\u0142ugo, jak lek jest przyjmowany regularnie. Propecia jest przyjmowana w postaci tabletki raz dziennie, co czyni j\u0105 wygodn\u0105 w u\u017cyciu. Zazwyczaj jest dobrze tolerowana, a wi\u0119kszo\u015b\u0107 m\u0119\u017cczyzn do\u015bwiadcza niewielu skutk\u00f3w ubocznych. Jednak po zaprzestaniu stosowania leku, wszelkie w\u0142osy, kt\u00f3re zosta\u0142y zdobyte lub utrzymane, zazwyczaj wypadaj\u0105 w ci\u0105gu roku.<\/p>\n","protected":false},"excerpt":{"rendered":"<ul>\n<li>Spowalnia i zapobiega wypadaniu w\u0142os\u00f3w<\/li>\n<li>Wspomaga odrost w\u0142os\u00f3w u m\u0119\u017cczyzn<\/li>\n<li>Wygodna tabletka do za\u017cywania raz dziennie<\/li>\n<\/ul>\n","protected":false},"featured_media":1214,"comment_status":"open","ping_status":"closed","template":"","meta":[],"product_brand":[],"product_cat":[127],"product_tag":[],"expert":[18],"class_list":{"0":"post-1212","1":"product","2":"type-product","3":"status-publish","4":"has-post-thumbnail","6":"product_cat-rozwiazania-na-wypadanie-wlosow","7":"expert-dr-g-varbanov","9":"first","10":"instock","11":"shipping-taxable","12":"purchasable","13":"product-type-variable"},"yoast_head":"<!-- This site is optimized with the Yoast SEO plugin v27.0 - https:\/\/yoast.com\/product\/yoast-seo-wordpress\/ -->\n<title>Propecia | Skuteczne rozwi\u0105zanie na wypadanie w\u0142os\u00f3w - Transtoyou<\/title>\n<meta name=\"description\" content=\"Odkryj Propecj\u0119 na leczenie m\u0119skiego wypadania w\u0142os\u00f3w w Transtoyou. Zam\u00f3w online ju\u017c dzi\u015b i skorzystaj z zatwierdzonych rozwi\u0105za\u0144.\" \/>\n<meta name=\"robots\" content=\"noindex, follow, max-snippet:-1, max-image-preview:large, max-video-preview:-1\" \/>\n<meta property=\"og:locale\" content=\"pl_PL\" \/>\n<meta property=\"og:type\" content=\"article\" \/>\n<meta property=\"og:title\" content=\"Propecia | Skuteczne rozwi\u0105zanie na wypadanie w\u0142os\u00f3w - Transtoyou\" \/>\n<meta property=\"og:description\" content=\"Odkryj Propecj\u0119 na leczenie m\u0119skiego wypadania w\u0142os\u00f3w w Transtoyou. Zam\u00f3w online ju\u017c dzi\u015b i skorzystaj z zatwierdzonych rozwi\u0105za\u0144.\" \/>\n<meta property=\"og:url\" content=\"https:\/\/www.transtoyou.com\/pl\/product\/propecia\/\" \/>\n<meta property=\"og:site_name\" content=\"Transtoyou - PL\" \/>\n<meta property=\"article:modified_time\" content=\"2026-03-01T14:30:46+00:00\" \/>\n<meta name=\"twitter:card\" content=\"summary_large_image\" \/>\n<meta name=\"twitter:label1\" content=\"Szacowany czas czytania\" \/>\n\t<meta name=\"twitter:data1\" content=\"2 minuty\" \/>\n<script type=\"application\/ld+json\" class=\"yoast-schema-graph\">{\"@context\":\"https:\/\/schema.org\",\"@graph\":[{\"@type\":\"WebPage\",\"@id\":\"https:\/\/www.transtoyou.com\/pl\/product\/propecia\/\",\"url\":\"https:\/\/www.transtoyou.com\/pl\/product\/propecia\/\",\"name\":\"Propecia | Skuteczne rozwi\u0105zanie na wypadanie w\u0142os\u00f3w - Transtoyou\",\"isPartOf\":{\"@id\":\"https:\/\/www.transtoyou.com\/pl\/#website\"},\"primaryImageOfPage\":{\"@id\":\"https:\/\/www.transtoyou.com\/pl\/product\/propecia\/#primaryimage\"},\"image\":{\"@id\":\"https:\/\/www.transtoyou.com\/pl\/product\/propecia\/#primaryimage\"},\"thumbnailUrl\":\"https:\/\/www.transtoyou.com\/pl\/wp-content\/uploads\/sites\/11\/2026\/01\/tty-no-product-image-169.webp\",\"datePublished\":\"2026-01-25T22:14:02+00:00\",\"dateModified\":\"2026-03-01T14:30:46+00:00\",\"description\":\"Odkryj Propecj\u0119 na leczenie m\u0119skiego wypadania w\u0142os\u00f3w w Transtoyou. Zam\u00f3w online ju\u017c dzi\u015b i skorzystaj z zatwierdzonych rozwi\u0105za\u0144.\",\"breadcrumb\":{\"@id\":\"https:\/\/www.transtoyou.com\/pl\/product\/propecia\/#breadcrumb\"},\"inLanguage\":\"pl-PL\",\"potentialAction\":[{\"@type\":\"ReadAction\",\"target\":[\"https:\/\/www.transtoyou.com\/pl\/product\/propecia\/\"]}]},{\"@type\":\"ImageObject\",\"inLanguage\":\"pl-PL\",\"@id\":\"https:\/\/www.transtoyou.com\/pl\/product\/propecia\/#primaryimage\",\"url\":\"https:\/\/www.transtoyou.com\/pl\/wp-content\/uploads\/sites\/11\/2026\/01\/tty-no-product-image-169.webp\",\"contentUrl\":\"https:\/\/www.transtoyou.com\/pl\/wp-content\/uploads\/sites\/11\/2026\/01\/tty-no-product-image-169.webp\",\"width\":1000,\"height\":1000,\"caption\":\"Domy\u015blny obraz produktu\"},{\"@type\":\"WebSite\",\"@id\":\"https:\/\/www.transtoyou.com\/pl\/#website\",\"url\":\"https:\/\/www.transtoyou.com\/pl\/\",\"name\":\"Transtoyou - PL\",\"description\":\"\",\"publisher\":{\"@id\":\"https:\/\/www.transtoyou.com\/pl\/#organization\"},\"potentialAction\":[{\"@type\":\"SearchAction\",\"target\":{\"@type\":\"EntryPoint\",\"urlTemplate\":\"https:\/\/www.transtoyou.com\/pl\/?s={search_term_string}\"},\"query-input\":{\"@type\":\"PropertyValueSpecification\",\"valueRequired\":true,\"valueName\":\"search_term_string\"}}],\"inLanguage\":\"pl-PL\"},{\"@type\":\"Organization\",\"@id\":\"https:\/\/www.transtoyou.com\/pl\/#organization\",\"name\":\"Transtoyou - PL\",\"url\":\"https:\/\/www.transtoyou.com\/pl\/\",\"logo\":{\"@type\":\"ImageObject\",\"inLanguage\":\"pl-PL\",\"@id\":\"https:\/\/www.transtoyou.com\/pl\/#\/schema\/logo\/image\/\",\"url\":\"https:\/\/www.transtoyou.com\/pl\/wp-content\/uploads\/sites\/11\/2026\/01\/logo-tty-menu-bar-300x87-1.webp\",\"contentUrl\":\"https:\/\/www.transtoyou.com\/pl\/wp-content\/uploads\/sites\/11\/2026\/01\/logo-tty-menu-bar-300x87-1.webp\",\"width\":300,\"height\":87,\"caption\":\"Transtoyou - PL\"},\"image\":{\"@id\":\"https:\/\/www.transtoyou.com\/pl\/#\/schema\/logo\/image\/\"}}]}<\/script>\n<!-- \/ Yoast SEO plugin. -->","yoast_head_json":{"title":"Propecia | Skuteczne rozwi\u0105zanie na wypadanie w\u0142os\u00f3w - Transtoyou","description":"Odkryj Propecj\u0119 na leczenie m\u0119skiego wypadania w\u0142os\u00f3w w Transtoyou. Zam\u00f3w online ju\u017c dzi\u015b i skorzystaj z zatwierdzonych rozwi\u0105za\u0144.","robots":{"index":"noindex","follow":"follow","max-snippet":"max-snippet:-1","max-image-preview":"max-image-preview:large","max-video-preview":"max-video-preview:-1"},"og_locale":"pl_PL","og_type":"article","og_title":"Propecia | Skuteczne rozwi\u0105zanie na wypadanie w\u0142os\u00f3w - Transtoyou","og_description":"Odkryj Propecj\u0119 na leczenie m\u0119skiego wypadania w\u0142os\u00f3w w Transtoyou. Zam\u00f3w online ju\u017c dzi\u015b i skorzystaj z zatwierdzonych rozwi\u0105za\u0144.","og_url":"https:\/\/www.transtoyou.com\/pl\/product\/propecia\/","og_site_name":"Transtoyou - PL","article_modified_time":"2026-03-01T14:30:46+00:00","twitter_card":"summary_large_image","twitter_misc":{"Szacowany czas czytania":"2 minuty"},"schema":{"@context":"https:\/\/schema.org","@graph":[{"@type":"WebPage","@id":"https:\/\/www.transtoyou.com\/pl\/product\/propecia\/","url":"https:\/\/www.transtoyou.com\/pl\/product\/propecia\/","name":"Propecia | Skuteczne rozwi\u0105zanie na wypadanie w\u0142os\u00f3w - Transtoyou","isPartOf":{"@id":"https:\/\/www.transtoyou.com\/pl\/#website"},"primaryImageOfPage":{"@id":"https:\/\/www.transtoyou.com\/pl\/product\/propecia\/#primaryimage"},"image":{"@id":"https:\/\/www.transtoyou.com\/pl\/product\/propecia\/#primaryimage"},"thumbnailUrl":"https:\/\/www.transtoyou.com\/pl\/wp-content\/uploads\/sites\/11\/2026\/01\/tty-no-product-image-169.webp","datePublished":"2026-01-25T22:14:02+00:00","dateModified":"2026-03-01T14:30:46+00:00","description":"Odkryj Propecj\u0119 na leczenie m\u0119skiego wypadania w\u0142os\u00f3w w Transtoyou. Zam\u00f3w online ju\u017c dzi\u015b i skorzystaj z zatwierdzonych rozwi\u0105za\u0144.","breadcrumb":{"@id":"https:\/\/www.transtoyou.com\/pl\/product\/propecia\/#breadcrumb"},"inLanguage":"pl-PL","potentialAction":[{"@type":"ReadAction","target":["https:\/\/www.transtoyou.com\/pl\/product\/propecia\/"]}]},{"@type":"ImageObject","inLanguage":"pl-PL","@id":"https:\/\/www.transtoyou.com\/pl\/product\/propecia\/#primaryimage","url":"https:\/\/www.transtoyou.com\/pl\/wp-content\/uploads\/sites\/11\/2026\/01\/tty-no-product-image-169.webp","contentUrl":"https:\/\/www.transtoyou.com\/pl\/wp-content\/uploads\/sites\/11\/2026\/01\/tty-no-product-image-169.webp","width":1000,"height":1000,"caption":"Domy\u015blny obraz produktu"},{"@type":"WebSite","@id":"https:\/\/www.transtoyou.com\/pl\/#website","url":"https:\/\/www.transtoyou.com\/pl\/","name":"Transtoyou - PL","description":"","publisher":{"@id":"https:\/\/www.transtoyou.com\/pl\/#organization"},"potentialAction":[{"@type":"SearchAction","target":{"@type":"EntryPoint","urlTemplate":"https:\/\/www.transtoyou.com\/pl\/?s={search_term_string}"},"query-input":{"@type":"PropertyValueSpecification","valueRequired":true,"valueName":"search_term_string"}}],"inLanguage":"pl-PL"},{"@type":"Organization","@id":"https:\/\/www.transtoyou.com\/pl\/#organization","name":"Transtoyou - PL","url":"https:\/\/www.transtoyou.com\/pl\/","logo":{"@type":"ImageObject","inLanguage":"pl-PL","@id":"https:\/\/www.transtoyou.com\/pl\/#\/schema\/logo\/image\/","url":"https:\/\/www.transtoyou.com\/pl\/wp-content\/uploads\/sites\/11\/2026\/01\/logo-tty-menu-bar-300x87-1.webp","contentUrl":"https:\/\/www.transtoyou.com\/pl\/wp-content\/uploads\/sites\/11\/2026\/01\/logo-tty-menu-bar-300x87-1.webp","width":300,"height":87,"caption":"Transtoyou - PL"},"image":{"@id":"https:\/\/www.transtoyou.com\/pl\/#\/schema\/logo\/image\/"}}]}},"_links":{"self":[{"href":"https:\/\/www.transtoyou.com\/pl\/wp-json\/wp\/v2\/product\/1212","targetHints":{"allow":["GET"]}}],"collection":[{"href":"https:\/\/www.transtoyou.com\/pl\/wp-json\/wp\/v2\/product"}],"about":[{"href":"https:\/\/www.transtoyou.com\/pl\/wp-json\/wp\/v2\/types\/product"}],"replies":[{"embeddable":true,"href":"https:\/\/www.transtoyou.com\/pl\/wp-json\/wp\/v2\/comments?post=1212"}],"wp:featuredmedia":[{"embeddable":true,"href":"https:\/\/www.transtoyou.com\/pl\/wp-json\/wp\/v2\/media\/1214"}],"wp:attachment":[{"href":"https:\/\/www.transtoyou.com\/pl\/wp-json\/wp\/v2\/media?parent=1212"}],"wp:term":[{"taxonomy":"product_brand","embeddable":true,"href":"https:\/\/www.transtoyou.com\/pl\/wp-json\/wp\/v2\/product_brand?post=1212"},{"taxonomy":"product_cat","embeddable":true,"href":"https:\/\/www.transtoyou.com\/pl\/wp-json\/wp\/v2\/product_cat?post=1212"},{"taxonomy":"product_tag","embeddable":true,"href":"https:\/\/www.transtoyou.com\/pl\/wp-json\/wp\/v2\/product_tag?post=1212"},{"taxonomy":"expert","embeddable":true,"href":"https:\/\/www.transtoyou.com\/pl\/wp-json\/wp\/v2\/expert?post=1212"}],"curies":[{"name":"wp","href":"https:\/\/api.w.org\/{rel}","templated":true}]}}