{"id":1215,"date":"2026-01-26T00:29:43","date_gmt":"2026-01-25T22:29:43","guid":{"rendered":"https:\/\/www.transtoyou.com\/pl\/product\/condyline-condylox\/"},"modified":"2026-01-26T00:30:32","modified_gmt":"2026-01-25T22:30:32","slug":"condyline-condylox","status":"publish","type":"product","link":"https:\/\/www.transtoyou.com\/pl\/product\/condyline-condylox\/","title":{"rendered":"Condyline (Condylox)"},"content":{"rendered":"<p>Condyline zawiera podofilotoksyn\u0119, zwi\u0105zek pochodzenia ro\u015blinnego, kt\u00f3ry dzia\u0142a jako \u015brodek cytotoksyczny (zabija niepo\u017c\u0105dane kom\u00f3rki). Dzia\u0142a poprzez hamowanie podzia\u0142u kom\u00f3rek i syntezy DNA (powstrzymuje wzrost i mno\u017cenie si\u0119 kom\u00f3rek brodawczaka). Podofilotoksyna wi\u0105\u017ce si\u0119 z bia\u0142kiem zwanym tubulin\u0105, zapobiegaj\u0105c tworzeniu mikrotubuli, co powoduje \u015bmier\u0107 kom\u00f3rek brodawczaka.<\/p>\n<p>Ten lek jest stosowany w leczeniu brodawek genitalnych na zewn\u0119trznych narz\u0105dach p\u0142ciowych. Pomaga organizmowi pozby\u0107 si\u0119 brodawek w miar\u0119 up\u0142ywu czasu, atakuj\u0105c tylko nieprawid\u0142ow\u0105 sk\u00f3r\u0119, a nie zdrow\u0105 sk\u00f3r\u0119 wok\u00f3\u0142.<\/p>\n<p>Condyline stosuje si\u0119 bezpo\u015brednio na brodawki, zazwyczaj dwa razy dziennie przez trzy dni, po czym nast\u0119puje przerwa czterodniowa. Ten tygodniowy cykl mo\u017cna powtarza\u0107 przez maksymalnie cztery tygodnie, w zale\u017cno\u015bci od tego, jak dobrze brodawki reaguj\u0105.<\/p>\n<p>G\u0142\u00f3wn\u0105 zalet\u0105 Condyline jest to, \u017ce jest to leczenie nieinwazyjne (nie wymaga operacji ani zamra\u017cania). Jest \u0142atwy w u\u017cyciu w domu, ale musi by\u0107 stosowany bardzo ostro\u017cnie, poniewa\u017c mo\u017ce powodowa\u0107 podra\u017cnienia sk\u00f3ry lub owrzodzenia, je\u015bli u\u017cyje si\u0119 go za du\u017co lub je\u015bli zostanie na\u0142o\u017cony na zdrow\u0105 sk\u00f3r\u0119.<\/p>\n<p>Powstrzymuj\u0105c wzrost kom\u00f3rek brodawczaka i pomagaj\u0105c im si\u0119 rozk\u0142ada\u0107, Condyline wspiera tw\u00f3j organizm w oczyszczaniu si\u0119 z zmian sk\u00f3rnych zwi\u0105zanych z HPV.<\/p>\n","protected":false},"excerpt":{"rendered":"<ul>\n<li>Celuje w tkank\u0119 brodawek p\u0142ciowych<\/li>\n<li>Powstrzymuje wzrost kom\u00f3rek brodawek<\/li>\n<li>Do kr\u00f3tkoterminowego leczenia miejscowego<\/li>\n<\/ul>\n","protected":false},"featured_media":1216,"comment_status":"open","ping_status":"closed","template":"","meta":[],"product_brand":[],"product_cat":[123,174],"product_tag":[],"expert":[17],"class_list":{"0":"post-1215","1":"product","2":"type-product","3":"status-publish","4":"has-post-thumbnail","6":"product_cat-brodawek-plciowych","7":"product_cat-brody","8":"expert-dr-c-munoz-parada","10":"first","11":"instock","12":"shipping-taxable","13":"product-type-simple"},"yoast_head":"<!-- This site is optimized with the Yoast SEO plugin v27.0 - https:\/\/yoast.com\/product\/yoast-seo-wordpress\/ -->\n<title>Condyline (Condylox) - Skuteczne Leczenie Brodawek | Transtoyou<\/title>\n<meta name=\"description\" content=\"Condyline (Condylox) na brodawki p\u0142ciowe. Zam\u00f3w online w Transtoyou. Skuteczny, \u0142atwy w u\u017cyciu w domu. Rozpocznij leczenie ju\u017c dzi\u015b, dost\u0119pny teraz.\" \/>\n<meta name=\"robots\" content=\"noindex, follow, max-snippet:-1, max-image-preview:large, max-video-preview:-1\" \/>\n<meta property=\"og:locale\" content=\"pl_PL\" \/>\n<meta property=\"og:type\" content=\"article\" \/>\n<meta property=\"og:title\" content=\"Condyline (Condylox) - Skuteczne Leczenie Brodawek | Transtoyou\" \/>\n<meta property=\"og:description\" content=\"Condyline (Condylox) na brodawki p\u0142ciowe. Zam\u00f3w online w Transtoyou. Skuteczny, \u0142atwy w u\u017cyciu w domu. Rozpocznij leczenie ju\u017c dzi\u015b, dost\u0119pny teraz.\" \/>\n<meta property=\"og:url\" content=\"https:\/\/www.transtoyou.com\/pl\/product\/condyline-condylox\/\" \/>\n<meta property=\"og:site_name\" content=\"Transtoyou - PL\" \/>\n<meta property=\"article:modified_time\" content=\"2026-01-25T22:30:32+00:00\" \/>\n<meta name=\"twitter:card\" content=\"summary_large_image\" \/>\n<meta name=\"twitter:label1\" content=\"Szacowany czas czytania\" \/>\n\t<meta name=\"twitter:data1\" content=\"1 minuta\" \/>\n<script type=\"application\/ld+json\" class=\"yoast-schema-graph\">{\"@context\":\"https:\/\/schema.org\",\"@graph\":[{\"@type\":\"WebPage\",\"@id\":\"https:\/\/www.transtoyou.com\/pl\/product\/condyline-condylox\/\",\"url\":\"https:\/\/www.transtoyou.com\/pl\/product\/condyline-condylox\/\",\"name\":\"Condyline (Condylox) - Skuteczne Leczenie Brodawek | Transtoyou\",\"isPartOf\":{\"@id\":\"https:\/\/www.transtoyou.com\/pl\/#website\"},\"primaryImageOfPage\":{\"@id\":\"https:\/\/www.transtoyou.com\/pl\/product\/condyline-condylox\/#primaryimage\"},\"image\":{\"@id\":\"https:\/\/www.transtoyou.com\/pl\/product\/condyline-condylox\/#primaryimage\"},\"thumbnailUrl\":\"https:\/\/www.transtoyou.com\/pl\/wp-content\/uploads\/sites\/11\/2026\/01\/tty-no-product-image-170.webp\",\"datePublished\":\"2026-01-25T22:29:43+00:00\",\"dateModified\":\"2026-01-25T22:30:32+00:00\",\"description\":\"Condyline (Condylox) na brodawki p\u0142ciowe. Zam\u00f3w online w Transtoyou. Skuteczny, \u0142atwy w u\u017cyciu w domu. Rozpocznij leczenie ju\u017c dzi\u015b, dost\u0119pny teraz.\",\"breadcrumb\":{\"@id\":\"https:\/\/www.transtoyou.com\/pl\/product\/condyline-condylox\/#breadcrumb\"},\"inLanguage\":\"pl-PL\",\"potentialAction\":[{\"@type\":\"ReadAction\",\"target\":[\"https:\/\/www.transtoyou.com\/pl\/product\/condyline-condylox\/\"]}]},{\"@type\":\"ImageObject\",\"inLanguage\":\"pl-PL\",\"@id\":\"https:\/\/www.transtoyou.com\/pl\/product\/condyline-condylox\/#primaryimage\",\"url\":\"https:\/\/www.transtoyou.com\/pl\/wp-content\/uploads\/sites\/11\/2026\/01\/tty-no-product-image-170.webp\",\"contentUrl\":\"https:\/\/www.transtoyou.com\/pl\/wp-content\/uploads\/sites\/11\/2026\/01\/tty-no-product-image-170.webp\",\"width\":1000,\"height\":1000,\"caption\":\"Domy\u015blny obraz produktu\"},{\"@type\":\"WebSite\",\"@id\":\"https:\/\/www.transtoyou.com\/pl\/#website\",\"url\":\"https:\/\/www.transtoyou.com\/pl\/\",\"name\":\"Transtoyou - PL\",\"description\":\"\",\"publisher\":{\"@id\":\"https:\/\/www.transtoyou.com\/pl\/#organization\"},\"potentialAction\":[{\"@type\":\"SearchAction\",\"target\":{\"@type\":\"EntryPoint\",\"urlTemplate\":\"https:\/\/www.transtoyou.com\/pl\/?s={search_term_string}\"},\"query-input\":{\"@type\":\"PropertyValueSpecification\",\"valueRequired\":true,\"valueName\":\"search_term_string\"}}],\"inLanguage\":\"pl-PL\"},{\"@type\":\"Organization\",\"@id\":\"https:\/\/www.transtoyou.com\/pl\/#organization\",\"name\":\"Transtoyou - PL\",\"url\":\"https:\/\/www.transtoyou.com\/pl\/\",\"logo\":{\"@type\":\"ImageObject\",\"inLanguage\":\"pl-PL\",\"@id\":\"https:\/\/www.transtoyou.com\/pl\/#\/schema\/logo\/image\/\",\"url\":\"https:\/\/www.transtoyou.com\/pl\/wp-content\/uploads\/sites\/11\/2026\/01\/logo-tty-menu-bar-300x87-1.webp\",\"contentUrl\":\"https:\/\/www.transtoyou.com\/pl\/wp-content\/uploads\/sites\/11\/2026\/01\/logo-tty-menu-bar-300x87-1.webp\",\"width\":300,\"height\":87,\"caption\":\"Transtoyou - PL\"},\"image\":{\"@id\":\"https:\/\/www.transtoyou.com\/pl\/#\/schema\/logo\/image\/\"}}]}<\/script>\n<!-- \/ Yoast SEO plugin. -->","yoast_head_json":{"title":"Condyline (Condylox) - Skuteczne Leczenie Brodawek | Transtoyou","description":"Condyline (Condylox) na brodawki p\u0142ciowe. Zam\u00f3w online w Transtoyou. Skuteczny, \u0142atwy w u\u017cyciu w domu. Rozpocznij leczenie ju\u017c dzi\u015b, dost\u0119pny teraz.","robots":{"index":"noindex","follow":"follow","max-snippet":"max-snippet:-1","max-image-preview":"max-image-preview:large","max-video-preview":"max-video-preview:-1"},"og_locale":"pl_PL","og_type":"article","og_title":"Condyline (Condylox) - Skuteczne Leczenie Brodawek | Transtoyou","og_description":"Condyline (Condylox) na brodawki p\u0142ciowe. Zam\u00f3w online w Transtoyou. Skuteczny, \u0142atwy w u\u017cyciu w domu. Rozpocznij leczenie ju\u017c dzi\u015b, dost\u0119pny teraz.","og_url":"https:\/\/www.transtoyou.com\/pl\/product\/condyline-condylox\/","og_site_name":"Transtoyou - PL","article_modified_time":"2026-01-25T22:30:32+00:00","twitter_card":"summary_large_image","twitter_misc":{"Szacowany czas czytania":"1 minuta"},"schema":{"@context":"https:\/\/schema.org","@graph":[{"@type":"WebPage","@id":"https:\/\/www.transtoyou.com\/pl\/product\/condyline-condylox\/","url":"https:\/\/www.transtoyou.com\/pl\/product\/condyline-condylox\/","name":"Condyline (Condylox) - Skuteczne Leczenie Brodawek | Transtoyou","isPartOf":{"@id":"https:\/\/www.transtoyou.com\/pl\/#website"},"primaryImageOfPage":{"@id":"https:\/\/www.transtoyou.com\/pl\/product\/condyline-condylox\/#primaryimage"},"image":{"@id":"https:\/\/www.transtoyou.com\/pl\/product\/condyline-condylox\/#primaryimage"},"thumbnailUrl":"https:\/\/www.transtoyou.com\/pl\/wp-content\/uploads\/sites\/11\/2026\/01\/tty-no-product-image-170.webp","datePublished":"2026-01-25T22:29:43+00:00","dateModified":"2026-01-25T22:30:32+00:00","description":"Condyline (Condylox) na brodawki p\u0142ciowe. Zam\u00f3w online w Transtoyou. Skuteczny, \u0142atwy w u\u017cyciu w domu. Rozpocznij leczenie ju\u017c dzi\u015b, dost\u0119pny teraz.","breadcrumb":{"@id":"https:\/\/www.transtoyou.com\/pl\/product\/condyline-condylox\/#breadcrumb"},"inLanguage":"pl-PL","potentialAction":[{"@type":"ReadAction","target":["https:\/\/www.transtoyou.com\/pl\/product\/condyline-condylox\/"]}]},{"@type":"ImageObject","inLanguage":"pl-PL","@id":"https:\/\/www.transtoyou.com\/pl\/product\/condyline-condylox\/#primaryimage","url":"https:\/\/www.transtoyou.com\/pl\/wp-content\/uploads\/sites\/11\/2026\/01\/tty-no-product-image-170.webp","contentUrl":"https:\/\/www.transtoyou.com\/pl\/wp-content\/uploads\/sites\/11\/2026\/01\/tty-no-product-image-170.webp","width":1000,"height":1000,"caption":"Domy\u015blny obraz produktu"},{"@type":"WebSite","@id":"https:\/\/www.transtoyou.com\/pl\/#website","url":"https:\/\/www.transtoyou.com\/pl\/","name":"Transtoyou - PL","description":"","publisher":{"@id":"https:\/\/www.transtoyou.com\/pl\/#organization"},"potentialAction":[{"@type":"SearchAction","target":{"@type":"EntryPoint","urlTemplate":"https:\/\/www.transtoyou.com\/pl\/?s={search_term_string}"},"query-input":{"@type":"PropertyValueSpecification","valueRequired":true,"valueName":"search_term_string"}}],"inLanguage":"pl-PL"},{"@type":"Organization","@id":"https:\/\/www.transtoyou.com\/pl\/#organization","name":"Transtoyou - PL","url":"https:\/\/www.transtoyou.com\/pl\/","logo":{"@type":"ImageObject","inLanguage":"pl-PL","@id":"https:\/\/www.transtoyou.com\/pl\/#\/schema\/logo\/image\/","url":"https:\/\/www.transtoyou.com\/pl\/wp-content\/uploads\/sites\/11\/2026\/01\/logo-tty-menu-bar-300x87-1.webp","contentUrl":"https:\/\/www.transtoyou.com\/pl\/wp-content\/uploads\/sites\/11\/2026\/01\/logo-tty-menu-bar-300x87-1.webp","width":300,"height":87,"caption":"Transtoyou - PL"},"image":{"@id":"https:\/\/www.transtoyou.com\/pl\/#\/schema\/logo\/image\/"}}]}},"_links":{"self":[{"href":"https:\/\/www.transtoyou.com\/pl\/wp-json\/wp\/v2\/product\/1215","targetHints":{"allow":["GET"]}}],"collection":[{"href":"https:\/\/www.transtoyou.com\/pl\/wp-json\/wp\/v2\/product"}],"about":[{"href":"https:\/\/www.transtoyou.com\/pl\/wp-json\/wp\/v2\/types\/product"}],"replies":[{"embeddable":true,"href":"https:\/\/www.transtoyou.com\/pl\/wp-json\/wp\/v2\/comments?post=1215"}],"wp:featuredmedia":[{"embeddable":true,"href":"https:\/\/www.transtoyou.com\/pl\/wp-json\/wp\/v2\/media\/1216"}],"wp:attachment":[{"href":"https:\/\/www.transtoyou.com\/pl\/wp-json\/wp\/v2\/media?parent=1215"}],"wp:term":[{"taxonomy":"product_brand","embeddable":true,"href":"https:\/\/www.transtoyou.com\/pl\/wp-json\/wp\/v2\/product_brand?post=1215"},{"taxonomy":"product_cat","embeddable":true,"href":"https:\/\/www.transtoyou.com\/pl\/wp-json\/wp\/v2\/product_cat?post=1215"},{"taxonomy":"product_tag","embeddable":true,"href":"https:\/\/www.transtoyou.com\/pl\/wp-json\/wp\/v2\/product_tag?post=1215"},{"taxonomy":"expert","embeddable":true,"href":"https:\/\/www.transtoyou.com\/pl\/wp-json\/wp\/v2\/expert?post=1215"}],"curies":[{"name":"wp","href":"https:\/\/api.w.org\/{rel}","templated":true}]}}