{"id":1231,"date":"2026-01-26T02:14:05","date_gmt":"2026-01-26T00:14:05","guid":{"rendered":"https:\/\/www.transtoyou.com\/pl\/product\/campral\/"},"modified":"2026-01-26T02:15:35","modified_gmt":"2026-01-26T00:15:35","slug":"campral","status":"publish","type":"product","link":"https:\/\/www.transtoyou.com\/pl\/product\/campral\/","title":{"rendered":"Campral"},"content":{"rendered":"<p>Campral (Akamprozat) to lek zaprojektowany w celu wspierania os\u00f3b w procesie zdrowienia z uzale\u017cnienia od alkoholu. Pomaga zmniejszy\u0107 pragnienie i wspiera d\u0142ugoterminow\u0105 abstynencj\u0119, stabilizuj\u0105c aktywno\u015b\u0107 neuroprzeka\u017anik\u00f3w w m\u00f3zgu. Przewlek\u0142e spo\u017cycie alkoholu zaburza r\u00f3wnowag\u0119 mi\u0119dzy neuroprzeka\u017anikami pobudzaj\u0105cymi a hamuj\u0105cymi, prowadz\u0105c do uzale\u017cnienia i objaw\u00f3w odstawienia. Campral dzia\u0142a poprzez modulowanie aktywno\u015bci glutaminianu i GABA, pomagaj\u0105c m\u00f3zgowi odzyska\u0107 naturaln\u0105 r\u00f3wnowag\u0119.<\/p>\n<p>W przeciwie\u0144stwie do lek\u00f3w, kt\u00f3re powoduj\u0105 niepo\u017c\u0105dane skutki uboczne przy spo\u017cyciu alkoholu, Campral nie sprawia, \u017ce picie staje si\u0119 nieprzyjemne. Zamiast tego zmniejsza psychiczne pragnienie picia, co u\u0142atwia osobom utrzymanie trze\u017awo\u015bci. Najskuteczniej dzia\u0142a, gdy jest stosowany w po\u0142\u0105czeniu z doradztwem lub terapi\u0105 jako cz\u0119\u015b\u0107 kompleksowego programu leczenia.<\/p>\n<p>Zmniejszaj\u0105c pragnienie alkoholu, Campral pomaga zapobiega\u0107 nawrotom i wspiera d\u0142ugoterminowe zdrowienie. Nie jest uzale\u017cniaj\u0105cy i nie powoduje objaw\u00f3w odstawienia po zaprzestaniu stosowania. Lek jest zazwyczaj dobrze tolerowany, a najcz\u0119stsze skutki uboczne to \u0142agodne problemy \u017co\u0142\u0105dkowo-jelitowe, takie jak biegunka, nudno\u015bci lub dyskomfort w brzuchu. Zazwyczaj ust\u0119puj\u0105 one z czasem, gdy organizm si\u0119 przystosowuje.<\/p>\n<p>Campral jest szczeg\u00f3lnie korzystny dla os\u00f3b, kt\u00f3re ju\u017c zako\u0144czy\u0142y pocz\u0105tkow\u0105 faz\u0119 detoksykacji i s\u0105 zaanga\u017cowane w utrzymanie abstynencji. Badania wykaza\u0142y, \u017ce zwi\u0119ksza szanse na d\u0142ugoterminow\u0105 trze\u017awo\u015b\u0107, gdy jest przyjmowany zgodnie z zaleceniami. Chocia\u017c nie dzia\u0142a na wszystkich, osoby, kt\u00f3re przestrzegaj\u0105 swojego planu leczenia i otrzymuj\u0105 wsparcie psychologiczne, maj\u0105 wi\u0119ksze szanse na korzy\u015bci.<\/p>\n","protected":false},"excerpt":{"rendered":"<ul>\n<li>Redukuje pragnienia i wspiera d\u0142ugoterminow\u0105 trze\u017awo\u015b\u0107<\/li>\n<li>Przywraca r\u00f3wnowag\u0119 m\u00f3zgu po spo\u017cyciu alkoholu<\/li>\n<li>Nieuzale\u017cniaj\u0105cy i og\u00f3lnie dobrze tolerowany<\/li>\n<\/ul>\n","protected":false},"featured_media":1233,"comment_status":"open","ping_status":"closed","template":"","meta":[],"product_brand":[],"product_cat":[74],"product_tag":[],"expert":[16],"class_list":{"0":"post-1231","1":"product","2":"type-product","3":"status-publish","4":"has-post-thumbnail","6":"product_cat-srodki-wspomagajace-regeneracje-po-alkoholu","7":"expert-dr-c-alexandru","9":"first","10":"instock","11":"shipping-taxable","12":"product-type-variable"},"yoast_head":"<!-- This site is optimized with the Yoast SEO plugin v27.0 - https:\/\/yoast.com\/product\/yoast-seo-wordpress\/ -->\n<title>Campral | Wsparcie w utrzymaniu abstynencji alkoholowej - Transtoyou - PL<\/title>\n<meta name=\"description\" content=\"Campral zmniejsza pragnienie alkoholu, wspieraj\u0105c powr\u00f3t do zdrowia. Nieuzale\u017cniaj\u0105cy i dobrze tolerowany, wspomaga d\u0142ugoterminow\u0105 trze\u017awo\u015b\u0107. Dost\u0119pny w Transtoyou.\" \/>\n<meta name=\"robots\" content=\"noindex, follow, max-snippet:-1, max-image-preview:large, max-video-preview:-1\" \/>\n<meta property=\"og:locale\" content=\"pl_PL\" \/>\n<meta property=\"og:type\" content=\"article\" \/>\n<meta property=\"og:title\" content=\"Campral | Wsparcie w utrzymaniu abstynencji alkoholowej - Transtoyou - PL\" \/>\n<meta property=\"og:description\" content=\"Campral zmniejsza pragnienie alkoholu, wspieraj\u0105c powr\u00f3t do zdrowia. Nieuzale\u017cniaj\u0105cy i dobrze tolerowany, wspomaga d\u0142ugoterminow\u0105 trze\u017awo\u015b\u0107. Dost\u0119pny w Transtoyou.\" \/>\n<meta property=\"og:url\" content=\"https:\/\/www.transtoyou.com\/pl\/product\/campral\/\" \/>\n<meta property=\"og:site_name\" content=\"Transtoyou - PL\" \/>\n<meta property=\"article:modified_time\" content=\"2026-01-26T00:15:35+00:00\" \/>\n<meta name=\"twitter:card\" content=\"summary_large_image\" \/>\n<meta name=\"twitter:label1\" content=\"Szacowany czas czytania\" \/>\n\t<meta name=\"twitter:data1\" content=\"1 minuta\" \/>\n<script type=\"application\/ld+json\" class=\"yoast-schema-graph\">{\"@context\":\"https:\/\/schema.org\",\"@graph\":[{\"@type\":\"WebPage\",\"@id\":\"https:\/\/www.transtoyou.com\/pl\/product\/campral\/\",\"url\":\"https:\/\/www.transtoyou.com\/pl\/product\/campral\/\",\"name\":\"Campral | Wsparcie w utrzymaniu abstynencji alkoholowej - Transtoyou - PL\",\"isPartOf\":{\"@id\":\"https:\/\/www.transtoyou.com\/pl\/#website\"},\"primaryImageOfPage\":{\"@id\":\"https:\/\/www.transtoyou.com\/pl\/product\/campral\/#primaryimage\"},\"image\":{\"@id\":\"https:\/\/www.transtoyou.com\/pl\/product\/campral\/#primaryimage\"},\"thumbnailUrl\":\"https:\/\/www.transtoyou.com\/pl\/wp-content\/uploads\/sites\/11\/2026\/01\/tty-no-product-image-176.webp\",\"datePublished\":\"2026-01-26T00:14:05+00:00\",\"dateModified\":\"2026-01-26T00:15:35+00:00\",\"description\":\"Campral zmniejsza pragnienie alkoholu, wspieraj\u0105c powr\u00f3t do zdrowia. Nieuzale\u017cniaj\u0105cy i dobrze tolerowany, wspomaga d\u0142ugoterminow\u0105 trze\u017awo\u015b\u0107. Dost\u0119pny w Transtoyou.\",\"breadcrumb\":{\"@id\":\"https:\/\/www.transtoyou.com\/pl\/product\/campral\/#breadcrumb\"},\"inLanguage\":\"pl-PL\",\"potentialAction\":[{\"@type\":\"ReadAction\",\"target\":[\"https:\/\/www.transtoyou.com\/pl\/product\/campral\/\"]}]},{\"@type\":\"ImageObject\",\"inLanguage\":\"pl-PL\",\"@id\":\"https:\/\/www.transtoyou.com\/pl\/product\/campral\/#primaryimage\",\"url\":\"https:\/\/www.transtoyou.com\/pl\/wp-content\/uploads\/sites\/11\/2026\/01\/tty-no-product-image-176.webp\",\"contentUrl\":\"https:\/\/www.transtoyou.com\/pl\/wp-content\/uploads\/sites\/11\/2026\/01\/tty-no-product-image-176.webp\",\"width\":1000,\"height\":1000,\"caption\":\"Domy\u015blny obraz produktu\"},{\"@type\":\"WebSite\",\"@id\":\"https:\/\/www.transtoyou.com\/pl\/#website\",\"url\":\"https:\/\/www.transtoyou.com\/pl\/\",\"name\":\"Transtoyou - PL\",\"description\":\"\",\"publisher\":{\"@id\":\"https:\/\/www.transtoyou.com\/pl\/#organization\"},\"potentialAction\":[{\"@type\":\"SearchAction\",\"target\":{\"@type\":\"EntryPoint\",\"urlTemplate\":\"https:\/\/www.transtoyou.com\/pl\/?s={search_term_string}\"},\"query-input\":{\"@type\":\"PropertyValueSpecification\",\"valueRequired\":true,\"valueName\":\"search_term_string\"}}],\"inLanguage\":\"pl-PL\"},{\"@type\":\"Organization\",\"@id\":\"https:\/\/www.transtoyou.com\/pl\/#organization\",\"name\":\"Transtoyou - PL\",\"url\":\"https:\/\/www.transtoyou.com\/pl\/\",\"logo\":{\"@type\":\"ImageObject\",\"inLanguage\":\"pl-PL\",\"@id\":\"https:\/\/www.transtoyou.com\/pl\/#\/schema\/logo\/image\/\",\"url\":\"https:\/\/www.transtoyou.com\/pl\/wp-content\/uploads\/sites\/11\/2026\/01\/logo-tty-menu-bar-300x87-1.webp\",\"contentUrl\":\"https:\/\/www.transtoyou.com\/pl\/wp-content\/uploads\/sites\/11\/2026\/01\/logo-tty-menu-bar-300x87-1.webp\",\"width\":300,\"height\":87,\"caption\":\"Transtoyou - PL\"},\"image\":{\"@id\":\"https:\/\/www.transtoyou.com\/pl\/#\/schema\/logo\/image\/\"}}]}<\/script>\n<!-- \/ Yoast SEO plugin. -->","yoast_head_json":{"title":"Campral | Wsparcie w utrzymaniu abstynencji alkoholowej - Transtoyou - PL","description":"Campral zmniejsza pragnienie alkoholu, wspieraj\u0105c powr\u00f3t do zdrowia. Nieuzale\u017cniaj\u0105cy i dobrze tolerowany, wspomaga d\u0142ugoterminow\u0105 trze\u017awo\u015b\u0107. Dost\u0119pny w Transtoyou.","robots":{"index":"noindex","follow":"follow","max-snippet":"max-snippet:-1","max-image-preview":"max-image-preview:large","max-video-preview":"max-video-preview:-1"},"og_locale":"pl_PL","og_type":"article","og_title":"Campral | Wsparcie w utrzymaniu abstynencji alkoholowej - Transtoyou - PL","og_description":"Campral zmniejsza pragnienie alkoholu, wspieraj\u0105c powr\u00f3t do zdrowia. Nieuzale\u017cniaj\u0105cy i dobrze tolerowany, wspomaga d\u0142ugoterminow\u0105 trze\u017awo\u015b\u0107. Dost\u0119pny w Transtoyou.","og_url":"https:\/\/www.transtoyou.com\/pl\/product\/campral\/","og_site_name":"Transtoyou - PL","article_modified_time":"2026-01-26T00:15:35+00:00","twitter_card":"summary_large_image","twitter_misc":{"Szacowany czas czytania":"1 minuta"},"schema":{"@context":"https:\/\/schema.org","@graph":[{"@type":"WebPage","@id":"https:\/\/www.transtoyou.com\/pl\/product\/campral\/","url":"https:\/\/www.transtoyou.com\/pl\/product\/campral\/","name":"Campral | Wsparcie w utrzymaniu abstynencji alkoholowej - Transtoyou - PL","isPartOf":{"@id":"https:\/\/www.transtoyou.com\/pl\/#website"},"primaryImageOfPage":{"@id":"https:\/\/www.transtoyou.com\/pl\/product\/campral\/#primaryimage"},"image":{"@id":"https:\/\/www.transtoyou.com\/pl\/product\/campral\/#primaryimage"},"thumbnailUrl":"https:\/\/www.transtoyou.com\/pl\/wp-content\/uploads\/sites\/11\/2026\/01\/tty-no-product-image-176.webp","datePublished":"2026-01-26T00:14:05+00:00","dateModified":"2026-01-26T00:15:35+00:00","description":"Campral zmniejsza pragnienie alkoholu, wspieraj\u0105c powr\u00f3t do zdrowia. Nieuzale\u017cniaj\u0105cy i dobrze tolerowany, wspomaga d\u0142ugoterminow\u0105 trze\u017awo\u015b\u0107. Dost\u0119pny w Transtoyou.","breadcrumb":{"@id":"https:\/\/www.transtoyou.com\/pl\/product\/campral\/#breadcrumb"},"inLanguage":"pl-PL","potentialAction":[{"@type":"ReadAction","target":["https:\/\/www.transtoyou.com\/pl\/product\/campral\/"]}]},{"@type":"ImageObject","inLanguage":"pl-PL","@id":"https:\/\/www.transtoyou.com\/pl\/product\/campral\/#primaryimage","url":"https:\/\/www.transtoyou.com\/pl\/wp-content\/uploads\/sites\/11\/2026\/01\/tty-no-product-image-176.webp","contentUrl":"https:\/\/www.transtoyou.com\/pl\/wp-content\/uploads\/sites\/11\/2026\/01\/tty-no-product-image-176.webp","width":1000,"height":1000,"caption":"Domy\u015blny obraz produktu"},{"@type":"WebSite","@id":"https:\/\/www.transtoyou.com\/pl\/#website","url":"https:\/\/www.transtoyou.com\/pl\/","name":"Transtoyou - PL","description":"","publisher":{"@id":"https:\/\/www.transtoyou.com\/pl\/#organization"},"potentialAction":[{"@type":"SearchAction","target":{"@type":"EntryPoint","urlTemplate":"https:\/\/www.transtoyou.com\/pl\/?s={search_term_string}"},"query-input":{"@type":"PropertyValueSpecification","valueRequired":true,"valueName":"search_term_string"}}],"inLanguage":"pl-PL"},{"@type":"Organization","@id":"https:\/\/www.transtoyou.com\/pl\/#organization","name":"Transtoyou - PL","url":"https:\/\/www.transtoyou.com\/pl\/","logo":{"@type":"ImageObject","inLanguage":"pl-PL","@id":"https:\/\/www.transtoyou.com\/pl\/#\/schema\/logo\/image\/","url":"https:\/\/www.transtoyou.com\/pl\/wp-content\/uploads\/sites\/11\/2026\/01\/logo-tty-menu-bar-300x87-1.webp","contentUrl":"https:\/\/www.transtoyou.com\/pl\/wp-content\/uploads\/sites\/11\/2026\/01\/logo-tty-menu-bar-300x87-1.webp","width":300,"height":87,"caption":"Transtoyou - PL"},"image":{"@id":"https:\/\/www.transtoyou.com\/pl\/#\/schema\/logo\/image\/"}}]}},"_links":{"self":[{"href":"https:\/\/www.transtoyou.com\/pl\/wp-json\/wp\/v2\/product\/1231","targetHints":{"allow":["GET"]}}],"collection":[{"href":"https:\/\/www.transtoyou.com\/pl\/wp-json\/wp\/v2\/product"}],"about":[{"href":"https:\/\/www.transtoyou.com\/pl\/wp-json\/wp\/v2\/types\/product"}],"replies":[{"embeddable":true,"href":"https:\/\/www.transtoyou.com\/pl\/wp-json\/wp\/v2\/comments?post=1231"}],"wp:featuredmedia":[{"embeddable":true,"href":"https:\/\/www.transtoyou.com\/pl\/wp-json\/wp\/v2\/media\/1233"}],"wp:attachment":[{"href":"https:\/\/www.transtoyou.com\/pl\/wp-json\/wp\/v2\/media?parent=1231"}],"wp:term":[{"taxonomy":"product_brand","embeddable":true,"href":"https:\/\/www.transtoyou.com\/pl\/wp-json\/wp\/v2\/product_brand?post=1231"},{"taxonomy":"product_cat","embeddable":true,"href":"https:\/\/www.transtoyou.com\/pl\/wp-json\/wp\/v2\/product_cat?post=1231"},{"taxonomy":"product_tag","embeddable":true,"href":"https:\/\/www.transtoyou.com\/pl\/wp-json\/wp\/v2\/product_tag?post=1231"},{"taxonomy":"expert","embeddable":true,"href":"https:\/\/www.transtoyou.com\/pl\/wp-json\/wp\/v2\/expert?post=1231"}],"curies":[{"name":"wp","href":"https:\/\/api.w.org\/{rel}","templated":true}]}}