{"id":1234,"date":"2026-01-26T02:33:57","date_gmt":"2026-01-26T00:33:57","guid":{"rendered":"https:\/\/www.transtoyou.com\/pl\/product\/allergospasmin-n\/"},"modified":"2026-01-26T02:35:14","modified_gmt":"2026-01-26T00:35:14","slug":"allergospasmin-n","status":"publish","type":"product","link":"https:\/\/www.transtoyou.com\/pl\/product\/allergospasmin-n\/","title":{"rendered":"Allergospasmin N"},"content":{"rendered":"<p>Oddychanie jest dla wi\u0119kszo\u015bci \u0142atwe, ale dla tych, kt\u00f3rzy zmagaj\u0105 si\u0119 z astm\u0105 i alergicznymi skurczami oskrzeli, ka\u017cdy oddech mo\u017ce by\u0107 jak walka. W\u0142a\u015bnie tutaj pojawia si\u0119 Allergospasmin N, zaufany towarzysz w walce z problemami oddechowymi.<\/p>\n<p>Stworzony w celu z\u0142agodzenia skurczu oskrzeli i poprawy przep\u0142ywu powietrza, Allergospasmin N dzia\u0142a szybko, aby rozlu\u017ani\u0107 mi\u0119\u015bnie g\u0142adkie dr\u00f3g oddechowych, u\u0142atwiaj\u0105c trudno\u015bci w oddychaniu spowodowane astm\u0105, alergiami lub innymi schorzeniami oddechowymi. Dzi\u0119ki starannie dobranej mieszance bronchodilatator\u00f3w i lek\u00f3w przeciwhistaminowych, ten lek pomaga otworzy\u0107 drogi oddechowe, zmniejszy\u0107 stan zapalny i kontrolowa\u0107 reakcje alergiczne, kt\u00f3re wywo\u0142uj\u0105 problemy oddechowe.<\/p>\n<p>Niezale\u017cnie od tego, czy jest to niespodziewany atak astmy, czy \u015bwiszcz\u0105cy oddech wywo\u0142any alergi\u0105, Allergospasmin N zapewnia szybkie i skuteczne ulgi. Dzia\u0142a najlepiej jako cz\u0119\u015b\u0107 strukturalnego planu leczenia, oferuj\u0105c wsparcie zar\u00f3wno dla ostrych, jak i przewlek\u0142ych schorze\u0144 oddechowych.<\/p>\n<p>W przeciwie\u0144stwie do niekt\u00f3rych lek\u00f3w, kt\u00f3re zajmuj\u0105 si\u0119 tylko jednym aspektem problem\u00f3w oddechowych, Allergospasmin N oferuje kompleksowe podej\u015bcie, celuj\u0105c zar\u00f3wno w skurcz mi\u0119\u015bni, jak i reakcje alergiczne. Pomagaj\u0105c osobom odzyska\u0107 kontrol\u0119 nad ich oddychaniem, umo\u017cliwia im prowadzenie aktywnego, nieograniczonego \u017cycia.<\/p>\n<p>Chocia\u017c jest bardzo skuteczny, ten lek powinien by\u0107 zawsze przyjmowany pod nadzorem specjalisty ds. zdrowia. Niekt\u00f3rzy mog\u0105 do\u015bwiadcza\u0107 \u0142agodnych skutk\u00f3w ubocznych, takich jak zawroty g\u0142owy, sucho\u015b\u0107 w ustach lub \u0142agodne dolegliwo\u015bci \u017co\u0142\u0105dkowe, kt\u00f3re zazwyczaj ust\u0119puj\u0105 z czasem.<\/p>\n","protected":false},"excerpt":{"rendered":"<ul>\n<li>Zapewnia ulg\u0119 w astmie i alergicznych skurczach oskrzeli.<\/li>\n<li>Pomaga otworzy\u0107 drogi oddechowe i poprawi\u0107 oddychanie.<\/li>\n<li>Szybko dzia\u0142aj\u0105ca pomoc w przypadku trudno\u015bci oddechowych.<\/li>\n<\/ul>\n","protected":false},"featured_media":1236,"comment_status":"open","ping_status":"closed","template":"","meta":[],"product_brand":[],"product_cat":[80],"product_tag":[],"expert":[16],"class_list":{"0":"post-1234","1":"product","2":"type-product","3":"status-publish","4":"has-post-thumbnail","6":"product_cat-astma","7":"expert-dr-c-alexandru","9":"first","10":"instock","11":"shipping-taxable","12":"product-type-variable"},"yoast_head":"<!-- This site is optimized with the Yoast SEO plugin v27.0 - https:\/\/yoast.com\/product\/yoast-seo-wordpress\/ -->\n<title>Allergospasmin N | Wsparcie w Oddychaniu Bez Trudno\u015bci - Transtoyou - PL<\/title>\n<meta name=\"description\" content=\"Allergospasmin N szybko \u0142agodzi objawy astmy i alergii, poprawiaj\u0105c przep\u0142yw powietrza. Kup teraz, aby skutecznie z\u0142agodzi\u0107 problemy z oddychaniem.\" \/>\n<meta name=\"robots\" content=\"noindex, follow, max-snippet:-1, max-image-preview:large, max-video-preview:-1\" \/>\n<meta property=\"og:locale\" content=\"pl_PL\" \/>\n<meta property=\"og:type\" content=\"article\" \/>\n<meta property=\"og:title\" content=\"Allergospasmin N | Wsparcie w Oddychaniu Bez Trudno\u015bci - Transtoyou - PL\" \/>\n<meta property=\"og:description\" content=\"Allergospasmin N szybko \u0142agodzi objawy astmy i alergii, poprawiaj\u0105c przep\u0142yw powietrza. Kup teraz, aby skutecznie z\u0142agodzi\u0107 problemy z oddychaniem.\" \/>\n<meta property=\"og:url\" content=\"https:\/\/www.transtoyou.com\/pl\/product\/allergospasmin-n\/\" \/>\n<meta property=\"og:site_name\" content=\"Transtoyou - PL\" \/>\n<meta property=\"article:modified_time\" content=\"2026-01-26T00:35:14+00:00\" \/>\n<meta name=\"twitter:card\" content=\"summary_large_image\" \/>\n<meta name=\"twitter:label1\" content=\"Szacowany czas czytania\" \/>\n\t<meta name=\"twitter:data1\" content=\"1 minuta\" \/>\n<script type=\"application\/ld+json\" class=\"yoast-schema-graph\">{\"@context\":\"https:\/\/schema.org\",\"@graph\":[{\"@type\":\"WebPage\",\"@id\":\"https:\/\/www.transtoyou.com\/pl\/product\/allergospasmin-n\/\",\"url\":\"https:\/\/www.transtoyou.com\/pl\/product\/allergospasmin-n\/\",\"name\":\"Allergospasmin N | Wsparcie w Oddychaniu Bez Trudno\u015bci - Transtoyou - PL\",\"isPartOf\":{\"@id\":\"https:\/\/www.transtoyou.com\/pl\/#website\"},\"primaryImageOfPage\":{\"@id\":\"https:\/\/www.transtoyou.com\/pl\/product\/allergospasmin-n\/#primaryimage\"},\"image\":{\"@id\":\"https:\/\/www.transtoyou.com\/pl\/product\/allergospasmin-n\/#primaryimage\"},\"thumbnailUrl\":\"https:\/\/www.transtoyou.com\/pl\/wp-content\/uploads\/sites\/11\/2026\/01\/tty-no-product-image-177.webp\",\"datePublished\":\"2026-01-26T00:33:57+00:00\",\"dateModified\":\"2026-01-26T00:35:14+00:00\",\"description\":\"Allergospasmin N szybko \u0142agodzi objawy astmy i alergii, poprawiaj\u0105c przep\u0142yw powietrza. Kup teraz, aby skutecznie z\u0142agodzi\u0107 problemy z oddychaniem.\",\"breadcrumb\":{\"@id\":\"https:\/\/www.transtoyou.com\/pl\/product\/allergospasmin-n\/#breadcrumb\"},\"inLanguage\":\"pl-PL\",\"potentialAction\":[{\"@type\":\"ReadAction\",\"target\":[\"https:\/\/www.transtoyou.com\/pl\/product\/allergospasmin-n\/\"]}]},{\"@type\":\"ImageObject\",\"inLanguage\":\"pl-PL\",\"@id\":\"https:\/\/www.transtoyou.com\/pl\/product\/allergospasmin-n\/#primaryimage\",\"url\":\"https:\/\/www.transtoyou.com\/pl\/wp-content\/uploads\/sites\/11\/2026\/01\/tty-no-product-image-177.webp\",\"contentUrl\":\"https:\/\/www.transtoyou.com\/pl\/wp-content\/uploads\/sites\/11\/2026\/01\/tty-no-product-image-177.webp\",\"width\":1000,\"height\":1000,\"caption\":\"Domy\u015blny obraz produktu\"},{\"@type\":\"WebSite\",\"@id\":\"https:\/\/www.transtoyou.com\/pl\/#website\",\"url\":\"https:\/\/www.transtoyou.com\/pl\/\",\"name\":\"Transtoyou - PL\",\"description\":\"\",\"publisher\":{\"@id\":\"https:\/\/www.transtoyou.com\/pl\/#organization\"},\"potentialAction\":[{\"@type\":\"SearchAction\",\"target\":{\"@type\":\"EntryPoint\",\"urlTemplate\":\"https:\/\/www.transtoyou.com\/pl\/?s={search_term_string}\"},\"query-input\":{\"@type\":\"PropertyValueSpecification\",\"valueRequired\":true,\"valueName\":\"search_term_string\"}}],\"inLanguage\":\"pl-PL\"},{\"@type\":\"Organization\",\"@id\":\"https:\/\/www.transtoyou.com\/pl\/#organization\",\"name\":\"Transtoyou - PL\",\"url\":\"https:\/\/www.transtoyou.com\/pl\/\",\"logo\":{\"@type\":\"ImageObject\",\"inLanguage\":\"pl-PL\",\"@id\":\"https:\/\/www.transtoyou.com\/pl\/#\/schema\/logo\/image\/\",\"url\":\"https:\/\/www.transtoyou.com\/pl\/wp-content\/uploads\/sites\/11\/2026\/01\/logo-tty-menu-bar-300x87-1.webp\",\"contentUrl\":\"https:\/\/www.transtoyou.com\/pl\/wp-content\/uploads\/sites\/11\/2026\/01\/logo-tty-menu-bar-300x87-1.webp\",\"width\":300,\"height\":87,\"caption\":\"Transtoyou - PL\"},\"image\":{\"@id\":\"https:\/\/www.transtoyou.com\/pl\/#\/schema\/logo\/image\/\"}}]}<\/script>\n<!-- \/ Yoast SEO plugin. -->","yoast_head_json":{"title":"Allergospasmin N | Wsparcie w Oddychaniu Bez Trudno\u015bci - Transtoyou - PL","description":"Allergospasmin N szybko \u0142agodzi objawy astmy i alergii, poprawiaj\u0105c przep\u0142yw powietrza. Kup teraz, aby skutecznie z\u0142agodzi\u0107 problemy z oddychaniem.","robots":{"index":"noindex","follow":"follow","max-snippet":"max-snippet:-1","max-image-preview":"max-image-preview:large","max-video-preview":"max-video-preview:-1"},"og_locale":"pl_PL","og_type":"article","og_title":"Allergospasmin N | Wsparcie w Oddychaniu Bez Trudno\u015bci - Transtoyou - PL","og_description":"Allergospasmin N szybko \u0142agodzi objawy astmy i alergii, poprawiaj\u0105c przep\u0142yw powietrza. Kup teraz, aby skutecznie z\u0142agodzi\u0107 problemy z oddychaniem.","og_url":"https:\/\/www.transtoyou.com\/pl\/product\/allergospasmin-n\/","og_site_name":"Transtoyou - PL","article_modified_time":"2026-01-26T00:35:14+00:00","twitter_card":"summary_large_image","twitter_misc":{"Szacowany czas czytania":"1 minuta"},"schema":{"@context":"https:\/\/schema.org","@graph":[{"@type":"WebPage","@id":"https:\/\/www.transtoyou.com\/pl\/product\/allergospasmin-n\/","url":"https:\/\/www.transtoyou.com\/pl\/product\/allergospasmin-n\/","name":"Allergospasmin N | Wsparcie w Oddychaniu Bez Trudno\u015bci - Transtoyou - PL","isPartOf":{"@id":"https:\/\/www.transtoyou.com\/pl\/#website"},"primaryImageOfPage":{"@id":"https:\/\/www.transtoyou.com\/pl\/product\/allergospasmin-n\/#primaryimage"},"image":{"@id":"https:\/\/www.transtoyou.com\/pl\/product\/allergospasmin-n\/#primaryimage"},"thumbnailUrl":"https:\/\/www.transtoyou.com\/pl\/wp-content\/uploads\/sites\/11\/2026\/01\/tty-no-product-image-177.webp","datePublished":"2026-01-26T00:33:57+00:00","dateModified":"2026-01-26T00:35:14+00:00","description":"Allergospasmin N szybko \u0142agodzi objawy astmy i alergii, poprawiaj\u0105c przep\u0142yw powietrza. Kup teraz, aby skutecznie z\u0142agodzi\u0107 problemy z oddychaniem.","breadcrumb":{"@id":"https:\/\/www.transtoyou.com\/pl\/product\/allergospasmin-n\/#breadcrumb"},"inLanguage":"pl-PL","potentialAction":[{"@type":"ReadAction","target":["https:\/\/www.transtoyou.com\/pl\/product\/allergospasmin-n\/"]}]},{"@type":"ImageObject","inLanguage":"pl-PL","@id":"https:\/\/www.transtoyou.com\/pl\/product\/allergospasmin-n\/#primaryimage","url":"https:\/\/www.transtoyou.com\/pl\/wp-content\/uploads\/sites\/11\/2026\/01\/tty-no-product-image-177.webp","contentUrl":"https:\/\/www.transtoyou.com\/pl\/wp-content\/uploads\/sites\/11\/2026\/01\/tty-no-product-image-177.webp","width":1000,"height":1000,"caption":"Domy\u015blny obraz produktu"},{"@type":"WebSite","@id":"https:\/\/www.transtoyou.com\/pl\/#website","url":"https:\/\/www.transtoyou.com\/pl\/","name":"Transtoyou - PL","description":"","publisher":{"@id":"https:\/\/www.transtoyou.com\/pl\/#organization"},"potentialAction":[{"@type":"SearchAction","target":{"@type":"EntryPoint","urlTemplate":"https:\/\/www.transtoyou.com\/pl\/?s={search_term_string}"},"query-input":{"@type":"PropertyValueSpecification","valueRequired":true,"valueName":"search_term_string"}}],"inLanguage":"pl-PL"},{"@type":"Organization","@id":"https:\/\/www.transtoyou.com\/pl\/#organization","name":"Transtoyou - PL","url":"https:\/\/www.transtoyou.com\/pl\/","logo":{"@type":"ImageObject","inLanguage":"pl-PL","@id":"https:\/\/www.transtoyou.com\/pl\/#\/schema\/logo\/image\/","url":"https:\/\/www.transtoyou.com\/pl\/wp-content\/uploads\/sites\/11\/2026\/01\/logo-tty-menu-bar-300x87-1.webp","contentUrl":"https:\/\/www.transtoyou.com\/pl\/wp-content\/uploads\/sites\/11\/2026\/01\/logo-tty-menu-bar-300x87-1.webp","width":300,"height":87,"caption":"Transtoyou - PL"},"image":{"@id":"https:\/\/www.transtoyou.com\/pl\/#\/schema\/logo\/image\/"}}]}},"_links":{"self":[{"href":"https:\/\/www.transtoyou.com\/pl\/wp-json\/wp\/v2\/product\/1234","targetHints":{"allow":["GET"]}}],"collection":[{"href":"https:\/\/www.transtoyou.com\/pl\/wp-json\/wp\/v2\/product"}],"about":[{"href":"https:\/\/www.transtoyou.com\/pl\/wp-json\/wp\/v2\/types\/product"}],"replies":[{"embeddable":true,"href":"https:\/\/www.transtoyou.com\/pl\/wp-json\/wp\/v2\/comments?post=1234"}],"wp:featuredmedia":[{"embeddable":true,"href":"https:\/\/www.transtoyou.com\/pl\/wp-json\/wp\/v2\/media\/1236"}],"wp:attachment":[{"href":"https:\/\/www.transtoyou.com\/pl\/wp-json\/wp\/v2\/media?parent=1234"}],"wp:term":[{"taxonomy":"product_brand","embeddable":true,"href":"https:\/\/www.transtoyou.com\/pl\/wp-json\/wp\/v2\/product_brand?post=1234"},{"taxonomy":"product_cat","embeddable":true,"href":"https:\/\/www.transtoyou.com\/pl\/wp-json\/wp\/v2\/product_cat?post=1234"},{"taxonomy":"product_tag","embeddable":true,"href":"https:\/\/www.transtoyou.com\/pl\/wp-json\/wp\/v2\/product_tag?post=1234"},{"taxonomy":"expert","embeddable":true,"href":"https:\/\/www.transtoyou.com\/pl\/wp-json\/wp\/v2\/expert?post=1234"}],"curies":[{"name":"wp","href":"https:\/\/api.w.org\/{rel}","templated":true}]}}