{"id":1263,"date":"2026-01-26T05:44:01","date_gmt":"2026-01-26T03:44:01","guid":{"rendered":"https:\/\/www.transtoyou.com\/pl\/product\/paracetamol-codeine\/"},"modified":"2026-03-01T12:24:27","modified_gmt":"2026-03-01T10:24:27","slug":"paracetamol-kodeina","status":"publish","type":"product","link":"https:\/\/www.transtoyou.com\/pl\/product\/paracetamol-kodeina\/","title":{"rendered":"Paracetamol\/Kodeina"},"content":{"rendered":"<p>B\u00f3l jest niechcianym towarzyszem w codziennym \u017cyciu, zak\u0142\u00f3caj\u0105cym wszystko, od pracy po proste przyjemno\u015bci. Paracetamol\/Codeina jest zaprojektowany, aby przynie\u015b\u0107 ulg\u0119, gdy standardowe leki przeciwb\u00f3lowe, takie jak ibuprofen czy paracetamol, nie wystarczaj\u0105. Ten lek o podw\u00f3jnym dzia\u0142aniu \u0142\u0105czy paracetamol, powszechnie stosowany \u015brodek przeciwb\u00f3lowy i przeciwgor\u0105czkowy, z kodein\u0105, \u0142agodnym opioidem, kt\u00f3ry zmienia postrzeganie b\u00f3lu w m\u00f3zgu. Razem oferuj\u0105 silniejsz\u0105 reakcj\u0119 na b\u00f3l umiarkowany do ci\u0119\u017ckiego.<\/p>\n<p>Paracetamol dzia\u0142a poprzez zmniejszenie produkcji prostaglandyn \u2014 substancji chemicznych w organizmie odpowiedzialnych za b\u00f3l i stan zapalny. W mi\u0119dzyczasie kodeina wi\u0105\u017ce si\u0119 z receptorami opioidowymi w m\u00f3zgu, modyfikuj\u0105c spos\u00f3b przetwarzania sygna\u0142\u00f3w b\u00f3lowych i zwi\u0119kszaj\u0105c ulg\u0119 w b\u00f3lu. Ta kombinacja jest szczeg\u00f3lnie skuteczna w przypadku b\u00f3l\u00f3w g\u0142owy, migren, b\u00f3lu z\u0119ba, b\u00f3lu mi\u0119\u015bniowo-szkieletowego, b\u00f3lu pooperacyjnego oraz dyskomfortu menstruacyjnego.<\/p>\n<p>Ulga, jak\u0105 przynosi Paracetamol\/Codeina, zazwyczaj zaczyna si\u0119 w ci\u0105gu 30 do 60 minut i trwa przez kilka godzin, co czyni go niezawodn\u0105 opcj\u0105 dla tych, kt\u00f3rzy potrzebuj\u0105 skutecznej kontroli b\u00f3lu. Jednak niezwykle wa\u017cne jest, aby stosowa\u0107 ten lek odpowiedzialnie. Nadmierne spo\u017cycie paracetamolu mo\u017ce prowadzi\u0107 do uszkodzenia w\u0105troby, podczas gdy d\u0142ugotrwa\u0142e stosowanie kodeiny niesie ryzyko uzale\u017cnienia. Powinien by\u0107 stosowany tylko zgodnie z zaleceniami specjalisty ds. zdrowia, a alkohol nale\u017cy unika\u0107, aby zapobiec zwi\u0119kszonej senno\u015bci i potencjalnej toksyczno\u015bci w\u0105troby.<\/p>\n","protected":false},"excerpt":{"rendered":"<ul>\n<li>Formu\u0142a o podw\u00f3jnym dzia\u0142aniu dla silniejszej ulgi<\/li>\n<li>Szybko dzia\u0142aj\u0105ca kombinacja \u0142agodzenia b\u00f3lu<\/li>\n<li>Pomaga, gdy zwyk\u0142e leki przeciwb\u00f3lowe zawodz\u0105<\/li>\n<\/ul>\n","protected":false},"featured_media":1265,"comment_status":"open","ping_status":"closed","template":"","meta":[],"product_brand":[],"product_cat":[70,151,81,128,145,122],"product_tag":[],"expert":[16],"class_list":{"0":"post-1263","1":"product","2":"type-product","3":"status-publish","4":"has-post-thumbnail","6":"product_cat-bol-brzucha","7":"product_cat-bol-nerwowy","8":"product_cat-bol-plecow-miesni-i-stawow","9":"product_cat-bole-glowy-i-migreny","10":"product_cat-dyskomfort-menstruacyjny","11":"product_cat-leki-na-grype-kaszel-i-przeziebienie","12":"expert-dr-c-alexandru","14":"first","15":"instock","16":"shipping-taxable","17":"product-type-variable"},"yoast_head":"<!-- This site is optimized with the Yoast SEO plugin v27.0 - https:\/\/yoast.com\/product\/yoast-seo-wordpress\/ -->\n<title>Kup Paracetamol z Kodein\u0105 Online | Szybka Ulga - Transtoyou - PL<\/title>\n<meta name=\"description\" content=\"Zam\u00f3w Paracetamol\/Codein\u0119 online, aby szybko i skutecznie z\u0142agodzi\u0107 b\u00f3l. Idealne na umiarkowany do silnego b\u00f3lu, gdy inne leki zawodz\u0105.\" \/>\n<meta name=\"robots\" content=\"noindex, follow, max-snippet:-1, max-image-preview:large, max-video-preview:-1\" \/>\n<meta property=\"og:locale\" content=\"pl_PL\" \/>\n<meta property=\"og:type\" content=\"article\" \/>\n<meta property=\"og:title\" content=\"Kup Paracetamol z Kodein\u0105 Online | Szybka Ulga - Transtoyou - PL\" \/>\n<meta property=\"og:description\" content=\"Zam\u00f3w Paracetamol\/Codein\u0119 online, aby szybko i skutecznie z\u0142agodzi\u0107 b\u00f3l. Idealne na umiarkowany do silnego b\u00f3lu, gdy inne leki zawodz\u0105.\" \/>\n<meta property=\"og:url\" content=\"https:\/\/www.transtoyou.com\/pl\/product\/paracetamol-codeine\/\" \/>\n<meta property=\"og:site_name\" content=\"Transtoyou - PL\" \/>\n<meta property=\"article:modified_time\" content=\"2026-03-01T10:24:27+00:00\" \/>\n<meta name=\"twitter:card\" content=\"summary_large_image\" \/>\n<meta name=\"twitter:label1\" content=\"Szacowany czas czytania\" \/>\n\t<meta name=\"twitter:data1\" content=\"1 minuta\" \/>\n<script type=\"application\/ld+json\" class=\"yoast-schema-graph\">{\"@context\":\"https:\/\/schema.org\",\"@graph\":[{\"@type\":\"WebPage\",\"@id\":\"https:\/\/www.transtoyou.com\/pl\/product\/paracetamol-codeine\/\",\"url\":\"https:\/\/www.transtoyou.com\/pl\/product\/paracetamol-codeine\/\",\"name\":\"Kup Paracetamol z Kodein\u0105 Online | Szybka Ulga - Transtoyou - PL\",\"isPartOf\":{\"@id\":\"https:\/\/www.transtoyou.com\/pl\/#website\"},\"primaryImageOfPage\":{\"@id\":\"https:\/\/www.transtoyou.com\/pl\/product\/paracetamol-codeine\/#primaryimage\"},\"image\":{\"@id\":\"https:\/\/www.transtoyou.com\/pl\/product\/paracetamol-codeine\/#primaryimage\"},\"thumbnailUrl\":\"https:\/\/www.transtoyou.com\/pl\/wp-content\/uploads\/sites\/11\/2026\/01\/tty-no-product-image-187.webp\",\"datePublished\":\"2026-01-26T03:44:01+00:00\",\"dateModified\":\"2026-03-01T10:24:27+00:00\",\"description\":\"Zam\u00f3w Paracetamol\/Codein\u0119 online, aby szybko i skutecznie z\u0142agodzi\u0107 b\u00f3l. Idealne na umiarkowany do silnego b\u00f3lu, gdy inne leki zawodz\u0105.\",\"breadcrumb\":{\"@id\":\"https:\/\/www.transtoyou.com\/pl\/product\/paracetamol-codeine\/#breadcrumb\"},\"inLanguage\":\"pl-PL\",\"potentialAction\":[{\"@type\":\"ReadAction\",\"target\":[\"https:\/\/www.transtoyou.com\/pl\/product\/paracetamol-codeine\/\"]}]},{\"@type\":\"ImageObject\",\"inLanguage\":\"pl-PL\",\"@id\":\"https:\/\/www.transtoyou.com\/pl\/product\/paracetamol-codeine\/#primaryimage\",\"url\":\"https:\/\/www.transtoyou.com\/pl\/wp-content\/uploads\/sites\/11\/2026\/01\/tty-no-product-image-187.webp\",\"contentUrl\":\"https:\/\/www.transtoyou.com\/pl\/wp-content\/uploads\/sites\/11\/2026\/01\/tty-no-product-image-187.webp\",\"width\":1000,\"height\":1000,\"caption\":\"Domy\u015blny obraz produktu\"},{\"@type\":\"WebSite\",\"@id\":\"https:\/\/www.transtoyou.com\/pl\/#website\",\"url\":\"https:\/\/www.transtoyou.com\/pl\/\",\"name\":\"Transtoyou - PL\",\"description\":\"\",\"publisher\":{\"@id\":\"https:\/\/www.transtoyou.com\/pl\/#organization\"},\"potentialAction\":[{\"@type\":\"SearchAction\",\"target\":{\"@type\":\"EntryPoint\",\"urlTemplate\":\"https:\/\/www.transtoyou.com\/pl\/?s={search_term_string}\"},\"query-input\":{\"@type\":\"PropertyValueSpecification\",\"valueRequired\":true,\"valueName\":\"search_term_string\"}}],\"inLanguage\":\"pl-PL\"},{\"@type\":\"Organization\",\"@id\":\"https:\/\/www.transtoyou.com\/pl\/#organization\",\"name\":\"Transtoyou - PL\",\"url\":\"https:\/\/www.transtoyou.com\/pl\/\",\"logo\":{\"@type\":\"ImageObject\",\"inLanguage\":\"pl-PL\",\"@id\":\"https:\/\/www.transtoyou.com\/pl\/#\/schema\/logo\/image\/\",\"url\":\"https:\/\/www.transtoyou.com\/pl\/wp-content\/uploads\/sites\/11\/2026\/01\/logo-tty-menu-bar-300x87-1.webp\",\"contentUrl\":\"https:\/\/www.transtoyou.com\/pl\/wp-content\/uploads\/sites\/11\/2026\/01\/logo-tty-menu-bar-300x87-1.webp\",\"width\":300,\"height\":87,\"caption\":\"Transtoyou - PL\"},\"image\":{\"@id\":\"https:\/\/www.transtoyou.com\/pl\/#\/schema\/logo\/image\/\"}}]}<\/script>\n<!-- \/ Yoast SEO plugin. -->","yoast_head_json":{"title":"Kup Paracetamol z Kodein\u0105 Online | Szybka Ulga - Transtoyou - PL","description":"Zam\u00f3w Paracetamol\/Codein\u0119 online, aby szybko i skutecznie z\u0142agodzi\u0107 b\u00f3l. Idealne na umiarkowany do silnego b\u00f3lu, gdy inne leki zawodz\u0105.","robots":{"index":"noindex","follow":"follow","max-snippet":"max-snippet:-1","max-image-preview":"max-image-preview:large","max-video-preview":"max-video-preview:-1"},"og_locale":"pl_PL","og_type":"article","og_title":"Kup Paracetamol z Kodein\u0105 Online | Szybka Ulga - Transtoyou - PL","og_description":"Zam\u00f3w Paracetamol\/Codein\u0119 online, aby szybko i skutecznie z\u0142agodzi\u0107 b\u00f3l. Idealne na umiarkowany do silnego b\u00f3lu, gdy inne leki zawodz\u0105.","og_url":"https:\/\/www.transtoyou.com\/pl\/product\/paracetamol-codeine\/","og_site_name":"Transtoyou - PL","article_modified_time":"2026-03-01T10:24:27+00:00","twitter_card":"summary_large_image","twitter_misc":{"Szacowany czas czytania":"1 minuta"},"schema":{"@context":"https:\/\/schema.org","@graph":[{"@type":"WebPage","@id":"https:\/\/www.transtoyou.com\/pl\/product\/paracetamol-codeine\/","url":"https:\/\/www.transtoyou.com\/pl\/product\/paracetamol-codeine\/","name":"Kup Paracetamol z Kodein\u0105 Online | Szybka Ulga - Transtoyou - PL","isPartOf":{"@id":"https:\/\/www.transtoyou.com\/pl\/#website"},"primaryImageOfPage":{"@id":"https:\/\/www.transtoyou.com\/pl\/product\/paracetamol-codeine\/#primaryimage"},"image":{"@id":"https:\/\/www.transtoyou.com\/pl\/product\/paracetamol-codeine\/#primaryimage"},"thumbnailUrl":"https:\/\/www.transtoyou.com\/pl\/wp-content\/uploads\/sites\/11\/2026\/01\/tty-no-product-image-187.webp","datePublished":"2026-01-26T03:44:01+00:00","dateModified":"2026-03-01T10:24:27+00:00","description":"Zam\u00f3w Paracetamol\/Codein\u0119 online, aby szybko i skutecznie z\u0142agodzi\u0107 b\u00f3l. Idealne na umiarkowany do silnego b\u00f3lu, gdy inne leki zawodz\u0105.","breadcrumb":{"@id":"https:\/\/www.transtoyou.com\/pl\/product\/paracetamol-codeine\/#breadcrumb"},"inLanguage":"pl-PL","potentialAction":[{"@type":"ReadAction","target":["https:\/\/www.transtoyou.com\/pl\/product\/paracetamol-codeine\/"]}]},{"@type":"ImageObject","inLanguage":"pl-PL","@id":"https:\/\/www.transtoyou.com\/pl\/product\/paracetamol-codeine\/#primaryimage","url":"https:\/\/www.transtoyou.com\/pl\/wp-content\/uploads\/sites\/11\/2026\/01\/tty-no-product-image-187.webp","contentUrl":"https:\/\/www.transtoyou.com\/pl\/wp-content\/uploads\/sites\/11\/2026\/01\/tty-no-product-image-187.webp","width":1000,"height":1000,"caption":"Domy\u015blny obraz produktu"},{"@type":"WebSite","@id":"https:\/\/www.transtoyou.com\/pl\/#website","url":"https:\/\/www.transtoyou.com\/pl\/","name":"Transtoyou - PL","description":"","publisher":{"@id":"https:\/\/www.transtoyou.com\/pl\/#organization"},"potentialAction":[{"@type":"SearchAction","target":{"@type":"EntryPoint","urlTemplate":"https:\/\/www.transtoyou.com\/pl\/?s={search_term_string}"},"query-input":{"@type":"PropertyValueSpecification","valueRequired":true,"valueName":"search_term_string"}}],"inLanguage":"pl-PL"},{"@type":"Organization","@id":"https:\/\/www.transtoyou.com\/pl\/#organization","name":"Transtoyou - PL","url":"https:\/\/www.transtoyou.com\/pl\/","logo":{"@type":"ImageObject","inLanguage":"pl-PL","@id":"https:\/\/www.transtoyou.com\/pl\/#\/schema\/logo\/image\/","url":"https:\/\/www.transtoyou.com\/pl\/wp-content\/uploads\/sites\/11\/2026\/01\/logo-tty-menu-bar-300x87-1.webp","contentUrl":"https:\/\/www.transtoyou.com\/pl\/wp-content\/uploads\/sites\/11\/2026\/01\/logo-tty-menu-bar-300x87-1.webp","width":300,"height":87,"caption":"Transtoyou - PL"},"image":{"@id":"https:\/\/www.transtoyou.com\/pl\/#\/schema\/logo\/image\/"}}]}},"_links":{"self":[{"href":"https:\/\/www.transtoyou.com\/pl\/wp-json\/wp\/v2\/product\/1263","targetHints":{"allow":["GET"]}}],"collection":[{"href":"https:\/\/www.transtoyou.com\/pl\/wp-json\/wp\/v2\/product"}],"about":[{"href":"https:\/\/www.transtoyou.com\/pl\/wp-json\/wp\/v2\/types\/product"}],"replies":[{"embeddable":true,"href":"https:\/\/www.transtoyou.com\/pl\/wp-json\/wp\/v2\/comments?post=1263"}],"wp:featuredmedia":[{"embeddable":true,"href":"https:\/\/www.transtoyou.com\/pl\/wp-json\/wp\/v2\/media\/1265"}],"wp:attachment":[{"href":"https:\/\/www.transtoyou.com\/pl\/wp-json\/wp\/v2\/media?parent=1263"}],"wp:term":[{"taxonomy":"product_brand","embeddable":true,"href":"https:\/\/www.transtoyou.com\/pl\/wp-json\/wp\/v2\/product_brand?post=1263"},{"taxonomy":"product_cat","embeddable":true,"href":"https:\/\/www.transtoyou.com\/pl\/wp-json\/wp\/v2\/product_cat?post=1263"},{"taxonomy":"product_tag","embeddable":true,"href":"https:\/\/www.transtoyou.com\/pl\/wp-json\/wp\/v2\/product_tag?post=1263"},{"taxonomy":"expert","embeddable":true,"href":"https:\/\/www.transtoyou.com\/pl\/wp-json\/wp\/v2\/expert?post=1263"}],"curies":[{"name":"wp","href":"https:\/\/api.w.org\/{rel}","templated":true}]}}