{"id":1351,"date":"2026-02-07T11:35:08","date_gmt":"2026-02-07T09:35:08","guid":{"rendered":"https:\/\/www.transtoyou.com\/pl\/product\/allopurinol\/"},"modified":"2026-02-07T13:07:17","modified_gmt":"2026-02-07T11:07:17","slug":"allopurinol","status":"publish","type":"product","link":"https:\/\/www.transtoyou.com\/pl\/product\/allopurinol\/","title":{"rendered":"Allopurynol"},"content":{"rendered":"<p>Allopurynol to lek z grupy inhibitor\u00f3w oksydazy ksantynowej, stosowany w celu obni\u017cenia wysokiego poziomu kwasu moczowego w organizmie. Pomaga zapobiega\u0107 problemom takim jak dna moczanowa (rodzaj b\u00f3lu staw\u00f3w spowodowanego kryszta\u0142ami kwasu moczowego) oraz kamienie nerkowe z kwasu moczowego. W przeciwie\u0144stwie do lek\u00f3w przeciwb\u00f3lowych, nie \u0142agodzi b\u00f3lu bezpo\u015brednio, ale dzia\u0142a zapobiegawczo, zmniejszaj\u0105c produkcj\u0119 kwasu moczowego, aby unikn\u0105\u0107 przysz\u0142ych nawrot\u00f3w.<\/p>\n<p>Allopurynol blokuje proces chemiczny w organizmie, kt\u00f3ry normalnie przekszta\u0142ca substancje w kwas moczowy. Spowalniaj\u0105c ten proces, pomaga utrzyma\u0107 niski poziom kwasu moczowego. Dzi\u0119ki temu istniej\u0105ce kryszta\u0142y mog\u0105 stopniowo si\u0119 rozpuszcza\u0107, a nowe nie powstaj\u0105.<\/p>\n<p>Jest g\u0142\u00f3wnie stosowany u os\u00f3b z przewlekle wysokim poziomem kwasu moczowego, szczeg\u00f3lnie tych, kt\u00f3re maj\u0105 powtarzaj\u0105ce si\u0119 ataki dny moczanowej lub kamienie nerkowe. W niekt\u00f3rych przypadkach jest r\u00f3wnie\u017c stosowany, gdy poziom kwasu moczowego wzrasta z powodu innych schorze\u0144 zdrowotnych lub leczenia.<\/p>\n<p>Allopurynol nie dzia\u0142a od razu \u2014 potrzeba kilku dni, aby zacz\u0105\u0142 obni\u017ca\u0107 poziom kwasu moczowego, a pe\u0142ny efekt mo\u017ce wyst\u0105pi\u0107 po 1\u20132 tygodniach. Dla najlepszych rezultat\u00f3w powinien by\u0107 przyjmowany codziennie z jedzeniem i z du\u017c\u0105 ilo\u015bci\u0105 p\u0142yn\u00f3w (przynajmniej 2 litry dziennie).<\/p>\n<p>Najwi\u0119ksz\u0105 korzy\u015bci\u0105 z stosowania Allopurynolu jest zapobieganie atakom dny moczanowej i problemom nerkowym w d\u0142u\u017cszym okresie. Zwykle jest dobrze tolerowany, ale u niekt\u00f3rych os\u00f3b mog\u0105 wyst\u0105pi\u0107 \u0142agodne wysypki sk\u00f3rne lub inne rzadkie reakcje alergiczne.<\/p>\n","protected":false},"excerpt":{"rendered":"<ul>\n<li>Pomaga zapobiega\u0107 atakom dny moczanowej i kamieniom nerkowym z kwasu moczowego<\/li>\n<li>Obni\u017ca poziom kwasu moczowego we krwi i moczu<\/li>\n<li>Wspiera d\u0142ugoterminow\u0105 kontrol\u0119 przewlek\u0142ej hiperurykemii<\/li>\n<\/ul>\n","protected":false},"featured_media":1357,"comment_status":"open","ping_status":"closed","template":"","meta":[],"product_brand":[],"product_cat":[81,68],"product_tag":[],"expert":[],"class_list":{"0":"post-1351","1":"product","2":"type-product","3":"status-publish","4":"has-post-thumbnail","6":"product_cat-bol-plecow-miesni-i-stawow","7":"product_cat-zdrowie-ogolne","9":"first","10":"instock","11":"shipping-taxable","12":"product-type-variable"},"yoast_head":"<!-- This site is optimized with the Yoast SEO plugin v27.0 - https:\/\/yoast.com\/product\/yoast-seo-wordpress\/ -->\n<title>Kup Allopurinol Online | Szybka Akceptacja Lekarza - Transtoyou - PL<\/title>\n<meta name=\"description\" content=\"Zam\u00f3w Allopurinol online z szybk\u0105 recenzj\u0105 medyczn\u0105. Bez poczekalni. Szybka dostawa w ca\u0142ej Europie. Bezpieczne, dyskretne i z recept\u0105 w zestawie.\" \/>\n<meta name=\"robots\" content=\"noindex, follow, max-snippet:-1, max-image-preview:large, max-video-preview:-1\" \/>\n<meta property=\"og:locale\" content=\"pl_PL\" \/>\n<meta property=\"og:type\" content=\"article\" \/>\n<meta property=\"og:title\" content=\"Kup Allopurinol Online | Szybka Akceptacja Lekarza - Transtoyou - PL\" \/>\n<meta property=\"og:description\" content=\"Zam\u00f3w Allopurinol online z szybk\u0105 recenzj\u0105 medyczn\u0105. Bez poczekalni. Szybka dostawa w ca\u0142ej Europie. Bezpieczne, dyskretne i z recept\u0105 w zestawie.\" \/>\n<meta property=\"og:url\" content=\"https:\/\/www.transtoyou.com\/pl\/product\/allopurinol\/\" \/>\n<meta property=\"og:site_name\" content=\"Transtoyou - PL\" \/>\n<meta property=\"article:modified_time\" content=\"2026-02-07T11:07:17+00:00\" \/>\n<meta name=\"twitter:card\" content=\"summary_large_image\" \/>\n<meta name=\"twitter:label1\" content=\"Szacowany czas czytania\" \/>\n\t<meta name=\"twitter:data1\" content=\"1 minuta\" \/>\n<script type=\"application\/ld+json\" class=\"yoast-schema-graph\">{\"@context\":\"https:\/\/schema.org\",\"@graph\":[{\"@type\":\"WebPage\",\"@id\":\"https:\/\/www.transtoyou.com\/pl\/product\/allopurinol\/\",\"url\":\"https:\/\/www.transtoyou.com\/pl\/product\/allopurinol\/\",\"name\":\"Kup Allopurinol Online | Szybka Akceptacja Lekarza - Transtoyou - PL\",\"isPartOf\":{\"@id\":\"https:\/\/www.transtoyou.com\/pl\/#website\"},\"primaryImageOfPage\":{\"@id\":\"https:\/\/www.transtoyou.com\/pl\/product\/allopurinol\/#primaryimage\"},\"image\":{\"@id\":\"https:\/\/www.transtoyou.com\/pl\/product\/allopurinol\/#primaryimage\"},\"thumbnailUrl\":\"https:\/\/www.transtoyou.com\/pl\/wp-content\/uploads\/sites\/11\/2026\/02\/tty-no-product-image.webp\",\"datePublished\":\"2026-02-07T09:35:08+00:00\",\"dateModified\":\"2026-02-07T11:07:17+00:00\",\"description\":\"Zam\u00f3w Allopurinol online z szybk\u0105 recenzj\u0105 medyczn\u0105. Bez poczekalni. Szybka dostawa w ca\u0142ej Europie. Bezpieczne, dyskretne i z recept\u0105 w zestawie.\",\"breadcrumb\":{\"@id\":\"https:\/\/www.transtoyou.com\/pl\/product\/allopurinol\/#breadcrumb\"},\"inLanguage\":\"pl-PL\",\"potentialAction\":[{\"@type\":\"ReadAction\",\"target\":[\"https:\/\/www.transtoyou.com\/pl\/product\/allopurinol\/\"]}]},{\"@type\":\"ImageObject\",\"inLanguage\":\"pl-PL\",\"@id\":\"https:\/\/www.transtoyou.com\/pl\/product\/allopurinol\/#primaryimage\",\"url\":\"https:\/\/www.transtoyou.com\/pl\/wp-content\/uploads\/sites\/11\/2026\/02\/tty-no-product-image.webp\",\"contentUrl\":\"https:\/\/www.transtoyou.com\/pl\/wp-content\/uploads\/sites\/11\/2026\/02\/tty-no-product-image.webp\",\"width\":1000,\"height\":1000,\"caption\":\"Domy\u015blny obraz produktu\"},{\"@type\":\"WebSite\",\"@id\":\"https:\/\/www.transtoyou.com\/pl\/#website\",\"url\":\"https:\/\/www.transtoyou.com\/pl\/\",\"name\":\"Transtoyou - PL\",\"description\":\"\",\"publisher\":{\"@id\":\"https:\/\/www.transtoyou.com\/pl\/#organization\"},\"potentialAction\":[{\"@type\":\"SearchAction\",\"target\":{\"@type\":\"EntryPoint\",\"urlTemplate\":\"https:\/\/www.transtoyou.com\/pl\/?s={search_term_string}\"},\"query-input\":{\"@type\":\"PropertyValueSpecification\",\"valueRequired\":true,\"valueName\":\"search_term_string\"}}],\"inLanguage\":\"pl-PL\"},{\"@type\":\"Organization\",\"@id\":\"https:\/\/www.transtoyou.com\/pl\/#organization\",\"name\":\"Transtoyou - PL\",\"url\":\"https:\/\/www.transtoyou.com\/pl\/\",\"logo\":{\"@type\":\"ImageObject\",\"inLanguage\":\"pl-PL\",\"@id\":\"https:\/\/www.transtoyou.com\/pl\/#\/schema\/logo\/image\/\",\"url\":\"https:\/\/www.transtoyou.com\/pl\/wp-content\/uploads\/sites\/11\/2026\/01\/logo-tty-menu-bar-300x87-1.webp\",\"contentUrl\":\"https:\/\/www.transtoyou.com\/pl\/wp-content\/uploads\/sites\/11\/2026\/01\/logo-tty-menu-bar-300x87-1.webp\",\"width\":300,\"height\":87,\"caption\":\"Transtoyou - PL\"},\"image\":{\"@id\":\"https:\/\/www.transtoyou.com\/pl\/#\/schema\/logo\/image\/\"}}]}<\/script>\n<!-- \/ Yoast SEO plugin. -->","yoast_head_json":{"title":"Kup Allopurinol Online | Szybka Akceptacja Lekarza - Transtoyou - PL","description":"Zam\u00f3w Allopurinol online z szybk\u0105 recenzj\u0105 medyczn\u0105. Bez poczekalni. Szybka dostawa w ca\u0142ej Europie. Bezpieczne, dyskretne i z recept\u0105 w zestawie.","robots":{"index":"noindex","follow":"follow","max-snippet":"max-snippet:-1","max-image-preview":"max-image-preview:large","max-video-preview":"max-video-preview:-1"},"og_locale":"pl_PL","og_type":"article","og_title":"Kup Allopurinol Online | Szybka Akceptacja Lekarza - Transtoyou - PL","og_description":"Zam\u00f3w Allopurinol online z szybk\u0105 recenzj\u0105 medyczn\u0105. Bez poczekalni. Szybka dostawa w ca\u0142ej Europie. Bezpieczne, dyskretne i z recept\u0105 w zestawie.","og_url":"https:\/\/www.transtoyou.com\/pl\/product\/allopurinol\/","og_site_name":"Transtoyou - PL","article_modified_time":"2026-02-07T11:07:17+00:00","twitter_card":"summary_large_image","twitter_misc":{"Szacowany czas czytania":"1 minuta"},"schema":{"@context":"https:\/\/schema.org","@graph":[{"@type":"WebPage","@id":"https:\/\/www.transtoyou.com\/pl\/product\/allopurinol\/","url":"https:\/\/www.transtoyou.com\/pl\/product\/allopurinol\/","name":"Kup Allopurinol Online | Szybka Akceptacja Lekarza - Transtoyou - PL","isPartOf":{"@id":"https:\/\/www.transtoyou.com\/pl\/#website"},"primaryImageOfPage":{"@id":"https:\/\/www.transtoyou.com\/pl\/product\/allopurinol\/#primaryimage"},"image":{"@id":"https:\/\/www.transtoyou.com\/pl\/product\/allopurinol\/#primaryimage"},"thumbnailUrl":"https:\/\/www.transtoyou.com\/pl\/wp-content\/uploads\/sites\/11\/2026\/02\/tty-no-product-image.webp","datePublished":"2026-02-07T09:35:08+00:00","dateModified":"2026-02-07T11:07:17+00:00","description":"Zam\u00f3w Allopurinol online z szybk\u0105 recenzj\u0105 medyczn\u0105. Bez poczekalni. Szybka dostawa w ca\u0142ej Europie. Bezpieczne, dyskretne i z recept\u0105 w zestawie.","breadcrumb":{"@id":"https:\/\/www.transtoyou.com\/pl\/product\/allopurinol\/#breadcrumb"},"inLanguage":"pl-PL","potentialAction":[{"@type":"ReadAction","target":["https:\/\/www.transtoyou.com\/pl\/product\/allopurinol\/"]}]},{"@type":"ImageObject","inLanguage":"pl-PL","@id":"https:\/\/www.transtoyou.com\/pl\/product\/allopurinol\/#primaryimage","url":"https:\/\/www.transtoyou.com\/pl\/wp-content\/uploads\/sites\/11\/2026\/02\/tty-no-product-image.webp","contentUrl":"https:\/\/www.transtoyou.com\/pl\/wp-content\/uploads\/sites\/11\/2026\/02\/tty-no-product-image.webp","width":1000,"height":1000,"caption":"Domy\u015blny obraz produktu"},{"@type":"WebSite","@id":"https:\/\/www.transtoyou.com\/pl\/#website","url":"https:\/\/www.transtoyou.com\/pl\/","name":"Transtoyou - PL","description":"","publisher":{"@id":"https:\/\/www.transtoyou.com\/pl\/#organization"},"potentialAction":[{"@type":"SearchAction","target":{"@type":"EntryPoint","urlTemplate":"https:\/\/www.transtoyou.com\/pl\/?s={search_term_string}"},"query-input":{"@type":"PropertyValueSpecification","valueRequired":true,"valueName":"search_term_string"}}],"inLanguage":"pl-PL"},{"@type":"Organization","@id":"https:\/\/www.transtoyou.com\/pl\/#organization","name":"Transtoyou - PL","url":"https:\/\/www.transtoyou.com\/pl\/","logo":{"@type":"ImageObject","inLanguage":"pl-PL","@id":"https:\/\/www.transtoyou.com\/pl\/#\/schema\/logo\/image\/","url":"https:\/\/www.transtoyou.com\/pl\/wp-content\/uploads\/sites\/11\/2026\/01\/logo-tty-menu-bar-300x87-1.webp","contentUrl":"https:\/\/www.transtoyou.com\/pl\/wp-content\/uploads\/sites\/11\/2026\/01\/logo-tty-menu-bar-300x87-1.webp","width":300,"height":87,"caption":"Transtoyou - PL"},"image":{"@id":"https:\/\/www.transtoyou.com\/pl\/#\/schema\/logo\/image\/"}}]}},"_links":{"self":[{"href":"https:\/\/www.transtoyou.com\/pl\/wp-json\/wp\/v2\/product\/1351","targetHints":{"allow":["GET"]}}],"collection":[{"href":"https:\/\/www.transtoyou.com\/pl\/wp-json\/wp\/v2\/product"}],"about":[{"href":"https:\/\/www.transtoyou.com\/pl\/wp-json\/wp\/v2\/types\/product"}],"replies":[{"embeddable":true,"href":"https:\/\/www.transtoyou.com\/pl\/wp-json\/wp\/v2\/comments?post=1351"}],"wp:featuredmedia":[{"embeddable":true,"href":"https:\/\/www.transtoyou.com\/pl\/wp-json\/wp\/v2\/media\/1357"}],"wp:attachment":[{"href":"https:\/\/www.transtoyou.com\/pl\/wp-json\/wp\/v2\/media?parent=1351"}],"wp:term":[{"taxonomy":"product_brand","embeddable":true,"href":"https:\/\/www.transtoyou.com\/pl\/wp-json\/wp\/v2\/product_brand?post=1351"},{"taxonomy":"product_cat","embeddable":true,"href":"https:\/\/www.transtoyou.com\/pl\/wp-json\/wp\/v2\/product_cat?post=1351"},{"taxonomy":"product_tag","embeddable":true,"href":"https:\/\/www.transtoyou.com\/pl\/wp-json\/wp\/v2\/product_tag?post=1351"},{"taxonomy":"expert","embeddable":true,"href":"https:\/\/www.transtoyou.com\/pl\/wp-json\/wp\/v2\/expert?post=1351"}],"curies":[{"name":"wp","href":"https:\/\/api.w.org\/{rel}","templated":true}]}}