{"id":1556,"date":"2026-02-23T13:35:06","date_gmt":"2026-02-23T11:35:06","guid":{"rendered":"https:\/\/www.transtoyou.com\/pl\/product\/bricanyl\/"},"modified":"2026-02-23T13:47:16","modified_gmt":"2026-02-23T11:47:16","slug":"bricanyl","status":"publish","type":"product","link":"https:\/\/www.transtoyou.com\/pl\/product\/bricanyl\/","title":{"rendered":"Bricanyl"},"content":{"rendered":"<h2>Co to jest Bricanyl Turbuhaler?<\/h2>\n<p>Bricanyl Turbuhaler to inhalator z suchym proszkiem zawieraj\u0105cy siarczan terbutaliny jako substancj\u0119 czynn\u0105. Terbutalina nale\u017cy do grupy lek\u00f3w znanych jako kr\u00f3tko dzia\u0142aj\u0105ce agoni\u015bci beta-2 adrenergicznych, cz\u0119sto nazywane bronchodilatatorami.<\/p>\n<p>Bronchodilatatory dzia\u0142aj\u0105 poprzez rozlu\u017anienie mi\u0119\u015bni g\u0142adkich otaczaj\u0105cych drogi oddechowe. Gdy te mi\u0119\u015bnie si\u0119 kurcz\u0105, drogi oddechowe staj\u0105 si\u0119 w\u0119\u017csze, co prowadzi do duszno\u015bci, \u015bwiszcz\u0105cego oddechu i ucisku w klatce piersiowej. Po inhalacji terbutalina stymuluje specyficzne receptory w mi\u0119\u015bniach dr\u00f3g oddechowych, powoduj\u0105c ich rozlu\u017anienie i umo\u017cliwiaj\u0105c swobodniejszy przep\u0142yw powietrza.<\/p>\n<p>Dzia\u0142anie Bricanylu zaczyna si\u0119 w ci\u0105gu kilku minut po inhalacji i zazwyczaj trwa oko\u0142o pi\u0119ciu do sze\u015bciu godzin. Poniewa\u017c dzia\u0142a szybko, jest stosowany g\u0142\u00f3wnie do szybkiej ulgi w objawach, a nie do d\u0142ugoterminowego leczenia.<\/p>\n<p>Bricanyl Turbuhaler jest dost\u0119pny w dawkach 250 mikrogram\u00f3w i 500 mikrogram\u00f3w na inhalacj\u0119.<\/p>\n<h2>Do czego jest stosowany?<\/h2>\n<p>Bricanyl Turbuhaler jest stosowany w celu \u0142agodzenia objaw\u00f3w spowodowanych zw\u0119\u017ceniem dr\u00f3g oddechowych. Mo\u017ce by\u0107 przepisywany w przypadku:<\/p>\n<ul>\n<li>Astmy<\/li>\n<li>Przewlek\u0142ego zapalenia oskrzeli<\/li>\n<li>Rozedmy p\u0142uc<\/li>\n<li>Innych chor\u00f3b obturacyjnych dr\u00f3g oddechowych zwi\u0105zanych z kurczeniem si\u0119 mi\u0119\u015bni oskrzeli<\/li>\n<\/ul>\n<p>W astmie zw\u0119\u017cenie dr\u00f3g oddechowych mo\u017ce by\u0107 wywo\u0142ane przez alergeny, wysi\u0142ek fizyczny, zimne powietrze lub infekcje dr\u00f3g oddechowych. Bricanyl pomaga \u0142agodzi\u0107 te objawy, rozlu\u017aniaj\u0105c mi\u0119\u015bnie dr\u00f3g oddechowych i poprawiaj\u0105c przep\u0142yw powietrza.<\/p>\n<p>Bricanyl jest zazwyczaj stosowany w razie potrzeby w celu ulgi w objawach. Nie jest substytutem regularnego leczenia przeciwzapalnego, takiego jak wziewne kortykosteroidy, gdy s\u0105 one przepisane.<\/p>\n<p>Je\u015bli kr\u00f3tko dzia\u0142aj\u0105cy bronchodilatator, taki jak Bricanyl, jest potrzebny wi\u0119cej ni\u017c dwa razy w tygodniu do kontrolowania objaw\u00f3w astmy, mo\u017ce to wskazywa\u0107, \u017ce stan nie jest odpowiednio kontrolowany i zaleca si\u0119 ponown\u0105 ocen\u0119 medyczn\u0105.<\/p>\n<h2>Jak dzia\u0142a Bricanyl Turbuhaler?<\/h2>\n<p>Terbutalina stymuluje receptory beta-2 znajduj\u0105ce si\u0119 w mi\u0119\u015bniach g\u0142adkich oskrzeli. Aktywacja tych receptor\u00f3w powoduje rozlu\u017anienie mi\u0119\u015bni, co prowadzi do rozszerzenia dr\u00f3g oddechowych (bronchodilatacja).<\/p>\n<p>Poprawiaj\u0105c przep\u0142yw powietrza, Bricanyl zmniejsza objawy takie jak:<br \/>\n\u2022 \u015awiszcz\u0105cy oddech<br \/>\n\u2022 Duszno\u015b\u0107<br \/>\n\u2022 Ucisk w klatce piersiowej<br \/>\n\u2022 Kaszel zwi\u0105zany z bronchospazmem<\/p>\n<p>Poniewa\u017c lek jest inhalowany bezpo\u015brednio do p\u0142uc, dzia\u0142a lokalnie w miejscu zw\u0119\u017cenia dr\u00f3g oddechowych. Dzia\u0142anie bronchodilatacyjne zaczyna si\u0119 w ci\u0105gu kilku minut i zazwyczaj trwa pi\u0119\u0107 do sze\u015bciu godzin.<\/p>\n<p>Nadmierne stosowanie kr\u00f3tko dzia\u0142aj\u0105cych bronchodilatator\u00f3w mo\u017ce sygnalizowa\u0107 pogorszenie kontroli astmy. Wzmo\u017cone poleganie na inhalatorach ratunkowych powinno by\u0107 zawsze omawiane z pracownikiem s\u0142u\u017cby zdrowia.<\/p>\n<h2>Kto nie powinien stosowa\u0107 Bricanyl Turbuhaler?<\/h2>\n<p>Bricanyl nie powinien by\u0107 stosowany, je\u015bli:<\/p>\n<ul>\n<li>Jeste\u015b uczulony na siarczan terbutaliny lub jakikolwiek sk\u0142adnik inhalatora<\/li>\n<li>Masz kardiomiopati\u0119 przerostow\u0105 (stan zwi\u0105zany z pogrubieniem mi\u0119\u015bnia sercowego)<\/li>\n<\/ul>\n<p>Szczeg\u00f3lna ostro\u017cno\u015b\u0107 jest wymagana, je\u015bli masz:<\/p>\n<ul>\n<li>Choroby serca, nieregularne bicie serca lub b\u00f3l w klatce piersiowej<\/li>\n<li><a href=\"\/pl\/treatment\/high-blood-pressure\/\">Nadci\u015bnienie t\u0119tnicze<\/a><\/li>\n<li><a href=\"\/pl\/treatment\/diabetes\">Cukrzyc\u0119<\/a><\/li>\n<li>Gruczo\u0142 tarczycy nadczynny<\/li>\n<li>Niskie poziomy potasu<\/li>\n<li>Trudno\u015bci w oddawaniu moczu<\/li>\n<\/ul>\n<p>Agoni\u015bci beta-2 mog\u0105 zwi\u0119ksza\u0107 cz\u0119sto\u015b\u0107 akcji serca i wp\u0142ywa\u0107 na poziom potasu lub glukozy we krwi. Monitorowanie mo\u017ce by\u0107 wymagane u niekt\u00f3rych pacjent\u00f3w.<\/p>\n<p>Bricanyl Turbuhaler zawiera laktoz\u0119, kt\u00f3ra mo\u017ce zawiera\u0107 \u015bladowe ilo\u015bci bia\u0142ek mleka. Osoby z ci\u0119\u017ck\u0105 alergi\u0105 na bia\u0142ka mleka powinny skonsultowa\u0107 si\u0119 z lekarzem przed u\u017cyciem.<\/p>\n<p>Je\u015bli objawy szybko si\u0119 pogarszaj\u0105 lub wymagane s\u0105 wy\u017csze dawki w celu ulgi, natychmiast skonsultuj si\u0119 z lekarzem.<\/p>\n<h2>Jak stosowa\u0107 i dawkowanie<\/h2>\n<p>Zawsze stosuj Bricanyl dok\u0142adnie tak, jak przepisa\u0142 lekarz.<\/p>\n<p>W celu ulgi w objawach, zwyk\u0142a dawka to:<\/p>\n<ul>\n<li>1\u20132 inhalacje Bricanylu 250 mikrogram\u00f3w<br \/>\nlub<\/li>\n<li>1 inhalacja Bricanylu 500 mikrogram\u00f3w<\/li>\n<\/ul>\n<p>Maksymalna dzienna dawka wynosi 4000 mikrogram\u00f3w. Odpowiada to:<\/p>\n<ul>\n<li>Do 16 inhalacji po 250 mikrogram\u00f3w<br \/>\nlub<\/li>\n<li>Do 8 inhalacji po 500 mikrogram\u00f3w<\/li>\n<\/ul>\n<p>Bricanyl stosuje si\u0119 w razie potrzeby w celu ulgi w objawach, a nie wed\u0142ug sta\u0142ego harmonogramu dziennego.<\/p>\n<p>Je\u015bli zapomnisz o dawce, we\u017a j\u0105, gdy zajdzie potrzeba w przypadku objaw\u00f3w. Nie przekraczaj przepisanej maksymalnej dawki.<\/p>\n<p>Je\u015bli do\u015bwiadczasz nag\u0142ego pogorszenia oddychania, potrzebujesz zwi\u0119kszonych dawek lub zauwa\u017casz, \u017ce inhalator zapewnia mniejsz\u0105 ulg\u0119 ni\u017c zwykle, natychmiast skonsultuj si\u0119 z lekarzem.<\/p>\n<h2>Mo\u017cliwe dzia\u0142ania niepo\u017c\u0105dane<\/h2>\n<p>Jak wszystkie leki, Bricanyl mo\u017ce powodowa\u0107 dzia\u0142ania niepo\u017c\u0105dane, chocia\u017c nie ka\u017cdy ich do\u015bwiadcza.<\/p>\n<p>Bardzo powszechne dzia\u0142ania niepo\u017c\u0105dane mog\u0105 obejmowa\u0107:<\/p>\n<ul>\n<li>Dr\u017cenie<\/li>\n<li>B\u00f3l g\u0142owy<\/li>\n<\/ul>\n<p>Powszechne dzia\u0142ania niepo\u017c\u0105dane mog\u0105 obejmowa\u0107:<\/p>\n<ul>\n<li>Szybkie bicie serca (tachykardia)<\/li>\n<li>Palpitacje<\/li>\n<li>Skurcze mi\u0119\u015bni<\/li>\n<li>Niskie poziomy potasu (hipokaliemia)<\/li>\n<\/ul>\n<p>Rzadkie dzia\u0142ania niepo\u017c\u0105dane mog\u0105 obejmowa\u0107:<\/p>\n<ul>\n<li>Niepok\u00f3j lub zaburzenia snu<\/li>\n<li>Zaburzenia rytmu serca<\/li>\n<li>Bronchospazm<\/li>\n<li>Nudno\u015bci lub wymioty<\/li>\n<li>Wysypka sk\u00f3rna lub pokrzywka<\/li>\n<\/ul>\n<p>Bardzo rzadkie, ale powa\u017cne reakcje mog\u0105 obejmowa\u0107:<\/p>\n<ul>\n<li>Powa\u017cne reakcje alergiczne (w tym obrz\u0119k naczynioruchowy)<\/li>\n<li>Zmiany ci\u015bnienia krwi<\/li>\n<li>Ucisk w klatce piersiowej<\/li>\n<\/ul>\n<p>Je\u015bli do\u015bwiadczasz b\u00f3lu w klatce piersiowej, powa\u017cnych objaw\u00f3w alergicznych lub pogorszenia oddychania po u\u017cyciu, natychmiast skonsultuj si\u0119 z lekarzem.<\/p>\n<h2>Wa\u017cne informacje dotycz\u0105ce bezpiecze\u0144stwa<\/h2>\n<p>Je\u015bli Bricanyl jest potrzebny wi\u0119cej ni\u017c dwa razy w tygodniu w celu ulgi w astmie, mo\u017ce to wskazywa\u0107 na niewystarczaj\u0105c\u0105 kontrol\u0119 astmy. Nale\u017cy zorganizowa\u0107 przegl\u0105d medyczny.<\/p>\n<p>Je\u015bli przepisano Ci wziewne kortykosteroidy lub inne leczenie podtrzymuj\u0105ce, kontynuuj ich regularne stosowanie zgodnie z zaleceniami, nawet je\u015bli objawy si\u0119 poprawiaj\u0105.<\/p>\n<p>Bricanyl mo\u017ce wp\u0142ywa\u0107 na poziom glukozy we krwi i potasu. Pacjenci z cukrzyc\u0105 lub zaburzeniami elektrolitowymi mog\u0105 wymaga\u0107 monitorowania.<\/p>\n<p>W czasie ci\u0105\u017cy Bricanyl powinien by\u0107 stosowany tylko po konsultacji medycznej. Mo\u017ce by\u0107 stosowany w czasie karmienia piersi\u0105 po uzyskaniu profesjonalnej porady.<\/p>\n<p>Unikaj przekraczania zalecanej dawki, poniewa\u017c nadmierne stosowanie mo\u017ce zwi\u0119ksza\u0107 ryzyko dzia\u0142a\u0144 niepo\u017c\u0105danych sercowo-naczyniowych.<\/p>\n<h2>Kiedy szuka\u0107 pomocy medycznej<\/h2>\n<p>Natychmiast skontaktuj si\u0119 z lekarzem, je\u015bli:<\/p>\n<ul>\n<li>Oddychanie nagle si\u0119 pogarsza<\/li>\n<li>Jeste\u015b zbyt duszny, aby m\u00f3wi\u0107, je\u015b\u0107 lub spa\u0107<\/li>\n<li>Rozwija si\u0119 b\u00f3l w klatce piersiowej<\/li>\n<li>Wyst\u0119puj\u0105 powa\u017cne reakcje alergiczne<\/li>\n<\/ul>\n<p>Skontaktuj si\u0119 z lekarzem, je\u015bli:<\/p>\n<ul>\n<li>Potrzebujesz zwi\u0119kszonych dawek w celu ulgi<\/li>\n<li>U\u017cywasz Bricanylu wi\u0119cej ni\u017c dwa razy w tygodniu w celu kontroli astmy<\/li>\n<li>Inhalator wydaje si\u0119 mniej skuteczny ni\u017c zwykle<\/li>\n<\/ul>\n","protected":false},"excerpt":{"rendered":"<ul>\n<li>Bricanyl Turbuhaler to recepturowy kr\u00f3tko dzia\u0142aj\u0105cy bronchodilatator, kt\u00f3ry rozlu\u017ania mi\u0119\u015bnie dr\u00f3g oddechowych w ci\u0105gu kilku minut, aby z\u0142agodzi\u0107 trudno\u015bci w oddychaniu.<\/li>\n<li>Sk\u0142adnik aktywny: siarczan terbutaliny (250 lub 500 mikrogram\u00f3w na inhalacj\u0119)<\/li>\n<li>Stosowany w celu: z\u0142agodzenia zw\u0119\u017cenia oskrzeli w astmie, przewlek\u0142ym zapaleniu oskrzeli, rozedmie p\u0142uc i innych chorobach obturacyjnych dr\u00f3g oddechowych<\/li>\n<\/ul>\n","protected":false},"featured_media":1558,"comment_status":"open","ping_status":"closed","template":"","meta":[],"product_brand":[],"product_cat":[80],"product_tag":[],"expert":[16],"class_list":{"0":"post-1556","1":"product","2":"type-product","3":"status-publish","4":"has-post-thumbnail","6":"product_cat-astma","7":"expert-dr-c-alexandru","9":"first","10":"instock","11":"shipping-taxable","12":"product-type-variable"},"yoast_head":"<!-- This site is optimized with the Yoast SEO plugin v27.0 - https:\/\/yoast.com\/product\/yoast-seo-wordpress\/ -->\n<title>Bricanyl Turbuhaler | Leczenie astmy - Transtoyou<\/title>\n<meta name=\"description\" content=\"Bricanyl Turbuhaler zawiera terbutalin\u0119 250 lub 500 mikrogram\u00f3w na dawk\u0119. Lek na recept\u0119 rozszerzaj\u0105cy oskrzela na astm\u0119, dost\u0119pny przez Transtoyou.\" \/>\n<meta name=\"robots\" content=\"noindex, follow, max-snippet:-1, max-image-preview:large, max-video-preview:-1\" \/>\n<meta property=\"og:locale\" content=\"pl_PL\" \/>\n<meta property=\"og:type\" content=\"article\" \/>\n<meta property=\"og:title\" content=\"Bricanyl Turbuhaler | Leczenie astmy - Transtoyou\" \/>\n<meta property=\"og:description\" content=\"Bricanyl Turbuhaler zawiera terbutalin\u0119 250 lub 500 mikrogram\u00f3w na dawk\u0119. Lek na recept\u0119 rozszerzaj\u0105cy oskrzela na astm\u0119, dost\u0119pny przez Transtoyou.\" \/>\n<meta property=\"og:url\" content=\"https:\/\/www.transtoyou.com\/pl\/product\/bricanyl\/\" \/>\n<meta property=\"og:site_name\" content=\"Transtoyou - PL\" \/>\n<meta property=\"article:modified_time\" content=\"2026-02-23T11:47:16+00:00\" \/>\n<meta name=\"twitter:card\" content=\"summary_large_image\" \/>\n<meta name=\"twitter:label1\" content=\"Szacowany czas czytania\" \/>\n\t<meta name=\"twitter:data1\" content=\"5 minut\" \/>\n<script type=\"application\/ld+json\" class=\"yoast-schema-graph\">{\"@context\":\"https:\/\/schema.org\",\"@graph\":[{\"@type\":\"WebPage\",\"@id\":\"https:\/\/www.transtoyou.com\/pl\/product\/bricanyl\/\",\"url\":\"https:\/\/www.transtoyou.com\/pl\/product\/bricanyl\/\",\"name\":\"Bricanyl Turbuhaler | Leczenie astmy - Transtoyou\",\"isPartOf\":{\"@id\":\"https:\/\/www.transtoyou.com\/pl\/#website\"},\"primaryImageOfPage\":{\"@id\":\"https:\/\/www.transtoyou.com\/pl\/product\/bricanyl\/#primaryimage\"},\"image\":{\"@id\":\"https:\/\/www.transtoyou.com\/pl\/product\/bricanyl\/#primaryimage\"},\"thumbnailUrl\":\"https:\/\/www.transtoyou.com\/pl\/wp-content\/uploads\/sites\/11\/2026\/02\/tty-no-product-image-4.webp\",\"datePublished\":\"2026-02-23T11:35:06+00:00\",\"dateModified\":\"2026-02-23T11:47:16+00:00\",\"description\":\"Bricanyl Turbuhaler zawiera terbutalin\u0119 250 lub 500 mikrogram\u00f3w na dawk\u0119. Lek na recept\u0119 rozszerzaj\u0105cy oskrzela na astm\u0119, dost\u0119pny przez Transtoyou.\",\"breadcrumb\":{\"@id\":\"https:\/\/www.transtoyou.com\/pl\/product\/bricanyl\/#breadcrumb\"},\"inLanguage\":\"pl-PL\",\"potentialAction\":[{\"@type\":\"ReadAction\",\"target\":[\"https:\/\/www.transtoyou.com\/pl\/product\/bricanyl\/\"]}]},{\"@type\":\"ImageObject\",\"inLanguage\":\"pl-PL\",\"@id\":\"https:\/\/www.transtoyou.com\/pl\/product\/bricanyl\/#primaryimage\",\"url\":\"https:\/\/www.transtoyou.com\/pl\/wp-content\/uploads\/sites\/11\/2026\/02\/tty-no-product-image-4.webp\",\"contentUrl\":\"https:\/\/www.transtoyou.com\/pl\/wp-content\/uploads\/sites\/11\/2026\/02\/tty-no-product-image-4.webp\",\"width\":1000,\"height\":1000,\"caption\":\"Domy\u015blny obraz produktu\"},{\"@type\":\"WebSite\",\"@id\":\"https:\/\/www.transtoyou.com\/pl\/#website\",\"url\":\"https:\/\/www.transtoyou.com\/pl\/\",\"name\":\"Transtoyou - PL\",\"description\":\"\",\"publisher\":{\"@id\":\"https:\/\/www.transtoyou.com\/pl\/#organization\"},\"potentialAction\":[{\"@type\":\"SearchAction\",\"target\":{\"@type\":\"EntryPoint\",\"urlTemplate\":\"https:\/\/www.transtoyou.com\/pl\/?s={search_term_string}\"},\"query-input\":{\"@type\":\"PropertyValueSpecification\",\"valueRequired\":true,\"valueName\":\"search_term_string\"}}],\"inLanguage\":\"pl-PL\"},{\"@type\":\"Organization\",\"@id\":\"https:\/\/www.transtoyou.com\/pl\/#organization\",\"name\":\"Transtoyou - PL\",\"url\":\"https:\/\/www.transtoyou.com\/pl\/\",\"logo\":{\"@type\":\"ImageObject\",\"inLanguage\":\"pl-PL\",\"@id\":\"https:\/\/www.transtoyou.com\/pl\/#\/schema\/logo\/image\/\",\"url\":\"https:\/\/www.transtoyou.com\/pl\/wp-content\/uploads\/sites\/11\/2026\/01\/logo-tty-menu-bar-300x87-1.webp\",\"contentUrl\":\"https:\/\/www.transtoyou.com\/pl\/wp-content\/uploads\/sites\/11\/2026\/01\/logo-tty-menu-bar-300x87-1.webp\",\"width\":300,\"height\":87,\"caption\":\"Transtoyou - PL\"},\"image\":{\"@id\":\"https:\/\/www.transtoyou.com\/pl\/#\/schema\/logo\/image\/\"}}]}<\/script>\n<!-- \/ Yoast SEO plugin. -->","yoast_head_json":{"title":"Bricanyl Turbuhaler | Leczenie astmy - Transtoyou","description":"Bricanyl Turbuhaler zawiera terbutalin\u0119 250 lub 500 mikrogram\u00f3w na dawk\u0119. Lek na recept\u0119 rozszerzaj\u0105cy oskrzela na astm\u0119, dost\u0119pny przez Transtoyou.","robots":{"index":"noindex","follow":"follow","max-snippet":"max-snippet:-1","max-image-preview":"max-image-preview:large","max-video-preview":"max-video-preview:-1"},"og_locale":"pl_PL","og_type":"article","og_title":"Bricanyl Turbuhaler | Leczenie astmy - Transtoyou","og_description":"Bricanyl Turbuhaler zawiera terbutalin\u0119 250 lub 500 mikrogram\u00f3w na dawk\u0119. Lek na recept\u0119 rozszerzaj\u0105cy oskrzela na astm\u0119, dost\u0119pny przez Transtoyou.","og_url":"https:\/\/www.transtoyou.com\/pl\/product\/bricanyl\/","og_site_name":"Transtoyou - PL","article_modified_time":"2026-02-23T11:47:16+00:00","twitter_card":"summary_large_image","twitter_misc":{"Szacowany czas czytania":"5 minut"},"schema":{"@context":"https:\/\/schema.org","@graph":[{"@type":"WebPage","@id":"https:\/\/www.transtoyou.com\/pl\/product\/bricanyl\/","url":"https:\/\/www.transtoyou.com\/pl\/product\/bricanyl\/","name":"Bricanyl Turbuhaler | Leczenie astmy - Transtoyou","isPartOf":{"@id":"https:\/\/www.transtoyou.com\/pl\/#website"},"primaryImageOfPage":{"@id":"https:\/\/www.transtoyou.com\/pl\/product\/bricanyl\/#primaryimage"},"image":{"@id":"https:\/\/www.transtoyou.com\/pl\/product\/bricanyl\/#primaryimage"},"thumbnailUrl":"https:\/\/www.transtoyou.com\/pl\/wp-content\/uploads\/sites\/11\/2026\/02\/tty-no-product-image-4.webp","datePublished":"2026-02-23T11:35:06+00:00","dateModified":"2026-02-23T11:47:16+00:00","description":"Bricanyl Turbuhaler zawiera terbutalin\u0119 250 lub 500 mikrogram\u00f3w na dawk\u0119. Lek na recept\u0119 rozszerzaj\u0105cy oskrzela na astm\u0119, dost\u0119pny przez Transtoyou.","breadcrumb":{"@id":"https:\/\/www.transtoyou.com\/pl\/product\/bricanyl\/#breadcrumb"},"inLanguage":"pl-PL","potentialAction":[{"@type":"ReadAction","target":["https:\/\/www.transtoyou.com\/pl\/product\/bricanyl\/"]}]},{"@type":"ImageObject","inLanguage":"pl-PL","@id":"https:\/\/www.transtoyou.com\/pl\/product\/bricanyl\/#primaryimage","url":"https:\/\/www.transtoyou.com\/pl\/wp-content\/uploads\/sites\/11\/2026\/02\/tty-no-product-image-4.webp","contentUrl":"https:\/\/www.transtoyou.com\/pl\/wp-content\/uploads\/sites\/11\/2026\/02\/tty-no-product-image-4.webp","width":1000,"height":1000,"caption":"Domy\u015blny obraz produktu"},{"@type":"WebSite","@id":"https:\/\/www.transtoyou.com\/pl\/#website","url":"https:\/\/www.transtoyou.com\/pl\/","name":"Transtoyou - PL","description":"","publisher":{"@id":"https:\/\/www.transtoyou.com\/pl\/#organization"},"potentialAction":[{"@type":"SearchAction","target":{"@type":"EntryPoint","urlTemplate":"https:\/\/www.transtoyou.com\/pl\/?s={search_term_string}"},"query-input":{"@type":"PropertyValueSpecification","valueRequired":true,"valueName":"search_term_string"}}],"inLanguage":"pl-PL"},{"@type":"Organization","@id":"https:\/\/www.transtoyou.com\/pl\/#organization","name":"Transtoyou - PL","url":"https:\/\/www.transtoyou.com\/pl\/","logo":{"@type":"ImageObject","inLanguage":"pl-PL","@id":"https:\/\/www.transtoyou.com\/pl\/#\/schema\/logo\/image\/","url":"https:\/\/www.transtoyou.com\/pl\/wp-content\/uploads\/sites\/11\/2026\/01\/logo-tty-menu-bar-300x87-1.webp","contentUrl":"https:\/\/www.transtoyou.com\/pl\/wp-content\/uploads\/sites\/11\/2026\/01\/logo-tty-menu-bar-300x87-1.webp","width":300,"height":87,"caption":"Transtoyou - PL"},"image":{"@id":"https:\/\/www.transtoyou.com\/pl\/#\/schema\/logo\/image\/"}}]}},"_links":{"self":[{"href":"https:\/\/www.transtoyou.com\/pl\/wp-json\/wp\/v2\/product\/1556","targetHints":{"allow":["GET"]}}],"collection":[{"href":"https:\/\/www.transtoyou.com\/pl\/wp-json\/wp\/v2\/product"}],"about":[{"href":"https:\/\/www.transtoyou.com\/pl\/wp-json\/wp\/v2\/types\/product"}],"replies":[{"embeddable":true,"href":"https:\/\/www.transtoyou.com\/pl\/wp-json\/wp\/v2\/comments?post=1556"}],"wp:featuredmedia":[{"embeddable":true,"href":"https:\/\/www.transtoyou.com\/pl\/wp-json\/wp\/v2\/media\/1558"}],"wp:attachment":[{"href":"https:\/\/www.transtoyou.com\/pl\/wp-json\/wp\/v2\/media?parent=1556"}],"wp:term":[{"taxonomy":"product_brand","embeddable":true,"href":"https:\/\/www.transtoyou.com\/pl\/wp-json\/wp\/v2\/product_brand?post=1556"},{"taxonomy":"product_cat","embeddable":true,"href":"https:\/\/www.transtoyou.com\/pl\/wp-json\/wp\/v2\/product_cat?post=1556"},{"taxonomy":"product_tag","embeddable":true,"href":"https:\/\/www.transtoyou.com\/pl\/wp-json\/wp\/v2\/product_tag?post=1556"},{"taxonomy":"expert","embeddable":true,"href":"https:\/\/www.transtoyou.com\/pl\/wp-json\/wp\/v2\/expert?post=1556"}],"curies":[{"name":"wp","href":"https:\/\/api.w.org\/{rel}","templated":true}]}}