{"id":1561,"date":"2026-02-23T14:47:39","date_gmt":"2026-02-23T12:47:39","guid":{"rendered":"https:\/\/www.transtoyou.com\/pl\/product\/colchicine\/"},"modified":"2026-02-26T16:35:25","modified_gmt":"2026-02-26T14:35:25","slug":"kolchicyna","status":"publish","type":"product","link":"https:\/\/www.transtoyou.com\/pl\/product\/kolchicyna\/","title":{"rendered":"Kolchicyna"},"content":{"rendered":"<h2>Czym jest Kolchicyna 0,5 mg?<\/h2>\n<p>Kolchicyna to doustny lek na recept\u0119 zawieraj\u0105cy kolchicyn\u0119 jako substancj\u0119 czynn\u0105. Stosuje si\u0119 j\u0105 w leczeniu dny moczanowej oraz niekt\u00f3rych dziedzicznych chor\u00f3b zapalnych.<\/p>\n<p>Dna moczanowa to rodzaj zapalnej artretyzmu spowodowanej nagromadzeniem kryszta\u0142\u00f3w kwasu moczowego w stawach. Kiedy te kryszta\u0142y si\u0119 formuj\u0105, uk\u0142ad odporno\u015bciowy reaguje silnie, co prowadzi do nag\u0142ego b\u00f3lu, zaczerwienienia i obrz\u0119ku.<\/p>\n<p>Kolchicyna nie usuwa kwasu moczowego z organizmu. Zamiast tego, zmniejsza odpowied\u017a zapaln\u0105 organizmu na te kryszta\u0142y. Pomaga to z\u0142agodzi\u0107 objawy podczas ataku i mo\u017ce zmniejszy\u0107 ryzyko kolejnych nawrot\u00f3w, gdy jest stosowana profilaktycznie.<\/p>\n<p>Kolchicyna ma w\u0105ski margines terapeutyczny. Oznacza to, \u017ce nawet ma\u0142e b\u0142\u0119dy w dawkowaniu mog\u0105 zwi\u0119kszy\u0107 ryzyko dzia\u0142a\u0144 niepo\u017c\u0105danych. Z tego powodu powinna by\u0107 stosowana dok\u0142adnie zgodnie z zaleceniami lekarza.<\/p>\n<h2>Do czego stosuje si\u0119 Kolchicyn\u0119?<\/h2>\n<p>Kolchicyna jest stosowana u doros\u0142ych w celu:<\/p>\n<ul>\n<li>Leczenia ostrych atak\u00f3w dny moczanowej<\/li>\n<li>Zapobiegania nawrotom dny moczanowej<\/li>\n<li>Zapobiegania nawrotom dny moczanowej podczas rozpoczynania terapii obni\u017caj\u0105cej poziom kwasu moczowego<\/li>\n<\/ul>\n<p>Kolchicyna jest r\u00f3wnie\u017c stosowana w leczeniu rodzinnej gor\u0105czki \u015br\u00f3dziemnomorskiej, dziedzicznej choroby zapalnej, kt\u00f3ra powoduje powtarzaj\u0105ce si\u0119 epizody gor\u0105czki i zapalenia wp\u0142ywaj\u0105ce na brzuch, klatk\u0119 piersiow\u0105 lub stawy.<\/p>\n<p>U pacjent\u00f3w z FMF d\u0142ugoterminowe leczenie kolchicyn\u0105 mo\u017ce znacznie zmniejszy\u0107 cz\u0119stotliwo\u015b\u0107 atak\u00f3w i obni\u017cy\u0107 ryzyko amyloidozy, powa\u017cnego powik\u0142ania, kt\u00f3re mo\u017ce wp\u0142ywa\u0107 na narz\u0105dy, takie jak nerki.<\/p>\n<p>Kolchicyna nie jest og\u00f3lnym \u015brodkiem przeciwb\u00f3lowym. Skierowana jest szczeg\u00f3lnie na zapalenie zwi\u0105zane z odk\u0142adaniem si\u0119 kryszta\u0142\u00f3w lub dziedzicznymi stanami zapalnymi.<\/p>\n<h2>Jak dzia\u0142a Kolchicyna?<\/h2>\n<p>Kiedy kryszta\u0142y kwasu moczowego odk\u0142adaj\u0105 si\u0119 w stawie, kom\u00f3rki odporno\u015bciowe przenikaj\u0105 do dotkni\u0119tego obszaru i uwalniaj\u0105 substancje zapalne. Ta odpowied\u017a immunologiczna powoduje obrz\u0119k, ciep\u0142o i b\u00f3l.<\/p>\n<p>Kolchicyna dzia\u0142a wewn\u0105trz tych kom\u00f3rek odporno\u015bciowych. Zak\u0142\u00f3ca formowanie mikrotubuli, co zmniejsza ruch i aktywacj\u0119 kom\u00f3rek zapalnych. W rezultacie reakcja zapalna staje si\u0119 mniej intensywna, a objawy ust\u0119puj\u0105.<\/p>\n<p>Poniewa\u017c kolchicyna jest metabolizowana w w\u0105trobie i cz\u0119\u015bciowo wydalana przez nerki, upo\u015bledzenie funkcji narz\u0105d\u00f3w lub niekt\u00f3re interakcje lek\u00f3w mog\u0105 zwi\u0119kszy\u0107 ryzyko toksyczno\u015bci.<\/p>\n<h2>Kto nie powinien przyjmowa\u0107 Kolchicyny?<\/h2>\n<p>Nie stosuj kolchicyny, je\u015bli:<\/p>\n<ul>\n<li>Jeste\u015b uczulony na kolchicyn\u0119 lub jakikolwiek sk\u0142adnik tabletki<\/li>\n<li>Masz ci\u0119\u017ckie upo\u015bledzenie nerek<\/li>\n<li>Masz ci\u0119\u017ckie upo\u015bledzenie w\u0105troby<\/li>\n<li>Masz powa\u017cne zaburzenia krwi<\/li>\n<\/ul>\n<p>Kolchicyna nie mo\u017ce by\u0107 stosowana u pacjent\u00f3w z upo\u015bledzeniem nerek lub w\u0105troby, kt\u00f3rzy przyjmuj\u0105 silne inhibitory CYP3A4 lub P-glikoproteiny, poniewa\u017c mo\u017ce to prowadzi\u0107 do niebezpiecznie wysokich poziom\u00f3w kolchicyny.<\/p>\n<p>Nie nale\u017cy jej r\u00f3wnie\u017c \u0142\u0105czy\u0107 z niekt\u00f3rymi lekami, kt\u00f3re znacznie zwi\u0119kszaj\u0105 st\u0119\u017cenie kolchicyny, w tym:<\/p>\n<ul>\n<li>Antybiotyki makrolidowe, takie jak klarytromycyna lub erytromycyna<\/li>\n<li>Azolowe leki przeciwgrzybicze, takie jak ketokonazol lub itrakonazol<\/li>\n<li>Niekt\u00f3re blokery kana\u0142\u00f3w wapniowych, takie jak werapamil lub diltiazem<\/li>\n<li>Ritonavir i inne silne inhibitory wirusowe<\/li>\n<li>Cyklofosfamid<\/li>\n<\/ul>\n<p>Te kombinacje mog\u0105 prowadzi\u0107 do ci\u0119\u017ckiej lub zagra\u017caj\u0105cej \u017cyciu toksyczno\u015bci.<\/p>\n<h4>Ci\u0105\u017ca i p\u0142odno\u015b\u0107<\/h4>\n<p>Stosowanie w czasie ci\u0105\u017cy wymaga specjalistycznego nadzoru medycznego. Korzy\u015bci i ryzyko musz\u0105 by\u0107 oceniane indywidualnie, szczeg\u00f3lnie u pacjent\u00f3w z rodzinn\u0105 gor\u0105czk\u0105 \u015br\u00f3dziemnomorsk\u0105, gdzie kontynuacja mo\u017ce by\u0107 konieczna.<\/p>\n<p>Karmienie piersi\u0105 powinno odbywa\u0107 si\u0119 tylko na podstawie porady medycznej.<\/p>\n<p>M\u0119\u017cczyznom og\u00f3lnie zaleca si\u0119, aby nie zostawali ojcami podczas leczenia i przez co najmniej sze\u015b\u0107 miesi\u0119cy po zaprzestaniu stosowania kolchicyny.<\/p>\n<h2>Dawkowanie Kolchicyny i jak j\u0105 przyjmowa\u0107<\/h2>\n<p>Zawsze przyjmuj kolchicyn\u0119 dok\u0142adnie zgodnie z zaleceniami lekarza. Nigdy nie przekraczaj zalecanej dawki.<\/p>\n<h4>Ostry atak dny moczanowej<\/h4>\n<p>Zwykle dawka dla doros\u0142ych wynosi 0,5 mg dwa do trzech razy dziennie. Pocz\u0105tkowa dawka 1 mg mo\u017ce by\u0107 podana na pocz\u0105tku leczenia.<\/p>\n<p>Leczenie nale\u017cy przerwa\u0107, je\u015bli:<\/p>\n<ul>\n<li>Wyst\u0105pi\u0105 znacz\u0105ce objawy ze strony uk\u0142adu pokarmowego<\/li>\n<li>Nie nast\u0105pi poprawa po dw\u00f3ch do trzech dniach<\/li>\n<li>Ca\u0142kowita dawka 6 mg zosta\u0142a osi\u0105gni\u0119ta w jednym cyklu leczenia<\/li>\n<\/ul>\n<p>Nie powtarzaj cyklu leczenia w ci\u0105gu trzech dni.<\/p>\n<h4>Zapobieganie atakom dny moczanowej<\/h4>\n<p>Zwyk\u0142a dawka profilaktyczna wynosi od 0,5 mg do 1 mg dziennie.<\/p>\n<h4>Rodzinna gor\u0105czka \u015br\u00f3dziemnomorska<\/h4>\n<p>Typowa dawka dla doros\u0142ych wynosi od 1 mg do 3 mg dziennie. Dawk\u0119 powy\u017cej 1 mg zazwyczaj dzieli si\u0119 w ci\u0105gu dnia. Maksymalna zalecana dawka dobowa wynosi 3 mg.<\/p>\n<p>Poniewa\u017c przedawkowanie kolchicyny mo\u017ce by\u0107 \u015bmiertelne, precyzyjne przestrzeganie zalecanego schematu dawkowania jest niezb\u0119dne.<\/p>\n<h2>Dzia\u0142ania niepo\u017c\u0105dane Kolchicyny<\/h2>\n<p>Dzia\u0142ania niepo\u017c\u0105dane ze strony uk\u0142adu pokarmowego s\u0105 powszechne i mog\u0105 by\u0107 wczesnymi objawami toksyczno\u015bci.<\/p>\n<p>Bardzo cz\u0119ste lub cz\u0119ste dzia\u0142ania niepo\u017c\u0105dane obejmuj\u0105:<\/p>\n<ul>\n<li>Nudno\u015bci<\/li>\n<li>Wymioty<\/li>\n<li>B\u00f3l brzucha<\/li>\n<li>Biegunka<\/li>\n<\/ul>\n<p>Je\u015bli wyst\u0105pi\u0105 te objawy, nale\u017cy zasi\u0119gn\u0105\u0107 porady medycznej.<\/p>\n<p>Mniej powszechne, ale powa\u017cne dzia\u0142ania niepo\u017c\u0105dane obejmuj\u0105:<\/p>\n<ul>\n<li>Supresja szpiku kostnego prowadz\u0105ca do zmniejszenia liczby bia\u0142ych krwinek, anemii lub niskiej liczby p\u0142ytek krwi<\/li>\n<li>B\u00f3l lub os\u0142abienie mi\u0119\u015bni<\/li>\n<li>Rabdomioliza, ci\u0119\u017cka forma rozpadu mi\u0119\u015bni<\/li>\n<li>Uszkodzenie w\u0105troby<\/li>\n<li>Uszkodzenie nerek<\/li>\n<li>Utrata w\u0142os\u00f3w<\/li>\n<li>Niedob\u00f3r witaminy B12<\/li>\n<\/ul>\n<p>Objawy takie jak gor\u0105czka, b\u00f3l gard\u0142a, nietypowe siniaki lub krwawienia wymagaj\u0105 pilnej oceny medycznej.<\/p>\n<h2>Wa\u017cne informacje dotycz\u0105ce bezpiecze\u0144stwa<\/h2>\n<p>Kolchicyna ma ma\u0142y margines bezpiecze\u0144stwa. Przyjmowanie wi\u0119kszych dawek ni\u017c przepisane, nawet przypadkowo, mo\u017ce by\u0107 niebezpieczne.<\/p>\n<p>Niekt\u00f3re leki mog\u0105 zwi\u0119ksza\u0107 poziom kolchicyny we krwi i podnosi\u0107 ryzyko toksyczno\u015bci. Nale\u017c\u0105 do nich niekt\u00f3re antybiotyki, leki przeciwgrzybicze, leki przeciwwirusowe i leki na serce. Zawsze informuj swojego lekarza o wszystkich lekach, kt\u00f3re przyjmujesz.<\/p>\n<p>Nale\u017cy unika\u0107 grejpfrut\u00f3w i soku grejpfrutowego podczas leczenia, poniewa\u017c mog\u0105 one zwi\u0119ksza\u0107 ilo\u015b\u0107 kolchicyny w krwiobiegu.<\/p>\n<p>Je\u015bli masz problemy z nerkami lub w\u0105trob\u0105, mo\u017ce by\u0107 konieczne dostosowanie dawki. W ci\u0119\u017ckich przypadkach kolchicyna mo\u017ce nie by\u0107 odpowiednia.<\/p>\n<h2>Kiedy szuka\u0107 pilnej pomocy medycznej<\/h2>\n<p>Szukaj pilnej pomocy medycznej, je\u015bli do\u015bwiadczasz:<\/p>\n<ul>\n<li>Ci\u0119\u017ckiej lub uporczywej biegunki<\/li>\n<li>Uporczywego b\u00f3lu brzucha<\/li>\n<li>Objaw\u00f3w infekcji, takich jak gor\u0105czka lub b\u00f3l gard\u0142a<\/li>\n<li>Nietypowych siniak\u00f3w lub krwawie\u0144<\/li>\n<li>B\u00f3lu mi\u0119\u015bni w po\u0142\u0105czeniu z os\u0142abieniem<\/li>\n<li>Ciemno zabarwionego moczu<\/li>\n<li>Podejrzenia przedawkowania<\/li>\n<\/ul>\n<p>Toksyczno\u015b\u0107 kolchicyny mo\u017ce rozwija\u0107 si\u0119 szybko i wymaga pilnej opieki medycznej.<\/p>\n<p>Je\u015bli uwa\u017casz, \u017ce kolchicyna mo\u017ce by\u0107 odpowiednia dla Twojego stanu, mo\u017cesz wype\u0142ni\u0107 internetowy kwestionariusz medyczny. Lekarz z licencj\u0105 UE przeanalizuje Twoje informacje, aby okre\u015bli\u0107, czy ta terapia jest odpowiednia i bezpieczna dla Ciebie. Je\u015bli zostanie zatwierdzona, Twoje recepta zostanie wydana przez regulowan\u0105 aptek\u0119 UE i dostarczona dyskretnie.<\/p>\n","protected":false},"excerpt":{"rendered":"<ul>\n<li>Tabletki kolchicyny 0,5 mg to lek na recept\u0119 stosowany w leczeniu ostrych atak\u00f3w dny moczanowej, zapobieganiu nawrotom atak\u00f3w dny oraz d\u0142ugoterminowym zarz\u0105dzaniu rodzinn\u0105 gor\u0105czk\u0105 \u015br\u00f3dziemnomorsk\u0105 (FMF).<\/li>\n<li>Substancja czynna: Kolchicyna 0,5 mg na tabletk\u0119<\/li>\n<li>Stosowany w: Leczeniu i zapobieganiu atakom dny moczanowej oraz zarz\u0105dzaniu rodzinn\u0105 gor\u0105czk\u0105 \u015br\u00f3dziemnomorsk\u0105 (FMF)<\/li>\n<\/ul>\n","protected":false},"featured_media":1563,"comment_status":"open","ping_status":"closed","template":"","meta":[],"product_brand":[],"product_cat":[81],"product_tag":[],"expert":[21],"class_list":{"0":"post-1561","1":"product","2":"type-product","3":"status-publish","4":"has-post-thumbnail","6":"product_cat-bol-plecow-miesni-i-stawow","7":"expert-dr-m-sharoyko","9":"first","10":"instock","11":"shipping-taxable","12":"product-type-variable"},"yoast_head":"<!-- This site is optimized with the Yoast SEO plugin v27.0 - https:\/\/yoast.com\/product\/yoast-seo-wordpress\/ -->\n<title>Kolchicyna | Informacje o leczeniu napad\u00f3w dny moczanowej - Transtoyou<\/title>\n<meta name=\"description\" content=\"Kolchicyna 0,5 mg na ataki dny moczanowej, dost\u0119pna tylko na recept\u0119 od lekarzy Transtoyou. Sprawd\u017a, jak dzia\u0142a i czy jest dla Ciebie odpowiednia!\" \/>\n<meta name=\"robots\" content=\"noindex, follow, max-snippet:-1, max-image-preview:large, max-video-preview:-1\" \/>\n<meta property=\"og:locale\" content=\"pl_PL\" \/>\n<meta property=\"og:type\" content=\"article\" \/>\n<meta property=\"og:title\" content=\"Kolchicyna | Informacje o leczeniu napad\u00f3w dny moczanowej - Transtoyou\" \/>\n<meta property=\"og:description\" content=\"Kolchicyna 0,5 mg na ataki dny moczanowej, dost\u0119pna tylko na recept\u0119 od lekarzy Transtoyou. Sprawd\u017a, jak dzia\u0142a i czy jest dla Ciebie odpowiednia!\" \/>\n<meta property=\"og:url\" content=\"https:\/\/www.transtoyou.com\/pl\/product\/colchicine\/\" \/>\n<meta property=\"og:site_name\" content=\"Transtoyou - PL\" \/>\n<meta property=\"article:modified_time\" content=\"2026-02-26T14:35:25+00:00\" \/>\n<meta name=\"twitter:card\" content=\"summary_large_image\" \/>\n<meta name=\"twitter:label1\" content=\"Szacowany czas czytania\" \/>\n\t<meta name=\"twitter:data1\" content=\"6 minut\" \/>\n<script type=\"application\/ld+json\" class=\"yoast-schema-graph\">{\"@context\":\"https:\/\/schema.org\",\"@graph\":[{\"@type\":\"WebPage\",\"@id\":\"https:\/\/www.transtoyou.com\/pl\/product\/colchicine\/\",\"url\":\"https:\/\/www.transtoyou.com\/pl\/product\/colchicine\/\",\"name\":\"Kolchicyna | Informacje o leczeniu napad\u00f3w dny moczanowej - Transtoyou\",\"isPartOf\":{\"@id\":\"https:\/\/www.transtoyou.com\/pl\/#website\"},\"primaryImageOfPage\":{\"@id\":\"https:\/\/www.transtoyou.com\/pl\/product\/colchicine\/#primaryimage\"},\"image\":{\"@id\":\"https:\/\/www.transtoyou.com\/pl\/product\/colchicine\/#primaryimage\"},\"thumbnailUrl\":\"https:\/\/www.transtoyou.com\/pl\/wp-content\/uploads\/sites\/11\/2026\/02\/tty-no-product-image-5.webp\",\"datePublished\":\"2026-02-23T12:47:39+00:00\",\"dateModified\":\"2026-02-26T14:35:25+00:00\",\"description\":\"Kolchicyna 0,5 mg na ataki dny moczanowej, dost\u0119pna tylko na recept\u0119 od lekarzy Transtoyou. Sprawd\u017a, jak dzia\u0142a i czy jest dla Ciebie odpowiednia!\",\"breadcrumb\":{\"@id\":\"https:\/\/www.transtoyou.com\/pl\/product\/colchicine\/#breadcrumb\"},\"inLanguage\":\"pl-PL\",\"potentialAction\":[{\"@type\":\"ReadAction\",\"target\":[\"https:\/\/www.transtoyou.com\/pl\/product\/colchicine\/\"]}]},{\"@type\":\"ImageObject\",\"inLanguage\":\"pl-PL\",\"@id\":\"https:\/\/www.transtoyou.com\/pl\/product\/colchicine\/#primaryimage\",\"url\":\"https:\/\/www.transtoyou.com\/pl\/wp-content\/uploads\/sites\/11\/2026\/02\/tty-no-product-image-5.webp\",\"contentUrl\":\"https:\/\/www.transtoyou.com\/pl\/wp-content\/uploads\/sites\/11\/2026\/02\/tty-no-product-image-5.webp\",\"width\":1000,\"height\":1000,\"caption\":\"Domy\u015blny obraz produktu\"},{\"@type\":\"WebSite\",\"@id\":\"https:\/\/www.transtoyou.com\/pl\/#website\",\"url\":\"https:\/\/www.transtoyou.com\/pl\/\",\"name\":\"Transtoyou - PL\",\"description\":\"\",\"publisher\":{\"@id\":\"https:\/\/www.transtoyou.com\/pl\/#organization\"},\"potentialAction\":[{\"@type\":\"SearchAction\",\"target\":{\"@type\":\"EntryPoint\",\"urlTemplate\":\"https:\/\/www.transtoyou.com\/pl\/?s={search_term_string}\"},\"query-input\":{\"@type\":\"PropertyValueSpecification\",\"valueRequired\":true,\"valueName\":\"search_term_string\"}}],\"inLanguage\":\"pl-PL\"},{\"@type\":\"Organization\",\"@id\":\"https:\/\/www.transtoyou.com\/pl\/#organization\",\"name\":\"Transtoyou - PL\",\"url\":\"https:\/\/www.transtoyou.com\/pl\/\",\"logo\":{\"@type\":\"ImageObject\",\"inLanguage\":\"pl-PL\",\"@id\":\"https:\/\/www.transtoyou.com\/pl\/#\/schema\/logo\/image\/\",\"url\":\"https:\/\/www.transtoyou.com\/pl\/wp-content\/uploads\/sites\/11\/2026\/01\/logo-tty-menu-bar-300x87-1.webp\",\"contentUrl\":\"https:\/\/www.transtoyou.com\/pl\/wp-content\/uploads\/sites\/11\/2026\/01\/logo-tty-menu-bar-300x87-1.webp\",\"width\":300,\"height\":87,\"caption\":\"Transtoyou - PL\"},\"image\":{\"@id\":\"https:\/\/www.transtoyou.com\/pl\/#\/schema\/logo\/image\/\"}}]}<\/script>\n<!-- \/ Yoast SEO plugin. -->","yoast_head_json":{"title":"Kolchicyna | Informacje o leczeniu napad\u00f3w dny moczanowej - Transtoyou","description":"Kolchicyna 0,5 mg na ataki dny moczanowej, dost\u0119pna tylko na recept\u0119 od lekarzy Transtoyou. Sprawd\u017a, jak dzia\u0142a i czy jest dla Ciebie odpowiednia!","robots":{"index":"noindex","follow":"follow","max-snippet":"max-snippet:-1","max-image-preview":"max-image-preview:large","max-video-preview":"max-video-preview:-1"},"og_locale":"pl_PL","og_type":"article","og_title":"Kolchicyna | Informacje o leczeniu napad\u00f3w dny moczanowej - Transtoyou","og_description":"Kolchicyna 0,5 mg na ataki dny moczanowej, dost\u0119pna tylko na recept\u0119 od lekarzy Transtoyou. Sprawd\u017a, jak dzia\u0142a i czy jest dla Ciebie odpowiednia!","og_url":"https:\/\/www.transtoyou.com\/pl\/product\/colchicine\/","og_site_name":"Transtoyou - PL","article_modified_time":"2026-02-26T14:35:25+00:00","twitter_card":"summary_large_image","twitter_misc":{"Szacowany czas czytania":"6 minut"},"schema":{"@context":"https:\/\/schema.org","@graph":[{"@type":"WebPage","@id":"https:\/\/www.transtoyou.com\/pl\/product\/colchicine\/","url":"https:\/\/www.transtoyou.com\/pl\/product\/colchicine\/","name":"Kolchicyna | Informacje o leczeniu napad\u00f3w dny moczanowej - Transtoyou","isPartOf":{"@id":"https:\/\/www.transtoyou.com\/pl\/#website"},"primaryImageOfPage":{"@id":"https:\/\/www.transtoyou.com\/pl\/product\/colchicine\/#primaryimage"},"image":{"@id":"https:\/\/www.transtoyou.com\/pl\/product\/colchicine\/#primaryimage"},"thumbnailUrl":"https:\/\/www.transtoyou.com\/pl\/wp-content\/uploads\/sites\/11\/2026\/02\/tty-no-product-image-5.webp","datePublished":"2026-02-23T12:47:39+00:00","dateModified":"2026-02-26T14:35:25+00:00","description":"Kolchicyna 0,5 mg na ataki dny moczanowej, dost\u0119pna tylko na recept\u0119 od lekarzy Transtoyou. Sprawd\u017a, jak dzia\u0142a i czy jest dla Ciebie odpowiednia!","breadcrumb":{"@id":"https:\/\/www.transtoyou.com\/pl\/product\/colchicine\/#breadcrumb"},"inLanguage":"pl-PL","potentialAction":[{"@type":"ReadAction","target":["https:\/\/www.transtoyou.com\/pl\/product\/colchicine\/"]}]},{"@type":"ImageObject","inLanguage":"pl-PL","@id":"https:\/\/www.transtoyou.com\/pl\/product\/colchicine\/#primaryimage","url":"https:\/\/www.transtoyou.com\/pl\/wp-content\/uploads\/sites\/11\/2026\/02\/tty-no-product-image-5.webp","contentUrl":"https:\/\/www.transtoyou.com\/pl\/wp-content\/uploads\/sites\/11\/2026\/02\/tty-no-product-image-5.webp","width":1000,"height":1000,"caption":"Domy\u015blny obraz produktu"},{"@type":"WebSite","@id":"https:\/\/www.transtoyou.com\/pl\/#website","url":"https:\/\/www.transtoyou.com\/pl\/","name":"Transtoyou - PL","description":"","publisher":{"@id":"https:\/\/www.transtoyou.com\/pl\/#organization"},"potentialAction":[{"@type":"SearchAction","target":{"@type":"EntryPoint","urlTemplate":"https:\/\/www.transtoyou.com\/pl\/?s={search_term_string}"},"query-input":{"@type":"PropertyValueSpecification","valueRequired":true,"valueName":"search_term_string"}}],"inLanguage":"pl-PL"},{"@type":"Organization","@id":"https:\/\/www.transtoyou.com\/pl\/#organization","name":"Transtoyou - PL","url":"https:\/\/www.transtoyou.com\/pl\/","logo":{"@type":"ImageObject","inLanguage":"pl-PL","@id":"https:\/\/www.transtoyou.com\/pl\/#\/schema\/logo\/image\/","url":"https:\/\/www.transtoyou.com\/pl\/wp-content\/uploads\/sites\/11\/2026\/01\/logo-tty-menu-bar-300x87-1.webp","contentUrl":"https:\/\/www.transtoyou.com\/pl\/wp-content\/uploads\/sites\/11\/2026\/01\/logo-tty-menu-bar-300x87-1.webp","width":300,"height":87,"caption":"Transtoyou - PL"},"image":{"@id":"https:\/\/www.transtoyou.com\/pl\/#\/schema\/logo\/image\/"}}]}},"_links":{"self":[{"href":"https:\/\/www.transtoyou.com\/pl\/wp-json\/wp\/v2\/product\/1561","targetHints":{"allow":["GET"]}}],"collection":[{"href":"https:\/\/www.transtoyou.com\/pl\/wp-json\/wp\/v2\/product"}],"about":[{"href":"https:\/\/www.transtoyou.com\/pl\/wp-json\/wp\/v2\/types\/product"}],"replies":[{"embeddable":true,"href":"https:\/\/www.transtoyou.com\/pl\/wp-json\/wp\/v2\/comments?post=1561"}],"wp:featuredmedia":[{"embeddable":true,"href":"https:\/\/www.transtoyou.com\/pl\/wp-json\/wp\/v2\/media\/1563"}],"wp:attachment":[{"href":"https:\/\/www.transtoyou.com\/pl\/wp-json\/wp\/v2\/media?parent=1561"}],"wp:term":[{"taxonomy":"product_brand","embeddable":true,"href":"https:\/\/www.transtoyou.com\/pl\/wp-json\/wp\/v2\/product_brand?post=1561"},{"taxonomy":"product_cat","embeddable":true,"href":"https:\/\/www.transtoyou.com\/pl\/wp-json\/wp\/v2\/product_cat?post=1561"},{"taxonomy":"product_tag","embeddable":true,"href":"https:\/\/www.transtoyou.com\/pl\/wp-json\/wp\/v2\/product_tag?post=1561"},{"taxonomy":"expert","embeddable":true,"href":"https:\/\/www.transtoyou.com\/pl\/wp-json\/wp\/v2\/expert?post=1561"}],"curies":[{"name":"wp","href":"https:\/\/api.w.org\/{rel}","templated":true}]}}