{"id":1564,"date":"2026-02-23T15:54:14","date_gmt":"2026-02-23T13:54:14","guid":{"rendered":"https:\/\/www.transtoyou.com\/pl\/product\/ecural-1-mg-g\/"},"modified":"2026-02-23T17:43:27","modified_gmt":"2026-02-23T15:43:27","slug":"ecural-1-mg-g","status":"publish","type":"product","link":"https:\/\/www.transtoyou.com\/pl\/product\/ecural-1-mg-g\/","title":{"rendered":"ECURAL\u00ae 1 mg\/g"},"content":{"rendered":"<h2>Czym jest Ecural?<\/h2>\n<p>Ecural zawiera mometazonu furoinian, syntetyczny kortykosteroid podobny do naturalnego hormonu kortyzolu produkowanego przez organizm. Stosuje si\u0119 go bezpo\u015brednio na sk\u00f3r\u0119.<\/p>\n<p>Kortykosteroidy stosowane miejscowo s\u0105 u\u017cywane do \u0142agodzenia zapalnych reakcji sk\u00f3rnych. W takich schorzeniach jak <a href=\"\/pl\/treatment\/eczema\">egzema<\/a> czy <a href=\"\/pl\/treatment\/psoriasis\">\u0142uszczyca<\/a>, uk\u0142ad odporno\u015bciowy w sk\u00f3rze staje si\u0119 nadaktywny. Prowadzi to do zaczerwienienia, obrz\u0119ku, \u0142uszczenia si\u0119 i intensywnego sw\u0119dzenia. Ecural zmniejsza t\u0119 odpowied\u017a immunologiczn\u0105 i pomaga przywr\u00f3ci\u0107 barier\u0119 sk\u00f3rn\u0105.<\/p>\n<p>Ecural uwa\u017cany jest za silny kortykosteroid. Oznacza to, \u017ce jest skuteczny w przypadku umiarkowanych do ci\u0119\u017ckich zapalnych schorze\u0144 sk\u00f3rnych, ale musi by\u0107 stosowany ostro\u017cnie i przez ograniczony czas.<\/p>\n<h2>Do czego jest stosowany?<\/h2>\n<p>Ecural jest przepisywany w przypadku zapalnych i sw\u0119dz\u0105cych schorze\u0144 sk\u00f3rnych, kt\u00f3re reaguj\u0105 na leczenie kortykosteroidami, w tym:<\/p>\n<ul>\n<li>\u0141uszczyca<\/li>\n<li>Atopowe zapalenie sk\u00f3ry (egzema)<\/li>\n<li>Kontaktowe zapalenie sk\u00f3ry o pod\u0142o\u017cu alergicznym<\/li>\n<li>Kontaktowe zapalenie sk\u00f3ry o pod\u0142o\u017cu dra\u017cni\u0105cym<\/li>\n<\/ul>\n<p><strong>Forma ma\u015bci<\/strong> jest szczeg\u00f3lnie odpowiednia dla bardzo suchej, zgrubia\u0142ej lub pop\u0119kanej sk\u00f3ry.<\/p>\n<p><strong>Krem t\u0142usty<\/strong> nadaje si\u0119 do zapalnych, ale mniej zgrubia\u0142ych obszar\u00f3w.<\/p>\n<p><strong>Roztw\u00f3r<\/strong> jest szczeg\u00f3lnie wskazany w przypadku zapalnych schorze\u0144 ow\u0142osionej sk\u00f3ry g\u0142owy, takich jak \u0142uszczyca sk\u00f3ry g\u0142owy.<\/p>\n<p>Ecural nie nadaje si\u0119 do stosowania w przypadku nieleczonych bakteryjnych, wirusowych lub grzybiczych infekcji sk\u00f3rnych.<\/p>\n<h2>Jak dzia\u0142a Ecural?<\/h2>\n<p>W przypadku zapalnych chor\u00f3b sk\u00f3ry kom\u00f3rki odporno\u015bciowe uwalniaj\u0105 substancje powoduj\u0105ce zaczerwienienie, obrz\u0119k i sw\u0119dzenie.<\/p>\n<p>Mometazonu furoinian dzia\u0142a poprzez:<\/p>\n<ul>\n<li>Zmniejszenie uwalniania mediator\u00f3w zapalnych<\/li>\n<li>Supresj\u0119 nadmiernej aktywno\u015bci immunologicznej w sk\u00f3rze<\/li>\n<li>Zmniejszenie zaczerwienienia i obrz\u0119ku<\/li>\n<li>\u0141agodzenie sw\u0119dzenia<\/li>\n<\/ul>\n<p>Poprzez \u0142agodzenie stanu zapalnego, Ecural pomaga przerwa\u0107 cykl sw\u0119dzenia i drapania, co pozwala sk\u00f3rze na regeneracj\u0119.<\/p>\n<p>Poniewa\u017c kortykosteroidy mog\u0105 by\u0107 wch\u0142aniane przez sk\u00f3r\u0119, szczeg\u00f3lnie przy stosowaniu na du\u017cych obszarach lub przez d\u0142u\u017cszy czas, wa\u017cne jest, aby stosowa\u0107 je pod kontrol\u0105 medyczn\u0105.<\/p>\n<h2>Kto nie powinien stosowa\u0107 Ecural?<\/h2>\n<p>Nie stosuj Ecural, je\u015bli:<\/p>\n<ul>\n<li>Jeste\u015b uczulony na mometazonu furoinian lub inne kortykosteroidy<\/li>\n<li>Masz <a href=\"\/pl\/treatment\/rosacea\">tr\u0105dzik r\u00f3\u017cowaty<\/a> na twarzy<\/li>\n<li>Masz <a href=\"\/pl\/treament\/acne\">tr\u0105dzik pospolity<\/a><\/li>\n<li>Masz zapalenie sk\u00f3ry w okolicy ust<\/li>\n<li>Masz nieleczone bakteryjne, wirusowe lub grzybicze infekcje sk\u00f3rne<\/li>\n<li>Masz atrofie sk\u00f3ry<\/li>\n<li>Masz gru\u017alic\u0119 lub ki\u0142\u0119 wp\u0142ywaj\u0105c\u0105 na sk\u00f3r\u0119<\/li>\n<li>Stosujesz go na rany lub owrzodzenia sk\u00f3ry<\/li>\n<\/ul>\n<p>Ecural nie mo\u017ce by\u0107 stosowany w lub w pobli\u017cu oczu.<\/p>\n<p>Dzieci poni\u017cej 2 roku \u017cycia (krem) lub poni\u017cej 6 roku \u017cycia (ma\u015b\u0107 i roztw\u00f3r) nie powinny stosowa\u0107 Ecural, chyba \u017ce lekarz wyra\u017anie zaleci inaczej.<\/p>\n<h3>Ci\u0105\u017ca i p\u0142odno\u015b\u0107<\/h3>\n<p>Stosowanie w czasie ci\u0105\u017cy powinno odbywa\u0107 si\u0119 tylko po ocenie medycznej. Kortykosteroidy stosowane miejscowo mog\u0105 by\u0107 wch\u0142aniane do krwiobiegu i potencjalnie wp\u0142ywa\u0107 na nienarodzone dziecko, je\u015bli s\u0105 stosowane w du\u017cych ilo\u015bciach.<\/p>\n<p>Podczas karmienia piersi\u0105 Ecural nie powinien by\u0107 stosowany w okolicy piersi.<\/p>\n<p>Je\u015bli konieczne jest d\u0142ugotrwa\u0142e lub wysokodawkowe leczenie, mo\u017ce by\u0107 konieczne przerwanie karmienia piersi\u0105.<\/p>\n<h2>Jak stosowa\u0107 i dawkowanie<\/h2>\n<p>Zawsze stosuj Ecural dok\u0142adnie tak, jak przepisa\u0142 lekarz.<\/p>\n<p>Ecural stosuje si\u0119 raz dziennie w cienkiej warstwie na dotkni\u0119t\u0105 sk\u00f3r\u0119.<\/p>\n<p>Czas leczenia nie powinien generalnie przekracza\u0107 trzech tygodni.<\/p>\n<p>Stosowanie na twarzy nie powinno przekracza\u0107 pi\u0119ciu dni.<\/p>\n<p>Nie stosuj na wi\u0119cej ni\u017c 20 procent powierzchni cia\u0142a.<\/p>\n<p>U dzieci powy\u017cej dopuszczalnego wieku leczenie powinno by\u0107 jak najkr\u00f3tsze i ograniczone do mniej ni\u017c 10 procent powierzchni cia\u0142a.<\/p>\n<p>Je\u015bli nast\u0105pi poprawa, lekarz mo\u017ce zaleci\u0107 przej\u015bcie na s\u0142abszy kortykosteroid.<\/p>\n<h2>Mo\u017cliwe skutki uboczne<\/h2>\n<p>Do powszechnych skutk\u00f3w ubocznych nale\u017c\u0105:<\/p>\n<ul>\n<li>Uczucie mrowienia lub pieczenia<\/li>\n<li>Podra\u017cnienie sk\u00f3ry<\/li>\n<li>Grudki lub krostki<\/li>\n<\/ul>\n<p>Mniej powszechne, ale wa\u017cne skutki uboczne to:<\/p>\n<ul>\n<li>\u015acie\u0144czenie sk\u00f3ry (atrofia)<\/li>\n<li>Rozst\u0119py<\/li>\n<li>Zwi\u0119kszone ow\u0142osienie<\/li>\n<li>Zmiany w pigmentacji sk\u00f3ry<\/li>\n<li>Infekcje wt\u00f3rne<\/li>\n<\/ul>\n<p>D\u0142ugotrwa\u0142e lub nadmierne stosowanie mo\u017ce hamowa\u0107 funkcj\u0119 nadnerczy lub prowadzi\u0107 do zespo\u0142u Cushinga, szczeg\u00f3lnie u dzieci.<\/p>\n<p>Zg\u0142aszano zamazane widzenie w zwi\u0105zku ze stosowaniem kortykosteroid\u00f3w.<\/p>\n<p>Je\u015bli zauwa\u017cysz nietypowe objawy lub pogorszenie stanu sk\u00f3ry, skonsultuj si\u0119 z lekarzem.<\/p>\n<h2>Wa\u017cne informacje dotycz\u0105ce bezpiecze\u0144stwa<\/h2>\n<p>Ecural jest silnym kortykosteroidem stosowanym miejscowo. Niew\u0142a\u015bciwe stosowanie lub d\u0142ugotrwa\u0142e stosowanie mo\u017ce zwi\u0119kszy\u0107 ryzyko:<\/p>\n<ul>\n<li>\u015acie\u0144czenia sk\u00f3ry<\/li>\n<li>Supresji hormonalnej<\/li>\n<li>Op\u00f3\u017anionego gojenia ran<\/li>\n<li>Maskowania ukrytych infekcji<\/li>\n<\/ul>\n<p>W okolicy genitalnej lub analnej ma\u015b\u0107 lub krem zawieraj\u0105cy bia\u0142\u0105 wazelin\u0119 mo\u017ce zmniejsza\u0107 skuteczno\u015b\u0107 lateksowych prezerwatyw.<\/p>\n<p>Roztw\u00f3r do sk\u00f3ry g\u0142owy zawiera glikol propylenowy i mo\u017ce powodowa\u0107 podra\u017cnienie sk\u00f3ry u niekt\u00f3rych os\u00f3b.<\/p>\n<p>Zawsze stosuj si\u0119 do wskaz\u00f3wek medycznych i unikaj samodzielnego wyd\u0142u\u017cania okresu leczenia.<\/p>\n<h2>Kiedy szuka\u0107 pomocy medycznej<\/h2>\n<p>Skontaktuj si\u0119 z pracownikiem s\u0142u\u017cby zdrowia, je\u015bli do\u015bwiadczasz:<\/p>\n<ul>\n<li>Ci\u0119\u017ckiego podra\u017cnienia sk\u00f3ry<\/li>\n<li>Objaw\u00f3w infekcji<\/li>\n<li>\u015acie\u0144czenia sk\u00f3ry lub rozst\u0119p\u00f3w<\/li>\n<li>Zak\u0142\u00f3ce\u0144 widzenia<\/li>\n<li>Braku poprawy po zalecanym okresie leczenia<\/li>\n<\/ul>\n<p>Je\u015bli Ecural zostanie przypadkowo po\u0142kni\u0119ty lub stosowany nadmiernie przez d\u0142u\u017cszy czas, konieczna jest ocena medyczna z powodu ryzyka og\u00f3lnoustrojowych skutk\u00f3w dzia\u0142ania kortykosteroid\u00f3w.<\/p>\n","protected":false},"excerpt":{"rendered":"<ul>\n<li>Ecural redukuje stan zapalny i sw\u0119dzenie w schorzeniach sk\u00f3ry reaguj\u0105cych na sterydy. Nale\u017cy go stosowa\u0107 raz dziennie przez kr\u00f3tki okres leczenia z powodu ryzyka przerzedzenia sk\u00f3ry i wch\u0142aniania og\u00f3lnoustrojowego.<\/li>\n<li>Sk\u0142adnik aktywny: Mometazonu furoinian 1 mg na gram<\/li>\n<li>Stosowany w: \u0141uszczyca, atopowe zapalenie sk\u00f3ry, alergiczne i dra\u017cni\u0105ce kontaktowe zapalenie sk\u00f3ry<\/li>\n<\/ul>\n","protected":false},"featured_media":1566,"comment_status":"open","ping_status":"closed","template":"","meta":[],"product_brand":[],"product_cat":[108,157],"product_tag":[],"expert":[21],"class_list":{"0":"post-1564","1":"product","2":"type-product","3":"status-publish","4":"has-post-thumbnail","6":"product_cat-egzema","7":"product_cat-luszczyca","8":"expert-dr-m-sharoyko","10":"first","11":"instock","12":"shipping-taxable","13":"product-type-variable"},"yoast_head":"<!-- This site is optimized with the Yoast SEO plugin v27.0 - https:\/\/yoast.com\/product\/yoast-seo-wordpress\/ -->\n<title>ECURAL\u00ae 1 mg\/g | Skuteczna ulga w egzemie i \u0142uszczycy - Transtoyou<\/title>\n<meta name=\"description\" content=\"Skonsultuj si\u0119 online z lekarzem, zam\u00f3w leki na recept\u0119 i uzyskaj rzetelne informacje zdrowotne na Transtoyou.\" \/>\n<meta name=\"robots\" content=\"noindex, follow, max-snippet:-1, max-image-preview:large, max-video-preview:-1\" \/>\n<meta property=\"og:locale\" content=\"pl_PL\" \/>\n<meta property=\"og:type\" content=\"article\" \/>\n<meta property=\"og:title\" content=\"ECURAL\u00ae 1 mg\/g | Skuteczna ulga w egzemie i \u0142uszczycy - Transtoyou\" \/>\n<meta property=\"og:description\" content=\"Skonsultuj si\u0119 online z lekarzem, zam\u00f3w leki na recept\u0119 i uzyskaj rzetelne informacje zdrowotne na Transtoyou.\" \/>\n<meta property=\"og:url\" content=\"https:\/\/www.transtoyou.com\/pl\/product\/ecural-1-mg-g\/\" \/>\n<meta property=\"og:site_name\" content=\"Transtoyou - PL\" \/>\n<meta property=\"article:modified_time\" content=\"2026-02-23T15:43:27+00:00\" \/>\n<meta name=\"twitter:card\" content=\"summary_large_image\" \/>\n<meta name=\"twitter:label1\" content=\"Szacowany czas czytania\" \/>\n\t<meta name=\"twitter:data1\" content=\"4 minuty\" \/>\n<script type=\"application\/ld+json\" class=\"yoast-schema-graph\">{\"@context\":\"https:\/\/schema.org\",\"@graph\":[{\"@type\":\"WebPage\",\"@id\":\"https:\/\/www.transtoyou.com\/pl\/product\/ecural-1-mg-g\/\",\"url\":\"https:\/\/www.transtoyou.com\/pl\/product\/ecural-1-mg-g\/\",\"name\":\"ECURAL\u00ae 1 mg\/g | Skuteczna ulga w egzemie i \u0142uszczycy - Transtoyou\",\"isPartOf\":{\"@id\":\"https:\/\/www.transtoyou.com\/pl\/#website\"},\"primaryImageOfPage\":{\"@id\":\"https:\/\/www.transtoyou.com\/pl\/product\/ecural-1-mg-g\/#primaryimage\"},\"image\":{\"@id\":\"https:\/\/www.transtoyou.com\/pl\/product\/ecural-1-mg-g\/#primaryimage\"},\"thumbnailUrl\":\"https:\/\/www.transtoyou.com\/pl\/wp-content\/uploads\/sites\/11\/2026\/02\/tty-no-product-image-6.webp\",\"datePublished\":\"2026-02-23T13:54:14+00:00\",\"dateModified\":\"2026-02-23T15:43:27+00:00\",\"description\":\"Skonsultuj si\u0119 online z lekarzem, zam\u00f3w leki na recept\u0119 i uzyskaj rzetelne informacje zdrowotne na Transtoyou.\",\"breadcrumb\":{\"@id\":\"https:\/\/www.transtoyou.com\/pl\/product\/ecural-1-mg-g\/#breadcrumb\"},\"inLanguage\":\"pl-PL\",\"potentialAction\":[{\"@type\":\"ReadAction\",\"target\":[\"https:\/\/www.transtoyou.com\/pl\/product\/ecural-1-mg-g\/\"]}]},{\"@type\":\"ImageObject\",\"inLanguage\":\"pl-PL\",\"@id\":\"https:\/\/www.transtoyou.com\/pl\/product\/ecural-1-mg-g\/#primaryimage\",\"url\":\"https:\/\/www.transtoyou.com\/pl\/wp-content\/uploads\/sites\/11\/2026\/02\/tty-no-product-image-6.webp\",\"contentUrl\":\"https:\/\/www.transtoyou.com\/pl\/wp-content\/uploads\/sites\/11\/2026\/02\/tty-no-product-image-6.webp\",\"width\":1000,\"height\":1000,\"caption\":\"Domy\u015blny obraz produktu\"},{\"@type\":\"WebSite\",\"@id\":\"https:\/\/www.transtoyou.com\/pl\/#website\",\"url\":\"https:\/\/www.transtoyou.com\/pl\/\",\"name\":\"Transtoyou - PL\",\"description\":\"\",\"publisher\":{\"@id\":\"https:\/\/www.transtoyou.com\/pl\/#organization\"},\"potentialAction\":[{\"@type\":\"SearchAction\",\"target\":{\"@type\":\"EntryPoint\",\"urlTemplate\":\"https:\/\/www.transtoyou.com\/pl\/?s={search_term_string}\"},\"query-input\":{\"@type\":\"PropertyValueSpecification\",\"valueRequired\":true,\"valueName\":\"search_term_string\"}}],\"inLanguage\":\"pl-PL\"},{\"@type\":\"Organization\",\"@id\":\"https:\/\/www.transtoyou.com\/pl\/#organization\",\"name\":\"Transtoyou - PL\",\"url\":\"https:\/\/www.transtoyou.com\/pl\/\",\"logo\":{\"@type\":\"ImageObject\",\"inLanguage\":\"pl-PL\",\"@id\":\"https:\/\/www.transtoyou.com\/pl\/#\/schema\/logo\/image\/\",\"url\":\"https:\/\/www.transtoyou.com\/pl\/wp-content\/uploads\/sites\/11\/2026\/01\/logo-tty-menu-bar-300x87-1.webp\",\"contentUrl\":\"https:\/\/www.transtoyou.com\/pl\/wp-content\/uploads\/sites\/11\/2026\/01\/logo-tty-menu-bar-300x87-1.webp\",\"width\":300,\"height\":87,\"caption\":\"Transtoyou - PL\"},\"image\":{\"@id\":\"https:\/\/www.transtoyou.com\/pl\/#\/schema\/logo\/image\/\"}}]}<\/script>\n<!-- \/ Yoast SEO plugin. -->","yoast_head_json":{"title":"ECURAL\u00ae 1 mg\/g | Skuteczna ulga w egzemie i \u0142uszczycy - Transtoyou","description":"Skonsultuj si\u0119 online z lekarzem, zam\u00f3w leki na recept\u0119 i uzyskaj rzetelne informacje zdrowotne na Transtoyou.","robots":{"index":"noindex","follow":"follow","max-snippet":"max-snippet:-1","max-image-preview":"max-image-preview:large","max-video-preview":"max-video-preview:-1"},"og_locale":"pl_PL","og_type":"article","og_title":"ECURAL\u00ae 1 mg\/g | Skuteczna ulga w egzemie i \u0142uszczycy - Transtoyou","og_description":"Skonsultuj si\u0119 online z lekarzem, zam\u00f3w leki na recept\u0119 i uzyskaj rzetelne informacje zdrowotne na Transtoyou.","og_url":"https:\/\/www.transtoyou.com\/pl\/product\/ecural-1-mg-g\/","og_site_name":"Transtoyou - PL","article_modified_time":"2026-02-23T15:43:27+00:00","twitter_card":"summary_large_image","twitter_misc":{"Szacowany czas czytania":"4 minuty"},"schema":{"@context":"https:\/\/schema.org","@graph":[{"@type":"WebPage","@id":"https:\/\/www.transtoyou.com\/pl\/product\/ecural-1-mg-g\/","url":"https:\/\/www.transtoyou.com\/pl\/product\/ecural-1-mg-g\/","name":"ECURAL\u00ae 1 mg\/g | Skuteczna ulga w egzemie i \u0142uszczycy - Transtoyou","isPartOf":{"@id":"https:\/\/www.transtoyou.com\/pl\/#website"},"primaryImageOfPage":{"@id":"https:\/\/www.transtoyou.com\/pl\/product\/ecural-1-mg-g\/#primaryimage"},"image":{"@id":"https:\/\/www.transtoyou.com\/pl\/product\/ecural-1-mg-g\/#primaryimage"},"thumbnailUrl":"https:\/\/www.transtoyou.com\/pl\/wp-content\/uploads\/sites\/11\/2026\/02\/tty-no-product-image-6.webp","datePublished":"2026-02-23T13:54:14+00:00","dateModified":"2026-02-23T15:43:27+00:00","description":"Skonsultuj si\u0119 online z lekarzem, zam\u00f3w leki na recept\u0119 i uzyskaj rzetelne informacje zdrowotne na Transtoyou.","breadcrumb":{"@id":"https:\/\/www.transtoyou.com\/pl\/product\/ecural-1-mg-g\/#breadcrumb"},"inLanguage":"pl-PL","potentialAction":[{"@type":"ReadAction","target":["https:\/\/www.transtoyou.com\/pl\/product\/ecural-1-mg-g\/"]}]},{"@type":"ImageObject","inLanguage":"pl-PL","@id":"https:\/\/www.transtoyou.com\/pl\/product\/ecural-1-mg-g\/#primaryimage","url":"https:\/\/www.transtoyou.com\/pl\/wp-content\/uploads\/sites\/11\/2026\/02\/tty-no-product-image-6.webp","contentUrl":"https:\/\/www.transtoyou.com\/pl\/wp-content\/uploads\/sites\/11\/2026\/02\/tty-no-product-image-6.webp","width":1000,"height":1000,"caption":"Domy\u015blny obraz produktu"},{"@type":"WebSite","@id":"https:\/\/www.transtoyou.com\/pl\/#website","url":"https:\/\/www.transtoyou.com\/pl\/","name":"Transtoyou - PL","description":"","publisher":{"@id":"https:\/\/www.transtoyou.com\/pl\/#organization"},"potentialAction":[{"@type":"SearchAction","target":{"@type":"EntryPoint","urlTemplate":"https:\/\/www.transtoyou.com\/pl\/?s={search_term_string}"},"query-input":{"@type":"PropertyValueSpecification","valueRequired":true,"valueName":"search_term_string"}}],"inLanguage":"pl-PL"},{"@type":"Organization","@id":"https:\/\/www.transtoyou.com\/pl\/#organization","name":"Transtoyou - PL","url":"https:\/\/www.transtoyou.com\/pl\/","logo":{"@type":"ImageObject","inLanguage":"pl-PL","@id":"https:\/\/www.transtoyou.com\/pl\/#\/schema\/logo\/image\/","url":"https:\/\/www.transtoyou.com\/pl\/wp-content\/uploads\/sites\/11\/2026\/01\/logo-tty-menu-bar-300x87-1.webp","contentUrl":"https:\/\/www.transtoyou.com\/pl\/wp-content\/uploads\/sites\/11\/2026\/01\/logo-tty-menu-bar-300x87-1.webp","width":300,"height":87,"caption":"Transtoyou - PL"},"image":{"@id":"https:\/\/www.transtoyou.com\/pl\/#\/schema\/logo\/image\/"}}]}},"_links":{"self":[{"href":"https:\/\/www.transtoyou.com\/pl\/wp-json\/wp\/v2\/product\/1564","targetHints":{"allow":["GET"]}}],"collection":[{"href":"https:\/\/www.transtoyou.com\/pl\/wp-json\/wp\/v2\/product"}],"about":[{"href":"https:\/\/www.transtoyou.com\/pl\/wp-json\/wp\/v2\/types\/product"}],"replies":[{"embeddable":true,"href":"https:\/\/www.transtoyou.com\/pl\/wp-json\/wp\/v2\/comments?post=1564"}],"wp:featuredmedia":[{"embeddable":true,"href":"https:\/\/www.transtoyou.com\/pl\/wp-json\/wp\/v2\/media\/1566"}],"wp:attachment":[{"href":"https:\/\/www.transtoyou.com\/pl\/wp-json\/wp\/v2\/media?parent=1564"}],"wp:term":[{"taxonomy":"product_brand","embeddable":true,"href":"https:\/\/www.transtoyou.com\/pl\/wp-json\/wp\/v2\/product_brand?post=1564"},{"taxonomy":"product_cat","embeddable":true,"href":"https:\/\/www.transtoyou.com\/pl\/wp-json\/wp\/v2\/product_cat?post=1564"},{"taxonomy":"product_tag","embeddable":true,"href":"https:\/\/www.transtoyou.com\/pl\/wp-json\/wp\/v2\/product_tag?post=1564"},{"taxonomy":"expert","embeddable":true,"href":"https:\/\/www.transtoyou.com\/pl\/wp-json\/wp\/v2\/expert?post=1564"}],"curies":[{"name":"wp","href":"https:\/\/api.w.org\/{rel}","templated":true}]}}