{"id":1603,"date":"2026-02-24T12:15:08","date_gmt":"2026-02-24T10:15:08","guid":{"rendered":"https:\/\/www.transtoyou.com\/pl\/product\/estramon-conti\/"},"modified":"2026-02-24T12:40:18","modified_gmt":"2026-02-24T10:40:18","slug":"estramon-conti","status":"publish","type":"product","link":"https:\/\/www.transtoyou.com\/pl\/product\/estramon-conti\/","title":{"rendered":"Estramon Conti"},"content":{"rendered":"<h2>Czym jest Estramon Conti?<\/h2>\n<p>Estramon Conti to ci\u0105g\u0142a, skojarzona <a href=\"\/pl\/treatment\/hormone-replacement-therapy\/\">terapia hormonalna (HRT)<\/a> w postaci plastra, stosowany w celu z\u0142agodzenia objaw\u00f3w menopauzy. Jest to plaster na sk\u00f3r\u0119, kt\u00f3ry zawiera dwa hormony: estradiol (forma estrogenu) i octan norethisteronu (forma progesteronu, nazywana r\u00f3wnie\u017c progestagenem).<\/p>\n<p>Podczas menopauzy twoje jajniki stopniowo przestaj\u0105 produkowa\u0107 estrogen. Ta naturalna zmiana hormonalna mo\u017ce prowadzi\u0107 do objaw\u00f3w fizycznych i emocjonalnych, kt\u00f3re wp\u0142ywaj\u0105 na twoje codzienne \u017cycie. Estramon Conti pomaga zast\u0105pi\u0107 hormony, kt\u00f3rych twoje cia\u0142o ju\u017c nie produkuje w wystarczaj\u0105cych ilo\u015bciach.<\/p>\n<p>Poniewa\u017c Estramon Conti zawiera zar\u00f3wno estrogen, jak i progesteron w jednym plastrze, nazywa si\u0119 go skojarzonym plastrem HRT. Opisuje si\u0119 go r\u00f3wnie\u017c jako ci\u0105g\u0142\u0105 HRT, co oznacza, \u017ce u\u017cywasz go nieprzerwanie, bez robienia przerw mi\u0119dzy cyklami. Ten typ terapii hormonalnej zazwyczaj przepisuje si\u0119, je\u015bli jeste\u015b po menopauzie, co oznacza, \u017ce twoje miesi\u0105czki usta\u0142y na co najmniej 12 miesi\u0119cy.<\/p>\n<p>Estramon Conti dostarcza hormony przez sk\u00f3r\u0119 bezpo\u015brednio do krwiobiegu. Jest to znane jako transdermalna terapia hormonalna, kt\u00f3ra zapewnia stabilny poziom hormon\u00f3w, nie przechodz\u0105c najpierw przez \u017co\u0142\u0105dek.<\/p>\n<h2>Do czego stosuje si\u0119 Estramon Conti?<\/h2>\n<p>Estramon Conti stosuje si\u0119 w celu <a href=\"\/pl\/treatment\/menopause-pms-relief\/\">leczenia objaw\u00f3w menopauzy<\/a> spowodowanych niskim poziomem estrogenu. Objawy te mog\u0105 wyst\u0105pi\u0107 w okresie perimenopauzy (faza przej\u015bciowa przed menopauz\u0105) i mog\u0105 utrzymywa\u0107 si\u0119 przez kilka lat po ostatniej miesi\u0105czce.<\/p>\n<p>Estramon Conti mo\u017ce pom\u00f3c w z\u0142agodzeniu:<\/p>\n<ul>\n<li>Uderze\u0144 gor\u0105ca (nag\u0142e uczucie ciep\u0142a w g\u00f3rnej cz\u0119\u015bci cia\u0142a)<\/li>\n<li>Pocenia si\u0119 w nocy<\/li>\n<li>Zaburze\u0144 snu<\/li>\n<li>Waha\u0144 nastroju i dra\u017cliwo\u015bci<\/li>\n<li>Suchej pochwy i dyskomfortu<\/li>\n<li>Obni\u017conego libido zwi\u0105zanego ze zmianami hormonalnymi<\/li>\n<li>Zm\u0119czenia zwi\u0105zanego z menopauz\u0105<\/li>\n<\/ul>\n<p>Uderzenia gor\u0105ca i nocne poty znane s\u0105 jako objawy wazomotoryczne. Wyst\u0119puj\u0105, poniewa\u017c ni\u017cszy poziom estrogenu wp\u0142ywa na o\u015brodek kontroluj\u0105cy temperatur\u0119 w twoim m\u00f3zgu. Zast\u0119puj\u0105c estrogen, Estramon Conti pomaga stabilizowa\u0107 regulacj\u0119 temperatury cia\u0142a.<\/p>\n<p>Estramon Conti mo\u017ce r\u00f3wnie\u017c pom\u00f3c w ochronie przed utrat\u0105 ko\u015bci po menopauzie. Po menopauzie spadaj\u0105cy poziom estrogenu zwi\u0119ksza ryzyko osteoporozy, stanu, w kt\u00f3rym ko\u015bci staj\u0105 si\u0119 cie\u0144sze, s\u0142absze i bardziej podatne na z\u0142amania. Terapia hormonalna mo\u017ce pom\u00f3c w utrzymaniu g\u0119sto\u015bci ko\u015bci u kobiet, kt\u00f3re s\u0105 w grupie zwi\u0119kszonego ryzyka z\u0142ama\u0144 i kt\u00f3re nie mog\u0105 stosowa\u0107 innych lecze\u0144 osteoporozy.<\/p>\n<h2>Jak dzia\u0142a Estramon Conti?<\/h2>\n<p>Estramon Conti dzia\u0142a, zast\u0119puj\u0105c dwa kluczowe hormony \u017ce\u0144skie, kt\u00f3rych poziom spada po menopauzie.<\/p>\n<p>Estradiol to bioidentyczna forma estrogenu, co oznacza, \u017ce jest chemicznie podobny do estrogenu, kt\u00f3ry twoje cia\u0142o naturalnie produkuje. Pomaga z\u0142agodzi\u0107 objawy menopauzy, takie jak uderzenia gor\u0105ca, nocne poty, sucho\u015b\u0107 pochwy i problemy ze snem. Wspiera r\u00f3wnie\u017c si\u0142\u0119 ko\u015bci.<\/p>\n<p>Jednak je\u015bli nadal masz macic\u0119, przyjmowanie samego estrogenu mo\u017ce spowodowa\u0107 nadmierne pogrubienie b\u0142ony \u015bluzowej macicy (nazywanej endometrium). Z czasem mo\u017ce to zwi\u0119kszy\u0107 ryzyko raka endometrium.<\/p>\n<p>Dlatego Estramon Conti zawiera r\u00f3wnie\u017c octan norethisteronu, rodzaj progesteronu. Progesteron chroni b\u0142on\u0119 \u015bluzow\u0105 macicy, zapobiegaj\u0105c nadmiernemu pogrubieniu. Ta kombinacja sprawia, \u017ce Estramon Conti jest odpowiedni dla kobiet, kt\u00f3re nie przesz\u0142y histerektomii.<\/p>\n<p>Poniewa\u017c plaster jest nak\u0142adany na sk\u00f3r\u0119, hormony s\u0105 stopniowo wch\u0142aniane do krwiobiegu. Ten system dostarczania transdermalnego unika du\u017cych szczyt\u00f3w i spadk\u00f3w hormonalnych i mo\u017ce by\u0107 lepiej tolerowany ni\u017c doustne tabletki hormonalne przez niekt\u00f3re kobiety.<\/p>\n<h2>Kto nie powinien stosowa\u0107 Estramon Conti?<\/h2>\n<p>Estramon Conti nie jest odpowiedni dla ka\u017cdego. Nie powiniene\u015b stosowa\u0107 tego plastra terapii hormonalnej, je\u015bli:<\/p>\n<ul>\n<li>Masz lub mia\u0142a\u015b raka piersi<\/li>\n<li>Masz nowotw\u00f3r wra\u017cliwy na estrogen, taki jak rak b\u0142ony \u015bluzowej macicy<\/li>\n<li>Masz niewyja\u015bnione krwawienie z pochwy<\/li>\n<li>Masz nieleczone pogrubienie b\u0142ony \u015bluzowej macicy (hiperplazja endometrium)<\/li>\n<li>Masz lub mia\u0142a\u015b zakrzep krwi w nogach (zakrzepica \u017cy\u0142 g\u0142\u0119bokich) lub p\u0142ucach (zatorowo\u015b\u0107 p\u0142ucna)<\/li>\n<li>Masz znane zaburzenie krzepni\u0119cia krwi<\/li>\n<li>Ostatnio mia\u0142a\u015b zawa\u0142 serca lub udar m\u00f3zgu<\/li>\n<li>Masz ci\u0119\u017ck\u0105 chorob\u0119 w\u0105troby<\/li>\n<li>Jeste\u015b uczulona na estradiol, norethisteron lub jakikolwiek sk\u0142adnik plastra<\/li>\n<\/ul>\n<p>Powinna\u015b r\u00f3wnie\u017c poinformowa\u0107 swojego lekarza, je\u015bli masz takie schorzenia jak <a href=\"\/pl\/treatment\/high-blood-pressure\">nadci\u015bnienie<\/a>, <a href=\"\/pl\/treatment\/diabetes\">cukrzyca<\/a>, <a href=\"\/pl\/treatment\/headache-and-migraines\/\">migrena<\/a>, kamienie \u017c\u00f3\u0142ciowe, tocze\u0144, <a href=\"\/pl\/treatment\/asthma\">astma<\/a>, mi\u0119\u015bniaki lub rodzinna historia nowotwor\u00f3w wra\u017cliwych na hormony.<\/p>\n<p>Terapia hormonalna wymaga indywidualnej oceny ryzyka. Korzy\u015bci i ryzyka zale\u017c\u0105 od twojego wieku, czasu, jaki up\u0142yn\u0105\u0142 od menopauzy, oraz og\u00f3lnego stanu zdrowia.<\/p>\n<h3>Ci\u0105\u017ca i karmienie piersi\u0105<\/h3>\n<p>Estramon Conti jest przeznaczony tylko dla kobiet po menopauzie.<\/p>\n<p>Nie wolno stosowa\u0107 Estramon Conti, je\u015bli jeste\u015b w ci\u0105\u017cy lub podejrzewasz, \u017ce mo\u017cesz by\u0107 w ci\u0105\u017cy. Chocia\u017c ci\u0105\u017ca po menopauzie jest ma\u0142o prawdopodobna, powinna\u015b natychmiast skontaktowa\u0107 si\u0119 z lekarzem, je\u015bli zajdziesz w ci\u0105\u017c\u0119 podczas stosowania tego plastra HRT.<\/p>\n<p>Estramon Conti nie powinien by\u0107 stosowany podczas karmienia piersi\u0105.<\/p>\n<h2>Jak stosowa\u0107 Estramon Conti i dawkowanie<\/h2>\n<p>Zawsze stosuj Estramon Conti dok\u0142adnie wed\u0142ug zalece\u0144 lekarza.<\/p>\n<p>Plaster zazwyczaj nak\u0142ada si\u0119 dwa razy w tygodniu, w zale\u017cno\u015bci od planu leczenia. Tw\u00f3j lekarz przepisze najni\u017csz\u0105 skuteczn\u0105 dawk\u0119 na najkr\u00f3tszy czas potrzebny do kontrolowania objaw\u00f3w menopauzy.<\/p>\n<p>Jak na\u0142o\u017cy\u0107 Estramon Conti:<\/p>\n<ol>\n<li>Na\u0142\u00f3\u017c plaster na czyst\u0105, such\u0105, nieuszkodzon\u0105 sk\u00f3r\u0119.<\/li>\n<li>Odpowiednie miejsca to dolna cz\u0119\u015b\u0107 brzucha lub po\u015bladki.<\/li>\n<li>Nie nak\u0142adaj plastra na piersi ani na podra\u017cnion\u0105 sk\u00f3r\u0119.<\/li>\n<li>Przyci\u015bnij mocno przez co najmniej 10 sekund, aby zapewni\u0107 dobry kontakt.<\/li>\n<li>Zmieniaj plaster w te same dni ka\u017cdego tygodnia.<\/li>\n<\/ol>\n<p>Rotuj miejsce aplikacji za ka\u017cdym razem, aby zmniejszy\u0107 podra\u017cnienie sk\u00f3ry. Je\u015bli plaster odpadnie, natychmiast na\u0142\u00f3\u017c nowy i kontynuuj zgodnie z normalnym harmonogramem.<\/p>\n<p>Mo\u017ce min\u0105\u0107 kilka tygodni, zanim zauwa\u017cysz pe\u0142n\u0105 ulg\u0119 od objaw\u00f3w. W pierwszych miesi\u0105cach leczenia mo\u017cesz do\u015bwiadczy\u0107 nieregularnego krwawienia lub plamienia. Cz\u0119sto ust\u0119puje to, gdy twoje cia\u0142o si\u0119 dostosowuje.<\/p>\n<h2>Mo\u017cliwe skutki uboczne Estramon Conti<\/h2>\n<p>Jak wszystkie leki, Estramon Conti mo\u017ce powodowa\u0107 skutki uboczne, chocia\u017c nie ka\u017cdy ich do\u015bwiadcza.<\/p>\n<p>Cz\u0119ste skutki uboczne obejmuj\u0105:<\/p>\n<ul>\n<li>Wra\u017cliwo\u015b\u0107 piersi<\/li>\n<li>B\u00f3le g\u0142owy<\/li>\n<li>Nudno\u015bci<\/li>\n<li>Zmiany nastroju<\/li>\n<li>Podra\u017cnienie sk\u00f3ry w miejscu aplikacji<\/li>\n<li>Nieregularne krwawienie lub plamienie, szczeg\u00f3lnie w pierwszych miesi\u0105cach<\/li>\n<\/ul>\n<p>Mniej powszechne, ale powa\u017cniejsze ryzyka zwi\u0105zane z terapi\u0105 hormonaln\u0105 obejmuj\u0105:<\/p>\n<ul>\n<li>Zakrzepy krwi w nogach lub p\u0142ucach<\/li>\n<li>Udar m\u00f3zgu<\/li>\n<li>Choroby serca<\/li>\n<li>Rak piersi<\/li>\n<li>Rak jajnika<\/li>\n<li>Rak endometrium (je\u015bli estrogen jest stosowany bez progesteronu)<\/li>\n<\/ul>\n<p>Twoje indywidualne ryzyko zale\u017cy od takich czynnik\u00f3w jak wiek, historia rodzinna, waga, status palenia i historia medyczna. Stosowanie skojarzonej HRT, takiej jak Estramon Conti, nieznacznie zwi\u0119ksza niekt\u00f3re ryzyka w por\u00f3wnaniu do nieu\u017cywania HRT, ale absolutne ryzyko u zdrowych kobiet poni\u017cej 60. roku \u017cycia jest zazwyczaj niskie.<\/p>\n<p>Tw\u00f3j lekarz regularnie oceni twoje leczenie, aby upewni\u0107 si\u0119, \u017ce pozostaje odpowiednie dla ciebie.<\/p>\n<h2>Wa\u017cne informacje dotycz\u0105ce bezpiecze\u0144stwa<\/h2>\n<p>Przed rozpocz\u0119ciem stosowania Estramon Conti powinna\u015b przej\u015b\u0107 pe\u0142n\u0105 konsultacj\u0119 medyczn\u0105. Obejmuje to om\u00f3wienie twojej osobistej i rodzinnej historii medycznej.<\/p>\n<p>Podczas stosowania Estramon Conti:<\/p>\n<ul>\n<li>Uczestnicz w regularnych kontrolach, jak zalecano.<\/li>\n<li>Kontynuuj rutynowe badania piersi (mamografia).<\/li>\n<li>Wykonuj badania szyjki macicy zgodnie z zaleceniami.<\/li>\n<li>Regularnie sprawdzaj piersi pod k\u0105tem zmian, takich jak guzki, wgniecenia sk\u00f3ry lub wydzielina z brodawki.<\/li>\n<\/ul>\n<p>Poinformuj swojego lekarza, je\u015bli wyst\u0105pi\u0105 u ciebie:<\/p>\n<ul>\n<li>Nadci\u015bnienie<\/li>\n<li>B\u00f3le migrenowe po raz pierwszy<\/li>\n<li>Znacz\u0105ce zmiany w funkcji w\u0105troby<\/li>\n<li>Nienormalne krwawienie z pochwy po kilku miesi\u0105cach stabilnego stosowania<\/li>\n<\/ul>\n<p>Terapia hormonalna powinna by\u0107 oceniana przynajmniej raz w roku. Celem jest zawsze stosowanie najni\u017cszej skutecznej dawki do kontrolowania objaw\u00f3w.<\/p>\n<h2>Kiedy szuka\u0107 pomocy medycznej<\/h2>\n<p>Przesta\u0144 u\u017cywa\u0107 Estramon Conti i natychmiast skontaktuj si\u0119 z lekarzem, je\u015bli do\u015bwiadczysz:<\/p>\n<ul>\n<li>Bolesnego obrz\u0119ku lub zaczerwienienia w nodze<\/li>\n<li>Nag\u0142ego b\u00f3lu w klatce piersiowej<\/li>\n<li>Trudno\u015bci w oddychaniu<\/li>\n<li>Nag\u0142ego, silnego b\u00f3lu g\u0142owy<\/li>\n<li>Zmian w widzeniu<\/li>\n<li>Trudno\u015bci w m\u00f3wieniu<\/li>\n<li>Os\u0142abienia po jednej stronie cia\u0142a<\/li>\n<li>\u017b\u00f3\u0142kni\u0119cia sk\u00f3ry lub oczu (mo\u017cliwe problemy z w\u0105trob\u0105)<\/li>\n<li>Objaw\u00f3w powa\u017cnej reakcji alergicznej, takich jak obrz\u0119k twarzy lub gard\u0142a<\/li>\n<\/ul>\n<p>Skontaktuj si\u0119 z lekarzem tak szybko, jak to mo\u017cliwe, je\u015bli zauwa\u017cysz:<\/p>\n<ul>\n<li>Niezwyk\u0142e lub obfite krwawienie z pochwy<\/li>\n<li>Nowy guzek w piersi<\/li>\n<li>Utrzymuj\u0105cy si\u0119 b\u00f3l brzucha<\/li>\n<li>Jak\u0105kolwiek nag\u0142\u0105 lub znaczn\u0105 zmian\u0119 w twoim zdrowiu<\/li>\n<\/ul>\n<p>Je\u015bli nie jeste\u015b pewna, czy objaw jest zwi\u0105zany z terapi\u0105 hormonaln\u0105, zawsze lepiej jest zasi\u0119gn\u0105\u0107 porady medycznej.<\/p>\n<p><strong>Estramon Conti<\/strong> to skuteczny, ci\u0105g\u0142y skojarzony plaster HRT zaprojektowany w celu z\u0142agodzenia objaw\u00f3w menopauzy i pomocy w utrzymaniu zdrowia ko\u015bci u kobiet po menopauzie. Gdy jest przepisany odpowiednio i regularnie monitorowany, mo\u017ce znacznie poprawi\u0107 jako\u015b\u0107 \u017cycia podczas i po menopauzie. Zawsze stosuj Estramon Conti pod nadzorem lekarza i zapewnij regularne kontrole, aby utrzyma\u0107 bezpiecze\u0144stwo i skuteczno\u015b\u0107.<\/p>\n","protected":false},"excerpt":{"rendered":"<ul>\n<li>Estramon Conti: Ci\u0105g\u0142y, skojarzony plaster HRT, kt\u00f3ry \u0142agodzi objawy menopauzy oraz chroni macic\u0119 i ko\u015bci.<\/li>\n<li>Sk\u0142adnik aktywny: Estradiol (estrogen) i octan norethisteronu (progestagen)<\/li>\n<li>Stosowany w: Hormonalnej terapii zast\u0119pczej (HRT) u kobiet po menopauzie w celu \u0142agodzenia objaw\u00f3w menopauzy i zapobiegania utracie masy kostnej po menopauzie.<\/li>\n<\/ul>\n","protected":false},"featured_media":1605,"comment_status":"open","ping_status":"closed","template":"","meta":[],"product_brand":[],"product_cat":[137,143],"product_tag":[],"expert":[20],"class_list":{"0":"post-1603","1":"product","2":"type-product","3":"status-publish","4":"has-post-thumbnail","6":"product_cat-terapia-zastepcza-hormonami-hrt","7":"product_cat-ulga-w-menopauzie-i-pms","8":"expert-dr-m-ahmed","10":"first","11":"instock","12":"shipping-taxable","13":"product-type-variable"},"yoast_head":"<!-- This site is optimized with the Yoast SEO plugin v27.0 - https:\/\/yoast.com\/product\/yoast-seo-wordpress\/ -->\n<title>Estramon Conti | Ci\u0105g\u0142y plaster HRT na menopauz\u0119 - Transtoyou<\/title>\n<meta name=\"description\" content=\"Plastry Estramon Conti HRT od Transtoyou, dost\u0119pne tutaj, aby z\u0142agodzi\u0107 objawy menopauzy. Zam\u00f3w teraz i ciesz si\u0119 wsparciem hormonalnym!\" \/>\n<meta name=\"robots\" content=\"noindex, follow, max-snippet:-1, max-image-preview:large, max-video-preview:-1\" \/>\n<meta property=\"og:locale\" content=\"pl_PL\" \/>\n<meta property=\"og:type\" content=\"article\" \/>\n<meta property=\"og:title\" content=\"Estramon Conti | Ci\u0105g\u0142y plaster HRT na menopauz\u0119 - Transtoyou\" \/>\n<meta property=\"og:description\" content=\"Plastry Estramon Conti HRT od Transtoyou, dost\u0119pne tutaj, aby z\u0142agodzi\u0107 objawy menopauzy. Zam\u00f3w teraz i ciesz si\u0119 wsparciem hormonalnym!\" \/>\n<meta property=\"og:url\" content=\"https:\/\/www.transtoyou.com\/pl\/product\/estramon-conti\/\" \/>\n<meta property=\"og:site_name\" content=\"Transtoyou - PL\" \/>\n<meta property=\"article:modified_time\" content=\"2026-02-24T10:40:18+00:00\" \/>\n<meta name=\"twitter:card\" content=\"summary_large_image\" \/>\n<meta name=\"twitter:label1\" content=\"Szacowany czas czytania\" \/>\n\t<meta name=\"twitter:data1\" content=\"7 minut\" \/>\n<script type=\"application\/ld+json\" class=\"yoast-schema-graph\">{\"@context\":\"https:\/\/schema.org\",\"@graph\":[{\"@type\":\"WebPage\",\"@id\":\"https:\/\/www.transtoyou.com\/pl\/product\/estramon-conti\/\",\"url\":\"https:\/\/www.transtoyou.com\/pl\/product\/estramon-conti\/\",\"name\":\"Estramon Conti | Ci\u0105g\u0142y plaster HRT na menopauz\u0119 - Transtoyou\",\"isPartOf\":{\"@id\":\"https:\/\/www.transtoyou.com\/pl\/#website\"},\"primaryImageOfPage\":{\"@id\":\"https:\/\/www.transtoyou.com\/pl\/product\/estramon-conti\/#primaryimage\"},\"image\":{\"@id\":\"https:\/\/www.transtoyou.com\/pl\/product\/estramon-conti\/#primaryimage\"},\"thumbnailUrl\":\"https:\/\/www.transtoyou.com\/pl\/wp-content\/uploads\/sites\/11\/2025\/09\/tty-no-product-image-2.webp\",\"datePublished\":\"2026-02-24T10:15:08+00:00\",\"dateModified\":\"2026-02-24T10:40:18+00:00\",\"description\":\"Plastry Estramon Conti HRT od Transtoyou, dost\u0119pne tutaj, aby z\u0142agodzi\u0107 objawy menopauzy. Zam\u00f3w teraz i ciesz si\u0119 wsparciem hormonalnym!\",\"breadcrumb\":{\"@id\":\"https:\/\/www.transtoyou.com\/pl\/product\/estramon-conti\/#breadcrumb\"},\"inLanguage\":\"pl-PL\",\"potentialAction\":[{\"@type\":\"ReadAction\",\"target\":[\"https:\/\/www.transtoyou.com\/pl\/product\/estramon-conti\/\"]}]},{\"@type\":\"ImageObject\",\"inLanguage\":\"pl-PL\",\"@id\":\"https:\/\/www.transtoyou.com\/pl\/product\/estramon-conti\/#primaryimage\",\"url\":\"https:\/\/www.transtoyou.com\/pl\/wp-content\/uploads\/sites\/11\/2025\/09\/tty-no-product-image-2.webp\",\"contentUrl\":\"https:\/\/www.transtoyou.com\/pl\/wp-content\/uploads\/sites\/11\/2025\/09\/tty-no-product-image-2.webp\",\"width\":1000,\"height\":1000,\"caption\":\"Domy\u015blny obraz produktu\"},{\"@type\":\"WebSite\",\"@id\":\"https:\/\/www.transtoyou.com\/pl\/#website\",\"url\":\"https:\/\/www.transtoyou.com\/pl\/\",\"name\":\"Transtoyou - PL\",\"description\":\"\",\"publisher\":{\"@id\":\"https:\/\/www.transtoyou.com\/pl\/#organization\"},\"potentialAction\":[{\"@type\":\"SearchAction\",\"target\":{\"@type\":\"EntryPoint\",\"urlTemplate\":\"https:\/\/www.transtoyou.com\/pl\/?s={search_term_string}\"},\"query-input\":{\"@type\":\"PropertyValueSpecification\",\"valueRequired\":true,\"valueName\":\"search_term_string\"}}],\"inLanguage\":\"pl-PL\"},{\"@type\":\"Organization\",\"@id\":\"https:\/\/www.transtoyou.com\/pl\/#organization\",\"name\":\"Transtoyou - PL\",\"url\":\"https:\/\/www.transtoyou.com\/pl\/\",\"logo\":{\"@type\":\"ImageObject\",\"inLanguage\":\"pl-PL\",\"@id\":\"https:\/\/www.transtoyou.com\/pl\/#\/schema\/logo\/image\/\",\"url\":\"https:\/\/www.transtoyou.com\/pl\/wp-content\/uploads\/sites\/11\/2026\/01\/logo-tty-menu-bar-300x87-1.webp\",\"contentUrl\":\"https:\/\/www.transtoyou.com\/pl\/wp-content\/uploads\/sites\/11\/2026\/01\/logo-tty-menu-bar-300x87-1.webp\",\"width\":300,\"height\":87,\"caption\":\"Transtoyou - PL\"},\"image\":{\"@id\":\"https:\/\/www.transtoyou.com\/pl\/#\/schema\/logo\/image\/\"}}]}<\/script>\n<!-- \/ Yoast SEO plugin. -->","yoast_head_json":{"title":"Estramon Conti | Ci\u0105g\u0142y plaster HRT na menopauz\u0119 - Transtoyou","description":"Plastry Estramon Conti HRT od Transtoyou, dost\u0119pne tutaj, aby z\u0142agodzi\u0107 objawy menopauzy. Zam\u00f3w teraz i ciesz si\u0119 wsparciem hormonalnym!","robots":{"index":"noindex","follow":"follow","max-snippet":"max-snippet:-1","max-image-preview":"max-image-preview:large","max-video-preview":"max-video-preview:-1"},"og_locale":"pl_PL","og_type":"article","og_title":"Estramon Conti | Ci\u0105g\u0142y plaster HRT na menopauz\u0119 - Transtoyou","og_description":"Plastry Estramon Conti HRT od Transtoyou, dost\u0119pne tutaj, aby z\u0142agodzi\u0107 objawy menopauzy. Zam\u00f3w teraz i ciesz si\u0119 wsparciem hormonalnym!","og_url":"https:\/\/www.transtoyou.com\/pl\/product\/estramon-conti\/","og_site_name":"Transtoyou - PL","article_modified_time":"2026-02-24T10:40:18+00:00","twitter_card":"summary_large_image","twitter_misc":{"Szacowany czas czytania":"7 minut"},"schema":{"@context":"https:\/\/schema.org","@graph":[{"@type":"WebPage","@id":"https:\/\/www.transtoyou.com\/pl\/product\/estramon-conti\/","url":"https:\/\/www.transtoyou.com\/pl\/product\/estramon-conti\/","name":"Estramon Conti | Ci\u0105g\u0142y plaster HRT na menopauz\u0119 - Transtoyou","isPartOf":{"@id":"https:\/\/www.transtoyou.com\/pl\/#website"},"primaryImageOfPage":{"@id":"https:\/\/www.transtoyou.com\/pl\/product\/estramon-conti\/#primaryimage"},"image":{"@id":"https:\/\/www.transtoyou.com\/pl\/product\/estramon-conti\/#primaryimage"},"thumbnailUrl":"https:\/\/www.transtoyou.com\/pl\/wp-content\/uploads\/sites\/11\/2025\/09\/tty-no-product-image-2.webp","datePublished":"2026-02-24T10:15:08+00:00","dateModified":"2026-02-24T10:40:18+00:00","description":"Plastry Estramon Conti HRT od Transtoyou, dost\u0119pne tutaj, aby z\u0142agodzi\u0107 objawy menopauzy. Zam\u00f3w teraz i ciesz si\u0119 wsparciem hormonalnym!","breadcrumb":{"@id":"https:\/\/www.transtoyou.com\/pl\/product\/estramon-conti\/#breadcrumb"},"inLanguage":"pl-PL","potentialAction":[{"@type":"ReadAction","target":["https:\/\/www.transtoyou.com\/pl\/product\/estramon-conti\/"]}]},{"@type":"ImageObject","inLanguage":"pl-PL","@id":"https:\/\/www.transtoyou.com\/pl\/product\/estramon-conti\/#primaryimage","url":"https:\/\/www.transtoyou.com\/pl\/wp-content\/uploads\/sites\/11\/2025\/09\/tty-no-product-image-2.webp","contentUrl":"https:\/\/www.transtoyou.com\/pl\/wp-content\/uploads\/sites\/11\/2025\/09\/tty-no-product-image-2.webp","width":1000,"height":1000,"caption":"Domy\u015blny obraz produktu"},{"@type":"WebSite","@id":"https:\/\/www.transtoyou.com\/pl\/#website","url":"https:\/\/www.transtoyou.com\/pl\/","name":"Transtoyou - PL","description":"","publisher":{"@id":"https:\/\/www.transtoyou.com\/pl\/#organization"},"potentialAction":[{"@type":"SearchAction","target":{"@type":"EntryPoint","urlTemplate":"https:\/\/www.transtoyou.com\/pl\/?s={search_term_string}"},"query-input":{"@type":"PropertyValueSpecification","valueRequired":true,"valueName":"search_term_string"}}],"inLanguage":"pl-PL"},{"@type":"Organization","@id":"https:\/\/www.transtoyou.com\/pl\/#organization","name":"Transtoyou - PL","url":"https:\/\/www.transtoyou.com\/pl\/","logo":{"@type":"ImageObject","inLanguage":"pl-PL","@id":"https:\/\/www.transtoyou.com\/pl\/#\/schema\/logo\/image\/","url":"https:\/\/www.transtoyou.com\/pl\/wp-content\/uploads\/sites\/11\/2026\/01\/logo-tty-menu-bar-300x87-1.webp","contentUrl":"https:\/\/www.transtoyou.com\/pl\/wp-content\/uploads\/sites\/11\/2026\/01\/logo-tty-menu-bar-300x87-1.webp","width":300,"height":87,"caption":"Transtoyou - PL"},"image":{"@id":"https:\/\/www.transtoyou.com\/pl\/#\/schema\/logo\/image\/"}}]}},"_links":{"self":[{"href":"https:\/\/www.transtoyou.com\/pl\/wp-json\/wp\/v2\/product\/1603","targetHints":{"allow":["GET"]}}],"collection":[{"href":"https:\/\/www.transtoyou.com\/pl\/wp-json\/wp\/v2\/product"}],"about":[{"href":"https:\/\/www.transtoyou.com\/pl\/wp-json\/wp\/v2\/types\/product"}],"replies":[{"embeddable":true,"href":"https:\/\/www.transtoyou.com\/pl\/wp-json\/wp\/v2\/comments?post=1603"}],"wp:featuredmedia":[{"embeddable":true,"href":"https:\/\/www.transtoyou.com\/pl\/wp-json\/wp\/v2\/media\/1605"}],"wp:attachment":[{"href":"https:\/\/www.transtoyou.com\/pl\/wp-json\/wp\/v2\/media?parent=1603"}],"wp:term":[{"taxonomy":"product_brand","embeddable":true,"href":"https:\/\/www.transtoyou.com\/pl\/wp-json\/wp\/v2\/product_brand?post=1603"},{"taxonomy":"product_cat","embeddable":true,"href":"https:\/\/www.transtoyou.com\/pl\/wp-json\/wp\/v2\/product_cat?post=1603"},{"taxonomy":"product_tag","embeddable":true,"href":"https:\/\/www.transtoyou.com\/pl\/wp-json\/wp\/v2\/product_tag?post=1603"},{"taxonomy":"expert","embeddable":true,"href":"https:\/\/www.transtoyou.com\/pl\/wp-json\/wp\/v2\/expert?post=1603"}],"curies":[{"name":"wp","href":"https:\/\/api.w.org\/{rel}","templated":true}]}}