{"id":1609,"date":"2026-02-24T13:35:02","date_gmt":"2026-02-24T11:35:02","guid":{"rendered":"https:\/\/www.transtoyou.com\/pl\/product\/estramon-comp\/"},"modified":"2026-03-03T10:03:19","modified_gmt":"2026-03-03T08:03:19","slug":"estramon-kamp","status":"publish","type":"product","link":"https:\/\/www.transtoyou.com\/pl\/product\/estramon-kamp\/","title":{"rendered":"Estramon Comp"},"content":{"rendered":"<h2>Czym jest Estramon Comp?<\/h2>\n<p>Estramon Comp to sekwencyjna, skojarzona <a href=\"\/pl\/treatment\/hormone-replacement-therapy\/\">terapia hormonalna (HRT)<\/a> w postaci plastra, stosowana w leczeniu objaw\u00f3w menopauzy. Zawiera dwa hormony: estradiol, form\u0119 estrogenu, oraz octan norethisteronu, rodzaj progesteronu (nazywanego r\u00f3wnie\u017c progestagenem).<\/p>\n<p>W przeciwie\u0144stwie do ci\u0105g\u0142ej skojarzonej HRT, Estramon Comp stosuje schemat cykliczny lub sekwencyjny. Oznacza to, \u017ce w cz\u0119\u015bci cyklu stosujesz sam estrogen, a w innej cz\u0119\u015bci estrogen w po\u0142\u0105czeniu z progesteronem. Z tego powodu mo\u017cesz do\u015bwiadczy\u0107 miesi\u0119cznego krwawienia odstawiennego, podobnego do lekkiej miesi\u0105czki.<\/p>\n<p>Estramon Comp jest zazwyczaj przepisywany, je\u015bli:<\/p>\n<ul>\n<li>Jeste\u015b w perimenopauzie (twoje miesi\u0105czki s\u0105 nieregularne, ale nie ca\u0142kowicie usta\u0142y), lub<\/li>\n<li>Jeste\u015b w ci\u0105gu 12 miesi\u0119cy po ostatniej naturalnej miesi\u0105czce<\/li>\n<\/ul>\n<p>Jest przeznaczony dla kobiet, kt\u00f3re wci\u0105\u017c maj\u0105 macic\u0119 i potrzebuj\u0105 zar\u00f3wno zast\u0105pienia estrogenu, jak i ochrony b\u0142ony \u015bluzowej macicy.<\/p>\n<p>Estramon Comp to transdermalny plaster HRT, co oznacza, \u017ce hormony s\u0105 wch\u0142aniane przez sk\u00f3r\u0119 bezpo\u015brednio do krwiobiegu. Unika to przechodzenia przez uk\u0142ad pokarmowy i zapewnia stabilny poziom hormon\u00f3w.<\/p>\n<h2>Do czego s\u0142u\u017cy Estramon Comp?<\/h2>\n<p>Estramon Comp jest stosowany do <a href=\"\/pl\/treatment\/menopause-pms-relief\/\">\u0142agodzenia objaw\u00f3w menopauzy<\/a> spowodowanych spadkiem poziomu estrogenu.<\/p>\n<p>Podczas menopauzy poziom estrogenu znacznie spada. Ta zmiana hormonalna mo\u017ce powodowa\u0107:<\/p>\n<ul>\n<li>Uderzenia gor\u0105ca<\/li>\n<li>Nocne poty<\/li>\n<li>Problemy ze snem<\/li>\n<li>Wahania nastroju<\/li>\n<li>Suche pochwy<\/li>\n<li>Mg\u0142a m\u00f3zgowa<\/li>\n<li>Zm\u0119czenie<\/li>\n<li>Obni\u017cone libido<\/li>\n<\/ul>\n<p>Uderzenia gor\u0105ca i nocne poty nazywane s\u0105 objawami wazomotorycznymi, co oznacza, \u017ce system kontroli temperatury cia\u0142a jest zaburzony przez zmiany hormonalne.<\/p>\n<p>Estramon Comp mo\u017ce r\u00f3wnie\u017c pom\u00f3c w utrzymaniu g\u0119sto\u015bci ko\u015bci. Po menopauzie ni\u017csze poziomy estrogenu zwi\u0119kszaj\u0105 ryzyko osteoporozy, stanu, w kt\u00f3rym ko\u015bci staj\u0105 si\u0119 cie\u0144sze i bardziej kruche. Terapia hormonalna mo\u017ce pom\u00f3c spowolni\u0107 utrat\u0119 ko\u015bci u kobiet, kt\u00f3re s\u0105 w grupie ryzyka.<\/p>\n<p>Estramon Comp jest szczeg\u00f3lnie odpowiedni, je\u015bli nadal do\u015bwiadczasz okazjonalnych miesi\u0105czek lub jeste\u015b na pocz\u0105tku menopauzy.<\/p>\n<h2>Jak dzia\u0142a Estramon Comp?<\/h2>\n<p>Estramon Comp dzia\u0142a poprzez zast\u0119powanie hormon\u00f3w, kt\u00f3re twoje cia\u0142o stopniowo przestaje produkowa\u0107 podczas menopauzy.<\/p>\n<h4>Estradiol (Estrogen)<\/h4>\n<p>Estradiol jest chemicznie podobny do estrogenu, kt\u00f3ry twoje cia\u0142o naturalnie produkuje. Pomaga:<\/p>\n<ul>\n<li>Zmniejszy\u0107 uderzenia gor\u0105ca i nocne poty<\/li>\n<li>Poprawi\u0107 sucho\u015b\u0107 pochwy<\/li>\n<li>Wspiera\u0107 nastr\u00f3j i sen<\/li>\n<li>Utrzyma\u0107 si\u0142\u0119 ko\u015bci<\/li>\n<\/ul>\n<h4>Norethisteron (Progestagen)<\/h4>\n<p>Je\u015bli wci\u0105\u017c masz macic\u0119, sam estrogen mo\u017ce spowodowa\u0107, \u017ce b\u0142ona \u015bluzowa macicy (nazywana endometrium) stanie si\u0119 zbyt gruba. Z czasem mo\u017ce to zwi\u0119kszy\u0107 ryzyko raka endometrium.<\/p>\n<p>Norethisteron chroni twoj\u0105 macic\u0119, zapobiegaj\u0105c nadmiernemu pogrubieniu b\u0142ony. W sekwencyjnej HRT, takiej jak Estramon Comp, progesteron jest dodawany w cz\u0119\u015bci cyklu, co mo\u017ce skutkowa\u0107 zaplanowanym miesi\u0119cznym krwawieniem.<\/p>\n<p>Poniewa\u017c plaster dostarcza hormony przez sk\u00f3r\u0119, otrzymujesz sta\u0142e wch\u0142anianie hormon\u00f3w. Ten system dostarczania transdermalnego mo\u017ce zmniejszy\u0107 wahania hormon\u00f3w w por\u00f3wnaniu do tabletek doustnych.<\/p>\n<h2>Kto nie powinien stosowa\u0107 Estramon Comp?<\/h2>\n<p>Nie powiniene\u015b stosowa\u0107 Estramon Comp, je\u015bli:<\/p>\n<ul>\n<li>Masz lub mia\u0142e\u015b raka piersi<\/li>\n<li>Masz nowotw\u00f3r zale\u017cny od estrogenu (takie jak rak b\u0142ony \u015bluzowej macicy)<\/li>\n<li>Masz niewyja\u015bnione krwawienie z pochwy<\/li>\n<li>Masz nieleczon\u0105 hiperplazj\u0119 endometrium<\/li>\n<li>Masz lub mia\u0142e\u015b zakrzepy krwi<\/li>\n<li>Masz zaburzenia krzepni\u0119cia krwi<\/li>\n<li>Niedawno mia\u0142e\u015b zawa\u0142 serca lub udar m\u00f3zgu<\/li>\n<li>Masz ci\u0119\u017ck\u0105 chorob\u0119 w\u0105troby<\/li>\n<li>Jeste\u015b uczulony na estradiol lub norethisteron<\/li>\n<\/ul>\n<p>Zawsze informuj swojego lekarza o swojej historii medycznej przed rozpocz\u0119ciem terapii hormonalnej.<\/p>\n<h3>Ci\u0105\u017ca i karmienie piersi\u0105<\/h3>\n<p>Estramon Comp nie jest \u015brodkiem antykoncepcyjnym.<\/p>\n<p>Nie nale\u017cy stosowa\u0107 tego leku, je\u015bli jeste\u015b w ci\u0105\u017cy lub podejrzewasz, \u017ce mo\u017cesz by\u0107 w ci\u0105\u017cy. Chocia\u017c p\u0142odno\u015b\u0107 maleje podczas menopauzy, ci\u0105\u017ca jest nadal mo\u017cliwa w perimenopauzie.<\/p>\n<p>Estramon Comp nie powinien by\u0107 stosowany podczas karmienia piersi\u0105.<\/p>\n<p>Je\u015bli podejrzewasz ci\u0105\u017c\u0119 podczas stosowania tego plastra, usu\u0144 go i skontaktuj si\u0119 z lekarzem.<\/p>\n<h2>Jak stosowa\u0107 Estramon Comp i dawkowanie<\/h2>\n<p>Zawsze stosuj Estramon Comp dok\u0142adnie tak, jak przepisa\u0142 lekarz.<\/p>\n<p>Poniewa\u017c jest to sekwencyjny plaster HRT, stosujesz cykl:<\/p>\n<ul>\n<li>Pierwsza faza: plaster tylko z estrogenem<\/li>\n<li>Druga faza: plaster z po\u0142\u0105czonym estrogenem i progestagenem<\/li>\n<\/ul>\n<p>Tw\u00f3j lekarz wyja\u015bni dok\u0142adny harmonogram.<\/p>\n<p>Jak aplikowa\u0107:<\/p>\n<ul>\n<li>Aplikuj na czyst\u0105, such\u0105, nieuszkodzon\u0105 sk\u00f3r\u0119<\/li>\n<li>Odpowiednie obszary to dolna cz\u0119\u015b\u0107 brzucha lub po\u015bladki<\/li>\n<li>Nie stosuj na piersi<\/li>\n<li>Przytrzymaj mocno przez co najmniej 10 sekund<\/li>\n<li>Zmieniaj plastry zgodnie z zalecanym harmonogramem<\/li>\n<\/ul>\n<p>Rotuj miejsce aplikacji, aby zmniejszy\u0107 podra\u017cnienia sk\u00f3ry.<\/p>\n<p>Mo\u017cesz do\u015bwiadczy\u0107 przewidywalnego miesi\u0119cznego krwawienia podczas fazy progestagenowej. To jest normalne w sekwencyjnej HRT.<\/p>\n<h2>Mo\u017cliwe skutki uboczne<\/h2>\n<p>Jak wszystkie leki, Estramon Comp mo\u017ce powodowa\u0107 skutki uboczne.<\/p>\n<p>Cz\u0119ste skutki uboczne to:<\/p>\n<ul>\n<li>Wra\u017cliwo\u015b\u0107 piersi<\/li>\n<li>B\u00f3l g\u0142owy<\/li>\n<li>Nudno\u015bci<\/li>\n<li>Zmiany nastroju<\/li>\n<li>Podra\u017cnienie sk\u00f3ry<\/li>\n<li>Zaplanowane miesi\u0119czne krwawienie<\/li>\n<li>Nieregularne plamienie<\/li>\n<\/ul>\n<p>Powa\u017cniejsze, ale rzadsze ryzyko terapii hormonalnej obejmuje:<\/p>\n<ul>\n<li>Zakrzepy krwi<\/li>\n<li>Udar m\u00f3zgu<\/li>\n<li>Rak piersi<\/li>\n<li>Rak jajnika<\/li>\n<li>Choroby serca<\/li>\n<\/ul>\n<p>Twoje indywidualne ryzyko zale\u017cy od twojego wieku, czasu od menopauzy, historii rodziny i og\u00f3lnego stanu zdrowia.<\/p>\n<p>Regularna kontrola medyczna jest wa\u017cna podczas stosowania HRT.<\/p>\n<h2>Wa\u017cne informacje dotycz\u0105ce bezpiecze\u0144stwa<\/h2>\n<p>Przed rozpocz\u0119ciem stosowania Estramon Comp powiniene\u015b odby\u0107 konsultacj\u0119 medyczn\u0105.<\/p>\n<p>Powiedz swojemu lekarzowi, je\u015bli masz:<\/p>\n<ul>\n<li><a href=\"\/pl\/treatment\/high-blood-pressure\">Nadci\u015bnienie t\u0119tnicze<\/a><\/li>\n<li><a href=\"\/pl\/treatment\/diabetes\">Cukrzyc\u0119<\/a><\/li>\n<li><a href=\"\/pl\/treatment\/headache-and-migraines\/\">Migreny<\/a><\/li>\n<li>Kamienie \u017c\u00f3\u0142ciowe<\/li>\n<li>Problemy z w\u0105trob\u0105<\/li>\n<li>Mi\u0119\u015bniaki<\/li>\n<li><a href=\"\/pl\/treatment\/endometriosis\/\">Endometrioz\u0119<\/a><\/li>\n<li>Wysoki poziom trigliceryd\u00f3w<\/li>\n<li>Rodzinn\u0105 histori\u0119 nowotwor\u00f3w wra\u017cliwych na hormony<\/li>\n<\/ul>\n<p>Podczas stosowania Estramon Comp:<\/p>\n<ul>\n<li>Uczestnicz w regularnych kontrolach<\/li>\n<li>Kontynuuj badania przesiewowe piersi<\/li>\n<li>Wykonuj regularne samobadania piersi<\/li>\n<li>Zg\u0142aszaj nietypowe krwawienia<\/li>\n<\/ul>\n<p>Terapia hormonalna powinna by\u0107 przegl\u0105dana przynajmniej raz w roku.<\/p>\n<h2>Kiedy szuka\u0107 pomocy medycznej<\/h2>\n<p>Przesta\u0144 stosowa\u0107 Estramon Comp i natychmiast skontaktuj si\u0119 z lekarzem, je\u015bli wyst\u0105pi\u0105 u ciebie:<\/p>\n<ul>\n<li>Obrz\u0119k lub b\u00f3l w jednej nodze<\/li>\n<li>Nag\u0142y b\u00f3l w klatce piersiowej<\/li>\n<li>Trudno\u015bci w oddychaniu<\/li>\n<li>Silny b\u00f3l g\u0142owy<\/li>\n<li>Nag\u0142e problemy z widzeniem lub mow\u0105<\/li>\n<li>\u017b\u00f3\u0142kni\u0119cie sk\u00f3ry lub oczu<\/li>\n<li>Objawy ci\u0119\u017ckiej reakcji alergicznej<\/li>\n<\/ul>\n<p>Skontaktuj si\u0119 z lekarzem, je\u015bli zauwa\u017cysz:<\/p>\n<ul>\n<li>Niespodziewane silne krwawienie<\/li>\n<li>Now\u0105 zmian\u0119 w piersi<\/li>\n<li>Utrzymuj\u0105cy si\u0119 b\u00f3l brzucha<\/li>\n<li>Jak\u0105kolwiek nag\u0142\u0105 zmian\u0119 w zdrowiu<\/li>\n<\/ul>\n<p>Je\u015bli nie jeste\u015b pewien objaw\u00f3w, zawsze szukaj porady medycznej.<\/p>\n","protected":false},"excerpt":{"rendered":"<ul>\n<li>Estramon Comp: Sekwencyjny plaster hormonalnej terapii zast\u0119pczej, kt\u00f3ry \u0142agodzi objawy menopauzy, jednocze\u015bnie chroni\u0105c twoj\u0105 macic\u0119.<\/li>\n<li>Sk\u0142adnik aktywny: Estradiol (estrogen) i octan noretysteronu (progesteron)<\/li>\n<li>Stosowany w: Hormonalnej terapii zast\u0119pczej (HTZ)<\/li>\n<\/ul>\n","protected":false},"featured_media":1611,"comment_status":"open","ping_status":"closed","template":"","meta":[],"product_brand":[],"product_cat":[137,143],"product_tag":[],"expert":[20],"class_list":{"0":"post-1609","1":"product","2":"type-product","3":"status-publish","4":"has-post-thumbnail","6":"product_cat-terapia-zastepcza-hormonami-hrt","7":"product_cat-ulga-w-menopauzie-i-pms","8":"expert-dr-m-ahmed","10":"first","11":"instock","12":"shipping-taxable","13":"product-type-variable"},"yoast_head":"<!-- This site is optimized with the Yoast SEO plugin v27.0 - https:\/\/yoast.com\/product\/yoast-seo-wordpress\/ -->\n<title>Estramon Comp | Plaster HRT na menopauz\u0119 - Transtoyou<\/title>\n<meta name=\"description\" content=\"Plastry Estramon Comp HRT na objawy menopauzy, dost\u0119pne tylko na recept\u0119 od lekarzy Transtoyou. Sprawd\u017a, czy ta terapia jest dla Ciebie.\" \/>\n<meta name=\"robots\" content=\"noindex, follow, max-snippet:-1, max-image-preview:large, max-video-preview:-1\" \/>\n<meta property=\"og:locale\" content=\"pl_PL\" \/>\n<meta property=\"og:type\" content=\"article\" \/>\n<meta property=\"og:title\" content=\"Estramon Comp | Plaster HRT na menopauz\u0119 - Transtoyou\" \/>\n<meta property=\"og:description\" content=\"Plastry Estramon Comp HRT na objawy menopauzy, dost\u0119pne tylko na recept\u0119 od lekarzy Transtoyou. Sprawd\u017a, czy ta terapia jest dla Ciebie.\" \/>\n<meta property=\"og:url\" content=\"https:\/\/www.transtoyou.com\/pl\/product\/estramon-comp\/\" \/>\n<meta property=\"og:site_name\" content=\"Transtoyou - PL\" \/>\n<meta property=\"article:modified_time\" content=\"2026-03-03T08:03:19+00:00\" \/>\n<meta name=\"twitter:card\" content=\"summary_large_image\" \/>\n<meta name=\"twitter:label1\" content=\"Szacowany czas czytania\" \/>\n\t<meta name=\"twitter:data1\" content=\"5 minut\" \/>\n<script type=\"application\/ld+json\" class=\"yoast-schema-graph\">{\"@context\":\"https:\/\/schema.org\",\"@graph\":[{\"@type\":\"WebPage\",\"@id\":\"https:\/\/www.transtoyou.com\/pl\/product\/estramon-comp\/\",\"url\":\"https:\/\/www.transtoyou.com\/pl\/product\/estramon-comp\/\",\"name\":\"Estramon Comp | Plaster HRT na menopauz\u0119 - Transtoyou\",\"isPartOf\":{\"@id\":\"https:\/\/www.transtoyou.com\/pl\/#website\"},\"primaryImageOfPage\":{\"@id\":\"https:\/\/www.transtoyou.com\/pl\/product\/estramon-comp\/#primaryimage\"},\"image\":{\"@id\":\"https:\/\/www.transtoyou.com\/pl\/product\/estramon-comp\/#primaryimage\"},\"thumbnailUrl\":\"https:\/\/www.transtoyou.com\/pl\/wp-content\/uploads\/sites\/11\/2026\/02\/tty-no-product-image-8.webp\",\"datePublished\":\"2026-02-24T11:35:02+00:00\",\"dateModified\":\"2026-03-03T08:03:19+00:00\",\"description\":\"Plastry Estramon Comp HRT na objawy menopauzy, dost\u0119pne tylko na recept\u0119 od lekarzy Transtoyou. Sprawd\u017a, czy ta terapia jest dla Ciebie.\",\"breadcrumb\":{\"@id\":\"https:\/\/www.transtoyou.com\/pl\/product\/estramon-comp\/#breadcrumb\"},\"inLanguage\":\"pl-PL\",\"potentialAction\":[{\"@type\":\"ReadAction\",\"target\":[\"https:\/\/www.transtoyou.com\/pl\/product\/estramon-comp\/\"]}]},{\"@type\":\"ImageObject\",\"inLanguage\":\"pl-PL\",\"@id\":\"https:\/\/www.transtoyou.com\/pl\/product\/estramon-comp\/#primaryimage\",\"url\":\"https:\/\/www.transtoyou.com\/pl\/wp-content\/uploads\/sites\/11\/2026\/02\/tty-no-product-image-8.webp\",\"contentUrl\":\"https:\/\/www.transtoyou.com\/pl\/wp-content\/uploads\/sites\/11\/2026\/02\/tty-no-product-image-8.webp\",\"width\":1000,\"height\":1000,\"caption\":\"Domy\u015blny obraz produktu\"},{\"@type\":\"WebSite\",\"@id\":\"https:\/\/www.transtoyou.com\/pl\/#website\",\"url\":\"https:\/\/www.transtoyou.com\/pl\/\",\"name\":\"Transtoyou - PL\",\"description\":\"\",\"publisher\":{\"@id\":\"https:\/\/www.transtoyou.com\/pl\/#organization\"},\"potentialAction\":[{\"@type\":\"SearchAction\",\"target\":{\"@type\":\"EntryPoint\",\"urlTemplate\":\"https:\/\/www.transtoyou.com\/pl\/?s={search_term_string}\"},\"query-input\":{\"@type\":\"PropertyValueSpecification\",\"valueRequired\":true,\"valueName\":\"search_term_string\"}}],\"inLanguage\":\"pl-PL\"},{\"@type\":\"Organization\",\"@id\":\"https:\/\/www.transtoyou.com\/pl\/#organization\",\"name\":\"Transtoyou - PL\",\"url\":\"https:\/\/www.transtoyou.com\/pl\/\",\"logo\":{\"@type\":\"ImageObject\",\"inLanguage\":\"pl-PL\",\"@id\":\"https:\/\/www.transtoyou.com\/pl\/#\/schema\/logo\/image\/\",\"url\":\"https:\/\/www.transtoyou.com\/pl\/wp-content\/uploads\/sites\/11\/2026\/01\/logo-tty-menu-bar-300x87-1.webp\",\"contentUrl\":\"https:\/\/www.transtoyou.com\/pl\/wp-content\/uploads\/sites\/11\/2026\/01\/logo-tty-menu-bar-300x87-1.webp\",\"width\":300,\"height\":87,\"caption\":\"Transtoyou - PL\"},\"image\":{\"@id\":\"https:\/\/www.transtoyou.com\/pl\/#\/schema\/logo\/image\/\"}}]}<\/script>\n<!-- \/ Yoast SEO plugin. -->","yoast_head_json":{"title":"Estramon Comp | Plaster HRT na menopauz\u0119 - Transtoyou","description":"Plastry Estramon Comp HRT na objawy menopauzy, dost\u0119pne tylko na recept\u0119 od lekarzy Transtoyou. Sprawd\u017a, czy ta terapia jest dla Ciebie.","robots":{"index":"noindex","follow":"follow","max-snippet":"max-snippet:-1","max-image-preview":"max-image-preview:large","max-video-preview":"max-video-preview:-1"},"og_locale":"pl_PL","og_type":"article","og_title":"Estramon Comp | Plaster HRT na menopauz\u0119 - Transtoyou","og_description":"Plastry Estramon Comp HRT na objawy menopauzy, dost\u0119pne tylko na recept\u0119 od lekarzy Transtoyou. Sprawd\u017a, czy ta terapia jest dla Ciebie.","og_url":"https:\/\/www.transtoyou.com\/pl\/product\/estramon-comp\/","og_site_name":"Transtoyou - PL","article_modified_time":"2026-03-03T08:03:19+00:00","twitter_card":"summary_large_image","twitter_misc":{"Szacowany czas czytania":"5 minut"},"schema":{"@context":"https:\/\/schema.org","@graph":[{"@type":"WebPage","@id":"https:\/\/www.transtoyou.com\/pl\/product\/estramon-comp\/","url":"https:\/\/www.transtoyou.com\/pl\/product\/estramon-comp\/","name":"Estramon Comp | Plaster HRT na menopauz\u0119 - Transtoyou","isPartOf":{"@id":"https:\/\/www.transtoyou.com\/pl\/#website"},"primaryImageOfPage":{"@id":"https:\/\/www.transtoyou.com\/pl\/product\/estramon-comp\/#primaryimage"},"image":{"@id":"https:\/\/www.transtoyou.com\/pl\/product\/estramon-comp\/#primaryimage"},"thumbnailUrl":"https:\/\/www.transtoyou.com\/pl\/wp-content\/uploads\/sites\/11\/2026\/02\/tty-no-product-image-8.webp","datePublished":"2026-02-24T11:35:02+00:00","dateModified":"2026-03-03T08:03:19+00:00","description":"Plastry Estramon Comp HRT na objawy menopauzy, dost\u0119pne tylko na recept\u0119 od lekarzy Transtoyou. Sprawd\u017a, czy ta terapia jest dla Ciebie.","breadcrumb":{"@id":"https:\/\/www.transtoyou.com\/pl\/product\/estramon-comp\/#breadcrumb"},"inLanguage":"pl-PL","potentialAction":[{"@type":"ReadAction","target":["https:\/\/www.transtoyou.com\/pl\/product\/estramon-comp\/"]}]},{"@type":"ImageObject","inLanguage":"pl-PL","@id":"https:\/\/www.transtoyou.com\/pl\/product\/estramon-comp\/#primaryimage","url":"https:\/\/www.transtoyou.com\/pl\/wp-content\/uploads\/sites\/11\/2026\/02\/tty-no-product-image-8.webp","contentUrl":"https:\/\/www.transtoyou.com\/pl\/wp-content\/uploads\/sites\/11\/2026\/02\/tty-no-product-image-8.webp","width":1000,"height":1000,"caption":"Domy\u015blny obraz produktu"},{"@type":"WebSite","@id":"https:\/\/www.transtoyou.com\/pl\/#website","url":"https:\/\/www.transtoyou.com\/pl\/","name":"Transtoyou - PL","description":"","publisher":{"@id":"https:\/\/www.transtoyou.com\/pl\/#organization"},"potentialAction":[{"@type":"SearchAction","target":{"@type":"EntryPoint","urlTemplate":"https:\/\/www.transtoyou.com\/pl\/?s={search_term_string}"},"query-input":{"@type":"PropertyValueSpecification","valueRequired":true,"valueName":"search_term_string"}}],"inLanguage":"pl-PL"},{"@type":"Organization","@id":"https:\/\/www.transtoyou.com\/pl\/#organization","name":"Transtoyou - PL","url":"https:\/\/www.transtoyou.com\/pl\/","logo":{"@type":"ImageObject","inLanguage":"pl-PL","@id":"https:\/\/www.transtoyou.com\/pl\/#\/schema\/logo\/image\/","url":"https:\/\/www.transtoyou.com\/pl\/wp-content\/uploads\/sites\/11\/2026\/01\/logo-tty-menu-bar-300x87-1.webp","contentUrl":"https:\/\/www.transtoyou.com\/pl\/wp-content\/uploads\/sites\/11\/2026\/01\/logo-tty-menu-bar-300x87-1.webp","width":300,"height":87,"caption":"Transtoyou - PL"},"image":{"@id":"https:\/\/www.transtoyou.com\/pl\/#\/schema\/logo\/image\/"}}]}},"_links":{"self":[{"href":"https:\/\/www.transtoyou.com\/pl\/wp-json\/wp\/v2\/product\/1609","targetHints":{"allow":["GET"]}}],"collection":[{"href":"https:\/\/www.transtoyou.com\/pl\/wp-json\/wp\/v2\/product"}],"about":[{"href":"https:\/\/www.transtoyou.com\/pl\/wp-json\/wp\/v2\/types\/product"}],"replies":[{"embeddable":true,"href":"https:\/\/www.transtoyou.com\/pl\/wp-json\/wp\/v2\/comments?post=1609"}],"wp:featuredmedia":[{"embeddable":true,"href":"https:\/\/www.transtoyou.com\/pl\/wp-json\/wp\/v2\/media\/1611"}],"wp:attachment":[{"href":"https:\/\/www.transtoyou.com\/pl\/wp-json\/wp\/v2\/media?parent=1609"}],"wp:term":[{"taxonomy":"product_brand","embeddable":true,"href":"https:\/\/www.transtoyou.com\/pl\/wp-json\/wp\/v2\/product_brand?post=1609"},{"taxonomy":"product_cat","embeddable":true,"href":"https:\/\/www.transtoyou.com\/pl\/wp-json\/wp\/v2\/product_cat?post=1609"},{"taxonomy":"product_tag","embeddable":true,"href":"https:\/\/www.transtoyou.com\/pl\/wp-json\/wp\/v2\/product_tag?post=1609"},{"taxonomy":"expert","embeddable":true,"href":"https:\/\/www.transtoyou.com\/pl\/wp-json\/wp\/v2\/expert?post=1609"}],"curies":[{"name":"wp","href":"https:\/\/api.w.org\/{rel}","templated":true}]}}