{"id":1667,"date":"2026-02-25T15:15:21","date_gmt":"2026-02-25T13:15:21","guid":{"rendered":"https:\/\/www.transtoyou.com\/pl\/product\/evorel-sequi\/"},"modified":"2026-02-25T15:43:00","modified_gmt":"2026-02-25T13:43:00","slug":"evorel-sequi","status":"publish","type":"product","link":"https:\/\/www.transtoyou.com\/pl\/product\/evorel-sequi\/","title":{"rendered":"Evorel Sequi"},"content":{"rendered":"<h2>Co to jest Evorel Sequi?<\/h2>\n<p>Evorel Sequi to sekwencyjna skojarzona <a href=\"\/pl\/treatment\/hormone-replacement-therapy\/\">terapia hormonalna (HRT)<\/a>, kt\u00f3ra wyst\u0119puje w postaci plastr\u00f3w na sk\u00f3r\u0119. Zawiera dwa hormony: estradiol, form\u0119 estrogenu, oraz octan norethisteronu, rodzaj progesteronu (nazywanego r\u00f3wnie\u017c progestagenem).<\/p>\n<p>Evorel Sequi jest zaprojektowany, aby \u0142agodzi\u0107 objawy spowodowane zmianami hormonalnymi w okresie menopauzy. Zwykle jest przepisywany, je\u015bli jeste\u015b w perimenopauzie (twoje miesi\u0105czki s\u0105 nieregularne, ale nie ca\u0142kowicie ustaj\u0105) lub je\u015bli jeste\u015b we wczesnych stadiach po menopauzie i nadal masz macic\u0119.<\/p>\n<p>Poniewa\u017c Evorel Sequi pod\u0105\u017ca za sekwencyjnym cyklem leczenia, najpierw u\u017cywasz plastr\u00f3w tylko z estrogenem, a nast\u0119pnie plastr\u00f3w \u0142\u0105czonych z estrogenem i progesteronem. Taki schemat cz\u0119sto prowadzi do miesi\u0119cznego krwawienia z odstawienia, podobnego do lekkiej miesi\u0105czki.<\/p>\n<p>Evorel Sequi to transdermalna HRT, co oznacza, \u017ce hormony s\u0105 dostarczane przez sk\u00f3r\u0119 bezpo\u015brednio do krwiobiegu. Zapewnia to sta\u0142y poziom hormon\u00f3w i unika przechodzenia przez uk\u0142ad pokarmowy.<\/p>\n<h2>Do czego stosuje si\u0119 Evorel Sequi?<\/h2>\n<p>Evorel Sequi jest stosowany w celu <a href=\"\/pl\/treatment\/menopause-pms-relief\/\">leczenia objaw\u00f3w menopauzy<\/a> spowodowanych niskim poziomem estrogenu.<\/p>\n<p>Podczas menopauzy twoje cia\u0142o produkuje mniej estrogenu. Ta naturalna zmiana mo\u017ce powodowa\u0107 objawy takie jak:<\/p>\n<ul>\n<li>Uderzenia gor\u0105ca<\/li>\n<li>Nocne poty<\/li>\n<li>Problemy ze snem<\/li>\n<li>Wahania nastroju<\/li>\n<li>Suche pochwy<\/li>\n<li>Zmniejszone libido<\/li>\n<li>Zm\u0119czenie<\/li>\n<li>Mg\u0142a m\u00f3zgowa<\/li>\n<\/ul>\n<p>Uderzenia gor\u0105ca i nocne poty znane s\u0105 jako objawy wazomotoryczne, co oznacza, \u017ce wewn\u0119trzna kontrola temperatury cia\u0142a jest zak\u0142\u00f3cona przez zmiany hormonalne.<\/p>\n<p>Evorel Sequi mo\u017ce r\u00f3wnie\u017c pom\u00f3c w utrzymaniu g\u0119sto\u015bci ko\u015bci. Po menopauzie ni\u017csze poziomy estrogenu zwi\u0119kszaj\u0105 ryzyko osteoporozy, stanu, w kt\u00f3rym ko\u015bci staj\u0105 si\u0119 cie\u0144sze i bardziej kruche. Terapia hormonalna mo\u017ce pom\u00f3c spowolni\u0107 utrat\u0119 ko\u015bci u kobiet z podwy\u017cszonym ryzykiem z\u0142ama\u0144.<\/p>\n<p>Evorel Sequi jest szczeg\u00f3lnie odpowiedni, je\u015bli nadal masz sporadyczne naturalne krwawienia lub jeste\u015b w pierwszym roku po ostatniej miesi\u0105czce.<\/p>\n<h2>Jak dzia\u0142a Evorel Sequi?<\/h2>\n<p>Evorel Sequi dzia\u0142a poprzez zast\u0119powanie hormon\u00f3w, kt\u00f3re spadaj\u0105 podczas menopauzy.<\/p>\n<h4>Estradiol (Estrogen)<\/h4>\n<p>Estradiol jest chemicznie podobny do estrogenu, kt\u00f3ry twoje cia\u0142o naturalnie produkuje. Pomaga w:<\/p>\n<ul>\n<li>Redukcji uderze\u0144 gor\u0105ca i nocnych pot\u00f3w<\/li>\n<li>Poprawie sucho\u015bci pochwy<\/li>\n<li>Wsparciu nastroju i snu<\/li>\n<li>Utrzymaniu si\u0142y ko\u015bci<\/li>\n<\/ul>\n<p>Przywracaj\u0105c poziomy estrogenu, Evorel Sequi pomaga stabilizowa\u0107 systemy w twoim ciele, kt\u00f3re s\u0105 dotkni\u0119te menopauz\u0105.<\/p>\n<h4>Norethisteron (Progestagen)<\/h4>\n<p>Je\u015bli nadal masz macic\u0119, sam estrogen mo\u017ce powodowa\u0107 nadmierne pogrubienie b\u0142ony \u015bluzowej macicy (nazywanej endometrium). Z biegiem czasu zwi\u0119ksza to ryzyko raka endometrium.<\/p>\n<p>Norethisteron chroni b\u0142on\u0119 \u015bluzow\u0105 macicy, zapobiegaj\u0105c nadmiernemu pogrubieniu. W sekwencyjnej HRT, takiej jak Evorel Sequi, progesteron jest dodawany w cz\u0119\u015bci cyklu, co mo\u017ce powodowa\u0107 przewidywalne miesi\u0119czne krwawienie.<\/p>\n<p>Poniewa\u017c Evorel Sequi jest dostarczany przez sk\u00f3r\u0119, zapewnia sta\u0142e wch\u0142anianie hormon\u00f3w i mo\u017ce zmniejszy\u0107 niekt\u00f3re ryzyka w por\u00f3wnaniu do doustnych tabletek hormonalnych.<\/p>\n<h2>Kto nie powinien stosowa\u0107 Evorel Sequi?<\/h2>\n<p>Nie powiniene\u015b stosowa\u0107 Evorel Sequi, je\u015bli:<\/p>\n<ul>\n<li>Masz lub mia\u0142a\u015b raka piersi<\/li>\n<li>Masz nowotw\u00f3r zale\u017cny od estrogenu (np. rak b\u0142ony \u015bluzowej macicy)<\/li>\n<li>Masz niewyja\u015bnione krwawienie z pochwy<\/li>\n<li>Masz nieleczon\u0105 hiperplazj\u0119 endometrium<\/li>\n<li>Masz lub mia\u0142a\u015b zakrzepy krwi (zakrzepica \u017cy\u0142 g\u0142\u0119bokich lub zatorowo\u015b\u0107 p\u0142ucn\u0105)<\/li>\n<li>Masz znane zaburzenia krzepni\u0119cia krwi<\/li>\n<li>Ostatnio mia\u0142a\u015b zawa\u0142 serca lub udar<\/li>\n<li>Masz ci\u0119\u017ck\u0105 chorob\u0119 w\u0105troby<\/li>\n<li>Jeste\u015b uczulona na estradiol lub norethisteron<\/li>\n<\/ul>\n<p>Zawsze informuj swojego lekarza o swojej pe\u0142nej historii medycznej przed rozpocz\u0119ciem terapii hormonalnej.<\/p>\n<h3>Ci\u0105\u017ca i karmienie piersi\u0105<\/h3>\n<p>Evorel Sequi nie jest \u015brodkiem antykoncepcyjnym.<\/p>\n<p>Nie nale\u017cy stosowa\u0107 Evorel Sequi, je\u015bli jeste\u015b w ci\u0105\u017cy lub podejrzewasz, \u017ce mo\u017cesz by\u0107 w ci\u0105\u017cy. Ci\u0105\u017ca jest nadal mo\u017cliwa w okresie perimenopauzy.<\/p>\n<p>Evorel Sequi nie powinien by\u0107 stosowany podczas karmienia piersi\u0105.<\/p>\n<p>Je\u015bli podejrzewasz ci\u0105\u017c\u0119 podczas stosowania plastra, usu\u0144 go i natychmiast skontaktuj si\u0119 z lekarzem.<\/p>\n<h2>Jak stosowa\u0107 Evorel Sequi i dawkowanie<\/h2>\n<p>Zawsze stosuj Evorel Sequi dok\u0142adnie zgodnie z zaleceniami.<\/p>\n<p>Evorel Sequi zawiera dwa rodzaje plastr\u00f3w, kt\u00f3re s\u0105 stosowane w sekwencji:<\/p>\n<ul>\n<li>Plastry tylko z estrogenem (pierwsza cz\u0119\u015b\u0107 cyklu)<\/li>\n<li>Plastry \u0142\u0105czone z estrogenem i progesteronem (druga cz\u0119\u015b\u0107 cyklu)<\/li>\n<\/ul>\n<p>Zwykle zmieniasz plaster dwa razy w tygodniu, zgodnie z harmonogramem podanym przez lekarza.<\/p>\n<p>Jak stosowa\u0107:<\/p>\n<ul>\n<li>Na\u0142\u00f3\u017c na czyst\u0105, such\u0105, nieuszkodzon\u0105 sk\u00f3r\u0119<\/li>\n<li>Umie\u015b\u0107 na dolnej cz\u0119\u015bci brzucha lub po\u015bladkach<\/li>\n<li>Nie nak\u0142adaj na piersi<\/li>\n<li>Przyci\u015bnij mocno przez co najmniej 10 sekund<\/li>\n<li>Rotuj miejsca aplikacji, aby zapobiec podra\u017cnieniom<\/li>\n<\/ul>\n<p>Mo\u017cesz do\u015bwiadczy\u0107 przewidywalnego miesi\u0119cznego krwawienia podczas fazy progesteronowej. Jest to oczekiwane w sekwencyjnej HRT.<\/p>\n<p>Tw\u00f3j lekarz przepisze najni\u017csz\u0105 skuteczn\u0105 dawk\u0119 i regularnie oceni twoje leczenie.<\/p>\n<h2>Mo\u017cliwe skutki uboczne<\/h2>\n<p>Jak wszystkie leki, Evorel Sequi mo\u017ce powodowa\u0107 skutki uboczne, chocia\u017c nie ka\u017cdy ich do\u015bwiadcza.<\/p>\n<p>Do powszechnych skutk\u00f3w ubocznych nale\u017c\u0105:<\/p>\n<ul>\n<li>Wra\u017cliwo\u015b\u0107 piersi<\/li>\n<li>B\u00f3l g\u0142owy<\/li>\n<li>Nudno\u015bci<\/li>\n<li>Zmiany nastroju<\/li>\n<li>Podra\u017cnienie sk\u00f3ry w miejscu aplikacji<\/li>\n<li>Zaplanowane miesi\u0119czne krwawienie<\/li>\n<li>Plamienie mi\u0119dzy cyklami<\/li>\n<\/ul>\n<p>Mniej powszechne, ale powa\u017cne ryzyka zwi\u0105zane z HRT obejmuj\u0105:<\/p>\n<ul>\n<li>Zakrzepy krwi<\/li>\n<li>Udar<\/li>\n<li>Rak piersi<\/li>\n<li>Rak jajnika<\/li>\n<li>Choroby serca<\/li>\n<\/ul>\n<p>Twoje osobiste ryzyko zale\u017cy od twojego wieku, historii medycznej, historii rodziny oraz tego, jak d\u0142ugo stosujesz terapi\u0119 hormonaln\u0105.<\/p>\n<p>Regularne wizyty kontrolne s\u0105 wa\u017cne.<\/p>\n<h2>Wa\u017cne informacje dotycz\u0105ce bezpiecze\u0144stwa<\/h2>\n<p>Przed rozpocz\u0119ciem stosowania Evorel Sequi powiniene\u015b odby\u0107 konsultacj\u0119 medyczn\u0105.<\/p>\n<p>Powiedz swojemu lekarzowi, je\u015bli kiedykolwiek mia\u0142e\u015b:<\/p>\n<ul>\n<li><a href=\"\/pl\/treatment\/high-blood-pressure\">Nadci\u015bnienie t\u0119tnicze<\/a><\/li>\n<li><a href=\"\/pl\/treatment\/diabetes\">Cukrzyc\u0119<\/a><\/li>\n<li><a href=\"\/pl\/treatment\/headache-and-migraines\/\">Migreny<\/a><\/li>\n<li>Kamienie \u017c\u00f3\u0142ciowe<\/li>\n<li>Problemy z w\u0105trob\u0105<\/li>\n<li>Mi\u0119\u015bniaki<\/li>\n<li><a href=\"\/pl\/treatment\/endometriosis\/\">Endometrioz\u0119<\/a><\/li>\n<li>Wysokie tr\u00f3jglicerydy<\/li>\n<li>Rodzinn\u0105 histori\u0119 raka piersi<\/li>\n<\/ul>\n<p>Podczas stosowania Evorel Sequi:<\/p>\n<ul>\n<li>Uczestnicz w regularnych kontrolach<\/li>\n<li>Kontynuuj rutynowe badania piersi<\/li>\n<li>Wykonuj samobadanie piersi<\/li>\n<li>Zg\u0142aszaj nietypowe krwawienia z pochwy<\/li>\n<\/ul>\n<p>Terapia hormonalna powinna by\u0107 oceniana przynajmniej raz w roku, aby oceni\u0107 korzy\u015bci i ryzyko.<\/p>\n<h2>Kiedy szuka\u0107 pomocy medycznej<\/h2>\n<p>Przesta\u0144 stosowa\u0107 Evorel Sequi i natychmiast skontaktuj si\u0119 z lekarzem, je\u015bli do\u015bwiadczasz:<\/p>\n<ul>\n<li>Bolesnego obrz\u0119ku jednej nogi<\/li>\n<li>Nag\u0142ego b\u00f3lu w klatce piersiowej<\/li>\n<li>Trudno\u015bci w oddychaniu<\/li>\n<li>Silnego nag\u0142ego b\u00f3lu g\u0142owy<\/li>\n<li>Problem\u00f3w z widzeniem lub mow\u0105<\/li>\n<li>Os\u0142abienia po jednej stronie cia\u0142a<\/li>\n<li>\u017b\u00f3\u0142kni\u0119cia sk\u00f3ry lub oczu<\/li>\n<li>Objaw\u00f3w ci\u0119\u017ckiej reakcji alergicznej<\/li>\n<\/ul>\n<p>Skontaktuj si\u0119 z lekarzem niezw\u0142ocznie, je\u015bli zauwa\u017cysz:<\/p>\n<ul>\n<li>Niespodziewane silne krwawienie<\/li>\n<li>Now\u0105 grudk\u0119 w piersi<\/li>\n<li>Utrzymuj\u0105cy si\u0119 b\u00f3l brzucha<\/li>\n<li>Nag\u0142e znaczne zmiany w twoim zdrowiu<\/li>\n<\/ul>\n<p>Je\u015bli nie jeste\u015b pewna, czy twoje objawy s\u0105 zwi\u0105zane z terapi\u0105 hormonaln\u0105, mo\u017cesz \u0142atwo um\u00f3wi\u0107 si\u0119 na bezpieczn\u0105 konsultacj\u0119 wideo z jednym z naszych licencjonowanych lekarzy za po\u015brednictwem Transtoyou. Oceni\u0105 twoje objawy i doradz\u0105, jakie s\u0105 najbezpieczniejsze nast\u0119pne kroki. Je\u015bli do\u015bwiadczasz powa\u017cnych lub nag\u0142ych objaw\u00f3w, natychmiast szukaj pilnej pomocy medycznej.<\/p>\n","protected":false},"excerpt":{"rendered":"<ul>\n<li>Evorel Sequi: Sekwencyjne po\u0142\u0105czone plastry HRT, kt\u00f3re \u0142agodz\u0105 objawy menopauzy, chroni\u0105c jednocze\u015bnie twoj\u0105 macic\u0119.<\/li>\n<li>Sk\u0142adnik aktywny: Estradiol (estrogen) i octan noretynesteronu (progesteron)<\/li>\n<li>Stosowany w: Hormonalnej terapii zast\u0119pczej (HTZ)<\/li>\n<\/ul>\n","protected":false},"featured_media":1669,"comment_status":"open","ping_status":"closed","template":"","meta":[],"product_brand":[],"product_cat":[137,143],"product_tag":[],"expert":[16],"class_list":{"0":"post-1667","1":"product","2":"type-product","3":"status-publish","4":"has-post-thumbnail","6":"product_cat-terapia-zastepcza-hormonami-hrt","7":"product_cat-ulga-w-menopauzie-i-pms","8":"expert-dr-c-alexandru","10":"first","11":"instock","12":"shipping-taxable","13":"product-type-variable"},"yoast_head":"<!-- This site is optimized with the Yoast SEO plugin v27.0 - https:\/\/yoast.com\/product\/yoast-seo-wordpress\/ -->\n<title>Evorel Sequi | Plastry HRT na menopauz\u0119 - Transtoyou<\/title>\n<meta name=\"description\" content=\"Plastry Evorel Sequi HRT dost\u0119pne w Transtoyou pomagaj\u0105 w \u0142agodzeniu objaw\u00f3w menopauzy dzi\u0119ki sekwencyjnemu wsparciu estrogen\u00f3w i progestagen\u00f3w.\" \/>\n<meta name=\"robots\" content=\"noindex, follow, max-snippet:-1, max-image-preview:large, max-video-preview:-1\" \/>\n<meta property=\"og:locale\" content=\"pl_PL\" \/>\n<meta property=\"og:type\" content=\"article\" \/>\n<meta property=\"og:title\" content=\"Evorel Sequi | Plastry HRT na menopauz\u0119 - Transtoyou\" \/>\n<meta property=\"og:description\" content=\"Plastry Evorel Sequi HRT dost\u0119pne w Transtoyou pomagaj\u0105 w \u0142agodzeniu objaw\u00f3w menopauzy dzi\u0119ki sekwencyjnemu wsparciu estrogen\u00f3w i progestagen\u00f3w.\" \/>\n<meta property=\"og:url\" content=\"https:\/\/www.transtoyou.com\/pl\/product\/evorel-sequi\/\" \/>\n<meta property=\"og:site_name\" content=\"Transtoyou - PL\" \/>\n<meta property=\"article:modified_time\" content=\"2026-02-25T13:43:00+00:00\" \/>\n<meta name=\"twitter:card\" content=\"summary_large_image\" \/>\n<meta name=\"twitter:label1\" content=\"Szacowany czas czytania\" \/>\n\t<meta name=\"twitter:data1\" content=\"6 minut\" \/>\n<script type=\"application\/ld+json\" class=\"yoast-schema-graph\">{\"@context\":\"https:\/\/schema.org\",\"@graph\":[{\"@type\":\"WebPage\",\"@id\":\"https:\/\/www.transtoyou.com\/pl\/product\/evorel-sequi\/\",\"url\":\"https:\/\/www.transtoyou.com\/pl\/product\/evorel-sequi\/\",\"name\":\"Evorel Sequi | Plastry HRT na menopauz\u0119 - Transtoyou\",\"isPartOf\":{\"@id\":\"https:\/\/www.transtoyou.com\/pl\/#website\"},\"primaryImageOfPage\":{\"@id\":\"https:\/\/www.transtoyou.com\/pl\/product\/evorel-sequi\/#primaryimage\"},\"image\":{\"@id\":\"https:\/\/www.transtoyou.com\/pl\/product\/evorel-sequi\/#primaryimage\"},\"thumbnailUrl\":\"https:\/\/www.transtoyou.com\/pl\/wp-content\/uploads\/sites\/11\/2026\/02\/tty-no-product-image-10.webp\",\"datePublished\":\"2026-02-25T13:15:21+00:00\",\"dateModified\":\"2026-02-25T13:43:00+00:00\",\"description\":\"Plastry Evorel Sequi HRT dost\u0119pne w Transtoyou pomagaj\u0105 w \u0142agodzeniu objaw\u00f3w menopauzy dzi\u0119ki sekwencyjnemu wsparciu estrogen\u00f3w i progestagen\u00f3w.\",\"breadcrumb\":{\"@id\":\"https:\/\/www.transtoyou.com\/pl\/product\/evorel-sequi\/#breadcrumb\"},\"inLanguage\":\"pl-PL\",\"potentialAction\":[{\"@type\":\"ReadAction\",\"target\":[\"https:\/\/www.transtoyou.com\/pl\/product\/evorel-sequi\/\"]}]},{\"@type\":\"ImageObject\",\"inLanguage\":\"pl-PL\",\"@id\":\"https:\/\/www.transtoyou.com\/pl\/product\/evorel-sequi\/#primaryimage\",\"url\":\"https:\/\/www.transtoyou.com\/pl\/wp-content\/uploads\/sites\/11\/2026\/02\/tty-no-product-image-10.webp\",\"contentUrl\":\"https:\/\/www.transtoyou.com\/pl\/wp-content\/uploads\/sites\/11\/2026\/02\/tty-no-product-image-10.webp\",\"width\":1000,\"height\":1000,\"caption\":\"Domy\u015blny obraz produktu\"},{\"@type\":\"WebSite\",\"@id\":\"https:\/\/www.transtoyou.com\/pl\/#website\",\"url\":\"https:\/\/www.transtoyou.com\/pl\/\",\"name\":\"Transtoyou - PL\",\"description\":\"\",\"publisher\":{\"@id\":\"https:\/\/www.transtoyou.com\/pl\/#organization\"},\"potentialAction\":[{\"@type\":\"SearchAction\",\"target\":{\"@type\":\"EntryPoint\",\"urlTemplate\":\"https:\/\/www.transtoyou.com\/pl\/?s={search_term_string}\"},\"query-input\":{\"@type\":\"PropertyValueSpecification\",\"valueRequired\":true,\"valueName\":\"search_term_string\"}}],\"inLanguage\":\"pl-PL\"},{\"@type\":\"Organization\",\"@id\":\"https:\/\/www.transtoyou.com\/pl\/#organization\",\"name\":\"Transtoyou - PL\",\"url\":\"https:\/\/www.transtoyou.com\/pl\/\",\"logo\":{\"@type\":\"ImageObject\",\"inLanguage\":\"pl-PL\",\"@id\":\"https:\/\/www.transtoyou.com\/pl\/#\/schema\/logo\/image\/\",\"url\":\"https:\/\/www.transtoyou.com\/pl\/wp-content\/uploads\/sites\/11\/2026\/01\/logo-tty-menu-bar-300x87-1.webp\",\"contentUrl\":\"https:\/\/www.transtoyou.com\/pl\/wp-content\/uploads\/sites\/11\/2026\/01\/logo-tty-menu-bar-300x87-1.webp\",\"width\":300,\"height\":87,\"caption\":\"Transtoyou - PL\"},\"image\":{\"@id\":\"https:\/\/www.transtoyou.com\/pl\/#\/schema\/logo\/image\/\"}}]}<\/script>\n<!-- \/ Yoast SEO plugin. -->","yoast_head_json":{"title":"Evorel Sequi | Plastry HRT na menopauz\u0119 - Transtoyou","description":"Plastry Evorel Sequi HRT dost\u0119pne w Transtoyou pomagaj\u0105 w \u0142agodzeniu objaw\u00f3w menopauzy dzi\u0119ki sekwencyjnemu wsparciu estrogen\u00f3w i progestagen\u00f3w.","robots":{"index":"noindex","follow":"follow","max-snippet":"max-snippet:-1","max-image-preview":"max-image-preview:large","max-video-preview":"max-video-preview:-1"},"og_locale":"pl_PL","og_type":"article","og_title":"Evorel Sequi | Plastry HRT na menopauz\u0119 - Transtoyou","og_description":"Plastry Evorel Sequi HRT dost\u0119pne w Transtoyou pomagaj\u0105 w \u0142agodzeniu objaw\u00f3w menopauzy dzi\u0119ki sekwencyjnemu wsparciu estrogen\u00f3w i progestagen\u00f3w.","og_url":"https:\/\/www.transtoyou.com\/pl\/product\/evorel-sequi\/","og_site_name":"Transtoyou - PL","article_modified_time":"2026-02-25T13:43:00+00:00","twitter_card":"summary_large_image","twitter_misc":{"Szacowany czas czytania":"6 minut"},"schema":{"@context":"https:\/\/schema.org","@graph":[{"@type":"WebPage","@id":"https:\/\/www.transtoyou.com\/pl\/product\/evorel-sequi\/","url":"https:\/\/www.transtoyou.com\/pl\/product\/evorel-sequi\/","name":"Evorel Sequi | Plastry HRT na menopauz\u0119 - Transtoyou","isPartOf":{"@id":"https:\/\/www.transtoyou.com\/pl\/#website"},"primaryImageOfPage":{"@id":"https:\/\/www.transtoyou.com\/pl\/product\/evorel-sequi\/#primaryimage"},"image":{"@id":"https:\/\/www.transtoyou.com\/pl\/product\/evorel-sequi\/#primaryimage"},"thumbnailUrl":"https:\/\/www.transtoyou.com\/pl\/wp-content\/uploads\/sites\/11\/2026\/02\/tty-no-product-image-10.webp","datePublished":"2026-02-25T13:15:21+00:00","dateModified":"2026-02-25T13:43:00+00:00","description":"Plastry Evorel Sequi HRT dost\u0119pne w Transtoyou pomagaj\u0105 w \u0142agodzeniu objaw\u00f3w menopauzy dzi\u0119ki sekwencyjnemu wsparciu estrogen\u00f3w i progestagen\u00f3w.","breadcrumb":{"@id":"https:\/\/www.transtoyou.com\/pl\/product\/evorel-sequi\/#breadcrumb"},"inLanguage":"pl-PL","potentialAction":[{"@type":"ReadAction","target":["https:\/\/www.transtoyou.com\/pl\/product\/evorel-sequi\/"]}]},{"@type":"ImageObject","inLanguage":"pl-PL","@id":"https:\/\/www.transtoyou.com\/pl\/product\/evorel-sequi\/#primaryimage","url":"https:\/\/www.transtoyou.com\/pl\/wp-content\/uploads\/sites\/11\/2026\/02\/tty-no-product-image-10.webp","contentUrl":"https:\/\/www.transtoyou.com\/pl\/wp-content\/uploads\/sites\/11\/2026\/02\/tty-no-product-image-10.webp","width":1000,"height":1000,"caption":"Domy\u015blny obraz produktu"},{"@type":"WebSite","@id":"https:\/\/www.transtoyou.com\/pl\/#website","url":"https:\/\/www.transtoyou.com\/pl\/","name":"Transtoyou - PL","description":"","publisher":{"@id":"https:\/\/www.transtoyou.com\/pl\/#organization"},"potentialAction":[{"@type":"SearchAction","target":{"@type":"EntryPoint","urlTemplate":"https:\/\/www.transtoyou.com\/pl\/?s={search_term_string}"},"query-input":{"@type":"PropertyValueSpecification","valueRequired":true,"valueName":"search_term_string"}}],"inLanguage":"pl-PL"},{"@type":"Organization","@id":"https:\/\/www.transtoyou.com\/pl\/#organization","name":"Transtoyou - PL","url":"https:\/\/www.transtoyou.com\/pl\/","logo":{"@type":"ImageObject","inLanguage":"pl-PL","@id":"https:\/\/www.transtoyou.com\/pl\/#\/schema\/logo\/image\/","url":"https:\/\/www.transtoyou.com\/pl\/wp-content\/uploads\/sites\/11\/2026\/01\/logo-tty-menu-bar-300x87-1.webp","contentUrl":"https:\/\/www.transtoyou.com\/pl\/wp-content\/uploads\/sites\/11\/2026\/01\/logo-tty-menu-bar-300x87-1.webp","width":300,"height":87,"caption":"Transtoyou - PL"},"image":{"@id":"https:\/\/www.transtoyou.com\/pl\/#\/schema\/logo\/image\/"}}]}},"_links":{"self":[{"href":"https:\/\/www.transtoyou.com\/pl\/wp-json\/wp\/v2\/product\/1667","targetHints":{"allow":["GET"]}}],"collection":[{"href":"https:\/\/www.transtoyou.com\/pl\/wp-json\/wp\/v2\/product"}],"about":[{"href":"https:\/\/www.transtoyou.com\/pl\/wp-json\/wp\/v2\/types\/product"}],"replies":[{"embeddable":true,"href":"https:\/\/www.transtoyou.com\/pl\/wp-json\/wp\/v2\/comments?post=1667"}],"wp:featuredmedia":[{"embeddable":true,"href":"https:\/\/www.transtoyou.com\/pl\/wp-json\/wp\/v2\/media\/1669"}],"wp:attachment":[{"href":"https:\/\/www.transtoyou.com\/pl\/wp-json\/wp\/v2\/media?parent=1667"}],"wp:term":[{"taxonomy":"product_brand","embeddable":true,"href":"https:\/\/www.transtoyou.com\/pl\/wp-json\/wp\/v2\/product_brand?post=1667"},{"taxonomy":"product_cat","embeddable":true,"href":"https:\/\/www.transtoyou.com\/pl\/wp-json\/wp\/v2\/product_cat?post=1667"},{"taxonomy":"product_tag","embeddable":true,"href":"https:\/\/www.transtoyou.com\/pl\/wp-json\/wp\/v2\/product_tag?post=1667"},{"taxonomy":"expert","embeddable":true,"href":"https:\/\/www.transtoyou.com\/pl\/wp-json\/wp\/v2\/expert?post=1667"}],"curies":[{"name":"wp","href":"https:\/\/api.w.org\/{rel}","templated":true}]}}