{"id":1710,"date":"2026-02-28T11:45:02","date_gmt":"2026-02-28T09:45:02","guid":{"rendered":"https:\/\/www.transtoyou.com\/pl\/product\/maxalt\/"},"modified":"2026-03-06T13:41:59","modified_gmt":"2026-03-06T11:41:59","slug":"maxalt","status":"publish","type":"product","link":"https:\/\/www.transtoyou.com\/pl\/product\/maxalt\/","title":{"rendered":"Maxalt"},"content":{"rendered":"<h2>Co to jest Maxalt?<\/h2>\n<p>Maxalt to lek na recept\u0119 stosowany w leczeniu atak\u00f3w migreny. Zawiera substancj\u0119 czynn\u0105 rizatriptan, kt\u00f3ra nale\u017cy do grupy lek\u00f3w zwanych tryptanami.<\/p>\n<p>Tryptany s\u0105 specjalnie zaprojektowane do <a href=\"\/pl\/treatment\/headache-and-migraines\/\">leczenia migren<\/a>. Nie s\u0105 to og\u00f3lne leki przeciwb\u00f3lowe. Maxalt dzia\u0142a inaczej ni\u017c standardowe leki przeciwb\u00f3lowe, takie jak <a href=\"\/pl\/product\/paracetamol\">paracetamol<\/a> czy <a href=\"\/pl\/product\/ibuprofen\">ibuprofen<\/a>, poniewa\u017c celuje w biologiczny proces, kt\u00f3ry powoduje migren\u0119.<\/p>\n<p>Maxalt jest stosowany w leczeniu ataku migreny, gdy ju\u017c si\u0119 rozpocz\u0105\u0142. Nie zapobiega wyst\u0119powaniu migren i nie powinien by\u0107 stosowany codziennie w celu zapobiegania b\u00f3lom g\u0142owy.<\/p>\n<p>Maxalt jest dost\u0119pny w postaci tabletek oraz tabletek do rozpuszczenia w jamie ustnej (rozpuszczalnych), kt\u00f3re rozpuszczaj\u0105 si\u0119 na j\u0119zyku bez wody.<\/p>\n<h2>Do czego stosuje si\u0119 Maxalt?<\/h2>\n<p>Maxalt jest stosowany w leczeniu ostrym atak\u00f3w migreny, niezale\u017cnie od tego, czy migrena wyst\u0119puje z aur\u0105, czy nie.<\/p>\n<p>Migrena to co\u015b wi\u0119cej ni\u017c tylko silny b\u00f3l g\u0142owy. To stan neurologiczny, kt\u00f3ry mo\u017ce powodowa\u0107:<\/p>\n<ul>\n<li>Umiarkowany do silnego pulsuj\u0105cego b\u00f3lu g\u0142owy<\/li>\n<li>B\u00f3l zazwyczaj po jednej stronie g\u0142owy<\/li>\n<li>Nudno\u015bci lub wymioty<\/li>\n<li>Wra\u017cliwo\u015b\u0107 na \u015bwiat\u0142o (fotofobia)<\/li>\n<li>Wra\u017cliwo\u015b\u0107 na d\u017awi\u0119k (fonofobia)<\/li>\n<li>Zaburzenia wzrokowe (aura), takie jak migaj\u0105ce \u015bwiat\u0142a lub plamy \u015blepe<\/li>\n<\/ul>\n<p>Ataki migreny mog\u0105 trwa\u0107 od kilku godzin do kilku dni, je\u015bli nie s\u0105 leczone.<\/p>\n<p>Maxalt jest najskuteczniejszy, gdy jest przyjmowany jak najszybciej po rozpocz\u0119ciu b\u00f3lu migrenowego.<\/p>\n<h2>Jak dzia\u0142a Maxalt?<\/h2>\n<p>Maxalt zawiera rizatriptan, kt\u00f3ry jest agonist\u0105 receptor\u00f3w serotoniny. Oznacza to, \u017ce dzia\u0142a na specyficzne receptory serotoniny w twoim m\u00f3zgu.<\/p>\n<p>Podczas ataku migreny:<\/p>\n<ul>\n<li>Naczynia krwiono\u015bne w m\u00f3zgu si\u0119 rozszerzaj\u0105 (rozszerzone)<\/li>\n<li>Substancje zapalne s\u0105 uwalniane<\/li>\n<li>Aktywowane s\u0105 sygna\u0142y b\u00f3lowe<\/li>\n<\/ul>\n<p>Rizatriptan dzia\u0142a poprzez:<\/p>\n<ul>\n<li>Zw\u0119\u017canie spuchni\u0119tych naczy\u0144 krwiono\u015bnych w m\u00f3zgu<\/li>\n<li>Redukcj\u0119 stanu zapalnego<\/li>\n<li>Blokowanie \u015bcie\u017cek b\u00f3lowych zwi\u0105zanych z migren\u0105<\/li>\n<\/ul>\n<p>Celuj\u0105c w te mechanizmy, Maxalt mo\u017ce zmniejszy\u0107 b\u00f3l g\u0142owy i zwi\u0105zane z nim objawy, takie jak nudno\u015bci i wra\u017cliwo\u015b\u0107 na \u015bwiat\u0142o.<\/p>\n<p>Maxalt nie dzia\u0142a na b\u00f3le g\u0142owy napi\u0119ciowe ani b\u00f3le g\u0142owy klasterowe.<\/p>\n<h2>Kto nie powinien stosowa\u0107 Maxalt?<\/h2>\n<p>Nie powiniene\u015b stosowa\u0107 Maxalt, je\u015bli:<\/p>\n<ul>\n<li>Jeste\u015b uczulony na rizatriptan<\/li>\n<li>Masz niekontrolowane wysokie ci\u015bnienie krwi<\/li>\n<li>Masz histori\u0119 chor\u00f3b serca<\/li>\n<li>Mia\u0142e\u015b zawa\u0142 serca<\/li>\n<li>Mia\u0142e\u015b udar m\u00f3zgu lub mini-udar (TIA)<\/li>\n<li>Masz powa\u017cne problemy z kr\u0105\u017ceniem<\/li>\n<li>Masz ci\u0119\u017ckie uszkodzenie w\u0105troby<\/li>\n<li>Przyjmujesz inne leki przeciwmigrenowe (takie jak inne tryptany) w tym samym czasie<\/li>\n<li>Przyjmujesz inhibitory monoaminooksydazy (inhibitory MAO)<\/li>\n<\/ul>\n<p>Maxalt mo\u017ce nie by\u0107 odpowiedni, je\u015bli masz czynniki ryzyka chor\u00f3b serca, takie jak palenie, cukrzyca, wysoki cholesterol lub silna historia rodzinna chor\u00f3b sercowo-naczyniowych. Ocena medyczna jest wa\u017cna przed rozpocz\u0119ciem leczenia.<\/p>\n<h3>Ci\u0105\u017ca i karmienie piersi\u0105<\/h3>\n<p>Je\u015bli jeste\u015b w ci\u0105\u017cy lub planujesz zaj\u015b\u0107 w ci\u0105\u017c\u0119, porozmawiaj z lekarzem przed u\u017cyciem Maxalt. Istniej\u0105 ograniczone dane dotycz\u0105ce stosowania rizatriptanu w czasie ci\u0105\u017cy.<\/p>\n<p>Rizatriptan przenika do mleka matki w ma\u0142ych ilo\u015bciach. Powiniene\u015b om\u00f3wi\u0107 karmienie piersi\u0105 z lekarzem przed przyj\u0119ciem Maxalt. Mo\u017ce by\u0107 zalecane tymczasowe przerwanie karmienia piersi\u0105 po dawce.<\/p>\n<h2>Jak stosowa\u0107 i dawkowanie<\/h2>\n<p>Zawsze przyjmuj Maxalt dok\u0142adnie tak, jak przepisa\u0142 lekarz.<\/p>\n<p>Standardowa dawka dla doros\u0142ych:<\/p>\n<ul>\n<li>Jedna tabletka (zwykle 10 mg) przyjmowana na pocz\u0105tku ataku migreny<\/li>\n<\/ul>\n<p>Je\u015bli twoja migrena si\u0119 poprawia, ale wraca:<\/p>\n<ul>\n<li>Mo\u017cna przyj\u0105\u0107 drug\u0105 dawk\u0119 po co najmniej 2 godzinach<\/li>\n<\/ul>\n<p>Maksymalna dawka:<\/p>\n<ul>\n<li>Nie przyjmuj wi\u0119cej ni\u017c 2 dawki w ci\u0105gu 24 godzin<\/li>\n<\/ul>\n<p>Tabletki Maxalt mo\u017cna umie\u015bci\u0107 na j\u0119zyku i pozwoli\u0107 im si\u0119 rozpu\u015bci\u0107. Nie potrzebujesz wody.<\/p>\n<p>Maxalt powinien by\u0107 stosowany tylko w celu leczenia aktywnego ataku migreny. Nie powinien by\u0107 stosowany profilaktycznie.<\/p>\n<p>Je\u015bli stosujesz leki przeciwmigrenowe zbyt cz\u0119sto, mo\u017cesz rozwin\u0105\u0107 b\u00f3l g\u0142owy spowodowany nadu\u017cywaniem lek\u00f3w, co mo\u017ce pogorszy\u0107 cz\u0119stotliwo\u015b\u0107 b\u00f3l\u00f3w g\u0142owy.<\/p>\n<h2>Mo\u017cliwe skutki uboczne<\/h2>\n<p>Jak wszystkie leki, Maxalt mo\u017ce powodowa\u0107 skutki uboczne, chocia\u017c nie ka\u017cdy ich do\u015bwiadcza.<\/p>\n<p>Cz\u0119ste skutki uboczne to:<\/p>\n<ul>\n<li>Zawroty g\u0142owy<\/li>\n<li>Senne<\/li>\n<li>Zm\u0119czenie<\/li>\n<li>Sucho\u015b\u0107 w ustach<\/li>\n<li>Nudno\u015bci<\/li>\n<li>Uczucie ucisku lub napi\u0119cia w klatce piersiowej lub gardle<\/li>\n<\/ul>\n<p>Mniej powszechne, ale powa\u017cne skutki uboczne mog\u0105 obejmowa\u0107:<\/p>\n<ul>\n<li>B\u00f3l w klatce piersiowej<\/li>\n<li>Nieregularne bicie serca<\/li>\n<li>Objawy udaru m\u00f3zgu<\/li>\n<li>Powa\u017cne reakcje alergiczne<\/li>\n<\/ul>\n<p>Poniewa\u017c tryptany mog\u0105 wp\u0142ywa\u0107 na naczynia krwiono\u015bne, musz\u0105 by\u0107 stosowane ostro\u017cnie u os\u00f3b z czynnikami ryzyka sercowo-naczyniowego.<\/p>\n<p>Je\u015bli do\u015bwiadczasz b\u00f3lu w klatce piersiowej, powa\u017cnej s\u0142abo\u015bci, problem\u00f3w z mow\u0105 lub nag\u0142ych zmian w widzeniu, natychmiast skontaktuj si\u0119 z lekarzem.<\/p>\n<h2>Wa\u017cne informacje o bezpiecze\u0144stwie<\/h2>\n<p>Maxalt powinien by\u0107 stosowany tylko wtedy, gdy lekarz potwierdzi\u0142, \u017ce twoje b\u00f3le g\u0142owy to migreny.<\/p>\n<p>Powiniene\u015b poinformowa\u0107 swojego lekarza, je\u015bli:<\/p>\n<ul>\n<li>Masz czynniki ryzyka chor\u00f3b serca<\/li>\n<li>Masz problemy z nerkami lub w\u0105trob\u0105<\/li>\n<li>Przyjmujesz leki przeciwdepresyjne (szczeg\u00f3lnie SSRI lub SNRI)<\/li>\n<li>Stosujesz inne leki przeciwmigrenowe<\/li>\n<li>Masz histori\u0119 b\u00f3l\u00f3w g\u0142owy spowodowanych nadu\u017cywaniem lek\u00f3w<\/li>\n<\/ul>\n<p>Zbyt cz\u0119ste stosowanie Maxalt mo\u017ce prowadzi\u0107 do pogorszenia cz\u0119stotliwo\u015bci b\u00f3l\u00f3w g\u0142owy. Je\u015bli potrzebujesz leczenia migreny regularnie, tw\u00f3j lekarz mo\u017ce om\u00f3wi\u0107 z tob\u0105 opcje leczenia profilaktycznego.<\/p>\n<h2>Kiedy szuka\u0107 pomocy medycznej<\/h2>\n<p>Natychmiast skontaktuj si\u0119 z lekarzem, je\u015bli do\u015bwiadczasz:<\/p>\n<ul>\n<li>Nag\u0142ego b\u00f3lu lub ucisku w klatce piersiowej<\/li>\n<li>Trudno\u015bci w oddychaniu<\/li>\n<li>Nag\u0142ego dr\u0119twienia lub os\u0142abienia po jednej stronie cia\u0142a<\/li>\n<li>Trudno\u015bci w m\u00f3wieniu<\/li>\n<li>Powa\u017cnej reakcji alergicznej (obrz\u0119k twarzy, warg lub gard\u0142a)<\/li>\n<\/ul>\n<p>Skontaktuj si\u0119 z lekarzem, je\u015bli:<\/p>\n<ul>\n<li>Tw\u00f3j wz\u00f3r migreny zmienia si\u0119 znacz\u0105co<\/li>\n<li>Maxalt przestaje dzia\u0142a\u0107 skutecznie<\/li>\n<li>Potrzebujesz leczenia cz\u0119\u015bciej<\/li>\n<li>Do\u015bwiadczasz nietypowych lub powa\u017cnych skutk\u00f3w ubocznych<\/li>\n<\/ul>\n<p>Je\u015bli nie jeste\u015b pewien, czy twoje objawy s\u0105 zwi\u0105zane z migren\u0105 czy twoim lekiem, mo\u017cesz um\u00f3wi\u0107 si\u0119 na bezpieczn\u0105 konsultacj\u0119 wideo z licencjonowanym lekarzem za po\u015brednictwem Transtoyou w celu uzyskania spersonalizowanej porady medycznej. Je\u015bli objawy s\u0105 powa\u017cne lub nag\u0142e, natychmiast szukaj pomocy medycznej.<\/p>\n","protected":false},"excerpt":{"rendered":"<ul>\n<li>Maxalt: Szybko dzia\u0142aj\u0105ca terapia migreny, kt\u00f3ra pomaga z\u0142agodzi\u0107 b\u00f3l g\u0142owy i zwi\u0105zane z migren\u0105 objawy.<\/li>\n<li>Sk\u0142adnik aktywny: Rizatriptan<\/li>\n<li>Stosowany w: Leczeniu ostrym atak\u00f3w migreny z aur\u0105 lub bez u doros\u0142ych.<\/li>\n<\/ul>\n","protected":false},"featured_media":1712,"comment_status":"open","ping_status":"closed","template":"","meta":[],"product_brand":[],"product_cat":[128],"product_tag":[],"expert":[18],"class_list":{"0":"post-1710","1":"product","2":"type-product","3":"status-publish","4":"has-post-thumbnail","6":"product_cat-bole-glowy-i-migreny","7":"expert-dr-g-varbanov","9":"first","10":"instock","11":"shipping-taxable","12":"product-type-variable"},"yoast_head":"<!-- This site is optimized with the Yoast SEO plugin v27.0 - https:\/\/yoast.com\/product\/yoast-seo-wordpress\/ -->\n<title>Maxalt | Leczenie Ataku Migreny Przy Pomocy Rizatriptanu - Transtoyou<\/title>\n<meta name=\"description\" content=\"Leczenie migreny Maxalt z rizatriptanem, recepta po ocenie lekarza; dowiedz si\u0119, jak to dzia\u0142a z Transtoyou.\" \/>\n<meta name=\"robots\" content=\"noindex, follow, max-snippet:-1, max-image-preview:large, max-video-preview:-1\" \/>\n<meta property=\"og:locale\" content=\"pl_PL\" \/>\n<meta property=\"og:type\" content=\"article\" \/>\n<meta property=\"og:title\" content=\"Maxalt | Leczenie Ataku Migreny Przy Pomocy Rizatriptanu - Transtoyou\" \/>\n<meta property=\"og:description\" content=\"Leczenie migreny Maxalt z rizatriptanem, recepta po ocenie lekarza; dowiedz si\u0119, jak to dzia\u0142a z Transtoyou.\" \/>\n<meta property=\"og:url\" content=\"https:\/\/www.transtoyou.com\/pl\/product\/maxalt\/\" \/>\n<meta property=\"og:site_name\" content=\"Transtoyou - PL\" \/>\n<meta property=\"article:modified_time\" content=\"2026-03-06T11:41:59+00:00\" \/>\n<meta name=\"twitter:card\" content=\"summary_large_image\" \/>\n<meta name=\"twitter:label1\" content=\"Szacowany czas czytania\" \/>\n\t<meta name=\"twitter:data1\" content=\"5 minut\" \/>\n<script type=\"application\/ld+json\" class=\"yoast-schema-graph\">{\"@context\":\"https:\/\/schema.org\",\"@graph\":[{\"@type\":\"WebPage\",\"@id\":\"https:\/\/www.transtoyou.com\/pl\/product\/maxalt\/\",\"url\":\"https:\/\/www.transtoyou.com\/pl\/product\/maxalt\/\",\"name\":\"Maxalt | Leczenie Ataku Migreny Przy Pomocy Rizatriptanu - Transtoyou\",\"isPartOf\":{\"@id\":\"https:\/\/www.transtoyou.com\/pl\/#website\"},\"primaryImageOfPage\":{\"@id\":\"https:\/\/www.transtoyou.com\/pl\/product\/maxalt\/#primaryimage\"},\"image\":{\"@id\":\"https:\/\/www.transtoyou.com\/pl\/product\/maxalt\/#primaryimage\"},\"thumbnailUrl\":\"https:\/\/www.transtoyou.com\/pl\/wp-content\/uploads\/sites\/11\/2026\/02\/tty-no-product-image-12.webp\",\"datePublished\":\"2026-02-28T09:45:02+00:00\",\"dateModified\":\"2026-03-06T11:41:59+00:00\",\"description\":\"Leczenie migreny Maxalt z rizatriptanem, recepta po ocenie lekarza; dowiedz si\u0119, jak to dzia\u0142a z Transtoyou.\",\"breadcrumb\":{\"@id\":\"https:\/\/www.transtoyou.com\/pl\/product\/maxalt\/#breadcrumb\"},\"inLanguage\":\"pl-PL\",\"potentialAction\":[{\"@type\":\"ReadAction\",\"target\":[\"https:\/\/www.transtoyou.com\/pl\/product\/maxalt\/\"]}]},{\"@type\":\"ImageObject\",\"inLanguage\":\"pl-PL\",\"@id\":\"https:\/\/www.transtoyou.com\/pl\/product\/maxalt\/#primaryimage\",\"url\":\"https:\/\/www.transtoyou.com\/pl\/wp-content\/uploads\/sites\/11\/2026\/02\/tty-no-product-image-12.webp\",\"contentUrl\":\"https:\/\/www.transtoyou.com\/pl\/wp-content\/uploads\/sites\/11\/2026\/02\/tty-no-product-image-12.webp\",\"width\":1000,\"height\":1000,\"caption\":\"Domy\u015blny obraz produktu\"},{\"@type\":\"WebSite\",\"@id\":\"https:\/\/www.transtoyou.com\/pl\/#website\",\"url\":\"https:\/\/www.transtoyou.com\/pl\/\",\"name\":\"Transtoyou - PL\",\"description\":\"\",\"publisher\":{\"@id\":\"https:\/\/www.transtoyou.com\/pl\/#organization\"},\"potentialAction\":[{\"@type\":\"SearchAction\",\"target\":{\"@type\":\"EntryPoint\",\"urlTemplate\":\"https:\/\/www.transtoyou.com\/pl\/?s={search_term_string}\"},\"query-input\":{\"@type\":\"PropertyValueSpecification\",\"valueRequired\":true,\"valueName\":\"search_term_string\"}}],\"inLanguage\":\"pl-PL\"},{\"@type\":\"Organization\",\"@id\":\"https:\/\/www.transtoyou.com\/pl\/#organization\",\"name\":\"Transtoyou - PL\",\"url\":\"https:\/\/www.transtoyou.com\/pl\/\",\"logo\":{\"@type\":\"ImageObject\",\"inLanguage\":\"pl-PL\",\"@id\":\"https:\/\/www.transtoyou.com\/pl\/#\/schema\/logo\/image\/\",\"url\":\"https:\/\/www.transtoyou.com\/pl\/wp-content\/uploads\/sites\/11\/2026\/01\/logo-tty-menu-bar-300x87-1.webp\",\"contentUrl\":\"https:\/\/www.transtoyou.com\/pl\/wp-content\/uploads\/sites\/11\/2026\/01\/logo-tty-menu-bar-300x87-1.webp\",\"width\":300,\"height\":87,\"caption\":\"Transtoyou - PL\"},\"image\":{\"@id\":\"https:\/\/www.transtoyou.com\/pl\/#\/schema\/logo\/image\/\"}}]}<\/script>\n<!-- \/ Yoast SEO plugin. -->","yoast_head_json":{"title":"Maxalt | Leczenie Ataku Migreny Przy Pomocy Rizatriptanu - Transtoyou","description":"Leczenie migreny Maxalt z rizatriptanem, recepta po ocenie lekarza; dowiedz si\u0119, jak to dzia\u0142a z Transtoyou.","robots":{"index":"noindex","follow":"follow","max-snippet":"max-snippet:-1","max-image-preview":"max-image-preview:large","max-video-preview":"max-video-preview:-1"},"og_locale":"pl_PL","og_type":"article","og_title":"Maxalt | Leczenie Ataku Migreny Przy Pomocy Rizatriptanu - Transtoyou","og_description":"Leczenie migreny Maxalt z rizatriptanem, recepta po ocenie lekarza; dowiedz si\u0119, jak to dzia\u0142a z Transtoyou.","og_url":"https:\/\/www.transtoyou.com\/pl\/product\/maxalt\/","og_site_name":"Transtoyou - PL","article_modified_time":"2026-03-06T11:41:59+00:00","twitter_card":"summary_large_image","twitter_misc":{"Szacowany czas czytania":"5 minut"},"schema":{"@context":"https:\/\/schema.org","@graph":[{"@type":"WebPage","@id":"https:\/\/www.transtoyou.com\/pl\/product\/maxalt\/","url":"https:\/\/www.transtoyou.com\/pl\/product\/maxalt\/","name":"Maxalt | Leczenie Ataku Migreny Przy Pomocy Rizatriptanu - Transtoyou","isPartOf":{"@id":"https:\/\/www.transtoyou.com\/pl\/#website"},"primaryImageOfPage":{"@id":"https:\/\/www.transtoyou.com\/pl\/product\/maxalt\/#primaryimage"},"image":{"@id":"https:\/\/www.transtoyou.com\/pl\/product\/maxalt\/#primaryimage"},"thumbnailUrl":"https:\/\/www.transtoyou.com\/pl\/wp-content\/uploads\/sites\/11\/2026\/02\/tty-no-product-image-12.webp","datePublished":"2026-02-28T09:45:02+00:00","dateModified":"2026-03-06T11:41:59+00:00","description":"Leczenie migreny Maxalt z rizatriptanem, recepta po ocenie lekarza; dowiedz si\u0119, jak to dzia\u0142a z Transtoyou.","breadcrumb":{"@id":"https:\/\/www.transtoyou.com\/pl\/product\/maxalt\/#breadcrumb"},"inLanguage":"pl-PL","potentialAction":[{"@type":"ReadAction","target":["https:\/\/www.transtoyou.com\/pl\/product\/maxalt\/"]}]},{"@type":"ImageObject","inLanguage":"pl-PL","@id":"https:\/\/www.transtoyou.com\/pl\/product\/maxalt\/#primaryimage","url":"https:\/\/www.transtoyou.com\/pl\/wp-content\/uploads\/sites\/11\/2026\/02\/tty-no-product-image-12.webp","contentUrl":"https:\/\/www.transtoyou.com\/pl\/wp-content\/uploads\/sites\/11\/2026\/02\/tty-no-product-image-12.webp","width":1000,"height":1000,"caption":"Domy\u015blny obraz produktu"},{"@type":"WebSite","@id":"https:\/\/www.transtoyou.com\/pl\/#website","url":"https:\/\/www.transtoyou.com\/pl\/","name":"Transtoyou - PL","description":"","publisher":{"@id":"https:\/\/www.transtoyou.com\/pl\/#organization"},"potentialAction":[{"@type":"SearchAction","target":{"@type":"EntryPoint","urlTemplate":"https:\/\/www.transtoyou.com\/pl\/?s={search_term_string}"},"query-input":{"@type":"PropertyValueSpecification","valueRequired":true,"valueName":"search_term_string"}}],"inLanguage":"pl-PL"},{"@type":"Organization","@id":"https:\/\/www.transtoyou.com\/pl\/#organization","name":"Transtoyou - PL","url":"https:\/\/www.transtoyou.com\/pl\/","logo":{"@type":"ImageObject","inLanguage":"pl-PL","@id":"https:\/\/www.transtoyou.com\/pl\/#\/schema\/logo\/image\/","url":"https:\/\/www.transtoyou.com\/pl\/wp-content\/uploads\/sites\/11\/2026\/01\/logo-tty-menu-bar-300x87-1.webp","contentUrl":"https:\/\/www.transtoyou.com\/pl\/wp-content\/uploads\/sites\/11\/2026\/01\/logo-tty-menu-bar-300x87-1.webp","width":300,"height":87,"caption":"Transtoyou - PL"},"image":{"@id":"https:\/\/www.transtoyou.com\/pl\/#\/schema\/logo\/image\/"}}]}},"_links":{"self":[{"href":"https:\/\/www.transtoyou.com\/pl\/wp-json\/wp\/v2\/product\/1710","targetHints":{"allow":["GET"]}}],"collection":[{"href":"https:\/\/www.transtoyou.com\/pl\/wp-json\/wp\/v2\/product"}],"about":[{"href":"https:\/\/www.transtoyou.com\/pl\/wp-json\/wp\/v2\/types\/product"}],"replies":[{"embeddable":true,"href":"https:\/\/www.transtoyou.com\/pl\/wp-json\/wp\/v2\/comments?post=1710"}],"wp:featuredmedia":[{"embeddable":true,"href":"https:\/\/www.transtoyou.com\/pl\/wp-json\/wp\/v2\/media\/1712"}],"wp:attachment":[{"href":"https:\/\/www.transtoyou.com\/pl\/wp-json\/wp\/v2\/media?parent=1710"}],"wp:term":[{"taxonomy":"product_brand","embeddable":true,"href":"https:\/\/www.transtoyou.com\/pl\/wp-json\/wp\/v2\/product_brand?post=1710"},{"taxonomy":"product_cat","embeddable":true,"href":"https:\/\/www.transtoyou.com\/pl\/wp-json\/wp\/v2\/product_cat?post=1710"},{"taxonomy":"product_tag","embeddable":true,"href":"https:\/\/www.transtoyou.com\/pl\/wp-json\/wp\/v2\/product_tag?post=1710"},{"taxonomy":"expert","embeddable":true,"href":"https:\/\/www.transtoyou.com\/pl\/wp-json\/wp\/v2\/expert?post=1710"}],"curies":[{"name":"wp","href":"https:\/\/api.w.org\/{rel}","templated":true}]}}