{"id":1714,"date":"2026-02-28T12:01:45","date_gmt":"2026-02-28T10:01:45","guid":{"rendered":"https:\/\/www.transtoyou.com\/pl\/product\/maxim\/"},"modified":"2026-02-28T12:15:56","modified_gmt":"2026-02-28T10:15:56","slug":"maksym","status":"publish","type":"product","link":"https:\/\/www.transtoyou.com\/pl\/product\/maksym\/","title":{"rendered":"Maksimum"},"content":{"rendered":"<h2>Co to jest Maxim?<\/h2>\n<p>Maxim to po\u0142\u0105czona doustna pigu\u0142ka antykoncepcyjna, cz\u0119sto nazywana po prostu \u201epigu\u0142k\u0105\u201d. Zawiera dwa \u017ce\u0144skie hormony: etynyloestradiol, syntetyczn\u0105 form\u0119 estrogenu, oraz dienogest, rodzaj progestogenu (hormonu podobnego do progesteronu).<\/p>\n<p>Maxim przyjmuje si\u0119 codziennie, aby zapobiec ci\u0105\u017cy. Poniewa\u017c zawiera dwa hormony, znana jest jako <a href=\"\/pl\/treatment\/combination-pill\/\">po\u0142\u0105czona hormonalna antykoncepcja<\/a>.<\/p>\n<p>Opr\u00f3cz zapobiegania ci\u0105\u017cy, Maxim mo\u017ce r\u00f3wnie\u017c pom\u00f3c w regulacji cyklu menstruacyjnego, zmniejszeniu obfitych krwawie\u0144 oraz <a href=\"\/pl\/treatment\/menstrual-discomfort\/\">poprawie dolegliwo\u015bci zwi\u0105zanych z miesi\u0105czk\u0105<\/a>.<\/p>\n<h2>Do czego jest u\u017cywana?<\/h2>\n<p>Maxim jest przede wszystkim stosowana w celu antykoncepcji, co oznacza, \u017ce zapobiega ci\u0105\u017cy.<\/p>\n<p>Dzia\u0142a, gdy jest przyjmowana prawid\u0142owo i regularnie ka\u017cdego dnia.<\/p>\n<p>U niekt\u00f3rych kobiet Maxim mo\u017ce r\u00f3wnie\u017c:<\/p>\n<ul>\n<li>Uczyni\u0107 miesi\u0105czki bardziej regularnymi<\/li>\n<li>Zmniejszy\u0107 obfite krwawienia menstruacyjne<\/li>\n<li>Zmniejszy\u0107 b\u00f3le menstruacyjne<\/li>\n<li>Poprawi\u0107 tr\u0105dzik w niekt\u00f3rych przypadkach<\/li>\n<li>Zmniejszy\u0107 objawy zespo\u0142u napi\u0119cia przedmiesi\u0105czkowego (PMS)<\/li>\n<\/ul>\n<p>Maxim nie chroni przed <a href=\"\/pl\/treatment\/std-testing-treatments\/\">chorobami przenoszonymi drog\u0105 p\u0142ciow\u0105 (STI)<\/a>. Je\u015bli potrzebna jest ochrona przed STI, nale\u017cy stosowa\u0107 prezerwatywy.<\/p>\n<h2>Jak dzia\u0142a produkt?<\/h2>\n<p>Maxim zapobiega ci\u0105\u017cy na trzy g\u0142\u00f3wne sposoby:<\/p>\n<p>1. Zatrzymuje owulacj\u0119<\/p>\n<p>Owulacja to uwolnienie kom\u00f3rki jajowej z jajnika. Bez owulacji ci\u0105\u017ca nie mo\u017ce wyst\u0105pi\u0107.<\/p>\n<p>2. Zageszcza \u015bluz szyjkowy<\/p>\n<p>Pigu\u0142ka sprawia, \u017ce \u015bluz przy wej\u015bciu do macicy staje si\u0119 g\u0119stszy. Utrudnia to plemnikom dostanie si\u0119 do macicy.<\/p>\n<p>3. Zmienia wy\u015bci\u00f3\u0142k\u0119 macicy<\/p>\n<p>Sprawia, \u017ce wy\u015bci\u00f3\u0142ka macicy staje si\u0119 cie\u0144sza, co zmniejsza prawdopodobie\u0144stwo zagnie\u017cd\u017cenia si\u0119 zap\u0142odnionej kom\u00f3rki jajowej.<\/p>\n<p>Poniewa\u017c Maxim zawiera zar\u00f3wno estrogen, jak i progestogen, zapewnia niezawodn\u0105 antykoncepcj\u0119, gdy jest przyjmowana prawid\u0142owo.<\/p>\n<h2>Kto nie powinien stosowa\u0107 produktu?<\/h2>\n<p>Nie powiniene\u015b stosowa\u0107 Maxim, je\u015bli:<\/p>\n<ul>\n<li>Masz lub mia\u0142a\u015b zakrzep krwi (zakrzepica \u017cy\u0142 g\u0142\u0119bokich lub zatorowo\u015b\u0107 p\u0142ucn\u0105)<\/li>\n<li>Masz zaburzenia krzepni\u0119cia<\/li>\n<li>Mia\u0142a\u015b udar m\u00f3zgu lub zawa\u0142 serca<\/li>\n<li>Masz ci\u0119\u017ck\u0105 chorob\u0119 w\u0105troby<\/li>\n<li>Masz nowotw\u00f3r wra\u017cliwy na hormony (np. rak piersi)<\/li>\n<li>Masz niewyja\u015bnione krwawienie z pochwy<\/li>\n<li>Jeste\u015b uczulona na kt\u00f3rykolwiek ze sk\u0142adnik\u00f3w<\/li>\n<li>Masz migren\u0119 z aur\u0105<\/li>\n<li>Masz niekontrolowane wysokie ci\u015bnienie krwi<\/li>\n<\/ul>\n<p>Po\u0142\u0105czone pigu\u0142ki antykoncepcyjne nieznacznie zwi\u0119kszaj\u0105 ryzyko zakrzep\u00f3w krwi. Tw\u00f3j lekarz oceni Twoje osobiste czynniki ryzyka przed przepisaniem.<\/p>\n<h3>Ci\u0105\u017ca i karmienie piersi\u0105<\/h3>\n<p>Maxim nie mo\u017ce by\u0107 stosowany, je\u015bli jeste\u015b w ci\u0105\u017cy.<\/p>\n<p>Je\u015bli podejrzewasz, \u017ce mo\u017cesz by\u0107 w ci\u0105\u017cy, przesta\u0144 przyjmowa\u0107 pigu\u0142k\u0119 i skontaktuj si\u0119 z lekarzem.<\/p>\n<p>Maxim zazwyczaj nie jest zalecany w czasie karmienia piersi\u0105, szczeg\u00f3lnie w pierwszych tygodniach po porodzie, poniewa\u017c estrogen mo\u017ce zmniejsza\u0107 produkcj\u0119 mleka.<\/p>\n<h2>Jak stosowa\u0107 i dawkowanie<\/h2>\n<p>Zawsze przyjmuj Maxim dok\u0142adnie tak, jak przepisa\u0142 lekarz.<\/p>\n<ul>\n<li>Przyjmuj jedn\u0105 tabletk\u0119 dziennie<\/li>\n<li>Przyjmuj j\u0105 o tej samej porze ka\u017cdego dnia<\/li>\n<li>Post\u0119puj zgodnie z kolejno\u015bci\u0105 pokazan\u0105 na blistrze<\/li>\n<\/ul>\n<p>Wi\u0119kszo\u015b\u0107 opakowa\u0144 zawiera 21 aktywnych tabletek, po kt\u00f3rych nast\u0119puje 7-dniowa przerwa, podczas kt\u00f3rej zazwyczaj wyst\u0119puje krwawienie odstawienne podobne do miesi\u0105czki.<\/p>\n<p>Rozpocznij nast\u0119pne opakowanie po 7-dniowej przerwie, nawet je\u015bli krwawienie nie ust\u0105pi\u0142o ca\u0142kowicie.<\/p>\n<p>Je\u015bli zapomnisz o pigu\u0142ce:<\/p>\n<ul>\n<li>Je\u015bli sp\u00f3\u017anienie jest kr\u00f3tsze ni\u017c 12 godzin, przyjmij j\u0105 tak szybko, jak to mo\u017cliwe<\/li>\n<li>Je\u015bli sp\u00f3\u017anienie jest d\u0142u\u017csze ni\u017c 12 godzin, ochrona antykoncepcyjna mo\u017ce by\u0107 zmniejszona<\/li>\n<\/ul>\n<p>Post\u0119puj zgodnie z instrukcjami w ulotce dla pacjenta i rozwa\u017c dodatkow\u0105 antykoncepcj\u0119, je\u015bli to konieczne.<\/p>\n<p>Prawid\u0142owe przyjmowanie Maxim ka\u017cdego dnia jest kluczowe dla skutecznej prewencji ci\u0105\u017cy.<\/p>\n<h2>Mo\u017cliwe skutki uboczne<\/h2>\n<p>Jak wszystkie leki, Maxim mo\u017ce powodowa\u0107 skutki uboczne, chocia\u017c nie ka\u017cdy ich do\u015bwiadcza.<\/p>\n<p>Do powszechnych skutk\u00f3w ubocznych nale\u017c\u0105:<\/p>\n<ul>\n<li>Nudno\u015bci<\/li>\n<li>Wra\u017cliwo\u015b\u0107 piersi<\/li>\n<li>B\u00f3l g\u0142owy<\/li>\n<li>Zmiany nastroju<\/li>\n<li>Krwawienia prze\u0142omowe<\/li>\n<li>Zmiany libido<\/li>\n<\/ul>\n<p>Mniej powszechne, ale powa\u017cniejsze ryzyka obejmuj\u0105:<\/p>\n<ul>\n<li>Zakrzepy krwi<\/li>\n<li>Udar m\u00f3zgu<\/li>\n<li>Zawa\u0142 serca<\/li>\n<li>Podwy\u017cszone ci\u015bnienie krwi<\/li>\n<\/ul>\n<p>Ryzyko zakrzep\u00f3w krwi jest wy\u017csze, je\u015bli palisz, masz nadwag\u0119, masz wi\u0119cej ni\u017c 35 lat lub masz rodzinne wyst\u0119powanie zaburze\u0144 krzepni\u0119cia.<\/p>\n<p>Natychmiast szukaj pomocy medycznej, je\u015bli do\u015bwiadczasz:<\/p>\n<ul>\n<li>Obrz\u0119ku lub b\u00f3lu n\u00f3g<\/li>\n<li>Nag\u0142ego b\u00f3lu w klatce piersiowej<\/li>\n<li>Trudno\u015bci w oddychaniu<\/li>\n<li>Silnego b\u00f3lu g\u0142owy<\/li>\n<li>Problem\u00f3w ze wzrokiem<\/li>\n<\/ul>\n<h2>Wa\u017cne informacje dotycz\u0105ce bezpiecze\u0144stwa<\/h2>\n<p>Przed rozpocz\u0119ciem stosowania Maxim powiniene\u015b odby\u0107 konsultacj\u0119 medyczn\u0105.<\/p>\n<p>Powiedz swojemu lekarzowi, je\u015bli:<\/p>\n<ul>\n<li>Palisz<\/li>\n<li>Masz <a href=\"\/pl\/treatment\/diabetes\">cukrzyc\u0119<\/a><\/li>\n<li>Masz <a href=\"\/pl\/treatment\/high-blood-pressure\">wysokie ci\u015bnienie krwi<\/a><\/li>\n<li>Masz <a href=\"\/pl\/treatment\/cholesterol-control\">wysoki cholesterol<\/a><\/li>\n<li>Masz <a href=\"\/pl\/treatment\/headache-and-migraines\/\">migren\u0119<\/a> (szczeg\u00f3lnie z aur\u0105)<\/li>\n<li>Masz rodzinne wyst\u0119powanie zakrzep\u00f3w krwi<\/li>\n<li>Masz nadwag\u0119<\/li>\n<\/ul>\n<p>Maxim nie chroni przed STI.<\/p>\n<p>Niekt\u00f3re leki, takie jak niekt\u00f3re antybiotyki, leki przeciwpadaczkowe i zio\u0142owe \u015brodki, takie jak dziurawiec, mog\u0105 zmniejsza\u0107 jego skuteczno\u015b\u0107.<\/p>\n<p>Zaleca si\u0119 regularne badania kontrolne podczas stosowania antykoncepcji hormonalnej.<\/p>\n<h2>Kiedy szuka\u0107 pomocy medycznej<\/h2>\n<p>Natychmiast szukaj pomocy medycznej, je\u015bli do\u015bwiadczasz:<\/p>\n<ul>\n<li>Nag\u0142ego b\u00f3lu lub obrz\u0119ku n\u00f3g<\/li>\n<li>Nag\u0142ego b\u00f3lu w klatce piersiowej<\/li>\n<li>Trudno\u015bci w oddychaniu<\/li>\n<li>Silnej migreny<\/li>\n<li>Zak\u0142\u00f3ce\u0144 widzenia<\/li>\n<li>\u017b\u00f3\u0142kni\u0119cia sk\u00f3ry lub oczu<\/li>\n<\/ul>\n<p>Skontaktuj si\u0119 z lekarzem, je\u015bli:<\/p>\n<ul>\n<li>Zapomnia\u0142e\u015b o kilku pigu\u0142kach<\/li>\n<li>Do\u015bwiadczasz uporczywego obfitego krwawienia<\/li>\n<li>Rozwin\u0119\u0142a\u015b now\u0105 migren\u0119 z aur\u0105<\/li>\n<li>Podejrzewasz ci\u0105\u017c\u0119<\/li>\n<\/ul>\n<p>Je\u015bli nie jeste\u015b pewna, czy Twoje objawy s\u0105 zwi\u0105zane z antykoncepcj\u0105 hormonaln\u0105, mo\u017cesz um\u00f3wi\u0107 si\u0119 na bezpieczn\u0105 konsultacj\u0119 wideo z licencjonowanym lekarzem za po\u015brednictwem Transtoyou w celu uzyskania spersonalizowanej porady. Je\u015bli objawy s\u0105 powa\u017cne lub nag\u0142e, natychmiast szukaj pomocy medycznej.<\/p>\n","protected":false},"excerpt":{"rendered":"<ul>\n<li>Maxim: Po\u0142\u0105czona pigu\u0142ka antykoncepcyjna, kt\u00f3ra zapobiega ci\u0105\u017cy i mo\u017ce pom\u00f3c w regulacji cyklu menstruacyjnego.<\/li>\n<li>Sk\u0142adnik aktywny: Etyniloestradiol (estrogen) i Dienogest (gestagen)<\/li>\n<li>Stosowany w celu: Antykoncepcji<\/li>\n<\/ul>\n","protected":false},"featured_media":1717,"comment_status":"open","ping_status":"closed","template":"","meta":[],"product_brand":[],"product_cat":[145,94],"product_tag":[],"expert":[18],"class_list":{"0":"post-1714","1":"product","2":"type-product","3":"status-publish","4":"has-post-thumbnail","6":"product_cat-dyskomfort-menstruacyjny","7":"product_cat-pigulka-laczona","8":"expert-dr-g-varbanov","10":"first","11":"instock","12":"shipping-taxable","13":"product-type-variable"},"yoast_head":"<!-- This site is optimized with the Yoast SEO plugin v27.0 - https:\/\/yoast.com\/product\/yoast-seo-wordpress\/ -->\n<title>Maxim | Tabletka antykoncepcyjna dla pewnej kontroli cyklu - Transtoyou<\/title>\n<meta name=\"description\" content=\"Maxim to doustna tabletka antykoncepcyjna, kt\u00f3ra zapobiega ci\u0105\u017cy i wspiera kontrol\u0119 cyklu. Kupuj teraz bezpiecznie w Transtoyou.\" \/>\n<meta name=\"robots\" content=\"noindex, follow, max-snippet:-1, max-image-preview:large, max-video-preview:-1\" \/>\n<meta property=\"og:locale\" content=\"pl_PL\" \/>\n<meta property=\"og:type\" content=\"article\" \/>\n<meta property=\"og:title\" content=\"Maxim | Tabletka antykoncepcyjna dla pewnej kontroli cyklu - Transtoyou\" \/>\n<meta property=\"og:description\" content=\"Maxim to doustna tabletka antykoncepcyjna, kt\u00f3ra zapobiega ci\u0105\u017cy i wspiera kontrol\u0119 cyklu. Kupuj teraz bezpiecznie w Transtoyou.\" \/>\n<meta property=\"og:url\" content=\"https:\/\/www.transtoyou.com\/pl\/product\/maxim\/\" \/>\n<meta property=\"og:site_name\" content=\"Transtoyou - PL\" \/>\n<meta property=\"article:modified_time\" content=\"2026-02-28T10:15:56+00:00\" \/>\n<meta name=\"twitter:card\" content=\"summary_large_image\" \/>\n<meta name=\"twitter:label1\" content=\"Szacowany czas czytania\" \/>\n\t<meta name=\"twitter:data1\" content=\"4 minuty\" \/>\n<script type=\"application\/ld+json\" class=\"yoast-schema-graph\">{\"@context\":\"https:\/\/schema.org\",\"@graph\":[{\"@type\":\"WebPage\",\"@id\":\"https:\/\/www.transtoyou.com\/pl\/product\/maxim\/\",\"url\":\"https:\/\/www.transtoyou.com\/pl\/product\/maxim\/\",\"name\":\"Maxim | Tabletka antykoncepcyjna dla pewnej kontroli cyklu - Transtoyou\",\"isPartOf\":{\"@id\":\"https:\/\/www.transtoyou.com\/pl\/#website\"},\"primaryImageOfPage\":{\"@id\":\"https:\/\/www.transtoyou.com\/pl\/product\/maxim\/#primaryimage\"},\"image\":{\"@id\":\"https:\/\/www.transtoyou.com\/pl\/product\/maxim\/#primaryimage\"},\"thumbnailUrl\":\"https:\/\/www.transtoyou.com\/pl\/wp-content\/uploads\/sites\/11\/2026\/02\/tty-no-product-image-13.webp\",\"datePublished\":\"2026-02-28T10:01:45+00:00\",\"dateModified\":\"2026-02-28T10:15:56+00:00\",\"description\":\"Maxim to doustna tabletka antykoncepcyjna, kt\u00f3ra zapobiega ci\u0105\u017cy i wspiera kontrol\u0119 cyklu. Kupuj teraz bezpiecznie w Transtoyou.\",\"breadcrumb\":{\"@id\":\"https:\/\/www.transtoyou.com\/pl\/product\/maxim\/#breadcrumb\"},\"inLanguage\":\"pl-PL\",\"potentialAction\":[{\"@type\":\"ReadAction\",\"target\":[\"https:\/\/www.transtoyou.com\/pl\/product\/maxim\/\"]}]},{\"@type\":\"ImageObject\",\"inLanguage\":\"pl-PL\",\"@id\":\"https:\/\/www.transtoyou.com\/pl\/product\/maxim\/#primaryimage\",\"url\":\"https:\/\/www.transtoyou.com\/pl\/wp-content\/uploads\/sites\/11\/2026\/02\/tty-no-product-image-13.webp\",\"contentUrl\":\"https:\/\/www.transtoyou.com\/pl\/wp-content\/uploads\/sites\/11\/2026\/02\/tty-no-product-image-13.webp\",\"width\":1000,\"height\":1000,\"caption\":\"Domy\u015blny obraz produktu\"},{\"@type\":\"WebSite\",\"@id\":\"https:\/\/www.transtoyou.com\/pl\/#website\",\"url\":\"https:\/\/www.transtoyou.com\/pl\/\",\"name\":\"Transtoyou - PL\",\"description\":\"\",\"publisher\":{\"@id\":\"https:\/\/www.transtoyou.com\/pl\/#organization\"},\"potentialAction\":[{\"@type\":\"SearchAction\",\"target\":{\"@type\":\"EntryPoint\",\"urlTemplate\":\"https:\/\/www.transtoyou.com\/pl\/?s={search_term_string}\"},\"query-input\":{\"@type\":\"PropertyValueSpecification\",\"valueRequired\":true,\"valueName\":\"search_term_string\"}}],\"inLanguage\":\"pl-PL\"},{\"@type\":\"Organization\",\"@id\":\"https:\/\/www.transtoyou.com\/pl\/#organization\",\"name\":\"Transtoyou - PL\",\"url\":\"https:\/\/www.transtoyou.com\/pl\/\",\"logo\":{\"@type\":\"ImageObject\",\"inLanguage\":\"pl-PL\",\"@id\":\"https:\/\/www.transtoyou.com\/pl\/#\/schema\/logo\/image\/\",\"url\":\"https:\/\/www.transtoyou.com\/pl\/wp-content\/uploads\/sites\/11\/2026\/01\/logo-tty-menu-bar-300x87-1.webp\",\"contentUrl\":\"https:\/\/www.transtoyou.com\/pl\/wp-content\/uploads\/sites\/11\/2026\/01\/logo-tty-menu-bar-300x87-1.webp\",\"width\":300,\"height\":87,\"caption\":\"Transtoyou - PL\"},\"image\":{\"@id\":\"https:\/\/www.transtoyou.com\/pl\/#\/schema\/logo\/image\/\"}}]}<\/script>\n<!-- \/ Yoast SEO plugin. -->","yoast_head_json":{"title":"Maxim | Tabletka antykoncepcyjna dla pewnej kontroli cyklu - Transtoyou","description":"Maxim to doustna tabletka antykoncepcyjna, kt\u00f3ra zapobiega ci\u0105\u017cy i wspiera kontrol\u0119 cyklu. Kupuj teraz bezpiecznie w Transtoyou.","robots":{"index":"noindex","follow":"follow","max-snippet":"max-snippet:-1","max-image-preview":"max-image-preview:large","max-video-preview":"max-video-preview:-1"},"og_locale":"pl_PL","og_type":"article","og_title":"Maxim | Tabletka antykoncepcyjna dla pewnej kontroli cyklu - Transtoyou","og_description":"Maxim to doustna tabletka antykoncepcyjna, kt\u00f3ra zapobiega ci\u0105\u017cy i wspiera kontrol\u0119 cyklu. Kupuj teraz bezpiecznie w Transtoyou.","og_url":"https:\/\/www.transtoyou.com\/pl\/product\/maxim\/","og_site_name":"Transtoyou - PL","article_modified_time":"2026-02-28T10:15:56+00:00","twitter_card":"summary_large_image","twitter_misc":{"Szacowany czas czytania":"4 minuty"},"schema":{"@context":"https:\/\/schema.org","@graph":[{"@type":"WebPage","@id":"https:\/\/www.transtoyou.com\/pl\/product\/maxim\/","url":"https:\/\/www.transtoyou.com\/pl\/product\/maxim\/","name":"Maxim | Tabletka antykoncepcyjna dla pewnej kontroli cyklu - Transtoyou","isPartOf":{"@id":"https:\/\/www.transtoyou.com\/pl\/#website"},"primaryImageOfPage":{"@id":"https:\/\/www.transtoyou.com\/pl\/product\/maxim\/#primaryimage"},"image":{"@id":"https:\/\/www.transtoyou.com\/pl\/product\/maxim\/#primaryimage"},"thumbnailUrl":"https:\/\/www.transtoyou.com\/pl\/wp-content\/uploads\/sites\/11\/2026\/02\/tty-no-product-image-13.webp","datePublished":"2026-02-28T10:01:45+00:00","dateModified":"2026-02-28T10:15:56+00:00","description":"Maxim to doustna tabletka antykoncepcyjna, kt\u00f3ra zapobiega ci\u0105\u017cy i wspiera kontrol\u0119 cyklu. Kupuj teraz bezpiecznie w Transtoyou.","breadcrumb":{"@id":"https:\/\/www.transtoyou.com\/pl\/product\/maxim\/#breadcrumb"},"inLanguage":"pl-PL","potentialAction":[{"@type":"ReadAction","target":["https:\/\/www.transtoyou.com\/pl\/product\/maxim\/"]}]},{"@type":"ImageObject","inLanguage":"pl-PL","@id":"https:\/\/www.transtoyou.com\/pl\/product\/maxim\/#primaryimage","url":"https:\/\/www.transtoyou.com\/pl\/wp-content\/uploads\/sites\/11\/2026\/02\/tty-no-product-image-13.webp","contentUrl":"https:\/\/www.transtoyou.com\/pl\/wp-content\/uploads\/sites\/11\/2026\/02\/tty-no-product-image-13.webp","width":1000,"height":1000,"caption":"Domy\u015blny obraz produktu"},{"@type":"WebSite","@id":"https:\/\/www.transtoyou.com\/pl\/#website","url":"https:\/\/www.transtoyou.com\/pl\/","name":"Transtoyou - PL","description":"","publisher":{"@id":"https:\/\/www.transtoyou.com\/pl\/#organization"},"potentialAction":[{"@type":"SearchAction","target":{"@type":"EntryPoint","urlTemplate":"https:\/\/www.transtoyou.com\/pl\/?s={search_term_string}"},"query-input":{"@type":"PropertyValueSpecification","valueRequired":true,"valueName":"search_term_string"}}],"inLanguage":"pl-PL"},{"@type":"Organization","@id":"https:\/\/www.transtoyou.com\/pl\/#organization","name":"Transtoyou - PL","url":"https:\/\/www.transtoyou.com\/pl\/","logo":{"@type":"ImageObject","inLanguage":"pl-PL","@id":"https:\/\/www.transtoyou.com\/pl\/#\/schema\/logo\/image\/","url":"https:\/\/www.transtoyou.com\/pl\/wp-content\/uploads\/sites\/11\/2026\/01\/logo-tty-menu-bar-300x87-1.webp","contentUrl":"https:\/\/www.transtoyou.com\/pl\/wp-content\/uploads\/sites\/11\/2026\/01\/logo-tty-menu-bar-300x87-1.webp","width":300,"height":87,"caption":"Transtoyou - PL"},"image":{"@id":"https:\/\/www.transtoyou.com\/pl\/#\/schema\/logo\/image\/"}}]}},"_links":{"self":[{"href":"https:\/\/www.transtoyou.com\/pl\/wp-json\/wp\/v2\/product\/1714","targetHints":{"allow":["GET"]}}],"collection":[{"href":"https:\/\/www.transtoyou.com\/pl\/wp-json\/wp\/v2\/product"}],"about":[{"href":"https:\/\/www.transtoyou.com\/pl\/wp-json\/wp\/v2\/types\/product"}],"replies":[{"embeddable":true,"href":"https:\/\/www.transtoyou.com\/pl\/wp-json\/wp\/v2\/comments?post=1714"}],"wp:featuredmedia":[{"embeddable":true,"href":"https:\/\/www.transtoyou.com\/pl\/wp-json\/wp\/v2\/media\/1717"}],"wp:attachment":[{"href":"https:\/\/www.transtoyou.com\/pl\/wp-json\/wp\/v2\/media?parent=1714"}],"wp:term":[{"taxonomy":"product_brand","embeddable":true,"href":"https:\/\/www.transtoyou.com\/pl\/wp-json\/wp\/v2\/product_brand?post=1714"},{"taxonomy":"product_cat","embeddable":true,"href":"https:\/\/www.transtoyou.com\/pl\/wp-json\/wp\/v2\/product_cat?post=1714"},{"taxonomy":"product_tag","embeddable":true,"href":"https:\/\/www.transtoyou.com\/pl\/wp-json\/wp\/v2\/product_tag?post=1714"},{"taxonomy":"expert","embeddable":true,"href":"https:\/\/www.transtoyou.com\/pl\/wp-json\/wp\/v2\/expert?post=1714"}],"curies":[{"name":"wp","href":"https:\/\/api.w.org\/{rel}","templated":true}]}}