{"id":1729,"date":"2026-02-28T13:57:43","date_gmt":"2026-02-28T11:57:43","guid":{"rendered":"https:\/\/www.transtoyou.com\/pl\/product\/oestrogel\/"},"modified":"2026-02-28T13:58:20","modified_gmt":"2026-02-28T11:58:20","slug":"oestrogel","status":"publish","type":"product","link":"https:\/\/www.transtoyou.com\/pl\/product\/oestrogel\/","title":{"rendered":"Oestrogel"},"content":{"rendered":"<p>Oestrogel to \u017cel transdermalny, kt\u00f3ry dostarcza estradiol przez sk\u00f3r\u0119, aby przywr\u00f3ci\u0107 poziom estrogen\u00f3w w organizmie. Jest stosowany w terapii zast\u0119pczej hormon\u00f3w dla os\u00f3b do\u015bwiadczaj\u0105cych objaw\u00f3w zwi\u0105zanych z menopauz\u0105 i mo\u017ce by\u0107 r\u00f3wnie\u017c u\u017cywany w kontek\u015bcie terapii hormonalnej dla kobiet transp\u0142ciowych.<\/p>\n<p>Podczas menopauzy spadek estrogen\u00f3w mo\u017ce prowadzi\u0107 do objaw\u00f3w takich jak uderzenia gor\u0105ca, nocne poty, problemy ze snem i sucho\u015b\u0107 pochwy. Oestrogel pomaga z\u0142agodzi\u0107 te objawy, uzupe\u0142niaj\u0105c poziom estradiolu przez sk\u00f3r\u0119, omijaj\u0105c uk\u0142ad pokarmowy i oferuj\u0105c nie doustn\u0105 opcj\u0119 leczenia. \u017bel zazwyczaj aplikuje si\u0119 raz dziennie na czyst\u0105, such\u0105 sk\u00f3r\u0119 na ramionach lub udach.<\/p>\n<p>W opiece afirmuj\u0105cej p\u0142e\u0107 Oestrogel zapewnia stopniowe i kontrolowane uwalnianie estradiolu, co wspiera zmiany fizyczne, takie jak rozw\u00f3j piersi, mi\u0119ksza sk\u00f3ra i redystrybucja tkanki t\u0142uszczowej u kobiet transp\u0142ciowych. Jego \u0142atwo\u015b\u0107 u\u017cycia i mo\u017cliwo\u015b\u0107 dostosowania dawkowania sprawiaj\u0105, \u017ce jest odpowiedni\u0105 opcj\u0105 dla tych, kt\u00f3rzy szukaj\u0105 elastyczno\u015bci w swoim re\u017cimie feminizacji.<\/p>\n<p>\u017bel szybko wysycha, nie pozostawia resztek i pozwala na dostosowanie dawkowania do indywidualnych potrzeb. Niezale\u017cnie od tego, czy jest stosowany w celu z\u0142agodzenia objaw\u00f3w menopauzy, czy jako cz\u0119\u015b\u0107 planu przej\u015bcia p\u0142ci, Oestrogel oferuje wygodn\u0105 i sp\u00f3jn\u0105 metod\u0119 dostarczania hormon\u00f3w, kt\u00f3ra \u0142atwo integruje si\u0119 w codzienne rutyny.<\/p>\n","protected":false},"excerpt":{"rendered":"<ul>\n<li>\u017bel estrogenowy transdermalny<\/li>\n<li>Stosowany w menopauzie i w trakcie przej\u015bcia<\/li>\n<li>Mo\u017cliwo\u015b\u0107 dostosowania dziennej dawki<\/li>\n<\/ul>\n","protected":false},"featured_media":1733,"comment_status":"open","ping_status":"closed","template":"","meta":[],"product_brand":[],"product_cat":[115,137],"product_tag":[],"expert":[16],"class_list":{"0":"post-1729","1":"product","2":"type-product","3":"status-publish","4":"has-post-thumbnail","6":"product_cat-estrogen-i-terapia-feminizujaca","7":"product_cat-terapia-zastepcza-hormonami-hrt","8":"expert-dr-c-alexandru","10":"first","11":"instock","12":"shipping-taxable","13":"product-type-variable"},"yoast_head":"<!-- This site is optimized with the Yoast SEO plugin v27.0 - https:\/\/yoast.com\/product\/yoast-seo-wordpress\/ -->\n<title>Oestrogel | Wsparcie r\u00f3wnowagi hormonalnej - Transtoyou<\/title>\n<meta name=\"description\" content=\"Odkryj Oestrogel w Transtoyou, oferuj\u0105cym ekskluzywny dost\u0119p do Twojej terapii hormonalnej. Zabezpiecz swoje zakupy ju\u017c dzi\u015b dla skutecznych rezultat\u00f3w i wygody.\" \/>\n<meta name=\"robots\" content=\"noindex, follow, max-snippet:-1, max-image-preview:large, max-video-preview:-1\" \/>\n<meta property=\"og:locale\" content=\"pl_PL\" \/>\n<meta property=\"og:type\" content=\"article\" \/>\n<meta property=\"og:title\" content=\"Oestrogel | Wsparcie r\u00f3wnowagi hormonalnej - Transtoyou\" \/>\n<meta property=\"og:description\" content=\"Odkryj Oestrogel w Transtoyou, oferuj\u0105cym ekskluzywny dost\u0119p do Twojej terapii hormonalnej. Zabezpiecz swoje zakupy ju\u017c dzi\u015b dla skutecznych rezultat\u00f3w i wygody.\" \/>\n<meta property=\"og:url\" content=\"https:\/\/www.transtoyou.com\/pl\/product\/oestrogel\/\" \/>\n<meta property=\"og:site_name\" content=\"Transtoyou - PL\" \/>\n<meta property=\"article:modified_time\" content=\"2026-02-28T11:58:20+00:00\" \/>\n<meta name=\"twitter:card\" content=\"summary_large_image\" \/>\n<meta name=\"twitter:label1\" content=\"Szacowany czas czytania\" \/>\n\t<meta name=\"twitter:data1\" content=\"1 minuta\" \/>\n<script type=\"application\/ld+json\" class=\"yoast-schema-graph\">{\"@context\":\"https:\/\/schema.org\",\"@graph\":[{\"@type\":\"WebPage\",\"@id\":\"https:\/\/www.transtoyou.com\/pl\/product\/oestrogel\/\",\"url\":\"https:\/\/www.transtoyou.com\/pl\/product\/oestrogel\/\",\"name\":\"Oestrogel | Wsparcie r\u00f3wnowagi hormonalnej - Transtoyou\",\"isPartOf\":{\"@id\":\"https:\/\/www.transtoyou.com\/pl\/#website\"},\"primaryImageOfPage\":{\"@id\":\"https:\/\/www.transtoyou.com\/pl\/product\/oestrogel\/#primaryimage\"},\"image\":{\"@id\":\"https:\/\/www.transtoyou.com\/pl\/product\/oestrogel\/#primaryimage\"},\"thumbnailUrl\":\"https:\/\/www.transtoyou.com\/pl\/wp-content\/uploads\/sites\/11\/2026\/02\/tty-no-product-image-15.webp\",\"datePublished\":\"2026-02-28T11:57:43+00:00\",\"dateModified\":\"2026-02-28T11:58:20+00:00\",\"description\":\"Odkryj Oestrogel w Transtoyou, oferuj\u0105cym ekskluzywny dost\u0119p do Twojej terapii hormonalnej. Zabezpiecz swoje zakupy ju\u017c dzi\u015b dla skutecznych rezultat\u00f3w i wygody.\",\"breadcrumb\":{\"@id\":\"https:\/\/www.transtoyou.com\/pl\/product\/oestrogel\/#breadcrumb\"},\"inLanguage\":\"pl-PL\",\"potentialAction\":[{\"@type\":\"ReadAction\",\"target\":[\"https:\/\/www.transtoyou.com\/pl\/product\/oestrogel\/\"]}]},{\"@type\":\"ImageObject\",\"inLanguage\":\"pl-PL\",\"@id\":\"https:\/\/www.transtoyou.com\/pl\/product\/oestrogel\/#primaryimage\",\"url\":\"https:\/\/www.transtoyou.com\/pl\/wp-content\/uploads\/sites\/11\/2026\/02\/tty-no-product-image-15.webp\",\"contentUrl\":\"https:\/\/www.transtoyou.com\/pl\/wp-content\/uploads\/sites\/11\/2026\/02\/tty-no-product-image-15.webp\",\"width\":1000,\"height\":1000,\"caption\":\"Domy\u015blny obraz produktu\"},{\"@type\":\"WebSite\",\"@id\":\"https:\/\/www.transtoyou.com\/pl\/#website\",\"url\":\"https:\/\/www.transtoyou.com\/pl\/\",\"name\":\"Transtoyou - PL\",\"description\":\"\",\"publisher\":{\"@id\":\"https:\/\/www.transtoyou.com\/pl\/#organization\"},\"potentialAction\":[{\"@type\":\"SearchAction\",\"target\":{\"@type\":\"EntryPoint\",\"urlTemplate\":\"https:\/\/www.transtoyou.com\/pl\/?s={search_term_string}\"},\"query-input\":{\"@type\":\"PropertyValueSpecification\",\"valueRequired\":true,\"valueName\":\"search_term_string\"}}],\"inLanguage\":\"pl-PL\"},{\"@type\":\"Organization\",\"@id\":\"https:\/\/www.transtoyou.com\/pl\/#organization\",\"name\":\"Transtoyou - PL\",\"url\":\"https:\/\/www.transtoyou.com\/pl\/\",\"logo\":{\"@type\":\"ImageObject\",\"inLanguage\":\"pl-PL\",\"@id\":\"https:\/\/www.transtoyou.com\/pl\/#\/schema\/logo\/image\/\",\"url\":\"https:\/\/www.transtoyou.com\/pl\/wp-content\/uploads\/sites\/11\/2026\/01\/logo-tty-menu-bar-300x87-1.webp\",\"contentUrl\":\"https:\/\/www.transtoyou.com\/pl\/wp-content\/uploads\/sites\/11\/2026\/01\/logo-tty-menu-bar-300x87-1.webp\",\"width\":300,\"height\":87,\"caption\":\"Transtoyou - PL\"},\"image\":{\"@id\":\"https:\/\/www.transtoyou.com\/pl\/#\/schema\/logo\/image\/\"}}]}<\/script>\n<!-- \/ Yoast SEO plugin. -->","yoast_head_json":{"title":"Oestrogel | Wsparcie r\u00f3wnowagi hormonalnej - Transtoyou","description":"Odkryj Oestrogel w Transtoyou, oferuj\u0105cym ekskluzywny dost\u0119p do Twojej terapii hormonalnej. Zabezpiecz swoje zakupy ju\u017c dzi\u015b dla skutecznych rezultat\u00f3w i wygody.","robots":{"index":"noindex","follow":"follow","max-snippet":"max-snippet:-1","max-image-preview":"max-image-preview:large","max-video-preview":"max-video-preview:-1"},"og_locale":"pl_PL","og_type":"article","og_title":"Oestrogel | Wsparcie r\u00f3wnowagi hormonalnej - Transtoyou","og_description":"Odkryj Oestrogel w Transtoyou, oferuj\u0105cym ekskluzywny dost\u0119p do Twojej terapii hormonalnej. Zabezpiecz swoje zakupy ju\u017c dzi\u015b dla skutecznych rezultat\u00f3w i wygody.","og_url":"https:\/\/www.transtoyou.com\/pl\/product\/oestrogel\/","og_site_name":"Transtoyou - PL","article_modified_time":"2026-02-28T11:58:20+00:00","twitter_card":"summary_large_image","twitter_misc":{"Szacowany czas czytania":"1 minuta"},"schema":{"@context":"https:\/\/schema.org","@graph":[{"@type":"WebPage","@id":"https:\/\/www.transtoyou.com\/pl\/product\/oestrogel\/","url":"https:\/\/www.transtoyou.com\/pl\/product\/oestrogel\/","name":"Oestrogel | Wsparcie r\u00f3wnowagi hormonalnej - Transtoyou","isPartOf":{"@id":"https:\/\/www.transtoyou.com\/pl\/#website"},"primaryImageOfPage":{"@id":"https:\/\/www.transtoyou.com\/pl\/product\/oestrogel\/#primaryimage"},"image":{"@id":"https:\/\/www.transtoyou.com\/pl\/product\/oestrogel\/#primaryimage"},"thumbnailUrl":"https:\/\/www.transtoyou.com\/pl\/wp-content\/uploads\/sites\/11\/2026\/02\/tty-no-product-image-15.webp","datePublished":"2026-02-28T11:57:43+00:00","dateModified":"2026-02-28T11:58:20+00:00","description":"Odkryj Oestrogel w Transtoyou, oferuj\u0105cym ekskluzywny dost\u0119p do Twojej terapii hormonalnej. Zabezpiecz swoje zakupy ju\u017c dzi\u015b dla skutecznych rezultat\u00f3w i wygody.","breadcrumb":{"@id":"https:\/\/www.transtoyou.com\/pl\/product\/oestrogel\/#breadcrumb"},"inLanguage":"pl-PL","potentialAction":[{"@type":"ReadAction","target":["https:\/\/www.transtoyou.com\/pl\/product\/oestrogel\/"]}]},{"@type":"ImageObject","inLanguage":"pl-PL","@id":"https:\/\/www.transtoyou.com\/pl\/product\/oestrogel\/#primaryimage","url":"https:\/\/www.transtoyou.com\/pl\/wp-content\/uploads\/sites\/11\/2026\/02\/tty-no-product-image-15.webp","contentUrl":"https:\/\/www.transtoyou.com\/pl\/wp-content\/uploads\/sites\/11\/2026\/02\/tty-no-product-image-15.webp","width":1000,"height":1000,"caption":"Domy\u015blny obraz produktu"},{"@type":"WebSite","@id":"https:\/\/www.transtoyou.com\/pl\/#website","url":"https:\/\/www.transtoyou.com\/pl\/","name":"Transtoyou - PL","description":"","publisher":{"@id":"https:\/\/www.transtoyou.com\/pl\/#organization"},"potentialAction":[{"@type":"SearchAction","target":{"@type":"EntryPoint","urlTemplate":"https:\/\/www.transtoyou.com\/pl\/?s={search_term_string}"},"query-input":{"@type":"PropertyValueSpecification","valueRequired":true,"valueName":"search_term_string"}}],"inLanguage":"pl-PL"},{"@type":"Organization","@id":"https:\/\/www.transtoyou.com\/pl\/#organization","name":"Transtoyou - PL","url":"https:\/\/www.transtoyou.com\/pl\/","logo":{"@type":"ImageObject","inLanguage":"pl-PL","@id":"https:\/\/www.transtoyou.com\/pl\/#\/schema\/logo\/image\/","url":"https:\/\/www.transtoyou.com\/pl\/wp-content\/uploads\/sites\/11\/2026\/01\/logo-tty-menu-bar-300x87-1.webp","contentUrl":"https:\/\/www.transtoyou.com\/pl\/wp-content\/uploads\/sites\/11\/2026\/01\/logo-tty-menu-bar-300x87-1.webp","width":300,"height":87,"caption":"Transtoyou - PL"},"image":{"@id":"https:\/\/www.transtoyou.com\/pl\/#\/schema\/logo\/image\/"}}]}},"_links":{"self":[{"href":"https:\/\/www.transtoyou.com\/pl\/wp-json\/wp\/v2\/product\/1729","targetHints":{"allow":["GET"]}}],"collection":[{"href":"https:\/\/www.transtoyou.com\/pl\/wp-json\/wp\/v2\/product"}],"about":[{"href":"https:\/\/www.transtoyou.com\/pl\/wp-json\/wp\/v2\/types\/product"}],"replies":[{"embeddable":true,"href":"https:\/\/www.transtoyou.com\/pl\/wp-json\/wp\/v2\/comments?post=1729"}],"wp:featuredmedia":[{"embeddable":true,"href":"https:\/\/www.transtoyou.com\/pl\/wp-json\/wp\/v2\/media\/1733"}],"wp:attachment":[{"href":"https:\/\/www.transtoyou.com\/pl\/wp-json\/wp\/v2\/media?parent=1729"}],"wp:term":[{"taxonomy":"product_brand","embeddable":true,"href":"https:\/\/www.transtoyou.com\/pl\/wp-json\/wp\/v2\/product_brand?post=1729"},{"taxonomy":"product_cat","embeddable":true,"href":"https:\/\/www.transtoyou.com\/pl\/wp-json\/wp\/v2\/product_cat?post=1729"},{"taxonomy":"product_tag","embeddable":true,"href":"https:\/\/www.transtoyou.com\/pl\/wp-json\/wp\/v2\/product_tag?post=1729"},{"taxonomy":"expert","embeddable":true,"href":"https:\/\/www.transtoyou.com\/pl\/wp-json\/wp\/v2\/expert?post=1729"}],"curies":[{"name":"wp","href":"https:\/\/api.w.org\/{rel}","templated":true}]}}