{"id":1775,"date":"2026-03-01T13:16:53","date_gmt":"2026-03-01T11:16:53","guid":{"rendered":"https:\/\/www.transtoyou.com\/pl\/product\/pentasa\/"},"modified":"2026-03-01T13:18:43","modified_gmt":"2026-03-01T11:18:43","slug":"pentasa","status":"publish","type":"product","link":"https:\/\/www.transtoyou.com\/pl\/product\/pentasa\/","title":{"rendered":"Pentasa"},"content":{"rendered":"<h2>Co to jest Pentasa?<\/h2>\n<p>Pentasa to lek na recept\u0119 stosowany w leczeniu zapalnych chor\u00f3b jelit (IBD), w tym wrzodziej\u0105cego zapalenia jelita grubego oraz niekt\u00f3rych form choroby Crohna.<\/p>\n<p>Zawiera substancj\u0119 czynn\u0105 mesalazyn\u0119, lek przeciwzapalny, kt\u00f3ry dzia\u0142a bezpo\u015brednio w jelicie. W przeciwie\u0144stwie do og\u00f3lnych \u015brodk\u00f3w przeciwb\u00f3lowych, Pentasa celuje w stan zapalny wewn\u0105trz b\u0142ony jelitowej.<\/p>\n<p>Zapalenie jelit to przewlek\u0142a choroba, w kt\u00f3rej uk\u0142ad odporno\u015bciowy omy\u0142kowo atakuje przew\u00f3d pokarmowy. Powoduje to obrz\u0119k, podra\u017cnienie i owrzodzenia (ma\u0142e rany) wewn\u0105trz jelita.<\/p>\n<p>Pentasa pomaga zmniejszy\u0107 to zapalenie i mo\u017ce zar\u00f3wno:<\/p>\n<ul>\n<li>Leczy\u0107 aktywne zaostrzenia<\/li>\n<li>Pomaga\u0107 w kontrolowaniu choroby (terapia podtrzymuj\u0105ca)<\/li>\n<\/ul>\n<p>Pentasa jest dost\u0119pna w r\u00f3\u017cnych formach, w tym tabletek o przed\u0142u\u017conym uwalnianiu, granulatu i czopk\u00f3w, w zale\u017cno\u015bci od tego, kt\u00f3ra cz\u0119\u015b\u0107 jelita wymaga leczenia.<\/p>\n<h2>Do czego jest stosowana?<\/h2>\n<p>Pentasa jest stosowana w leczeniu:<\/p>\n<ul>\n<li>Wrzodziej\u0105cego zapalenia jelita grubego<\/li>\n<li>\u0141agodnej do umiarkowanej choroby Crohna dotycz\u0105cej jelita grubego<\/li>\n<\/ul>\n<h2>Wrzodziej\u0105ce zapalenie jelita grubego<\/h2>\n<p>Wrzodziej\u0105ce zapalenie jelita grubego dotyczy jelita grubego (okreznicy) i odbytnicy. Powoduje zapalenie i owrzodzenia w b\u0142onie jelitowej. Objawy mog\u0105 obejmowa\u0107:<\/p>\n<ul>\n<li>Biegunka, cz\u0119sto z krwi\u0105 lub \u015bluzem<\/li>\n<li>B\u00f3l brzucha<\/li>\n<li>Potrzeb\u0119 nag\u0142ego wypr\u00f3\u017cnienia<\/li>\n<li>Zm\u0119czenie<\/li>\n<\/ul>\n<h2>Choroba Crohna<\/h2>\n<p>Choroba Crohna mo\u017ce dotyczy\u0107 ka\u017cdej cz\u0119\u015bci przewodu pokarmowego, ale czasami obejmuje jelito grube. Powoduje zapalenie, kt\u00f3re mo\u017ce si\u0119ga\u0107 g\u0142\u0119biej w \u015bcian\u0119 jelita.<\/p>\n<p>Pentasa jest szczeg\u00f3lnie skuteczna, gdy zapalenie znajduje si\u0119 w jelicie grubym lub dolnej cz\u0119\u015bci jelita cienkiego.<\/p>\n<p>Pentasa mo\u017ce by\u0107 stosowana:<\/p>\n<ul>\n<li>Podczas zaostrze\u0144 w celu zmniejszenia objaw\u00f3w<\/li>\n<li>Na d\u0142u\u017csz\u0105 met\u0119 w celu zmniejszenia ryzyka nawrotu<\/li>\n<\/ul>\n<h2>Jak dzia\u0142a produkt?<\/h2>\n<p>Pentasa zawiera mesalazyn\u0119, kt\u00f3ra dzia\u0142a bezpo\u015brednio na b\u0142on\u0119 jelita.<\/p>\n<p>W przypadku zapalnych chor\u00f3b jelit, uk\u0142ad odporno\u015bciowy wywo\u0142uje ci\u0105g\u0142e zapalenie w jelitach. Prowadzi to do obrz\u0119ku, uszkodzenia tkanki i objaw\u00f3w takich jak krwawienie i <a href=\"\/pl\/treatment\/diarrhoea\">biegunka<\/a>.<\/p>\n<p>Mesalazyna dzia\u0142a poprzez:<\/p>\n<ul>\n<li>Zmniejszenie zapalenia w b\u0142onie jelitowej<\/li>\n<li>Blokowanie substancji wywo\u0142uj\u0105cych reakcje zapalne<\/li>\n<li>Pomoc w gojeniu b\u0142ony jelitowej<\/li>\n<\/ul>\n<p>Pentasa jest zaprojektowana jako formulacja o przed\u0142u\u017conym uwalnianiu, co oznacza, \u017ce powoli uwalnia lek w ca\u0142ym jelicie. Dzi\u0119ki temu dzia\u0142a dok\u0142adnie tam, gdzie wyst\u0119puje zapalenie.<\/p>\n<p>Poniewa\u017c dzia\u0142a lokalnie w jelicie, zazwyczaj ma mniej og\u00f3lnoustrojowych skutk\u00f3w ubocznych w por\u00f3wnaniu do og\u00f3lnoustrojowych lek\u00f3w przeciwzapalnych.<\/p>\n<h2>Kto nie powinien stosowa\u0107 produktu?<\/h2>\n<p>Nie powiniene\u015b stosowa\u0107 Pentasy, je\u015bli:<\/p>\n<ul>\n<li>Masz alergi\u0119 na mesalazyn\u0119 lub salicylany (takie jak aspiryna)<\/li>\n<li>Masz ci\u0119\u017ckie uszkodzenie nerek<\/li>\n<li>Masz ci\u0119\u017ckie uszkodzenie w\u0105troby<\/li>\n<li>Masz histori\u0119 powa\u017cnych reakcji na mesalazyn\u0119<\/li>\n<\/ul>\n<p>Pentasa mo\u017ce nie by\u0107 odpowiednia, je\u015bli masz \u0142agodne do umiarkowanego problemy z nerkami lub w\u0105trob\u0105. Mo\u017ce by\u0107 konieczne regularne monitorowanie.<\/p>\n<p>Zawsze informuj swojego lekarza o swojej pe\u0142nej historii medycznej przed rozpocz\u0119ciem leczenia.<\/p>\n<h3>Ci\u0105\u017ca i karmienie piersi\u0105<\/h3>\n<p>Pentasa jest czasami stosowana w czasie ci\u0105\u017cy, je\u015bli jest to wyra\u017anie konieczne, poniewa\u017c niekontrolowane zapalne choroby jelit mog\u0105 r\u00f3wnie\u017c stwarza\u0107 zagro\u017cenia. Jednak zawsze powiniene\u015b skonsultowa\u0107 si\u0119 z lekarzem przed u\u017cyciem Pentasy, je\u015bli jeste\u015b w ci\u0105\u017cy lub planujesz ci\u0105\u017c\u0119.<\/p>\n<p>Ma\u0142e ilo\u015bci mesalazyny mog\u0105 przechodzi\u0107 do mleka matki. Je\u015bli karmisz piersi\u0105, om\u00f3w ryzyko i korzy\u015bci z lekarzem.<\/p>\n<h2>Jak stosowa\u0107 i dawkowanie<\/h2>\n<p>Zawsze stosuj Pentas\u0119 dok\u0142adnie zgodnie z zaleceniami.<\/p>\n<p>Dawkowanie zale\u017cy od:<\/p>\n<ul>\n<li>Czy leczysz zaostrzenie, czy utrzymujesz remisj\u0119<\/li>\n<li>Ci\u0119\u017cko\u015bci twojego stanu<\/li>\n<li>Specyficznej formulacji przepisanej<\/li>\n<\/ul>\n<p>Tabletki lub granulat Pentasy zazwyczaj przyjmuje si\u0119:<\/p>\n<ul>\n<li>Raz lub kilka razy dziennie<\/li>\n<li>Z wod\u0105<\/li>\n<li>Po\u0142yka\u0107 w ca\u0142o\u015bci (nie kruszy\u0107 tabletek o przed\u0142u\u017conym uwalnianiu, chyba \u017ce zalecane)<\/li>\n<\/ul>\n<p>Je\u015bli u\u017cywasz czopk\u00f3w lub formulacji doodbytniczych, wprowadza si\u0119 je do odbytnicy zgodnie z zaleceniami.<\/p>\n<p>Aby uzyska\u0107 najlepsze wyniki, stosuj Pentas\u0119 regularnie, nawet je\u015bli zaczynasz czu\u0107 si\u0119 lepiej. Wcze\u015bniejsze przerwanie leczenia mo\u017ce zwi\u0119kszy\u0107 ryzyko nawrotu.<\/p>\n<h2>Mo\u017cliwe skutki uboczne<\/h2>\n<p>Jak wszystkie leki, Pentasa mo\u017ce powodowa\u0107 skutki uboczne, chocia\u017c nie ka\u017cdy ich do\u015bwiadcza.<\/p>\n<p>Do powszechnych skutk\u00f3w ubocznych nale\u017c\u0105:<\/p>\n<ul>\n<li>B\u00f3l g\u0142owy<\/li>\n<li>Nudno\u015bci<\/li>\n<li>B\u00f3l brzucha<\/li>\n<li>Biegunka<\/li>\n<li>Wysypka<\/li>\n<\/ul>\n<p>Mniej powszechne, ale powa\u017cniejsze skutki uboczne mog\u0105 obejmowa\u0107:<\/p>\n<ul>\n<li>Problemy z nerkami<\/li>\n<li>Problemy z w\u0105trob\u0105<\/li>\n<li>Powa\u017cne reakcje alergiczne<\/li>\n<li>Zaburzenia krwi<\/li>\n<\/ul>\n<p>Rzadko Pentasa mo\u017ce powodowa\u0107 nasilenie b\u00f3lu brzucha lub powa\u017cne reakcje nietolerancji. Je\u015bli objawy nagle si\u0119 pogorsz\u0105 po rozpocz\u0119ciu leczenia, skontaktuj si\u0119 z lekarzem.<\/p>\n<p>Regularne badania krwi i moczu mog\u0105 by\u0107 zalecane w celu monitorowania funkcji nerek i w\u0105troby podczas d\u0142ugoterminowego leczenia.<\/p>\n<h2>Wa\u017cne informacje dotycz\u0105ce bezpiecze\u0144stwa<\/h2>\n<p>Przed rozpocz\u0119ciem stosowania Pentasy, poinformuj swojego lekarza, je\u015bli:<\/p>\n<ul>\n<li>Masz problemy z nerkami<\/li>\n<li>Masz chorob\u0119 w\u0105troby<\/li>\n<li>Masz chorob\u0119 p\u0142uc (tak\u0105 jak astma)<\/li>\n<li>Reagowa\u0142e\u015b wcze\u015bniej na sulfasalazyn\u0119<\/li>\n<li>Stosujesz inne leki przeciwzapalne<\/li>\n<\/ul>\n<p>Pentasa dzia\u0142a najlepiej jako cz\u0119\u015b\u0107 d\u0142ugoterminowego planu leczenia. Nawet je\u015bli objawy si\u0119 poprawiaj\u0105, mo\u017ce by\u0107 konieczna terapia podtrzymuj\u0105ca, aby zapobiec przysz\u0142ym zaostrzeniom.<\/p>\n<p>Nie przerywaj leczenia bez porady medycznej, poniewa\u017c mo\u017ce to zwi\u0119kszy\u0107 ryzyko nawrotu.<\/p>\n<h2>Kiedy szuka\u0107 pomocy medycznej<\/h2>\n<p>Natychmiast skontaktuj si\u0119 z lekarzem, je\u015bli do\u015bwiadczasz:<\/p>\n<ul>\n<li>Powa\u017cnego b\u00f3lu brzucha<\/li>\n<li>Wysokiej gor\u0105czki<\/li>\n<li>\u017b\u00f3\u0142kni\u0119cia sk\u00f3ry lub oczu<\/li>\n<li>Nieuzasadnionych siniak\u00f3w lub krwawienia<\/li>\n<li>Powa\u017cnej wysypki lub reakcji alergicznej<\/li>\n<li>Zmniejszonej ilo\u015bci moczu<\/li>\n<\/ul>\n<p>Skontaktuj si\u0119 z lekarzem, je\u015bli:<\/p>\n<ul>\n<li>Twoje objawy si\u0119 pogarszaj\u0105<\/li>\n<li>Zauwa\u017casz wzrost krwi w stolcu<\/li>\n<li>Rozwijasz uporczywe skutki uboczne<\/li>\n<li>Podejrzewasz zaostrzenie<\/li>\n<\/ul>\n<p>Je\u015bli nie jeste\u015b pewien, czy twoje objawy s\u0105 zwi\u0105zane z zapalnymi chorobami jelit lub twoim lekiem, mo\u017cesz um\u00f3wi\u0107 si\u0119 na bezpieczn\u0105 konsultacj\u0119 wideo z licencjonowanym lekarzem za po\u015brednictwem Transtoyou w celu uzyskania spersonalizowanej porady. Je\u015bli objawy s\u0105 powa\u017cne lub nag\u0142e, natychmiast skontaktuj si\u0119 z pomoc\u0105 medyczn\u0105.<\/p>\n","protected":false},"excerpt":{"rendered":"<ul>\n<li>Pentasa: Leczenie przeciwzapalne, kt\u00f3re pomaga kontrolowa\u0107 wrzodziej\u0105ce zapalenie jelita grubego i chorob\u0119 Le\u015bniowskiego-Crohna.<\/li>\n<li>Sk\u0142adnik aktywny: Mesalazyna (znana r\u00f3wnie\u017c jako mesalamina)<\/li>\n<li>Stosowane w: Leczeniu i utrzymaniu wrzodziej\u0105cego zapalenia jelita grubego oraz \u0142agodnej do umiarkowanej choroby Le\u015bniowskiego-Crohna wp\u0142ywaj\u0105cej na jelito grube.<\/li>\n<\/ul>\n","protected":false},"featured_media":1777,"comment_status":"open","ping_status":"closed","template":"","meta":[],"product_brand":[],"product_cat":[106,70],"product_tag":[],"expert":[16],"class_list":{"0":"post-1775","1":"product","2":"type-product","3":"status-publish","4":"has-post-thumbnail","6":"product_cat-biegunka","7":"product_cat-bol-brzucha","8":"expert-dr-c-alexandru","10":"first","11":"instock","12":"shipping-taxable","13":"product-type-variable"},"yoast_head":"<!-- This site is optimized with the Yoast SEO plugin v27.0 - https:\/\/yoast.com\/product\/yoast-seo-wordpress\/ -->\n<title>Pentasa | Leczenie IBD z wsparciem mesalazyny - Transtoyou<\/title>\n<meta name=\"description\" content=\"Pentasa od Transtoyou, recepta na leczenie IBD z mesalazyn\u0105 w wrzodziej\u0105cym zapaleniu jelita grubego i chorobie Le\u015bniowskiego-Crohna. Sprawd\u017a wi\u0119cej!\" \/>\n<meta name=\"robots\" content=\"noindex, follow, max-snippet:-1, max-image-preview:large, max-video-preview:-1\" \/>\n<meta property=\"og:locale\" content=\"pl_PL\" \/>\n<meta property=\"og:type\" content=\"article\" \/>\n<meta property=\"og:title\" content=\"Pentasa | Leczenie IBD z wsparciem mesalazyny - Transtoyou\" \/>\n<meta property=\"og:description\" content=\"Pentasa od Transtoyou, recepta na leczenie IBD z mesalazyn\u0105 w wrzodziej\u0105cym zapaleniu jelita grubego i chorobie Le\u015bniowskiego-Crohna. Sprawd\u017a wi\u0119cej!\" \/>\n<meta property=\"og:url\" content=\"https:\/\/www.transtoyou.com\/pl\/product\/pentasa\/\" \/>\n<meta property=\"og:site_name\" content=\"Transtoyou - PL\" \/>\n<meta property=\"article:modified_time\" content=\"2026-03-01T11:18:43+00:00\" \/>\n<meta name=\"twitter:card\" content=\"summary_large_image\" \/>\n<meta name=\"twitter:label1\" content=\"Szacowany czas czytania\" \/>\n\t<meta name=\"twitter:data1\" content=\"5 minut\" \/>\n<script type=\"application\/ld+json\" class=\"yoast-schema-graph\">{\"@context\":\"https:\/\/schema.org\",\"@graph\":[{\"@type\":\"WebPage\",\"@id\":\"https:\/\/www.transtoyou.com\/pl\/product\/pentasa\/\",\"url\":\"https:\/\/www.transtoyou.com\/pl\/product\/pentasa\/\",\"name\":\"Pentasa | Leczenie IBD z wsparciem mesalazyny - Transtoyou\",\"isPartOf\":{\"@id\":\"https:\/\/www.transtoyou.com\/pl\/#website\"},\"primaryImageOfPage\":{\"@id\":\"https:\/\/www.transtoyou.com\/pl\/product\/pentasa\/#primaryimage\"},\"image\":{\"@id\":\"https:\/\/www.transtoyou.com\/pl\/product\/pentasa\/#primaryimage\"},\"thumbnailUrl\":\"https:\/\/www.transtoyou.com\/pl\/wp-content\/uploads\/sites\/11\/2026\/03\/tty-no-product-image-1.webp\",\"datePublished\":\"2026-03-01T11:16:53+00:00\",\"dateModified\":\"2026-03-01T11:18:43+00:00\",\"description\":\"Pentasa od Transtoyou, recepta na leczenie IBD z mesalazyn\u0105 w wrzodziej\u0105cym zapaleniu jelita grubego i chorobie Le\u015bniowskiego-Crohna. Sprawd\u017a wi\u0119cej!\",\"breadcrumb\":{\"@id\":\"https:\/\/www.transtoyou.com\/pl\/product\/pentasa\/#breadcrumb\"},\"inLanguage\":\"pl-PL\",\"potentialAction\":[{\"@type\":\"ReadAction\",\"target\":[\"https:\/\/www.transtoyou.com\/pl\/product\/pentasa\/\"]}]},{\"@type\":\"ImageObject\",\"inLanguage\":\"pl-PL\",\"@id\":\"https:\/\/www.transtoyou.com\/pl\/product\/pentasa\/#primaryimage\",\"url\":\"https:\/\/www.transtoyou.com\/pl\/wp-content\/uploads\/sites\/11\/2026\/03\/tty-no-product-image-1.webp\",\"contentUrl\":\"https:\/\/www.transtoyou.com\/pl\/wp-content\/uploads\/sites\/11\/2026\/03\/tty-no-product-image-1.webp\",\"width\":1000,\"height\":1000,\"caption\":\"Domy\u015blny obraz produktu\"},{\"@type\":\"WebSite\",\"@id\":\"https:\/\/www.transtoyou.com\/pl\/#website\",\"url\":\"https:\/\/www.transtoyou.com\/pl\/\",\"name\":\"Transtoyou - PL\",\"description\":\"\",\"publisher\":{\"@id\":\"https:\/\/www.transtoyou.com\/pl\/#organization\"},\"potentialAction\":[{\"@type\":\"SearchAction\",\"target\":{\"@type\":\"EntryPoint\",\"urlTemplate\":\"https:\/\/www.transtoyou.com\/pl\/?s={search_term_string}\"},\"query-input\":{\"@type\":\"PropertyValueSpecification\",\"valueRequired\":true,\"valueName\":\"search_term_string\"}}],\"inLanguage\":\"pl-PL\"},{\"@type\":\"Organization\",\"@id\":\"https:\/\/www.transtoyou.com\/pl\/#organization\",\"name\":\"Transtoyou - PL\",\"url\":\"https:\/\/www.transtoyou.com\/pl\/\",\"logo\":{\"@type\":\"ImageObject\",\"inLanguage\":\"pl-PL\",\"@id\":\"https:\/\/www.transtoyou.com\/pl\/#\/schema\/logo\/image\/\",\"url\":\"https:\/\/www.transtoyou.com\/pl\/wp-content\/uploads\/sites\/11\/2026\/01\/logo-tty-menu-bar-300x87-1.webp\",\"contentUrl\":\"https:\/\/www.transtoyou.com\/pl\/wp-content\/uploads\/sites\/11\/2026\/01\/logo-tty-menu-bar-300x87-1.webp\",\"width\":300,\"height\":87,\"caption\":\"Transtoyou - PL\"},\"image\":{\"@id\":\"https:\/\/www.transtoyou.com\/pl\/#\/schema\/logo\/image\/\"}}]}<\/script>\n<!-- \/ Yoast SEO plugin. -->","yoast_head_json":{"title":"Pentasa | Leczenie IBD z wsparciem mesalazyny - Transtoyou","description":"Pentasa od Transtoyou, recepta na leczenie IBD z mesalazyn\u0105 w wrzodziej\u0105cym zapaleniu jelita grubego i chorobie Le\u015bniowskiego-Crohna. Sprawd\u017a wi\u0119cej!","robots":{"index":"noindex","follow":"follow","max-snippet":"max-snippet:-1","max-image-preview":"max-image-preview:large","max-video-preview":"max-video-preview:-1"},"og_locale":"pl_PL","og_type":"article","og_title":"Pentasa | Leczenie IBD z wsparciem mesalazyny - Transtoyou","og_description":"Pentasa od Transtoyou, recepta na leczenie IBD z mesalazyn\u0105 w wrzodziej\u0105cym zapaleniu jelita grubego i chorobie Le\u015bniowskiego-Crohna. Sprawd\u017a wi\u0119cej!","og_url":"https:\/\/www.transtoyou.com\/pl\/product\/pentasa\/","og_site_name":"Transtoyou - PL","article_modified_time":"2026-03-01T11:18:43+00:00","twitter_card":"summary_large_image","twitter_misc":{"Szacowany czas czytania":"5 minut"},"schema":{"@context":"https:\/\/schema.org","@graph":[{"@type":"WebPage","@id":"https:\/\/www.transtoyou.com\/pl\/product\/pentasa\/","url":"https:\/\/www.transtoyou.com\/pl\/product\/pentasa\/","name":"Pentasa | Leczenie IBD z wsparciem mesalazyny - Transtoyou","isPartOf":{"@id":"https:\/\/www.transtoyou.com\/pl\/#website"},"primaryImageOfPage":{"@id":"https:\/\/www.transtoyou.com\/pl\/product\/pentasa\/#primaryimage"},"image":{"@id":"https:\/\/www.transtoyou.com\/pl\/product\/pentasa\/#primaryimage"},"thumbnailUrl":"https:\/\/www.transtoyou.com\/pl\/wp-content\/uploads\/sites\/11\/2026\/03\/tty-no-product-image-1.webp","datePublished":"2026-03-01T11:16:53+00:00","dateModified":"2026-03-01T11:18:43+00:00","description":"Pentasa od Transtoyou, recepta na leczenie IBD z mesalazyn\u0105 w wrzodziej\u0105cym zapaleniu jelita grubego i chorobie Le\u015bniowskiego-Crohna. Sprawd\u017a wi\u0119cej!","breadcrumb":{"@id":"https:\/\/www.transtoyou.com\/pl\/product\/pentasa\/#breadcrumb"},"inLanguage":"pl-PL","potentialAction":[{"@type":"ReadAction","target":["https:\/\/www.transtoyou.com\/pl\/product\/pentasa\/"]}]},{"@type":"ImageObject","inLanguage":"pl-PL","@id":"https:\/\/www.transtoyou.com\/pl\/product\/pentasa\/#primaryimage","url":"https:\/\/www.transtoyou.com\/pl\/wp-content\/uploads\/sites\/11\/2026\/03\/tty-no-product-image-1.webp","contentUrl":"https:\/\/www.transtoyou.com\/pl\/wp-content\/uploads\/sites\/11\/2026\/03\/tty-no-product-image-1.webp","width":1000,"height":1000,"caption":"Domy\u015blny obraz produktu"},{"@type":"WebSite","@id":"https:\/\/www.transtoyou.com\/pl\/#website","url":"https:\/\/www.transtoyou.com\/pl\/","name":"Transtoyou - PL","description":"","publisher":{"@id":"https:\/\/www.transtoyou.com\/pl\/#organization"},"potentialAction":[{"@type":"SearchAction","target":{"@type":"EntryPoint","urlTemplate":"https:\/\/www.transtoyou.com\/pl\/?s={search_term_string}"},"query-input":{"@type":"PropertyValueSpecification","valueRequired":true,"valueName":"search_term_string"}}],"inLanguage":"pl-PL"},{"@type":"Organization","@id":"https:\/\/www.transtoyou.com\/pl\/#organization","name":"Transtoyou - PL","url":"https:\/\/www.transtoyou.com\/pl\/","logo":{"@type":"ImageObject","inLanguage":"pl-PL","@id":"https:\/\/www.transtoyou.com\/pl\/#\/schema\/logo\/image\/","url":"https:\/\/www.transtoyou.com\/pl\/wp-content\/uploads\/sites\/11\/2026\/01\/logo-tty-menu-bar-300x87-1.webp","contentUrl":"https:\/\/www.transtoyou.com\/pl\/wp-content\/uploads\/sites\/11\/2026\/01\/logo-tty-menu-bar-300x87-1.webp","width":300,"height":87,"caption":"Transtoyou - PL"},"image":{"@id":"https:\/\/www.transtoyou.com\/pl\/#\/schema\/logo\/image\/"}}]}},"_links":{"self":[{"href":"https:\/\/www.transtoyou.com\/pl\/wp-json\/wp\/v2\/product\/1775","targetHints":{"allow":["GET"]}}],"collection":[{"href":"https:\/\/www.transtoyou.com\/pl\/wp-json\/wp\/v2\/product"}],"about":[{"href":"https:\/\/www.transtoyou.com\/pl\/wp-json\/wp\/v2\/types\/product"}],"replies":[{"embeddable":true,"href":"https:\/\/www.transtoyou.com\/pl\/wp-json\/wp\/v2\/comments?post=1775"}],"wp:featuredmedia":[{"embeddable":true,"href":"https:\/\/www.transtoyou.com\/pl\/wp-json\/wp\/v2\/media\/1777"}],"wp:attachment":[{"href":"https:\/\/www.transtoyou.com\/pl\/wp-json\/wp\/v2\/media?parent=1775"}],"wp:term":[{"taxonomy":"product_brand","embeddable":true,"href":"https:\/\/www.transtoyou.com\/pl\/wp-json\/wp\/v2\/product_brand?post=1775"},{"taxonomy":"product_cat","embeddable":true,"href":"https:\/\/www.transtoyou.com\/pl\/wp-json\/wp\/v2\/product_cat?post=1775"},{"taxonomy":"product_tag","embeddable":true,"href":"https:\/\/www.transtoyou.com\/pl\/wp-json\/wp\/v2\/product_tag?post=1775"},{"taxonomy":"expert","embeddable":true,"href":"https:\/\/www.transtoyou.com\/pl\/wp-json\/wp\/v2\/expert?post=1775"}],"curies":[{"name":"wp","href":"https:\/\/api.w.org\/{rel}","templated":true}]}}