{"id":456,"date":"2026-01-22T15:39:33","date_gmt":"2026-01-22T13:39:33","guid":{"rendered":"https:\/\/www.transtoyou.com\/pl\/product\/vermox\/"},"modified":"2026-03-07T16:05:02","modified_gmt":"2026-03-07T14:05:02","slug":"vermox","status":"publish","type":"product","link":"https:\/\/www.transtoyou.com\/pl\/product\/vermox\/","title":{"rendered":"Vermox"},"content":{"rendered":"<p>Vermox to powszechnie stosowana terapia infekcji robakami jelitowymi, szczeg\u00f3lnie skuteczna przeciwko owsikom, glistom, w\u0142osog\u0142\u00f3wkom i t\u0119goryjcom. Zawiera substancj\u0119 czynn\u0105 mebendazol, kt\u00f3ra zak\u0142\u00f3ca zdolno\u015b\u0107 robak\u00f3w do wch\u0142aniania glukozy, ich g\u0142\u00f3wnego \u017ar\u00f3d\u0142a energii. W rezultacie paso\u017cyty trac\u0105 energi\u0119, umieraj\u0105 i s\u0105 naturalnie wydalane z organizmu przez uk\u0142ad pokarmowy.<\/p>\n<p>Infekcje robakami mog\u0105 powodowa\u0107 objawy takie jak sw\u0119dzenie w okolicy odbytu, niepok\u00f3j, skurcze brzucha i niedobory \u017cywieniowe. Vermox oferuje prosty i skuteczny spos\u00f3b na z\u0142agodzenie tych objaw\u00f3w i wyeliminowanie infekcji. Zwykle podawany jest jako jednorazowa dawka, a w niekt\u00f3rych przypadkach zaleca si\u0119 drug\u0105 dawk\u0119 dwa tygodnie p\u00f3\u017aniej, aby zapobiec reinfekcji.<\/p>\n<p>Ten lek jest generalnie dobrze tolerowany, a dzia\u0142ania niepo\u017c\u0105dane s\u0105 rzadkie i zazwyczaj \u0142agodne. Gdy si\u0119 pojawiaj\u0105, mog\u0105 obejmowa\u0107 tymczasowy dyskomfort \u017co\u0142\u0105dkowo-jelitowy. Vermox pozostaje w przewodzie pokarmowym i jest minimalnie wch\u0142aniany do krwiobiegu, co zmniejsza ryzyko og\u00f3lnoustrojowych dzia\u0142a\u0144 niepo\u017c\u0105danych.<\/p>\n<p>Aby zapobiec rozprzestrzenieniu si\u0119 robak\u00f3w, zaleca si\u0119 \u015brodki higieniczne, takie jak regularne mycie r\u0105k, kr\u00f3tkie paznokcie oraz cz\u0119ste pranie po\u015bcieli i odzie\u017cy. Leczenie wszystkich cz\u0142onk\u00f3w gospodarstwa domowego w tym samym czasie mo\u017ce pom\u00f3c w zapobieganiu nawrotom infekcji.<\/p>\n","protected":false},"excerpt":{"rendered":"<ul>\n<li>Skuteczny przeciwko wielu rodzajom robak\u00f3w<\/li>\n<li>Jedna lub dwudawkowa kuracja<\/li>\n<li>Opcje przyjazne dla rodziny<\/li>\n<\/ul>\n","protected":false},"featured_media":458,"comment_status":"open","ping_status":"closed","template":"","meta":[],"product_brand":[],"product_cat":[178],"product_tag":[],"expert":[],"class_list":{"0":"post-456","1":"product","2":"type-product","3":"status-publish","4":"has-post-thumbnail","6":"product_cat-robaki","8":"first","9":"instock","10":"shipping-taxable","11":"product-type-variable"},"yoast_head":"<!-- This site is optimized with the Yoast SEO plugin v27.0 - https:\/\/yoast.com\/product\/yoast-seo-wordpress\/ -->\n<title>Vermox | Skuteczna terapia paso\u017cyt\u00f3w - Transtoyou<\/title>\n<meta name=\"description\" content=\"Vermox dost\u0119pny na Transtoyou, zaufanej platformie zdrowotnej. Kup teraz skuteczn\u0105 terapi\u0119 infekcji paso\u017cytniczych. Wygodny i niezawodny dost\u0119p.\" \/>\n<meta name=\"robots\" content=\"noindex, follow, max-snippet:-1, max-image-preview:large, max-video-preview:-1\" \/>\n<meta property=\"og:locale\" content=\"pl_PL\" \/>\n<meta property=\"og:type\" content=\"article\" \/>\n<meta property=\"og:title\" content=\"Vermox | Skuteczna terapia paso\u017cyt\u00f3w - Transtoyou\" \/>\n<meta property=\"og:description\" content=\"Vermox dost\u0119pny na Transtoyou, zaufanej platformie zdrowotnej. Kup teraz skuteczn\u0105 terapi\u0119 infekcji paso\u017cytniczych. Wygodny i niezawodny dost\u0119p.\" \/>\n<meta property=\"og:url\" content=\"https:\/\/www.transtoyou.com\/pl\/product\/vermox\/\" \/>\n<meta property=\"og:site_name\" content=\"Transtoyou - PL\" \/>\n<meta property=\"article:modified_time\" content=\"2026-03-07T14:05:02+00:00\" \/>\n<meta name=\"twitter:card\" content=\"summary_large_image\" \/>\n<meta name=\"twitter:label1\" content=\"Szacowany czas czytania\" \/>\n\t<meta name=\"twitter:data1\" content=\"1 minuta\" \/>\n<script type=\"application\/ld+json\" class=\"yoast-schema-graph\">{\"@context\":\"https:\/\/schema.org\",\"@graph\":[{\"@type\":\"WebPage\",\"@id\":\"https:\/\/www.transtoyou.com\/pl\/product\/vermox\/\",\"url\":\"https:\/\/www.transtoyou.com\/pl\/product\/vermox\/\",\"name\":\"Vermox | Skuteczna terapia paso\u017cyt\u00f3w - Transtoyou\",\"isPartOf\":{\"@id\":\"https:\/\/www.transtoyou.com\/pl\/#website\"},\"primaryImageOfPage\":{\"@id\":\"https:\/\/www.transtoyou.com\/pl\/product\/vermox\/#primaryimage\"},\"image\":{\"@id\":\"https:\/\/www.transtoyou.com\/pl\/product\/vermox\/#primaryimage\"},\"thumbnailUrl\":\"https:\/\/www.transtoyou.com\/pl\/wp-content\/uploads\/sites\/11\/2026\/01\/tty-no-product-image-5.webp\",\"datePublished\":\"2026-01-22T13:39:33+00:00\",\"dateModified\":\"2026-03-07T14:05:02+00:00\",\"description\":\"Vermox dost\u0119pny na Transtoyou, zaufanej platformie zdrowotnej. Kup teraz skuteczn\u0105 terapi\u0119 infekcji paso\u017cytniczych. Wygodny i niezawodny dost\u0119p.\",\"breadcrumb\":{\"@id\":\"https:\/\/www.transtoyou.com\/pl\/product\/vermox\/#breadcrumb\"},\"inLanguage\":\"pl-PL\",\"potentialAction\":[{\"@type\":\"ReadAction\",\"target\":[\"https:\/\/www.transtoyou.com\/pl\/product\/vermox\/\"]}]},{\"@type\":\"ImageObject\",\"inLanguage\":\"pl-PL\",\"@id\":\"https:\/\/www.transtoyou.com\/pl\/product\/vermox\/#primaryimage\",\"url\":\"https:\/\/www.transtoyou.com\/pl\/wp-content\/uploads\/sites\/11\/2026\/01\/tty-no-product-image-5.webp\",\"contentUrl\":\"https:\/\/www.transtoyou.com\/pl\/wp-content\/uploads\/sites\/11\/2026\/01\/tty-no-product-image-5.webp\",\"width\":1000,\"height\":1000,\"caption\":\"Domy\u015blny obraz produktu\"},{\"@type\":\"WebSite\",\"@id\":\"https:\/\/www.transtoyou.com\/pl\/#website\",\"url\":\"https:\/\/www.transtoyou.com\/pl\/\",\"name\":\"Transtoyou - PL\",\"description\":\"\",\"publisher\":{\"@id\":\"https:\/\/www.transtoyou.com\/pl\/#organization\"},\"potentialAction\":[{\"@type\":\"SearchAction\",\"target\":{\"@type\":\"EntryPoint\",\"urlTemplate\":\"https:\/\/www.transtoyou.com\/pl\/?s={search_term_string}\"},\"query-input\":{\"@type\":\"PropertyValueSpecification\",\"valueRequired\":true,\"valueName\":\"search_term_string\"}}],\"inLanguage\":\"pl-PL\"},{\"@type\":\"Organization\",\"@id\":\"https:\/\/www.transtoyou.com\/pl\/#organization\",\"name\":\"Transtoyou - PL\",\"url\":\"https:\/\/www.transtoyou.com\/pl\/\",\"logo\":{\"@type\":\"ImageObject\",\"inLanguage\":\"pl-PL\",\"@id\":\"https:\/\/www.transtoyou.com\/pl\/#\/schema\/logo\/image\/\",\"url\":\"https:\/\/www.transtoyou.com\/pl\/wp-content\/uploads\/sites\/11\/2026\/01\/logo-tty-menu-bar-300x87-1.webp\",\"contentUrl\":\"https:\/\/www.transtoyou.com\/pl\/wp-content\/uploads\/sites\/11\/2026\/01\/logo-tty-menu-bar-300x87-1.webp\",\"width\":300,\"height\":87,\"caption\":\"Transtoyou - PL\"},\"image\":{\"@id\":\"https:\/\/www.transtoyou.com\/pl\/#\/schema\/logo\/image\/\"}}]}<\/script>\n<!-- \/ Yoast SEO plugin. -->","yoast_head_json":{"title":"Vermox | Skuteczna terapia paso\u017cyt\u00f3w - Transtoyou","description":"Vermox dost\u0119pny na Transtoyou, zaufanej platformie zdrowotnej. Kup teraz skuteczn\u0105 terapi\u0119 infekcji paso\u017cytniczych. Wygodny i niezawodny dost\u0119p.","robots":{"index":"noindex","follow":"follow","max-snippet":"max-snippet:-1","max-image-preview":"max-image-preview:large","max-video-preview":"max-video-preview:-1"},"og_locale":"pl_PL","og_type":"article","og_title":"Vermox | Skuteczna terapia paso\u017cyt\u00f3w - Transtoyou","og_description":"Vermox dost\u0119pny na Transtoyou, zaufanej platformie zdrowotnej. Kup teraz skuteczn\u0105 terapi\u0119 infekcji paso\u017cytniczych. Wygodny i niezawodny dost\u0119p.","og_url":"https:\/\/www.transtoyou.com\/pl\/product\/vermox\/","og_site_name":"Transtoyou - PL","article_modified_time":"2026-03-07T14:05:02+00:00","twitter_card":"summary_large_image","twitter_misc":{"Szacowany czas czytania":"1 minuta"},"schema":{"@context":"https:\/\/schema.org","@graph":[{"@type":"WebPage","@id":"https:\/\/www.transtoyou.com\/pl\/product\/vermox\/","url":"https:\/\/www.transtoyou.com\/pl\/product\/vermox\/","name":"Vermox | Skuteczna terapia paso\u017cyt\u00f3w - Transtoyou","isPartOf":{"@id":"https:\/\/www.transtoyou.com\/pl\/#website"},"primaryImageOfPage":{"@id":"https:\/\/www.transtoyou.com\/pl\/product\/vermox\/#primaryimage"},"image":{"@id":"https:\/\/www.transtoyou.com\/pl\/product\/vermox\/#primaryimage"},"thumbnailUrl":"https:\/\/www.transtoyou.com\/pl\/wp-content\/uploads\/sites\/11\/2026\/01\/tty-no-product-image-5.webp","datePublished":"2026-01-22T13:39:33+00:00","dateModified":"2026-03-07T14:05:02+00:00","description":"Vermox dost\u0119pny na Transtoyou, zaufanej platformie zdrowotnej. Kup teraz skuteczn\u0105 terapi\u0119 infekcji paso\u017cytniczych. Wygodny i niezawodny dost\u0119p.","breadcrumb":{"@id":"https:\/\/www.transtoyou.com\/pl\/product\/vermox\/#breadcrumb"},"inLanguage":"pl-PL","potentialAction":[{"@type":"ReadAction","target":["https:\/\/www.transtoyou.com\/pl\/product\/vermox\/"]}]},{"@type":"ImageObject","inLanguage":"pl-PL","@id":"https:\/\/www.transtoyou.com\/pl\/product\/vermox\/#primaryimage","url":"https:\/\/www.transtoyou.com\/pl\/wp-content\/uploads\/sites\/11\/2026\/01\/tty-no-product-image-5.webp","contentUrl":"https:\/\/www.transtoyou.com\/pl\/wp-content\/uploads\/sites\/11\/2026\/01\/tty-no-product-image-5.webp","width":1000,"height":1000,"caption":"Domy\u015blny obraz produktu"},{"@type":"WebSite","@id":"https:\/\/www.transtoyou.com\/pl\/#website","url":"https:\/\/www.transtoyou.com\/pl\/","name":"Transtoyou - PL","description":"","publisher":{"@id":"https:\/\/www.transtoyou.com\/pl\/#organization"},"potentialAction":[{"@type":"SearchAction","target":{"@type":"EntryPoint","urlTemplate":"https:\/\/www.transtoyou.com\/pl\/?s={search_term_string}"},"query-input":{"@type":"PropertyValueSpecification","valueRequired":true,"valueName":"search_term_string"}}],"inLanguage":"pl-PL"},{"@type":"Organization","@id":"https:\/\/www.transtoyou.com\/pl\/#organization","name":"Transtoyou - PL","url":"https:\/\/www.transtoyou.com\/pl\/","logo":{"@type":"ImageObject","inLanguage":"pl-PL","@id":"https:\/\/www.transtoyou.com\/pl\/#\/schema\/logo\/image\/","url":"https:\/\/www.transtoyou.com\/pl\/wp-content\/uploads\/sites\/11\/2026\/01\/logo-tty-menu-bar-300x87-1.webp","contentUrl":"https:\/\/www.transtoyou.com\/pl\/wp-content\/uploads\/sites\/11\/2026\/01\/logo-tty-menu-bar-300x87-1.webp","width":300,"height":87,"caption":"Transtoyou - PL"},"image":{"@id":"https:\/\/www.transtoyou.com\/pl\/#\/schema\/logo\/image\/"}}]}},"_links":{"self":[{"href":"https:\/\/www.transtoyou.com\/pl\/wp-json\/wp\/v2\/product\/456","targetHints":{"allow":["GET"]}}],"collection":[{"href":"https:\/\/www.transtoyou.com\/pl\/wp-json\/wp\/v2\/product"}],"about":[{"href":"https:\/\/www.transtoyou.com\/pl\/wp-json\/wp\/v2\/types\/product"}],"replies":[{"embeddable":true,"href":"https:\/\/www.transtoyou.com\/pl\/wp-json\/wp\/v2\/comments?post=456"}],"wp:featuredmedia":[{"embeddable":true,"href":"https:\/\/www.transtoyou.com\/pl\/wp-json\/wp\/v2\/media\/458"}],"wp:attachment":[{"href":"https:\/\/www.transtoyou.com\/pl\/wp-json\/wp\/v2\/media?parent=456"}],"wp:term":[{"taxonomy":"product_brand","embeddable":true,"href":"https:\/\/www.transtoyou.com\/pl\/wp-json\/wp\/v2\/product_brand?post=456"},{"taxonomy":"product_cat","embeddable":true,"href":"https:\/\/www.transtoyou.com\/pl\/wp-json\/wp\/v2\/product_cat?post=456"},{"taxonomy":"product_tag","embeddable":true,"href":"https:\/\/www.transtoyou.com\/pl\/wp-json\/wp\/v2\/product_tag?post=456"},{"taxonomy":"expert","embeddable":true,"href":"https:\/\/www.transtoyou.com\/pl\/wp-json\/wp\/v2\/expert?post=456"}],"curies":[{"name":"wp","href":"https:\/\/api.w.org\/{rel}","templated":true}]}}