{"id":459,"date":"2026-01-22T15:55:06","date_gmt":"2026-01-22T13:55:06","guid":{"rendered":"https:\/\/www.transtoyou.com\/pl\/product\/molevac\/"},"modified":"2026-02-28T12:28:45","modified_gmt":"2026-02-28T10:28:45","slug":"molevac","status":"publish","type":"product","link":"https:\/\/www.transtoyou.com\/pl\/product\/molevac\/","title":{"rendered":"Molevac"},"content":{"rendered":"<p>Molevac to lek stosowany w leczeniu infekcji spowodowanych przez robaki jelitowe, szczeg\u00f3lnie owsiki. Infekcje owsikami s\u0105 powszechne, zw\u0142aszcza u dzieci, i mog\u0105 powodowa\u0107 objawy takie jak sw\u0119dzenie (niepok\u00f3j) wok\u00f3\u0142 odbytu, niepok\u00f3j oraz \u0142agodne dolegliwo\u015bci \u017co\u0142\u0105dkowe. Molevac zawiera substancj\u0119 czynn\u0105 pyrwinium embonat, kt\u00f3ra dzia\u0142a poprzez parali\u017cowanie robak\u00f3w, co pozwala na ich naturalne wydalenie podczas wypr\u00f3\u017cnie\u0144.<\/p>\n<p>Ta terapia zazwyczaj podawana jest w postaci jednej dawki doustnej, a powt\u00f3rna dawka jest zalecana po dw\u00f3ch tygodniach, aby zapobiec reinfekcji. Poniewa\u017c owsiki \u0142atwo si\u0119 rozprzestrzeniaj\u0105 poprzez kontakt i zanieczyszczone powierzchnie, zaleca si\u0119 jednoczesne leczenie wszystkich cz\u0142onk\u00f3w rodziny, aby zapobiec reinfekcji.<\/p>\n<p>Molevac jest dobrze tolerowany, z bardzo nielicznymi skutkami ubocznymi. Niekt\u00f3rzy ludzie mog\u0105 zauwa\u017cy\u0107 \u0142agodne objawy ze strony uk\u0142adu pokarmowego, takie jak nudno\u015bci czy skurcze, ale zazwyczaj s\u0105 one kr\u00f3tkotrwa\u0142e. Dobra higiena jest niezb\u0119dna podczas i po leczeniu, aby unikn\u0105\u0107 dalszego przenoszenia robak\u00f3w. Obejmuje to regularne mycie r\u0105k, czyszczenie po\u015bcieli i ubra\u0144 oraz przycinanie paznokci.<\/p>\n","protected":false},"excerpt":{"rendered":"<ul>\n<li>Jednodawkowa terapia<\/li>\n<li>Skierowana na owsiki<\/li>\n<li>Odpowiednia dla wielu os\u00f3b<\/li>\n<\/ul>\n","protected":false},"featured_media":460,"comment_status":"open","ping_status":"closed","template":"","meta":[],"product_brand":[],"product_cat":[178],"product_tag":[],"expert":[21],"class_list":{"0":"post-459","1":"product","2":"type-product","3":"status-publish","4":"has-post-thumbnail","6":"product_cat-robaki","7":"expert-dr-m-sharoyko","9":"first","10":"outofstock","11":"shipping-taxable","12":"product-type-simple"},"yoast_head":"<!-- This site is optimized with the Yoast SEO plugin v27.0 - https:\/\/yoast.com\/product\/yoast-seo-wordpress\/ -->\n<title>Molevac | Skuteczne rozwi\u0105zanie na paso\u017cyty - Transtoyou<\/title>\n<meta name=\"description\" content=\"Odkryj Molevac na skuteczne usuwanie paso\u017cyt\u00f3w, dost\u0119pny w Transtoyou. Wspieraj zdrowie jelit z nasz\u0105 sprawdzon\u0105 formu\u0142\u0105. Zam\u00f3w ju\u017c dzi\u015b!\" \/>\n<meta name=\"robots\" content=\"noindex, follow, max-snippet:-1, max-image-preview:large, max-video-preview:-1\" \/>\n<meta property=\"og:locale\" content=\"pl_PL\" \/>\n<meta property=\"og:type\" content=\"article\" \/>\n<meta property=\"og:title\" content=\"Molevac | Skuteczne rozwi\u0105zanie na paso\u017cyty - Transtoyou\" \/>\n<meta property=\"og:description\" content=\"Odkryj Molevac na skuteczne usuwanie paso\u017cyt\u00f3w, dost\u0119pny w Transtoyou. Wspieraj zdrowie jelit z nasz\u0105 sprawdzon\u0105 formu\u0142\u0105. Zam\u00f3w ju\u017c dzi\u015b!\" \/>\n<meta property=\"og:url\" content=\"https:\/\/www.transtoyou.com\/pl\/product\/molevac\/\" \/>\n<meta property=\"og:site_name\" content=\"Transtoyou - PL\" \/>\n<meta property=\"article:modified_time\" content=\"2026-02-28T10:28:45+00:00\" \/>\n<meta name=\"twitter:card\" content=\"summary_large_image\" \/>\n<meta name=\"twitter:label1\" content=\"Szacowany czas czytania\" \/>\n\t<meta name=\"twitter:data1\" content=\"1 minuta\" \/>\n<script type=\"application\/ld+json\" class=\"yoast-schema-graph\">{\"@context\":\"https:\/\/schema.org\",\"@graph\":[{\"@type\":\"WebPage\",\"@id\":\"https:\/\/www.transtoyou.com\/pl\/product\/molevac\/\",\"url\":\"https:\/\/www.transtoyou.com\/pl\/product\/molevac\/\",\"name\":\"Molevac | Skuteczne rozwi\u0105zanie na paso\u017cyty - Transtoyou\",\"isPartOf\":{\"@id\":\"https:\/\/www.transtoyou.com\/pl\/#website\"},\"primaryImageOfPage\":{\"@id\":\"https:\/\/www.transtoyou.com\/pl\/product\/molevac\/#primaryimage\"},\"image\":{\"@id\":\"https:\/\/www.transtoyou.com\/pl\/product\/molevac\/#primaryimage\"},\"thumbnailUrl\":\"https:\/\/www.transtoyou.com\/pl\/wp-content\/uploads\/sites\/11\/2026\/01\/tty-no-product-image-6.webp\",\"datePublished\":\"2026-01-22T13:55:06+00:00\",\"dateModified\":\"2026-02-28T10:28:45+00:00\",\"description\":\"Odkryj Molevac na skuteczne usuwanie paso\u017cyt\u00f3w, dost\u0119pny w Transtoyou. Wspieraj zdrowie jelit z nasz\u0105 sprawdzon\u0105 formu\u0142\u0105. Zam\u00f3w ju\u017c dzi\u015b!\",\"breadcrumb\":{\"@id\":\"https:\/\/www.transtoyou.com\/pl\/product\/molevac\/#breadcrumb\"},\"inLanguage\":\"pl-PL\",\"potentialAction\":[{\"@type\":\"ReadAction\",\"target\":[\"https:\/\/www.transtoyou.com\/pl\/product\/molevac\/\"]}]},{\"@type\":\"ImageObject\",\"inLanguage\":\"pl-PL\",\"@id\":\"https:\/\/www.transtoyou.com\/pl\/product\/molevac\/#primaryimage\",\"url\":\"https:\/\/www.transtoyou.com\/pl\/wp-content\/uploads\/sites\/11\/2026\/01\/tty-no-product-image-6.webp\",\"contentUrl\":\"https:\/\/www.transtoyou.com\/pl\/wp-content\/uploads\/sites\/11\/2026\/01\/tty-no-product-image-6.webp\",\"width\":1000,\"height\":1000,\"caption\":\"Domy\u015blny obraz produktu\"},{\"@type\":\"WebSite\",\"@id\":\"https:\/\/www.transtoyou.com\/pl\/#website\",\"url\":\"https:\/\/www.transtoyou.com\/pl\/\",\"name\":\"Transtoyou - PL\",\"description\":\"\",\"publisher\":{\"@id\":\"https:\/\/www.transtoyou.com\/pl\/#organization\"},\"potentialAction\":[{\"@type\":\"SearchAction\",\"target\":{\"@type\":\"EntryPoint\",\"urlTemplate\":\"https:\/\/www.transtoyou.com\/pl\/?s={search_term_string}\"},\"query-input\":{\"@type\":\"PropertyValueSpecification\",\"valueRequired\":true,\"valueName\":\"search_term_string\"}}],\"inLanguage\":\"pl-PL\"},{\"@type\":\"Organization\",\"@id\":\"https:\/\/www.transtoyou.com\/pl\/#organization\",\"name\":\"Transtoyou - PL\",\"url\":\"https:\/\/www.transtoyou.com\/pl\/\",\"logo\":{\"@type\":\"ImageObject\",\"inLanguage\":\"pl-PL\",\"@id\":\"https:\/\/www.transtoyou.com\/pl\/#\/schema\/logo\/image\/\",\"url\":\"https:\/\/www.transtoyou.com\/pl\/wp-content\/uploads\/sites\/11\/2026\/01\/logo-tty-menu-bar-300x87-1.webp\",\"contentUrl\":\"https:\/\/www.transtoyou.com\/pl\/wp-content\/uploads\/sites\/11\/2026\/01\/logo-tty-menu-bar-300x87-1.webp\",\"width\":300,\"height\":87,\"caption\":\"Transtoyou - PL\"},\"image\":{\"@id\":\"https:\/\/www.transtoyou.com\/pl\/#\/schema\/logo\/image\/\"}}]}<\/script>\n<!-- \/ Yoast SEO plugin. -->","yoast_head_json":{"title":"Molevac | Skuteczne rozwi\u0105zanie na paso\u017cyty - Transtoyou","description":"Odkryj Molevac na skuteczne usuwanie paso\u017cyt\u00f3w, dost\u0119pny w Transtoyou. Wspieraj zdrowie jelit z nasz\u0105 sprawdzon\u0105 formu\u0142\u0105. Zam\u00f3w ju\u017c dzi\u015b!","robots":{"index":"noindex","follow":"follow","max-snippet":"max-snippet:-1","max-image-preview":"max-image-preview:large","max-video-preview":"max-video-preview:-1"},"og_locale":"pl_PL","og_type":"article","og_title":"Molevac | Skuteczne rozwi\u0105zanie na paso\u017cyty - Transtoyou","og_description":"Odkryj Molevac na skuteczne usuwanie paso\u017cyt\u00f3w, dost\u0119pny w Transtoyou. Wspieraj zdrowie jelit z nasz\u0105 sprawdzon\u0105 formu\u0142\u0105. Zam\u00f3w ju\u017c dzi\u015b!","og_url":"https:\/\/www.transtoyou.com\/pl\/product\/molevac\/","og_site_name":"Transtoyou - PL","article_modified_time":"2026-02-28T10:28:45+00:00","twitter_card":"summary_large_image","twitter_misc":{"Szacowany czas czytania":"1 minuta"},"schema":{"@context":"https:\/\/schema.org","@graph":[{"@type":"WebPage","@id":"https:\/\/www.transtoyou.com\/pl\/product\/molevac\/","url":"https:\/\/www.transtoyou.com\/pl\/product\/molevac\/","name":"Molevac | Skuteczne rozwi\u0105zanie na paso\u017cyty - Transtoyou","isPartOf":{"@id":"https:\/\/www.transtoyou.com\/pl\/#website"},"primaryImageOfPage":{"@id":"https:\/\/www.transtoyou.com\/pl\/product\/molevac\/#primaryimage"},"image":{"@id":"https:\/\/www.transtoyou.com\/pl\/product\/molevac\/#primaryimage"},"thumbnailUrl":"https:\/\/www.transtoyou.com\/pl\/wp-content\/uploads\/sites\/11\/2026\/01\/tty-no-product-image-6.webp","datePublished":"2026-01-22T13:55:06+00:00","dateModified":"2026-02-28T10:28:45+00:00","description":"Odkryj Molevac na skuteczne usuwanie paso\u017cyt\u00f3w, dost\u0119pny w Transtoyou. Wspieraj zdrowie jelit z nasz\u0105 sprawdzon\u0105 formu\u0142\u0105. Zam\u00f3w ju\u017c dzi\u015b!","breadcrumb":{"@id":"https:\/\/www.transtoyou.com\/pl\/product\/molevac\/#breadcrumb"},"inLanguage":"pl-PL","potentialAction":[{"@type":"ReadAction","target":["https:\/\/www.transtoyou.com\/pl\/product\/molevac\/"]}]},{"@type":"ImageObject","inLanguage":"pl-PL","@id":"https:\/\/www.transtoyou.com\/pl\/product\/molevac\/#primaryimage","url":"https:\/\/www.transtoyou.com\/pl\/wp-content\/uploads\/sites\/11\/2026\/01\/tty-no-product-image-6.webp","contentUrl":"https:\/\/www.transtoyou.com\/pl\/wp-content\/uploads\/sites\/11\/2026\/01\/tty-no-product-image-6.webp","width":1000,"height":1000,"caption":"Domy\u015blny obraz produktu"},{"@type":"WebSite","@id":"https:\/\/www.transtoyou.com\/pl\/#website","url":"https:\/\/www.transtoyou.com\/pl\/","name":"Transtoyou - PL","description":"","publisher":{"@id":"https:\/\/www.transtoyou.com\/pl\/#organization"},"potentialAction":[{"@type":"SearchAction","target":{"@type":"EntryPoint","urlTemplate":"https:\/\/www.transtoyou.com\/pl\/?s={search_term_string}"},"query-input":{"@type":"PropertyValueSpecification","valueRequired":true,"valueName":"search_term_string"}}],"inLanguage":"pl-PL"},{"@type":"Organization","@id":"https:\/\/www.transtoyou.com\/pl\/#organization","name":"Transtoyou - PL","url":"https:\/\/www.transtoyou.com\/pl\/","logo":{"@type":"ImageObject","inLanguage":"pl-PL","@id":"https:\/\/www.transtoyou.com\/pl\/#\/schema\/logo\/image\/","url":"https:\/\/www.transtoyou.com\/pl\/wp-content\/uploads\/sites\/11\/2026\/01\/logo-tty-menu-bar-300x87-1.webp","contentUrl":"https:\/\/www.transtoyou.com\/pl\/wp-content\/uploads\/sites\/11\/2026\/01\/logo-tty-menu-bar-300x87-1.webp","width":300,"height":87,"caption":"Transtoyou - PL"},"image":{"@id":"https:\/\/www.transtoyou.com\/pl\/#\/schema\/logo\/image\/"}}]}},"_links":{"self":[{"href":"https:\/\/www.transtoyou.com\/pl\/wp-json\/wp\/v2\/product\/459","targetHints":{"allow":["GET"]}}],"collection":[{"href":"https:\/\/www.transtoyou.com\/pl\/wp-json\/wp\/v2\/product"}],"about":[{"href":"https:\/\/www.transtoyou.com\/pl\/wp-json\/wp\/v2\/types\/product"}],"replies":[{"embeddable":true,"href":"https:\/\/www.transtoyou.com\/pl\/wp-json\/wp\/v2\/comments?post=459"}],"wp:featuredmedia":[{"embeddable":true,"href":"https:\/\/www.transtoyou.com\/pl\/wp-json\/wp\/v2\/media\/460"}],"wp:attachment":[{"href":"https:\/\/www.transtoyou.com\/pl\/wp-json\/wp\/v2\/media?parent=459"}],"wp:term":[{"taxonomy":"product_brand","embeddable":true,"href":"https:\/\/www.transtoyou.com\/pl\/wp-json\/wp\/v2\/product_brand?post=459"},{"taxonomy":"product_cat","embeddable":true,"href":"https:\/\/www.transtoyou.com\/pl\/wp-json\/wp\/v2\/product_cat?post=459"},{"taxonomy":"product_tag","embeddable":true,"href":"https:\/\/www.transtoyou.com\/pl\/wp-json\/wp\/v2\/product_tag?post=459"},{"taxonomy":"expert","embeddable":true,"href":"https:\/\/www.transtoyou.com\/pl\/wp-json\/wp\/v2\/expert?post=459"}],"curies":[{"name":"wp","href":"https:\/\/api.w.org\/{rel}","templated":true}]}}