{"id":464,"date":"2026-01-22T16:29:19","date_gmt":"2026-01-22T14:29:19","guid":{"rendered":"https:\/\/www.transtoyou.com\/pl\/product\/wegovy\/"},"modified":"2026-03-08T12:42:36","modified_gmt":"2026-03-08T10:42:36","slug":"wegovy","status":"publish","type":"product","link":"https:\/\/www.transtoyou.com\/pl\/product\/wegovy\/","title":{"rendered":"Wegovy"},"content":{"rendered":"<p>Wegovy to lek na recept\u0119 zaprojektowany w celu wspierania d\u0142ugoterminowego zarz\u0105dzania wag\u0105 u doros\u0142ych, kt\u00f3rzy maj\u0105 nadwag\u0119 lub oty\u0142o\u015b\u0107. Zawiera semaglutyd, zwi\u0105zek, kt\u00f3ry na\u015bladuje naturalnie wyst\u0119puj\u0105cy hormon w organizmie znany jako GLP-1, kt\u00f3ry odgrywa kluczow\u0105 rol\u0119 w regulacji apetytu i spo\u017cycia pokarmu. Dzia\u0142aj\u0105c na konkretne receptory w m\u00f3zgu, Wegovy pomaga zmniejszy\u0107 g\u0142\u00f3d, zwi\u0119kszy\u0107 uczucie syto\u015bci i ograniczy\u0107 ca\u0142kowite spo\u017cycie kalorii.<\/p>\n<p>Wegovy podawany jest jako zastrzyk raz w tygodniu pod sk\u00f3r\u0119 za pomoc\u0105 wst\u0119pnie nape\u0142nionego d\u0142ugopisu. Przeznaczony jest do stosowania w po\u0142\u0105czeniu z diet\u0105 o obni\u017conej kaloryczno\u015bci i zwi\u0119kszon\u0105 aktywno\u015bci\u0105 fizyczn\u0105. Osoby stosuj\u0105ce Wegovy zazwyczaj do\u015bwiadczaj\u0105 stopniowej i utrzymuj\u0105cej si\u0119 utraty wagi w czasie. To nie tylko wspiera popraw\u0119 zdrowia fizycznego, ale tak\u017ce zmniejsza ryzyko wyst\u0105pienia schorze\u0144 zwi\u0105zanych z wag\u0105, takich jak cukrzyca typu 2, nadci\u015bnienie t\u0119tnicze i choroby sercowo-naczyniowe.<\/p>\n<p>Leczenie rozpoczyna si\u0119 od niskiej dawki, kt\u00f3ra jest stopniowo zwi\u0119kszana przez kilka tygodni do pe\u0142nej dawki podtrzymuj\u0105cej. Takie podej\u015bcie pomaga organizmowi si\u0119 dostosowa\u0107 i zmniejsza ryzyko dzia\u0142a\u0144 niepo\u017c\u0105danych, takich jak nudno\u015bci, wymioty czy dyskomfort \u017co\u0142\u0105dkowo-jelitowy. Wegovy nie dzia\u0142a jako stymulant ani nie wp\u0142ywa bezpo\u015brednio na metabolizm, lecz promuje zdrowsze zachowania \u017cywieniowe poprzez regulacj\u0119 sygna\u0142\u00f3w apetytu.<\/p>\n","protected":false},"excerpt":{"rendered":"<ul>\n<li>Weekly injection<\/li>\n<li>Reduces appetite<\/li>\n<li>Long-term weight loss support<\/li>\n<\/ul>\n","protected":false},"featured_media":466,"comment_status":"open","ping_status":"closed","template":"","meta":[],"product_brand":[],"product_cat":[175],"product_tag":[],"expert":[16],"class_list":{"0":"post-464","1":"product","2":"type-product","3":"status-publish","4":"has-post-thumbnail","6":"product_cat-odchudzanie","7":"expert-dr-c-alexandru","9":"first","10":"instock","11":"shipping-taxable","12":"product-type-variable"},"yoast_head":"<!-- This site is optimized with the Yoast SEO plugin v27.0 - https:\/\/yoast.com\/product\/yoast-seo-wordpress\/ -->\n<title>Wegovy | Skuteczne rozwi\u0105zanie do kontroli wagi - Transtoyou<\/title>\n<meta name=\"description\" content=\"Odkryj Wegovy do skutecznego zarz\u0105dzania wag\u0105, dost\u0119pny w Transtoyou. Kup teraz klinicznie zatwierdzone rozwi\u0105zania wspieraj\u0105ce Twoje zdrowie.\" \/>\n<meta name=\"robots\" content=\"noindex, follow, max-snippet:-1, max-image-preview:large, max-video-preview:-1\" \/>\n<meta property=\"og:locale\" content=\"pl_PL\" \/>\n<meta property=\"og:type\" content=\"article\" \/>\n<meta property=\"og:title\" content=\"Wegovy | Skuteczne rozwi\u0105zanie do kontroli wagi - Transtoyou\" \/>\n<meta property=\"og:description\" content=\"Odkryj Wegovy do skutecznego zarz\u0105dzania wag\u0105, dost\u0119pny w Transtoyou. Kup teraz klinicznie zatwierdzone rozwi\u0105zania wspieraj\u0105ce Twoje zdrowie.\" \/>\n<meta property=\"og:url\" content=\"https:\/\/www.transtoyou.com\/pl\/product\/wegovy\/\" \/>\n<meta property=\"og:site_name\" content=\"Transtoyou - PL\" \/>\n<meta property=\"article:modified_time\" content=\"2026-03-08T10:42:36+00:00\" \/>\n<meta name=\"twitter:card\" content=\"summary_large_image\" \/>\n<meta name=\"twitter:label1\" content=\"Szacowany czas czytania\" \/>\n\t<meta name=\"twitter:data1\" content=\"1 minuta\" \/>\n<script type=\"application\/ld+json\" class=\"yoast-schema-graph\">{\"@context\":\"https:\/\/schema.org\",\"@graph\":[{\"@type\":\"WebPage\",\"@id\":\"https:\/\/www.transtoyou.com\/pl\/product\/wegovy\/\",\"url\":\"https:\/\/www.transtoyou.com\/pl\/product\/wegovy\/\",\"name\":\"Wegovy | Skuteczne rozwi\u0105zanie do kontroli wagi - Transtoyou\",\"isPartOf\":{\"@id\":\"https:\/\/www.transtoyou.com\/pl\/#website\"},\"primaryImageOfPage\":{\"@id\":\"https:\/\/www.transtoyou.com\/pl\/product\/wegovy\/#primaryimage\"},\"image\":{\"@id\":\"https:\/\/www.transtoyou.com\/pl\/product\/wegovy\/#primaryimage\"},\"thumbnailUrl\":\"https:\/\/www.transtoyou.com\/pl\/wp-content\/uploads\/sites\/11\/2026\/01\/wegovy-transtoyou-overview.png\",\"datePublished\":\"2026-01-22T14:29:19+00:00\",\"dateModified\":\"2026-03-08T10:42:36+00:00\",\"description\":\"Odkryj Wegovy do skutecznego zarz\u0105dzania wag\u0105, dost\u0119pny w Transtoyou. Kup teraz klinicznie zatwierdzone rozwi\u0105zania wspieraj\u0105ce Twoje zdrowie.\",\"breadcrumb\":{\"@id\":\"https:\/\/www.transtoyou.com\/pl\/product\/wegovy\/#breadcrumb\"},\"inLanguage\":\"pl-PL\",\"potentialAction\":[{\"@type\":\"ReadAction\",\"target\":[\"https:\/\/www.transtoyou.com\/pl\/product\/wegovy\/\"]}]},{\"@type\":\"ImageObject\",\"inLanguage\":\"pl-PL\",\"@id\":\"https:\/\/www.transtoyou.com\/pl\/product\/wegovy\/#primaryimage\",\"url\":\"https:\/\/www.transtoyou.com\/pl\/wp-content\/uploads\/sites\/11\/2026\/01\/wegovy-transtoyou-overview.png\",\"contentUrl\":\"https:\/\/www.transtoyou.com\/pl\/wp-content\/uploads\/sites\/11\/2026\/01\/wegovy-transtoyou-overview.png\",\"width\":1080,\"height\":1080,\"caption\":\"Wegovy Prik Pen - Transtoyou\"},{\"@type\":\"WebSite\",\"@id\":\"https:\/\/www.transtoyou.com\/pl\/#website\",\"url\":\"https:\/\/www.transtoyou.com\/pl\/\",\"name\":\"Transtoyou - PL\",\"description\":\"\",\"publisher\":{\"@id\":\"https:\/\/www.transtoyou.com\/pl\/#organization\"},\"potentialAction\":[{\"@type\":\"SearchAction\",\"target\":{\"@type\":\"EntryPoint\",\"urlTemplate\":\"https:\/\/www.transtoyou.com\/pl\/?s={search_term_string}\"},\"query-input\":{\"@type\":\"PropertyValueSpecification\",\"valueRequired\":true,\"valueName\":\"search_term_string\"}}],\"inLanguage\":\"pl-PL\"},{\"@type\":\"Organization\",\"@id\":\"https:\/\/www.transtoyou.com\/pl\/#organization\",\"name\":\"Transtoyou - PL\",\"url\":\"https:\/\/www.transtoyou.com\/pl\/\",\"logo\":{\"@type\":\"ImageObject\",\"inLanguage\":\"pl-PL\",\"@id\":\"https:\/\/www.transtoyou.com\/pl\/#\/schema\/logo\/image\/\",\"url\":\"https:\/\/www.transtoyou.com\/pl\/wp-content\/uploads\/sites\/11\/2026\/01\/logo-tty-menu-bar-300x87-1.webp\",\"contentUrl\":\"https:\/\/www.transtoyou.com\/pl\/wp-content\/uploads\/sites\/11\/2026\/01\/logo-tty-menu-bar-300x87-1.webp\",\"width\":300,\"height\":87,\"caption\":\"Transtoyou - PL\"},\"image\":{\"@id\":\"https:\/\/www.transtoyou.com\/pl\/#\/schema\/logo\/image\/\"}}]}<\/script>\n<!-- \/ Yoast SEO plugin. -->","yoast_head_json":{"title":"Wegovy | Skuteczne rozwi\u0105zanie do kontroli wagi - Transtoyou","description":"Odkryj Wegovy do skutecznego zarz\u0105dzania wag\u0105, dost\u0119pny w Transtoyou. Kup teraz klinicznie zatwierdzone rozwi\u0105zania wspieraj\u0105ce Twoje zdrowie.","robots":{"index":"noindex","follow":"follow","max-snippet":"max-snippet:-1","max-image-preview":"max-image-preview:large","max-video-preview":"max-video-preview:-1"},"og_locale":"pl_PL","og_type":"article","og_title":"Wegovy | Skuteczne rozwi\u0105zanie do kontroli wagi - Transtoyou","og_description":"Odkryj Wegovy do skutecznego zarz\u0105dzania wag\u0105, dost\u0119pny w Transtoyou. Kup teraz klinicznie zatwierdzone rozwi\u0105zania wspieraj\u0105ce Twoje zdrowie.","og_url":"https:\/\/www.transtoyou.com\/pl\/product\/wegovy\/","og_site_name":"Transtoyou - PL","article_modified_time":"2026-03-08T10:42:36+00:00","twitter_card":"summary_large_image","twitter_misc":{"Szacowany czas czytania":"1 minuta"},"schema":{"@context":"https:\/\/schema.org","@graph":[{"@type":"WebPage","@id":"https:\/\/www.transtoyou.com\/pl\/product\/wegovy\/","url":"https:\/\/www.transtoyou.com\/pl\/product\/wegovy\/","name":"Wegovy | Skuteczne rozwi\u0105zanie do kontroli wagi - Transtoyou","isPartOf":{"@id":"https:\/\/www.transtoyou.com\/pl\/#website"},"primaryImageOfPage":{"@id":"https:\/\/www.transtoyou.com\/pl\/product\/wegovy\/#primaryimage"},"image":{"@id":"https:\/\/www.transtoyou.com\/pl\/product\/wegovy\/#primaryimage"},"thumbnailUrl":"https:\/\/www.transtoyou.com\/pl\/wp-content\/uploads\/sites\/11\/2026\/01\/wegovy-transtoyou-overview.png","datePublished":"2026-01-22T14:29:19+00:00","dateModified":"2026-03-08T10:42:36+00:00","description":"Odkryj Wegovy do skutecznego zarz\u0105dzania wag\u0105, dost\u0119pny w Transtoyou. Kup teraz klinicznie zatwierdzone rozwi\u0105zania wspieraj\u0105ce Twoje zdrowie.","breadcrumb":{"@id":"https:\/\/www.transtoyou.com\/pl\/product\/wegovy\/#breadcrumb"},"inLanguage":"pl-PL","potentialAction":[{"@type":"ReadAction","target":["https:\/\/www.transtoyou.com\/pl\/product\/wegovy\/"]}]},{"@type":"ImageObject","inLanguage":"pl-PL","@id":"https:\/\/www.transtoyou.com\/pl\/product\/wegovy\/#primaryimage","url":"https:\/\/www.transtoyou.com\/pl\/wp-content\/uploads\/sites\/11\/2026\/01\/wegovy-transtoyou-overview.png","contentUrl":"https:\/\/www.transtoyou.com\/pl\/wp-content\/uploads\/sites\/11\/2026\/01\/wegovy-transtoyou-overview.png","width":1080,"height":1080,"caption":"Wegovy Prik Pen - Transtoyou"},{"@type":"WebSite","@id":"https:\/\/www.transtoyou.com\/pl\/#website","url":"https:\/\/www.transtoyou.com\/pl\/","name":"Transtoyou - PL","description":"","publisher":{"@id":"https:\/\/www.transtoyou.com\/pl\/#organization"},"potentialAction":[{"@type":"SearchAction","target":{"@type":"EntryPoint","urlTemplate":"https:\/\/www.transtoyou.com\/pl\/?s={search_term_string}"},"query-input":{"@type":"PropertyValueSpecification","valueRequired":true,"valueName":"search_term_string"}}],"inLanguage":"pl-PL"},{"@type":"Organization","@id":"https:\/\/www.transtoyou.com\/pl\/#organization","name":"Transtoyou - PL","url":"https:\/\/www.transtoyou.com\/pl\/","logo":{"@type":"ImageObject","inLanguage":"pl-PL","@id":"https:\/\/www.transtoyou.com\/pl\/#\/schema\/logo\/image\/","url":"https:\/\/www.transtoyou.com\/pl\/wp-content\/uploads\/sites\/11\/2026\/01\/logo-tty-menu-bar-300x87-1.webp","contentUrl":"https:\/\/www.transtoyou.com\/pl\/wp-content\/uploads\/sites\/11\/2026\/01\/logo-tty-menu-bar-300x87-1.webp","width":300,"height":87,"caption":"Transtoyou - PL"},"image":{"@id":"https:\/\/www.transtoyou.com\/pl\/#\/schema\/logo\/image\/"}}]}},"_links":{"self":[{"href":"https:\/\/www.transtoyou.com\/pl\/wp-json\/wp\/v2\/product\/464","targetHints":{"allow":["GET"]}}],"collection":[{"href":"https:\/\/www.transtoyou.com\/pl\/wp-json\/wp\/v2\/product"}],"about":[{"href":"https:\/\/www.transtoyou.com\/pl\/wp-json\/wp\/v2\/types\/product"}],"replies":[{"embeddable":true,"href":"https:\/\/www.transtoyou.com\/pl\/wp-json\/wp\/v2\/comments?post=464"}],"wp:featuredmedia":[{"embeddable":true,"href":"https:\/\/www.transtoyou.com\/pl\/wp-json\/wp\/v2\/media\/466"}],"wp:attachment":[{"href":"https:\/\/www.transtoyou.com\/pl\/wp-json\/wp\/v2\/media?parent=464"}],"wp:term":[{"taxonomy":"product_brand","embeddable":true,"href":"https:\/\/www.transtoyou.com\/pl\/wp-json\/wp\/v2\/product_brand?post=464"},{"taxonomy":"product_cat","embeddable":true,"href":"https:\/\/www.transtoyou.com\/pl\/wp-json\/wp\/v2\/product_cat?post=464"},{"taxonomy":"product_tag","embeddable":true,"href":"https:\/\/www.transtoyou.com\/pl\/wp-json\/wp\/v2\/product_tag?post=464"},{"taxonomy":"expert","embeddable":true,"href":"https:\/\/www.transtoyou.com\/pl\/wp-json\/wp\/v2\/expert?post=464"}],"curies":[{"name":"wp","href":"https:\/\/api.w.org\/{rel}","templated":true}]}}