{"id":467,"date":"2026-01-22T16:47:10","date_gmt":"2026-01-22T14:47:10","guid":{"rendered":"https:\/\/www.transtoyou.com\/pl\/product\/saxenda\/"},"modified":"2026-03-05T11:38:02","modified_gmt":"2026-03-05T09:38:02","slug":"saxenda","status":"publish","type":"product","link":"https:\/\/www.transtoyou.com\/pl\/product\/saxenda\/","title":{"rendered":"Saxenda"},"content":{"rendered":"<p>Saxenda to wstrzykiwana recepturowa medykacja opracowana w celu wspomagania utraty wagi u doros\u0142ych z nadwag\u0105 lub oty\u0142o\u015bci\u0105. Zawiera liraglutyd, zwi\u0105zek, kt\u00f3ry na\u015bladuje naturalny hormon w organizmie znany jako GLP-1. Hormon ten odgrywa rol\u0119 w regulowaniu apetytu, poziomu cukru we krwi i trawienia. Saxenda dzia\u0142a poprzez interakcj\u0119 z receptorami w m\u00f3zgu, aby pom\u00f3c Ci szybciej poczu\u0107 syto\u015b\u0107 i zmniejszy\u0107 g\u0142\u00f3d mi\u0119dzy posi\u0142kami.<\/p>\n<p>W przeciwie\u0144stwie do wielu tradycyjnych tabletek na odchudzanie, Saxenda jest podawana za pomoc\u0105 codziennego wstrzykni\u0119cia pod sk\u00f3r\u0119 przy u\u017cyciu wst\u0119pnie nape\u0142nionego d\u0142ugopisu. Jest najskuteczniejsza, gdy stosowana jest w po\u0142\u0105czeniu z diet\u0105 o obni\u017conej kaloryczno\u015bci i zwi\u0119kszon\u0105 aktywno\u015bci\u0105 fizyczn\u0105. Osoby stosuj\u0105ce Saxend\u0119 cz\u0119sto do\u015bwiadczaj\u0105 stopniowej, stabilnej utraty wagi w czasie, co mo\u017ce prowadzi\u0107 do poprawy innych schorze\u0144 zdrowotnych, takich jak cukrzyca typu 2, nadci\u015bnienie t\u0119tnicze czy podwy\u017cszony cholesterol.<\/p>\n<p>Saxenda zazwyczaj zaczyna si\u0119 od niskiej dawki, aby umo\u017cliwi\u0107 organizmowi dostosowanie si\u0119, z stopniowym zwi\u0119kszaniem dawki przez kilka tygodni. Takie podej\u015bcie krokowe pomaga zminimalizowa\u0107 powszechne skutki uboczne, takie jak nudno\u015bci czy dyskomfort \u017co\u0142\u0105dkowy. Chocia\u017c lek wp\u0142ywa na apetyt i syto\u015b\u0107, nie przyspiesza metabolizmu ani nie dzia\u0142a jako stymulant.<\/p>\n","protected":false},"excerpt":{"rendered":"<ul>\n<li>Wsparcie regulacji apetytu<\/li>\n<li>Codzienny zastrzyk<\/li>\n<li>Promuje stopniow\u0105 utrat\u0119 wagi<\/li>\n<\/ul>\n","protected":false},"featured_media":469,"comment_status":"open","ping_status":"closed","template":"","meta":[],"product_brand":[],"product_cat":[175],"product_tag":[],"expert":[16],"class_list":{"0":"post-467","1":"product","2":"type-product","3":"status-publish","4":"has-post-thumbnail","6":"product_cat-odchudzanie","7":"expert-dr-c-alexandru","9":"first","10":"instock","11":"shipping-taxable","12":"product-type-variable"},"yoast_head":"<!-- This site is optimized with the Yoast SEO plugin v27.0 - https:\/\/yoast.com\/product\/yoast-seo-wordpress\/ -->\n<title>Saxenda | Skuteczne rozwi\u0105zanie na odchudzanie - Transtoyou<\/title>\n<meta name=\"description\" content=\"Odkryj Saxenda w Transtoyou, skuteczny w zarz\u0105dzaniu wag\u0105. Klinicznie oceniany, niezawodny i wygodny. Kup teraz dla swojego zdrowia!\" \/>\n<meta name=\"robots\" content=\"noindex, follow, max-snippet:-1, max-image-preview:large, max-video-preview:-1\" \/>\n<meta property=\"og:locale\" content=\"pl_PL\" \/>\n<meta property=\"og:type\" content=\"article\" \/>\n<meta property=\"og:title\" content=\"Saxenda | Skuteczne rozwi\u0105zanie na odchudzanie - Transtoyou\" \/>\n<meta property=\"og:description\" content=\"Odkryj Saxenda w Transtoyou, skuteczny w zarz\u0105dzaniu wag\u0105. Klinicznie oceniany, niezawodny i wygodny. Kup teraz dla swojego zdrowia!\" \/>\n<meta property=\"og:url\" content=\"https:\/\/www.transtoyou.com\/pl\/product\/saxenda\/\" \/>\n<meta property=\"og:site_name\" content=\"Transtoyou - PL\" \/>\n<meta property=\"article:modified_time\" content=\"2026-03-05T09:38:02+00:00\" \/>\n<meta name=\"twitter:card\" content=\"summary_large_image\" \/>\n<meta name=\"twitter:label1\" content=\"Szacowany czas czytania\" \/>\n\t<meta name=\"twitter:data1\" content=\"1 minuta\" \/>\n<script type=\"application\/ld+json\" class=\"yoast-schema-graph\">{\"@context\":\"https:\/\/schema.org\",\"@graph\":[{\"@type\":\"WebPage\",\"@id\":\"https:\/\/www.transtoyou.com\/pl\/product\/saxenda\/\",\"url\":\"https:\/\/www.transtoyou.com\/pl\/product\/saxenda\/\",\"name\":\"Saxenda | Skuteczne rozwi\u0105zanie na odchudzanie - Transtoyou\",\"isPartOf\":{\"@id\":\"https:\/\/www.transtoyou.com\/pl\/#website\"},\"primaryImageOfPage\":{\"@id\":\"https:\/\/www.transtoyou.com\/pl\/product\/saxenda\/#primaryimage\"},\"image\":{\"@id\":\"https:\/\/www.transtoyou.com\/pl\/product\/saxenda\/#primaryimage\"},\"thumbnailUrl\":\"https:\/\/www.transtoyou.com\/pl\/wp-content\/uploads\/sites\/11\/2026\/01\/tty-no-product-image-8.webp\",\"datePublished\":\"2026-01-22T14:47:10+00:00\",\"dateModified\":\"2026-03-05T09:38:02+00:00\",\"description\":\"Odkryj Saxenda w Transtoyou, skuteczny w zarz\u0105dzaniu wag\u0105. Klinicznie oceniany, niezawodny i wygodny. Kup teraz dla swojego zdrowia!\",\"breadcrumb\":{\"@id\":\"https:\/\/www.transtoyou.com\/pl\/product\/saxenda\/#breadcrumb\"},\"inLanguage\":\"pl-PL\",\"potentialAction\":[{\"@type\":\"ReadAction\",\"target\":[\"https:\/\/www.transtoyou.com\/pl\/product\/saxenda\/\"]}]},{\"@type\":\"ImageObject\",\"inLanguage\":\"pl-PL\",\"@id\":\"https:\/\/www.transtoyou.com\/pl\/product\/saxenda\/#primaryimage\",\"url\":\"https:\/\/www.transtoyou.com\/pl\/wp-content\/uploads\/sites\/11\/2026\/01\/tty-no-product-image-8.webp\",\"contentUrl\":\"https:\/\/www.transtoyou.com\/pl\/wp-content\/uploads\/sites\/11\/2026\/01\/tty-no-product-image-8.webp\",\"width\":1000,\"height\":1000,\"caption\":\"Domy\u015blny obraz produktu\"},{\"@type\":\"WebSite\",\"@id\":\"https:\/\/www.transtoyou.com\/pl\/#website\",\"url\":\"https:\/\/www.transtoyou.com\/pl\/\",\"name\":\"Transtoyou - PL\",\"description\":\"\",\"publisher\":{\"@id\":\"https:\/\/www.transtoyou.com\/pl\/#organization\"},\"potentialAction\":[{\"@type\":\"SearchAction\",\"target\":{\"@type\":\"EntryPoint\",\"urlTemplate\":\"https:\/\/www.transtoyou.com\/pl\/?s={search_term_string}\"},\"query-input\":{\"@type\":\"PropertyValueSpecification\",\"valueRequired\":true,\"valueName\":\"search_term_string\"}}],\"inLanguage\":\"pl-PL\"},{\"@type\":\"Organization\",\"@id\":\"https:\/\/www.transtoyou.com\/pl\/#organization\",\"name\":\"Transtoyou - PL\",\"url\":\"https:\/\/www.transtoyou.com\/pl\/\",\"logo\":{\"@type\":\"ImageObject\",\"inLanguage\":\"pl-PL\",\"@id\":\"https:\/\/www.transtoyou.com\/pl\/#\/schema\/logo\/image\/\",\"url\":\"https:\/\/www.transtoyou.com\/pl\/wp-content\/uploads\/sites\/11\/2026\/01\/logo-tty-menu-bar-300x87-1.webp\",\"contentUrl\":\"https:\/\/www.transtoyou.com\/pl\/wp-content\/uploads\/sites\/11\/2026\/01\/logo-tty-menu-bar-300x87-1.webp\",\"width\":300,\"height\":87,\"caption\":\"Transtoyou - PL\"},\"image\":{\"@id\":\"https:\/\/www.transtoyou.com\/pl\/#\/schema\/logo\/image\/\"}}]}<\/script>\n<!-- \/ Yoast SEO plugin. -->","yoast_head_json":{"title":"Saxenda | Skuteczne rozwi\u0105zanie na odchudzanie - Transtoyou","description":"Odkryj Saxenda w Transtoyou, skuteczny w zarz\u0105dzaniu wag\u0105. Klinicznie oceniany, niezawodny i wygodny. Kup teraz dla swojego zdrowia!","robots":{"index":"noindex","follow":"follow","max-snippet":"max-snippet:-1","max-image-preview":"max-image-preview:large","max-video-preview":"max-video-preview:-1"},"og_locale":"pl_PL","og_type":"article","og_title":"Saxenda | Skuteczne rozwi\u0105zanie na odchudzanie - Transtoyou","og_description":"Odkryj Saxenda w Transtoyou, skuteczny w zarz\u0105dzaniu wag\u0105. Klinicznie oceniany, niezawodny i wygodny. Kup teraz dla swojego zdrowia!","og_url":"https:\/\/www.transtoyou.com\/pl\/product\/saxenda\/","og_site_name":"Transtoyou - PL","article_modified_time":"2026-03-05T09:38:02+00:00","twitter_card":"summary_large_image","twitter_misc":{"Szacowany czas czytania":"1 minuta"},"schema":{"@context":"https:\/\/schema.org","@graph":[{"@type":"WebPage","@id":"https:\/\/www.transtoyou.com\/pl\/product\/saxenda\/","url":"https:\/\/www.transtoyou.com\/pl\/product\/saxenda\/","name":"Saxenda | Skuteczne rozwi\u0105zanie na odchudzanie - Transtoyou","isPartOf":{"@id":"https:\/\/www.transtoyou.com\/pl\/#website"},"primaryImageOfPage":{"@id":"https:\/\/www.transtoyou.com\/pl\/product\/saxenda\/#primaryimage"},"image":{"@id":"https:\/\/www.transtoyou.com\/pl\/product\/saxenda\/#primaryimage"},"thumbnailUrl":"https:\/\/www.transtoyou.com\/pl\/wp-content\/uploads\/sites\/11\/2026\/01\/tty-no-product-image-8.webp","datePublished":"2026-01-22T14:47:10+00:00","dateModified":"2026-03-05T09:38:02+00:00","description":"Odkryj Saxenda w Transtoyou, skuteczny w zarz\u0105dzaniu wag\u0105. Klinicznie oceniany, niezawodny i wygodny. Kup teraz dla swojego zdrowia!","breadcrumb":{"@id":"https:\/\/www.transtoyou.com\/pl\/product\/saxenda\/#breadcrumb"},"inLanguage":"pl-PL","potentialAction":[{"@type":"ReadAction","target":["https:\/\/www.transtoyou.com\/pl\/product\/saxenda\/"]}]},{"@type":"ImageObject","inLanguage":"pl-PL","@id":"https:\/\/www.transtoyou.com\/pl\/product\/saxenda\/#primaryimage","url":"https:\/\/www.transtoyou.com\/pl\/wp-content\/uploads\/sites\/11\/2026\/01\/tty-no-product-image-8.webp","contentUrl":"https:\/\/www.transtoyou.com\/pl\/wp-content\/uploads\/sites\/11\/2026\/01\/tty-no-product-image-8.webp","width":1000,"height":1000,"caption":"Domy\u015blny obraz produktu"},{"@type":"WebSite","@id":"https:\/\/www.transtoyou.com\/pl\/#website","url":"https:\/\/www.transtoyou.com\/pl\/","name":"Transtoyou - PL","description":"","publisher":{"@id":"https:\/\/www.transtoyou.com\/pl\/#organization"},"potentialAction":[{"@type":"SearchAction","target":{"@type":"EntryPoint","urlTemplate":"https:\/\/www.transtoyou.com\/pl\/?s={search_term_string}"},"query-input":{"@type":"PropertyValueSpecification","valueRequired":true,"valueName":"search_term_string"}}],"inLanguage":"pl-PL"},{"@type":"Organization","@id":"https:\/\/www.transtoyou.com\/pl\/#organization","name":"Transtoyou - PL","url":"https:\/\/www.transtoyou.com\/pl\/","logo":{"@type":"ImageObject","inLanguage":"pl-PL","@id":"https:\/\/www.transtoyou.com\/pl\/#\/schema\/logo\/image\/","url":"https:\/\/www.transtoyou.com\/pl\/wp-content\/uploads\/sites\/11\/2026\/01\/logo-tty-menu-bar-300x87-1.webp","contentUrl":"https:\/\/www.transtoyou.com\/pl\/wp-content\/uploads\/sites\/11\/2026\/01\/logo-tty-menu-bar-300x87-1.webp","width":300,"height":87,"caption":"Transtoyou - PL"},"image":{"@id":"https:\/\/www.transtoyou.com\/pl\/#\/schema\/logo\/image\/"}}]}},"_links":{"self":[{"href":"https:\/\/www.transtoyou.com\/pl\/wp-json\/wp\/v2\/product\/467","targetHints":{"allow":["GET"]}}],"collection":[{"href":"https:\/\/www.transtoyou.com\/pl\/wp-json\/wp\/v2\/product"}],"about":[{"href":"https:\/\/www.transtoyou.com\/pl\/wp-json\/wp\/v2\/types\/product"}],"replies":[{"embeddable":true,"href":"https:\/\/www.transtoyou.com\/pl\/wp-json\/wp\/v2\/comments?post=467"}],"wp:featuredmedia":[{"embeddable":true,"href":"https:\/\/www.transtoyou.com\/pl\/wp-json\/wp\/v2\/media\/469"}],"wp:attachment":[{"href":"https:\/\/www.transtoyou.com\/pl\/wp-json\/wp\/v2\/media?parent=467"}],"wp:term":[{"taxonomy":"product_brand","embeddable":true,"href":"https:\/\/www.transtoyou.com\/pl\/wp-json\/wp\/v2\/product_brand?post=467"},{"taxonomy":"product_cat","embeddable":true,"href":"https:\/\/www.transtoyou.com\/pl\/wp-json\/wp\/v2\/product_cat?post=467"},{"taxonomy":"product_tag","embeddable":true,"href":"https:\/\/www.transtoyou.com\/pl\/wp-json\/wp\/v2\/product_tag?post=467"},{"taxonomy":"expert","embeddable":true,"href":"https:\/\/www.transtoyou.com\/pl\/wp-json\/wp\/v2\/expert?post=467"}],"curies":[{"name":"wp","href":"https:\/\/api.w.org\/{rel}","templated":true}]}}