{"id":470,"date":"2026-01-22T17:03:59","date_gmt":"2026-01-22T15:03:59","guid":{"rendered":"https:\/\/www.transtoyou.com\/pl\/product\/orlistat\/"},"modified":"2026-03-01T11:28:30","modified_gmt":"2026-03-01T09:28:30","slug":"orlistat","status":"publish","type":"product","link":"https:\/\/www.transtoyou.com\/pl\/product\/orlistat\/","title":{"rendered":"Orlistat"},"content":{"rendered":"<p>Orlistat to lek na odchudzanie, kt\u00f3ry dzia\u0142a poprzez zapobieganie wch\u0142anianiu t\u0142uszczu z jedzenia, kt\u00f3re spo\u017cywasz. Zwykle jest stosowany przez doros\u0142ych, kt\u00f3rzy maj\u0105 nadwag\u0119 lub oty\u0142o\u015b\u0107 i chc\u0105 kontrolowa\u0107 swoj\u0105 wag\u0119 w po\u0142\u0105czeniu z diet\u0105 o obni\u017conej kaloryczno\u015bci i niskiej zawarto\u015bci t\u0142uszczu. W przeciwie\u0144stwie do supresant\u00f3w apetytu, kt\u00f3re wp\u0142ywaj\u0105 na m\u00f3zg, Orlistat dzia\u0142a lokalnie w przewodzie pokarmowym, celuj\u0105c w enzym lipaz\u0119. Enzym ten odpowiada za rozk\u0142adanie t\u0142uszczu w diecie, aby m\u00f3g\u0142 by\u0107 wch\u0142oni\u0119ty przez organizm. Poprzez hamowanie lipazy, Orlistat zapewnia, \u017ce oko\u0142o jednej trzeciej t\u0142uszczu w diecie nie jest wch\u0142aniane i jest wydalane z organizmu w spos\u00f3b naturalny.<\/p>\n<p>Orlistat zazwyczaj przyjmuje si\u0119 trzy razy dziennie przy ka\u017cdym g\u0142\u00f3wnym posi\u0142ku zawieraj\u0105cym t\u0142uszcz. Jego skuteczno\u015b\u0107 jest \u015bci\u015ble zwi\u0105zana z utrzymywaniem zr\u00f3wnowa\u017conej diety i regularn\u0105 aktywno\u015bci\u0105 fizyczn\u0105. Wi\u0119kszo\u015b\u0107 u\u017cytkownik\u00f3w zaczyna zauwa\u017ca\u0107 stopniowy spadek wagi w ci\u0105gu kilku tygodni. Dodatkowo, udowodniono, \u017ce Orlistat pomaga poprawi\u0107 ci\u015bnienie krwi, poziom cholesterolu oraz kontrol\u0119 poziomu cukru we krwi u os\u00f3b z problemami zdrowotnymi zwi\u0105zanymi z wag\u0105.<\/p>\n<p>Najcz\u0119stsze skutki uboczne maj\u0105 charakter trawienny i obejmuj\u0105 t\u0142uste lub oleiste stolce, zwi\u0119kszon\u0105 liczb\u0119 wypr\u00f3\u017cnie\u0144 lub dyskomfort w \u017co\u0142\u0105dku. Te skutki uboczne cz\u0119sto zmniejszaj\u0105 si\u0119, gdy organizm si\u0119 przystosowuje, a u\u017cytkownicy przyjmuj\u0105 diet\u0119 o ni\u017cszej zawarto\u015bci t\u0142uszczu. Aby wspiera\u0107 wch\u0142anianie witamin rozpuszczalnych w t\u0142uszczach, cz\u0119sto zaleca si\u0119 przyjmowanie suplementu multiwitaminowego o innej porze dnia ni\u017c dawka Orlistatu.<\/p>\n","protected":false},"excerpt":{"rendered":"<ul>\n<li>Redukuje wch\u0142anianie t\u0142uszczu<\/li>\n<li>Nieinwazyjny \u015brodek wspomagaj\u0105cy odchudzanie<\/li>\n<li>Pomaga poprawi\u0107 zdrowie metaboliczne<\/li>\n<\/ul>\n","protected":false},"featured_media":472,"comment_status":"open","ping_status":"closed","template":"","meta":[],"product_brand":[],"product_cat":[175],"product_tag":[],"expert":[16],"class_list":{"0":"post-470","1":"product","2":"type-product","3":"status-publish","4":"has-post-thumbnail","6":"product_cat-odchudzanie","7":"expert-dr-c-alexandru","9":"first","10":"instock","11":"shipping-taxable","12":"product-type-variable"},"yoast_head":"<!-- This site is optimized with the Yoast SEO plugin v27.0 - https:\/\/yoast.com\/product\/yoast-seo-wordpress\/ -->\n<title>Orlistat | Skuteczne Zarz\u0105dzanie Wag\u0105 - Transtoyou<\/title>\n<meta name=\"description\" content=\"Orlistat: Wspieraj zarz\u0105dzanie wag\u0105 dzi\u0119ki temu skutecznemu produktowi dost\u0119pnym w Transtoyou. Kup teraz zaufane rozwi\u0105zanie na drodze do zdrowia.\" \/>\n<meta name=\"robots\" content=\"noindex, follow, max-snippet:-1, max-image-preview:large, max-video-preview:-1\" \/>\n<meta property=\"og:locale\" content=\"pl_PL\" \/>\n<meta property=\"og:type\" content=\"article\" \/>\n<meta property=\"og:title\" content=\"Orlistat | Skuteczne Zarz\u0105dzanie Wag\u0105 - Transtoyou\" \/>\n<meta property=\"og:description\" content=\"Orlistat: Wspieraj zarz\u0105dzanie wag\u0105 dzi\u0119ki temu skutecznemu produktowi dost\u0119pnym w Transtoyou. Kup teraz zaufane rozwi\u0105zanie na drodze do zdrowia.\" \/>\n<meta property=\"og:url\" content=\"https:\/\/www.transtoyou.com\/pl\/product\/orlistat\/\" \/>\n<meta property=\"og:site_name\" content=\"Transtoyou - PL\" \/>\n<meta property=\"article:modified_time\" content=\"2026-03-01T09:28:30+00:00\" \/>\n<meta name=\"twitter:card\" content=\"summary_large_image\" \/>\n<meta name=\"twitter:label1\" content=\"Szacowany czas czytania\" \/>\n\t<meta name=\"twitter:data1\" content=\"1 minuta\" \/>\n<script type=\"application\/ld+json\" class=\"yoast-schema-graph\">{\"@context\":\"https:\/\/schema.org\",\"@graph\":[{\"@type\":\"WebPage\",\"@id\":\"https:\/\/www.transtoyou.com\/pl\/product\/orlistat\/\",\"url\":\"https:\/\/www.transtoyou.com\/pl\/product\/orlistat\/\",\"name\":\"Orlistat | Skuteczne Zarz\u0105dzanie Wag\u0105 - Transtoyou\",\"isPartOf\":{\"@id\":\"https:\/\/www.transtoyou.com\/pl\/#website\"},\"primaryImageOfPage\":{\"@id\":\"https:\/\/www.transtoyou.com\/pl\/product\/orlistat\/#primaryimage\"},\"image\":{\"@id\":\"https:\/\/www.transtoyou.com\/pl\/product\/orlistat\/#primaryimage\"},\"thumbnailUrl\":\"https:\/\/www.transtoyou.com\/pl\/wp-content\/uploads\/sites\/11\/2026\/01\/tty-no-product-image-9.webp\",\"datePublished\":\"2026-01-22T15:03:59+00:00\",\"dateModified\":\"2026-03-01T09:28:30+00:00\",\"description\":\"Orlistat: Wspieraj zarz\u0105dzanie wag\u0105 dzi\u0119ki temu skutecznemu produktowi dost\u0119pnym w Transtoyou. Kup teraz zaufane rozwi\u0105zanie na drodze do zdrowia.\",\"breadcrumb\":{\"@id\":\"https:\/\/www.transtoyou.com\/pl\/product\/orlistat\/#breadcrumb\"},\"inLanguage\":\"pl-PL\",\"potentialAction\":[{\"@type\":\"ReadAction\",\"target\":[\"https:\/\/www.transtoyou.com\/pl\/product\/orlistat\/\"]}]},{\"@type\":\"ImageObject\",\"inLanguage\":\"pl-PL\",\"@id\":\"https:\/\/www.transtoyou.com\/pl\/product\/orlistat\/#primaryimage\",\"url\":\"https:\/\/www.transtoyou.com\/pl\/wp-content\/uploads\/sites\/11\/2026\/01\/tty-no-product-image-9.webp\",\"contentUrl\":\"https:\/\/www.transtoyou.com\/pl\/wp-content\/uploads\/sites\/11\/2026\/01\/tty-no-product-image-9.webp\",\"width\":1000,\"height\":1000,\"caption\":\"Domy\u015blny obraz produktu\"},{\"@type\":\"WebSite\",\"@id\":\"https:\/\/www.transtoyou.com\/pl\/#website\",\"url\":\"https:\/\/www.transtoyou.com\/pl\/\",\"name\":\"Transtoyou - PL\",\"description\":\"\",\"publisher\":{\"@id\":\"https:\/\/www.transtoyou.com\/pl\/#organization\"},\"potentialAction\":[{\"@type\":\"SearchAction\",\"target\":{\"@type\":\"EntryPoint\",\"urlTemplate\":\"https:\/\/www.transtoyou.com\/pl\/?s={search_term_string}\"},\"query-input\":{\"@type\":\"PropertyValueSpecification\",\"valueRequired\":true,\"valueName\":\"search_term_string\"}}],\"inLanguage\":\"pl-PL\"},{\"@type\":\"Organization\",\"@id\":\"https:\/\/www.transtoyou.com\/pl\/#organization\",\"name\":\"Transtoyou - PL\",\"url\":\"https:\/\/www.transtoyou.com\/pl\/\",\"logo\":{\"@type\":\"ImageObject\",\"inLanguage\":\"pl-PL\",\"@id\":\"https:\/\/www.transtoyou.com\/pl\/#\/schema\/logo\/image\/\",\"url\":\"https:\/\/www.transtoyou.com\/pl\/wp-content\/uploads\/sites\/11\/2026\/01\/logo-tty-menu-bar-300x87-1.webp\",\"contentUrl\":\"https:\/\/www.transtoyou.com\/pl\/wp-content\/uploads\/sites\/11\/2026\/01\/logo-tty-menu-bar-300x87-1.webp\",\"width\":300,\"height\":87,\"caption\":\"Transtoyou - PL\"},\"image\":{\"@id\":\"https:\/\/www.transtoyou.com\/pl\/#\/schema\/logo\/image\/\"}}]}<\/script>\n<!-- \/ Yoast SEO plugin. -->","yoast_head_json":{"title":"Orlistat | Skuteczne Zarz\u0105dzanie Wag\u0105 - Transtoyou","description":"Orlistat: Wspieraj zarz\u0105dzanie wag\u0105 dzi\u0119ki temu skutecznemu produktowi dost\u0119pnym w Transtoyou. Kup teraz zaufane rozwi\u0105zanie na drodze do zdrowia.","robots":{"index":"noindex","follow":"follow","max-snippet":"max-snippet:-1","max-image-preview":"max-image-preview:large","max-video-preview":"max-video-preview:-1"},"og_locale":"pl_PL","og_type":"article","og_title":"Orlistat | Skuteczne Zarz\u0105dzanie Wag\u0105 - Transtoyou","og_description":"Orlistat: Wspieraj zarz\u0105dzanie wag\u0105 dzi\u0119ki temu skutecznemu produktowi dost\u0119pnym w Transtoyou. Kup teraz zaufane rozwi\u0105zanie na drodze do zdrowia.","og_url":"https:\/\/www.transtoyou.com\/pl\/product\/orlistat\/","og_site_name":"Transtoyou - PL","article_modified_time":"2026-03-01T09:28:30+00:00","twitter_card":"summary_large_image","twitter_misc":{"Szacowany czas czytania":"1 minuta"},"schema":{"@context":"https:\/\/schema.org","@graph":[{"@type":"WebPage","@id":"https:\/\/www.transtoyou.com\/pl\/product\/orlistat\/","url":"https:\/\/www.transtoyou.com\/pl\/product\/orlistat\/","name":"Orlistat | Skuteczne Zarz\u0105dzanie Wag\u0105 - Transtoyou","isPartOf":{"@id":"https:\/\/www.transtoyou.com\/pl\/#website"},"primaryImageOfPage":{"@id":"https:\/\/www.transtoyou.com\/pl\/product\/orlistat\/#primaryimage"},"image":{"@id":"https:\/\/www.transtoyou.com\/pl\/product\/orlistat\/#primaryimage"},"thumbnailUrl":"https:\/\/www.transtoyou.com\/pl\/wp-content\/uploads\/sites\/11\/2026\/01\/tty-no-product-image-9.webp","datePublished":"2026-01-22T15:03:59+00:00","dateModified":"2026-03-01T09:28:30+00:00","description":"Orlistat: Wspieraj zarz\u0105dzanie wag\u0105 dzi\u0119ki temu skutecznemu produktowi dost\u0119pnym w Transtoyou. Kup teraz zaufane rozwi\u0105zanie na drodze do zdrowia.","breadcrumb":{"@id":"https:\/\/www.transtoyou.com\/pl\/product\/orlistat\/#breadcrumb"},"inLanguage":"pl-PL","potentialAction":[{"@type":"ReadAction","target":["https:\/\/www.transtoyou.com\/pl\/product\/orlistat\/"]}]},{"@type":"ImageObject","inLanguage":"pl-PL","@id":"https:\/\/www.transtoyou.com\/pl\/product\/orlistat\/#primaryimage","url":"https:\/\/www.transtoyou.com\/pl\/wp-content\/uploads\/sites\/11\/2026\/01\/tty-no-product-image-9.webp","contentUrl":"https:\/\/www.transtoyou.com\/pl\/wp-content\/uploads\/sites\/11\/2026\/01\/tty-no-product-image-9.webp","width":1000,"height":1000,"caption":"Domy\u015blny obraz produktu"},{"@type":"WebSite","@id":"https:\/\/www.transtoyou.com\/pl\/#website","url":"https:\/\/www.transtoyou.com\/pl\/","name":"Transtoyou - PL","description":"","publisher":{"@id":"https:\/\/www.transtoyou.com\/pl\/#organization"},"potentialAction":[{"@type":"SearchAction","target":{"@type":"EntryPoint","urlTemplate":"https:\/\/www.transtoyou.com\/pl\/?s={search_term_string}"},"query-input":{"@type":"PropertyValueSpecification","valueRequired":true,"valueName":"search_term_string"}}],"inLanguage":"pl-PL"},{"@type":"Organization","@id":"https:\/\/www.transtoyou.com\/pl\/#organization","name":"Transtoyou - PL","url":"https:\/\/www.transtoyou.com\/pl\/","logo":{"@type":"ImageObject","inLanguage":"pl-PL","@id":"https:\/\/www.transtoyou.com\/pl\/#\/schema\/logo\/image\/","url":"https:\/\/www.transtoyou.com\/pl\/wp-content\/uploads\/sites\/11\/2026\/01\/logo-tty-menu-bar-300x87-1.webp","contentUrl":"https:\/\/www.transtoyou.com\/pl\/wp-content\/uploads\/sites\/11\/2026\/01\/logo-tty-menu-bar-300x87-1.webp","width":300,"height":87,"caption":"Transtoyou - PL"},"image":{"@id":"https:\/\/www.transtoyou.com\/pl\/#\/schema\/logo\/image\/"}}]}},"_links":{"self":[{"href":"https:\/\/www.transtoyou.com\/pl\/wp-json\/wp\/v2\/product\/470","targetHints":{"allow":["GET"]}}],"collection":[{"href":"https:\/\/www.transtoyou.com\/pl\/wp-json\/wp\/v2\/product"}],"about":[{"href":"https:\/\/www.transtoyou.com\/pl\/wp-json\/wp\/v2\/types\/product"}],"replies":[{"embeddable":true,"href":"https:\/\/www.transtoyou.com\/pl\/wp-json\/wp\/v2\/comments?post=470"}],"wp:featuredmedia":[{"embeddable":true,"href":"https:\/\/www.transtoyou.com\/pl\/wp-json\/wp\/v2\/media\/472"}],"wp:attachment":[{"href":"https:\/\/www.transtoyou.com\/pl\/wp-json\/wp\/v2\/media?parent=470"}],"wp:term":[{"taxonomy":"product_brand","embeddable":true,"href":"https:\/\/www.transtoyou.com\/pl\/wp-json\/wp\/v2\/product_brand?post=470"},{"taxonomy":"product_cat","embeddable":true,"href":"https:\/\/www.transtoyou.com\/pl\/wp-json\/wp\/v2\/product_cat?post=470"},{"taxonomy":"product_tag","embeddable":true,"href":"https:\/\/www.transtoyou.com\/pl\/wp-json\/wp\/v2\/product_tag?post=470"},{"taxonomy":"expert","embeddable":true,"href":"https:\/\/www.transtoyou.com\/pl\/wp-json\/wp\/v2\/expert?post=470"}],"curies":[{"name":"wp","href":"https:\/\/api.w.org\/{rel}","templated":true}]}}