{"id":491,"date":"2026-01-22T18:58:15","date_gmt":"2026-01-22T16:58:15","guid":{"rendered":"https:\/\/www.transtoyou.com\/pl\/product\/euthyrox\/"},"modified":"2026-01-22T18:59:26","modified_gmt":"2026-01-22T16:59:26","slug":"euthyrox","status":"publish","type":"product","link":"https:\/\/www.transtoyou.com\/pl\/product\/euthyrox\/","title":{"rendered":"Euthyrox"},"content":{"rendered":"<p>Euthyrox to syntetyczna forma lewotyroksyny, hormonu identycznego z naturaln\u0105 tyroksyn\u0105 produkowan\u0105 przez tarczyc\u0119. Stosuje si\u0119 go w leczeniu niedoczynno\u015bci tarczycy, stanu, w kt\u00f3rym tarczyca jest ma\u0142o aktywna i nie produkuje wystarczaj\u0105cej ilo\u015bci hormonu. Tyroksyna jest niezb\u0119dna do regulacji metabolizmu organizmu, poziomu energii, kontroli temperatury oraz wielu innych kluczowych funkcji.<\/p>\n<p>Gdy tarczyca nie produkuje wystarczaj\u0105cej ilo\u015bci hormonu, mog\u0105 wyst\u0105pi\u0107 objawy takie jak zm\u0119czenie, przyrost masy cia\u0142a, sucha sk\u00f3ra, zaparcia, depresja i nietolerancja zimna. Euthyrox pomaga przywr\u00f3ci\u0107 poziom hormon\u00f3w do normy, umo\u017cliwiaj\u0105c prawid\u0142owe funkcjonowanie system\u00f3w organizmu. Poprawiaj\u0105c r\u00f3wnowag\u0119 hormonaln\u0105, mo\u017ce poprawi\u0107 energi\u0119, koncentracj\u0119, nastr\u00f3j i stabilno\u015b\u0107 metaboliczn\u0105.<\/p>\n<p>Euthyrox przyjmuje si\u0119 raz dziennie, najlepiej rano, na czczo, co najmniej 30\u201360 minut przed jedzeniem lub piciem czegokolwiek poza wod\u0105. Jest wch\u0142aniany przez przew\u00f3d pokarmowy i rozprowadzany po ca\u0142ym ciele, aby wywo\u0142a\u0107 swoje dzia\u0142anie.<\/p>\n<p>Wi\u0119kszo\u015b\u0107 os\u00f3b zaczyna zauwa\u017ca\u0107 popraw\u0119 objaw\u00f3w w ci\u0105gu jednego do dw\u00f3ch tygodni od rozpocz\u0119cia leczenia, chocia\u017c pe\u0142ne efekty mog\u0105 zaj\u0105\u0107 wi\u0119cej czasu. Poniewa\u017c niedoczynno\u015b\u0107 tarczycy jest cz\u0119sto stanem przewlek\u0142ym, Euthyrox zazwyczaj przyjmuje si\u0119 jako d\u0142ugoterminowy lek codzienny.<\/p>\n<p>Zwykle jest dobrze tolerowany, gdy jest przyjmowany w odpowiedniej dawce. Dzia\u0142ania niepo\u017c\u0105dane mog\u0105 wyst\u0105pi\u0107, je\u015bli dawka jest zbyt wysoka i mog\u0105 obejmowa\u0107 objawy nadczynno\u015bci tarczycy, takie jak niepok\u00f3j, pocenie si\u0119, palpitacje lub trudno\u015bci ze snem. Euthyrox jest przeciwwskazany u pacjent\u00f3w z nieleczon\u0105 niewydolno\u015bci\u0105 nadnerczy, ostr\u0105 tyreotoksykoz\u0105 lub znan\u0105 nadwra\u017cliwo\u015bci\u0105 na lewotyroksyn\u0119 lub jakikolwiek sk\u0142adnik pomocniczy w formulacji.<\/p>\n","protected":false},"excerpt":{"rendered":"<ul>\n<li>Codzienna wymiana hormon\u00f3w tarczycy<\/li>\n<li>Poprawia energi\u0119 i metabolizm<\/li>\n<li>Wspiera r\u00f3wnowag\u0119 hormonaln\u0105<\/li>\n<\/ul>\n","protected":false},"featured_media":493,"comment_status":"open","ping_status":"closed","template":"","meta":[],"product_brand":[],"product_cat":[168],"product_tag":[],"expert":[21],"class_list":{"0":"post-491","1":"product","2":"type-product","3":"status-publish","4":"has-post-thumbnail","6":"product_cat-zaburzenia-tarczycy","7":"expert-dr-m-sharoyko","9":"first","10":"instock","11":"shipping-taxable","12":"product-type-variable"},"yoast_head":"<!-- This site is optimized with the Yoast SEO plugin v27.0 - https:\/\/yoast.com\/product\/yoast-seo-wordpress\/ -->\n<title>Euthyrox | Przywr\u00f3\u0107 r\u00f3wnowag\u0119 tarczycy - Transtoyou<\/title>\n<meta name=\"description\" content=\"Euthyrox, syntetyczna lewotyroksyna, skutecznie leczy niedoczynno\u015b\u0107 tarczycy. Kup teraz w Transtoyou, aby uzyska\u0107 niezawodne wsparcie hormon\u00f3w tarczycy.\" \/>\n<meta name=\"robots\" content=\"noindex, follow, max-snippet:-1, max-image-preview:large, max-video-preview:-1\" \/>\n<meta property=\"og:locale\" content=\"pl_PL\" \/>\n<meta property=\"og:type\" content=\"article\" \/>\n<meta property=\"og:title\" content=\"Euthyrox | Przywr\u00f3\u0107 r\u00f3wnowag\u0119 tarczycy - Transtoyou\" \/>\n<meta property=\"og:description\" content=\"Euthyrox, syntetyczna lewotyroksyna, skutecznie leczy niedoczynno\u015b\u0107 tarczycy. Kup teraz w Transtoyou, aby uzyska\u0107 niezawodne wsparcie hormon\u00f3w tarczycy.\" \/>\n<meta property=\"og:url\" content=\"https:\/\/www.transtoyou.com\/pl\/product\/euthyrox\/\" \/>\n<meta property=\"og:site_name\" content=\"Transtoyou - PL\" \/>\n<meta property=\"article:modified_time\" content=\"2026-01-22T16:59:26+00:00\" \/>\n<meta name=\"twitter:card\" content=\"summary_large_image\" \/>\n<meta name=\"twitter:label1\" content=\"Szacowany czas czytania\" \/>\n\t<meta name=\"twitter:data1\" content=\"1 minuta\" \/>\n<script type=\"application\/ld+json\" class=\"yoast-schema-graph\">{\"@context\":\"https:\/\/schema.org\",\"@graph\":[{\"@type\":\"WebPage\",\"@id\":\"https:\/\/www.transtoyou.com\/pl\/product\/euthyrox\/\",\"url\":\"https:\/\/www.transtoyou.com\/pl\/product\/euthyrox\/\",\"name\":\"Euthyrox | Przywr\u00f3\u0107 r\u00f3wnowag\u0119 tarczycy - Transtoyou\",\"isPartOf\":{\"@id\":\"https:\/\/www.transtoyou.com\/pl\/#website\"},\"primaryImageOfPage\":{\"@id\":\"https:\/\/www.transtoyou.com\/pl\/product\/euthyrox\/#primaryimage\"},\"image\":{\"@id\":\"https:\/\/www.transtoyou.com\/pl\/product\/euthyrox\/#primaryimage\"},\"thumbnailUrl\":\"https:\/\/www.transtoyou.com\/pl\/wp-content\/uploads\/sites\/11\/2026\/01\/tty-no-product-image-16.webp\",\"datePublished\":\"2026-01-22T16:58:15+00:00\",\"dateModified\":\"2026-01-22T16:59:26+00:00\",\"description\":\"Euthyrox, syntetyczna lewotyroksyna, skutecznie leczy niedoczynno\u015b\u0107 tarczycy. Kup teraz w Transtoyou, aby uzyska\u0107 niezawodne wsparcie hormon\u00f3w tarczycy.\",\"breadcrumb\":{\"@id\":\"https:\/\/www.transtoyou.com\/pl\/product\/euthyrox\/#breadcrumb\"},\"inLanguage\":\"pl-PL\",\"potentialAction\":[{\"@type\":\"ReadAction\",\"target\":[\"https:\/\/www.transtoyou.com\/pl\/product\/euthyrox\/\"]}]},{\"@type\":\"ImageObject\",\"inLanguage\":\"pl-PL\",\"@id\":\"https:\/\/www.transtoyou.com\/pl\/product\/euthyrox\/#primaryimage\",\"url\":\"https:\/\/www.transtoyou.com\/pl\/wp-content\/uploads\/sites\/11\/2026\/01\/tty-no-product-image-16.webp\",\"contentUrl\":\"https:\/\/www.transtoyou.com\/pl\/wp-content\/uploads\/sites\/11\/2026\/01\/tty-no-product-image-16.webp\",\"width\":1000,\"height\":1000,\"caption\":\"Domy\u015blny obraz produktu\"},{\"@type\":\"WebSite\",\"@id\":\"https:\/\/www.transtoyou.com\/pl\/#website\",\"url\":\"https:\/\/www.transtoyou.com\/pl\/\",\"name\":\"Transtoyou - PL\",\"description\":\"\",\"publisher\":{\"@id\":\"https:\/\/www.transtoyou.com\/pl\/#organization\"},\"potentialAction\":[{\"@type\":\"SearchAction\",\"target\":{\"@type\":\"EntryPoint\",\"urlTemplate\":\"https:\/\/www.transtoyou.com\/pl\/?s={search_term_string}\"},\"query-input\":{\"@type\":\"PropertyValueSpecification\",\"valueRequired\":true,\"valueName\":\"search_term_string\"}}],\"inLanguage\":\"pl-PL\"},{\"@type\":\"Organization\",\"@id\":\"https:\/\/www.transtoyou.com\/pl\/#organization\",\"name\":\"Transtoyou - PL\",\"url\":\"https:\/\/www.transtoyou.com\/pl\/\",\"logo\":{\"@type\":\"ImageObject\",\"inLanguage\":\"pl-PL\",\"@id\":\"https:\/\/www.transtoyou.com\/pl\/#\/schema\/logo\/image\/\",\"url\":\"https:\/\/www.transtoyou.com\/pl\/wp-content\/uploads\/sites\/11\/2026\/01\/logo-tty-menu-bar-300x87-1.webp\",\"contentUrl\":\"https:\/\/www.transtoyou.com\/pl\/wp-content\/uploads\/sites\/11\/2026\/01\/logo-tty-menu-bar-300x87-1.webp\",\"width\":300,\"height\":87,\"caption\":\"Transtoyou - PL\"},\"image\":{\"@id\":\"https:\/\/www.transtoyou.com\/pl\/#\/schema\/logo\/image\/\"}}]}<\/script>\n<!-- \/ Yoast SEO plugin. -->","yoast_head_json":{"title":"Euthyrox | Przywr\u00f3\u0107 r\u00f3wnowag\u0119 tarczycy - Transtoyou","description":"Euthyrox, syntetyczna lewotyroksyna, skutecznie leczy niedoczynno\u015b\u0107 tarczycy. Kup teraz w Transtoyou, aby uzyska\u0107 niezawodne wsparcie hormon\u00f3w tarczycy.","robots":{"index":"noindex","follow":"follow","max-snippet":"max-snippet:-1","max-image-preview":"max-image-preview:large","max-video-preview":"max-video-preview:-1"},"og_locale":"pl_PL","og_type":"article","og_title":"Euthyrox | Przywr\u00f3\u0107 r\u00f3wnowag\u0119 tarczycy - Transtoyou","og_description":"Euthyrox, syntetyczna lewotyroksyna, skutecznie leczy niedoczynno\u015b\u0107 tarczycy. Kup teraz w Transtoyou, aby uzyska\u0107 niezawodne wsparcie hormon\u00f3w tarczycy.","og_url":"https:\/\/www.transtoyou.com\/pl\/product\/euthyrox\/","og_site_name":"Transtoyou - PL","article_modified_time":"2026-01-22T16:59:26+00:00","twitter_card":"summary_large_image","twitter_misc":{"Szacowany czas czytania":"1 minuta"},"schema":{"@context":"https:\/\/schema.org","@graph":[{"@type":"WebPage","@id":"https:\/\/www.transtoyou.com\/pl\/product\/euthyrox\/","url":"https:\/\/www.transtoyou.com\/pl\/product\/euthyrox\/","name":"Euthyrox | Przywr\u00f3\u0107 r\u00f3wnowag\u0119 tarczycy - Transtoyou","isPartOf":{"@id":"https:\/\/www.transtoyou.com\/pl\/#website"},"primaryImageOfPage":{"@id":"https:\/\/www.transtoyou.com\/pl\/product\/euthyrox\/#primaryimage"},"image":{"@id":"https:\/\/www.transtoyou.com\/pl\/product\/euthyrox\/#primaryimage"},"thumbnailUrl":"https:\/\/www.transtoyou.com\/pl\/wp-content\/uploads\/sites\/11\/2026\/01\/tty-no-product-image-16.webp","datePublished":"2026-01-22T16:58:15+00:00","dateModified":"2026-01-22T16:59:26+00:00","description":"Euthyrox, syntetyczna lewotyroksyna, skutecznie leczy niedoczynno\u015b\u0107 tarczycy. Kup teraz w Transtoyou, aby uzyska\u0107 niezawodne wsparcie hormon\u00f3w tarczycy.","breadcrumb":{"@id":"https:\/\/www.transtoyou.com\/pl\/product\/euthyrox\/#breadcrumb"},"inLanguage":"pl-PL","potentialAction":[{"@type":"ReadAction","target":["https:\/\/www.transtoyou.com\/pl\/product\/euthyrox\/"]}]},{"@type":"ImageObject","inLanguage":"pl-PL","@id":"https:\/\/www.transtoyou.com\/pl\/product\/euthyrox\/#primaryimage","url":"https:\/\/www.transtoyou.com\/pl\/wp-content\/uploads\/sites\/11\/2026\/01\/tty-no-product-image-16.webp","contentUrl":"https:\/\/www.transtoyou.com\/pl\/wp-content\/uploads\/sites\/11\/2026\/01\/tty-no-product-image-16.webp","width":1000,"height":1000,"caption":"Domy\u015blny obraz produktu"},{"@type":"WebSite","@id":"https:\/\/www.transtoyou.com\/pl\/#website","url":"https:\/\/www.transtoyou.com\/pl\/","name":"Transtoyou - PL","description":"","publisher":{"@id":"https:\/\/www.transtoyou.com\/pl\/#organization"},"potentialAction":[{"@type":"SearchAction","target":{"@type":"EntryPoint","urlTemplate":"https:\/\/www.transtoyou.com\/pl\/?s={search_term_string}"},"query-input":{"@type":"PropertyValueSpecification","valueRequired":true,"valueName":"search_term_string"}}],"inLanguage":"pl-PL"},{"@type":"Organization","@id":"https:\/\/www.transtoyou.com\/pl\/#organization","name":"Transtoyou - PL","url":"https:\/\/www.transtoyou.com\/pl\/","logo":{"@type":"ImageObject","inLanguage":"pl-PL","@id":"https:\/\/www.transtoyou.com\/pl\/#\/schema\/logo\/image\/","url":"https:\/\/www.transtoyou.com\/pl\/wp-content\/uploads\/sites\/11\/2026\/01\/logo-tty-menu-bar-300x87-1.webp","contentUrl":"https:\/\/www.transtoyou.com\/pl\/wp-content\/uploads\/sites\/11\/2026\/01\/logo-tty-menu-bar-300x87-1.webp","width":300,"height":87,"caption":"Transtoyou - PL"},"image":{"@id":"https:\/\/www.transtoyou.com\/pl\/#\/schema\/logo\/image\/"}}]}},"_links":{"self":[{"href":"https:\/\/www.transtoyou.com\/pl\/wp-json\/wp\/v2\/product\/491","targetHints":{"allow":["GET"]}}],"collection":[{"href":"https:\/\/www.transtoyou.com\/pl\/wp-json\/wp\/v2\/product"}],"about":[{"href":"https:\/\/www.transtoyou.com\/pl\/wp-json\/wp\/v2\/types\/product"}],"replies":[{"embeddable":true,"href":"https:\/\/www.transtoyou.com\/pl\/wp-json\/wp\/v2\/comments?post=491"}],"wp:featuredmedia":[{"embeddable":true,"href":"https:\/\/www.transtoyou.com\/pl\/wp-json\/wp\/v2\/media\/493"}],"wp:attachment":[{"href":"https:\/\/www.transtoyou.com\/pl\/wp-json\/wp\/v2\/media?parent=491"}],"wp:term":[{"taxonomy":"product_brand","embeddable":true,"href":"https:\/\/www.transtoyou.com\/pl\/wp-json\/wp\/v2\/product_brand?post=491"},{"taxonomy":"product_cat","embeddable":true,"href":"https:\/\/www.transtoyou.com\/pl\/wp-json\/wp\/v2\/product_cat?post=491"},{"taxonomy":"product_tag","embeddable":true,"href":"https:\/\/www.transtoyou.com\/pl\/wp-json\/wp\/v2\/product_tag?post=491"},{"taxonomy":"expert","embeddable":true,"href":"https:\/\/www.transtoyou.com\/pl\/wp-json\/wp\/v2\/expert?post=491"}],"curies":[{"name":"wp","href":"https:\/\/api.w.org\/{rel}","templated":true}]}}