{"id":494,"date":"2026-01-22T19:15:01","date_gmt":"2026-01-22T17:15:01","guid":{"rendered":"https:\/\/www.transtoyou.com\/pl\/product\/aciclovir\/"},"modified":"2026-02-12T16:07:16","modified_gmt":"2026-02-12T14:07:16","slug":"aciclovir","status":"publish","type":"product","link":"https:\/\/www.transtoyou.com\/pl\/product\/aciclovir\/","title":{"rendered":"Acyklowir"},"content":{"rendered":"<p>Acyklowir to lek przeciwwirusowy stosowany w leczeniu infekcji wywo\u0142anych przez wirusy opryszczki (takie jak HSV i VZV), w tym opryszczk\u0119 genitaln\u0105, opryszczk\u0119 wargow\u0105 i p\u00f3\u0142pasiec. Dzia\u0142a poprzez spowolnienie wzrostu i rozprzestrzeniania si\u0119 wirusa opryszczki w organizmie, co pomaga zmniejszy\u0107 nasilenie i czas trwania nawrot\u00f3w. Acyklowir nie leczy infekcji opryszczkowych, ale skutecznie \u0142agodzi objawy i zmniejsza cz\u0119stotliwo\u015b\u0107 nawrot\u00f3w.<\/p>\n<p>Lek jest dost\u0119pny w r\u00f3\u017cnych formach, w tym tabletek, krem\u00f3w i roztwor\u00f3w do\u017cylnych. W przypadku nawrot\u00f3w sk\u00f3rnych, takich jak opryszczka wargowa czy p\u00f3\u0142pasiec, krem cz\u0119sto stosuje si\u0119 bezpo\u015brednio na dotkni\u0119ty obszar. W przypadkach bardziej rozleg\u0142ych lub ci\u0119\u017ckich infekcji wskazane s\u0105 tabletki lub podanie do\u017cylne.<\/p>\n<p>Acyklowir dzia\u0142a poprzez zak\u0142\u00f3canie zdolno\u015bci wirusa do replikacji swojego materia\u0142u genetycznego. Oznacza to, \u017ce podczas gdy wirus pozostaje u\u015bpiony w organizmie, aktywna replikacja jest t\u0142umiona, co pomaga w kontrolowaniu infekcji i przyspiesza gojenie.<\/p>\n<p>Wi\u0119kszo\u015b\u0107 os\u00f3b zauwa\u017ca ulg\u0119 w objawach w ci\u0105gu kilku dni od rozpocz\u0119cia leczenia, szczeg\u00f3lnie gdy jest przyjmowany przy pierwszych oznakach nawrotu.<\/p>\n<p>Typowe cykle leczenia trwaj\u0105 od pi\u0119ciu do dziesi\u0119ciu dni, w zale\u017cno\u015bci od stanu i formy podania. W przypadku opryszczki genitalnej typowa dawka dla doros\u0142ych wynosi 400 mg trzy razy dziennie przez 5 do 10 dni. W przypadku nawrot\u00f3w niekt\u00f3rzy pacjenci mog\u0105 przyjmowa\u0107 Acyklowir codziennie jako terapi\u0119 supresyjn\u0105 w celu zmniejszenia zaostrze\u0144.<\/p>\n","protected":false},"excerpt":{"rendered":"<ul>\n<li>Skuteczny przeciwko wirusom opryszczki<\/li>\n<li>Zmniejsza nasilenie i czas trwania wybuch\u00f3w<\/li>\n<li>Dost\u0119pny w postaci kremu i tabletek<\/li>\n<\/ul>\n","protected":false},"featured_media":1348,"comment_status":"open","ping_status":"closed","template":"","meta":[],"product_brand":[],"product_cat":[161,93],"product_tag":[],"expert":[21],"class_list":{"0":"post-494","1":"product","2":"type-product","3":"status-publish","4":"has-post-thumbnail","6":"product_cat-gonty","7":"product_cat-opryszczka","8":"expert-dr-m-sharoyko","10":"first","11":"instock","12":"shipping-taxable","13":"purchasable","14":"product-type-variable"},"yoast_head":"<!-- This site is optimized with the Yoast SEO plugin v27.0 - https:\/\/yoast.com\/product\/yoast-seo-wordpress\/ -->\n<title>Aciklovir | Skuteczna Ulga Przeciwwirusowa - Transtoyou<\/title>\n<meta name=\"description\" content=\"Aciklovir dost\u0119pny w Transtoyou, twoim zaufanym \u017ar\u00f3dle skutecznej terapii wirusowej. Kup teraz, aby szybko uzyska\u0107 dost\u0119p do lek\u00f3w.\" \/>\n<meta name=\"robots\" content=\"noindex, follow, max-snippet:-1, max-image-preview:large, max-video-preview:-1\" \/>\n<meta property=\"og:locale\" content=\"pl_PL\" \/>\n<meta property=\"og:type\" content=\"article\" \/>\n<meta property=\"og:title\" content=\"Aciklovir | Skuteczna Ulga Przeciwwirusowa - Transtoyou\" \/>\n<meta property=\"og:description\" content=\"Aciklovir dost\u0119pny w Transtoyou, twoim zaufanym \u017ar\u00f3dle skutecznej terapii wirusowej. Kup teraz, aby szybko uzyska\u0107 dost\u0119p do lek\u00f3w.\" \/>\n<meta property=\"og:url\" content=\"https:\/\/www.transtoyou.com\/pl\/product\/aciclovir\/\" \/>\n<meta property=\"og:site_name\" content=\"Transtoyou - PL\" \/>\n<meta property=\"article:modified_time\" content=\"2026-02-12T14:07:16+00:00\" \/>\n<meta name=\"twitter:card\" content=\"summary_large_image\" \/>\n<meta name=\"twitter:label1\" content=\"Szacowany czas czytania\" \/>\n\t<meta name=\"twitter:data1\" content=\"1 minuta\" \/>\n<script type=\"application\/ld+json\" class=\"yoast-schema-graph\">{\"@context\":\"https:\/\/schema.org\",\"@graph\":[{\"@type\":\"WebPage\",\"@id\":\"https:\/\/www.transtoyou.com\/pl\/product\/aciclovir\/\",\"url\":\"https:\/\/www.transtoyou.com\/pl\/product\/aciclovir\/\",\"name\":\"Aciklovir | Skuteczna Ulga Przeciwwirusowa - Transtoyou\",\"isPartOf\":{\"@id\":\"https:\/\/www.transtoyou.com\/pl\/#website\"},\"primaryImageOfPage\":{\"@id\":\"https:\/\/www.transtoyou.com\/pl\/product\/aciclovir\/#primaryimage\"},\"image\":{\"@id\":\"https:\/\/www.transtoyou.com\/pl\/product\/aciclovir\/#primaryimage\"},\"thumbnailUrl\":\"https:\/\/www.transtoyou.com\/pl\/wp-content\/uploads\/sites\/11\/2026\/02\/Aciclovir-mean-image.png\",\"datePublished\":\"2026-01-22T17:15:01+00:00\",\"dateModified\":\"2026-02-12T14:07:16+00:00\",\"description\":\"Aciklovir dost\u0119pny w Transtoyou, twoim zaufanym \u017ar\u00f3dle skutecznej terapii wirusowej. Kup teraz, aby szybko uzyska\u0107 dost\u0119p do lek\u00f3w.\",\"breadcrumb\":{\"@id\":\"https:\/\/www.transtoyou.com\/pl\/product\/aciclovir\/#breadcrumb\"},\"inLanguage\":\"pl-PL\",\"potentialAction\":[{\"@type\":\"ReadAction\",\"target\":[\"https:\/\/www.transtoyou.com\/pl\/product\/aciclovir\/\"]}]},{\"@type\":\"ImageObject\",\"inLanguage\":\"pl-PL\",\"@id\":\"https:\/\/www.transtoyou.com\/pl\/product\/aciclovir\/#primaryimage\",\"url\":\"https:\/\/www.transtoyou.com\/pl\/wp-content\/uploads\/sites\/11\/2026\/02\/Aciclovir-mean-image.png\",\"contentUrl\":\"https:\/\/www.transtoyou.com\/pl\/wp-content\/uploads\/sites\/11\/2026\/02\/Aciclovir-mean-image.png\",\"width\":1080,\"height\":1080,\"caption\":\"Zam\u00f3w acyklowir online - Transtoyou\"},{\"@type\":\"WebSite\",\"@id\":\"https:\/\/www.transtoyou.com\/pl\/#website\",\"url\":\"https:\/\/www.transtoyou.com\/pl\/\",\"name\":\"Transtoyou - PL\",\"description\":\"\",\"publisher\":{\"@id\":\"https:\/\/www.transtoyou.com\/pl\/#organization\"},\"potentialAction\":[{\"@type\":\"SearchAction\",\"target\":{\"@type\":\"EntryPoint\",\"urlTemplate\":\"https:\/\/www.transtoyou.com\/pl\/?s={search_term_string}\"},\"query-input\":{\"@type\":\"PropertyValueSpecification\",\"valueRequired\":true,\"valueName\":\"search_term_string\"}}],\"inLanguage\":\"pl-PL\"},{\"@type\":\"Organization\",\"@id\":\"https:\/\/www.transtoyou.com\/pl\/#organization\",\"name\":\"Transtoyou - PL\",\"url\":\"https:\/\/www.transtoyou.com\/pl\/\",\"logo\":{\"@type\":\"ImageObject\",\"inLanguage\":\"pl-PL\",\"@id\":\"https:\/\/www.transtoyou.com\/pl\/#\/schema\/logo\/image\/\",\"url\":\"https:\/\/www.transtoyou.com\/pl\/wp-content\/uploads\/sites\/11\/2026\/01\/logo-tty-menu-bar-300x87-1.webp\",\"contentUrl\":\"https:\/\/www.transtoyou.com\/pl\/wp-content\/uploads\/sites\/11\/2026\/01\/logo-tty-menu-bar-300x87-1.webp\",\"width\":300,\"height\":87,\"caption\":\"Transtoyou - PL\"},\"image\":{\"@id\":\"https:\/\/www.transtoyou.com\/pl\/#\/schema\/logo\/image\/\"}}]}<\/script>\n<!-- \/ Yoast SEO plugin. -->","yoast_head_json":{"title":"Aciklovir | Skuteczna Ulga Przeciwwirusowa - Transtoyou","description":"Aciklovir dost\u0119pny w Transtoyou, twoim zaufanym \u017ar\u00f3dle skutecznej terapii wirusowej. Kup teraz, aby szybko uzyska\u0107 dost\u0119p do lek\u00f3w.","robots":{"index":"noindex","follow":"follow","max-snippet":"max-snippet:-1","max-image-preview":"max-image-preview:large","max-video-preview":"max-video-preview:-1"},"og_locale":"pl_PL","og_type":"article","og_title":"Aciklovir | Skuteczna Ulga Przeciwwirusowa - Transtoyou","og_description":"Aciklovir dost\u0119pny w Transtoyou, twoim zaufanym \u017ar\u00f3dle skutecznej terapii wirusowej. Kup teraz, aby szybko uzyska\u0107 dost\u0119p do lek\u00f3w.","og_url":"https:\/\/www.transtoyou.com\/pl\/product\/aciclovir\/","og_site_name":"Transtoyou - PL","article_modified_time":"2026-02-12T14:07:16+00:00","twitter_card":"summary_large_image","twitter_misc":{"Szacowany czas czytania":"1 minuta"},"schema":{"@context":"https:\/\/schema.org","@graph":[{"@type":"WebPage","@id":"https:\/\/www.transtoyou.com\/pl\/product\/aciclovir\/","url":"https:\/\/www.transtoyou.com\/pl\/product\/aciclovir\/","name":"Aciklovir | Skuteczna Ulga Przeciwwirusowa - Transtoyou","isPartOf":{"@id":"https:\/\/www.transtoyou.com\/pl\/#website"},"primaryImageOfPage":{"@id":"https:\/\/www.transtoyou.com\/pl\/product\/aciclovir\/#primaryimage"},"image":{"@id":"https:\/\/www.transtoyou.com\/pl\/product\/aciclovir\/#primaryimage"},"thumbnailUrl":"https:\/\/www.transtoyou.com\/pl\/wp-content\/uploads\/sites\/11\/2026\/02\/Aciclovir-mean-image.png","datePublished":"2026-01-22T17:15:01+00:00","dateModified":"2026-02-12T14:07:16+00:00","description":"Aciklovir dost\u0119pny w Transtoyou, twoim zaufanym \u017ar\u00f3dle skutecznej terapii wirusowej. Kup teraz, aby szybko uzyska\u0107 dost\u0119p do lek\u00f3w.","breadcrumb":{"@id":"https:\/\/www.transtoyou.com\/pl\/product\/aciclovir\/#breadcrumb"},"inLanguage":"pl-PL","potentialAction":[{"@type":"ReadAction","target":["https:\/\/www.transtoyou.com\/pl\/product\/aciclovir\/"]}]},{"@type":"ImageObject","inLanguage":"pl-PL","@id":"https:\/\/www.transtoyou.com\/pl\/product\/aciclovir\/#primaryimage","url":"https:\/\/www.transtoyou.com\/pl\/wp-content\/uploads\/sites\/11\/2026\/02\/Aciclovir-mean-image.png","contentUrl":"https:\/\/www.transtoyou.com\/pl\/wp-content\/uploads\/sites\/11\/2026\/02\/Aciclovir-mean-image.png","width":1080,"height":1080,"caption":"Zam\u00f3w acyklowir online - Transtoyou"},{"@type":"WebSite","@id":"https:\/\/www.transtoyou.com\/pl\/#website","url":"https:\/\/www.transtoyou.com\/pl\/","name":"Transtoyou - PL","description":"","publisher":{"@id":"https:\/\/www.transtoyou.com\/pl\/#organization"},"potentialAction":[{"@type":"SearchAction","target":{"@type":"EntryPoint","urlTemplate":"https:\/\/www.transtoyou.com\/pl\/?s={search_term_string}"},"query-input":{"@type":"PropertyValueSpecification","valueRequired":true,"valueName":"search_term_string"}}],"inLanguage":"pl-PL"},{"@type":"Organization","@id":"https:\/\/www.transtoyou.com\/pl\/#organization","name":"Transtoyou - PL","url":"https:\/\/www.transtoyou.com\/pl\/","logo":{"@type":"ImageObject","inLanguage":"pl-PL","@id":"https:\/\/www.transtoyou.com\/pl\/#\/schema\/logo\/image\/","url":"https:\/\/www.transtoyou.com\/pl\/wp-content\/uploads\/sites\/11\/2026\/01\/logo-tty-menu-bar-300x87-1.webp","contentUrl":"https:\/\/www.transtoyou.com\/pl\/wp-content\/uploads\/sites\/11\/2026\/01\/logo-tty-menu-bar-300x87-1.webp","width":300,"height":87,"caption":"Transtoyou - PL"},"image":{"@id":"https:\/\/www.transtoyou.com\/pl\/#\/schema\/logo\/image\/"}}]}},"_links":{"self":[{"href":"https:\/\/www.transtoyou.com\/pl\/wp-json\/wp\/v2\/product\/494","targetHints":{"allow":["GET"]}}],"collection":[{"href":"https:\/\/www.transtoyou.com\/pl\/wp-json\/wp\/v2\/product"}],"about":[{"href":"https:\/\/www.transtoyou.com\/pl\/wp-json\/wp\/v2\/types\/product"}],"replies":[{"embeddable":true,"href":"https:\/\/www.transtoyou.com\/pl\/wp-json\/wp\/v2\/comments?post=494"}],"wp:featuredmedia":[{"embeddable":true,"href":"https:\/\/www.transtoyou.com\/pl\/wp-json\/wp\/v2\/media\/1348"}],"wp:attachment":[{"href":"https:\/\/www.transtoyou.com\/pl\/wp-json\/wp\/v2\/media?parent=494"}],"wp:term":[{"taxonomy":"product_brand","embeddable":true,"href":"https:\/\/www.transtoyou.com\/pl\/wp-json\/wp\/v2\/product_brand?post=494"},{"taxonomy":"product_cat","embeddable":true,"href":"https:\/\/www.transtoyou.com\/pl\/wp-json\/wp\/v2\/product_cat?post=494"},{"taxonomy":"product_tag","embeddable":true,"href":"https:\/\/www.transtoyou.com\/pl\/wp-json\/wp\/v2\/product_tag?post=494"},{"taxonomy":"expert","embeddable":true,"href":"https:\/\/www.transtoyou.com\/pl\/wp-json\/wp\/v2\/expert?post=494"}],"curies":[{"name":"wp","href":"https:\/\/api.w.org\/{rel}","templated":true}]}}