{"id":506,"date":"2026-01-22T20:19:50","date_gmt":"2026-01-22T18:19:50","guid":{"rendered":"https:\/\/www.transtoyou.com\/pl\/product\/zyban\/"},"modified":"2026-01-22T20:21:06","modified_gmt":"2026-01-22T18:21:06","slug":"zyban","status":"publish","type":"product","link":"https:\/\/www.transtoyou.com\/pl\/product\/zyban\/","title":{"rendered":"Zyban"},"content":{"rendered":"<p>Zyban to lek na recept\u0119 stosowany w celu pomocy osobom w rzuceniu palenia. Zawiera bupropion, substancj\u0119, kt\u00f3ra pierwotnie zosta\u0142a opracowana jako antydepresant, ale p\u00f3\u017aniej okaza\u0142o si\u0119, \u017ce znacznie zmniejsza pragnienie nikotyny i objawy odstawienia. W przeciwie\u0144stwie do terapii zast\u0119pczych nikotyn\u0105, Zyban nie zawiera nikotyny. Dzia\u0142a poprzez zmian\u0119 poziom\u00f3w niekt\u00f3rych neuroprzeka\u017anik\u00f3w w m\u00f3zgu, szczeg\u00f3lnie dopaminy i noradrenaliny, kt\u00f3re s\u0105 zaanga\u017cowane w uzale\u017cnienie i regulacj\u0119 nastroju.<\/p>\n<p>Zyban przyjmuje si\u0119 w postaci tabletki, zazwyczaj zaczynaj\u0105c od jednego do dw\u00f3ch tygodni przed planowan\u0105 dat\u0105 rzucenia palenia. Pozwala to na nagromadzenie leku w organizmie i rozpocz\u0119cie zmniejszania pragnienia w momencie zaprzestania palenia. Leczenie zazwyczaj trwa od 7 do 12 tygodni, w zale\u017cno\u015bci od post\u0119p\u00f3w pacjenta i zalece\u0144 lekarza.<\/p>\n<p>Zyban jest szczeg\u00f3lnie pomocny dla os\u00f3b, kt\u00f3re pr\u00f3bowa\u0142y innych \u015brodk\u00f3w na rzucenie palenia bez sukcesu lub dla tych, kt\u00f3rzy preferuj\u0105 podej\u015bcie niezwi\u0105zane z nikotyn\u0105. Gdy jest stosowany w po\u0142\u0105czeniu z wsparciem behawioralnym, Zyban wykaza\u0142 znacz\u0105ce zwi\u0119kszenie szans na skuteczne rzucenie palenia.<\/p>\n<p>Dzia\u0142ania niepo\u017c\u0105dane mog\u0105 obejmowa\u0107 sucho\u015b\u0107 w ustach, bezsenno\u015b\u0107, b\u00f3l g\u0142owy lub zmiany apetytu. Wa\u017cne jest, aby nie przekracza\u0107 zalecanej dawki, poniewa\u017c wy\u017csze dawki mog\u0105 zwi\u0119ksza\u0107 ryzyko napad\u00f3w. Zyban nie powinien by\u0107 stosowany w po\u0142\u0105czeniu z innymi lekami, kt\u00f3re r\u00f3wnie\u017c wp\u0142ywaj\u0105 na serotonin\u0119 ani u os\u00f3b z histori\u0105 napad\u00f3w lub zaburze\u0144 od\u017cywiania.<\/p>\n","protected":false},"excerpt":{"rendered":"<ul>\n<li>\u015arodek wspomagaj\u0105cy rzucenie palenia bez nikotyny<\/li>\n<li>Redukuje pragnienie i objawy odstawienia<\/li>\n<li>Rozpocznij 1 tydzie\u0144 przed dat\u0105 rzucenia<\/li>\n<\/ul>\n","protected":false},"featured_media":508,"comment_status":"open","ping_status":"closed","template":"","meta":[],"product_brand":[],"product_cat":[164],"product_tag":[],"expert":[16],"class_list":{"0":"post-506","1":"product","2":"type-product","3":"status-publish","4":"has-post-thumbnail","6":"product_cat-srodki-wspomagajace-rzucenie-palenia","7":"expert-dr-c-alexandru","9":"first","10":"instock","11":"shipping-taxable","12":"product-type-variable"},"yoast_head":"<!-- This site is optimized with the Yoast SEO plugin v27.0 - https:\/\/yoast.com\/product\/yoast-seo-wordpress\/ -->\n<title>Zyban | Pomoc w rzuceniu palenia - Transtoyou<\/title>\n<meta name=\"description\" content=\"Odkryj Zyban na Transtoyou, zaufanym \u017ar\u00f3dle rozwi\u0105za\u0144 zdrowotnych. Kup teraz skuteczn\u0105 pomoc w rzuceniu palenia. Zam\u00f3w ju\u017c dzi\u015b!\" \/>\n<meta name=\"robots\" content=\"noindex, follow, max-snippet:-1, max-image-preview:large, max-video-preview:-1\" \/>\n<meta property=\"og:locale\" content=\"pl_PL\" \/>\n<meta property=\"og:type\" content=\"article\" \/>\n<meta property=\"og:title\" content=\"Zyban | Pomoc w rzuceniu palenia - Transtoyou\" \/>\n<meta property=\"og:description\" content=\"Odkryj Zyban na Transtoyou, zaufanym \u017ar\u00f3dle rozwi\u0105za\u0144 zdrowotnych. Kup teraz skuteczn\u0105 pomoc w rzuceniu palenia. Zam\u00f3w ju\u017c dzi\u015b!\" \/>\n<meta property=\"og:url\" content=\"https:\/\/www.transtoyou.com\/pl\/product\/zyban\/\" \/>\n<meta property=\"og:site_name\" content=\"Transtoyou - PL\" \/>\n<meta property=\"article:modified_time\" content=\"2026-01-22T18:21:06+00:00\" \/>\n<meta name=\"twitter:card\" content=\"summary_large_image\" \/>\n<meta name=\"twitter:label1\" content=\"Szacowany czas czytania\" \/>\n\t<meta name=\"twitter:data1\" content=\"1 minuta\" \/>\n<script type=\"application\/ld+json\" class=\"yoast-schema-graph\">{\"@context\":\"https:\/\/schema.org\",\"@graph\":[{\"@type\":\"WebPage\",\"@id\":\"https:\/\/www.transtoyou.com\/pl\/product\/zyban\/\",\"url\":\"https:\/\/www.transtoyou.com\/pl\/product\/zyban\/\",\"name\":\"Zyban | Pomoc w rzuceniu palenia - Transtoyou\",\"isPartOf\":{\"@id\":\"https:\/\/www.transtoyou.com\/pl\/#website\"},\"primaryImageOfPage\":{\"@id\":\"https:\/\/www.transtoyou.com\/pl\/product\/zyban\/#primaryimage\"},\"image\":{\"@id\":\"https:\/\/www.transtoyou.com\/pl\/product\/zyban\/#primaryimage\"},\"thumbnailUrl\":\"https:\/\/www.transtoyou.com\/pl\/wp-content\/uploads\/sites\/11\/2026\/01\/tty-no-product-image-21.webp\",\"datePublished\":\"2026-01-22T18:19:50+00:00\",\"dateModified\":\"2026-01-22T18:21:06+00:00\",\"description\":\"Odkryj Zyban na Transtoyou, zaufanym \u017ar\u00f3dle rozwi\u0105za\u0144 zdrowotnych. Kup teraz skuteczn\u0105 pomoc w rzuceniu palenia. Zam\u00f3w ju\u017c dzi\u015b!\",\"breadcrumb\":{\"@id\":\"https:\/\/www.transtoyou.com\/pl\/product\/zyban\/#breadcrumb\"},\"inLanguage\":\"pl-PL\",\"potentialAction\":[{\"@type\":\"ReadAction\",\"target\":[\"https:\/\/www.transtoyou.com\/pl\/product\/zyban\/\"]}]},{\"@type\":\"ImageObject\",\"inLanguage\":\"pl-PL\",\"@id\":\"https:\/\/www.transtoyou.com\/pl\/product\/zyban\/#primaryimage\",\"url\":\"https:\/\/www.transtoyou.com\/pl\/wp-content\/uploads\/sites\/11\/2026\/01\/tty-no-product-image-21.webp\",\"contentUrl\":\"https:\/\/www.transtoyou.com\/pl\/wp-content\/uploads\/sites\/11\/2026\/01\/tty-no-product-image-21.webp\",\"width\":1000,\"height\":1000,\"caption\":\"Domy\u015blny obraz produktu\"},{\"@type\":\"WebSite\",\"@id\":\"https:\/\/www.transtoyou.com\/pl\/#website\",\"url\":\"https:\/\/www.transtoyou.com\/pl\/\",\"name\":\"Transtoyou - PL\",\"description\":\"\",\"publisher\":{\"@id\":\"https:\/\/www.transtoyou.com\/pl\/#organization\"},\"potentialAction\":[{\"@type\":\"SearchAction\",\"target\":{\"@type\":\"EntryPoint\",\"urlTemplate\":\"https:\/\/www.transtoyou.com\/pl\/?s={search_term_string}\"},\"query-input\":{\"@type\":\"PropertyValueSpecification\",\"valueRequired\":true,\"valueName\":\"search_term_string\"}}],\"inLanguage\":\"pl-PL\"},{\"@type\":\"Organization\",\"@id\":\"https:\/\/www.transtoyou.com\/pl\/#organization\",\"name\":\"Transtoyou - PL\",\"url\":\"https:\/\/www.transtoyou.com\/pl\/\",\"logo\":{\"@type\":\"ImageObject\",\"inLanguage\":\"pl-PL\",\"@id\":\"https:\/\/www.transtoyou.com\/pl\/#\/schema\/logo\/image\/\",\"url\":\"https:\/\/www.transtoyou.com\/pl\/wp-content\/uploads\/sites\/11\/2026\/01\/logo-tty-menu-bar-300x87-1.webp\",\"contentUrl\":\"https:\/\/www.transtoyou.com\/pl\/wp-content\/uploads\/sites\/11\/2026\/01\/logo-tty-menu-bar-300x87-1.webp\",\"width\":300,\"height\":87,\"caption\":\"Transtoyou - PL\"},\"image\":{\"@id\":\"https:\/\/www.transtoyou.com\/pl\/#\/schema\/logo\/image\/\"}}]}<\/script>\n<!-- \/ Yoast SEO plugin. -->","yoast_head_json":{"title":"Zyban | Pomoc w rzuceniu palenia - Transtoyou","description":"Odkryj Zyban na Transtoyou, zaufanym \u017ar\u00f3dle rozwi\u0105za\u0144 zdrowotnych. Kup teraz skuteczn\u0105 pomoc w rzuceniu palenia. Zam\u00f3w ju\u017c dzi\u015b!","robots":{"index":"noindex","follow":"follow","max-snippet":"max-snippet:-1","max-image-preview":"max-image-preview:large","max-video-preview":"max-video-preview:-1"},"og_locale":"pl_PL","og_type":"article","og_title":"Zyban | Pomoc w rzuceniu palenia - Transtoyou","og_description":"Odkryj Zyban na Transtoyou, zaufanym \u017ar\u00f3dle rozwi\u0105za\u0144 zdrowotnych. Kup teraz skuteczn\u0105 pomoc w rzuceniu palenia. Zam\u00f3w ju\u017c dzi\u015b!","og_url":"https:\/\/www.transtoyou.com\/pl\/product\/zyban\/","og_site_name":"Transtoyou - PL","article_modified_time":"2026-01-22T18:21:06+00:00","twitter_card":"summary_large_image","twitter_misc":{"Szacowany czas czytania":"1 minuta"},"schema":{"@context":"https:\/\/schema.org","@graph":[{"@type":"WebPage","@id":"https:\/\/www.transtoyou.com\/pl\/product\/zyban\/","url":"https:\/\/www.transtoyou.com\/pl\/product\/zyban\/","name":"Zyban | Pomoc w rzuceniu palenia - Transtoyou","isPartOf":{"@id":"https:\/\/www.transtoyou.com\/pl\/#website"},"primaryImageOfPage":{"@id":"https:\/\/www.transtoyou.com\/pl\/product\/zyban\/#primaryimage"},"image":{"@id":"https:\/\/www.transtoyou.com\/pl\/product\/zyban\/#primaryimage"},"thumbnailUrl":"https:\/\/www.transtoyou.com\/pl\/wp-content\/uploads\/sites\/11\/2026\/01\/tty-no-product-image-21.webp","datePublished":"2026-01-22T18:19:50+00:00","dateModified":"2026-01-22T18:21:06+00:00","description":"Odkryj Zyban na Transtoyou, zaufanym \u017ar\u00f3dle rozwi\u0105za\u0144 zdrowotnych. Kup teraz skuteczn\u0105 pomoc w rzuceniu palenia. Zam\u00f3w ju\u017c dzi\u015b!","breadcrumb":{"@id":"https:\/\/www.transtoyou.com\/pl\/product\/zyban\/#breadcrumb"},"inLanguage":"pl-PL","potentialAction":[{"@type":"ReadAction","target":["https:\/\/www.transtoyou.com\/pl\/product\/zyban\/"]}]},{"@type":"ImageObject","inLanguage":"pl-PL","@id":"https:\/\/www.transtoyou.com\/pl\/product\/zyban\/#primaryimage","url":"https:\/\/www.transtoyou.com\/pl\/wp-content\/uploads\/sites\/11\/2026\/01\/tty-no-product-image-21.webp","contentUrl":"https:\/\/www.transtoyou.com\/pl\/wp-content\/uploads\/sites\/11\/2026\/01\/tty-no-product-image-21.webp","width":1000,"height":1000,"caption":"Domy\u015blny obraz produktu"},{"@type":"WebSite","@id":"https:\/\/www.transtoyou.com\/pl\/#website","url":"https:\/\/www.transtoyou.com\/pl\/","name":"Transtoyou - PL","description":"","publisher":{"@id":"https:\/\/www.transtoyou.com\/pl\/#organization"},"potentialAction":[{"@type":"SearchAction","target":{"@type":"EntryPoint","urlTemplate":"https:\/\/www.transtoyou.com\/pl\/?s={search_term_string}"},"query-input":{"@type":"PropertyValueSpecification","valueRequired":true,"valueName":"search_term_string"}}],"inLanguage":"pl-PL"},{"@type":"Organization","@id":"https:\/\/www.transtoyou.com\/pl\/#organization","name":"Transtoyou - PL","url":"https:\/\/www.transtoyou.com\/pl\/","logo":{"@type":"ImageObject","inLanguage":"pl-PL","@id":"https:\/\/www.transtoyou.com\/pl\/#\/schema\/logo\/image\/","url":"https:\/\/www.transtoyou.com\/pl\/wp-content\/uploads\/sites\/11\/2026\/01\/logo-tty-menu-bar-300x87-1.webp","contentUrl":"https:\/\/www.transtoyou.com\/pl\/wp-content\/uploads\/sites\/11\/2026\/01\/logo-tty-menu-bar-300x87-1.webp","width":300,"height":87,"caption":"Transtoyou - PL"},"image":{"@id":"https:\/\/www.transtoyou.com\/pl\/#\/schema\/logo\/image\/"}}]}},"_links":{"self":[{"href":"https:\/\/www.transtoyou.com\/pl\/wp-json\/wp\/v2\/product\/506","targetHints":{"allow":["GET"]}}],"collection":[{"href":"https:\/\/www.transtoyou.com\/pl\/wp-json\/wp\/v2\/product"}],"about":[{"href":"https:\/\/www.transtoyou.com\/pl\/wp-json\/wp\/v2\/types\/product"}],"replies":[{"embeddable":true,"href":"https:\/\/www.transtoyou.com\/pl\/wp-json\/wp\/v2\/comments?post=506"}],"wp:featuredmedia":[{"embeddable":true,"href":"https:\/\/www.transtoyou.com\/pl\/wp-json\/wp\/v2\/media\/508"}],"wp:attachment":[{"href":"https:\/\/www.transtoyou.com\/pl\/wp-json\/wp\/v2\/media?parent=506"}],"wp:term":[{"taxonomy":"product_brand","embeddable":true,"href":"https:\/\/www.transtoyou.com\/pl\/wp-json\/wp\/v2\/product_brand?post=506"},{"taxonomy":"product_cat","embeddable":true,"href":"https:\/\/www.transtoyou.com\/pl\/wp-json\/wp\/v2\/product_cat?post=506"},{"taxonomy":"product_tag","embeddable":true,"href":"https:\/\/www.transtoyou.com\/pl\/wp-json\/wp\/v2\/product_tag?post=506"},{"taxonomy":"expert","embeddable":true,"href":"https:\/\/www.transtoyou.com\/pl\/wp-json\/wp\/v2\/expert?post=506"}],"curies":[{"name":"wp","href":"https:\/\/api.w.org\/{rel}","templated":true}]}}