{"id":509,"date":"2026-01-22T20:36:28","date_gmt":"2026-01-22T18:36:28","guid":{"rendered":"https:\/\/www.transtoyou.com\/pl\/product\/nicorette\/"},"modified":"2026-01-22T20:37:43","modified_gmt":"2026-01-22T18:37:43","slug":"nicorette","status":"publish","type":"product","link":"https:\/\/www.transtoyou.com\/pl\/product\/nicorette\/","title":{"rendered":"Nicorette"},"content":{"rendered":"<p>Nicorette to powszechnie uznawana marka terapii zast\u0119pczej nikotyn\u0105 (NRT), zaprojektowana, aby wspiera\u0107 osoby pr\u00f3buj\u0105ce rzuci\u0107 palenie. Jest dost\u0119pna w r\u00f3\u017cnych formach. Nicorette dostarcza kontrolowane ilo\u015bci nikotyny do organizmu, bez szkodliwych substancji obecnych w papierosach. Pomaga to zmniejszy\u0107 objawy odstawienia i g\u0142\u00f3d nikotynowy, co sprawia, \u017ce przej\u015bcie od palenia staje si\u0119 \u0142atwiejsze.<\/p>\n<p>Stopniowo zmniejszaj\u0105c zale\u017cno\u015b\u0107 organizmu od nikotyny, Nicorette pozwala palaczom skupi\u0107 si\u0119 na prze\u0142amaniu nawyku palenia bez do\u015bwiadczania intensywnych objaw\u00f3w fizycznych odstawienia. Ka\u017cdy produkt Nicorette oferuje elastyczny spos\u00f3b dostosowania planu rzucania palenia do indywidualnych preferencji i stylu \u017cycia. Na przyk\u0142ad, plastry zapewniaj\u0105 sta\u0142\u0105 dawk\u0119 nikotyny przez ca\u0142y dzie\u0144, podczas gdy guma do \u017cucia lub pastylki oferuj\u0105 szybsz\u0105 ulg\u0119 w czasie napad\u00f3w g\u0142odu.<\/p>\n<p>Produkty Nicorette zazwyczaj stosuje si\u0119 przez okres od 8 do 12 tygodni, z stopniowym zmniejszaniem dawki w czasie. Mog\u0105 by\u0107 stosowane samodzielnie lub w po\u0142\u0105czeniu, na przyk\u0142ad \u0142\u0105cz\u0105c plaster z gum\u0105.<\/p>\n<p>Dzia\u0142ania niepo\u017c\u0105dane mog\u0105 obejmowa\u0107 \u0142agodne podra\u017cnienie gard\u0142a lub jamy ustnej, czkawk\u0119, wra\u017cliwo\u015b\u0107 sk\u00f3ry (od plastr\u00f3w) lub rozdra\u017cniony \u017co\u0142\u0105dek. Te efekty s\u0105 zazwyczaj tymczasowe. Nicorette nie jest zalecana w czasie ci\u0105\u017cy lub karmienia piersi\u0105, chyba \u017ce zatwierdzona przez lekarza.<\/p>\n","protected":false},"excerpt":{"rendered":"<ul>\n<li>Redukuje pragnienie nikotyny<\/li>\n<li>Dost\u0119pne w r\u00f3\u017cnych formatach<\/li>\n<li>Pomaga stopniowo rzuci\u0107 palenie<\/li>\n<\/ul>\n","protected":false},"featured_media":511,"comment_status":"open","ping_status":"closed","template":"","meta":[],"product_brand":[],"product_cat":[164],"product_tag":[],"expert":[16],"class_list":{"0":"post-509","1":"product","2":"type-product","3":"status-publish","4":"has-post-thumbnail","6":"product_cat-srodki-wspomagajace-rzucenie-palenia","7":"expert-dr-c-alexandru","9":"first","10":"instock","11":"shipping-taxable","12":"product-type-variable"},"yoast_head":"<!-- This site is optimized with the Yoast SEO plugin v27.0 - https:\/\/yoast.com\/product\/yoast-seo-wordpress\/ -->\n<title>Nicorette | Pomoc w Rzuceniu Palenia i Ulga w Pragnieniu - Transtoyou<\/title>\n<meta name=\"description\" content=\"Nicorette, dost\u0119pny na Transtoyou, pomaga z\u0142agodzi\u0107 objawy odstawienia nikotyny. Kup teraz elastyczne plany rzucania palenia dopasowane do Ciebie.\" \/>\n<meta name=\"robots\" content=\"noindex, follow, max-snippet:-1, max-image-preview:large, max-video-preview:-1\" \/>\n<meta property=\"og:locale\" content=\"pl_PL\" \/>\n<meta property=\"og:type\" content=\"article\" \/>\n<meta property=\"og:title\" content=\"Nicorette | Pomoc w Rzuceniu Palenia i Ulga w Pragnieniu - Transtoyou\" \/>\n<meta property=\"og:description\" content=\"Nicorette, dost\u0119pny na Transtoyou, pomaga z\u0142agodzi\u0107 objawy odstawienia nikotyny. Kup teraz elastyczne plany rzucania palenia dopasowane do Ciebie.\" \/>\n<meta property=\"og:url\" content=\"https:\/\/www.transtoyou.com\/pl\/product\/nicorette\/\" \/>\n<meta property=\"og:site_name\" content=\"Transtoyou - PL\" \/>\n<meta property=\"article:modified_time\" content=\"2026-01-22T18:37:43+00:00\" \/>\n<meta name=\"twitter:card\" content=\"summary_large_image\" \/>\n<meta name=\"twitter:label1\" content=\"Szacowany czas czytania\" \/>\n\t<meta name=\"twitter:data1\" content=\"1 minuta\" \/>\n<script type=\"application\/ld+json\" class=\"yoast-schema-graph\">{\"@context\":\"https:\/\/schema.org\",\"@graph\":[{\"@type\":\"WebPage\",\"@id\":\"https:\/\/www.transtoyou.com\/pl\/product\/nicorette\/\",\"url\":\"https:\/\/www.transtoyou.com\/pl\/product\/nicorette\/\",\"name\":\"Nicorette | Pomoc w Rzuceniu Palenia i Ulga w Pragnieniu - Transtoyou\",\"isPartOf\":{\"@id\":\"https:\/\/www.transtoyou.com\/pl\/#website\"},\"primaryImageOfPage\":{\"@id\":\"https:\/\/www.transtoyou.com\/pl\/product\/nicorette\/#primaryimage\"},\"image\":{\"@id\":\"https:\/\/www.transtoyou.com\/pl\/product\/nicorette\/#primaryimage\"},\"thumbnailUrl\":\"https:\/\/www.transtoyou.com\/pl\/wp-content\/uploads\/sites\/11\/2026\/01\/tty-no-product-image-22.webp\",\"datePublished\":\"2026-01-22T18:36:28+00:00\",\"dateModified\":\"2026-01-22T18:37:43+00:00\",\"description\":\"Nicorette, dost\u0119pny na Transtoyou, pomaga z\u0142agodzi\u0107 objawy odstawienia nikotyny. Kup teraz elastyczne plany rzucania palenia dopasowane do Ciebie.\",\"breadcrumb\":{\"@id\":\"https:\/\/www.transtoyou.com\/pl\/product\/nicorette\/#breadcrumb\"},\"inLanguage\":\"pl-PL\",\"potentialAction\":[{\"@type\":\"ReadAction\",\"target\":[\"https:\/\/www.transtoyou.com\/pl\/product\/nicorette\/\"]}]},{\"@type\":\"ImageObject\",\"inLanguage\":\"pl-PL\",\"@id\":\"https:\/\/www.transtoyou.com\/pl\/product\/nicorette\/#primaryimage\",\"url\":\"https:\/\/www.transtoyou.com\/pl\/wp-content\/uploads\/sites\/11\/2026\/01\/tty-no-product-image-22.webp\",\"contentUrl\":\"https:\/\/www.transtoyou.com\/pl\/wp-content\/uploads\/sites\/11\/2026\/01\/tty-no-product-image-22.webp\",\"width\":1000,\"height\":1000,\"caption\":\"Domy\u015blny obraz produktu\"},{\"@type\":\"WebSite\",\"@id\":\"https:\/\/www.transtoyou.com\/pl\/#website\",\"url\":\"https:\/\/www.transtoyou.com\/pl\/\",\"name\":\"Transtoyou - PL\",\"description\":\"\",\"publisher\":{\"@id\":\"https:\/\/www.transtoyou.com\/pl\/#organization\"},\"potentialAction\":[{\"@type\":\"SearchAction\",\"target\":{\"@type\":\"EntryPoint\",\"urlTemplate\":\"https:\/\/www.transtoyou.com\/pl\/?s={search_term_string}\"},\"query-input\":{\"@type\":\"PropertyValueSpecification\",\"valueRequired\":true,\"valueName\":\"search_term_string\"}}],\"inLanguage\":\"pl-PL\"},{\"@type\":\"Organization\",\"@id\":\"https:\/\/www.transtoyou.com\/pl\/#organization\",\"name\":\"Transtoyou - PL\",\"url\":\"https:\/\/www.transtoyou.com\/pl\/\",\"logo\":{\"@type\":\"ImageObject\",\"inLanguage\":\"pl-PL\",\"@id\":\"https:\/\/www.transtoyou.com\/pl\/#\/schema\/logo\/image\/\",\"url\":\"https:\/\/www.transtoyou.com\/pl\/wp-content\/uploads\/sites\/11\/2026\/01\/logo-tty-menu-bar-300x87-1.webp\",\"contentUrl\":\"https:\/\/www.transtoyou.com\/pl\/wp-content\/uploads\/sites\/11\/2026\/01\/logo-tty-menu-bar-300x87-1.webp\",\"width\":300,\"height\":87,\"caption\":\"Transtoyou - PL\"},\"image\":{\"@id\":\"https:\/\/www.transtoyou.com\/pl\/#\/schema\/logo\/image\/\"}}]}<\/script>\n<!-- \/ Yoast SEO plugin. -->","yoast_head_json":{"title":"Nicorette | Pomoc w Rzuceniu Palenia i Ulga w Pragnieniu - Transtoyou","description":"Nicorette, dost\u0119pny na Transtoyou, pomaga z\u0142agodzi\u0107 objawy odstawienia nikotyny. Kup teraz elastyczne plany rzucania palenia dopasowane do Ciebie.","robots":{"index":"noindex","follow":"follow","max-snippet":"max-snippet:-1","max-image-preview":"max-image-preview:large","max-video-preview":"max-video-preview:-1"},"og_locale":"pl_PL","og_type":"article","og_title":"Nicorette | Pomoc w Rzuceniu Palenia i Ulga w Pragnieniu - Transtoyou","og_description":"Nicorette, dost\u0119pny na Transtoyou, pomaga z\u0142agodzi\u0107 objawy odstawienia nikotyny. Kup teraz elastyczne plany rzucania palenia dopasowane do Ciebie.","og_url":"https:\/\/www.transtoyou.com\/pl\/product\/nicorette\/","og_site_name":"Transtoyou - PL","article_modified_time":"2026-01-22T18:37:43+00:00","twitter_card":"summary_large_image","twitter_misc":{"Szacowany czas czytania":"1 minuta"},"schema":{"@context":"https:\/\/schema.org","@graph":[{"@type":"WebPage","@id":"https:\/\/www.transtoyou.com\/pl\/product\/nicorette\/","url":"https:\/\/www.transtoyou.com\/pl\/product\/nicorette\/","name":"Nicorette | Pomoc w Rzuceniu Palenia i Ulga w Pragnieniu - Transtoyou","isPartOf":{"@id":"https:\/\/www.transtoyou.com\/pl\/#website"},"primaryImageOfPage":{"@id":"https:\/\/www.transtoyou.com\/pl\/product\/nicorette\/#primaryimage"},"image":{"@id":"https:\/\/www.transtoyou.com\/pl\/product\/nicorette\/#primaryimage"},"thumbnailUrl":"https:\/\/www.transtoyou.com\/pl\/wp-content\/uploads\/sites\/11\/2026\/01\/tty-no-product-image-22.webp","datePublished":"2026-01-22T18:36:28+00:00","dateModified":"2026-01-22T18:37:43+00:00","description":"Nicorette, dost\u0119pny na Transtoyou, pomaga z\u0142agodzi\u0107 objawy odstawienia nikotyny. Kup teraz elastyczne plany rzucania palenia dopasowane do Ciebie.","breadcrumb":{"@id":"https:\/\/www.transtoyou.com\/pl\/product\/nicorette\/#breadcrumb"},"inLanguage":"pl-PL","potentialAction":[{"@type":"ReadAction","target":["https:\/\/www.transtoyou.com\/pl\/product\/nicorette\/"]}]},{"@type":"ImageObject","inLanguage":"pl-PL","@id":"https:\/\/www.transtoyou.com\/pl\/product\/nicorette\/#primaryimage","url":"https:\/\/www.transtoyou.com\/pl\/wp-content\/uploads\/sites\/11\/2026\/01\/tty-no-product-image-22.webp","contentUrl":"https:\/\/www.transtoyou.com\/pl\/wp-content\/uploads\/sites\/11\/2026\/01\/tty-no-product-image-22.webp","width":1000,"height":1000,"caption":"Domy\u015blny obraz produktu"},{"@type":"WebSite","@id":"https:\/\/www.transtoyou.com\/pl\/#website","url":"https:\/\/www.transtoyou.com\/pl\/","name":"Transtoyou - PL","description":"","publisher":{"@id":"https:\/\/www.transtoyou.com\/pl\/#organization"},"potentialAction":[{"@type":"SearchAction","target":{"@type":"EntryPoint","urlTemplate":"https:\/\/www.transtoyou.com\/pl\/?s={search_term_string}"},"query-input":{"@type":"PropertyValueSpecification","valueRequired":true,"valueName":"search_term_string"}}],"inLanguage":"pl-PL"},{"@type":"Organization","@id":"https:\/\/www.transtoyou.com\/pl\/#organization","name":"Transtoyou - PL","url":"https:\/\/www.transtoyou.com\/pl\/","logo":{"@type":"ImageObject","inLanguage":"pl-PL","@id":"https:\/\/www.transtoyou.com\/pl\/#\/schema\/logo\/image\/","url":"https:\/\/www.transtoyou.com\/pl\/wp-content\/uploads\/sites\/11\/2026\/01\/logo-tty-menu-bar-300x87-1.webp","contentUrl":"https:\/\/www.transtoyou.com\/pl\/wp-content\/uploads\/sites\/11\/2026\/01\/logo-tty-menu-bar-300x87-1.webp","width":300,"height":87,"caption":"Transtoyou - PL"},"image":{"@id":"https:\/\/www.transtoyou.com\/pl\/#\/schema\/logo\/image\/"}}]}},"_links":{"self":[{"href":"https:\/\/www.transtoyou.com\/pl\/wp-json\/wp\/v2\/product\/509","targetHints":{"allow":["GET"]}}],"collection":[{"href":"https:\/\/www.transtoyou.com\/pl\/wp-json\/wp\/v2\/product"}],"about":[{"href":"https:\/\/www.transtoyou.com\/pl\/wp-json\/wp\/v2\/types\/product"}],"replies":[{"embeddable":true,"href":"https:\/\/www.transtoyou.com\/pl\/wp-json\/wp\/v2\/comments?post=509"}],"wp:featuredmedia":[{"embeddable":true,"href":"https:\/\/www.transtoyou.com\/pl\/wp-json\/wp\/v2\/media\/511"}],"wp:attachment":[{"href":"https:\/\/www.transtoyou.com\/pl\/wp-json\/wp\/v2\/media?parent=509"}],"wp:term":[{"taxonomy":"product_brand","embeddable":true,"href":"https:\/\/www.transtoyou.com\/pl\/wp-json\/wp\/v2\/product_brand?post=509"},{"taxonomy":"product_cat","embeddable":true,"href":"https:\/\/www.transtoyou.com\/pl\/wp-json\/wp\/v2\/product_cat?post=509"},{"taxonomy":"product_tag","embeddable":true,"href":"https:\/\/www.transtoyou.com\/pl\/wp-json\/wp\/v2\/product_tag?post=509"},{"taxonomy":"expert","embeddable":true,"href":"https:\/\/www.transtoyou.com\/pl\/wp-json\/wp\/v2\/expert?post=509"}],"curies":[{"name":"wp","href":"https:\/\/api.w.org\/{rel}","templated":true}]}}