{"id":512,"date":"2026-01-22T20:52:22","date_gmt":"2026-01-22T18:52:22","guid":{"rendered":"https:\/\/www.transtoyou.com\/pl\/product\/decigatan\/"},"modified":"2026-01-22T20:53:34","modified_gmt":"2026-01-22T18:53:34","slug":"decigatan","status":"publish","type":"product","link":"https:\/\/www.transtoyou.com\/pl\/product\/decigatan\/","title":{"rendered":"Decigatan"},"content":{"rendered":"<p>Decigatan to recepturowa medicacja zaprojektowana, aby wspiera\u0107 osoby, kt\u00f3re chc\u0105 rzuci\u0107 palenie. Zawiera cytyzyn\u0119, zwi\u0105zek pochodzenia ro\u015blinnego, kt\u00f3ry pomaga zmniejszy\u0107 pragnienie i objawy odstawienia, cz\u0119\u015bciowo stymuluj\u0105c receptory nikotynowe w m\u00f3zgu. Dzia\u0142anie to u\u0142atwia przej\u015bcie od uzale\u017cnienia od nikotyny i redukuje nagradzaj\u0105ce efekty palenia.<\/p>\n<p>W przeciwie\u0144stwie do terapii zast\u0119pczych nikotyny, kt\u00f3re dostarczaj\u0105 nikotyn\u0119 do organizmu, Decigatan dzia\u0142a, na\u015bladuj\u0105c niekt\u00f3re efekty nikotyny, jednocze\u015bnie blokuj\u0105c jej silniejsze w\u0142a\u015bciwo\u015bci uzale\u017cniaj\u0105ce. Ten podw\u00f3jny mechanizm pomaga palaczom stopniowo zmniejsza\u0107 zale\u017cno\u015b\u0107 od papieros\u00f3w, jednocze\u015bnie do\u015bwiadczaj\u0105c mniejszego pragnienia i mniejszego dyskomfortu podczas procesu rzucania.<\/p>\n<p>Decigatan zazwyczaj przyjmuje si\u0119 przez 25 dni, z stopniowo zmniejszaj\u0105c\u0105 si\u0119 dawk\u0105. W tym czasie u\u017cytkownicy s\u0105 zach\u0119cani do ca\u0142kowitego zaprzestania palenia w ci\u0105gu pierwszych pi\u0119ciu dni. Strukturalny plan leczenia wspiera zar\u00f3wno fizyczne, jak i psychiczne objawy odstawienia, co u\u0142atwia zerwanie z nawykiem palenia.<\/p>\n<p>Wi\u0119kszo\u015b\u0107 u\u017cytkownik\u00f3w dobrze toleruje Decigatan, chocia\u017c niekt\u00f3rzy mog\u0105 do\u015bwiadcza\u0107 \u0142agodnych efekt\u00f3w ubocznych, takich jak nudno\u015bci, sucho\u015b\u0107 w ustach lub zaburzenia snu. Jak w przypadku ka\u017cdej medicacji, wa\u017cne jest, aby dok\u0142adnie przestrzega\u0107 harmonogramu dawkowania i unika\u0107 palenia podczas stosowania leczenia, poniewa\u017c \u0142\u0105czenie obu mo\u017ce prowadzi\u0107 do efekt\u00f3w ubocznych lub zmniejszonej skuteczno\u015bci.<\/p>\n<p>Decigatan nie jest zalecany w czasie ci\u0105\u017cy ani karmienia piersi\u0105 i nie powinien by\u0107 stosowany przez osoby z pewnymi schorzeniami medycznymi bez wskazania lekarza.<\/p>\n","protected":false},"excerpt":{"rendered":"<ul>\n<li>Zmniejsza pragnienie nikotyny<\/li>\n<li>25-dniowy kurs leczenia<\/li>\n<li>Ro\u015blinny sk\u0142adnik aktywny<\/li>\n<\/ul>\n","protected":false},"featured_media":514,"comment_status":"open","ping_status":"closed","template":"","meta":[],"product_brand":[],"product_cat":[164],"product_tag":[],"expert":[16],"class_list":{"0":"post-512","1":"product","2":"type-product","3":"status-publish","4":"has-post-thumbnail","6":"product_cat-srodki-wspomagajace-rzucenie-palenia","7":"expert-dr-c-alexandru","9":"first","10":"instock","11":"shipping-taxable","12":"product-type-variable"},"yoast_head":"<!-- This site is optimized with the Yoast SEO plugin v27.0 - https:\/\/yoast.com\/product\/yoast-seo-wordpress\/ -->\n<title>Decigatan | Wsparcie w Rzucaniu Palenia - Transtoyou<\/title>\n<meta name=\"description\" content=\"Decigatan, pomoc w rzuceniu palenia na recept\u0119, zmniejsza pragnienie i objawy odstawienia. Skonsultuj si\u0119 z naszymi lekarzami w celu dopasowanego planu leczenia.\" \/>\n<meta name=\"robots\" content=\"noindex, follow, max-snippet:-1, max-image-preview:large, max-video-preview:-1\" \/>\n<meta property=\"og:locale\" content=\"pl_PL\" \/>\n<meta property=\"og:type\" content=\"article\" \/>\n<meta property=\"og:title\" content=\"Decigatan | Wsparcie w Rzucaniu Palenia - Transtoyou\" \/>\n<meta property=\"og:description\" content=\"Decigatan, pomoc w rzuceniu palenia na recept\u0119, zmniejsza pragnienie i objawy odstawienia. Skonsultuj si\u0119 z naszymi lekarzami w celu dopasowanego planu leczenia.\" \/>\n<meta property=\"og:url\" content=\"https:\/\/www.transtoyou.com\/pl\/product\/decigatan\/\" \/>\n<meta property=\"og:site_name\" content=\"Transtoyou - PL\" \/>\n<meta property=\"article:modified_time\" content=\"2026-01-22T18:53:34+00:00\" \/>\n<meta name=\"twitter:card\" content=\"summary_large_image\" \/>\n<meta name=\"twitter:label1\" content=\"Szacowany czas czytania\" \/>\n\t<meta name=\"twitter:data1\" content=\"1 minuta\" \/>\n<script type=\"application\/ld+json\" class=\"yoast-schema-graph\">{\"@context\":\"https:\/\/schema.org\",\"@graph\":[{\"@type\":\"WebPage\",\"@id\":\"https:\/\/www.transtoyou.com\/pl\/product\/decigatan\/\",\"url\":\"https:\/\/www.transtoyou.com\/pl\/product\/decigatan\/\",\"name\":\"Decigatan | Wsparcie w Rzucaniu Palenia - Transtoyou\",\"isPartOf\":{\"@id\":\"https:\/\/www.transtoyou.com\/pl\/#website\"},\"primaryImageOfPage\":{\"@id\":\"https:\/\/www.transtoyou.com\/pl\/product\/decigatan\/#primaryimage\"},\"image\":{\"@id\":\"https:\/\/www.transtoyou.com\/pl\/product\/decigatan\/#primaryimage\"},\"thumbnailUrl\":\"https:\/\/www.transtoyou.com\/pl\/wp-content\/uploads\/sites\/11\/2026\/01\/tty-no-product-image-23.webp\",\"datePublished\":\"2026-01-22T18:52:22+00:00\",\"dateModified\":\"2026-01-22T18:53:34+00:00\",\"description\":\"Decigatan, pomoc w rzuceniu palenia na recept\u0119, zmniejsza pragnienie i objawy odstawienia. Skonsultuj si\u0119 z naszymi lekarzami w celu dopasowanego planu leczenia.\",\"breadcrumb\":{\"@id\":\"https:\/\/www.transtoyou.com\/pl\/product\/decigatan\/#breadcrumb\"},\"inLanguage\":\"pl-PL\",\"potentialAction\":[{\"@type\":\"ReadAction\",\"target\":[\"https:\/\/www.transtoyou.com\/pl\/product\/decigatan\/\"]}]},{\"@type\":\"ImageObject\",\"inLanguage\":\"pl-PL\",\"@id\":\"https:\/\/www.transtoyou.com\/pl\/product\/decigatan\/#primaryimage\",\"url\":\"https:\/\/www.transtoyou.com\/pl\/wp-content\/uploads\/sites\/11\/2026\/01\/tty-no-product-image-23.webp\",\"contentUrl\":\"https:\/\/www.transtoyou.com\/pl\/wp-content\/uploads\/sites\/11\/2026\/01\/tty-no-product-image-23.webp\",\"width\":1000,\"height\":1000,\"caption\":\"Domy\u015blne zdj\u0119cie produktu\"},{\"@type\":\"WebSite\",\"@id\":\"https:\/\/www.transtoyou.com\/pl\/#website\",\"url\":\"https:\/\/www.transtoyou.com\/pl\/\",\"name\":\"Transtoyou - PL\",\"description\":\"\",\"publisher\":{\"@id\":\"https:\/\/www.transtoyou.com\/pl\/#organization\"},\"potentialAction\":[{\"@type\":\"SearchAction\",\"target\":{\"@type\":\"EntryPoint\",\"urlTemplate\":\"https:\/\/www.transtoyou.com\/pl\/?s={search_term_string}\"},\"query-input\":{\"@type\":\"PropertyValueSpecification\",\"valueRequired\":true,\"valueName\":\"search_term_string\"}}],\"inLanguage\":\"pl-PL\"},{\"@type\":\"Organization\",\"@id\":\"https:\/\/www.transtoyou.com\/pl\/#organization\",\"name\":\"Transtoyou - PL\",\"url\":\"https:\/\/www.transtoyou.com\/pl\/\",\"logo\":{\"@type\":\"ImageObject\",\"inLanguage\":\"pl-PL\",\"@id\":\"https:\/\/www.transtoyou.com\/pl\/#\/schema\/logo\/image\/\",\"url\":\"https:\/\/www.transtoyou.com\/pl\/wp-content\/uploads\/sites\/11\/2026\/01\/logo-tty-menu-bar-300x87-1.webp\",\"contentUrl\":\"https:\/\/www.transtoyou.com\/pl\/wp-content\/uploads\/sites\/11\/2026\/01\/logo-tty-menu-bar-300x87-1.webp\",\"width\":300,\"height\":87,\"caption\":\"Transtoyou - PL\"},\"image\":{\"@id\":\"https:\/\/www.transtoyou.com\/pl\/#\/schema\/logo\/image\/\"}}]}<\/script>\n<!-- \/ Yoast SEO plugin. -->","yoast_head_json":{"title":"Decigatan | Wsparcie w Rzucaniu Palenia - Transtoyou","description":"Decigatan, pomoc w rzuceniu palenia na recept\u0119, zmniejsza pragnienie i objawy odstawienia. Skonsultuj si\u0119 z naszymi lekarzami w celu dopasowanego planu leczenia.","robots":{"index":"noindex","follow":"follow","max-snippet":"max-snippet:-1","max-image-preview":"max-image-preview:large","max-video-preview":"max-video-preview:-1"},"og_locale":"pl_PL","og_type":"article","og_title":"Decigatan | Wsparcie w Rzucaniu Palenia - Transtoyou","og_description":"Decigatan, pomoc w rzuceniu palenia na recept\u0119, zmniejsza pragnienie i objawy odstawienia. Skonsultuj si\u0119 z naszymi lekarzami w celu dopasowanego planu leczenia.","og_url":"https:\/\/www.transtoyou.com\/pl\/product\/decigatan\/","og_site_name":"Transtoyou - PL","article_modified_time":"2026-01-22T18:53:34+00:00","twitter_card":"summary_large_image","twitter_misc":{"Szacowany czas czytania":"1 minuta"},"schema":{"@context":"https:\/\/schema.org","@graph":[{"@type":"WebPage","@id":"https:\/\/www.transtoyou.com\/pl\/product\/decigatan\/","url":"https:\/\/www.transtoyou.com\/pl\/product\/decigatan\/","name":"Decigatan | Wsparcie w Rzucaniu Palenia - Transtoyou","isPartOf":{"@id":"https:\/\/www.transtoyou.com\/pl\/#website"},"primaryImageOfPage":{"@id":"https:\/\/www.transtoyou.com\/pl\/product\/decigatan\/#primaryimage"},"image":{"@id":"https:\/\/www.transtoyou.com\/pl\/product\/decigatan\/#primaryimage"},"thumbnailUrl":"https:\/\/www.transtoyou.com\/pl\/wp-content\/uploads\/sites\/11\/2026\/01\/tty-no-product-image-23.webp","datePublished":"2026-01-22T18:52:22+00:00","dateModified":"2026-01-22T18:53:34+00:00","description":"Decigatan, pomoc w rzuceniu palenia na recept\u0119, zmniejsza pragnienie i objawy odstawienia. Skonsultuj si\u0119 z naszymi lekarzami w celu dopasowanego planu leczenia.","breadcrumb":{"@id":"https:\/\/www.transtoyou.com\/pl\/product\/decigatan\/#breadcrumb"},"inLanguage":"pl-PL","potentialAction":[{"@type":"ReadAction","target":["https:\/\/www.transtoyou.com\/pl\/product\/decigatan\/"]}]},{"@type":"ImageObject","inLanguage":"pl-PL","@id":"https:\/\/www.transtoyou.com\/pl\/product\/decigatan\/#primaryimage","url":"https:\/\/www.transtoyou.com\/pl\/wp-content\/uploads\/sites\/11\/2026\/01\/tty-no-product-image-23.webp","contentUrl":"https:\/\/www.transtoyou.com\/pl\/wp-content\/uploads\/sites\/11\/2026\/01\/tty-no-product-image-23.webp","width":1000,"height":1000,"caption":"Domy\u015blne zdj\u0119cie produktu"},{"@type":"WebSite","@id":"https:\/\/www.transtoyou.com\/pl\/#website","url":"https:\/\/www.transtoyou.com\/pl\/","name":"Transtoyou - PL","description":"","publisher":{"@id":"https:\/\/www.transtoyou.com\/pl\/#organization"},"potentialAction":[{"@type":"SearchAction","target":{"@type":"EntryPoint","urlTemplate":"https:\/\/www.transtoyou.com\/pl\/?s={search_term_string}"},"query-input":{"@type":"PropertyValueSpecification","valueRequired":true,"valueName":"search_term_string"}}],"inLanguage":"pl-PL"},{"@type":"Organization","@id":"https:\/\/www.transtoyou.com\/pl\/#organization","name":"Transtoyou - PL","url":"https:\/\/www.transtoyou.com\/pl\/","logo":{"@type":"ImageObject","inLanguage":"pl-PL","@id":"https:\/\/www.transtoyou.com\/pl\/#\/schema\/logo\/image\/","url":"https:\/\/www.transtoyou.com\/pl\/wp-content\/uploads\/sites\/11\/2026\/01\/logo-tty-menu-bar-300x87-1.webp","contentUrl":"https:\/\/www.transtoyou.com\/pl\/wp-content\/uploads\/sites\/11\/2026\/01\/logo-tty-menu-bar-300x87-1.webp","width":300,"height":87,"caption":"Transtoyou - PL"},"image":{"@id":"https:\/\/www.transtoyou.com\/pl\/#\/schema\/logo\/image\/"}}]}},"_links":{"self":[{"href":"https:\/\/www.transtoyou.com\/pl\/wp-json\/wp\/v2\/product\/512","targetHints":{"allow":["GET"]}}],"collection":[{"href":"https:\/\/www.transtoyou.com\/pl\/wp-json\/wp\/v2\/product"}],"about":[{"href":"https:\/\/www.transtoyou.com\/pl\/wp-json\/wp\/v2\/types\/product"}],"replies":[{"embeddable":true,"href":"https:\/\/www.transtoyou.com\/pl\/wp-json\/wp\/v2\/comments?post=512"}],"wp:featuredmedia":[{"embeddable":true,"href":"https:\/\/www.transtoyou.com\/pl\/wp-json\/wp\/v2\/media\/514"}],"wp:attachment":[{"href":"https:\/\/www.transtoyou.com\/pl\/wp-json\/wp\/v2\/media?parent=512"}],"wp:term":[{"taxonomy":"product_brand","embeddable":true,"href":"https:\/\/www.transtoyou.com\/pl\/wp-json\/wp\/v2\/product_brand?post=512"},{"taxonomy":"product_cat","embeddable":true,"href":"https:\/\/www.transtoyou.com\/pl\/wp-json\/wp\/v2\/product_cat?post=512"},{"taxonomy":"product_tag","embeddable":true,"href":"https:\/\/www.transtoyou.com\/pl\/wp-json\/wp\/v2\/product_tag?post=512"},{"taxonomy":"expert","embeddable":true,"href":"https:\/\/www.transtoyou.com\/pl\/wp-json\/wp\/v2\/expert?post=512"}],"curies":[{"name":"wp","href":"https:\/\/api.w.org\/{rel}","templated":true}]}}