{"id":518,"date":"2026-01-22T21:22:20","date_gmt":"2026-01-22T19:22:20","guid":{"rendered":"https:\/\/www.transtoyou.com\/pl\/product\/valtrex\/"},"modified":"2026-01-22T21:23:28","modified_gmt":"2026-01-22T19:23:28","slug":"valtrex","status":"publish","type":"product","link":"https:\/\/www.transtoyou.com\/pl\/product\/valtrex\/","title":{"rendered":"Valtrex"},"content":{"rendered":"<p>Valtrex to lek przeciwwirusowy (lek zwalczaj\u0105cy wirusy) stosowany w leczeniu infekcji wywo\u0142anych przez wirusy opryszczki. Jest prolekiem acyklowiru, co oznacza, \u017ce organizm przekszta\u0142ca go w aktywn\u0105 form\u0119 (acyklowir) po za\u017cyciu. Acyklowir dzia\u0142a poprzez zatrzymanie wirusa przed replikacj\u0105 jego DNA (materia\u0142u genetycznego), co zapobiega jego mno\u017ceniu si\u0119 i rozprzestrzenianiu (blokuje replikacj\u0119 wirusa).<\/p>\n<p>Valtrex jest g\u0142\u00f3wnie przepisywany na infekcje wywo\u0142ane przez wirusy opryszczki, w tym opryszczk\u0119 wargow\u0105 (opryszczka wargowa), opryszczk\u0119 genitaln\u0105, p\u00f3\u0142pasiec (opryszczka zoster), infekcje oczu spowodowane wirusem opryszczki oraz w celu zapobiegania infekcjom wirusem cytomegalii (CMV) u os\u00f3b, kt\u00f3re przesz\u0142y przeszczep organu. Stosuje si\u0119 go r\u00f3wnie\u017c d\u0142ugoterminowo, aby zmniejszy\u0107 cz\u0119stotliwo\u015b\u0107 nawrot\u00f3w.<\/p>\n<p>Valtrex wp\u0142ywa na organizm, kontroluj\u0105c wirusa podczas aktywnych nawrot\u00f3w i zmniejszaj\u0105c ryzyko przysz\u0142ych zaostrze\u0144. Dzia\u0142a najlepiej, gdy jest stosowany wcze\u015bnie w trakcie objaw\u00f3w, cz\u0119sto w ci\u0105gu pierwszych 1\u20131,5 godziny. Poniewa\u017c celuje tylko w kom\u00f3rki zaka\u017cone wirusem, zdrowe kom\u00f3rki s\u0105 zazwyczaj oszcz\u0119dzane, co skutkuje mniejsz\u0105 liczb\u0105 dzia\u0142a\u0144 niepo\u017c\u0105danych.<\/p>\n<p>G\u0142\u00f3wne korzy\u015bci z stosowania Valtrex to szybkie dzia\u0142anie, \u0142atwo\u015b\u0107 u\u017cycia (tabletka doustna), mniejsza liczba dawek dziennych w por\u00f3wnaniu do starszych lek\u00f3w przeciwwirusowych oraz silne dowody na skuteczno\u015b\u0107. Zmniejsza b\u00f3l i czas gojenia podczas nawrot\u00f3w oraz mo\u017ce r\u00f3wnie\u017c zmniejszy\u0107 szanse na przeniesienie wirusa na innych, gdy jest stosowany codziennie.<\/p>\n<p>Valtrex nie leczy opryszczki, ale skutecznie pomaga ni\u0105 zarz\u0105dza\u0107 i sprawia, \u017ce \u017cycie z t\u0105 chorob\u0105 jest bardziej zno\u015bne.<\/p>\n","protected":false},"excerpt":{"rendered":"<ul>\n<li>Antywirusowy przeciwko wirusom opryszczki<\/li>\n<li>Pomaga zmniejszy\u0107 nawroty i objawy<\/li>\n<li>Opcja raz dziennie dla zapobiegania<\/li>\n<\/ul>\n","protected":false},"featured_media":520,"comment_status":"open","ping_status":"closed","template":"","meta":[],"product_brand":[],"product_cat":[161,93],"product_tag":[],"expert":[17],"class_list":{"0":"post-518","1":"product","2":"type-product","3":"status-publish","4":"has-post-thumbnail","6":"product_cat-gonty","7":"product_cat-opryszczka","8":"expert-dr-c-munoz-parada","10":"first","11":"instock","12":"shipping-taxable","13":"product-type-variable"},"yoast_head":"<!-- This site is optimized with the Yoast SEO plugin v27.0 - https:\/\/yoast.com\/product\/yoast-seo-wordpress\/ -->\n<title>Valtrex | Skuteczna Wsparcie Przeciwwirusowe - Transtoyou<\/title>\n<meta name=\"description\" content=\"Valtrex dost\u0119pny w Transtoyou, oferuj\u0105cy zaufane wsparcie przeciwwirusowe. Poznaj jego zalety w \u0142agodzeniu objaw\u00f3w opryszczki. Kup teraz dla skutecznej opieki.\" \/>\n<meta name=\"robots\" content=\"noindex, follow, max-snippet:-1, max-image-preview:large, max-video-preview:-1\" \/>\n<meta property=\"og:locale\" content=\"pl_PL\" \/>\n<meta property=\"og:type\" content=\"article\" \/>\n<meta property=\"og:title\" content=\"Valtrex | Skuteczna Wsparcie Przeciwwirusowe - Transtoyou\" \/>\n<meta property=\"og:description\" content=\"Valtrex dost\u0119pny w Transtoyou, oferuj\u0105cy zaufane wsparcie przeciwwirusowe. Poznaj jego zalety w \u0142agodzeniu objaw\u00f3w opryszczki. Kup teraz dla skutecznej opieki.\" \/>\n<meta property=\"og:url\" content=\"https:\/\/www.transtoyou.com\/pl\/product\/valtrex\/\" \/>\n<meta property=\"og:site_name\" content=\"Transtoyou - PL\" \/>\n<meta property=\"article:modified_time\" content=\"2026-01-22T19:23:28+00:00\" \/>\n<meta name=\"twitter:card\" content=\"summary_large_image\" \/>\n<meta name=\"twitter:label1\" content=\"Szacowany czas czytania\" \/>\n\t<meta name=\"twitter:data1\" content=\"1 minuta\" \/>\n<script type=\"application\/ld+json\" class=\"yoast-schema-graph\">{\"@context\":\"https:\/\/schema.org\",\"@graph\":[{\"@type\":\"WebPage\",\"@id\":\"https:\/\/www.transtoyou.com\/pl\/product\/valtrex\/\",\"url\":\"https:\/\/www.transtoyou.com\/pl\/product\/valtrex\/\",\"name\":\"Valtrex | Skuteczna Wsparcie Przeciwwirusowe - Transtoyou\",\"isPartOf\":{\"@id\":\"https:\/\/www.transtoyou.com\/pl\/#website\"},\"primaryImageOfPage\":{\"@id\":\"https:\/\/www.transtoyou.com\/pl\/product\/valtrex\/#primaryimage\"},\"image\":{\"@id\":\"https:\/\/www.transtoyou.com\/pl\/product\/valtrex\/#primaryimage\"},\"thumbnailUrl\":\"https:\/\/www.transtoyou.com\/pl\/wp-content\/uploads\/sites\/11\/2026\/01\/tty-no-product-image-25.webp\",\"datePublished\":\"2026-01-22T19:22:20+00:00\",\"dateModified\":\"2026-01-22T19:23:28+00:00\",\"description\":\"Valtrex dost\u0119pny w Transtoyou, oferuj\u0105cy zaufane wsparcie przeciwwirusowe. Poznaj jego zalety w \u0142agodzeniu objaw\u00f3w opryszczki. Kup teraz dla skutecznej opieki.\",\"breadcrumb\":{\"@id\":\"https:\/\/www.transtoyou.com\/pl\/product\/valtrex\/#breadcrumb\"},\"inLanguage\":\"pl-PL\",\"potentialAction\":[{\"@type\":\"ReadAction\",\"target\":[\"https:\/\/www.transtoyou.com\/pl\/product\/valtrex\/\"]}]},{\"@type\":\"ImageObject\",\"inLanguage\":\"pl-PL\",\"@id\":\"https:\/\/www.transtoyou.com\/pl\/product\/valtrex\/#primaryimage\",\"url\":\"https:\/\/www.transtoyou.com\/pl\/wp-content\/uploads\/sites\/11\/2026\/01\/tty-no-product-image-25.webp\",\"contentUrl\":\"https:\/\/www.transtoyou.com\/pl\/wp-content\/uploads\/sites\/11\/2026\/01\/tty-no-product-image-25.webp\",\"width\":1000,\"height\":1000,\"caption\":\"Domy\u015blny obraz produktu\"},{\"@type\":\"WebSite\",\"@id\":\"https:\/\/www.transtoyou.com\/pl\/#website\",\"url\":\"https:\/\/www.transtoyou.com\/pl\/\",\"name\":\"Transtoyou - PL\",\"description\":\"\",\"publisher\":{\"@id\":\"https:\/\/www.transtoyou.com\/pl\/#organization\"},\"potentialAction\":[{\"@type\":\"SearchAction\",\"target\":{\"@type\":\"EntryPoint\",\"urlTemplate\":\"https:\/\/www.transtoyou.com\/pl\/?s={search_term_string}\"},\"query-input\":{\"@type\":\"PropertyValueSpecification\",\"valueRequired\":true,\"valueName\":\"search_term_string\"}}],\"inLanguage\":\"pl-PL\"},{\"@type\":\"Organization\",\"@id\":\"https:\/\/www.transtoyou.com\/pl\/#organization\",\"name\":\"Transtoyou - PL\",\"url\":\"https:\/\/www.transtoyou.com\/pl\/\",\"logo\":{\"@type\":\"ImageObject\",\"inLanguage\":\"pl-PL\",\"@id\":\"https:\/\/www.transtoyou.com\/pl\/#\/schema\/logo\/image\/\",\"url\":\"https:\/\/www.transtoyou.com\/pl\/wp-content\/uploads\/sites\/11\/2026\/01\/logo-tty-menu-bar-300x87-1.webp\",\"contentUrl\":\"https:\/\/www.transtoyou.com\/pl\/wp-content\/uploads\/sites\/11\/2026\/01\/logo-tty-menu-bar-300x87-1.webp\",\"width\":300,\"height\":87,\"caption\":\"Transtoyou - PL\"},\"image\":{\"@id\":\"https:\/\/www.transtoyou.com\/pl\/#\/schema\/logo\/image\/\"}}]}<\/script>\n<!-- \/ Yoast SEO plugin. -->","yoast_head_json":{"title":"Valtrex | Skuteczna Wsparcie Przeciwwirusowe - Transtoyou","description":"Valtrex dost\u0119pny w Transtoyou, oferuj\u0105cy zaufane wsparcie przeciwwirusowe. Poznaj jego zalety w \u0142agodzeniu objaw\u00f3w opryszczki. Kup teraz dla skutecznej opieki.","robots":{"index":"noindex","follow":"follow","max-snippet":"max-snippet:-1","max-image-preview":"max-image-preview:large","max-video-preview":"max-video-preview:-1"},"og_locale":"pl_PL","og_type":"article","og_title":"Valtrex | Skuteczna Wsparcie Przeciwwirusowe - Transtoyou","og_description":"Valtrex dost\u0119pny w Transtoyou, oferuj\u0105cy zaufane wsparcie przeciwwirusowe. Poznaj jego zalety w \u0142agodzeniu objaw\u00f3w opryszczki. Kup teraz dla skutecznej opieki.","og_url":"https:\/\/www.transtoyou.com\/pl\/product\/valtrex\/","og_site_name":"Transtoyou - PL","article_modified_time":"2026-01-22T19:23:28+00:00","twitter_card":"summary_large_image","twitter_misc":{"Szacowany czas czytania":"1 minuta"},"schema":{"@context":"https:\/\/schema.org","@graph":[{"@type":"WebPage","@id":"https:\/\/www.transtoyou.com\/pl\/product\/valtrex\/","url":"https:\/\/www.transtoyou.com\/pl\/product\/valtrex\/","name":"Valtrex | Skuteczna Wsparcie Przeciwwirusowe - Transtoyou","isPartOf":{"@id":"https:\/\/www.transtoyou.com\/pl\/#website"},"primaryImageOfPage":{"@id":"https:\/\/www.transtoyou.com\/pl\/product\/valtrex\/#primaryimage"},"image":{"@id":"https:\/\/www.transtoyou.com\/pl\/product\/valtrex\/#primaryimage"},"thumbnailUrl":"https:\/\/www.transtoyou.com\/pl\/wp-content\/uploads\/sites\/11\/2026\/01\/tty-no-product-image-25.webp","datePublished":"2026-01-22T19:22:20+00:00","dateModified":"2026-01-22T19:23:28+00:00","description":"Valtrex dost\u0119pny w Transtoyou, oferuj\u0105cy zaufane wsparcie przeciwwirusowe. Poznaj jego zalety w \u0142agodzeniu objaw\u00f3w opryszczki. Kup teraz dla skutecznej opieki.","breadcrumb":{"@id":"https:\/\/www.transtoyou.com\/pl\/product\/valtrex\/#breadcrumb"},"inLanguage":"pl-PL","potentialAction":[{"@type":"ReadAction","target":["https:\/\/www.transtoyou.com\/pl\/product\/valtrex\/"]}]},{"@type":"ImageObject","inLanguage":"pl-PL","@id":"https:\/\/www.transtoyou.com\/pl\/product\/valtrex\/#primaryimage","url":"https:\/\/www.transtoyou.com\/pl\/wp-content\/uploads\/sites\/11\/2026\/01\/tty-no-product-image-25.webp","contentUrl":"https:\/\/www.transtoyou.com\/pl\/wp-content\/uploads\/sites\/11\/2026\/01\/tty-no-product-image-25.webp","width":1000,"height":1000,"caption":"Domy\u015blny obraz produktu"},{"@type":"WebSite","@id":"https:\/\/www.transtoyou.com\/pl\/#website","url":"https:\/\/www.transtoyou.com\/pl\/","name":"Transtoyou - PL","description":"","publisher":{"@id":"https:\/\/www.transtoyou.com\/pl\/#organization"},"potentialAction":[{"@type":"SearchAction","target":{"@type":"EntryPoint","urlTemplate":"https:\/\/www.transtoyou.com\/pl\/?s={search_term_string}"},"query-input":{"@type":"PropertyValueSpecification","valueRequired":true,"valueName":"search_term_string"}}],"inLanguage":"pl-PL"},{"@type":"Organization","@id":"https:\/\/www.transtoyou.com\/pl\/#organization","name":"Transtoyou - PL","url":"https:\/\/www.transtoyou.com\/pl\/","logo":{"@type":"ImageObject","inLanguage":"pl-PL","@id":"https:\/\/www.transtoyou.com\/pl\/#\/schema\/logo\/image\/","url":"https:\/\/www.transtoyou.com\/pl\/wp-content\/uploads\/sites\/11\/2026\/01\/logo-tty-menu-bar-300x87-1.webp","contentUrl":"https:\/\/www.transtoyou.com\/pl\/wp-content\/uploads\/sites\/11\/2026\/01\/logo-tty-menu-bar-300x87-1.webp","width":300,"height":87,"caption":"Transtoyou - PL"},"image":{"@id":"https:\/\/www.transtoyou.com\/pl\/#\/schema\/logo\/image\/"}}]}},"_links":{"self":[{"href":"https:\/\/www.transtoyou.com\/pl\/wp-json\/wp\/v2\/product\/518","targetHints":{"allow":["GET"]}}],"collection":[{"href":"https:\/\/www.transtoyou.com\/pl\/wp-json\/wp\/v2\/product"}],"about":[{"href":"https:\/\/www.transtoyou.com\/pl\/wp-json\/wp\/v2\/types\/product"}],"replies":[{"embeddable":true,"href":"https:\/\/www.transtoyou.com\/pl\/wp-json\/wp\/v2\/comments?post=518"}],"wp:featuredmedia":[{"embeddable":true,"href":"https:\/\/www.transtoyou.com\/pl\/wp-json\/wp\/v2\/media\/520"}],"wp:attachment":[{"href":"https:\/\/www.transtoyou.com\/pl\/wp-json\/wp\/v2\/media?parent=518"}],"wp:term":[{"taxonomy":"product_brand","embeddable":true,"href":"https:\/\/www.transtoyou.com\/pl\/wp-json\/wp\/v2\/product_brand?post=518"},{"taxonomy":"product_cat","embeddable":true,"href":"https:\/\/www.transtoyou.com\/pl\/wp-json\/wp\/v2\/product_cat?post=518"},{"taxonomy":"product_tag","embeddable":true,"href":"https:\/\/www.transtoyou.com\/pl\/wp-json\/wp\/v2\/product_tag?post=518"},{"taxonomy":"expert","embeddable":true,"href":"https:\/\/www.transtoyou.com\/pl\/wp-json\/wp\/v2\/expert?post=518"}],"curies":[{"name":"wp","href":"https:\/\/api.w.org\/{rel}","templated":true}]}}