{"id":521,"date":"2026-01-22T21:36:35","date_gmt":"2026-01-22T19:36:35","guid":{"rendered":"https:\/\/www.transtoyou.com\/pl\/product\/valaciclovir\/"},"modified":"2026-03-06T16:54:33","modified_gmt":"2026-03-06T14:54:33","slug":"walacyklowir","status":"publish","type":"product","link":"https:\/\/www.transtoyou.com\/pl\/product\/walacyklowir\/","title":{"rendered":"Walacyklowir"},"content":{"rendered":"<p>Walacyklowir to lek przeciwwirusowy (lek zwalczaj\u0105cy wirusy) stosowany w leczeniu infekcji wywo\u0142anych przez wirusy opryszczki. Jest to prolek acyklowiru, co oznacza, \u017ce organizm przekszta\u0142ca go w aktywn\u0105 form\u0119 (acyklowir) po jego za\u017cyciu. Acyklowir dzia\u0142a, zak\u0142\u00f3caj\u0105c zdolno\u015b\u0107 wirusa do kopiowania swojego DNA (blokuje replikacj\u0119 wirusa), skutecznie zatrzymuj\u0105c jego namna\u017canie i rozprzestrzenianie si\u0119.<\/p>\n<p>Walacyklowir jest g\u0142\u00f3wnie stosowany w leczeniu i zapobieganiu infekcjom wirusa opryszczki pospolitej, w tym opryszczce wargowej i genitalnej, p\u00f3\u0142pa\u015bcu (herpes zoster) oraz infekcjom oczu wywo\u0142anym przez wirusa opryszczki. Jest szczeg\u00f3lnie pomocny w redukcji b\u00f3lu, czasu trwania i nawrot\u00f3w objaw\u00f3w.<\/p>\n<p>Ten lek pomaga zmniejszy\u0107 nasilenie wybuch\u00f3w i mo\u017ce skr\u00f3ci\u0107 czas gojenia. Stosowany jako leczenie zapobiegawcze, zmniejsza liczb\u0119 nawrot\u00f3w i mo\u017ce sprawi\u0107, \u017ce zaostrzenia b\u0119d\u0105 mniej dotkliwe. Dzia\u0142a szybko (w ci\u0105gu 1\u20131,5 godziny po za\u017cyciu), a poniewa\u017c jest przyjmowany doustnie, jest wygodny i \u0142atwy w u\u017cyciu. Wiele os\u00f3b korzysta z jego d\u0142ugotrwa\u0142ego dzia\u0142ania przy stosunkowo niewielu skutkach ubocznych.<\/p>\n<p>Walacyklowir nie leczy opryszczki, ale sprawia, \u017ce \u017cycie z wirusem jest bardziej zno\u015bne, ograniczaj\u0105c jego wp\u0142yw na codzienne \u017cycie.<\/p>\n","protected":false},"excerpt":{"rendered":"<ul>\n<li>Przeciwwirusowy przeciwko wirusom opryszczki<\/li>\n<li>Pomaga zmniejszy\u0107 nawroty i objawy<\/li>\n<li>Opcja przyjmowania raz dziennie w celu zapobiegania<\/li>\n<\/ul>\n","protected":false},"featured_media":523,"comment_status":"open","ping_status":"closed","template":"","meta":[],"product_brand":[],"product_cat":[161,93],"product_tag":[],"expert":[17],"class_list":{"0":"post-521","1":"product","2":"type-product","3":"status-publish","4":"has-post-thumbnail","6":"product_cat-gonty","7":"product_cat-opryszczka","8":"expert-dr-c-munoz-parada","10":"first","11":"instock","12":"shipping-taxable","13":"product-type-variable"},"yoast_head":"<!-- This site is optimized with the Yoast SEO plugin v27.0 - https:\/\/yoast.com\/product\/yoast-seo-wordpress\/ -->\n<title>Walacyklowir | Szybka pomoc w walce z opryszczk\u0105 i p\u00f3\u0142pa\u015bcem - Transtoyou<\/title>\n<meta name=\"description\" content=\"Walacyklowir, skuteczny lek na opryszczk\u0119, \u0142agodzi objawy i nawroty. Wygodne stosowanie doustne. Odkryj korzy\u015bci na Transtoyou ju\u017c dzi\u015b.\" \/>\n<meta name=\"robots\" content=\"noindex, follow, max-snippet:-1, max-image-preview:large, max-video-preview:-1\" \/>\n<meta property=\"og:locale\" content=\"pl_PL\" \/>\n<meta property=\"og:type\" content=\"article\" \/>\n<meta property=\"og:title\" content=\"Walacyklowir | Szybka pomoc w walce z opryszczk\u0105 i p\u00f3\u0142pa\u015bcem - Transtoyou\" \/>\n<meta property=\"og:description\" content=\"Walacyklowir, skuteczny lek na opryszczk\u0119, \u0142agodzi objawy i nawroty. Wygodne stosowanie doustne. Odkryj korzy\u015bci na Transtoyou ju\u017c dzi\u015b.\" \/>\n<meta property=\"og:url\" content=\"https:\/\/www.transtoyou.com\/pl\/product\/valaciclovir\/\" \/>\n<meta property=\"og:site_name\" content=\"Transtoyou - PL\" \/>\n<meta property=\"article:modified_time\" content=\"2026-03-06T14:54:33+00:00\" \/>\n<meta name=\"twitter:card\" content=\"summary_large_image\" \/>\n<meta name=\"twitter:label1\" content=\"Szacowany czas czytania\" \/>\n\t<meta name=\"twitter:data1\" content=\"1 minuta\" \/>\n<script type=\"application\/ld+json\" class=\"yoast-schema-graph\">{\"@context\":\"https:\/\/schema.org\",\"@graph\":[{\"@type\":\"WebPage\",\"@id\":\"https:\/\/www.transtoyou.com\/pl\/product\/valaciclovir\/\",\"url\":\"https:\/\/www.transtoyou.com\/pl\/product\/valaciclovir\/\",\"name\":\"Walacyklowir | Szybka pomoc w walce z opryszczk\u0105 i p\u00f3\u0142pa\u015bcem - Transtoyou\",\"isPartOf\":{\"@id\":\"https:\/\/www.transtoyou.com\/pl\/#website\"},\"primaryImageOfPage\":{\"@id\":\"https:\/\/www.transtoyou.com\/pl\/product\/valaciclovir\/#primaryimage\"},\"image\":{\"@id\":\"https:\/\/www.transtoyou.com\/pl\/product\/valaciclovir\/#primaryimage\"},\"thumbnailUrl\":\"https:\/\/www.transtoyou.com\/pl\/wp-content\/uploads\/sites\/11\/2026\/01\/tty-no-product-image-26.webp\",\"datePublished\":\"2026-01-22T19:36:35+00:00\",\"dateModified\":\"2026-03-06T14:54:33+00:00\",\"description\":\"Walacyklowir, skuteczny lek na opryszczk\u0119, \u0142agodzi objawy i nawroty. Wygodne stosowanie doustne. Odkryj korzy\u015bci na Transtoyou ju\u017c dzi\u015b.\",\"breadcrumb\":{\"@id\":\"https:\/\/www.transtoyou.com\/pl\/product\/valaciclovir\/#breadcrumb\"},\"inLanguage\":\"pl-PL\",\"potentialAction\":[{\"@type\":\"ReadAction\",\"target\":[\"https:\/\/www.transtoyou.com\/pl\/product\/valaciclovir\/\"]}]},{\"@type\":\"ImageObject\",\"inLanguage\":\"pl-PL\",\"@id\":\"https:\/\/www.transtoyou.com\/pl\/product\/valaciclovir\/#primaryimage\",\"url\":\"https:\/\/www.transtoyou.com\/pl\/wp-content\/uploads\/sites\/11\/2026\/01\/tty-no-product-image-26.webp\",\"contentUrl\":\"https:\/\/www.transtoyou.com\/pl\/wp-content\/uploads\/sites\/11\/2026\/01\/tty-no-product-image-26.webp\",\"width\":1000,\"height\":1000,\"caption\":\"Domy\u015blny obraz produktu\"},{\"@type\":\"WebSite\",\"@id\":\"https:\/\/www.transtoyou.com\/pl\/#website\",\"url\":\"https:\/\/www.transtoyou.com\/pl\/\",\"name\":\"Transtoyou - PL\",\"description\":\"\",\"publisher\":{\"@id\":\"https:\/\/www.transtoyou.com\/pl\/#organization\"},\"potentialAction\":[{\"@type\":\"SearchAction\",\"target\":{\"@type\":\"EntryPoint\",\"urlTemplate\":\"https:\/\/www.transtoyou.com\/pl\/?s={search_term_string}\"},\"query-input\":{\"@type\":\"PropertyValueSpecification\",\"valueRequired\":true,\"valueName\":\"search_term_string\"}}],\"inLanguage\":\"pl-PL\"},{\"@type\":\"Organization\",\"@id\":\"https:\/\/www.transtoyou.com\/pl\/#organization\",\"name\":\"Transtoyou - PL\",\"url\":\"https:\/\/www.transtoyou.com\/pl\/\",\"logo\":{\"@type\":\"ImageObject\",\"inLanguage\":\"pl-PL\",\"@id\":\"https:\/\/www.transtoyou.com\/pl\/#\/schema\/logo\/image\/\",\"url\":\"https:\/\/www.transtoyou.com\/pl\/wp-content\/uploads\/sites\/11\/2026\/01\/logo-tty-menu-bar-300x87-1.webp\",\"contentUrl\":\"https:\/\/www.transtoyou.com\/pl\/wp-content\/uploads\/sites\/11\/2026\/01\/logo-tty-menu-bar-300x87-1.webp\",\"width\":300,\"height\":87,\"caption\":\"Transtoyou - PL\"},\"image\":{\"@id\":\"https:\/\/www.transtoyou.com\/pl\/#\/schema\/logo\/image\/\"}}]}<\/script>\n<!-- \/ Yoast SEO plugin. -->","yoast_head_json":{"title":"Walacyklowir | Szybka pomoc w walce z opryszczk\u0105 i p\u00f3\u0142pa\u015bcem - Transtoyou","description":"Walacyklowir, skuteczny lek na opryszczk\u0119, \u0142agodzi objawy i nawroty. Wygodne stosowanie doustne. Odkryj korzy\u015bci na Transtoyou ju\u017c dzi\u015b.","robots":{"index":"noindex","follow":"follow","max-snippet":"max-snippet:-1","max-image-preview":"max-image-preview:large","max-video-preview":"max-video-preview:-1"},"og_locale":"pl_PL","og_type":"article","og_title":"Walacyklowir | Szybka pomoc w walce z opryszczk\u0105 i p\u00f3\u0142pa\u015bcem - Transtoyou","og_description":"Walacyklowir, skuteczny lek na opryszczk\u0119, \u0142agodzi objawy i nawroty. Wygodne stosowanie doustne. Odkryj korzy\u015bci na Transtoyou ju\u017c dzi\u015b.","og_url":"https:\/\/www.transtoyou.com\/pl\/product\/valaciclovir\/","og_site_name":"Transtoyou - PL","article_modified_time":"2026-03-06T14:54:33+00:00","twitter_card":"summary_large_image","twitter_misc":{"Szacowany czas czytania":"1 minuta"},"schema":{"@context":"https:\/\/schema.org","@graph":[{"@type":"WebPage","@id":"https:\/\/www.transtoyou.com\/pl\/product\/valaciclovir\/","url":"https:\/\/www.transtoyou.com\/pl\/product\/valaciclovir\/","name":"Walacyklowir | Szybka pomoc w walce z opryszczk\u0105 i p\u00f3\u0142pa\u015bcem - Transtoyou","isPartOf":{"@id":"https:\/\/www.transtoyou.com\/pl\/#website"},"primaryImageOfPage":{"@id":"https:\/\/www.transtoyou.com\/pl\/product\/valaciclovir\/#primaryimage"},"image":{"@id":"https:\/\/www.transtoyou.com\/pl\/product\/valaciclovir\/#primaryimage"},"thumbnailUrl":"https:\/\/www.transtoyou.com\/pl\/wp-content\/uploads\/sites\/11\/2026\/01\/tty-no-product-image-26.webp","datePublished":"2026-01-22T19:36:35+00:00","dateModified":"2026-03-06T14:54:33+00:00","description":"Walacyklowir, skuteczny lek na opryszczk\u0119, \u0142agodzi objawy i nawroty. Wygodne stosowanie doustne. Odkryj korzy\u015bci na Transtoyou ju\u017c dzi\u015b.","breadcrumb":{"@id":"https:\/\/www.transtoyou.com\/pl\/product\/valaciclovir\/#breadcrumb"},"inLanguage":"pl-PL","potentialAction":[{"@type":"ReadAction","target":["https:\/\/www.transtoyou.com\/pl\/product\/valaciclovir\/"]}]},{"@type":"ImageObject","inLanguage":"pl-PL","@id":"https:\/\/www.transtoyou.com\/pl\/product\/valaciclovir\/#primaryimage","url":"https:\/\/www.transtoyou.com\/pl\/wp-content\/uploads\/sites\/11\/2026\/01\/tty-no-product-image-26.webp","contentUrl":"https:\/\/www.transtoyou.com\/pl\/wp-content\/uploads\/sites\/11\/2026\/01\/tty-no-product-image-26.webp","width":1000,"height":1000,"caption":"Domy\u015blny obraz produktu"},{"@type":"WebSite","@id":"https:\/\/www.transtoyou.com\/pl\/#website","url":"https:\/\/www.transtoyou.com\/pl\/","name":"Transtoyou - PL","description":"","publisher":{"@id":"https:\/\/www.transtoyou.com\/pl\/#organization"},"potentialAction":[{"@type":"SearchAction","target":{"@type":"EntryPoint","urlTemplate":"https:\/\/www.transtoyou.com\/pl\/?s={search_term_string}"},"query-input":{"@type":"PropertyValueSpecification","valueRequired":true,"valueName":"search_term_string"}}],"inLanguage":"pl-PL"},{"@type":"Organization","@id":"https:\/\/www.transtoyou.com\/pl\/#organization","name":"Transtoyou - PL","url":"https:\/\/www.transtoyou.com\/pl\/","logo":{"@type":"ImageObject","inLanguage":"pl-PL","@id":"https:\/\/www.transtoyou.com\/pl\/#\/schema\/logo\/image\/","url":"https:\/\/www.transtoyou.com\/pl\/wp-content\/uploads\/sites\/11\/2026\/01\/logo-tty-menu-bar-300x87-1.webp","contentUrl":"https:\/\/www.transtoyou.com\/pl\/wp-content\/uploads\/sites\/11\/2026\/01\/logo-tty-menu-bar-300x87-1.webp","width":300,"height":87,"caption":"Transtoyou - PL"},"image":{"@id":"https:\/\/www.transtoyou.com\/pl\/#\/schema\/logo\/image\/"}}]}},"_links":{"self":[{"href":"https:\/\/www.transtoyou.com\/pl\/wp-json\/wp\/v2\/product\/521","targetHints":{"allow":["GET"]}}],"collection":[{"href":"https:\/\/www.transtoyou.com\/pl\/wp-json\/wp\/v2\/product"}],"about":[{"href":"https:\/\/www.transtoyou.com\/pl\/wp-json\/wp\/v2\/types\/product"}],"replies":[{"embeddable":true,"href":"https:\/\/www.transtoyou.com\/pl\/wp-json\/wp\/v2\/comments?post=521"}],"wp:featuredmedia":[{"embeddable":true,"href":"https:\/\/www.transtoyou.com\/pl\/wp-json\/wp\/v2\/media\/523"}],"wp:attachment":[{"href":"https:\/\/www.transtoyou.com\/pl\/wp-json\/wp\/v2\/media?parent=521"}],"wp:term":[{"taxonomy":"product_brand","embeddable":true,"href":"https:\/\/www.transtoyou.com\/pl\/wp-json\/wp\/v2\/product_brand?post=521"},{"taxonomy":"product_cat","embeddable":true,"href":"https:\/\/www.transtoyou.com\/pl\/wp-json\/wp\/v2\/product_cat?post=521"},{"taxonomy":"product_tag","embeddable":true,"href":"https:\/\/www.transtoyou.com\/pl\/wp-json\/wp\/v2\/product_tag?post=521"},{"taxonomy":"expert","embeddable":true,"href":"https:\/\/www.transtoyou.com\/pl\/wp-json\/wp\/v2\/expert?post=521"}],"curies":[{"name":"wp","href":"https:\/\/api.w.org\/{rel}","templated":true}]}}