{"id":524,"date":"2026-01-22T21:50:08","date_gmt":"2026-01-22T19:50:08","guid":{"rendered":"https:\/\/www.transtoyou.com\/pl\/product\/xyloproct\/"},"modified":"2026-03-08T12:55:05","modified_gmt":"2026-03-08T10:55:05","slug":"xyloprokt","status":"publish","type":"product","link":"https:\/\/www.transtoyou.com\/pl\/product\/xyloprokt\/","title":{"rendered":"Xyloproct"},"content":{"rendered":"<p>Xyloproct to miejscowe leczenie zaprojektowane w celu \u0142agodzenia objaw\u00f3w spowodowanych hemoroidami i innymi schorzeniami analnymi lub odbytniczymi. \u0141\u0105czy lidokain\u0119 (\u015brodek znieczulaj\u0105cy miejscowo) i hydrokortyzon (steroid przeciwzapalny). Te sk\u0142adniki wsp\u00f3\u0142dzia\u0142aj\u0105, aby szybko z\u0142agodzi\u0107 b\u00f3l, sw\u0119dzenie, obrz\u0119k i podra\u017cnienie (uspokaja stan zapalny i dyskomfort).<\/p>\n<p>Lidokaina znieczula obszar (\u0142agodzi b\u00f3l i sw\u0119dzenie, blokuj\u0105c sygna\u0142y nerwowe), podczas gdy hydrokortyzon redukuje zaczerwienienie, obrz\u0119k i sw\u0119dzenie (dzia\u0142anie przeciwzapalne i przeciw\u015bwi\u0105dowe).<\/p>\n<p>Xyloproct jest stosowany w celu leczenia stanu zapalnego i sw\u0119dzenia zwi\u0105zanego z hemoroidami (powi\u0119kszone naczynia krwiono\u015bne w okolicy odbytnicy) oraz dyskomfortem analnym. Zapewnia ukierunkowan\u0105, szybko dzia\u0142aj\u0105c\u0105 ulg\u0119 w objawach takich jak b\u00f3l, obrz\u0119k, sw\u0119dzenie i wra\u017cliwo\u015b\u0107. Formulacja jest zazwyczaj dostarczana w postaci mi\u0119kkiej ma\u015bci.<\/p>\n<p>G\u0142\u00f3wne korzy\u015bci p\u0142yn\u0105ce z Xyloproct to szybka ulga w objawach, po\u0142\u0105czone dzia\u0142anie terapeutyczne (znieczulaj\u0105ce, przeciwzapalne, antyseptyczne i wspomagaj\u0105ce gojenie) oraz \u0142atwo\u015b\u0107 u\u017cycia. To kompleksowe leczenie ostrych epizod\u00f3w hemoroidalnych i zwi\u0105zanych z nimi dyskomfort\u00f3w odbytniczych.<\/p>\n","protected":false},"excerpt":{"rendered":"<ul>\n<li>\u0141agodzi objawy hemoroid\u00f3w szybko<\/li>\n<li>\u0141\u0105czy ulg\u0119 w b\u00f3lu z dzia\u0142aniem przeciwzapalnym<\/li>\n<li>\u0141atwy w u\u017cyciu aplikator doodbytniczy<\/li>\n<\/ul>\n","protected":false},"featured_media":526,"comment_status":"open","ping_status":"closed","template":"","meta":[],"product_brand":[],"product_cat":[132],"product_tag":[],"expert":[17],"class_list":{"0":"post-524","1":"product","2":"type-product","3":"status-publish","4":"has-post-thumbnail","6":"product_cat-hemoroidy","7":"expert-dr-c-munoz-parada","9":"first","10":"instock","11":"shipping-taxable","12":"product-type-variable"},"yoast_head":"<!-- This site is optimized with the Yoast SEO plugin v27.0 - https:\/\/yoast.com\/product\/yoast-seo-wordpress\/ -->\n<title>Xyloproct | Szybka ulga w hemoroidach - Transtoyou<\/title>\n<meta name=\"description\" content=\"Xyloproct, dost\u0119pny tutaj, szybko \u0142agodzi objawy hemoroid\u00f3w dzi\u0119ki lidokainie i hydrokortyzonowi. Uzyskaj ulg\u0119 ju\u017c dzi\u015b!\" \/>\n<meta name=\"robots\" content=\"noindex, follow, max-snippet:-1, max-image-preview:large, max-video-preview:-1\" \/>\n<meta property=\"og:locale\" content=\"pl_PL\" \/>\n<meta property=\"og:type\" content=\"article\" \/>\n<meta property=\"og:title\" content=\"Xyloproct | Szybka ulga w hemoroidach - Transtoyou\" \/>\n<meta property=\"og:description\" content=\"Xyloproct, dost\u0119pny tutaj, szybko \u0142agodzi objawy hemoroid\u00f3w dzi\u0119ki lidokainie i hydrokortyzonowi. Uzyskaj ulg\u0119 ju\u017c dzi\u015b!\" \/>\n<meta property=\"og:url\" content=\"https:\/\/www.transtoyou.com\/pl\/product\/xyloprokt\/\" \/>\n<meta property=\"og:site_name\" content=\"Transtoyou - PL\" \/>\n<meta property=\"article:modified_time\" content=\"2026-03-08T10:55:05+00:00\" \/>\n<meta name=\"twitter:card\" content=\"summary_large_image\" \/>\n<meta name=\"twitter:label1\" content=\"Szacowany czas czytania\" \/>\n\t<meta name=\"twitter:data1\" content=\"1 minuta\" \/>\n<script type=\"application\/ld+json\" class=\"yoast-schema-graph\">{\"@context\":\"https:\/\/schema.org\",\"@graph\":[{\"@type\":\"WebPage\",\"@id\":\"https:\/\/www.transtoyou.com\/pl\/product\/xyloprokt\/\",\"url\":\"https:\/\/www.transtoyou.com\/pl\/product\/xyloprokt\/\",\"name\":\"Xyloproct | Szybka ulga w hemoroidach - Transtoyou\",\"isPartOf\":{\"@id\":\"https:\/\/www.transtoyou.com\/pl\/#website\"},\"primaryImageOfPage\":{\"@id\":\"https:\/\/www.transtoyou.com\/pl\/product\/xyloprokt\/#primaryimage\"},\"image\":{\"@id\":\"https:\/\/www.transtoyou.com\/pl\/product\/xyloprokt\/#primaryimage\"},\"thumbnailUrl\":\"https:\/\/www.transtoyou.com\/pl\/wp-content\/uploads\/sites\/11\/2026\/01\/tty-no-product-image-27.webp\",\"datePublished\":\"2026-01-22T19:50:08+00:00\",\"dateModified\":\"2026-03-08T10:55:05+00:00\",\"description\":\"Xyloproct, dost\u0119pny tutaj, szybko \u0142agodzi objawy hemoroid\u00f3w dzi\u0119ki lidokainie i hydrokortyzonowi. Uzyskaj ulg\u0119 ju\u017c dzi\u015b!\",\"breadcrumb\":{\"@id\":\"https:\/\/www.transtoyou.com\/pl\/product\/xyloprokt\/#breadcrumb\"},\"inLanguage\":\"pl-PL\",\"potentialAction\":[{\"@type\":\"ReadAction\",\"target\":[\"https:\/\/www.transtoyou.com\/pl\/product\/xyloprokt\/\"]}]},{\"@type\":\"ImageObject\",\"inLanguage\":\"pl-PL\",\"@id\":\"https:\/\/www.transtoyou.com\/pl\/product\/xyloprokt\/#primaryimage\",\"url\":\"https:\/\/www.transtoyou.com\/pl\/wp-content\/uploads\/sites\/11\/2026\/01\/tty-no-product-image-27.webp\",\"contentUrl\":\"https:\/\/www.transtoyou.com\/pl\/wp-content\/uploads\/sites\/11\/2026\/01\/tty-no-product-image-27.webp\",\"width\":1000,\"height\":1000,\"caption\":\"Domy\u015blny obraz produktu\"},{\"@type\":\"WebSite\",\"@id\":\"https:\/\/www.transtoyou.com\/pl\/#website\",\"url\":\"https:\/\/www.transtoyou.com\/pl\/\",\"name\":\"Transtoyou - PL\",\"description\":\"\",\"publisher\":{\"@id\":\"https:\/\/www.transtoyou.com\/pl\/#organization\"},\"potentialAction\":[{\"@type\":\"SearchAction\",\"target\":{\"@type\":\"EntryPoint\",\"urlTemplate\":\"https:\/\/www.transtoyou.com\/pl\/?s={search_term_string}\"},\"query-input\":{\"@type\":\"PropertyValueSpecification\",\"valueRequired\":true,\"valueName\":\"search_term_string\"}}],\"inLanguage\":\"pl-PL\"},{\"@type\":\"Organization\",\"@id\":\"https:\/\/www.transtoyou.com\/pl\/#organization\",\"name\":\"Transtoyou - PL\",\"url\":\"https:\/\/www.transtoyou.com\/pl\/\",\"logo\":{\"@type\":\"ImageObject\",\"inLanguage\":\"pl-PL\",\"@id\":\"https:\/\/www.transtoyou.com\/pl\/#\/schema\/logo\/image\/\",\"url\":\"https:\/\/www.transtoyou.com\/pl\/wp-content\/uploads\/sites\/11\/2026\/01\/logo-tty-menu-bar-300x87-1.webp\",\"contentUrl\":\"https:\/\/www.transtoyou.com\/pl\/wp-content\/uploads\/sites\/11\/2026\/01\/logo-tty-menu-bar-300x87-1.webp\",\"width\":300,\"height\":87,\"caption\":\"Transtoyou - PL\"},\"image\":{\"@id\":\"https:\/\/www.transtoyou.com\/pl\/#\/schema\/logo\/image\/\"}}]}<\/script>\n<!-- \/ Yoast SEO plugin. -->","yoast_head_json":{"title":"Xyloproct | Szybka ulga w hemoroidach - Transtoyou","description":"Xyloproct, dost\u0119pny tutaj, szybko \u0142agodzi objawy hemoroid\u00f3w dzi\u0119ki lidokainie i hydrokortyzonowi. Uzyskaj ulg\u0119 ju\u017c dzi\u015b!","robots":{"index":"noindex","follow":"follow","max-snippet":"max-snippet:-1","max-image-preview":"max-image-preview:large","max-video-preview":"max-video-preview:-1"},"og_locale":"pl_PL","og_type":"article","og_title":"Xyloproct | Szybka ulga w hemoroidach - Transtoyou","og_description":"Xyloproct, dost\u0119pny tutaj, szybko \u0142agodzi objawy hemoroid\u00f3w dzi\u0119ki lidokainie i hydrokortyzonowi. Uzyskaj ulg\u0119 ju\u017c dzi\u015b!","og_url":"https:\/\/www.transtoyou.com\/pl\/product\/xyloprokt\/","og_site_name":"Transtoyou - PL","article_modified_time":"2026-03-08T10:55:05+00:00","twitter_card":"summary_large_image","twitter_misc":{"Szacowany czas czytania":"1 minuta"},"schema":{"@context":"https:\/\/schema.org","@graph":[{"@type":"WebPage","@id":"https:\/\/www.transtoyou.com\/pl\/product\/xyloprokt\/","url":"https:\/\/www.transtoyou.com\/pl\/product\/xyloprokt\/","name":"Xyloproct | Szybka ulga w hemoroidach - Transtoyou","isPartOf":{"@id":"https:\/\/www.transtoyou.com\/pl\/#website"},"primaryImageOfPage":{"@id":"https:\/\/www.transtoyou.com\/pl\/product\/xyloprokt\/#primaryimage"},"image":{"@id":"https:\/\/www.transtoyou.com\/pl\/product\/xyloprokt\/#primaryimage"},"thumbnailUrl":"https:\/\/www.transtoyou.com\/pl\/wp-content\/uploads\/sites\/11\/2026\/01\/tty-no-product-image-27.webp","datePublished":"2026-01-22T19:50:08+00:00","dateModified":"2026-03-08T10:55:05+00:00","description":"Xyloproct, dost\u0119pny tutaj, szybko \u0142agodzi objawy hemoroid\u00f3w dzi\u0119ki lidokainie i hydrokortyzonowi. Uzyskaj ulg\u0119 ju\u017c dzi\u015b!","breadcrumb":{"@id":"https:\/\/www.transtoyou.com\/pl\/product\/xyloprokt\/#breadcrumb"},"inLanguage":"pl-PL","potentialAction":[{"@type":"ReadAction","target":["https:\/\/www.transtoyou.com\/pl\/product\/xyloprokt\/"]}]},{"@type":"ImageObject","inLanguage":"pl-PL","@id":"https:\/\/www.transtoyou.com\/pl\/product\/xyloprokt\/#primaryimage","url":"https:\/\/www.transtoyou.com\/pl\/wp-content\/uploads\/sites\/11\/2026\/01\/tty-no-product-image-27.webp","contentUrl":"https:\/\/www.transtoyou.com\/pl\/wp-content\/uploads\/sites\/11\/2026\/01\/tty-no-product-image-27.webp","width":1000,"height":1000,"caption":"Domy\u015blny obraz produktu"},{"@type":"WebSite","@id":"https:\/\/www.transtoyou.com\/pl\/#website","url":"https:\/\/www.transtoyou.com\/pl\/","name":"Transtoyou - PL","description":"","publisher":{"@id":"https:\/\/www.transtoyou.com\/pl\/#organization"},"potentialAction":[{"@type":"SearchAction","target":{"@type":"EntryPoint","urlTemplate":"https:\/\/www.transtoyou.com\/pl\/?s={search_term_string}"},"query-input":{"@type":"PropertyValueSpecification","valueRequired":true,"valueName":"search_term_string"}}],"inLanguage":"pl-PL"},{"@type":"Organization","@id":"https:\/\/www.transtoyou.com\/pl\/#organization","name":"Transtoyou - PL","url":"https:\/\/www.transtoyou.com\/pl\/","logo":{"@type":"ImageObject","inLanguage":"pl-PL","@id":"https:\/\/www.transtoyou.com\/pl\/#\/schema\/logo\/image\/","url":"https:\/\/www.transtoyou.com\/pl\/wp-content\/uploads\/sites\/11\/2026\/01\/logo-tty-menu-bar-300x87-1.webp","contentUrl":"https:\/\/www.transtoyou.com\/pl\/wp-content\/uploads\/sites\/11\/2026\/01\/logo-tty-menu-bar-300x87-1.webp","width":300,"height":87,"caption":"Transtoyou - PL"},"image":{"@id":"https:\/\/www.transtoyou.com\/pl\/#\/schema\/logo\/image\/"}}]}},"_links":{"self":[{"href":"https:\/\/www.transtoyou.com\/pl\/wp-json\/wp\/v2\/product\/524","targetHints":{"allow":["GET"]}}],"collection":[{"href":"https:\/\/www.transtoyou.com\/pl\/wp-json\/wp\/v2\/product"}],"about":[{"href":"https:\/\/www.transtoyou.com\/pl\/wp-json\/wp\/v2\/types\/product"}],"replies":[{"embeddable":true,"href":"https:\/\/www.transtoyou.com\/pl\/wp-json\/wp\/v2\/comments?post=524"}],"wp:featuredmedia":[{"embeddable":true,"href":"https:\/\/www.transtoyou.com\/pl\/wp-json\/wp\/v2\/media\/526"}],"wp:attachment":[{"href":"https:\/\/www.transtoyou.com\/pl\/wp-json\/wp\/v2\/media?parent=524"}],"wp:term":[{"taxonomy":"product_brand","embeddable":true,"href":"https:\/\/www.transtoyou.com\/pl\/wp-json\/wp\/v2\/product_brand?post=524"},{"taxonomy":"product_cat","embeddable":true,"href":"https:\/\/www.transtoyou.com\/pl\/wp-json\/wp\/v2\/product_cat?post=524"},{"taxonomy":"product_tag","embeddable":true,"href":"https:\/\/www.transtoyou.com\/pl\/wp-json\/wp\/v2\/product_tag?post=524"},{"taxonomy":"expert","embeddable":true,"href":"https:\/\/www.transtoyou.com\/pl\/wp-json\/wp\/v2\/expert?post=524"}],"curies":[{"name":"wp","href":"https:\/\/api.w.org\/{rel}","templated":true}]}}