{"id":530,"date":"2026-01-22T22:18:40","date_gmt":"2026-01-22T20:18:40","guid":{"rendered":"https:\/\/www.transtoyou.com\/pl\/product\/sildenafil\/"},"modified":"2026-03-05T12:12:01","modified_gmt":"2026-03-05T10:12:01","slug":"sildenafil","status":"publish","type":"product","link":"https:\/\/www.transtoyou.com\/pl\/product\/sildenafil\/","title":{"rendered":"Sildenafil"},"content":{"rendered":"<p>Sildenafil to lek na zaburzenia erekcji, stan, w kt\u00f3rym m\u0119\u017cczyzna ma trudno\u015bci z osi\u0105gni\u0119ciem lub utrzymaniem erekcji. Substancja czynna, r\u00f3wnie\u017c nazywana sildenafil, dzia\u0142a poprzez popraw\u0119 przep\u0142ywu krwi do penisa, gdy m\u0119\u017cczyzna jest seksualnie pobudzony. Nie zwi\u0119ksza libido, ale wspiera fizyczn\u0105 reakcj\u0119 na stymulacj\u0119 seksualn\u0105.<\/p>\n<p>Pocz\u0105tkowo opracowany w celu leczenia b\u00f3lu w klatce piersiowej zwi\u0105zanego z sercem, Sildenafil p\u00f3\u017aniej okaza\u0142 si\u0119 skuteczny w leczeniu trudno\u015bci z erekcj\u0105. Cz\u0119sto stosowany jest pod mark\u0105 Viagra, chocia\u017c wersje generyczne s\u0105 r\u00f3wnie skuteczne. Sildenafil zazwyczaj zaczyna dzia\u0142a\u0107 w ci\u0105gu 30 do 60 minut i mo\u017ce by\u0107 skuteczny przez oko\u0142o cztery godziny, co pozwala na bardziej relaksuj\u0105ce do\u015bwiadczenie.<\/p>\n<p>Standardowa zalecana dawka to 50 mg, przyjmowana w razie potrzeby przed aktywno\u015bci\u0105 seksualn\u0105. Jednak niekt\u00f3rzy ludzie mog\u0105 skorzysta\u0107 z ni\u017cszych lub wy\u017cszych dawek w zale\u017cno\u015bci od indywidualnej tolerancji i reakcji. Nie nale\u017cy go przyjmowa\u0107 wi\u0119cej ni\u017c raz dziennie i nale\u017cy go po\u0142kn\u0105\u0107 z wod\u0105. Obfity posi\u0142ek mo\u017ce op\u00f3\u017ani\u0107 jego dzia\u0142anie.<\/p>\n<p>Typowe dzia\u0142ania niepo\u017c\u0105dane mog\u0105 obejmowa\u0107 b\u00f3l g\u0142owy, zaczerwienienie twarzy, zatkanie nosa i zawroty g\u0142owy. Powa\u017cniejsze skutki, takie jak zmiany widzenia lub przed\u0142u\u017caj\u0105ce si\u0119 erekcje, s\u0105 rzadkie, ale wymagaj\u0105 pomocy medycznej. Sildenafil nie powinien by\u0107 stosowany z lekami zawieraj\u0105cymi azotany ani niekt\u00f3rymi lekami na ci\u015bnienie krwi z powodu ryzyka powa\u017cnych spadk\u00f3w ci\u015bnienia krwi.<\/p>\n","protected":false},"excerpt":{"rendered":"<ul>\n<li>Rozpoczyna dzia\u0142anie w ci\u0105gu 30 do 60 minut<\/li>\n<li>Efekty utrzymuj\u0105 si\u0119 do 4 godzin<\/li>\n<li>Pomaga wspiera\u0107 naturalne erekcje<\/li>\n<\/ul>\n","protected":false},"featured_media":532,"comment_status":"open","ping_status":"closed","template":"","meta":[],"product_brand":[],"product_cat":[114],"product_tag":[],"expert":[16],"class_list":{"0":"post-530","1":"product","2":"type-product","3":"status-publish","4":"has-post-thumbnail","6":"product_cat-leczenie-zaburzen-erekcji","7":"expert-dr-c-alexandru","9":"first","10":"instock","11":"shipping-taxable","12":"product-type-variable"},"yoast_head":"<!-- This site is optimized with the Yoast SEO plugin v27.0 - https:\/\/yoast.com\/product\/yoast-seo-wordpress\/ -->\n<title>Sildenafil | Dyskretne zwi\u0119kszenie wydajno\u015bci - Transtoyou<\/title>\n<meta name=\"description\" content=\"Odkryj Sildenafil na Transtoyou, zaufanym \u017ar\u00f3dle wysokiej jako\u015bci produkt\u00f3w zdrowotnych. Poznaj korzy\u015bci i kupuj z \u0142atwo\u015bci\u0105. Dost\u0119pne teraz.\" \/>\n<meta name=\"robots\" content=\"noindex, follow, max-snippet:-1, max-image-preview:large, max-video-preview:-1\" \/>\n<meta property=\"og:locale\" content=\"pl_PL\" \/>\n<meta property=\"og:type\" content=\"article\" \/>\n<meta property=\"og:title\" content=\"Sildenafil | Dyskretne zwi\u0119kszenie wydajno\u015bci - Transtoyou\" \/>\n<meta property=\"og:description\" content=\"Odkryj Sildenafil na Transtoyou, zaufanym \u017ar\u00f3dle wysokiej jako\u015bci produkt\u00f3w zdrowotnych. Poznaj korzy\u015bci i kupuj z \u0142atwo\u015bci\u0105. Dost\u0119pne teraz.\" \/>\n<meta property=\"og:url\" content=\"https:\/\/www.transtoyou.com\/pl\/product\/sildenafil\/\" \/>\n<meta property=\"og:site_name\" content=\"Transtoyou - PL\" \/>\n<meta property=\"article:modified_time\" content=\"2026-03-05T10:12:01+00:00\" \/>\n<meta name=\"twitter:card\" content=\"summary_large_image\" \/>\n<meta name=\"twitter:label1\" content=\"Szacowany czas czytania\" \/>\n\t<meta name=\"twitter:data1\" content=\"1 minuta\" \/>\n<script type=\"application\/ld+json\" class=\"yoast-schema-graph\">{\"@context\":\"https:\/\/schema.org\",\"@graph\":[{\"@type\":\"WebPage\",\"@id\":\"https:\/\/www.transtoyou.com\/pl\/product\/sildenafil\/\",\"url\":\"https:\/\/www.transtoyou.com\/pl\/product\/sildenafil\/\",\"name\":\"Sildenafil | Dyskretne zwi\u0119kszenie wydajno\u015bci - Transtoyou\",\"isPartOf\":{\"@id\":\"https:\/\/www.transtoyou.com\/pl\/#website\"},\"primaryImageOfPage\":{\"@id\":\"https:\/\/www.transtoyou.com\/pl\/product\/sildenafil\/#primaryimage\"},\"image\":{\"@id\":\"https:\/\/www.transtoyou.com\/pl\/product\/sildenafil\/#primaryimage\"},\"thumbnailUrl\":\"https:\/\/www.transtoyou.com\/pl\/wp-content\/uploads\/sites\/11\/2026\/01\/tty-no-product-image-29.webp\",\"datePublished\":\"2026-01-22T20:18:40+00:00\",\"dateModified\":\"2026-03-05T10:12:01+00:00\",\"description\":\"Odkryj Sildenafil na Transtoyou, zaufanym \u017ar\u00f3dle wysokiej jako\u015bci produkt\u00f3w zdrowotnych. Poznaj korzy\u015bci i kupuj z \u0142atwo\u015bci\u0105. Dost\u0119pne teraz.\",\"breadcrumb\":{\"@id\":\"https:\/\/www.transtoyou.com\/pl\/product\/sildenafil\/#breadcrumb\"},\"inLanguage\":\"pl-PL\",\"potentialAction\":[{\"@type\":\"ReadAction\",\"target\":[\"https:\/\/www.transtoyou.com\/pl\/product\/sildenafil\/\"]}]},{\"@type\":\"ImageObject\",\"inLanguage\":\"pl-PL\",\"@id\":\"https:\/\/www.transtoyou.com\/pl\/product\/sildenafil\/#primaryimage\",\"url\":\"https:\/\/www.transtoyou.com\/pl\/wp-content\/uploads\/sites\/11\/2026\/01\/tty-no-product-image-29.webp\",\"contentUrl\":\"https:\/\/www.transtoyou.com\/pl\/wp-content\/uploads\/sites\/11\/2026\/01\/tty-no-product-image-29.webp\",\"width\":1000,\"height\":1000,\"caption\":\"Domy\u015blny obraz produktu\"},{\"@type\":\"WebSite\",\"@id\":\"https:\/\/www.transtoyou.com\/pl\/#website\",\"url\":\"https:\/\/www.transtoyou.com\/pl\/\",\"name\":\"Transtoyou - PL\",\"description\":\"\",\"publisher\":{\"@id\":\"https:\/\/www.transtoyou.com\/pl\/#organization\"},\"potentialAction\":[{\"@type\":\"SearchAction\",\"target\":{\"@type\":\"EntryPoint\",\"urlTemplate\":\"https:\/\/www.transtoyou.com\/pl\/?s={search_term_string}\"},\"query-input\":{\"@type\":\"PropertyValueSpecification\",\"valueRequired\":true,\"valueName\":\"search_term_string\"}}],\"inLanguage\":\"pl-PL\"},{\"@type\":\"Organization\",\"@id\":\"https:\/\/www.transtoyou.com\/pl\/#organization\",\"name\":\"Transtoyou - PL\",\"url\":\"https:\/\/www.transtoyou.com\/pl\/\",\"logo\":{\"@type\":\"ImageObject\",\"inLanguage\":\"pl-PL\",\"@id\":\"https:\/\/www.transtoyou.com\/pl\/#\/schema\/logo\/image\/\",\"url\":\"https:\/\/www.transtoyou.com\/pl\/wp-content\/uploads\/sites\/11\/2026\/01\/logo-tty-menu-bar-300x87-1.webp\",\"contentUrl\":\"https:\/\/www.transtoyou.com\/pl\/wp-content\/uploads\/sites\/11\/2026\/01\/logo-tty-menu-bar-300x87-1.webp\",\"width\":300,\"height\":87,\"caption\":\"Transtoyou - PL\"},\"image\":{\"@id\":\"https:\/\/www.transtoyou.com\/pl\/#\/schema\/logo\/image\/\"}}]}<\/script>\n<!-- \/ Yoast SEO plugin. -->","yoast_head_json":{"title":"Sildenafil | Dyskretne zwi\u0119kszenie wydajno\u015bci - Transtoyou","description":"Odkryj Sildenafil na Transtoyou, zaufanym \u017ar\u00f3dle wysokiej jako\u015bci produkt\u00f3w zdrowotnych. Poznaj korzy\u015bci i kupuj z \u0142atwo\u015bci\u0105. Dost\u0119pne teraz.","robots":{"index":"noindex","follow":"follow","max-snippet":"max-snippet:-1","max-image-preview":"max-image-preview:large","max-video-preview":"max-video-preview:-1"},"og_locale":"pl_PL","og_type":"article","og_title":"Sildenafil | Dyskretne zwi\u0119kszenie wydajno\u015bci - Transtoyou","og_description":"Odkryj Sildenafil na Transtoyou, zaufanym \u017ar\u00f3dle wysokiej jako\u015bci produkt\u00f3w zdrowotnych. Poznaj korzy\u015bci i kupuj z \u0142atwo\u015bci\u0105. Dost\u0119pne teraz.","og_url":"https:\/\/www.transtoyou.com\/pl\/product\/sildenafil\/","og_site_name":"Transtoyou - PL","article_modified_time":"2026-03-05T10:12:01+00:00","twitter_card":"summary_large_image","twitter_misc":{"Szacowany czas czytania":"1 minuta"},"schema":{"@context":"https:\/\/schema.org","@graph":[{"@type":"WebPage","@id":"https:\/\/www.transtoyou.com\/pl\/product\/sildenafil\/","url":"https:\/\/www.transtoyou.com\/pl\/product\/sildenafil\/","name":"Sildenafil | Dyskretne zwi\u0119kszenie wydajno\u015bci - Transtoyou","isPartOf":{"@id":"https:\/\/www.transtoyou.com\/pl\/#website"},"primaryImageOfPage":{"@id":"https:\/\/www.transtoyou.com\/pl\/product\/sildenafil\/#primaryimage"},"image":{"@id":"https:\/\/www.transtoyou.com\/pl\/product\/sildenafil\/#primaryimage"},"thumbnailUrl":"https:\/\/www.transtoyou.com\/pl\/wp-content\/uploads\/sites\/11\/2026\/01\/tty-no-product-image-29.webp","datePublished":"2026-01-22T20:18:40+00:00","dateModified":"2026-03-05T10:12:01+00:00","description":"Odkryj Sildenafil na Transtoyou, zaufanym \u017ar\u00f3dle wysokiej jako\u015bci produkt\u00f3w zdrowotnych. Poznaj korzy\u015bci i kupuj z \u0142atwo\u015bci\u0105. Dost\u0119pne teraz.","breadcrumb":{"@id":"https:\/\/www.transtoyou.com\/pl\/product\/sildenafil\/#breadcrumb"},"inLanguage":"pl-PL","potentialAction":[{"@type":"ReadAction","target":["https:\/\/www.transtoyou.com\/pl\/product\/sildenafil\/"]}]},{"@type":"ImageObject","inLanguage":"pl-PL","@id":"https:\/\/www.transtoyou.com\/pl\/product\/sildenafil\/#primaryimage","url":"https:\/\/www.transtoyou.com\/pl\/wp-content\/uploads\/sites\/11\/2026\/01\/tty-no-product-image-29.webp","contentUrl":"https:\/\/www.transtoyou.com\/pl\/wp-content\/uploads\/sites\/11\/2026\/01\/tty-no-product-image-29.webp","width":1000,"height":1000,"caption":"Domy\u015blny obraz produktu"},{"@type":"WebSite","@id":"https:\/\/www.transtoyou.com\/pl\/#website","url":"https:\/\/www.transtoyou.com\/pl\/","name":"Transtoyou - PL","description":"","publisher":{"@id":"https:\/\/www.transtoyou.com\/pl\/#organization"},"potentialAction":[{"@type":"SearchAction","target":{"@type":"EntryPoint","urlTemplate":"https:\/\/www.transtoyou.com\/pl\/?s={search_term_string}"},"query-input":{"@type":"PropertyValueSpecification","valueRequired":true,"valueName":"search_term_string"}}],"inLanguage":"pl-PL"},{"@type":"Organization","@id":"https:\/\/www.transtoyou.com\/pl\/#organization","name":"Transtoyou - PL","url":"https:\/\/www.transtoyou.com\/pl\/","logo":{"@type":"ImageObject","inLanguage":"pl-PL","@id":"https:\/\/www.transtoyou.com\/pl\/#\/schema\/logo\/image\/","url":"https:\/\/www.transtoyou.com\/pl\/wp-content\/uploads\/sites\/11\/2026\/01\/logo-tty-menu-bar-300x87-1.webp","contentUrl":"https:\/\/www.transtoyou.com\/pl\/wp-content\/uploads\/sites\/11\/2026\/01\/logo-tty-menu-bar-300x87-1.webp","width":300,"height":87,"caption":"Transtoyou - PL"},"image":{"@id":"https:\/\/www.transtoyou.com\/pl\/#\/schema\/logo\/image\/"}}]}},"_links":{"self":[{"href":"https:\/\/www.transtoyou.com\/pl\/wp-json\/wp\/v2\/product\/530","targetHints":{"allow":["GET"]}}],"collection":[{"href":"https:\/\/www.transtoyou.com\/pl\/wp-json\/wp\/v2\/product"}],"about":[{"href":"https:\/\/www.transtoyou.com\/pl\/wp-json\/wp\/v2\/types\/product"}],"replies":[{"embeddable":true,"href":"https:\/\/www.transtoyou.com\/pl\/wp-json\/wp\/v2\/comments?post=530"}],"wp:featuredmedia":[{"embeddable":true,"href":"https:\/\/www.transtoyou.com\/pl\/wp-json\/wp\/v2\/media\/532"}],"wp:attachment":[{"href":"https:\/\/www.transtoyou.com\/pl\/wp-json\/wp\/v2\/media?parent=530"}],"wp:term":[{"taxonomy":"product_brand","embeddable":true,"href":"https:\/\/www.transtoyou.com\/pl\/wp-json\/wp\/v2\/product_brand?post=530"},{"taxonomy":"product_cat","embeddable":true,"href":"https:\/\/www.transtoyou.com\/pl\/wp-json\/wp\/v2\/product_cat?post=530"},{"taxonomy":"product_tag","embeddable":true,"href":"https:\/\/www.transtoyou.com\/pl\/wp-json\/wp\/v2\/product_tag?post=530"},{"taxonomy":"expert","embeddable":true,"href":"https:\/\/www.transtoyou.com\/pl\/wp-json\/wp\/v2\/expert?post=530"}],"curies":[{"name":"wp","href":"https:\/\/api.w.org\/{rel}","templated":true}]}}