{"id":812,"date":"2026-01-23T18:00:49","date_gmt":"2026-01-23T16:00:49","guid":{"rendered":"https:\/\/www.transtoyou.com\/pl\/product\/sandrena\/"},"modified":"2026-01-23T18:01:53","modified_gmt":"2026-01-23T16:01:53","slug":"sandrena","status":"publish","type":"product","link":"https:\/\/www.transtoyou.com\/pl\/product\/sandrena\/","title":{"rendered":"Sandrena"},"content":{"rendered":"<p>Sandrena to \u017cel transdermalny, kt\u00f3ry zawiera estradiol hemihydrat, form\u0119 estrogenu. Leczy objawy zwi\u0105zane z niedoborem estrogenu podczas naturalnej lub chirurgicznej menopauzy, takie jak uderzenia gor\u0105ca, nocne poty i sucho\u015b\u0107 pochwy. Sandrena mo\u017ce by\u0107 r\u00f3wnie\u017c stosowana w wczesnej profilaktyce osteoporozy pomenopauzalnej.<\/p>\n<p>Lek dzia\u0142a poprzez dostarczanie estradiolu bezpo\u015brednio przez sk\u00f3r\u0119 do krwiobiegu, omijaj\u0105c w\u0105trob\u0119 i redukuj\u0105c wahania hormon\u00f3w w por\u00f3wnaniu do doustnych estrogen\u00f3w. Estradiol wi\u0105\u017ce si\u0119 z receptorami estrogenowymi, wywieraj\u0105c dzia\u0142anie przeciwosteoporotyczne, reguluj\u0105ce lipidy i stabilizuj\u0105ce naczynia krwiono\u015bne. Utrzymuje r\u00f3wnie\u017c zdrowie sk\u00f3ry, dr\u00f3g moczowych i ko\u015bci.<\/p>\n<p>W organizmie Sandrena skutecznie podnosi poziom estradiolu, przywracaj\u0105c r\u00f3wnowag\u0119 hormonaln\u0105, poprawiaj\u0105c objawy menopauzy, jednocze\u015bnie utrzymuj\u0105c korzystny stosunek estradiolu do estronu. Oferuje stabilne poziomy we krwi z minimalnymi codziennymi wahaniami i mo\u017ce by\u0107 \u0142atwo dostosowywana w zale\u017cno\u015bci od indywidualnych potrzeb terapeutycznych.<\/p>\n<p>Sandrena jest zazwyczaj dobrze tolerowana, chocia\u017c wymaga po\u0142\u0105czenia z progestagenem u kobiet z zachowan\u0105 macic\u0105, aby zapobiec hiperplazji endometrium.<\/p>\n","protected":false},"excerpt":{"rendered":"<ul>\n<li>Ulga w objawach menopauzy<\/li>\n<li>Transdermalna terapia \u017celem estrogenowym<\/li>\n<li>Pomaga zapobiega\u0107 wczesnej osteoporozie<\/li>\n<\/ul>\n","protected":false},"featured_media":814,"comment_status":"open","ping_status":"closed","template":"","meta":[],"product_brand":[],"product_cat":[115,137],"product_tag":[],"expert":[17],"class_list":{"0":"post-812","1":"product","2":"type-product","3":"status-publish","4":"has-post-thumbnail","6":"product_cat-estrogen-i-terapia-feminizujaca","7":"product_cat-terapia-zastepcza-hormonami-hrt","8":"expert-dr-c-munoz-parada","10":"first","11":"instock","12":"shipping-taxable","13":"product-type-variable"},"yoast_head":"<!-- This site is optimized with the Yoast SEO plugin v27.0 - https:\/\/yoast.com\/product\/yoast-seo-wordpress\/ -->\n<title>Sandrena | Zaufane wsparcie r\u00f3wnowagi hormonalnej - Transtoyou<\/title>\n<meta name=\"description\" content=\"Sandrena dost\u0119pna teraz w Transtoyou, oferuj\u0105ca wsparcie hormonalne z klinicznie sprawdzonymi korzy\u015bciami. Kupuj dzi\u015b, aby uzyska\u0107 niezawodne rozwi\u0105zania zdrowotne.\" \/>\n<meta name=\"robots\" content=\"noindex, follow, max-snippet:-1, max-image-preview:large, max-video-preview:-1\" \/>\n<meta property=\"og:locale\" content=\"pl_PL\" \/>\n<meta property=\"og:type\" content=\"article\" \/>\n<meta property=\"og:title\" content=\"Sandrena | Zaufane wsparcie r\u00f3wnowagi hormonalnej - Transtoyou\" \/>\n<meta property=\"og:description\" content=\"Sandrena dost\u0119pna teraz w Transtoyou, oferuj\u0105ca wsparcie hormonalne z klinicznie sprawdzonymi korzy\u015bciami. Kupuj dzi\u015b, aby uzyska\u0107 niezawodne rozwi\u0105zania zdrowotne.\" \/>\n<meta property=\"og:url\" content=\"https:\/\/www.transtoyou.com\/pl\/product\/sandrena\/\" \/>\n<meta property=\"og:site_name\" content=\"Transtoyou - PL\" \/>\n<meta property=\"article:modified_time\" content=\"2026-01-23T16:01:53+00:00\" \/>\n<meta name=\"twitter:card\" content=\"summary_large_image\" \/>\n<meta name=\"twitter:label1\" content=\"Szacowany czas czytania\" \/>\n\t<meta name=\"twitter:data1\" content=\"1 minuta\" \/>\n<script type=\"application\/ld+json\" class=\"yoast-schema-graph\">{\"@context\":\"https:\/\/schema.org\",\"@graph\":[{\"@type\":\"WebPage\",\"@id\":\"https:\/\/www.transtoyou.com\/pl\/product\/sandrena\/\",\"url\":\"https:\/\/www.transtoyou.com\/pl\/product\/sandrena\/\",\"name\":\"Sandrena | Zaufane wsparcie r\u00f3wnowagi hormonalnej - Transtoyou\",\"isPartOf\":{\"@id\":\"https:\/\/www.transtoyou.com\/pl\/#website\"},\"primaryImageOfPage\":{\"@id\":\"https:\/\/www.transtoyou.com\/pl\/product\/sandrena\/#primaryimage\"},\"image\":{\"@id\":\"https:\/\/www.transtoyou.com\/pl\/product\/sandrena\/#primaryimage\"},\"thumbnailUrl\":\"https:\/\/www.transtoyou.com\/pl\/wp-content\/uploads\/sites\/11\/2026\/01\/tty-no-product-image-31.webp\",\"datePublished\":\"2026-01-23T16:00:49+00:00\",\"dateModified\":\"2026-01-23T16:01:53+00:00\",\"description\":\"Sandrena dost\u0119pna teraz w Transtoyou, oferuj\u0105ca wsparcie hormonalne z klinicznie sprawdzonymi korzy\u015bciami. Kupuj dzi\u015b, aby uzyska\u0107 niezawodne rozwi\u0105zania zdrowotne.\",\"breadcrumb\":{\"@id\":\"https:\/\/www.transtoyou.com\/pl\/product\/sandrena\/#breadcrumb\"},\"inLanguage\":\"pl-PL\",\"potentialAction\":[{\"@type\":\"ReadAction\",\"target\":[\"https:\/\/www.transtoyou.com\/pl\/product\/sandrena\/\"]}]},{\"@type\":\"ImageObject\",\"inLanguage\":\"pl-PL\",\"@id\":\"https:\/\/www.transtoyou.com\/pl\/product\/sandrena\/#primaryimage\",\"url\":\"https:\/\/www.transtoyou.com\/pl\/wp-content\/uploads\/sites\/11\/2026\/01\/tty-no-product-image-31.webp\",\"contentUrl\":\"https:\/\/www.transtoyou.com\/pl\/wp-content\/uploads\/sites\/11\/2026\/01\/tty-no-product-image-31.webp\",\"width\":1000,\"height\":1000,\"caption\":\"Domy\u015blne zdj\u0119cie produktu\"},{\"@type\":\"WebSite\",\"@id\":\"https:\/\/www.transtoyou.com\/pl\/#website\",\"url\":\"https:\/\/www.transtoyou.com\/pl\/\",\"name\":\"Transtoyou - PL\",\"description\":\"\",\"publisher\":{\"@id\":\"https:\/\/www.transtoyou.com\/pl\/#organization\"},\"potentialAction\":[{\"@type\":\"SearchAction\",\"target\":{\"@type\":\"EntryPoint\",\"urlTemplate\":\"https:\/\/www.transtoyou.com\/pl\/?s={search_term_string}\"},\"query-input\":{\"@type\":\"PropertyValueSpecification\",\"valueRequired\":true,\"valueName\":\"search_term_string\"}}],\"inLanguage\":\"pl-PL\"},{\"@type\":\"Organization\",\"@id\":\"https:\/\/www.transtoyou.com\/pl\/#organization\",\"name\":\"Transtoyou - PL\",\"url\":\"https:\/\/www.transtoyou.com\/pl\/\",\"logo\":{\"@type\":\"ImageObject\",\"inLanguage\":\"pl-PL\",\"@id\":\"https:\/\/www.transtoyou.com\/pl\/#\/schema\/logo\/image\/\",\"url\":\"https:\/\/www.transtoyou.com\/pl\/wp-content\/uploads\/sites\/11\/2026\/01\/logo-tty-menu-bar-300x87-1.webp\",\"contentUrl\":\"https:\/\/www.transtoyou.com\/pl\/wp-content\/uploads\/sites\/11\/2026\/01\/logo-tty-menu-bar-300x87-1.webp\",\"width\":300,\"height\":87,\"caption\":\"Transtoyou - PL\"},\"image\":{\"@id\":\"https:\/\/www.transtoyou.com\/pl\/#\/schema\/logo\/image\/\"}}]}<\/script>\n<!-- \/ Yoast SEO plugin. -->","yoast_head_json":{"title":"Sandrena | Zaufane wsparcie r\u00f3wnowagi hormonalnej - Transtoyou","description":"Sandrena dost\u0119pna teraz w Transtoyou, oferuj\u0105ca wsparcie hormonalne z klinicznie sprawdzonymi korzy\u015bciami. Kupuj dzi\u015b, aby uzyska\u0107 niezawodne rozwi\u0105zania zdrowotne.","robots":{"index":"noindex","follow":"follow","max-snippet":"max-snippet:-1","max-image-preview":"max-image-preview:large","max-video-preview":"max-video-preview:-1"},"og_locale":"pl_PL","og_type":"article","og_title":"Sandrena | Zaufane wsparcie r\u00f3wnowagi hormonalnej - Transtoyou","og_description":"Sandrena dost\u0119pna teraz w Transtoyou, oferuj\u0105ca wsparcie hormonalne z klinicznie sprawdzonymi korzy\u015bciami. Kupuj dzi\u015b, aby uzyska\u0107 niezawodne rozwi\u0105zania zdrowotne.","og_url":"https:\/\/www.transtoyou.com\/pl\/product\/sandrena\/","og_site_name":"Transtoyou - PL","article_modified_time":"2026-01-23T16:01:53+00:00","twitter_card":"summary_large_image","twitter_misc":{"Szacowany czas czytania":"1 minuta"},"schema":{"@context":"https:\/\/schema.org","@graph":[{"@type":"WebPage","@id":"https:\/\/www.transtoyou.com\/pl\/product\/sandrena\/","url":"https:\/\/www.transtoyou.com\/pl\/product\/sandrena\/","name":"Sandrena | Zaufane wsparcie r\u00f3wnowagi hormonalnej - Transtoyou","isPartOf":{"@id":"https:\/\/www.transtoyou.com\/pl\/#website"},"primaryImageOfPage":{"@id":"https:\/\/www.transtoyou.com\/pl\/product\/sandrena\/#primaryimage"},"image":{"@id":"https:\/\/www.transtoyou.com\/pl\/product\/sandrena\/#primaryimage"},"thumbnailUrl":"https:\/\/www.transtoyou.com\/pl\/wp-content\/uploads\/sites\/11\/2026\/01\/tty-no-product-image-31.webp","datePublished":"2026-01-23T16:00:49+00:00","dateModified":"2026-01-23T16:01:53+00:00","description":"Sandrena dost\u0119pna teraz w Transtoyou, oferuj\u0105ca wsparcie hormonalne z klinicznie sprawdzonymi korzy\u015bciami. Kupuj dzi\u015b, aby uzyska\u0107 niezawodne rozwi\u0105zania zdrowotne.","breadcrumb":{"@id":"https:\/\/www.transtoyou.com\/pl\/product\/sandrena\/#breadcrumb"},"inLanguage":"pl-PL","potentialAction":[{"@type":"ReadAction","target":["https:\/\/www.transtoyou.com\/pl\/product\/sandrena\/"]}]},{"@type":"ImageObject","inLanguage":"pl-PL","@id":"https:\/\/www.transtoyou.com\/pl\/product\/sandrena\/#primaryimage","url":"https:\/\/www.transtoyou.com\/pl\/wp-content\/uploads\/sites\/11\/2026\/01\/tty-no-product-image-31.webp","contentUrl":"https:\/\/www.transtoyou.com\/pl\/wp-content\/uploads\/sites\/11\/2026\/01\/tty-no-product-image-31.webp","width":1000,"height":1000,"caption":"Domy\u015blne zdj\u0119cie produktu"},{"@type":"WebSite","@id":"https:\/\/www.transtoyou.com\/pl\/#website","url":"https:\/\/www.transtoyou.com\/pl\/","name":"Transtoyou - PL","description":"","publisher":{"@id":"https:\/\/www.transtoyou.com\/pl\/#organization"},"potentialAction":[{"@type":"SearchAction","target":{"@type":"EntryPoint","urlTemplate":"https:\/\/www.transtoyou.com\/pl\/?s={search_term_string}"},"query-input":{"@type":"PropertyValueSpecification","valueRequired":true,"valueName":"search_term_string"}}],"inLanguage":"pl-PL"},{"@type":"Organization","@id":"https:\/\/www.transtoyou.com\/pl\/#organization","name":"Transtoyou - PL","url":"https:\/\/www.transtoyou.com\/pl\/","logo":{"@type":"ImageObject","inLanguage":"pl-PL","@id":"https:\/\/www.transtoyou.com\/pl\/#\/schema\/logo\/image\/","url":"https:\/\/www.transtoyou.com\/pl\/wp-content\/uploads\/sites\/11\/2026\/01\/logo-tty-menu-bar-300x87-1.webp","contentUrl":"https:\/\/www.transtoyou.com\/pl\/wp-content\/uploads\/sites\/11\/2026\/01\/logo-tty-menu-bar-300x87-1.webp","width":300,"height":87,"caption":"Transtoyou - PL"},"image":{"@id":"https:\/\/www.transtoyou.com\/pl\/#\/schema\/logo\/image\/"}}]}},"_links":{"self":[{"href":"https:\/\/www.transtoyou.com\/pl\/wp-json\/wp\/v2\/product\/812","targetHints":{"allow":["GET"]}}],"collection":[{"href":"https:\/\/www.transtoyou.com\/pl\/wp-json\/wp\/v2\/product"}],"about":[{"href":"https:\/\/www.transtoyou.com\/pl\/wp-json\/wp\/v2\/types\/product"}],"replies":[{"embeddable":true,"href":"https:\/\/www.transtoyou.com\/pl\/wp-json\/wp\/v2\/comments?post=812"}],"wp:featuredmedia":[{"embeddable":true,"href":"https:\/\/www.transtoyou.com\/pl\/wp-json\/wp\/v2\/media\/814"}],"wp:attachment":[{"href":"https:\/\/www.transtoyou.com\/pl\/wp-json\/wp\/v2\/media?parent=812"}],"wp:term":[{"taxonomy":"product_brand","embeddable":true,"href":"https:\/\/www.transtoyou.com\/pl\/wp-json\/wp\/v2\/product_brand?post=812"},{"taxonomy":"product_cat","embeddable":true,"href":"https:\/\/www.transtoyou.com\/pl\/wp-json\/wp\/v2\/product_cat?post=812"},{"taxonomy":"product_tag","embeddable":true,"href":"https:\/\/www.transtoyou.com\/pl\/wp-json\/wp\/v2\/product_tag?post=812"},{"taxonomy":"expert","embeddable":true,"href":"https:\/\/www.transtoyou.com\/pl\/wp-json\/wp\/v2\/expert?post=812"}],"curies":[{"name":"wp","href":"https:\/\/api.w.org\/{rel}","templated":true}]}}