{"id":818,"date":"2026-01-23T18:30:02","date_gmt":"2026-01-23T16:30:02","guid":{"rendered":"https:\/\/www.transtoyou.com\/pl\/product\/fucidin\/"},"modified":"2026-01-23T18:31:07","modified_gmt":"2026-01-23T16:31:07","slug":"fucidin","status":"publish","type":"product","link":"https:\/\/www.transtoyou.com\/pl\/product\/fucidin\/","title":{"rendered":"Fucidin"},"content":{"rendered":"<p>Fucidin to miejscowy antybiotyk stosowany w leczeniu infekcji sk\u00f3rnych spowodowanych przez niekt\u00f3re bakterie. Zawiera kwas fusydowy, antybiotyk podobny do steroid\u00f3w, kt\u00f3ry dzia\u0142a poprzez hamowanie procesu syntezy bia\u0142ek bakteryjnych, skutecznie zatrzymuj\u0105c wzrost i rozprzestrzenianie si\u0119 bakterii.<\/p>\n<p>Fucidin jest powszechnie przepisywany na zlokalizowane infekcje sk\u00f3rne, takie jak liszajec, zaka\u017cony egzema, zapalenie mieszk\u00f3w w\u0142osowych, czyraki, zaka\u017cone owrzodzenia i zaka\u017cone uk\u0105szenia owad\u00f3w.<\/p>\n<p>Pomaga zmniejszy\u0107 zaczerwienienie, stan zapalny, obrz\u0119k i wydzielin\u0119 spowodowan\u0105 infekcj\u0105. Nie ma w\u0142a\u015bciwo\u015bci przeciwgrzybiczych ani przeciwwirusowych, wi\u0119c nie jest skuteczny w przypadku infekcji spowodowanych przez grzyby lub wirusy.<\/p>\n<p>G\u0142\u00f3wne korzy\u015bci z u\u017cywania Fucidin to jego wysoka skuteczno\u015b\u0107 przeciwko bakteriom, szybkie z\u0142agodzenie objaw\u00f3w i dobra tolerancja sk\u00f3rna. Nadaje si\u0119 do stosowania kr\u00f3tkoterminowego i mo\u017ce by\u0107 stosowany z opatrunkami lub bez nich, w zale\u017cno\u015bci od ci\u0119\u017cko\u015bci i lokalizacji zmiany. Jest szczeg\u00f3lnie przydatny, gdy nie s\u0105 wymagane antybiotyki og\u00f3lnoustrojowe lub aby unikn\u0105\u0107 stosowania doustnych antybiotyk\u00f3w.<\/p>\n","protected":false},"excerpt":{"rendered":"<ul>\n<li>Celuje w bakteryjne infekcje sk\u00f3ry<\/li>\n<li>Odpowiedni do zaka\u017conego egzemy<\/li>\n<li>Szybko dzia\u0142aj\u0105ca miejscowa ma\u015b\u0107 antybiotykowa<\/li>\n<\/ul>\n","protected":false},"featured_media":820,"comment_status":"open","ping_status":"closed","template":"","meta":[],"product_brand":[],"product_cat":[108],"product_tag":[],"expert":[17],"class_list":{"0":"post-818","1":"product","2":"type-product","3":"status-publish","4":"has-post-thumbnail","6":"product_cat-egzema","7":"expert-dr-c-munoz-parada","9":"first","10":"instock","11":"shipping-taxable","12":"product-type-variable"},"yoast_head":"<!-- This site is optimized with the Yoast SEO plugin v27.0 - https:\/\/yoast.com\/product\/yoast-seo-wordpress\/ -->\n<title>Fucidin | Skuteczne leczenie infekcji sk\u00f3rnych - Transtoyou<\/title>\n<meta name=\"description\" content=\"Fucidin, antybiotyk miejscowy, skutecznie leczy infekcje sk\u00f3ry. Kup teraz, aby szybko z\u0142agodzi\u0107 objawy i cieszy\u0107 si\u0119 dobr\u0105 tolerancj\u0105 sk\u00f3ry, dost\u0119pny w Transtoyou.\" \/>\n<meta name=\"robots\" content=\"noindex, follow, max-snippet:-1, max-image-preview:large, max-video-preview:-1\" \/>\n<meta property=\"og:locale\" content=\"pl_PL\" \/>\n<meta property=\"og:type\" content=\"article\" \/>\n<meta property=\"og:title\" content=\"Fucidin | Skuteczne leczenie infekcji sk\u00f3rnych - Transtoyou\" \/>\n<meta property=\"og:description\" content=\"Fucidin, antybiotyk miejscowy, skutecznie leczy infekcje sk\u00f3ry. Kup teraz, aby szybko z\u0142agodzi\u0107 objawy i cieszy\u0107 si\u0119 dobr\u0105 tolerancj\u0105 sk\u00f3ry, dost\u0119pny w Transtoyou.\" \/>\n<meta property=\"og:url\" content=\"https:\/\/www.transtoyou.com\/pl\/product\/fucidin\/\" \/>\n<meta property=\"og:site_name\" content=\"Transtoyou - PL\" \/>\n<meta property=\"article:modified_time\" content=\"2026-01-23T16:31:07+00:00\" \/>\n<meta name=\"twitter:card\" content=\"summary_large_image\" \/>\n<meta name=\"twitter:label1\" content=\"Szacowany czas czytania\" \/>\n\t<meta name=\"twitter:data1\" content=\"1 minuta\" \/>\n<script type=\"application\/ld+json\" class=\"yoast-schema-graph\">{\"@context\":\"https:\/\/schema.org\",\"@graph\":[{\"@type\":\"WebPage\",\"@id\":\"https:\/\/www.transtoyou.com\/pl\/product\/fucidin\/\",\"url\":\"https:\/\/www.transtoyou.com\/pl\/product\/fucidin\/\",\"name\":\"Fucidin | Skuteczne leczenie infekcji sk\u00f3rnych - Transtoyou\",\"isPartOf\":{\"@id\":\"https:\/\/www.transtoyou.com\/pl\/#website\"},\"primaryImageOfPage\":{\"@id\":\"https:\/\/www.transtoyou.com\/pl\/product\/fucidin\/#primaryimage\"},\"image\":{\"@id\":\"https:\/\/www.transtoyou.com\/pl\/product\/fucidin\/#primaryimage\"},\"thumbnailUrl\":\"https:\/\/www.transtoyou.com\/pl\/wp-content\/uploads\/sites\/11\/2026\/01\/tty-no-product-image-33.webp\",\"datePublished\":\"2026-01-23T16:30:02+00:00\",\"dateModified\":\"2026-01-23T16:31:07+00:00\",\"description\":\"Fucidin, antybiotyk miejscowy, skutecznie leczy infekcje sk\u00f3ry. Kup teraz, aby szybko z\u0142agodzi\u0107 objawy i cieszy\u0107 si\u0119 dobr\u0105 tolerancj\u0105 sk\u00f3ry, dost\u0119pny w Transtoyou.\",\"breadcrumb\":{\"@id\":\"https:\/\/www.transtoyou.com\/pl\/product\/fucidin\/#breadcrumb\"},\"inLanguage\":\"pl-PL\",\"potentialAction\":[{\"@type\":\"ReadAction\",\"target\":[\"https:\/\/www.transtoyou.com\/pl\/product\/fucidin\/\"]}]},{\"@type\":\"ImageObject\",\"inLanguage\":\"pl-PL\",\"@id\":\"https:\/\/www.transtoyou.com\/pl\/product\/fucidin\/#primaryimage\",\"url\":\"https:\/\/www.transtoyou.com\/pl\/wp-content\/uploads\/sites\/11\/2026\/01\/tty-no-product-image-33.webp\",\"contentUrl\":\"https:\/\/www.transtoyou.com\/pl\/wp-content\/uploads\/sites\/11\/2026\/01\/tty-no-product-image-33.webp\",\"width\":1000,\"height\":1000,\"caption\":\"Domy\u015blny obraz produktu\"},{\"@type\":\"WebSite\",\"@id\":\"https:\/\/www.transtoyou.com\/pl\/#website\",\"url\":\"https:\/\/www.transtoyou.com\/pl\/\",\"name\":\"Transtoyou - PL\",\"description\":\"\",\"publisher\":{\"@id\":\"https:\/\/www.transtoyou.com\/pl\/#organization\"},\"potentialAction\":[{\"@type\":\"SearchAction\",\"target\":{\"@type\":\"EntryPoint\",\"urlTemplate\":\"https:\/\/www.transtoyou.com\/pl\/?s={search_term_string}\"},\"query-input\":{\"@type\":\"PropertyValueSpecification\",\"valueRequired\":true,\"valueName\":\"search_term_string\"}}],\"inLanguage\":\"pl-PL\"},{\"@type\":\"Organization\",\"@id\":\"https:\/\/www.transtoyou.com\/pl\/#organization\",\"name\":\"Transtoyou - PL\",\"url\":\"https:\/\/www.transtoyou.com\/pl\/\",\"logo\":{\"@type\":\"ImageObject\",\"inLanguage\":\"pl-PL\",\"@id\":\"https:\/\/www.transtoyou.com\/pl\/#\/schema\/logo\/image\/\",\"url\":\"https:\/\/www.transtoyou.com\/pl\/wp-content\/uploads\/sites\/11\/2026\/01\/logo-tty-menu-bar-300x87-1.webp\",\"contentUrl\":\"https:\/\/www.transtoyou.com\/pl\/wp-content\/uploads\/sites\/11\/2026\/01\/logo-tty-menu-bar-300x87-1.webp\",\"width\":300,\"height\":87,\"caption\":\"Transtoyou - PL\"},\"image\":{\"@id\":\"https:\/\/www.transtoyou.com\/pl\/#\/schema\/logo\/image\/\"}}]}<\/script>\n<!-- \/ Yoast SEO plugin. -->","yoast_head_json":{"title":"Fucidin | Skuteczne leczenie infekcji sk\u00f3rnych - Transtoyou","description":"Fucidin, antybiotyk miejscowy, skutecznie leczy infekcje sk\u00f3ry. Kup teraz, aby szybko z\u0142agodzi\u0107 objawy i cieszy\u0107 si\u0119 dobr\u0105 tolerancj\u0105 sk\u00f3ry, dost\u0119pny w Transtoyou.","robots":{"index":"noindex","follow":"follow","max-snippet":"max-snippet:-1","max-image-preview":"max-image-preview:large","max-video-preview":"max-video-preview:-1"},"og_locale":"pl_PL","og_type":"article","og_title":"Fucidin | Skuteczne leczenie infekcji sk\u00f3rnych - Transtoyou","og_description":"Fucidin, antybiotyk miejscowy, skutecznie leczy infekcje sk\u00f3ry. Kup teraz, aby szybko z\u0142agodzi\u0107 objawy i cieszy\u0107 si\u0119 dobr\u0105 tolerancj\u0105 sk\u00f3ry, dost\u0119pny w Transtoyou.","og_url":"https:\/\/www.transtoyou.com\/pl\/product\/fucidin\/","og_site_name":"Transtoyou - PL","article_modified_time":"2026-01-23T16:31:07+00:00","twitter_card":"summary_large_image","twitter_misc":{"Szacowany czas czytania":"1 minuta"},"schema":{"@context":"https:\/\/schema.org","@graph":[{"@type":"WebPage","@id":"https:\/\/www.transtoyou.com\/pl\/product\/fucidin\/","url":"https:\/\/www.transtoyou.com\/pl\/product\/fucidin\/","name":"Fucidin | Skuteczne leczenie infekcji sk\u00f3rnych - Transtoyou","isPartOf":{"@id":"https:\/\/www.transtoyou.com\/pl\/#website"},"primaryImageOfPage":{"@id":"https:\/\/www.transtoyou.com\/pl\/product\/fucidin\/#primaryimage"},"image":{"@id":"https:\/\/www.transtoyou.com\/pl\/product\/fucidin\/#primaryimage"},"thumbnailUrl":"https:\/\/www.transtoyou.com\/pl\/wp-content\/uploads\/sites\/11\/2026\/01\/tty-no-product-image-33.webp","datePublished":"2026-01-23T16:30:02+00:00","dateModified":"2026-01-23T16:31:07+00:00","description":"Fucidin, antybiotyk miejscowy, skutecznie leczy infekcje sk\u00f3ry. Kup teraz, aby szybko z\u0142agodzi\u0107 objawy i cieszy\u0107 si\u0119 dobr\u0105 tolerancj\u0105 sk\u00f3ry, dost\u0119pny w Transtoyou.","breadcrumb":{"@id":"https:\/\/www.transtoyou.com\/pl\/product\/fucidin\/#breadcrumb"},"inLanguage":"pl-PL","potentialAction":[{"@type":"ReadAction","target":["https:\/\/www.transtoyou.com\/pl\/product\/fucidin\/"]}]},{"@type":"ImageObject","inLanguage":"pl-PL","@id":"https:\/\/www.transtoyou.com\/pl\/product\/fucidin\/#primaryimage","url":"https:\/\/www.transtoyou.com\/pl\/wp-content\/uploads\/sites\/11\/2026\/01\/tty-no-product-image-33.webp","contentUrl":"https:\/\/www.transtoyou.com\/pl\/wp-content\/uploads\/sites\/11\/2026\/01\/tty-no-product-image-33.webp","width":1000,"height":1000,"caption":"Domy\u015blny obraz produktu"},{"@type":"WebSite","@id":"https:\/\/www.transtoyou.com\/pl\/#website","url":"https:\/\/www.transtoyou.com\/pl\/","name":"Transtoyou - PL","description":"","publisher":{"@id":"https:\/\/www.transtoyou.com\/pl\/#organization"},"potentialAction":[{"@type":"SearchAction","target":{"@type":"EntryPoint","urlTemplate":"https:\/\/www.transtoyou.com\/pl\/?s={search_term_string}"},"query-input":{"@type":"PropertyValueSpecification","valueRequired":true,"valueName":"search_term_string"}}],"inLanguage":"pl-PL"},{"@type":"Organization","@id":"https:\/\/www.transtoyou.com\/pl\/#organization","name":"Transtoyou - PL","url":"https:\/\/www.transtoyou.com\/pl\/","logo":{"@type":"ImageObject","inLanguage":"pl-PL","@id":"https:\/\/www.transtoyou.com\/pl\/#\/schema\/logo\/image\/","url":"https:\/\/www.transtoyou.com\/pl\/wp-content\/uploads\/sites\/11\/2026\/01\/logo-tty-menu-bar-300x87-1.webp","contentUrl":"https:\/\/www.transtoyou.com\/pl\/wp-content\/uploads\/sites\/11\/2026\/01\/logo-tty-menu-bar-300x87-1.webp","width":300,"height":87,"caption":"Transtoyou - PL"},"image":{"@id":"https:\/\/www.transtoyou.com\/pl\/#\/schema\/logo\/image\/"}}]}},"_links":{"self":[{"href":"https:\/\/www.transtoyou.com\/pl\/wp-json\/wp\/v2\/product\/818","targetHints":{"allow":["GET"]}}],"collection":[{"href":"https:\/\/www.transtoyou.com\/pl\/wp-json\/wp\/v2\/product"}],"about":[{"href":"https:\/\/www.transtoyou.com\/pl\/wp-json\/wp\/v2\/types\/product"}],"replies":[{"embeddable":true,"href":"https:\/\/www.transtoyou.com\/pl\/wp-json\/wp\/v2\/comments?post=818"}],"wp:featuredmedia":[{"embeddable":true,"href":"https:\/\/www.transtoyou.com\/pl\/wp-json\/wp\/v2\/media\/820"}],"wp:attachment":[{"href":"https:\/\/www.transtoyou.com\/pl\/wp-json\/wp\/v2\/media?parent=818"}],"wp:term":[{"taxonomy":"product_brand","embeddable":true,"href":"https:\/\/www.transtoyou.com\/pl\/wp-json\/wp\/v2\/product_brand?post=818"},{"taxonomy":"product_cat","embeddable":true,"href":"https:\/\/www.transtoyou.com\/pl\/wp-json\/wp\/v2\/product_cat?post=818"},{"taxonomy":"product_tag","embeddable":true,"href":"https:\/\/www.transtoyou.com\/pl\/wp-json\/wp\/v2\/product_tag?post=818"},{"taxonomy":"expert","embeddable":true,"href":"https:\/\/www.transtoyou.com\/pl\/wp-json\/wp\/v2\/expert?post=818"}],"curies":[{"name":"wp","href":"https:\/\/api.w.org\/{rel}","templated":true}]}}