{"id":839,"date":"2026-01-23T20:13:58","date_gmt":"2026-01-23T18:13:58","guid":{"rendered":"https:\/\/www.transtoyou.com\/pl\/product\/yasmin\/"},"modified":"2026-03-08T13:05:29","modified_gmt":"2026-03-08T11:05:29","slug":"yasmin","status":"publish","type":"product","link":"https:\/\/www.transtoyou.com\/pl\/product\/yasmin\/","title":{"rendered":"Yasmin"},"content":{"rendered":"<p>Yasmin to doustna tabletka antykoncepcyjna, kt\u00f3ra zawiera dwa sk\u0142adniki aktywne: etynyloestradiol (estrogen) i drospirenon (progestagen). Jest stosowana w celu zapobiegania ci\u0105\u017cy i przyjmuje si\u0119 j\u0105 codziennie przez 21 dni, a nast\u0119pnie nast\u0119puje 7-dniowa przerwa. Yasmin dzia\u0142a g\u0142\u00f3wnie poprzez zapobieganie owulacji (uwolnieniu jajeczka z jajnik\u00f3w). Zwi\u0119ksza r\u00f3wnie\u017c g\u0119sto\u015b\u0107 \u015bluzu szyjkowego, co utrudnia plemnikom dotarcie do jajeczka, oraz zmienia wy\u015bci\u00f3\u0142k\u0119 macicy, aby zapobiec implantacji.<\/p>\n<p>Yasmin jest wskazany do antykoncepcji u doros\u0142ych kobiet. Chocia\u017c jego g\u0142\u00f3wnym celem jest zapobieganie ci\u0105\u017cy, wiele os\u00f3b do\u015bwiadcza r\u00f3wnie\u017c dodatkowych korzy\u015bci, takich jak bardziej regularne cykle menstruacyjne, l\u017cejsze miesi\u0105czki i mniejsze b\u00f3le menstruacyjne. Niekt\u00f3rzy zauwa\u017caj\u0105 r\u00f3wnie\u017c popraw\u0119 tr\u0105dziku i t\u0142ustej sk\u00f3ry dzi\u0119ki dzia\u0142aniu antyandrogennemu drospirenonu.<\/p>\n<p>W organizmie hormony zawarte w Yasmin na\u015bladuj\u0105 naturalne \u017ce\u0144skie hormony p\u0142ciowe, pomagaj\u0105c regulowa\u0107 cykl menstruacyjny i zmniejsza\u0107 wahania hormonalne. W przeciwie\u0144stwie do niekt\u00f3rych innych progestagen\u00f3w, drospirenon ma w\u0142a\u015bciwo\u015bci antyandrogenne, co oznacza, \u017ce mo\u017ce przeciwdzia\u0142a\u0107 dzia\u0142aniu m\u0119skich hormon\u00f3w, takich jak testosteron. Mo\u017ce to pom\u00f3c w zmniejszeniu tr\u0105dziku, zatrzymywania wody i wzd\u0119\u0107. U trans m\u0119\u017cczyzn przyjmuj\u0105cych testosteron, kt\u00f3rzy nadal potrzebuj\u0105 antykoncepcji, to dzia\u0142anie antyandrogenne mo\u017ce nieznacznie zmniejszy\u0107 niekt\u00f3re zmiany m\u0119skie.<\/p>\n<p>Yasmin przyjmuje si\u0119 raz dziennie, najlepiej o tej samej porze ka\u017cdego dnia. Jego dzia\u0142anie antykoncepcyjne jest niezawodne, gdy jest przyjmowane prawid\u0142owo i konsekwentnie. Jedn\u0105 z zalet Yasmin jest to, \u017ce \u0142\u0105czy wysok\u0105 skuteczno\u015b\u0107 antykoncepcyjn\u0105 z korzystnym profilem dzia\u0142a\u0144 niepo\u017c\u0105danych u wi\u0119kszo\u015bci u\u017cytkownik\u00f3w. Jest r\u00f3wnie\u017c zwi\u0105zany z ni\u017cszym ryzykiem zatrzymywania wody i przybierania na wadze w por\u00f3wnaniu do innych tabletek.<\/p>\n","protected":false},"excerpt":{"rendered":"<ul>\n<li>Skuteczna codzienna hormonalna antykoncepcja<\/li>\n<li>Pomaga zmniejszy\u0107 tr\u0105dzik i wzd\u0119cia<\/li>\n<li>Regularnie reguluje cykle menstruacyjne<\/li>\n<\/ul>\n","protected":false},"featured_media":841,"comment_status":"open","ping_status":"closed","template":"","meta":[],"product_brand":[],"product_cat":[94],"product_tag":[],"expert":[17],"class_list":{"0":"post-839","1":"product","2":"type-product","3":"status-publish","4":"has-post-thumbnail","6":"product_cat-pigulka-laczona","7":"expert-dr-c-munoz-parada","9":"first","10":"instock","11":"shipping-taxable","12":"product-type-variable"},"yoast_head":"<!-- This site is optimized with the Yoast SEO plugin v27.0 - https:\/\/yoast.com\/product\/yoast-seo-wordpress\/ -->\n<title>Yasmin | Zaufane rozwi\u0105zanie antykoncepcyjne - Transtoyou<\/title>\n<meta name=\"description\" content=\"Odkryj Yasmin, dost\u0119pn\u0105 w Transtoyou. Skorzystaj z niezawodnej ochrony antykoncepcyjnej. Kup teraz dla wygody i jako\u015bci rozwi\u0105za\u0144 zdrowotnych.\" \/>\n<meta name=\"robots\" content=\"noindex, follow, max-snippet:-1, max-image-preview:large, max-video-preview:-1\" \/>\n<meta property=\"og:locale\" content=\"pl_PL\" \/>\n<meta property=\"og:type\" content=\"article\" \/>\n<meta property=\"og:title\" content=\"Yasmin | Zaufane rozwi\u0105zanie antykoncepcyjne - Transtoyou\" \/>\n<meta property=\"og:description\" content=\"Odkryj Yasmin, dost\u0119pn\u0105 w Transtoyou. Skorzystaj z niezawodnej ochrony antykoncepcyjnej. Kup teraz dla wygody i jako\u015bci rozwi\u0105za\u0144 zdrowotnych.\" \/>\n<meta property=\"og:url\" content=\"https:\/\/www.transtoyou.com\/pl\/product\/yasmin\/\" \/>\n<meta property=\"og:site_name\" content=\"Transtoyou - PL\" \/>\n<meta property=\"article:modified_time\" content=\"2026-03-08T11:05:29+00:00\" \/>\n<meta name=\"twitter:card\" content=\"summary_large_image\" \/>\n<meta name=\"twitter:label1\" content=\"Szacowany czas czytania\" \/>\n\t<meta name=\"twitter:data1\" content=\"2 minuty\" \/>\n<script type=\"application\/ld+json\" class=\"yoast-schema-graph\">{\"@context\":\"https:\/\/schema.org\",\"@graph\":[{\"@type\":\"WebPage\",\"@id\":\"https:\/\/www.transtoyou.com\/pl\/product\/yasmin\/\",\"url\":\"https:\/\/www.transtoyou.com\/pl\/product\/yasmin\/\",\"name\":\"Yasmin | Zaufane rozwi\u0105zanie antykoncepcyjne - Transtoyou\",\"isPartOf\":{\"@id\":\"https:\/\/www.transtoyou.com\/pl\/#website\"},\"primaryImageOfPage\":{\"@id\":\"https:\/\/www.transtoyou.com\/pl\/product\/yasmin\/#primaryimage\"},\"image\":{\"@id\":\"https:\/\/www.transtoyou.com\/pl\/product\/yasmin\/#primaryimage\"},\"thumbnailUrl\":\"https:\/\/www.transtoyou.com\/pl\/wp-content\/uploads\/sites\/11\/2026\/01\/tty-no-product-image-40.webp\",\"datePublished\":\"2026-01-23T18:13:58+00:00\",\"dateModified\":\"2026-03-08T11:05:29+00:00\",\"description\":\"Odkryj Yasmin, dost\u0119pn\u0105 w Transtoyou. Skorzystaj z niezawodnej ochrony antykoncepcyjnej. Kup teraz dla wygody i jako\u015bci rozwi\u0105za\u0144 zdrowotnych.\",\"breadcrumb\":{\"@id\":\"https:\/\/www.transtoyou.com\/pl\/product\/yasmin\/#breadcrumb\"},\"inLanguage\":\"pl-PL\",\"potentialAction\":[{\"@type\":\"ReadAction\",\"target\":[\"https:\/\/www.transtoyou.com\/pl\/product\/yasmin\/\"]}]},{\"@type\":\"ImageObject\",\"inLanguage\":\"pl-PL\",\"@id\":\"https:\/\/www.transtoyou.com\/pl\/product\/yasmin\/#primaryimage\",\"url\":\"https:\/\/www.transtoyou.com\/pl\/wp-content\/uploads\/sites\/11\/2026\/01\/tty-no-product-image-40.webp\",\"contentUrl\":\"https:\/\/www.transtoyou.com\/pl\/wp-content\/uploads\/sites\/11\/2026\/01\/tty-no-product-image-40.webp\",\"width\":1000,\"height\":1000,\"caption\":\"Domy\u015blny obraz produktu\"},{\"@type\":\"WebSite\",\"@id\":\"https:\/\/www.transtoyou.com\/pl\/#website\",\"url\":\"https:\/\/www.transtoyou.com\/pl\/\",\"name\":\"Transtoyou - PL\",\"description\":\"\",\"publisher\":{\"@id\":\"https:\/\/www.transtoyou.com\/pl\/#organization\"},\"potentialAction\":[{\"@type\":\"SearchAction\",\"target\":{\"@type\":\"EntryPoint\",\"urlTemplate\":\"https:\/\/www.transtoyou.com\/pl\/?s={search_term_string}\"},\"query-input\":{\"@type\":\"PropertyValueSpecification\",\"valueRequired\":true,\"valueName\":\"search_term_string\"}}],\"inLanguage\":\"pl-PL\"},{\"@type\":\"Organization\",\"@id\":\"https:\/\/www.transtoyou.com\/pl\/#organization\",\"name\":\"Transtoyou - PL\",\"url\":\"https:\/\/www.transtoyou.com\/pl\/\",\"logo\":{\"@type\":\"ImageObject\",\"inLanguage\":\"pl-PL\",\"@id\":\"https:\/\/www.transtoyou.com\/pl\/#\/schema\/logo\/image\/\",\"url\":\"https:\/\/www.transtoyou.com\/pl\/wp-content\/uploads\/sites\/11\/2026\/01\/logo-tty-menu-bar-300x87-1.webp\",\"contentUrl\":\"https:\/\/www.transtoyou.com\/pl\/wp-content\/uploads\/sites\/11\/2026\/01\/logo-tty-menu-bar-300x87-1.webp\",\"width\":300,\"height\":87,\"caption\":\"Transtoyou - PL\"},\"image\":{\"@id\":\"https:\/\/www.transtoyou.com\/pl\/#\/schema\/logo\/image\/\"}}]}<\/script>\n<!-- \/ Yoast SEO plugin. -->","yoast_head_json":{"title":"Yasmin | Zaufane rozwi\u0105zanie antykoncepcyjne - Transtoyou","description":"Odkryj Yasmin, dost\u0119pn\u0105 w Transtoyou. Skorzystaj z niezawodnej ochrony antykoncepcyjnej. Kup teraz dla wygody i jako\u015bci rozwi\u0105za\u0144 zdrowotnych.","robots":{"index":"noindex","follow":"follow","max-snippet":"max-snippet:-1","max-image-preview":"max-image-preview:large","max-video-preview":"max-video-preview:-1"},"og_locale":"pl_PL","og_type":"article","og_title":"Yasmin | Zaufane rozwi\u0105zanie antykoncepcyjne - Transtoyou","og_description":"Odkryj Yasmin, dost\u0119pn\u0105 w Transtoyou. Skorzystaj z niezawodnej ochrony antykoncepcyjnej. Kup teraz dla wygody i jako\u015bci rozwi\u0105za\u0144 zdrowotnych.","og_url":"https:\/\/www.transtoyou.com\/pl\/product\/yasmin\/","og_site_name":"Transtoyou - PL","article_modified_time":"2026-03-08T11:05:29+00:00","twitter_card":"summary_large_image","twitter_misc":{"Szacowany czas czytania":"2 minuty"},"schema":{"@context":"https:\/\/schema.org","@graph":[{"@type":"WebPage","@id":"https:\/\/www.transtoyou.com\/pl\/product\/yasmin\/","url":"https:\/\/www.transtoyou.com\/pl\/product\/yasmin\/","name":"Yasmin | Zaufane rozwi\u0105zanie antykoncepcyjne - Transtoyou","isPartOf":{"@id":"https:\/\/www.transtoyou.com\/pl\/#website"},"primaryImageOfPage":{"@id":"https:\/\/www.transtoyou.com\/pl\/product\/yasmin\/#primaryimage"},"image":{"@id":"https:\/\/www.transtoyou.com\/pl\/product\/yasmin\/#primaryimage"},"thumbnailUrl":"https:\/\/www.transtoyou.com\/pl\/wp-content\/uploads\/sites\/11\/2026\/01\/tty-no-product-image-40.webp","datePublished":"2026-01-23T18:13:58+00:00","dateModified":"2026-03-08T11:05:29+00:00","description":"Odkryj Yasmin, dost\u0119pn\u0105 w Transtoyou. Skorzystaj z niezawodnej ochrony antykoncepcyjnej. Kup teraz dla wygody i jako\u015bci rozwi\u0105za\u0144 zdrowotnych.","breadcrumb":{"@id":"https:\/\/www.transtoyou.com\/pl\/product\/yasmin\/#breadcrumb"},"inLanguage":"pl-PL","potentialAction":[{"@type":"ReadAction","target":["https:\/\/www.transtoyou.com\/pl\/product\/yasmin\/"]}]},{"@type":"ImageObject","inLanguage":"pl-PL","@id":"https:\/\/www.transtoyou.com\/pl\/product\/yasmin\/#primaryimage","url":"https:\/\/www.transtoyou.com\/pl\/wp-content\/uploads\/sites\/11\/2026\/01\/tty-no-product-image-40.webp","contentUrl":"https:\/\/www.transtoyou.com\/pl\/wp-content\/uploads\/sites\/11\/2026\/01\/tty-no-product-image-40.webp","width":1000,"height":1000,"caption":"Domy\u015blny obraz produktu"},{"@type":"WebSite","@id":"https:\/\/www.transtoyou.com\/pl\/#website","url":"https:\/\/www.transtoyou.com\/pl\/","name":"Transtoyou - PL","description":"","publisher":{"@id":"https:\/\/www.transtoyou.com\/pl\/#organization"},"potentialAction":[{"@type":"SearchAction","target":{"@type":"EntryPoint","urlTemplate":"https:\/\/www.transtoyou.com\/pl\/?s={search_term_string}"},"query-input":{"@type":"PropertyValueSpecification","valueRequired":true,"valueName":"search_term_string"}}],"inLanguage":"pl-PL"},{"@type":"Organization","@id":"https:\/\/www.transtoyou.com\/pl\/#organization","name":"Transtoyou - PL","url":"https:\/\/www.transtoyou.com\/pl\/","logo":{"@type":"ImageObject","inLanguage":"pl-PL","@id":"https:\/\/www.transtoyou.com\/pl\/#\/schema\/logo\/image\/","url":"https:\/\/www.transtoyou.com\/pl\/wp-content\/uploads\/sites\/11\/2026\/01\/logo-tty-menu-bar-300x87-1.webp","contentUrl":"https:\/\/www.transtoyou.com\/pl\/wp-content\/uploads\/sites\/11\/2026\/01\/logo-tty-menu-bar-300x87-1.webp","width":300,"height":87,"caption":"Transtoyou - PL"},"image":{"@id":"https:\/\/www.transtoyou.com\/pl\/#\/schema\/logo\/image\/"}}]}},"_links":{"self":[{"href":"https:\/\/www.transtoyou.com\/pl\/wp-json\/wp\/v2\/product\/839","targetHints":{"allow":["GET"]}}],"collection":[{"href":"https:\/\/www.transtoyou.com\/pl\/wp-json\/wp\/v2\/product"}],"about":[{"href":"https:\/\/www.transtoyou.com\/pl\/wp-json\/wp\/v2\/types\/product"}],"replies":[{"embeddable":true,"href":"https:\/\/www.transtoyou.com\/pl\/wp-json\/wp\/v2\/comments?post=839"}],"wp:featuredmedia":[{"embeddable":true,"href":"https:\/\/www.transtoyou.com\/pl\/wp-json\/wp\/v2\/media\/841"}],"wp:attachment":[{"href":"https:\/\/www.transtoyou.com\/pl\/wp-json\/wp\/v2\/media?parent=839"}],"wp:term":[{"taxonomy":"product_brand","embeddable":true,"href":"https:\/\/www.transtoyou.com\/pl\/wp-json\/wp\/v2\/product_brand?post=839"},{"taxonomy":"product_cat","embeddable":true,"href":"https:\/\/www.transtoyou.com\/pl\/wp-json\/wp\/v2\/product_cat?post=839"},{"taxonomy":"product_tag","embeddable":true,"href":"https:\/\/www.transtoyou.com\/pl\/wp-json\/wp\/v2\/product_tag?post=839"},{"taxonomy":"expert","embeddable":true,"href":"https:\/\/www.transtoyou.com\/pl\/wp-json\/wp\/v2\/expert?post=839"}],"curies":[{"name":"wp","href":"https:\/\/api.w.org\/{rel}","templated":true}]}}