{"id":845,"date":"2026-01-23T20:45:09","date_gmt":"2026-01-23T18:45:09","guid":{"rendered":"https:\/\/www.transtoyou.com\/pl\/product\/famenita\/"},"modified":"2026-01-23T20:46:12","modified_gmt":"2026-01-23T18:46:12","slug":"famenita","status":"publish","type":"product","link":"https:\/\/www.transtoyou.com\/pl\/product\/famenita\/","title":{"rendered":"Famenita"},"content":{"rendered":"<p>Famenita to mi\u0119kka kapsu\u0142ka zawieraj\u0105ca mikronizowany progesteron, naturaln\u0105 form\u0119 hormonu produkowanego przez organizm. Jest stosowana w celu wsparcia r\u00f3wnowagi hormonalnej w r\u00f3\u017cnych sytuacjach, w tym w terapii zast\u0119pczej hormonami (HRT), w zarz\u0105dzaniu dyskomfortem menstruacyjnym, w leczeniu niep\u0142odno\u015bci, w \u0142agodzeniu objaw\u00f3w menopauzy oraz w leczeniu endometriozy.<\/p>\n<p>W HRT Famenita jest stosowana razem z estrogenem, aby chroni\u0107 b\u0142on\u0119 \u015bluzow\u0105 macicy u os\u00f3b, kt\u00f3re nie przesz\u0142y histerektomii. Estrogen sam w sobie mo\u017ce powodowa\u0107 pogrubienie endometrium, co mo\u017ce zwi\u0119ksza\u0107 ryzyko zdrowotne. Famenita pomaga temu przeciwdzia\u0142a\u0107, stabilizuj\u0105c b\u0142on\u0119 \u015bluzow\u0105 macicy.<\/p>\n<p>W leczeniu niep\u0142odno\u015bci Famenita wspiera faz\u0119 lutealn\u0105 cyklu menstruacyjnego i pomaga przygotowa\u0107 macic\u0119 do ci\u0105\u017cy. Mo\u017ce by\u0107 r\u00f3wnie\u017c przepisywana w celu zmniejszenia b\u00f3lu i regulacji cykli u os\u00f3b cierpi\u0105cych na endometrioz\u0119 lub nieregularne miesi\u0105czki. Dla tych, kt\u00f3rzy do\u015bwiadczaj\u0105 menopauzy lub objaw\u00f3w przedmiesi\u0105czkowych, Famenita mo\u017ce \u0142agodzi\u0107 wahania nastroju, wzd\u0119cia i inne dolegliwo\u015bci zwi\u0105zane z hormonami.<\/p>\n<p>Famenita to bioidentyczny, ro\u015blinny progesteron, kt\u00f3ry mo\u017cna przyjmowa\u0107 doustnie lub stosowa\u0107 dopochwowo, w zale\u017cno\u015bci od zamierzonego celu.<\/p>\n","protected":false},"excerpt":{"rendered":"<ul>\n<li>Kapsu\u0142ka z naturalnym progesteronem<\/li>\n<li>Wspiera HRT, p\u0142odno\u015b\u0107 i regulacj\u0119 cyklu<\/li>\n<li>Mo\u017ce by\u0107 stosowana doustnie lub dopochwowo<\/li>\n<\/ul>\n","protected":false},"featured_media":847,"comment_status":"open","ping_status":"closed","template":"","meta":[],"product_brand":[],"product_cat":[145,111,119,137,143],"product_tag":[],"expert":[21],"class_list":{"0":"post-845","1":"product","2":"type-product","3":"status-publish","4":"has-post-thumbnail","6":"product_cat-dyskomfort-menstruacyjny","7":"product_cat-endometrioza","8":"product_cat-plodnosc-i-owulacja","9":"product_cat-terapia-zastepcza-hormonami-hrt","10":"product_cat-ulga-w-menopauzie-i-pms","11":"expert-dr-m-sharoyko","13":"first","14":"instock","15":"shipping-taxable","16":"product-type-variable"},"yoast_head":"<!-- This site is optimized with the Yoast SEO plugin v27.0 - https:\/\/yoast.com\/product\/yoast-seo-wordpress\/ -->\n<title>Famenita | Naturalne wsparcie hormonalne - Transtoyou<\/title>\n<meta name=\"description\" content=\"Famenita, dost\u0119pna tutaj, wspiera r\u00f3wnowag\u0119 hormonaln\u0105 w HRT, \u0142agodzi objawy menstruacyjne i endometrioz\u0119. Kup teraz naturalne rozwi\u0105zanie z progesteronem.\" \/>\n<meta name=\"robots\" content=\"noindex, follow, max-snippet:-1, max-image-preview:large, max-video-preview:-1\" \/>\n<meta property=\"og:locale\" content=\"pl_PL\" \/>\n<meta property=\"og:type\" content=\"article\" \/>\n<meta property=\"og:title\" content=\"Famenita | Naturalne wsparcie hormonalne - Transtoyou\" \/>\n<meta property=\"og:description\" content=\"Famenita, dost\u0119pna tutaj, wspiera r\u00f3wnowag\u0119 hormonaln\u0105 w HRT, \u0142agodzi objawy menstruacyjne i endometrioz\u0119. Kup teraz naturalne rozwi\u0105zanie z progesteronem.\" \/>\n<meta property=\"og:url\" content=\"https:\/\/www.transtoyou.com\/pl\/product\/famenita\/\" \/>\n<meta property=\"og:site_name\" content=\"Transtoyou - PL\" \/>\n<meta property=\"article:modified_time\" content=\"2026-01-23T18:46:12+00:00\" \/>\n<meta name=\"twitter:card\" content=\"summary_large_image\" \/>\n<meta name=\"twitter:label1\" content=\"Szacowany czas czytania\" \/>\n\t<meta name=\"twitter:data1\" content=\"1 minuta\" \/>\n<script type=\"application\/ld+json\" class=\"yoast-schema-graph\">{\"@context\":\"https:\/\/schema.org\",\"@graph\":[{\"@type\":\"WebPage\",\"@id\":\"https:\/\/www.transtoyou.com\/pl\/product\/famenita\/\",\"url\":\"https:\/\/www.transtoyou.com\/pl\/product\/famenita\/\",\"name\":\"Famenita | Naturalne wsparcie hormonalne - Transtoyou\",\"isPartOf\":{\"@id\":\"https:\/\/www.transtoyou.com\/pl\/#website\"},\"primaryImageOfPage\":{\"@id\":\"https:\/\/www.transtoyou.com\/pl\/product\/famenita\/#primaryimage\"},\"image\":{\"@id\":\"https:\/\/www.transtoyou.com\/pl\/product\/famenita\/#primaryimage\"},\"thumbnailUrl\":\"https:\/\/www.transtoyou.com\/pl\/wp-content\/uploads\/sites\/11\/2026\/01\/tty-no-product-image-42.webp\",\"datePublished\":\"2026-01-23T18:45:09+00:00\",\"dateModified\":\"2026-01-23T18:46:12+00:00\",\"description\":\"Famenita, dost\u0119pna tutaj, wspiera r\u00f3wnowag\u0119 hormonaln\u0105 w HRT, \u0142agodzi objawy menstruacyjne i endometrioz\u0119. Kup teraz naturalne rozwi\u0105zanie z progesteronem.\",\"breadcrumb\":{\"@id\":\"https:\/\/www.transtoyou.com\/pl\/product\/famenita\/#breadcrumb\"},\"inLanguage\":\"pl-PL\",\"potentialAction\":[{\"@type\":\"ReadAction\",\"target\":[\"https:\/\/www.transtoyou.com\/pl\/product\/famenita\/\"]}]},{\"@type\":\"ImageObject\",\"inLanguage\":\"pl-PL\",\"@id\":\"https:\/\/www.transtoyou.com\/pl\/product\/famenita\/#primaryimage\",\"url\":\"https:\/\/www.transtoyou.com\/pl\/wp-content\/uploads\/sites\/11\/2026\/01\/tty-no-product-image-42.webp\",\"contentUrl\":\"https:\/\/www.transtoyou.com\/pl\/wp-content\/uploads\/sites\/11\/2026\/01\/tty-no-product-image-42.webp\",\"width\":1000,\"height\":1000,\"caption\":\"Domy\u015blny obraz produktu\"},{\"@type\":\"WebSite\",\"@id\":\"https:\/\/www.transtoyou.com\/pl\/#website\",\"url\":\"https:\/\/www.transtoyou.com\/pl\/\",\"name\":\"Transtoyou - PL\",\"description\":\"\",\"publisher\":{\"@id\":\"https:\/\/www.transtoyou.com\/pl\/#organization\"},\"potentialAction\":[{\"@type\":\"SearchAction\",\"target\":{\"@type\":\"EntryPoint\",\"urlTemplate\":\"https:\/\/www.transtoyou.com\/pl\/?s={search_term_string}\"},\"query-input\":{\"@type\":\"PropertyValueSpecification\",\"valueRequired\":true,\"valueName\":\"search_term_string\"}}],\"inLanguage\":\"pl-PL\"},{\"@type\":\"Organization\",\"@id\":\"https:\/\/www.transtoyou.com\/pl\/#organization\",\"name\":\"Transtoyou - PL\",\"url\":\"https:\/\/www.transtoyou.com\/pl\/\",\"logo\":{\"@type\":\"ImageObject\",\"inLanguage\":\"pl-PL\",\"@id\":\"https:\/\/www.transtoyou.com\/pl\/#\/schema\/logo\/image\/\",\"url\":\"https:\/\/www.transtoyou.com\/pl\/wp-content\/uploads\/sites\/11\/2026\/01\/logo-tty-menu-bar-300x87-1.webp\",\"contentUrl\":\"https:\/\/www.transtoyou.com\/pl\/wp-content\/uploads\/sites\/11\/2026\/01\/logo-tty-menu-bar-300x87-1.webp\",\"width\":300,\"height\":87,\"caption\":\"Transtoyou - PL\"},\"image\":{\"@id\":\"https:\/\/www.transtoyou.com\/pl\/#\/schema\/logo\/image\/\"}}]}<\/script>\n<!-- \/ Yoast SEO plugin. -->","yoast_head_json":{"title":"Famenita | Naturalne wsparcie hormonalne - Transtoyou","description":"Famenita, dost\u0119pna tutaj, wspiera r\u00f3wnowag\u0119 hormonaln\u0105 w HRT, \u0142agodzi objawy menstruacyjne i endometrioz\u0119. Kup teraz naturalne rozwi\u0105zanie z progesteronem.","robots":{"index":"noindex","follow":"follow","max-snippet":"max-snippet:-1","max-image-preview":"max-image-preview:large","max-video-preview":"max-video-preview:-1"},"og_locale":"pl_PL","og_type":"article","og_title":"Famenita | Naturalne wsparcie hormonalne - Transtoyou","og_description":"Famenita, dost\u0119pna tutaj, wspiera r\u00f3wnowag\u0119 hormonaln\u0105 w HRT, \u0142agodzi objawy menstruacyjne i endometrioz\u0119. Kup teraz naturalne rozwi\u0105zanie z progesteronem.","og_url":"https:\/\/www.transtoyou.com\/pl\/product\/famenita\/","og_site_name":"Transtoyou - PL","article_modified_time":"2026-01-23T18:46:12+00:00","twitter_card":"summary_large_image","twitter_misc":{"Szacowany czas czytania":"1 minuta"},"schema":{"@context":"https:\/\/schema.org","@graph":[{"@type":"WebPage","@id":"https:\/\/www.transtoyou.com\/pl\/product\/famenita\/","url":"https:\/\/www.transtoyou.com\/pl\/product\/famenita\/","name":"Famenita | Naturalne wsparcie hormonalne - Transtoyou","isPartOf":{"@id":"https:\/\/www.transtoyou.com\/pl\/#website"},"primaryImageOfPage":{"@id":"https:\/\/www.transtoyou.com\/pl\/product\/famenita\/#primaryimage"},"image":{"@id":"https:\/\/www.transtoyou.com\/pl\/product\/famenita\/#primaryimage"},"thumbnailUrl":"https:\/\/www.transtoyou.com\/pl\/wp-content\/uploads\/sites\/11\/2026\/01\/tty-no-product-image-42.webp","datePublished":"2026-01-23T18:45:09+00:00","dateModified":"2026-01-23T18:46:12+00:00","description":"Famenita, dost\u0119pna tutaj, wspiera r\u00f3wnowag\u0119 hormonaln\u0105 w HRT, \u0142agodzi objawy menstruacyjne i endometrioz\u0119. Kup teraz naturalne rozwi\u0105zanie z progesteronem.","breadcrumb":{"@id":"https:\/\/www.transtoyou.com\/pl\/product\/famenita\/#breadcrumb"},"inLanguage":"pl-PL","potentialAction":[{"@type":"ReadAction","target":["https:\/\/www.transtoyou.com\/pl\/product\/famenita\/"]}]},{"@type":"ImageObject","inLanguage":"pl-PL","@id":"https:\/\/www.transtoyou.com\/pl\/product\/famenita\/#primaryimage","url":"https:\/\/www.transtoyou.com\/pl\/wp-content\/uploads\/sites\/11\/2026\/01\/tty-no-product-image-42.webp","contentUrl":"https:\/\/www.transtoyou.com\/pl\/wp-content\/uploads\/sites\/11\/2026\/01\/tty-no-product-image-42.webp","width":1000,"height":1000,"caption":"Domy\u015blny obraz produktu"},{"@type":"WebSite","@id":"https:\/\/www.transtoyou.com\/pl\/#website","url":"https:\/\/www.transtoyou.com\/pl\/","name":"Transtoyou - PL","description":"","publisher":{"@id":"https:\/\/www.transtoyou.com\/pl\/#organization"},"potentialAction":[{"@type":"SearchAction","target":{"@type":"EntryPoint","urlTemplate":"https:\/\/www.transtoyou.com\/pl\/?s={search_term_string}"},"query-input":{"@type":"PropertyValueSpecification","valueRequired":true,"valueName":"search_term_string"}}],"inLanguage":"pl-PL"},{"@type":"Organization","@id":"https:\/\/www.transtoyou.com\/pl\/#organization","name":"Transtoyou - PL","url":"https:\/\/www.transtoyou.com\/pl\/","logo":{"@type":"ImageObject","inLanguage":"pl-PL","@id":"https:\/\/www.transtoyou.com\/pl\/#\/schema\/logo\/image\/","url":"https:\/\/www.transtoyou.com\/pl\/wp-content\/uploads\/sites\/11\/2026\/01\/logo-tty-menu-bar-300x87-1.webp","contentUrl":"https:\/\/www.transtoyou.com\/pl\/wp-content\/uploads\/sites\/11\/2026\/01\/logo-tty-menu-bar-300x87-1.webp","width":300,"height":87,"caption":"Transtoyou - PL"},"image":{"@id":"https:\/\/www.transtoyou.com\/pl\/#\/schema\/logo\/image\/"}}]}},"_links":{"self":[{"href":"https:\/\/www.transtoyou.com\/pl\/wp-json\/wp\/v2\/product\/845","targetHints":{"allow":["GET"]}}],"collection":[{"href":"https:\/\/www.transtoyou.com\/pl\/wp-json\/wp\/v2\/product"}],"about":[{"href":"https:\/\/www.transtoyou.com\/pl\/wp-json\/wp\/v2\/types\/product"}],"replies":[{"embeddable":true,"href":"https:\/\/www.transtoyou.com\/pl\/wp-json\/wp\/v2\/comments?post=845"}],"wp:featuredmedia":[{"embeddable":true,"href":"https:\/\/www.transtoyou.com\/pl\/wp-json\/wp\/v2\/media\/847"}],"wp:attachment":[{"href":"https:\/\/www.transtoyou.com\/pl\/wp-json\/wp\/v2\/media?parent=845"}],"wp:term":[{"taxonomy":"product_brand","embeddable":true,"href":"https:\/\/www.transtoyou.com\/pl\/wp-json\/wp\/v2\/product_brand?post=845"},{"taxonomy":"product_cat","embeddable":true,"href":"https:\/\/www.transtoyou.com\/pl\/wp-json\/wp\/v2\/product_cat?post=845"},{"taxonomy":"product_tag","embeddable":true,"href":"https:\/\/www.transtoyou.com\/pl\/wp-json\/wp\/v2\/product_tag?post=845"},{"taxonomy":"expert","embeddable":true,"href":"https:\/\/www.transtoyou.com\/pl\/wp-json\/wp\/v2\/expert?post=845"}],"curies":[{"name":"wp","href":"https:\/\/api.w.org\/{rel}","templated":true}]}}