{"id":848,"date":"2026-01-23T20:59:28","date_gmt":"2026-01-23T18:59:28","guid":{"rendered":"https:\/\/www.transtoyou.com\/pl\/product\/xylocaine\/"},"modified":"2026-03-08T12:55:03","modified_gmt":"2026-03-08T10:55:03","slug":"ksylokaina","status":"publish","type":"product","link":"https:\/\/www.transtoyou.com\/pl\/product\/ksylokaina\/","title":{"rendered":"Xylocaine"},"content":{"rendered":"<p>Xylocaine to miejscowy \u015brodek znieczulaj\u0105cy stosowany do znieczulania okre\u015blonych obszar\u00f3w cia\u0142a. Zawiera lidokain\u0119, szybko dzia\u0142aj\u0105cy \u015brodek, kt\u00f3ry blokuje sygna\u0142y nerwowe w miejscu aplikacji. Jest dost\u0119pny w r\u00f3\u017cnych formatach, w tym \u017celu, kremie i sprayu, w zale\u017cno\u015bci od zamierzonego zastosowania. Xylocaine jest stosowany w celu zapobiegania b\u00f3lowi podczas drobnych zabieg\u00f3w lub w celu zmniejszenia wra\u017cliwo\u015bci w okre\u015blonych stanach.<\/p>\n<p>Do u\u017cytku medycznego Xylocaine stosuje si\u0119 na sk\u00f3r\u0119 lub b\u0142ony \u015bluzowe przed zabiegami takimi jak wprowadzenie cewnika, prace dentystyczne lub drobne zabiegi sk\u00f3rne. Pomaga to zminimalizowa\u0107 b\u00f3l i dyskomfort, powoduj\u0105c tymczasowe znieczulenie. Opr\u00f3cz zastosowa\u0144 klinicznych, Xylocaine jest r\u00f3wnie\u017c stosowany w celu pomocy w kontrolowaniu przedwczesnego wytrysku. Po na\u0142o\u017ceniu na penisa przed aktywno\u015bci\u0105 seksualn\u0105 mo\u017ce zmniejszy\u0107 wra\u017cliwo\u015b\u0107 i pom\u00f3c op\u00f3\u017ani\u0107 orgazm.<\/p>\n<p>Xylocaine dzia\u0142a szybko, efekty zazwyczaj zaczynaj\u0105 si\u0119 w ci\u0105gu 5 do 15 minut i utrzymuj\u0105 si\u0119 przez 30 minut do ponad godziny, w zale\u017cno\u015bci od formu\u0142y i obszaru aplikacji. Produkt nale\u017cy stosowa\u0107 w ma\u0142ych ilo\u015bciach i zgodnie z zaleceniami, szczeg\u00f3lnie w wra\u017cliwych obszarach. Nadmierne stosowanie mo\u017ce prowadzi\u0107 do skutk\u00f3w ubocznych lub zmniejszy\u0107 skuteczno\u015b\u0107.<\/p>\n","protected":false},"excerpt":{"rendered":"<ul>\n<li>Szybko dzia\u0142aj\u0105ce znieczulenie<\/li>\n<li>Stosowane w potrzebach medycznych i intymnych<\/li>\n<li>Dost\u0119pne w r\u00f3\u017cnych formatach<\/li>\n<\/ul>\n","protected":false},"featured_media":850,"comment_status":"open","ping_status":"closed","template":"","meta":[],"product_brand":[],"product_cat":[155,140],"product_tag":[],"expert":[18],"class_list":{"0":"post-848","1":"product","2":"type-product","3":"status-publish","4":"has-post-thumbnail","6":"product_cat-rozwiazania-na-przedwczesny-wytrysk","7":"product_cat-srodki-znieczulajace-miejscowo","8":"expert-dr-g-varbanov","10":"first","11":"instock","12":"shipping-taxable","13":"product-type-variable"},"yoast_head":"<!-- This site is optimized with the Yoast SEO plugin v27.0 - https:\/\/yoast.com\/product\/yoast-seo-wordpress\/ -->\n<title>Xylocaine | Szybka ulga w b\u00f3lu, kiedykolwiek - Transtoyou<\/title>\n<meta name=\"description\" content=\"Odkryj ulg\u0119 z Xylocaine, skutecznie \u0142agodz\u0105c dyskomfort. Dost\u0119pne teraz w Transtoyou, Twoim zaufanym \u017ar\u00f3dle wysokiej jako\u015bci produkt\u00f3w zdrowotnych.\" \/>\n<meta name=\"robots\" content=\"noindex, follow, max-snippet:-1, max-image-preview:large, max-video-preview:-1\" \/>\n<meta property=\"og:locale\" content=\"pl_PL\" \/>\n<meta property=\"og:type\" content=\"article\" \/>\n<meta property=\"og:title\" content=\"Xylocaine | Szybka ulga w b\u00f3lu, kiedykolwiek - Transtoyou\" \/>\n<meta property=\"og:description\" content=\"Odkryj ulg\u0119 z Xylocaine, skutecznie \u0142agodz\u0105c dyskomfort. Dost\u0119pne teraz w Transtoyou, Twoim zaufanym \u017ar\u00f3dle wysokiej jako\u015bci produkt\u00f3w zdrowotnych.\" \/>\n<meta property=\"og:url\" content=\"https:\/\/www.transtoyou.com\/pl\/product\/xylocaine\/\" \/>\n<meta property=\"og:site_name\" content=\"Transtoyou - PL\" \/>\n<meta property=\"article:modified_time\" content=\"2026-03-08T10:55:03+00:00\" \/>\n<meta name=\"twitter:card\" content=\"summary_large_image\" \/>\n<meta name=\"twitter:label1\" content=\"Szacowany czas czytania\" \/>\n\t<meta name=\"twitter:data1\" content=\"1 minuta\" \/>\n<script type=\"application\/ld+json\" class=\"yoast-schema-graph\">{\"@context\":\"https:\/\/schema.org\",\"@graph\":[{\"@type\":\"WebPage\",\"@id\":\"https:\/\/www.transtoyou.com\/pl\/product\/xylocaine\/\",\"url\":\"https:\/\/www.transtoyou.com\/pl\/product\/xylocaine\/\",\"name\":\"Xylocaine | Szybka ulga w b\u00f3lu, kiedykolwiek - Transtoyou\",\"isPartOf\":{\"@id\":\"https:\/\/www.transtoyou.com\/pl\/#website\"},\"primaryImageOfPage\":{\"@id\":\"https:\/\/www.transtoyou.com\/pl\/product\/xylocaine\/#primaryimage\"},\"image\":{\"@id\":\"https:\/\/www.transtoyou.com\/pl\/product\/xylocaine\/#primaryimage\"},\"thumbnailUrl\":\"https:\/\/www.transtoyou.com\/pl\/wp-content\/uploads\/sites\/11\/2026\/01\/tty-no-product-image-43.webp\",\"datePublished\":\"2026-01-23T18:59:28+00:00\",\"dateModified\":\"2026-03-08T10:55:03+00:00\",\"description\":\"Odkryj ulg\u0119 z Xylocaine, skutecznie \u0142agodz\u0105c dyskomfort. Dost\u0119pne teraz w Transtoyou, Twoim zaufanym \u017ar\u00f3dle wysokiej jako\u015bci produkt\u00f3w zdrowotnych.\",\"breadcrumb\":{\"@id\":\"https:\/\/www.transtoyou.com\/pl\/product\/xylocaine\/#breadcrumb\"},\"inLanguage\":\"pl-PL\",\"potentialAction\":[{\"@type\":\"ReadAction\",\"target\":[\"https:\/\/www.transtoyou.com\/pl\/product\/xylocaine\/\"]}]},{\"@type\":\"ImageObject\",\"inLanguage\":\"pl-PL\",\"@id\":\"https:\/\/www.transtoyou.com\/pl\/product\/xylocaine\/#primaryimage\",\"url\":\"https:\/\/www.transtoyou.com\/pl\/wp-content\/uploads\/sites\/11\/2026\/01\/tty-no-product-image-43.webp\",\"contentUrl\":\"https:\/\/www.transtoyou.com\/pl\/wp-content\/uploads\/sites\/11\/2026\/01\/tty-no-product-image-43.webp\",\"width\":1000,\"height\":1000,\"caption\":\"Domy\u015blny obraz produktu\"},{\"@type\":\"WebSite\",\"@id\":\"https:\/\/www.transtoyou.com\/pl\/#website\",\"url\":\"https:\/\/www.transtoyou.com\/pl\/\",\"name\":\"Transtoyou - PL\",\"description\":\"\",\"publisher\":{\"@id\":\"https:\/\/www.transtoyou.com\/pl\/#organization\"},\"potentialAction\":[{\"@type\":\"SearchAction\",\"target\":{\"@type\":\"EntryPoint\",\"urlTemplate\":\"https:\/\/www.transtoyou.com\/pl\/?s={search_term_string}\"},\"query-input\":{\"@type\":\"PropertyValueSpecification\",\"valueRequired\":true,\"valueName\":\"search_term_string\"}}],\"inLanguage\":\"pl-PL\"},{\"@type\":\"Organization\",\"@id\":\"https:\/\/www.transtoyou.com\/pl\/#organization\",\"name\":\"Transtoyou - PL\",\"url\":\"https:\/\/www.transtoyou.com\/pl\/\",\"logo\":{\"@type\":\"ImageObject\",\"inLanguage\":\"pl-PL\",\"@id\":\"https:\/\/www.transtoyou.com\/pl\/#\/schema\/logo\/image\/\",\"url\":\"https:\/\/www.transtoyou.com\/pl\/wp-content\/uploads\/sites\/11\/2026\/01\/logo-tty-menu-bar-300x87-1.webp\",\"contentUrl\":\"https:\/\/www.transtoyou.com\/pl\/wp-content\/uploads\/sites\/11\/2026\/01\/logo-tty-menu-bar-300x87-1.webp\",\"width\":300,\"height\":87,\"caption\":\"Transtoyou - PL\"},\"image\":{\"@id\":\"https:\/\/www.transtoyou.com\/pl\/#\/schema\/logo\/image\/\"}}]}<\/script>\n<!-- \/ Yoast SEO plugin. -->","yoast_head_json":{"title":"Xylocaine | Szybka ulga w b\u00f3lu, kiedykolwiek - Transtoyou","description":"Odkryj ulg\u0119 z Xylocaine, skutecznie \u0142agodz\u0105c dyskomfort. Dost\u0119pne teraz w Transtoyou, Twoim zaufanym \u017ar\u00f3dle wysokiej jako\u015bci produkt\u00f3w zdrowotnych.","robots":{"index":"noindex","follow":"follow","max-snippet":"max-snippet:-1","max-image-preview":"max-image-preview:large","max-video-preview":"max-video-preview:-1"},"og_locale":"pl_PL","og_type":"article","og_title":"Xylocaine | Szybka ulga w b\u00f3lu, kiedykolwiek - Transtoyou","og_description":"Odkryj ulg\u0119 z Xylocaine, skutecznie \u0142agodz\u0105c dyskomfort. Dost\u0119pne teraz w Transtoyou, Twoim zaufanym \u017ar\u00f3dle wysokiej jako\u015bci produkt\u00f3w zdrowotnych.","og_url":"https:\/\/www.transtoyou.com\/pl\/product\/xylocaine\/","og_site_name":"Transtoyou - PL","article_modified_time":"2026-03-08T10:55:03+00:00","twitter_card":"summary_large_image","twitter_misc":{"Szacowany czas czytania":"1 minuta"},"schema":{"@context":"https:\/\/schema.org","@graph":[{"@type":"WebPage","@id":"https:\/\/www.transtoyou.com\/pl\/product\/xylocaine\/","url":"https:\/\/www.transtoyou.com\/pl\/product\/xylocaine\/","name":"Xylocaine | Szybka ulga w b\u00f3lu, kiedykolwiek - Transtoyou","isPartOf":{"@id":"https:\/\/www.transtoyou.com\/pl\/#website"},"primaryImageOfPage":{"@id":"https:\/\/www.transtoyou.com\/pl\/product\/xylocaine\/#primaryimage"},"image":{"@id":"https:\/\/www.transtoyou.com\/pl\/product\/xylocaine\/#primaryimage"},"thumbnailUrl":"https:\/\/www.transtoyou.com\/pl\/wp-content\/uploads\/sites\/11\/2026\/01\/tty-no-product-image-43.webp","datePublished":"2026-01-23T18:59:28+00:00","dateModified":"2026-03-08T10:55:03+00:00","description":"Odkryj ulg\u0119 z Xylocaine, skutecznie \u0142agodz\u0105c dyskomfort. Dost\u0119pne teraz w Transtoyou, Twoim zaufanym \u017ar\u00f3dle wysokiej jako\u015bci produkt\u00f3w zdrowotnych.","breadcrumb":{"@id":"https:\/\/www.transtoyou.com\/pl\/product\/xylocaine\/#breadcrumb"},"inLanguage":"pl-PL","potentialAction":[{"@type":"ReadAction","target":["https:\/\/www.transtoyou.com\/pl\/product\/xylocaine\/"]}]},{"@type":"ImageObject","inLanguage":"pl-PL","@id":"https:\/\/www.transtoyou.com\/pl\/product\/xylocaine\/#primaryimage","url":"https:\/\/www.transtoyou.com\/pl\/wp-content\/uploads\/sites\/11\/2026\/01\/tty-no-product-image-43.webp","contentUrl":"https:\/\/www.transtoyou.com\/pl\/wp-content\/uploads\/sites\/11\/2026\/01\/tty-no-product-image-43.webp","width":1000,"height":1000,"caption":"Domy\u015blny obraz produktu"},{"@type":"WebSite","@id":"https:\/\/www.transtoyou.com\/pl\/#website","url":"https:\/\/www.transtoyou.com\/pl\/","name":"Transtoyou - PL","description":"","publisher":{"@id":"https:\/\/www.transtoyou.com\/pl\/#organization"},"potentialAction":[{"@type":"SearchAction","target":{"@type":"EntryPoint","urlTemplate":"https:\/\/www.transtoyou.com\/pl\/?s={search_term_string}"},"query-input":{"@type":"PropertyValueSpecification","valueRequired":true,"valueName":"search_term_string"}}],"inLanguage":"pl-PL"},{"@type":"Organization","@id":"https:\/\/www.transtoyou.com\/pl\/#organization","name":"Transtoyou - PL","url":"https:\/\/www.transtoyou.com\/pl\/","logo":{"@type":"ImageObject","inLanguage":"pl-PL","@id":"https:\/\/www.transtoyou.com\/pl\/#\/schema\/logo\/image\/","url":"https:\/\/www.transtoyou.com\/pl\/wp-content\/uploads\/sites\/11\/2026\/01\/logo-tty-menu-bar-300x87-1.webp","contentUrl":"https:\/\/www.transtoyou.com\/pl\/wp-content\/uploads\/sites\/11\/2026\/01\/logo-tty-menu-bar-300x87-1.webp","width":300,"height":87,"caption":"Transtoyou - PL"},"image":{"@id":"https:\/\/www.transtoyou.com\/pl\/#\/schema\/logo\/image\/"}}]}},"_links":{"self":[{"href":"https:\/\/www.transtoyou.com\/pl\/wp-json\/wp\/v2\/product\/848","targetHints":{"allow":["GET"]}}],"collection":[{"href":"https:\/\/www.transtoyou.com\/pl\/wp-json\/wp\/v2\/product"}],"about":[{"href":"https:\/\/www.transtoyou.com\/pl\/wp-json\/wp\/v2\/types\/product"}],"replies":[{"embeddable":true,"href":"https:\/\/www.transtoyou.com\/pl\/wp-json\/wp\/v2\/comments?post=848"}],"wp:featuredmedia":[{"embeddable":true,"href":"https:\/\/www.transtoyou.com\/pl\/wp-json\/wp\/v2\/media\/850"}],"wp:attachment":[{"href":"https:\/\/www.transtoyou.com\/pl\/wp-json\/wp\/v2\/media?parent=848"}],"wp:term":[{"taxonomy":"product_brand","embeddable":true,"href":"https:\/\/www.transtoyou.com\/pl\/wp-json\/wp\/v2\/product_brand?post=848"},{"taxonomy":"product_cat","embeddable":true,"href":"https:\/\/www.transtoyou.com\/pl\/wp-json\/wp\/v2\/product_cat?post=848"},{"taxonomy":"product_tag","embeddable":true,"href":"https:\/\/www.transtoyou.com\/pl\/wp-json\/wp\/v2\/product_tag?post=848"},{"taxonomy":"expert","embeddable":true,"href":"https:\/\/www.transtoyou.com\/pl\/wp-json\/wp\/v2\/expert?post=848"}],"curies":[{"name":"wp","href":"https:\/\/api.w.org\/{rel}","templated":true}]}}