{"id":854,"date":"2026-01-23T21:28:00","date_gmt":"2026-01-23T19:28:00","guid":{"rendered":"https:\/\/www.transtoyou.com\/pl\/product\/mirena\/"},"modified":"2026-01-23T21:29:10","modified_gmt":"2026-01-23T19:29:10","slug":"mirena","status":"publish","type":"product","link":"https:\/\/www.transtoyou.com\/pl\/product\/mirena\/","title":{"rendered":"Mirena"},"content":{"rendered":"<p>Mirena to wewn\u0105trzmaciczne urz\u0105dzenie wydzielaj\u0105ce hormony, kt\u00f3re oferuje d\u0142ugoterminow\u0105 antykoncepcj\u0119 i jest r\u00f3wnie\u017c stosowane w celu zmniejszenia obfitych krwawie\u0144 menstruacyjnych. Zawiera lewonorgestrel, progestagen, kt\u00f3ry jest stopniowo uwalniany do macicy przez kilka lat. Po umieszczeniu, Mirena zapewnia niezawodn\u0105 ochron\u0119 przed ci\u0105\u017c\u0105 przez okres do pi\u0119ciu lat, jednocze\u015bnie pomagaj\u0105c w t\u0142umieniu lub \u0142agodzeniu krwawie\u0144 menstruacyjnych.<\/p>\n<p>Urz\u0105dzenie jest umieszczane w macicy podczas kr\u00f3tkiej procedury w gabinecie lekarskim. Dzia\u0142a poprzez zag\u0119szczenie \u015bluzu szyjkowego, aby zablokowa\u0107 plemniki, zmieniaj\u0105c wy\u015bci\u00f3\u0142k\u0119 macicy, aby zapobiec implantacji, a u niekt\u00f3rych os\u00f3b mo\u017ce t\u0142umi\u0107 owulacj\u0119. Hormon jest dostarczany bezpo\u015brednio do macicy, wi\u0119c og\u00f3lne nara\u017cenie na hormony pozostaje niskie.<\/p>\n<p>Mirena jest cz\u0119sto wybierana nie tylko ze wzgl\u0119du na korzy\u015bci antykoncepcyjne, ale tak\u017ce zdolno\u015b\u0107 do znacznego zmniejszenia przep\u0142ywu menstruacyjnego. Wiele u\u017cytkowniczek do\u015bwiadcza l\u017cejszych miesi\u0105czek, a w niekt\u00f3rych przypadkach miesi\u0105czki ca\u0142kowicie ustaj\u0105. Jest cz\u0119sto stosowana przez osoby, kt\u00f3re do\u015bwiadczaj\u0105 obfitych lub bolesnych miesi\u0105czek lub kt\u00f3re preferuj\u0105 d\u0142ugoterminowe, niskonak\u0142adowe rozwi\u0105zanie, kt\u00f3re unika codziennych tabletek.<\/p>\n<p>Jako wewn\u0105trzmaczne urz\u0105dzenie antykoncepcyjne oparte na hormonach, kt\u00f3re nie zawiera estrogenu, Mirena jest dobr\u0105 opcj\u0105 dla tych, kt\u00f3rzy nie mog\u0105 lub wol\u0105 nie stosowa\u0107 antykoncepcji zawieraj\u0105cej estrogen. Mo\u017ce by\u0107 usuni\u0119ta w dowolnym momencie, a p\u0142odno\u015b\u0107 zazwyczaj szybko wraca po usuni\u0119ciu.<\/p>\n","protected":false},"excerpt":{"rendered":"<ul>\n<li>Hormonalna wk\u0142adka wewn\u0119trzna na okres do 5 lat<\/li>\n<li>Zmniejsza lub zatrzymuje miesi\u0105czk\u0119<\/li>\n<li>Opcja antykoncepcyjna bez estrogen\u00f3w<\/li>\n<\/ul>\n","protected":false},"featured_media":855,"comment_status":"open","ping_status":"closed","template":"","meta":[],"product_brand":[],"product_cat":[146,139],"product_tag":[],"expert":[19],"class_list":{"0":"post-854","1":"product","2":"type-product","3":"status-publish","4":"has-post-thumbnail","6":"product_cat-tlumienie-menstruacji","7":"product_cat-wkladka-wewnatrzmaciczna-iud","8":"expert-dr-j-vazquez","10":"first","11":"instock","12":"shipping-taxable","13":"product-type-simple"},"yoast_head":"<!-- This site is optimized with the Yoast SEO plugin v27.0 - https:\/\/yoast.com\/product\/yoast-seo-wordpress\/ -->\n<title>Mirena | Skuteczne rozwi\u0105zanie antykoncepcyjne - Transtoyou<\/title>\n<meta name=\"description\" content=\"Mirena: Niezawodne rozwi\u0105zanie antykoncepcyjne dost\u0119pne tutaj. Odkryj korzy\u015bci i zam\u00f3w ju\u017c dzi\u015b w Transtoyou dla wygodnego dost\u0119pu do opieki zdrowotnej.\" \/>\n<meta name=\"robots\" content=\"noindex, follow, max-snippet:-1, max-image-preview:large, max-video-preview:-1\" \/>\n<meta property=\"og:locale\" content=\"pl_PL\" \/>\n<meta property=\"og:type\" content=\"article\" \/>\n<meta property=\"og:title\" content=\"Mirena | Skuteczne rozwi\u0105zanie antykoncepcyjne - Transtoyou\" \/>\n<meta property=\"og:description\" content=\"Mirena: Niezawodne rozwi\u0105zanie antykoncepcyjne dost\u0119pne tutaj. Odkryj korzy\u015bci i zam\u00f3w ju\u017c dzi\u015b w Transtoyou dla wygodnego dost\u0119pu do opieki zdrowotnej.\" \/>\n<meta property=\"og:url\" content=\"https:\/\/www.transtoyou.com\/pl\/product\/mirena\/\" \/>\n<meta property=\"og:site_name\" content=\"Transtoyou - PL\" \/>\n<meta property=\"article:modified_time\" content=\"2026-01-23T19:29:10+00:00\" \/>\n<meta name=\"twitter:card\" content=\"summary_large_image\" \/>\n<meta name=\"twitter:label1\" content=\"Szacowany czas czytania\" \/>\n\t<meta name=\"twitter:data1\" content=\"1 minuta\" \/>\n<script type=\"application\/ld+json\" class=\"yoast-schema-graph\">{\"@context\":\"https:\/\/schema.org\",\"@graph\":[{\"@type\":\"WebPage\",\"@id\":\"https:\/\/www.transtoyou.com\/pl\/product\/mirena\/\",\"url\":\"https:\/\/www.transtoyou.com\/pl\/product\/mirena\/\",\"name\":\"Mirena | Skuteczne rozwi\u0105zanie antykoncepcyjne - Transtoyou\",\"isPartOf\":{\"@id\":\"https:\/\/www.transtoyou.com\/pl\/#website\"},\"primaryImageOfPage\":{\"@id\":\"https:\/\/www.transtoyou.com\/pl\/product\/mirena\/#primaryimage\"},\"image\":{\"@id\":\"https:\/\/www.transtoyou.com\/pl\/product\/mirena\/#primaryimage\"},\"thumbnailUrl\":\"https:\/\/www.transtoyou.com\/pl\/wp-content\/uploads\/sites\/11\/2026\/01\/tty-no-product-image-45.webp\",\"datePublished\":\"2026-01-23T19:28:00+00:00\",\"dateModified\":\"2026-01-23T19:29:10+00:00\",\"description\":\"Mirena: Niezawodne rozwi\u0105zanie antykoncepcyjne dost\u0119pne tutaj. Odkryj korzy\u015bci i zam\u00f3w ju\u017c dzi\u015b w Transtoyou dla wygodnego dost\u0119pu do opieki zdrowotnej.\",\"breadcrumb\":{\"@id\":\"https:\/\/www.transtoyou.com\/pl\/product\/mirena\/#breadcrumb\"},\"inLanguage\":\"pl-PL\",\"potentialAction\":[{\"@type\":\"ReadAction\",\"target\":[\"https:\/\/www.transtoyou.com\/pl\/product\/mirena\/\"]}]},{\"@type\":\"ImageObject\",\"inLanguage\":\"pl-PL\",\"@id\":\"https:\/\/www.transtoyou.com\/pl\/product\/mirena\/#primaryimage\",\"url\":\"https:\/\/www.transtoyou.com\/pl\/wp-content\/uploads\/sites\/11\/2026\/01\/tty-no-product-image-45.webp\",\"contentUrl\":\"https:\/\/www.transtoyou.com\/pl\/wp-content\/uploads\/sites\/11\/2026\/01\/tty-no-product-image-45.webp\",\"width\":1000,\"height\":1000,\"caption\":\"Domy\u015blny obraz produktu\"},{\"@type\":\"WebSite\",\"@id\":\"https:\/\/www.transtoyou.com\/pl\/#website\",\"url\":\"https:\/\/www.transtoyou.com\/pl\/\",\"name\":\"Transtoyou - PL\",\"description\":\"\",\"publisher\":{\"@id\":\"https:\/\/www.transtoyou.com\/pl\/#organization\"},\"potentialAction\":[{\"@type\":\"SearchAction\",\"target\":{\"@type\":\"EntryPoint\",\"urlTemplate\":\"https:\/\/www.transtoyou.com\/pl\/?s={search_term_string}\"},\"query-input\":{\"@type\":\"PropertyValueSpecification\",\"valueRequired\":true,\"valueName\":\"search_term_string\"}}],\"inLanguage\":\"pl-PL\"},{\"@type\":\"Organization\",\"@id\":\"https:\/\/www.transtoyou.com\/pl\/#organization\",\"name\":\"Transtoyou - PL\",\"url\":\"https:\/\/www.transtoyou.com\/pl\/\",\"logo\":{\"@type\":\"ImageObject\",\"inLanguage\":\"pl-PL\",\"@id\":\"https:\/\/www.transtoyou.com\/pl\/#\/schema\/logo\/image\/\",\"url\":\"https:\/\/www.transtoyou.com\/pl\/wp-content\/uploads\/sites\/11\/2026\/01\/logo-tty-menu-bar-300x87-1.webp\",\"contentUrl\":\"https:\/\/www.transtoyou.com\/pl\/wp-content\/uploads\/sites\/11\/2026\/01\/logo-tty-menu-bar-300x87-1.webp\",\"width\":300,\"height\":87,\"caption\":\"Transtoyou - PL\"},\"image\":{\"@id\":\"https:\/\/www.transtoyou.com\/pl\/#\/schema\/logo\/image\/\"}}]}<\/script>\n<!-- \/ Yoast SEO plugin. -->","yoast_head_json":{"title":"Mirena | Skuteczne rozwi\u0105zanie antykoncepcyjne - Transtoyou","description":"Mirena: Niezawodne rozwi\u0105zanie antykoncepcyjne dost\u0119pne tutaj. Odkryj korzy\u015bci i zam\u00f3w ju\u017c dzi\u015b w Transtoyou dla wygodnego dost\u0119pu do opieki zdrowotnej.","robots":{"index":"noindex","follow":"follow","max-snippet":"max-snippet:-1","max-image-preview":"max-image-preview:large","max-video-preview":"max-video-preview:-1"},"og_locale":"pl_PL","og_type":"article","og_title":"Mirena | Skuteczne rozwi\u0105zanie antykoncepcyjne - Transtoyou","og_description":"Mirena: Niezawodne rozwi\u0105zanie antykoncepcyjne dost\u0119pne tutaj. Odkryj korzy\u015bci i zam\u00f3w ju\u017c dzi\u015b w Transtoyou dla wygodnego dost\u0119pu do opieki zdrowotnej.","og_url":"https:\/\/www.transtoyou.com\/pl\/product\/mirena\/","og_site_name":"Transtoyou - PL","article_modified_time":"2026-01-23T19:29:10+00:00","twitter_card":"summary_large_image","twitter_misc":{"Szacowany czas czytania":"1 minuta"},"schema":{"@context":"https:\/\/schema.org","@graph":[{"@type":"WebPage","@id":"https:\/\/www.transtoyou.com\/pl\/product\/mirena\/","url":"https:\/\/www.transtoyou.com\/pl\/product\/mirena\/","name":"Mirena | Skuteczne rozwi\u0105zanie antykoncepcyjne - Transtoyou","isPartOf":{"@id":"https:\/\/www.transtoyou.com\/pl\/#website"},"primaryImageOfPage":{"@id":"https:\/\/www.transtoyou.com\/pl\/product\/mirena\/#primaryimage"},"image":{"@id":"https:\/\/www.transtoyou.com\/pl\/product\/mirena\/#primaryimage"},"thumbnailUrl":"https:\/\/www.transtoyou.com\/pl\/wp-content\/uploads\/sites\/11\/2026\/01\/tty-no-product-image-45.webp","datePublished":"2026-01-23T19:28:00+00:00","dateModified":"2026-01-23T19:29:10+00:00","description":"Mirena: Niezawodne rozwi\u0105zanie antykoncepcyjne dost\u0119pne tutaj. Odkryj korzy\u015bci i zam\u00f3w ju\u017c dzi\u015b w Transtoyou dla wygodnego dost\u0119pu do opieki zdrowotnej.","breadcrumb":{"@id":"https:\/\/www.transtoyou.com\/pl\/product\/mirena\/#breadcrumb"},"inLanguage":"pl-PL","potentialAction":[{"@type":"ReadAction","target":["https:\/\/www.transtoyou.com\/pl\/product\/mirena\/"]}]},{"@type":"ImageObject","inLanguage":"pl-PL","@id":"https:\/\/www.transtoyou.com\/pl\/product\/mirena\/#primaryimage","url":"https:\/\/www.transtoyou.com\/pl\/wp-content\/uploads\/sites\/11\/2026\/01\/tty-no-product-image-45.webp","contentUrl":"https:\/\/www.transtoyou.com\/pl\/wp-content\/uploads\/sites\/11\/2026\/01\/tty-no-product-image-45.webp","width":1000,"height":1000,"caption":"Domy\u015blny obraz produktu"},{"@type":"WebSite","@id":"https:\/\/www.transtoyou.com\/pl\/#website","url":"https:\/\/www.transtoyou.com\/pl\/","name":"Transtoyou - PL","description":"","publisher":{"@id":"https:\/\/www.transtoyou.com\/pl\/#organization"},"potentialAction":[{"@type":"SearchAction","target":{"@type":"EntryPoint","urlTemplate":"https:\/\/www.transtoyou.com\/pl\/?s={search_term_string}"},"query-input":{"@type":"PropertyValueSpecification","valueRequired":true,"valueName":"search_term_string"}}],"inLanguage":"pl-PL"},{"@type":"Organization","@id":"https:\/\/www.transtoyou.com\/pl\/#organization","name":"Transtoyou - PL","url":"https:\/\/www.transtoyou.com\/pl\/","logo":{"@type":"ImageObject","inLanguage":"pl-PL","@id":"https:\/\/www.transtoyou.com\/pl\/#\/schema\/logo\/image\/","url":"https:\/\/www.transtoyou.com\/pl\/wp-content\/uploads\/sites\/11\/2026\/01\/logo-tty-menu-bar-300x87-1.webp","contentUrl":"https:\/\/www.transtoyou.com\/pl\/wp-content\/uploads\/sites\/11\/2026\/01\/logo-tty-menu-bar-300x87-1.webp","width":300,"height":87,"caption":"Transtoyou - PL"},"image":{"@id":"https:\/\/www.transtoyou.com\/pl\/#\/schema\/logo\/image\/"}}]}},"_links":{"self":[{"href":"https:\/\/www.transtoyou.com\/pl\/wp-json\/wp\/v2\/product\/854","targetHints":{"allow":["GET"]}}],"collection":[{"href":"https:\/\/www.transtoyou.com\/pl\/wp-json\/wp\/v2\/product"}],"about":[{"href":"https:\/\/www.transtoyou.com\/pl\/wp-json\/wp\/v2\/types\/product"}],"replies":[{"embeddable":true,"href":"https:\/\/www.transtoyou.com\/pl\/wp-json\/wp\/v2\/comments?post=854"}],"wp:featuredmedia":[{"embeddable":true,"href":"https:\/\/www.transtoyou.com\/pl\/wp-json\/wp\/v2\/media\/855"}],"wp:attachment":[{"href":"https:\/\/www.transtoyou.com\/pl\/wp-json\/wp\/v2\/media?parent=854"}],"wp:term":[{"taxonomy":"product_brand","embeddable":true,"href":"https:\/\/www.transtoyou.com\/pl\/wp-json\/wp\/v2\/product_brand?post=854"},{"taxonomy":"product_cat","embeddable":true,"href":"https:\/\/www.transtoyou.com\/pl\/wp-json\/wp\/v2\/product_cat?post=854"},{"taxonomy":"product_tag","embeddable":true,"href":"https:\/\/www.transtoyou.com\/pl\/wp-json\/wp\/v2\/product_tag?post=854"},{"taxonomy":"expert","embeddable":true,"href":"https:\/\/www.transtoyou.com\/pl\/wp-json\/wp\/v2\/expert?post=854"}],"curies":[{"name":"wp","href":"https:\/\/api.w.org\/{rel}","templated":true}]}}